{"id":1878178,"date":"2026-04-04T08:55:07","date_gmt":"2026-04-04T06:55:07","guid":{"rendered":"https:\/\/dev6.erresse-shop.it\/shop\/sin%20categor\u00eda\/baci-milano-cabeza-de-hombre-petroleo-38cm\/"},"modified":"2025-09-14T08:02:05","modified_gmt":"2025-09-14T06:02:05","slug":"baci-milano-cabeza-de-hombre-petroleo-38cm","status":"publish","type":"product","link":"https:\/\/dev6.erresse-shop.it\/es\/shop\/mobiliario\/articulos-de-decoracion\/baci-milano-cabeza-de-hombre-petroleo-38cm\/","title":{"rendered":"BACI MILANO Cabeza De Hombre Petr\u00f3leo 38cm"},"content":{"rendered":"<p>Teste matte es una colecci\u00f3n ambiciosa y hechizante.<br \/>\nEn apariencia son simples estatuas, pero en realidad son jarrones. Se adornan con flores, c\u00edtricos y joyas, que representan la leyenda y la pasi\u00f3n. Su creaci\u00f3n nace del deseo de hechizar, seducir y autentificar un mueble cotidiano.<br \/>\nLa irreverencia en la dualidad de colores hace de su reinterpretaci\u00f3n un ejemplo extremo de contemporaneidad. Porque la clave correcta para interpretar estas piezas reside en la fuerza de romper toda forma de rivalidad entre la tradici\u00f3n y el futuro, para que el pasado pueda existir sin ser olvidado por la modernidad.<\/p>\n<p>\u00bfA qu\u00e9 esperas? Amuebla tu casa con estos muebles \u00fanicos.<\/p>\n","protected":false},"excerpt":{"rendered":"<p>Teste matte es una colecci\u00f3n ambiciosa y hechizante. En apariencia son simples estatuas, pero en realidad son jarrones. Se adornan con flores, c\u00edtricos y joyas, que representan la leyenda y la pasi\u00f3n. Su creaci\u00f3n nace del deseo de hechizar, seducir y autentificar un mueble cotidiano. La irreverencia en la dualidad de colores hace de su [&hellip;]<\/p>\n","protected":false},"featured_media":6271916,"template":"","meta":{"_acf_changed":false},"product_cat":[11666,11913,11882],"product_tag":[],"class_list":{"0":"post-1878178","1":"product","2":"type-product","3":"status-publish","4":"has-post-thumbnail","6":"product_cat-arredamento-casa","7":"product_cat-articulos-de-decoracion","8":"product_cat-mobiliario","10":"first","11":"instock","12":"sale","13":"taxable","14":"shipping-taxable","15":"purchasable","16":"product-type-simple","swatches":"rey-swatches","show_selected":"","stretch_labels":"rey-swatches--stretch-labels"},"acf":[],"yoast_head":"<!-- This site is optimized with the Yoast SEO plugin v25.4 - https:\/\/yoast.com\/wordpress\/plugins\/seo\/ -->\n<title>BACI MILANO Cabeza De Hombre Petr\u00f3leo 38cm - dev6 Erresse<\/title>\n<meta name=\"description\" content=\"Teste matte es una colecci\u00f3n ambiciosa y hechizante. En apariencia son simples estatuas, pero en realidad son jarrones. Se adornan con flores, c\u00edtricos y\" \/>\n<meta name=\"robots\" content=\"noindex, follow, max-snippet:-1, max-image-preview:large, max-video-preview:-1\" \/>\n<meta property=\"og:locale\" content=\"es_ES\" \/>\n<meta property=\"og:type\" content=\"article\" \/>\n<meta property=\"og:title\" content=\"BACI MILANO Cabeza De Hombre Petr\u00f3leo 38cm - dev6 Erresse\" \/>\n<meta property=\"og:description\" content=\"Teste matte es una colecci\u00f3n ambiciosa y hechizante. En apariencia son simples estatuas, pero en realidad son jarrones. Se adornan con flores, c\u00edtricos y\" \/>\n<meta property=\"og:url\" content=\"https:\/\/dev6.erresse-shop.it\/es\/shop\/mobiliario\/articulos-de-decoracion\/baci-milano-cabeza-de-hombre-petroleo-38cm\/\" \/>\n<meta property=\"og:site_name\" content=\"dev6 Erresse\" \/>\n<meta property=\"og:image\" content=\"https:\/\/interpim.erresse-shop.it\/Import\/Prodotti\/baci-milano-testa-uomo-petrolio-38cm.jpg\" \/><meta property=\"og:image\" content=\"https:\/\/interpim.erresse-shop.it\/Import\/Prodotti\/baci-milano-testa-uomo-petrolio-38cm.jpg\" \/>\n\t<meta property=\"og:image:width\" content=\"1024\" \/>\n\t<meta property=\"og:image:height\" content=\"1024\" \/>\n\t<meta property=\"og:image:type\" content=\"image\/jpeg\" \/>\n<meta name=\"twitter:card\" content=\"summary_large_image\" \/>\n<meta name=\"twitter:image\" content=\"https:\/\/interpim.erresse-shop.it\/Import\/Prodotti\/baci-milano-testa-uomo-petrolio-38cm.jpg\" \/>\n<script type=\"application\/ld+json\" class=\"yoast-schema-graph\">{\"@context\":\"https:\/\/schema.org\",\"@graph\":[{\"@type\":\"WebPage\",\"@id\":\"https:\/\/dev6.erresse-shop.it\/es\/shop\/mobiliario\/articulos-de-decoracion\/baci-milano-cabeza-de-hombre-petroleo-38cm\/\",\"url\":\"https:\/\/dev6.erresse-shop.it\/es\/shop\/mobiliario\/articulos-de-decoracion\/baci-milano-cabeza-de-hombre-petroleo-38cm\/\",\"name\":\"BACI MILANO Cabeza De Hombre Petr\u00f3leo 38cm - dev6 Erresse\",\"isPartOf\":{\"@id\":\"https:\/\/dev6.erresse-shop.it\/#website\"},\"primaryImageOfPage\":{\"@id\":\"https:\/\/dev6.erresse-shop.it\/es\/shop\/mobiliario\/articulos-de-decoracion\/baci-milano-cabeza-de-hombre-petroleo-38cm\/#primaryimage\"},\"image\":{\"@id\":\"https:\/\/dev6.erresse-shop.it\/es\/shop\/mobiliario\/articulos-de-decoracion\/baci-milano-cabeza-de-hombre-petroleo-38cm\/#primaryimage\"},\"thumbnailUrl\":\"https:\/\/i2.wp.com\/interpim.erresse-shop.it\/Import\/Prodotti\/baci-milano-testa-uomo-petrolio-38cm.jpg?ssl=1\",\"datePublished\":\"2026-04-04T06:55:07+00:00\",\"description\":\"Teste matte es una colecci\u00f3n ambiciosa y hechizante. En apariencia son simples estatuas, pero en realidad son jarrones. Se adornan con flores, c\u00edtricos y\",\"breadcrumb\":{\"@id\":\"https:\/\/dev6.erresse-shop.it\/es\/shop\/mobiliario\/articulos-de-decoracion\/baci-milano-cabeza-de-hombre-petroleo-38cm\/#breadcrumb\"},\"inLanguage\":\"es\",\"potentialAction\":[{\"@type\":\"ReadAction\",\"target\":[\"https:\/\/dev6.erresse-shop.it\/es\/shop\/mobiliario\/articulos-de-decoracion\/baci-milano-cabeza-de-hombre-petroleo-38cm\/\"]}]},{\"@type\":\"ImageObject\",\"inLanguage\":\"es\",\"@id\":\"https:\/\/dev6.erresse-shop.it\/es\/shop\/mobiliario\/articulos-de-decoracion\/baci-milano-cabeza-de-hombre-petroleo-38cm\/#primaryimage\",\"url\":\"https:\/\/i2.wp.com\/interpim.erresse-shop.it\/Import\/Prodotti\/baci-milano-testa-uomo-petrolio-38cm.jpg?ssl=1\",\"contentUrl\":\"https:\/\/i2.wp.com\/interpim.erresse-shop.it\/Import\/Prodotti\/baci-milano-testa-uomo-petrolio-38cm.jpg?ssl=1\"},{\"@type\":\"BreadcrumbList\",\"@id\":\"https:\/\/dev6.erresse-shop.it\/es\/shop\/mobiliario\/articulos-de-decoracion\/baci-milano-cabeza-de-hombre-petroleo-38cm\/#breadcrumb\",\"itemListElement\":[{\"@type\":\"ListItem\",\"position\":1,\"name\":\"Home\",\"item\":\"https:\/\/dev6.erresse-shop.it\/\"},{\"@type\":\"ListItem\",\"position\":2,\"name\":\"Tienda\",\"item\":\"https:\/\/dev6.erresse-shop.it\/shop\/\"},{\"@type\":\"ListItem\",\"position\":3,\"name\":\"BACI MILANO Cabeza De Hombre Petr\u00f3leo 38cm\"}]},{\"@type\":\"WebSite\",\"@id\":\"https:\/\/dev6.erresse-shop.it\/#website\",\"url\":\"https:\/\/dev6.erresse-shop.it\/\",\"name\":\"Erresse Shop\",\"description\":\"\",\"publisher\":{\"@id\":\"https:\/\/dev6.erresse-shop.it\/#organization\"},\"potentialAction\":[{\"@type\":\"SearchAction\",\"target\":{\"@type\":\"EntryPoint\",\"urlTemplate\":\"https:\/\/dev6.erresse-shop.it\/?s={search_term_string}\"},\"query-input\":{\"@type\":\"PropertyValueSpecification\",\"valueRequired\":true,\"valueName\":\"search_term_string\"}}],\"inLanguage\":\"es\"},{\"@type\":\"Organization\",\"@id\":\"https:\/\/dev6.erresse-shop.it\/#organization\",\"name\":\"Erresse Shop\",\"url\":\"https:\/\/dev6.erresse-shop.it\/\",\"logo\":{\"@type\":\"ImageObject\",\"inLanguage\":\"es\",\"@id\":\"https:\/\/dev6.erresse-shop.it\/#\/schema\/logo\/image\/\",\"url\":\"https:\/\/dev6.erresse-shop.it\/wp-content\/uploads\/2025\/01\/LOGO-ERRESSE-CLASSICO.svg\",\"contentUrl\":\"https:\/\/dev6.erresse-shop.it\/wp-content\/uploads\/2025\/01\/LOGO-ERRESSE-CLASSICO.svg\",\"caption\":\"Erresse Shop\"},\"image\":{\"@id\":\"https:\/\/dev6.erresse-shop.it\/#\/schema\/logo\/image\/\"}}]}<\/script>\n<!-- \/ Yoast SEO plugin. -->","yoast_head_json":{"title":"BACI MILANO Cabeza De Hombre Petr\u00f3leo 38cm - dev6 Erresse","description":"Teste matte es una colecci\u00f3n ambiciosa y hechizante. En apariencia son simples estatuas, pero en realidad son jarrones. Se adornan con flores, c\u00edtricos y","robots":{"index":"noindex","follow":"follow","max-snippet":"max-snippet:-1","max-image-preview":"max-image-preview:large","max-video-preview":"max-video-preview:-1"},"og_locale":"es_ES","og_type":"article","og_title":"BACI MILANO Cabeza De Hombre Petr\u00f3leo 38cm - dev6 Erresse","og_description":"Teste matte es una colecci\u00f3n ambiciosa y hechizante. En apariencia son simples estatuas, pero en realidad son jarrones. Se adornan con flores, c\u00edtricos y","og_url":"https:\/\/dev6.erresse-shop.it\/es\/shop\/mobiliario\/articulos-de-decoracion\/baci-milano-cabeza-de-hombre-petroleo-38cm\/","og_site_name":"dev6 Erresse","og_image":[{"url":"https:\/\/interpim.erresse-shop.it\/Import\/Prodotti\/baci-milano-testa-uomo-petrolio-38cm.jpg","type":"","width":"","height":""},{"url":"https:\/\/interpim.erresse-shop.it\/Import\/Prodotti\/baci-milano-testa-uomo-petrolio-38cm.jpg","width":1024,"height":1024,"type":"image\/jpeg"}],"twitter_card":"summary_large_image","twitter_image":"https:\/\/interpim.erresse-shop.it\/Import\/Prodotti\/baci-milano-testa-uomo-petrolio-38cm.jpg","schema":{"@context":"https:\/\/schema.org","@graph":[{"@type":"WebPage","@id":"https:\/\/dev6.erresse-shop.it\/es\/shop\/mobiliario\/articulos-de-decoracion\/baci-milano-cabeza-de-hombre-petroleo-38cm\/","url":"https:\/\/dev6.erresse-shop.it\/es\/shop\/mobiliario\/articulos-de-decoracion\/baci-milano-cabeza-de-hombre-petroleo-38cm\/","name":"BACI MILANO Cabeza De Hombre Petr\u00f3leo 38cm - dev6 Erresse","isPartOf":{"@id":"https:\/\/dev6.erresse-shop.it\/#website"},"primaryImageOfPage":{"@id":"https:\/\/dev6.erresse-shop.it\/es\/shop\/mobiliario\/articulos-de-decoracion\/baci-milano-cabeza-de-hombre-petroleo-38cm\/#primaryimage"},"image":{"@id":"https:\/\/dev6.erresse-shop.it\/es\/shop\/mobiliario\/articulos-de-decoracion\/baci-milano-cabeza-de-hombre-petroleo-38cm\/#primaryimage"},"thumbnailUrl":"https:\/\/i2.wp.com\/interpim.erresse-shop.it\/Import\/Prodotti\/baci-milano-testa-uomo-petrolio-38cm.jpg?ssl=1","datePublished":"2026-04-04T06:55:07+00:00","description":"Teste matte es una colecci\u00f3n ambiciosa y hechizante. En apariencia son simples estatuas, pero en realidad son jarrones. Se adornan con flores, c\u00edtricos y","breadcrumb":{"@id":"https:\/\/dev6.erresse-shop.it\/es\/shop\/mobiliario\/articulos-de-decoracion\/baci-milano-cabeza-de-hombre-petroleo-38cm\/#breadcrumb"},"inLanguage":"es","potentialAction":[{"@type":"ReadAction","target":["https:\/\/dev6.erresse-shop.it\/es\/shop\/mobiliario\/articulos-de-decoracion\/baci-milano-cabeza-de-hombre-petroleo-38cm\/"]}]},{"@type":"ImageObject","inLanguage":"es","@id":"https:\/\/dev6.erresse-shop.it\/es\/shop\/mobiliario\/articulos-de-decoracion\/baci-milano-cabeza-de-hombre-petroleo-38cm\/#primaryimage","url":"https:\/\/i2.wp.com\/interpim.erresse-shop.it\/Import\/Prodotti\/baci-milano-testa-uomo-petrolio-38cm.jpg?ssl=1","contentUrl":"https:\/\/i2.wp.com\/interpim.erresse-shop.it\/Import\/Prodotti\/baci-milano-testa-uomo-petrolio-38cm.jpg?ssl=1"},{"@type":"BreadcrumbList","@id":"https:\/\/dev6.erresse-shop.it\/es\/shop\/mobiliario\/articulos-de-decoracion\/baci-milano-cabeza-de-hombre-petroleo-38cm\/#breadcrumb","itemListElement":[{"@type":"ListItem","position":1,"name":"Home","item":"https:\/\/dev6.erresse-shop.it\/"},{"@type":"ListItem","position":2,"name":"Tienda","item":"https:\/\/dev6.erresse-shop.it\/shop\/"},{"@type":"ListItem","position":3,"name":"BACI MILANO Cabeza De Hombre Petr\u00f3leo 38cm"}]},{"@type":"WebSite","@id":"https:\/\/dev6.erresse-shop.it\/#website","url":"https:\/\/dev6.erresse-shop.it\/","name":"Erresse Shop","description":"","publisher":{"@id":"https:\/\/dev6.erresse-shop.it\/#organization"},"potentialAction":[{"@type":"SearchAction","target":{"@type":"EntryPoint","urlTemplate":"https:\/\/dev6.erresse-shop.it\/?s={search_term_string}"},"query-input":{"@type":"PropertyValueSpecification","valueRequired":true,"valueName":"search_term_string"}}],"inLanguage":"es"},{"@type":"Organization","@id":"https:\/\/dev6.erresse-shop.it\/#organization","name":"Erresse Shop","url":"https:\/\/dev6.erresse-shop.it\/","logo":{"@type":"ImageObject","inLanguage":"es","@id":"https:\/\/dev6.erresse-shop.it\/#\/schema\/logo\/image\/","url":"https:\/\/dev6.erresse-shop.it\/wp-content\/uploads\/2025\/01\/LOGO-ERRESSE-CLASSICO.svg","contentUrl":"https:\/\/dev6.erresse-shop.it\/wp-content\/uploads\/2025\/01\/LOGO-ERRESSE-CLASSICO.svg","caption":"Erresse Shop"},"image":{"@id":"https:\/\/dev6.erresse-shop.it\/#\/schema\/logo\/image\/"}}]}},"df_price":119,"df_sale_price":119,"df_regular_price":169,"df_image_link":"https:\/\/i2.wp.com\/interpim.erresse-shop.it\/Import\/Prodotti\/baci-milano-testa-uomo-petrolio-38cm.jpg?resize=300,300&ssl=1","fifu_image_url":"https:\/\/interpim.erresse-shop.it\/Import\/Prodotti\/baci-milano-testa-uomo-petrolio-38cm.jpg","_links":{"self":[{"href":"https:\/\/dev6.erresse-shop.it\/es\/wp-json\/wp\/v2\/product\/1878178","targetHints":{"allow":["GET"]}}],"collection":[{"href":"https:\/\/dev6.erresse-shop.it\/es\/wp-json\/wp\/v2\/product"}],"about":[{"href":"https:\/\/dev6.erresse-shop.it\/es\/wp-json\/wp\/v2\/types\/product"}],"wp:featuredmedia":[{"embeddable":true,"href":"https:\/\/dev6.erresse-shop.it\/es\/wp-json\/wp\/v2\/media\/6271916"}],"wp:attachment":[{"href":"https:\/\/dev6.erresse-shop.it\/es\/wp-json\/wp\/v2\/media?parent=1878178"}],"wp:term":[{"taxonomy":"product_cat","embeddable":true,"href":"https:\/\/dev6.erresse-shop.it\/es\/wp-json\/wp\/v2\/product_cat?post=1878178"},{"taxonomy":"product_tag","embeddable":true,"href":"https:\/\/dev6.erresse-shop.it\/es\/wp-json\/wp\/v2\/product_tag?post=1878178"}],"curies":[{"name":"wp","href":"https:\/\/api.w.org\/{rel}","templated":true}]}}