{"id":1878138,"date":"2026-04-12T08:55:29","date_gmt":"2026-04-12T06:55:29","guid":{"rendered":"https:\/\/dev6.erresse-shop.it\/shop\/sin%20categor\u00eda\/sage-creatista-plus\/"},"modified":"2025-07-04T21:47:56","modified_gmt":"2025-07-04T19:47:56","slug":"sage-creatista-plus","status":"publish","type":"product","link":"https:\/\/dev6.erresse-shop.it\/es\/shop\/pequenos-electrodomesticos\/maquinas-de-cafe\/capsulas\/sage-creatista-plus\/","title":{"rendered":"SAGE Creatista\u2122 Plus"},"content":{"rendered":"<p>Nespresso Creatista Plus le ofrece la posibilidad de crear f\u00e1cilmente su caf\u00e9 favorito en casa, tan bueno como en el bar. Con un dise\u00f1o elegante y acabado en acero inoxidable, la Creatista Plus tiene un tiempo de calentamiento de 3 segundos, 8 niveles de textura y 11 ajustes de temperatura de la leche. Cada m\u00e1quina viene con una jarra de leche de acero inoxidable.<\/p>\n<p>Espuma de microburbujas como en el bar:<\/p>\n<p>Gracias a la varilla de vapor totalmente autom\u00e1tica, puede crear la textura de leche perfecta para usar en el arte del latt\u00e9, desde la comodidad de su propia casa, a la temperatura que desee.<\/p>\n<p>Confort sin concesiones:<\/p>\n<p>Toda la comodidad de una cafetera de c\u00e1psulas Nespresso combinada por primera vez con la avanzada tecnolog\u00eda de espuma de leche de microburbujas de Sage.<\/p>\n<p>Cree su caf\u00e9 favorito f\u00e1cilmente:<\/p>\n<p>Tanto si le apasiona el caf\u00e9 solo como si lo sirve con leche perfectamente texturizada, la intuitiva pantalla digital le guiar\u00e1 a trav\u00e9s de las diferentes preparaciones de caf\u00e9 y le permitir\u00e1 personalizarlas.<\/p>\n<p>Funci\u00f3n de limpieza autom\u00e1tica:<\/p>\n<p>La varilla de vapor autom\u00e1tica realizar\u00e1 un lavado para la limpieza b\u00e1sica.<\/p>\n<p>Preparaciones de caf\u00e9:\u00a0<\/p>\n<p>Ristretto, Espresso, Lungo, Latte, Cappuccino, Latte macchiato<\/p>\n<p>Fuente de alimentaci\u00f3n: 1500 W<\/p>\n<p>Dimensiones (ancho x fondo x alto): 40,8 x 17,1 x 31 cm<\/p>\n<p>Materiales de construcci\u00f3n: Acabado en acero inoxidable<\/p>\n<p>Peso: 5,2 kg<\/p>\n<p>Capacidad: dep\u00f3sito extra\u00edble de 1,5l<\/p>\n<p>Envase de c\u00e1psulas: 12 c\u00e1psulas usadas<\/p>\n<p>Bandeja de goteo: Bandeja extra\u00edble e indicador de bandeja llena<\/p>\n<p>Presi\u00f3n de la bomba: 19 bares de presi\u00f3n<\/p>\n<p>Sistema de calefacci\u00f3n: elemento calefactor ThermoJet\u00ae.<\/p>\n<p>Tiempo de calentamiento: 3 segundos<\/p>\n<p>Tensi\u00f3n: 220-240 voltios<\/p>\n<p>Ajustes:<\/p>\n<p>3 tama\u00f1os programables<br \/>\n8 niveles de textura y 11 ajustes de temperatura de la leche<br \/>\nDureza del agua programable<\/p>\n<p>Accesorios:<\/p>\n<p>Jarra de leche de acero inoxidable y selecci\u00f3n de c\u00e1psulas Nespresso para su degustaci\u00f3n<br \/>\nPortavasos extra\u00edble<br \/>\nMateriales sin BPA<br \/>\nPantalla digital en color<\/p>\n<p>Garant\u00eda: 2 a\u00f1os para reparaci\u00f3n o sustituci\u00f3n (cobertura proporcionada directamente por Nespresso)<\/p>\n<p>No se vende fuera de Europa<\/p>\n","protected":false},"excerpt":{"rendered":"<p>Nespresso Creatista Plus le ofrece la posibilidad de crear f\u00e1cilmente su caf\u00e9 favorito en casa, tan bueno como en el bar. Con un dise\u00f1o elegante y acabado en acero inoxidable, la Creatista Plus tiene un tiempo de calentamiento de 3 segundos, 8 niveles de textura y 11 ajustes de temperatura de la leche. Cada m\u00e1quina [&hellip;]<\/p>\n","protected":false},"featured_media":6355077,"template":"","meta":{"_acf_changed":false},"product_cat":[11973,11955,11947],"product_tag":[],"class_list":{"0":"post-1878138","1":"product","2":"type-product","3":"status-publish","4":"has-post-thumbnail","6":"product_cat-capsulas","7":"product_cat-maquinas-de-cafe","8":"product_cat-pequenos-electrodomesticos","10":"first","11":"outofstock","12":"sale","13":"taxable","14":"shipping-taxable","15":"purchasable","16":"product-type-simple","swatches":"rey-swatches","show_selected":"","stretch_labels":"rey-swatches--stretch-labels"},"acf":[],"yoast_head":"<!-- This site is optimized with the Yoast SEO plugin v25.4 - https:\/\/yoast.com\/wordpress\/plugins\/seo\/ -->\n<title>SAGE Creatista\u2122 Plus - dev6 Erresse<\/title>\n<meta name=\"description\" content=\"Nespresso Creatista Plus le ofrece la posibilidad de crear f\u00e1cilmente su caf\u00e9 favorito en casa, tan bueno como en el bar. Con un dise\u00f1o elegante y acabado\" \/>\n<meta name=\"robots\" content=\"noindex, follow, max-snippet:-1, max-image-preview:large, max-video-preview:-1\" \/>\n<meta property=\"og:locale\" content=\"es_ES\" \/>\n<meta property=\"og:type\" content=\"article\" \/>\n<meta property=\"og:title\" content=\"SAGE Creatista\u2122 Plus - dev6 Erresse\" \/>\n<meta property=\"og:description\" content=\"Nespresso Creatista Plus le ofrece la posibilidad de crear f\u00e1cilmente su caf\u00e9 favorito en casa, tan bueno como en el bar. Con un dise\u00f1o elegante y acabado\" \/>\n<meta property=\"og:url\" content=\"https:\/\/dev6.erresse-shop.it\/es\/shop\/pequenos-electrodomesticos\/maquinas-de-cafe\/capsulas\/sage-creatista-plus\/\" \/>\n<meta property=\"og:site_name\" content=\"dev6 Erresse\" \/>\n<meta property=\"og:image\" content=\"https:\/\/interpim.erresse-shop.it\/Import\/Prodotti\/creatista-plus-1.jpg\" \/><meta property=\"og:image\" content=\"https:\/\/interpim.erresse-shop.it\/Import\/Prodotti\/creatista-plus-1.jpg\" \/>\n\t<meta property=\"og:image:width\" content=\"1024\" \/>\n\t<meta property=\"og:image:height\" content=\"1024\" \/>\n\t<meta property=\"og:image:type\" content=\"image\/jpeg\" \/>\n<meta name=\"twitter:card\" content=\"summary_large_image\" \/>\n<meta name=\"twitter:image\" content=\"https:\/\/interpim.erresse-shop.it\/Import\/Prodotti\/creatista-plus-1.jpg\" \/>\n<script type=\"application\/ld+json\" class=\"yoast-schema-graph\">{\"@context\":\"https:\/\/schema.org\",\"@graph\":[{\"@type\":\"WebPage\",\"@id\":\"https:\/\/dev6.erresse-shop.it\/es\/shop\/pequenos-electrodomesticos\/maquinas-de-cafe\/capsulas\/sage-creatista-plus\/\",\"url\":\"https:\/\/dev6.erresse-shop.it\/es\/shop\/pequenos-electrodomesticos\/maquinas-de-cafe\/capsulas\/sage-creatista-plus\/\",\"name\":\"SAGE Creatista\u2122 Plus - dev6 Erresse\",\"isPartOf\":{\"@id\":\"https:\/\/dev6.erresse-shop.it\/#website\"},\"primaryImageOfPage\":{\"@id\":\"https:\/\/dev6.erresse-shop.it\/es\/shop\/pequenos-electrodomesticos\/maquinas-de-cafe\/capsulas\/sage-creatista-plus\/#primaryimage\"},\"image\":{\"@id\":\"https:\/\/dev6.erresse-shop.it\/es\/shop\/pequenos-electrodomesticos\/maquinas-de-cafe\/capsulas\/sage-creatista-plus\/#primaryimage\"},\"thumbnailUrl\":\"https:\/\/i0.wp.com\/interpim.erresse-shop.it\/Import\/Prodotti\/creatista-plus-1.jpg?ssl=1\",\"datePublished\":\"2026-04-12T06:55:29+00:00\",\"description\":\"Nespresso Creatista Plus le ofrece la posibilidad de crear f\u00e1cilmente su caf\u00e9 favorito en casa, tan bueno como en el bar. Con un dise\u00f1o elegante y acabado\",\"breadcrumb\":{\"@id\":\"https:\/\/dev6.erresse-shop.it\/es\/shop\/pequenos-electrodomesticos\/maquinas-de-cafe\/capsulas\/sage-creatista-plus\/#breadcrumb\"},\"inLanguage\":\"es\",\"potentialAction\":[{\"@type\":\"ReadAction\",\"target\":[\"https:\/\/dev6.erresse-shop.it\/es\/shop\/pequenos-electrodomesticos\/maquinas-de-cafe\/capsulas\/sage-creatista-plus\/\"]}]},{\"@type\":\"ImageObject\",\"inLanguage\":\"es\",\"@id\":\"https:\/\/dev6.erresse-shop.it\/es\/shop\/pequenos-electrodomesticos\/maquinas-de-cafe\/capsulas\/sage-creatista-plus\/#primaryimage\",\"url\":\"https:\/\/i0.wp.com\/interpim.erresse-shop.it\/Import\/Prodotti\/creatista-plus-1.jpg?ssl=1\",\"contentUrl\":\"https:\/\/i0.wp.com\/interpim.erresse-shop.it\/Import\/Prodotti\/creatista-plus-1.jpg?ssl=1\"},{\"@type\":\"BreadcrumbList\",\"@id\":\"https:\/\/dev6.erresse-shop.it\/es\/shop\/pequenos-electrodomesticos\/maquinas-de-cafe\/capsulas\/sage-creatista-plus\/#breadcrumb\",\"itemListElement\":[{\"@type\":\"ListItem\",\"position\":1,\"name\":\"Home\",\"item\":\"https:\/\/dev6.erresse-shop.it\/\"},{\"@type\":\"ListItem\",\"position\":2,\"name\":\"Tienda\",\"item\":\"https:\/\/dev6.erresse-shop.it\/shop\/\"},{\"@type\":\"ListItem\",\"position\":3,\"name\":\"SAGE Creatista\u2122 Plus\"}]},{\"@type\":\"WebSite\",\"@id\":\"https:\/\/dev6.erresse-shop.it\/#website\",\"url\":\"https:\/\/dev6.erresse-shop.it\/\",\"name\":\"Erresse Shop\",\"description\":\"\",\"publisher\":{\"@id\":\"https:\/\/dev6.erresse-shop.it\/#organization\"},\"potentialAction\":[{\"@type\":\"SearchAction\",\"target\":{\"@type\":\"EntryPoint\",\"urlTemplate\":\"https:\/\/dev6.erresse-shop.it\/?s={search_term_string}\"},\"query-input\":{\"@type\":\"PropertyValueSpecification\",\"valueRequired\":true,\"valueName\":\"search_term_string\"}}],\"inLanguage\":\"es\"},{\"@type\":\"Organization\",\"@id\":\"https:\/\/dev6.erresse-shop.it\/#organization\",\"name\":\"Erresse Shop\",\"url\":\"https:\/\/dev6.erresse-shop.it\/\",\"logo\":{\"@type\":\"ImageObject\",\"inLanguage\":\"es\",\"@id\":\"https:\/\/dev6.erresse-shop.it\/#\/schema\/logo\/image\/\",\"url\":\"https:\/\/dev6.erresse-shop.it\/wp-content\/uploads\/2025\/01\/LOGO-ERRESSE-CLASSICO.svg\",\"contentUrl\":\"https:\/\/dev6.erresse-shop.it\/wp-content\/uploads\/2025\/01\/LOGO-ERRESSE-CLASSICO.svg\",\"caption\":\"Erresse Shop\"},\"image\":{\"@id\":\"https:\/\/dev6.erresse-shop.it\/#\/schema\/logo\/image\/\"}}]}<\/script>\n<!-- \/ Yoast SEO plugin. -->","yoast_head_json":{"title":"SAGE Creatista\u2122 Plus - dev6 Erresse","description":"Nespresso Creatista Plus le ofrece la posibilidad de crear f\u00e1cilmente su caf\u00e9 favorito en casa, tan bueno como en el bar. Con un dise\u00f1o elegante y acabado","robots":{"index":"noindex","follow":"follow","max-snippet":"max-snippet:-1","max-image-preview":"max-image-preview:large","max-video-preview":"max-video-preview:-1"},"og_locale":"es_ES","og_type":"article","og_title":"SAGE Creatista\u2122 Plus - dev6 Erresse","og_description":"Nespresso Creatista Plus le ofrece la posibilidad de crear f\u00e1cilmente su caf\u00e9 favorito en casa, tan bueno como en el bar. Con un dise\u00f1o elegante y acabado","og_url":"https:\/\/dev6.erresse-shop.it\/es\/shop\/pequenos-electrodomesticos\/maquinas-de-cafe\/capsulas\/sage-creatista-plus\/","og_site_name":"dev6 Erresse","og_image":[{"url":"https:\/\/interpim.erresse-shop.it\/Import\/Prodotti\/creatista-plus-1.jpg","type":"","width":"","height":""},{"url":"https:\/\/interpim.erresse-shop.it\/Import\/Prodotti\/creatista-plus-1.jpg","width":1024,"height":1024,"type":"image\/jpeg"}],"twitter_card":"summary_large_image","twitter_image":"https:\/\/interpim.erresse-shop.it\/Import\/Prodotti\/creatista-plus-1.jpg","schema":{"@context":"https:\/\/schema.org","@graph":[{"@type":"WebPage","@id":"https:\/\/dev6.erresse-shop.it\/es\/shop\/pequenos-electrodomesticos\/maquinas-de-cafe\/capsulas\/sage-creatista-plus\/","url":"https:\/\/dev6.erresse-shop.it\/es\/shop\/pequenos-electrodomesticos\/maquinas-de-cafe\/capsulas\/sage-creatista-plus\/","name":"SAGE Creatista\u2122 Plus - dev6 Erresse","isPartOf":{"@id":"https:\/\/dev6.erresse-shop.it\/#website"},"primaryImageOfPage":{"@id":"https:\/\/dev6.erresse-shop.it\/es\/shop\/pequenos-electrodomesticos\/maquinas-de-cafe\/capsulas\/sage-creatista-plus\/#primaryimage"},"image":{"@id":"https:\/\/dev6.erresse-shop.it\/es\/shop\/pequenos-electrodomesticos\/maquinas-de-cafe\/capsulas\/sage-creatista-plus\/#primaryimage"},"thumbnailUrl":"https:\/\/i0.wp.com\/interpim.erresse-shop.it\/Import\/Prodotti\/creatista-plus-1.jpg?ssl=1","datePublished":"2026-04-12T06:55:29+00:00","description":"Nespresso Creatista Plus le ofrece la posibilidad de crear f\u00e1cilmente su caf\u00e9 favorito en casa, tan bueno como en el bar. Con un dise\u00f1o elegante y acabado","breadcrumb":{"@id":"https:\/\/dev6.erresse-shop.it\/es\/shop\/pequenos-electrodomesticos\/maquinas-de-cafe\/capsulas\/sage-creatista-plus\/#breadcrumb"},"inLanguage":"es","potentialAction":[{"@type":"ReadAction","target":["https:\/\/dev6.erresse-shop.it\/es\/shop\/pequenos-electrodomesticos\/maquinas-de-cafe\/capsulas\/sage-creatista-plus\/"]}]},{"@type":"ImageObject","inLanguage":"es","@id":"https:\/\/dev6.erresse-shop.it\/es\/shop\/pequenos-electrodomesticos\/maquinas-de-cafe\/capsulas\/sage-creatista-plus\/#primaryimage","url":"https:\/\/i0.wp.com\/interpim.erresse-shop.it\/Import\/Prodotti\/creatista-plus-1.jpg?ssl=1","contentUrl":"https:\/\/i0.wp.com\/interpim.erresse-shop.it\/Import\/Prodotti\/creatista-plus-1.jpg?ssl=1"},{"@type":"BreadcrumbList","@id":"https:\/\/dev6.erresse-shop.it\/es\/shop\/pequenos-electrodomesticos\/maquinas-de-cafe\/capsulas\/sage-creatista-plus\/#breadcrumb","itemListElement":[{"@type":"ListItem","position":1,"name":"Home","item":"https:\/\/dev6.erresse-shop.it\/"},{"@type":"ListItem","position":2,"name":"Tienda","item":"https:\/\/dev6.erresse-shop.it\/shop\/"},{"@type":"ListItem","position":3,"name":"SAGE Creatista\u2122 Plus"}]},{"@type":"WebSite","@id":"https:\/\/dev6.erresse-shop.it\/#website","url":"https:\/\/dev6.erresse-shop.it\/","name":"Erresse Shop","description":"","publisher":{"@id":"https:\/\/dev6.erresse-shop.it\/#organization"},"potentialAction":[{"@type":"SearchAction","target":{"@type":"EntryPoint","urlTemplate":"https:\/\/dev6.erresse-shop.it\/?s={search_term_string}"},"query-input":{"@type":"PropertyValueSpecification","valueRequired":true,"valueName":"search_term_string"}}],"inLanguage":"es"},{"@type":"Organization","@id":"https:\/\/dev6.erresse-shop.it\/#organization","name":"Erresse Shop","url":"https:\/\/dev6.erresse-shop.it\/","logo":{"@type":"ImageObject","inLanguage":"es","@id":"https:\/\/dev6.erresse-shop.it\/#\/schema\/logo\/image\/","url":"https:\/\/dev6.erresse-shop.it\/wp-content\/uploads\/2025\/01\/LOGO-ERRESSE-CLASSICO.svg","contentUrl":"https:\/\/dev6.erresse-shop.it\/wp-content\/uploads\/2025\/01\/LOGO-ERRESSE-CLASSICO.svg","caption":"Erresse Shop"},"image":{"@id":"https:\/\/dev6.erresse-shop.it\/#\/schema\/logo\/image\/"}}]}},"df_price":479.95,"df_sale_price":479.95,"df_regular_price":549.9,"df_image_link":"https:\/\/i0.wp.com\/interpim.erresse-shop.it\/Import\/Prodotti\/creatista-plus-1.jpg?resize=300,300&ssl=1","fifu_image_url":"https:\/\/interpim.erresse-shop.it\/Import\/Prodotti\/creatista-plus-1.jpg","_links":{"self":[{"href":"https:\/\/dev6.erresse-shop.it\/es\/wp-json\/wp\/v2\/product\/1878138","targetHints":{"allow":["GET"]}}],"collection":[{"href":"https:\/\/dev6.erresse-shop.it\/es\/wp-json\/wp\/v2\/product"}],"about":[{"href":"https:\/\/dev6.erresse-shop.it\/es\/wp-json\/wp\/v2\/types\/product"}],"wp:featuredmedia":[{"embeddable":true,"href":"https:\/\/dev6.erresse-shop.it\/es\/wp-json\/wp\/v2\/media\/6355077"}],"wp:attachment":[{"href":"https:\/\/dev6.erresse-shop.it\/es\/wp-json\/wp\/v2\/media?parent=1878138"}],"wp:term":[{"taxonomy":"product_cat","embeddable":true,"href":"https:\/\/dev6.erresse-shop.it\/es\/wp-json\/wp\/v2\/product_cat?post=1878138"},{"taxonomy":"product_tag","embeddable":true,"href":"https:\/\/dev6.erresse-shop.it\/es\/wp-json\/wp\/v2\/product_tag?post=1878138"}],"curies":[{"name":"wp","href":"https:\/\/api.w.org\/{rel}","templated":true}]}}