{"id":1878132,"date":"2026-04-12T08:55:29","date_gmt":"2026-04-12T06:55:29","guid":{"rendered":"https:\/\/dev6.erresse-shop.it\/shop\/sin%20categor\u00eda\/sage-the-smart-grill-pro\/"},"modified":"2025-07-19T04:16:53","modified_gmt":"2025-07-19T02:16:53","slug":"sage-the-smart-grill-pro","status":"publish","type":"product","link":"https:\/\/dev6.erresse-shop.it\/es\/shop\/pequenos-electrodomesticos\/parrillas-y-barbacoas\/sage-the-smart-grill-pro\/","title":{"rendered":"SAGE The Smart Grill Pro"},"content":{"rendered":"<p>Ya no necesitar\u00e1 un jard\u00edn para asar: gracias a un mejor control del calor, a los elementos integrados y a las placas extra\u00edbles, podr\u00e1 preparar sabrosas parrilladas simplemente haciendo espacio en la encimera de su cocina. La sonda de temperatura inteligente le permite saber cu\u00e1ndo la carne est\u00e1 lista y cu\u00e1ndo debe dejarla reposar. Abra las placas para utilizar el grill en modo barbacoa.<\/p>\n<p>Placas con elementos IQ<\/p>\n<p>Con elementos calefactores de 2400 W integrados en las placas, en lugar de debajo de ellas, y un termostato electr\u00f3nico que detecta r\u00e1pidamente incluso los peque\u00f1os cambios de temperatura, este grill cocina y sella los filetes con un calor alto y constante. Esto reduce significativamente el precalentamiento y el tiempo de cocci\u00f3n.<\/p>\n<p>Ajustes inteligentes con indicador de descanso:<\/p>\n<p>Cinco ajustes diferentes, incluyendo carne de vacuno, cordero, cerdo, aves y pescado, est\u00e1n asociados a las temperaturas programadas para el nivel de cocci\u00f3n seleccionado e indican cu\u00e1ndo es el momento de reposar los ingredientes cocinados. La sonda est\u00e1 vinculada a los ajustes de la pantalla LCD, por lo que puede seleccionar el nivel de cocci\u00f3n deseado; el producto le indicar\u00e1 cuando la comida en la placa haya alcanzado la temperatura correcta, independientemente.<\/p>\n<p>Sonda de temperatura:<\/p>\n<p>Una sonda incorporada mide la temperatura exacta de la carne y transmite electr\u00f3nicamente la informaci\u00f3n a la pantalla LCD, avis\u00e1ndole cuando es el momento de dejarla reposar. Los cinco ajustes de carne est\u00e1n asociados a una temperatura programada para cada nivel de cocci\u00f3n, desde \u201cpoco hecho\u201d hasta \u201cbien hecho\u201d.<\/p>\n<p>Utilizando el modo barbacoa:<\/p>\n<p>Abra la parrilla para crear una superficie de trabajo de 660 cm\u00b2, perfecta para asar mariscos y filetes o preparar sabrosas tortitas y huevos a la parrilla. La bandeja de goteo funciona tanto en modo barbacoa como en uso tradicional.<\/p>\n<p>Placas desmontables:<\/p>\n<p>Extraiga las placas extra\u00edbles sin PFOA para lavarlas a mano de forma f\u00e1cil y c\u00f3moda.<\/p>\n<p>Fuente de alimentaci\u00f3n: 2400 W<br \/>\nDimensiones (ancho x fondo x alto): 36,7 x 17 x 39,2 cm<br \/>\nControl de altura ajustable: Los niveles inferiores reducen el peso sobre los alimentos delicados y evitan que el relleno se salga de los s\u00e1ndwiches.<br \/>\nDise\u00f1o de la placa: extra\u00edble con revestimiento antiadherente<br \/>\nPlaca antiadherente: Recubrimiento antiadherente de alta calidad sin PFOA para una limpieza r\u00e1pida y f\u00e1cil<br \/>\nInclinaci\u00f3n de las placas: Permite ajustar el \u00e1ngulo de la base para escurrir la grasa o puede utilizarse para preparar huevos, tortitas y s\u00e1ndwiches tostados a la perfecci\u00f3n<br \/>\nTensi\u00f3n: 220-240 voltios<\/p>\n<p>No. 5 ajustes de carne con nivel de cocci\u00f3n<\/p>\n<p>Garant\u00eda: 2 a\u00f1os de reparaci\u00f3n o sustituci\u00f3n<br \/>\nNo se vende fuera de Europa<\/p>\n","protected":false},"excerpt":{"rendered":"<p>Ya no necesitar\u00e1 un jard\u00edn para asar: gracias a un mejor control del calor, a los elementos integrados y a las placas extra\u00edbles, podr\u00e1 preparar sabrosas parrilladas simplemente haciendo espacio en la encimera de su cocina. La sonda de temperatura inteligente le permite saber cu\u00e1ndo la carne est\u00e1 lista y cu\u00e1ndo debe dejarla reposar. Abra [&hellip;]<\/p>\n","protected":false},"featured_media":6355037,"template":"","meta":{"_acf_changed":false},"product_cat":[11979,11947],"product_tag":[],"class_list":{"0":"post-1878132","1":"product","2":"type-product","3":"status-publish","4":"has-post-thumbnail","6":"product_cat-parrillas-y-barbacoas","7":"product_cat-pequenos-electrodomesticos","9":"first","10":"outofstock","11":"sale","12":"taxable","13":"shipping-taxable","14":"purchasable","15":"product-type-simple","swatches":"rey-swatches","show_selected":"","stretch_labels":"rey-swatches--stretch-labels"},"acf":[],"yoast_head":"<!-- This site is optimized with the Yoast SEO plugin v25.4 - https:\/\/yoast.com\/wordpress\/plugins\/seo\/ -->\n<title>SAGE The Smart Grill Pro - dev6 Erresse<\/title>\n<meta name=\"description\" content=\"Ya no necesitar\u00e1 un jard\u00edn para asar: gracias a un mejor control del calor, a los elementos integrados y a las placas extra\u00edbles, podr\u00e1 preparar sabrosas\" \/>\n<meta name=\"robots\" content=\"noindex, follow, max-snippet:-1, max-image-preview:large, max-video-preview:-1\" \/>\n<meta property=\"og:locale\" content=\"es_ES\" \/>\n<meta property=\"og:type\" content=\"article\" \/>\n<meta property=\"og:title\" content=\"SAGE The Smart Grill Pro - dev6 Erresse\" \/>\n<meta property=\"og:description\" content=\"Ya no necesitar\u00e1 un jard\u00edn para asar: gracias a un mejor control del calor, a los elementos integrados y a las placas extra\u00edbles, podr\u00e1 preparar sabrosas\" \/>\n<meta property=\"og:url\" content=\"https:\/\/dev6.erresse-shop.it\/es\/shop\/pequenos-electrodomesticos\/parrillas-y-barbacoas\/sage-the-smart-grill-pro\/\" \/>\n<meta property=\"og:site_name\" content=\"dev6 Erresse\" \/>\n<meta property=\"og:image\" content=\"https:\/\/interpim.erresse-shop.it\/img-catalogo\/sage\/the-smart-grill-pro-3.jpg\" \/><meta property=\"og:image\" content=\"https:\/\/interpim.erresse-shop.it\/img-catalogo\/sage\/the-smart-grill-pro-3.jpg\" \/>\n\t<meta property=\"og:image:width\" content=\"1024\" \/>\n\t<meta property=\"og:image:height\" content=\"1024\" \/>\n\t<meta property=\"og:image:type\" content=\"image\/jpeg\" \/>\n<meta name=\"twitter:card\" content=\"summary_large_image\" \/>\n<meta name=\"twitter:image\" content=\"https:\/\/interpim.erresse-shop.it\/img-catalogo\/sage\/the-smart-grill-pro-3.jpg\" \/>\n<script type=\"application\/ld+json\" class=\"yoast-schema-graph\">{\"@context\":\"https:\/\/schema.org\",\"@graph\":[{\"@type\":\"WebPage\",\"@id\":\"https:\/\/dev6.erresse-shop.it\/es\/shop\/pequenos-electrodomesticos\/parrillas-y-barbacoas\/sage-the-smart-grill-pro\/\",\"url\":\"https:\/\/dev6.erresse-shop.it\/es\/shop\/pequenos-electrodomesticos\/parrillas-y-barbacoas\/sage-the-smart-grill-pro\/\",\"name\":\"SAGE The Smart Grill Pro - dev6 Erresse\",\"isPartOf\":{\"@id\":\"https:\/\/dev6.erresse-shop.it\/#website\"},\"primaryImageOfPage\":{\"@id\":\"https:\/\/dev6.erresse-shop.it\/es\/shop\/pequenos-electrodomesticos\/parrillas-y-barbacoas\/sage-the-smart-grill-pro\/#primaryimage\"},\"image\":{\"@id\":\"https:\/\/dev6.erresse-shop.it\/es\/shop\/pequenos-electrodomesticos\/parrillas-y-barbacoas\/sage-the-smart-grill-pro\/#primaryimage\"},\"thumbnailUrl\":\"https:\/\/i3.wp.com\/interpim.erresse-shop.it\/img-catalogo\/sage\/the-smart-grill-pro-3.jpg?ssl=1\",\"datePublished\":\"2026-04-12T06:55:29+00:00\",\"description\":\"Ya no necesitar\u00e1 un jard\u00edn para asar: gracias a un mejor control del calor, a los elementos integrados y a las placas extra\u00edbles, podr\u00e1 preparar sabrosas\",\"breadcrumb\":{\"@id\":\"https:\/\/dev6.erresse-shop.it\/es\/shop\/pequenos-electrodomesticos\/parrillas-y-barbacoas\/sage-the-smart-grill-pro\/#breadcrumb\"},\"inLanguage\":\"es\",\"potentialAction\":[{\"@type\":\"ReadAction\",\"target\":[\"https:\/\/dev6.erresse-shop.it\/es\/shop\/pequenos-electrodomesticos\/parrillas-y-barbacoas\/sage-the-smart-grill-pro\/\"]}]},{\"@type\":\"ImageObject\",\"inLanguage\":\"es\",\"@id\":\"https:\/\/dev6.erresse-shop.it\/es\/shop\/pequenos-electrodomesticos\/parrillas-y-barbacoas\/sage-the-smart-grill-pro\/#primaryimage\",\"url\":\"https:\/\/i3.wp.com\/interpim.erresse-shop.it\/img-catalogo\/sage\/the-smart-grill-pro-3.jpg?ssl=1\",\"contentUrl\":\"https:\/\/i3.wp.com\/interpim.erresse-shop.it\/img-catalogo\/sage\/the-smart-grill-pro-3.jpg?ssl=1\"},{\"@type\":\"BreadcrumbList\",\"@id\":\"https:\/\/dev6.erresse-shop.it\/es\/shop\/pequenos-electrodomesticos\/parrillas-y-barbacoas\/sage-the-smart-grill-pro\/#breadcrumb\",\"itemListElement\":[{\"@type\":\"ListItem\",\"position\":1,\"name\":\"Home\",\"item\":\"https:\/\/dev6.erresse-shop.it\/\"},{\"@type\":\"ListItem\",\"position\":2,\"name\":\"Tienda\",\"item\":\"https:\/\/dev6.erresse-shop.it\/shop\/\"},{\"@type\":\"ListItem\",\"position\":3,\"name\":\"SAGE The Smart Grill Pro\"}]},{\"@type\":\"WebSite\",\"@id\":\"https:\/\/dev6.erresse-shop.it\/#website\",\"url\":\"https:\/\/dev6.erresse-shop.it\/\",\"name\":\"Erresse Shop\",\"description\":\"\",\"publisher\":{\"@id\":\"https:\/\/dev6.erresse-shop.it\/#organization\"},\"potentialAction\":[{\"@type\":\"SearchAction\",\"target\":{\"@type\":\"EntryPoint\",\"urlTemplate\":\"https:\/\/dev6.erresse-shop.it\/?s={search_term_string}\"},\"query-input\":{\"@type\":\"PropertyValueSpecification\",\"valueRequired\":true,\"valueName\":\"search_term_string\"}}],\"inLanguage\":\"es\"},{\"@type\":\"Organization\",\"@id\":\"https:\/\/dev6.erresse-shop.it\/#organization\",\"name\":\"Erresse Shop\",\"url\":\"https:\/\/dev6.erresse-shop.it\/\",\"logo\":{\"@type\":\"ImageObject\",\"inLanguage\":\"es\",\"@id\":\"https:\/\/dev6.erresse-shop.it\/#\/schema\/logo\/image\/\",\"url\":\"https:\/\/dev6.erresse-shop.it\/wp-content\/uploads\/2025\/01\/LOGO-ERRESSE-CLASSICO.svg\",\"contentUrl\":\"https:\/\/dev6.erresse-shop.it\/wp-content\/uploads\/2025\/01\/LOGO-ERRESSE-CLASSICO.svg\",\"caption\":\"Erresse Shop\"},\"image\":{\"@id\":\"https:\/\/dev6.erresse-shop.it\/#\/schema\/logo\/image\/\"}}]}<\/script>\n<!-- \/ Yoast SEO plugin. -->","yoast_head_json":{"title":"SAGE The Smart Grill Pro - dev6 Erresse","description":"Ya no necesitar\u00e1 un jard\u00edn para asar: gracias a un mejor control del calor, a los elementos integrados y a las placas extra\u00edbles, podr\u00e1 preparar sabrosas","robots":{"index":"noindex","follow":"follow","max-snippet":"max-snippet:-1","max-image-preview":"max-image-preview:large","max-video-preview":"max-video-preview:-1"},"og_locale":"es_ES","og_type":"article","og_title":"SAGE The Smart Grill Pro - dev6 Erresse","og_description":"Ya no necesitar\u00e1 un jard\u00edn para asar: gracias a un mejor control del calor, a los elementos integrados y a las placas extra\u00edbles, podr\u00e1 preparar sabrosas","og_url":"https:\/\/dev6.erresse-shop.it\/es\/shop\/pequenos-electrodomesticos\/parrillas-y-barbacoas\/sage-the-smart-grill-pro\/","og_site_name":"dev6 Erresse","og_image":[{"url":"https:\/\/interpim.erresse-shop.it\/img-catalogo\/sage\/the-smart-grill-pro-3.jpg","type":"","width":"","height":""},{"url":"https:\/\/interpim.erresse-shop.it\/img-catalogo\/sage\/the-smart-grill-pro-3.jpg","width":1024,"height":1024,"type":"image\/jpeg"}],"twitter_card":"summary_large_image","twitter_image":"https:\/\/interpim.erresse-shop.it\/img-catalogo\/sage\/the-smart-grill-pro-3.jpg","schema":{"@context":"https:\/\/schema.org","@graph":[{"@type":"WebPage","@id":"https:\/\/dev6.erresse-shop.it\/es\/shop\/pequenos-electrodomesticos\/parrillas-y-barbacoas\/sage-the-smart-grill-pro\/","url":"https:\/\/dev6.erresse-shop.it\/es\/shop\/pequenos-electrodomesticos\/parrillas-y-barbacoas\/sage-the-smart-grill-pro\/","name":"SAGE The Smart Grill Pro - dev6 Erresse","isPartOf":{"@id":"https:\/\/dev6.erresse-shop.it\/#website"},"primaryImageOfPage":{"@id":"https:\/\/dev6.erresse-shop.it\/es\/shop\/pequenos-electrodomesticos\/parrillas-y-barbacoas\/sage-the-smart-grill-pro\/#primaryimage"},"image":{"@id":"https:\/\/dev6.erresse-shop.it\/es\/shop\/pequenos-electrodomesticos\/parrillas-y-barbacoas\/sage-the-smart-grill-pro\/#primaryimage"},"thumbnailUrl":"https:\/\/i3.wp.com\/interpim.erresse-shop.it\/img-catalogo\/sage\/the-smart-grill-pro-3.jpg?ssl=1","datePublished":"2026-04-12T06:55:29+00:00","description":"Ya no necesitar\u00e1 un jard\u00edn para asar: gracias a un mejor control del calor, a los elementos integrados y a las placas extra\u00edbles, podr\u00e1 preparar sabrosas","breadcrumb":{"@id":"https:\/\/dev6.erresse-shop.it\/es\/shop\/pequenos-electrodomesticos\/parrillas-y-barbacoas\/sage-the-smart-grill-pro\/#breadcrumb"},"inLanguage":"es","potentialAction":[{"@type":"ReadAction","target":["https:\/\/dev6.erresse-shop.it\/es\/shop\/pequenos-electrodomesticos\/parrillas-y-barbacoas\/sage-the-smart-grill-pro\/"]}]},{"@type":"ImageObject","inLanguage":"es","@id":"https:\/\/dev6.erresse-shop.it\/es\/shop\/pequenos-electrodomesticos\/parrillas-y-barbacoas\/sage-the-smart-grill-pro\/#primaryimage","url":"https:\/\/i3.wp.com\/interpim.erresse-shop.it\/img-catalogo\/sage\/the-smart-grill-pro-3.jpg?ssl=1","contentUrl":"https:\/\/i3.wp.com\/interpim.erresse-shop.it\/img-catalogo\/sage\/the-smart-grill-pro-3.jpg?ssl=1"},{"@type":"BreadcrumbList","@id":"https:\/\/dev6.erresse-shop.it\/es\/shop\/pequenos-electrodomesticos\/parrillas-y-barbacoas\/sage-the-smart-grill-pro\/#breadcrumb","itemListElement":[{"@type":"ListItem","position":1,"name":"Home","item":"https:\/\/dev6.erresse-shop.it\/"},{"@type":"ListItem","position":2,"name":"Tienda","item":"https:\/\/dev6.erresse-shop.it\/shop\/"},{"@type":"ListItem","position":3,"name":"SAGE The Smart Grill Pro"}]},{"@type":"WebSite","@id":"https:\/\/dev6.erresse-shop.it\/#website","url":"https:\/\/dev6.erresse-shop.it\/","name":"Erresse Shop","description":"","publisher":{"@id":"https:\/\/dev6.erresse-shop.it\/#organization"},"potentialAction":[{"@type":"SearchAction","target":{"@type":"EntryPoint","urlTemplate":"https:\/\/dev6.erresse-shop.it\/?s={search_term_string}"},"query-input":{"@type":"PropertyValueSpecification","valueRequired":true,"valueName":"search_term_string"}}],"inLanguage":"es"},{"@type":"Organization","@id":"https:\/\/dev6.erresse-shop.it\/#organization","name":"Erresse Shop","url":"https:\/\/dev6.erresse-shop.it\/","logo":{"@type":"ImageObject","inLanguage":"es","@id":"https:\/\/dev6.erresse-shop.it\/#\/schema\/logo\/image\/","url":"https:\/\/dev6.erresse-shop.it\/wp-content\/uploads\/2025\/01\/LOGO-ERRESSE-CLASSICO.svg","contentUrl":"https:\/\/dev6.erresse-shop.it\/wp-content\/uploads\/2025\/01\/LOGO-ERRESSE-CLASSICO.svg","caption":"Erresse Shop"},"image":{"@id":"https:\/\/dev6.erresse-shop.it\/#\/schema\/logo\/image\/"}}]}},"df_price":349,"df_sale_price":349,"df_regular_price":419.9,"df_image_link":"https:\/\/i3.wp.com\/interpim.erresse-shop.it\/img-catalogo\/sage\/the-smart-grill-pro-3.jpg?resize=300,300&ssl=1","fifu_image_url":"https:\/\/interpim.erresse-shop.it\/img-catalogo\/sage\/the-smart-grill-pro-3.jpg","_links":{"self":[{"href":"https:\/\/dev6.erresse-shop.it\/es\/wp-json\/wp\/v2\/product\/1878132","targetHints":{"allow":["GET"]}}],"collection":[{"href":"https:\/\/dev6.erresse-shop.it\/es\/wp-json\/wp\/v2\/product"}],"about":[{"href":"https:\/\/dev6.erresse-shop.it\/es\/wp-json\/wp\/v2\/types\/product"}],"wp:featuredmedia":[{"embeddable":true,"href":"https:\/\/dev6.erresse-shop.it\/es\/wp-json\/wp\/v2\/media\/6355037"}],"wp:attachment":[{"href":"https:\/\/dev6.erresse-shop.it\/es\/wp-json\/wp\/v2\/media?parent=1878132"}],"wp:term":[{"taxonomy":"product_cat","embeddable":true,"href":"https:\/\/dev6.erresse-shop.it\/es\/wp-json\/wp\/v2\/product_cat?post=1878132"},{"taxonomy":"product_tag","embeddable":true,"href":"https:\/\/dev6.erresse-shop.it\/es\/wp-json\/wp\/v2\/product_tag?post=1878132"}],"curies":[{"name":"wp","href":"https:\/\/api.w.org\/{rel}","templated":true}]}}