{"id":1878130,"date":"2026-04-12T08:55:29","date_gmt":"2026-04-12T06:55:29","guid":{"rendered":"https:\/\/dev6.erresse-shop.it\/shop\/sin%20categor\u00eda\/sage-the-fast-slow-pro\/"},"modified":"2025-07-04T21:47:45","modified_gmt":"2025-07-04T19:47:45","slug":"sage-the-fast-slow-pro","status":"publish","type":"product","link":"https:\/\/dev6.erresse-shop.it\/es\/shop\/pequenos-electrodomesticos\/procesadores-de-alimentos\/sage-the-fast-slow-pro\/","title":{"rendered":"SAGE The Fast Slow Pro"},"content":{"rendered":"<p>Algunos alimentos requieren una cocci\u00f3n lenta, otros son perfectos para la cocci\u00f3n a presi\u00f3n. El Fast Slow Pro ajusta autom\u00e1ticamente el tiempo, la temperatura y la presi\u00f3n entre los diferentes modos de cocci\u00f3n, de r\u00e1pido a lento, para sacar el mejor sabor y textura de los ingredientes. Los ajustes personalizados para sus recetas favoritas le permiten guardar los valores de temperatura, presi\u00f3n y tiempo de cocci\u00f3n.<\/p>\n<p>Cocina multifunci\u00f3n<\/p>\n<p>Ajuste autom\u00e1tico de la salida de vapor:<\/p>\n<p>\u00bfCocci\u00f3n a presi\u00f3n? No te preocupes. Gracias al sistema de liberaci\u00f3n autom\u00e1tica de vapor, sus manos est\u00e1n siempre alejadas de los chorros de vapor. El aparato establece autom\u00e1ticamente el m\u00e9todo de liberaci\u00f3n correcto, eligiendo entre R\u00e1pido, Pulso o Natural para garantizar los mejores resultados.<\/p>\n<p>Tapa con triple sistema de seguridad:<\/p>\n<p>Construcci\u00f3n de acero inoxidable con triple sistema de seguridad. Tapa abatible extra\u00edble y apta para el lavavajillas con junta de silicona de f\u00e1cil inserci\u00f3n: limpieza y montaje sin complicaciones.<\/p>\n<p>F\u00e1cil de limpiar:<\/p>\n<p>La tapa es extra\u00edble y se puede lavar en el lavavajillas para facilitar la limpieza. El recipiente de cocci\u00f3n revestido de cer\u00e1mica tambi\u00e9n puede utilizarse como plato para servir. La cer\u00e1mica es un material natural y, por tanto, no contiene PFOA ni PTFE.<\/p>\n<p>Pantalla LCD:<\/p>\n<p>La pantalla LCD muestra lo que ocurre dentro de la olla con los indicadores de presi\u00f3n y temperatura, el temporizador de cuenta atr\u00e1s y el indicador de liberaci\u00f3n de vapor. Los 8 niveles de presi\u00f3n van de 1,5 a 12 psi.<\/p>\n<p>Fuente de alimentaci\u00f3n: 1100 Watts<\/p>\n<p>Dimensiones (ancho x fondo x alto): 35 x 35 x 32 cm<\/p>\n<p>Capacidad: Volumen m\u00e1ximo \u2013 6L. Volumen \u00fatil \u2013 4L. Volumen m\u00ednimo \u2013 1L.<\/p>\n<p>Sensores duales: Los sensores duales situados en la parte superior e inferior del aparato supervisan los ingredientes para un control m\u00e1s preciso de la temperatura y la presi\u00f3n, mientras que la liberaci\u00f3n de vapor var\u00eda autom\u00e1ticamente en funci\u00f3n de los alimentos para mejorar su sabor y textura.<\/p>\n<p>Funci\u00f3n de mantenimiento del calor: Se activa cuando se termina de cocinar, esta funci\u00f3n mantiene la comida caliente para que est\u00e9 lista para servir cuando usted lo est\u00e9.<\/p>\n<p>Tensi\u00f3n: 220-240 voltios<\/p>\n<p>Triple sistema de seguridad: Tapa con cierre de seguridad, v\u00e1lvula de seguridad y bot\u00f3n de liberaci\u00f3n de presi\u00f3n.<\/p>\n<p>Materiales de construcci\u00f3n: Acero inoxidable cepillado<\/p>\n<p>Garant\u00eda: 2 a\u00f1os para reparaci\u00f3n, sustituci\u00f3n o reembolso (a discreci\u00f3n de Sage Appliances)<\/p>\n<p>Ajustes:<\/p>\n<p>Liberaci\u00f3n autom\u00e1tica de vapor<br \/>\n11 ajustes para la cocci\u00f3n a presi\u00f3n m\u00e1s un ajuste personalizado para sus recetas favoritas. Ajustes para la cocci\u00f3n lenta Alta o Baja de 2 a 12 horas<\/p>\n<p>Accesorios:<\/p>\n<p>Bandeja de vapor de acero inoxidable<br \/>\nTr\u00e9bol de acero inoxidable<\/p>\n<p>No se vende fuera de Europa<\/p>\n","protected":false},"excerpt":{"rendered":"<p>Algunos alimentos requieren una cocci\u00f3n lenta, otros son perfectos para la cocci\u00f3n a presi\u00f3n. El Fast Slow Pro ajusta autom\u00e1ticamente el tiempo, la temperatura y la presi\u00f3n entre los diferentes modos de cocci\u00f3n, de r\u00e1pido a lento, para sacar el mejor sabor y textura de los ingredientes. Los ajustes personalizados para sus recetas favoritas le [&hellip;]<\/p>\n","protected":false},"featured_media":6355032,"template":"","meta":{"_acf_changed":false},"product_cat":[11947,11958],"product_tag":[],"class_list":{"0":"post-1878130","1":"product","2":"type-product","3":"status-publish","4":"has-post-thumbnail","6":"product_cat-pequenos-electrodomesticos","7":"product_cat-procesadores-de-alimentos","9":"first","10":"outofstock","11":"sale","12":"taxable","13":"shipping-taxable","14":"purchasable","15":"product-type-simple","swatches":"rey-swatches","show_selected":"","stretch_labels":"rey-swatches--stretch-labels"},"acf":[],"yoast_head":"<!-- This site is optimized with the Yoast SEO plugin v25.4 - https:\/\/yoast.com\/wordpress\/plugins\/seo\/ -->\n<title>SAGE The Fast Slow Pro - dev6 Erresse<\/title>\n<meta name=\"description\" content=\"Algunos alimentos requieren una cocci\u00f3n lenta, otros son perfectos para la cocci\u00f3n a presi\u00f3n. El Fast Slow Pro ajusta autom\u00e1ticamente el tiempo, la\" \/>\n<meta name=\"robots\" content=\"noindex, follow, max-snippet:-1, max-image-preview:large, max-video-preview:-1\" \/>\n<meta property=\"og:locale\" content=\"es_ES\" \/>\n<meta property=\"og:type\" content=\"article\" \/>\n<meta property=\"og:title\" content=\"SAGE The Fast Slow Pro - dev6 Erresse\" \/>\n<meta property=\"og:description\" content=\"Algunos alimentos requieren una cocci\u00f3n lenta, otros son perfectos para la cocci\u00f3n a presi\u00f3n. El Fast Slow Pro ajusta autom\u00e1ticamente el tiempo, la\" \/>\n<meta property=\"og:url\" content=\"https:\/\/dev6.erresse-shop.it\/es\/shop\/pequenos-electrodomesticos\/procesadores-de-alimentos\/sage-the-fast-slow-pro\/\" \/>\n<meta property=\"og:site_name\" content=\"dev6 Erresse\" \/>\n<meta property=\"og:image\" content=\"https:\/\/interpim.erresse-shop.it\/img-catalogo\/jarrycan\/the-fast-slow-pro.jpg\" \/><meta property=\"og:image\" content=\"https:\/\/interpim.erresse-shop.it\/img-catalogo\/jarrycan\/the-fast-slow-pro.jpg\" \/>\n\t<meta property=\"og:image:width\" content=\"1024\" \/>\n\t<meta property=\"og:image:height\" content=\"1024\" \/>\n\t<meta property=\"og:image:type\" content=\"image\/jpeg\" \/>\n<meta name=\"twitter:card\" content=\"summary_large_image\" \/>\n<meta name=\"twitter:image\" content=\"https:\/\/interpim.erresse-shop.it\/img-catalogo\/jarrycan\/the-fast-slow-pro.jpg\" \/>\n<script type=\"application\/ld+json\" class=\"yoast-schema-graph\">{\"@context\":\"https:\/\/schema.org\",\"@graph\":[{\"@type\":\"WebPage\",\"@id\":\"https:\/\/dev6.erresse-shop.it\/es\/shop\/pequenos-electrodomesticos\/procesadores-de-alimentos\/sage-the-fast-slow-pro\/\",\"url\":\"https:\/\/dev6.erresse-shop.it\/es\/shop\/pequenos-electrodomesticos\/procesadores-de-alimentos\/sage-the-fast-slow-pro\/\",\"name\":\"SAGE The Fast Slow Pro - dev6 Erresse\",\"isPartOf\":{\"@id\":\"https:\/\/dev6.erresse-shop.it\/#website\"},\"primaryImageOfPage\":{\"@id\":\"https:\/\/dev6.erresse-shop.it\/es\/shop\/pequenos-electrodomesticos\/procesadores-de-alimentos\/sage-the-fast-slow-pro\/#primaryimage\"},\"image\":{\"@id\":\"https:\/\/dev6.erresse-shop.it\/es\/shop\/pequenos-electrodomesticos\/procesadores-de-alimentos\/sage-the-fast-slow-pro\/#primaryimage\"},\"thumbnailUrl\":\"https:\/\/i2.wp.com\/interpim.erresse-shop.it\/img-catalogo\/jarrycan\/the-fast-slow-pro.jpg?ssl=1\",\"datePublished\":\"2026-04-12T06:55:29+00:00\",\"description\":\"Algunos alimentos requieren una cocci\u00f3n lenta, otros son perfectos para la cocci\u00f3n a presi\u00f3n. El Fast Slow Pro ajusta autom\u00e1ticamente el tiempo, la\",\"breadcrumb\":{\"@id\":\"https:\/\/dev6.erresse-shop.it\/es\/shop\/pequenos-electrodomesticos\/procesadores-de-alimentos\/sage-the-fast-slow-pro\/#breadcrumb\"},\"inLanguage\":\"es\",\"potentialAction\":[{\"@type\":\"ReadAction\",\"target\":[\"https:\/\/dev6.erresse-shop.it\/es\/shop\/pequenos-electrodomesticos\/procesadores-de-alimentos\/sage-the-fast-slow-pro\/\"]}]},{\"@type\":\"ImageObject\",\"inLanguage\":\"es\",\"@id\":\"https:\/\/dev6.erresse-shop.it\/es\/shop\/pequenos-electrodomesticos\/procesadores-de-alimentos\/sage-the-fast-slow-pro\/#primaryimage\",\"url\":\"https:\/\/i2.wp.com\/interpim.erresse-shop.it\/img-catalogo\/jarrycan\/the-fast-slow-pro.jpg?ssl=1\",\"contentUrl\":\"https:\/\/i2.wp.com\/interpim.erresse-shop.it\/img-catalogo\/jarrycan\/the-fast-slow-pro.jpg?ssl=1\"},{\"@type\":\"BreadcrumbList\",\"@id\":\"https:\/\/dev6.erresse-shop.it\/es\/shop\/pequenos-electrodomesticos\/procesadores-de-alimentos\/sage-the-fast-slow-pro\/#breadcrumb\",\"itemListElement\":[{\"@type\":\"ListItem\",\"position\":1,\"name\":\"Home\",\"item\":\"https:\/\/dev6.erresse-shop.it\/\"},{\"@type\":\"ListItem\",\"position\":2,\"name\":\"Tienda\",\"item\":\"https:\/\/dev6.erresse-shop.it\/shop\/\"},{\"@type\":\"ListItem\",\"position\":3,\"name\":\"SAGE The Fast Slow Pro\"}]},{\"@type\":\"WebSite\",\"@id\":\"https:\/\/dev6.erresse-shop.it\/#website\",\"url\":\"https:\/\/dev6.erresse-shop.it\/\",\"name\":\"Erresse Shop\",\"description\":\"\",\"publisher\":{\"@id\":\"https:\/\/dev6.erresse-shop.it\/#organization\"},\"potentialAction\":[{\"@type\":\"SearchAction\",\"target\":{\"@type\":\"EntryPoint\",\"urlTemplate\":\"https:\/\/dev6.erresse-shop.it\/?s={search_term_string}\"},\"query-input\":{\"@type\":\"PropertyValueSpecification\",\"valueRequired\":true,\"valueName\":\"search_term_string\"}}],\"inLanguage\":\"es\"},{\"@type\":\"Organization\",\"@id\":\"https:\/\/dev6.erresse-shop.it\/#organization\",\"name\":\"Erresse Shop\",\"url\":\"https:\/\/dev6.erresse-shop.it\/\",\"logo\":{\"@type\":\"ImageObject\",\"inLanguage\":\"es\",\"@id\":\"https:\/\/dev6.erresse-shop.it\/#\/schema\/logo\/image\/\",\"url\":\"https:\/\/dev6.erresse-shop.it\/wp-content\/uploads\/2025\/01\/LOGO-ERRESSE-CLASSICO.svg\",\"contentUrl\":\"https:\/\/dev6.erresse-shop.it\/wp-content\/uploads\/2025\/01\/LOGO-ERRESSE-CLASSICO.svg\",\"caption\":\"Erresse Shop\"},\"image\":{\"@id\":\"https:\/\/dev6.erresse-shop.it\/#\/schema\/logo\/image\/\"}}]}<\/script>\n<!-- \/ Yoast SEO plugin. -->","yoast_head_json":{"title":"SAGE The Fast Slow Pro - dev6 Erresse","description":"Algunos alimentos requieren una cocci\u00f3n lenta, otros son perfectos para la cocci\u00f3n a presi\u00f3n. El Fast Slow Pro ajusta autom\u00e1ticamente el tiempo, la","robots":{"index":"noindex","follow":"follow","max-snippet":"max-snippet:-1","max-image-preview":"max-image-preview:large","max-video-preview":"max-video-preview:-1"},"og_locale":"es_ES","og_type":"article","og_title":"SAGE The Fast Slow Pro - dev6 Erresse","og_description":"Algunos alimentos requieren una cocci\u00f3n lenta, otros son perfectos para la cocci\u00f3n a presi\u00f3n. El Fast Slow Pro ajusta autom\u00e1ticamente el tiempo, la","og_url":"https:\/\/dev6.erresse-shop.it\/es\/shop\/pequenos-electrodomesticos\/procesadores-de-alimentos\/sage-the-fast-slow-pro\/","og_site_name":"dev6 Erresse","og_image":[{"url":"https:\/\/interpim.erresse-shop.it\/img-catalogo\/jarrycan\/the-fast-slow-pro.jpg","type":"","width":"","height":""},{"url":"https:\/\/interpim.erresse-shop.it\/img-catalogo\/jarrycan\/the-fast-slow-pro.jpg","width":1024,"height":1024,"type":"image\/jpeg"}],"twitter_card":"summary_large_image","twitter_image":"https:\/\/interpim.erresse-shop.it\/img-catalogo\/jarrycan\/the-fast-slow-pro.jpg","schema":{"@context":"https:\/\/schema.org","@graph":[{"@type":"WebPage","@id":"https:\/\/dev6.erresse-shop.it\/es\/shop\/pequenos-electrodomesticos\/procesadores-de-alimentos\/sage-the-fast-slow-pro\/","url":"https:\/\/dev6.erresse-shop.it\/es\/shop\/pequenos-electrodomesticos\/procesadores-de-alimentos\/sage-the-fast-slow-pro\/","name":"SAGE The Fast Slow Pro - dev6 Erresse","isPartOf":{"@id":"https:\/\/dev6.erresse-shop.it\/#website"},"primaryImageOfPage":{"@id":"https:\/\/dev6.erresse-shop.it\/es\/shop\/pequenos-electrodomesticos\/procesadores-de-alimentos\/sage-the-fast-slow-pro\/#primaryimage"},"image":{"@id":"https:\/\/dev6.erresse-shop.it\/es\/shop\/pequenos-electrodomesticos\/procesadores-de-alimentos\/sage-the-fast-slow-pro\/#primaryimage"},"thumbnailUrl":"https:\/\/i2.wp.com\/interpim.erresse-shop.it\/img-catalogo\/jarrycan\/the-fast-slow-pro.jpg?ssl=1","datePublished":"2026-04-12T06:55:29+00:00","description":"Algunos alimentos requieren una cocci\u00f3n lenta, otros son perfectos para la cocci\u00f3n a presi\u00f3n. El Fast Slow Pro ajusta autom\u00e1ticamente el tiempo, la","breadcrumb":{"@id":"https:\/\/dev6.erresse-shop.it\/es\/shop\/pequenos-electrodomesticos\/procesadores-de-alimentos\/sage-the-fast-slow-pro\/#breadcrumb"},"inLanguage":"es","potentialAction":[{"@type":"ReadAction","target":["https:\/\/dev6.erresse-shop.it\/es\/shop\/pequenos-electrodomesticos\/procesadores-de-alimentos\/sage-the-fast-slow-pro\/"]}]},{"@type":"ImageObject","inLanguage":"es","@id":"https:\/\/dev6.erresse-shop.it\/es\/shop\/pequenos-electrodomesticos\/procesadores-de-alimentos\/sage-the-fast-slow-pro\/#primaryimage","url":"https:\/\/i2.wp.com\/interpim.erresse-shop.it\/img-catalogo\/jarrycan\/the-fast-slow-pro.jpg?ssl=1","contentUrl":"https:\/\/i2.wp.com\/interpim.erresse-shop.it\/img-catalogo\/jarrycan\/the-fast-slow-pro.jpg?ssl=1"},{"@type":"BreadcrumbList","@id":"https:\/\/dev6.erresse-shop.it\/es\/shop\/pequenos-electrodomesticos\/procesadores-de-alimentos\/sage-the-fast-slow-pro\/#breadcrumb","itemListElement":[{"@type":"ListItem","position":1,"name":"Home","item":"https:\/\/dev6.erresse-shop.it\/"},{"@type":"ListItem","position":2,"name":"Tienda","item":"https:\/\/dev6.erresse-shop.it\/shop\/"},{"@type":"ListItem","position":3,"name":"SAGE The Fast Slow Pro"}]},{"@type":"WebSite","@id":"https:\/\/dev6.erresse-shop.it\/#website","url":"https:\/\/dev6.erresse-shop.it\/","name":"Erresse Shop","description":"","publisher":{"@id":"https:\/\/dev6.erresse-shop.it\/#organization"},"potentialAction":[{"@type":"SearchAction","target":{"@type":"EntryPoint","urlTemplate":"https:\/\/dev6.erresse-shop.it\/?s={search_term_string}"},"query-input":{"@type":"PropertyValueSpecification","valueRequired":true,"valueName":"search_term_string"}}],"inLanguage":"es"},{"@type":"Organization","@id":"https:\/\/dev6.erresse-shop.it\/#organization","name":"Erresse Shop","url":"https:\/\/dev6.erresse-shop.it\/","logo":{"@type":"ImageObject","inLanguage":"es","@id":"https:\/\/dev6.erresse-shop.it\/#\/schema\/logo\/image\/","url":"https:\/\/dev6.erresse-shop.it\/wp-content\/uploads\/2025\/01\/LOGO-ERRESSE-CLASSICO.svg","contentUrl":"https:\/\/dev6.erresse-shop.it\/wp-content\/uploads\/2025\/01\/LOGO-ERRESSE-CLASSICO.svg","caption":"Erresse Shop"},"image":{"@id":"https:\/\/dev6.erresse-shop.it\/#\/schema\/logo\/image\/"}}]}},"df_price":229.95,"df_sale_price":229.95,"df_regular_price":259.9,"df_image_link":"https:\/\/i2.wp.com\/interpim.erresse-shop.it\/img-catalogo\/jarrycan\/the-fast-slow-pro.jpg?resize=300,300&ssl=1","fifu_image_url":"https:\/\/interpim.erresse-shop.it\/img-catalogo\/jarrycan\/the-fast-slow-pro.jpg","_links":{"self":[{"href":"https:\/\/dev6.erresse-shop.it\/es\/wp-json\/wp\/v2\/product\/1878130","targetHints":{"allow":["GET"]}}],"collection":[{"href":"https:\/\/dev6.erresse-shop.it\/es\/wp-json\/wp\/v2\/product"}],"about":[{"href":"https:\/\/dev6.erresse-shop.it\/es\/wp-json\/wp\/v2\/types\/product"}],"wp:featuredmedia":[{"embeddable":true,"href":"https:\/\/dev6.erresse-shop.it\/es\/wp-json\/wp\/v2\/media\/6355032"}],"wp:attachment":[{"href":"https:\/\/dev6.erresse-shop.it\/es\/wp-json\/wp\/v2\/media?parent=1878130"}],"wp:term":[{"taxonomy":"product_cat","embeddable":true,"href":"https:\/\/dev6.erresse-shop.it\/es\/wp-json\/wp\/v2\/product_cat?post=1878130"},{"taxonomy":"product_tag","embeddable":true,"href":"https:\/\/dev6.erresse-shop.it\/es\/wp-json\/wp\/v2\/product_tag?post=1878130"}],"curies":[{"name":"wp","href":"https:\/\/api.w.org\/{rel}","templated":true}]}}