{"id":1878128,"date":"2026-04-12T08:55:29","date_gmt":"2026-04-12T06:55:29","guid":{"rendered":"https:\/\/dev6.erresse-shop.it\/shop\/sin%20categor\u00eda\/sage-the-risotto-plus\/"},"modified":"2025-09-14T08:01:38","modified_gmt":"2025-09-14T06:01:38","slug":"sage-the-risotto-plus","status":"publish","type":"product","link":"https:\/\/dev6.erresse-shop.it\/es\/shop\/pequenos-electrodomesticos\/procesadores-de-alimentos\/sage-the-risotto-plus\/","title":{"rendered":"SAGE The Risotto Plus"},"content":{"rendered":"<p>No se deje enga\u00f1ar por el nombre: esta avanzada multicocina de 3,7 l tiene m\u00e1s de un truco bajo la manga. Su especialidad es el risotto sin revolver, que no necesita ser removido, pero los platos al vapor y las preparaciones a base de arroz blando y quinoa son otras flechas en su arco.<\/p>\n<p>Multicooker<\/p>\n<p>Hay una buena raz\u00f3n por la que el nombre de este aparato incluye \u201cPlus\u201d. Comodidad, seguridad y versatilidad con s\u00f3lo pulsar un bot\u00f3n: el Risotto Plus se convertir\u00e1 en un accesorio insustituible en su cocina.<\/p>\n<p>Funci\u00f3n de vapor:<\/p>\n<p>Adem\u00e1s de preparar risottos perfectos, el aparato tambi\u00e9n est\u00e1 equipado con una funci\u00f3n de cocci\u00f3n al vapor que es ideal para cocinar verduras, aves y mariscos y disfrutar de una cocina m\u00e1s saludable.<\/p>\n<p>\u00a0<\/p>\n<p>Fuente de alimentaci\u00f3n: 760 vatios<\/p>\n<p>Taz\u00f3n antiadherente: Aluminio con revestimiento antiadherente<\/p>\n<p>Dimensiones (ancho x fondo x alto): 26 x 23 x 25 cm<\/p>\n<p>Funci\u00f3n de mantenimiento del calor: Se activa autom\u00e1ticamente cuando el arroz y los risottos est\u00e1n cocidos para mantener los platos calientes<\/p>\n<p>Ajustes: Risotto, Salteado, Arroz, Vapor, Cocci\u00f3n lenta baja\/alta, Funci\u00f3n autom\u00e1tica de mantener caliente<\/p>\n<p>Materiales de construcci\u00f3n: Tapa de vidrio templado, carcasa de acero inoxidable cepillado, recipiente de cocci\u00f3n con revestimiento antiadherente<\/p>\n<p>Capacidad: M\u00e1xima: 3,7 litros M\u00e1xima utilizable: 1,5 kg de arroz blanco y 1,8 litros de agua<br \/>\nVolumen m\u00ednimo: 300 g de arroz blanco y 360 ml de agua<br \/>\nTensi\u00f3n: 110-120 voltios<\/p>\n<p>Accesorios:<\/p>\n<p>Bandeja de vapor de acero inoxidable<br \/>\nScoop<br \/>\nCuchara para servir<\/p>\n<p>No disponible fuera de Europa<\/p>\n","protected":false},"excerpt":{"rendered":"<p>No se deje enga\u00f1ar por el nombre: esta avanzada multicocina de 3,7 l tiene m\u00e1s de un truco bajo la manga. Su especialidad es el risotto sin revolver, que no necesita ser removido, pero los platos al vapor y las preparaciones a base de arroz blando y quinoa son otras flechas en su arco. Multicooker [&hellip;]<\/p>\n","protected":false},"featured_media":6355025,"template":"","meta":{"_acf_changed":false},"product_cat":[11947,11958],"product_tag":[],"class_list":{"0":"post-1878128","1":"product","2":"type-product","3":"status-publish","4":"has-post-thumbnail","6":"product_cat-pequenos-electrodomesticos","7":"product_cat-procesadores-de-alimentos","9":"first","10":"outofstock","11":"sale","12":"taxable","13":"shipping-taxable","14":"purchasable","15":"product-type-simple","swatches":"rey-swatches","show_selected":"","stretch_labels":"rey-swatches--stretch-labels"},"acf":[],"yoast_head":"<!-- This site is optimized with the Yoast SEO plugin v25.4 - https:\/\/yoast.com\/wordpress\/plugins\/seo\/ -->\n<title>SAGE The Risotto Plus - dev6 Erresse<\/title>\n<meta name=\"description\" content=\"No se deje enga\u00f1ar por el nombre: esta avanzada multicocina de 3,7 l tiene m\u00e1s de un truco bajo la manga. Su especialidad es el risotto sin revolver, que\" \/>\n<meta name=\"robots\" content=\"noindex, follow, max-snippet:-1, max-image-preview:large, max-video-preview:-1\" \/>\n<meta property=\"og:locale\" content=\"es_ES\" \/>\n<meta property=\"og:type\" content=\"article\" \/>\n<meta property=\"og:title\" content=\"SAGE The Risotto Plus - dev6 Erresse\" \/>\n<meta property=\"og:description\" content=\"No se deje enga\u00f1ar por el nombre: esta avanzada multicocina de 3,7 l tiene m\u00e1s de un truco bajo la manga. Su especialidad es el risotto sin revolver, que\" \/>\n<meta property=\"og:url\" content=\"https:\/\/dev6.erresse-shop.it\/es\/shop\/pequenos-electrodomesticos\/procesadores-de-alimentos\/sage-the-risotto-plus\/\" \/>\n<meta property=\"og:site_name\" content=\"dev6 Erresse\" \/>\n<meta property=\"og:image\" content=\"https:\/\/interpim.erresse-shop.it\/img-catalogo\/sage\/the-risotto-plus.jpg\" \/><meta property=\"og:image\" content=\"https:\/\/interpim.erresse-shop.it\/img-catalogo\/sage\/the-risotto-plus.jpg\" \/>\n\t<meta property=\"og:image:width\" content=\"1024\" \/>\n\t<meta property=\"og:image:height\" content=\"1024\" \/>\n\t<meta property=\"og:image:type\" content=\"image\/jpeg\" \/>\n<meta name=\"twitter:card\" content=\"summary_large_image\" \/>\n<meta name=\"twitter:image\" content=\"https:\/\/interpim.erresse-shop.it\/img-catalogo\/sage\/the-risotto-plus.jpg\" \/>\n<script type=\"application\/ld+json\" class=\"yoast-schema-graph\">{\"@context\":\"https:\/\/schema.org\",\"@graph\":[{\"@type\":\"WebPage\",\"@id\":\"https:\/\/dev6.erresse-shop.it\/es\/shop\/pequenos-electrodomesticos\/procesadores-de-alimentos\/sage-the-risotto-plus\/\",\"url\":\"https:\/\/dev6.erresse-shop.it\/es\/shop\/pequenos-electrodomesticos\/procesadores-de-alimentos\/sage-the-risotto-plus\/\",\"name\":\"SAGE The Risotto Plus - dev6 Erresse\",\"isPartOf\":{\"@id\":\"https:\/\/dev6.erresse-shop.it\/#website\"},\"primaryImageOfPage\":{\"@id\":\"https:\/\/dev6.erresse-shop.it\/es\/shop\/pequenos-electrodomesticos\/procesadores-de-alimentos\/sage-the-risotto-plus\/#primaryimage\"},\"image\":{\"@id\":\"https:\/\/dev6.erresse-shop.it\/es\/shop\/pequenos-electrodomesticos\/procesadores-de-alimentos\/sage-the-risotto-plus\/#primaryimage\"},\"thumbnailUrl\":\"https:\/\/i2.wp.com\/interpim.erresse-shop.it\/img-catalogo\/sage\/the-risotto-plus.jpg?ssl=1\",\"datePublished\":\"2026-04-12T06:55:29+00:00\",\"description\":\"No se deje enga\u00f1ar por el nombre: esta avanzada multicocina de 3,7 l tiene m\u00e1s de un truco bajo la manga. Su especialidad es el risotto sin revolver, que\",\"breadcrumb\":{\"@id\":\"https:\/\/dev6.erresse-shop.it\/es\/shop\/pequenos-electrodomesticos\/procesadores-de-alimentos\/sage-the-risotto-plus\/#breadcrumb\"},\"inLanguage\":\"es\",\"potentialAction\":[{\"@type\":\"ReadAction\",\"target\":[\"https:\/\/dev6.erresse-shop.it\/es\/shop\/pequenos-electrodomesticos\/procesadores-de-alimentos\/sage-the-risotto-plus\/\"]}]},{\"@type\":\"ImageObject\",\"inLanguage\":\"es\",\"@id\":\"https:\/\/dev6.erresse-shop.it\/es\/shop\/pequenos-electrodomesticos\/procesadores-de-alimentos\/sage-the-risotto-plus\/#primaryimage\",\"url\":\"https:\/\/i2.wp.com\/interpim.erresse-shop.it\/img-catalogo\/sage\/the-risotto-plus.jpg?ssl=1\",\"contentUrl\":\"https:\/\/i2.wp.com\/interpim.erresse-shop.it\/img-catalogo\/sage\/the-risotto-plus.jpg?ssl=1\"},{\"@type\":\"BreadcrumbList\",\"@id\":\"https:\/\/dev6.erresse-shop.it\/es\/shop\/pequenos-electrodomesticos\/procesadores-de-alimentos\/sage-the-risotto-plus\/#breadcrumb\",\"itemListElement\":[{\"@type\":\"ListItem\",\"position\":1,\"name\":\"Home\",\"item\":\"https:\/\/dev6.erresse-shop.it\/\"},{\"@type\":\"ListItem\",\"position\":2,\"name\":\"Tienda\",\"item\":\"https:\/\/dev6.erresse-shop.it\/shop\/\"},{\"@type\":\"ListItem\",\"position\":3,\"name\":\"SAGE The Risotto Plus\"}]},{\"@type\":\"WebSite\",\"@id\":\"https:\/\/dev6.erresse-shop.it\/#website\",\"url\":\"https:\/\/dev6.erresse-shop.it\/\",\"name\":\"Erresse Shop\",\"description\":\"\",\"publisher\":{\"@id\":\"https:\/\/dev6.erresse-shop.it\/#organization\"},\"potentialAction\":[{\"@type\":\"SearchAction\",\"target\":{\"@type\":\"EntryPoint\",\"urlTemplate\":\"https:\/\/dev6.erresse-shop.it\/?s={search_term_string}\"},\"query-input\":{\"@type\":\"PropertyValueSpecification\",\"valueRequired\":true,\"valueName\":\"search_term_string\"}}],\"inLanguage\":\"es\"},{\"@type\":\"Organization\",\"@id\":\"https:\/\/dev6.erresse-shop.it\/#organization\",\"name\":\"Erresse Shop\",\"url\":\"https:\/\/dev6.erresse-shop.it\/\",\"logo\":{\"@type\":\"ImageObject\",\"inLanguage\":\"es\",\"@id\":\"https:\/\/dev6.erresse-shop.it\/#\/schema\/logo\/image\/\",\"url\":\"https:\/\/dev6.erresse-shop.it\/wp-content\/uploads\/2025\/01\/LOGO-ERRESSE-CLASSICO.svg\",\"contentUrl\":\"https:\/\/dev6.erresse-shop.it\/wp-content\/uploads\/2025\/01\/LOGO-ERRESSE-CLASSICO.svg\",\"caption\":\"Erresse Shop\"},\"image\":{\"@id\":\"https:\/\/dev6.erresse-shop.it\/#\/schema\/logo\/image\/\"}}]}<\/script>\n<!-- \/ Yoast SEO plugin. -->","yoast_head_json":{"title":"SAGE The Risotto Plus - dev6 Erresse","description":"No se deje enga\u00f1ar por el nombre: esta avanzada multicocina de 3,7 l tiene m\u00e1s de un truco bajo la manga. Su especialidad es el risotto sin revolver, que","robots":{"index":"noindex","follow":"follow","max-snippet":"max-snippet:-1","max-image-preview":"max-image-preview:large","max-video-preview":"max-video-preview:-1"},"og_locale":"es_ES","og_type":"article","og_title":"SAGE The Risotto Plus - dev6 Erresse","og_description":"No se deje enga\u00f1ar por el nombre: esta avanzada multicocina de 3,7 l tiene m\u00e1s de un truco bajo la manga. Su especialidad es el risotto sin revolver, que","og_url":"https:\/\/dev6.erresse-shop.it\/es\/shop\/pequenos-electrodomesticos\/procesadores-de-alimentos\/sage-the-risotto-plus\/","og_site_name":"dev6 Erresse","og_image":[{"url":"https:\/\/interpim.erresse-shop.it\/img-catalogo\/sage\/the-risotto-plus.jpg","type":"","width":"","height":""},{"url":"https:\/\/interpim.erresse-shop.it\/img-catalogo\/sage\/the-risotto-plus.jpg","width":1024,"height":1024,"type":"image\/jpeg"}],"twitter_card":"summary_large_image","twitter_image":"https:\/\/interpim.erresse-shop.it\/img-catalogo\/sage\/the-risotto-plus.jpg","schema":{"@context":"https:\/\/schema.org","@graph":[{"@type":"WebPage","@id":"https:\/\/dev6.erresse-shop.it\/es\/shop\/pequenos-electrodomesticos\/procesadores-de-alimentos\/sage-the-risotto-plus\/","url":"https:\/\/dev6.erresse-shop.it\/es\/shop\/pequenos-electrodomesticos\/procesadores-de-alimentos\/sage-the-risotto-plus\/","name":"SAGE The Risotto Plus - dev6 Erresse","isPartOf":{"@id":"https:\/\/dev6.erresse-shop.it\/#website"},"primaryImageOfPage":{"@id":"https:\/\/dev6.erresse-shop.it\/es\/shop\/pequenos-electrodomesticos\/procesadores-de-alimentos\/sage-the-risotto-plus\/#primaryimage"},"image":{"@id":"https:\/\/dev6.erresse-shop.it\/es\/shop\/pequenos-electrodomesticos\/procesadores-de-alimentos\/sage-the-risotto-plus\/#primaryimage"},"thumbnailUrl":"https:\/\/i2.wp.com\/interpim.erresse-shop.it\/img-catalogo\/sage\/the-risotto-plus.jpg?ssl=1","datePublished":"2026-04-12T06:55:29+00:00","description":"No se deje enga\u00f1ar por el nombre: esta avanzada multicocina de 3,7 l tiene m\u00e1s de un truco bajo la manga. Su especialidad es el risotto sin revolver, que","breadcrumb":{"@id":"https:\/\/dev6.erresse-shop.it\/es\/shop\/pequenos-electrodomesticos\/procesadores-de-alimentos\/sage-the-risotto-plus\/#breadcrumb"},"inLanguage":"es","potentialAction":[{"@type":"ReadAction","target":["https:\/\/dev6.erresse-shop.it\/es\/shop\/pequenos-electrodomesticos\/procesadores-de-alimentos\/sage-the-risotto-plus\/"]}]},{"@type":"ImageObject","inLanguage":"es","@id":"https:\/\/dev6.erresse-shop.it\/es\/shop\/pequenos-electrodomesticos\/procesadores-de-alimentos\/sage-the-risotto-plus\/#primaryimage","url":"https:\/\/i2.wp.com\/interpim.erresse-shop.it\/img-catalogo\/sage\/the-risotto-plus.jpg?ssl=1","contentUrl":"https:\/\/i2.wp.com\/interpim.erresse-shop.it\/img-catalogo\/sage\/the-risotto-plus.jpg?ssl=1"},{"@type":"BreadcrumbList","@id":"https:\/\/dev6.erresse-shop.it\/es\/shop\/pequenos-electrodomesticos\/procesadores-de-alimentos\/sage-the-risotto-plus\/#breadcrumb","itemListElement":[{"@type":"ListItem","position":1,"name":"Home","item":"https:\/\/dev6.erresse-shop.it\/"},{"@type":"ListItem","position":2,"name":"Tienda","item":"https:\/\/dev6.erresse-shop.it\/shop\/"},{"@type":"ListItem","position":3,"name":"SAGE The Risotto Plus"}]},{"@type":"WebSite","@id":"https:\/\/dev6.erresse-shop.it\/#website","url":"https:\/\/dev6.erresse-shop.it\/","name":"Erresse Shop","description":"","publisher":{"@id":"https:\/\/dev6.erresse-shop.it\/#organization"},"potentialAction":[{"@type":"SearchAction","target":{"@type":"EntryPoint","urlTemplate":"https:\/\/dev6.erresse-shop.it\/?s={search_term_string}"},"query-input":{"@type":"PropertyValueSpecification","valueRequired":true,"valueName":"search_term_string"}}],"inLanguage":"es"},{"@type":"Organization","@id":"https:\/\/dev6.erresse-shop.it\/#organization","name":"Erresse Shop","url":"https:\/\/dev6.erresse-shop.it\/","logo":{"@type":"ImageObject","inLanguage":"es","@id":"https:\/\/dev6.erresse-shop.it\/#\/schema\/logo\/image\/","url":"https:\/\/dev6.erresse-shop.it\/wp-content\/uploads\/2025\/01\/LOGO-ERRESSE-CLASSICO.svg","contentUrl":"https:\/\/dev6.erresse-shop.it\/wp-content\/uploads\/2025\/01\/LOGO-ERRESSE-CLASSICO.svg","caption":"Erresse Shop"},"image":{"@id":"https:\/\/dev6.erresse-shop.it\/#\/schema\/logo\/image\/"}}]}},"df_price":124.95,"df_sale_price":124.95,"df_regular_price":139.9,"df_image_link":"https:\/\/i2.wp.com\/interpim.erresse-shop.it\/img-catalogo\/sage\/the-risotto-plus.jpg?resize=300,300&ssl=1","fifu_image_url":"https:\/\/interpim.erresse-shop.it\/img-catalogo\/sage\/the-risotto-plus.jpg","_links":{"self":[{"href":"https:\/\/dev6.erresse-shop.it\/es\/wp-json\/wp\/v2\/product\/1878128","targetHints":{"allow":["GET"]}}],"collection":[{"href":"https:\/\/dev6.erresse-shop.it\/es\/wp-json\/wp\/v2\/product"}],"about":[{"href":"https:\/\/dev6.erresse-shop.it\/es\/wp-json\/wp\/v2\/types\/product"}],"wp:featuredmedia":[{"embeddable":true,"href":"https:\/\/dev6.erresse-shop.it\/es\/wp-json\/wp\/v2\/media\/6355025"}],"wp:attachment":[{"href":"https:\/\/dev6.erresse-shop.it\/es\/wp-json\/wp\/v2\/media?parent=1878128"}],"wp:term":[{"taxonomy":"product_cat","embeddable":true,"href":"https:\/\/dev6.erresse-shop.it\/es\/wp-json\/wp\/v2\/product_cat?post=1878128"},{"taxonomy":"product_tag","embeddable":true,"href":"https:\/\/dev6.erresse-shop.it\/es\/wp-json\/wp\/v2\/product_tag?post=1878128"}],"curies":[{"name":"wp","href":"https:\/\/api.w.org\/{rel}","templated":true}]}}