{"id":1878118,"date":"2026-04-12T08:54:19","date_gmt":"2026-04-12T06:54:19","guid":{"rendered":"https:\/\/dev6.erresse-shop.it\/shop\/sin%20categor\u00eda\/sage-the-duo-temp-pro\/"},"modified":"2025-07-04T21:47:29","modified_gmt":"2025-07-04T19:47:29","slug":"sage-the-duo-temp-pro","status":"publish","type":"product","link":"https:\/\/dev6.erresse-shop.it\/es\/shop\/pequenos-electrodomesticos\/maquinas-de-cafe\/manual-es\/sage-the-duo-temp-pro\/","title":{"rendered":"SAGE The Duo Temp Pro"},"content":{"rendered":"<p>Los sabores equilibrados comienzan con una extracci\u00f3n uniforme mediante preinfusi\u00f3n a baja presi\u00f3n, al igual que en las m\u00e1quinas comerciales. Un gran expreso o capuchino se consigue mediante el equilibrio justo entre las notas dulces y amargas. The Duo-Temp Pro te proporciona un sabor de cafeter\u00eda en casa.<\/p>\n<p>Extracci\u00f3n Precisa Para Expreso<br \/>\nLa preinfusi\u00f3n a baja presi\u00f3n ayuda a garantizar que todos los sabores se extraigan de manera uniforme para obtener un caf\u00e9 de sabor equilibrado.<\/p>\n<p>Leche Microespumada<br \/>\nLa resistencia de 1600 W de alta potencia suministra vapor suficiente para crear microespuma, crucial para realzar el sabor de tu caf\u00e9 y crear tu propio latte art.<\/p>\n<p>Indicadores de Mantenimiento<br \/>\nNuestras m\u00e1quinas te avisan cuando necesitan mantenimiento. Las alertas de limpieza y bandeja de goteo simplifican el mantenimiento rutinario.<\/p>\n<p>Ajustes: Control manual del volumen de la dosis de expreso<br \/>\nBomba de 15 bares de fabricaci\u00f3n italiana<br \/>\nCapacidad del dep\u00f3sito de agua: 1,8 l<br \/>\nDimensiones (ancho x prof x alto): 32 x 25.7 x 33.4 cm<br \/>\nGarant\u00eda: Garant\u00eda de reparaci\u00f3n, sustituci\u00f3n o reembolso de 2 a\u00f1os (a criterio exclusivo de Sage Appliances)<br \/>\nMateriales: Acero inoxidable cepillado<br \/>\nPotencia: 1600 Vatios<br \/>\nVoltaje: 220\u2013240 Voltios<\/p>\n<p>Accesorios incluidos:<\/p>\n<p>Soporte de filtro de 54 mm<br \/>\nPrensador integrado<br \/>\nHerramienta de nivelado y dosificaci\u00f3n Razor\u2122<br \/>\nFiltro presurizado y no presurizado para 1 y 2 tazas (4 en total)<br \/>\nJarra de leche de acero inoxidable<br \/>\nLlave Allen<br \/>\nFiltro de agua con soporte<\/p>\n<p>No se vende fuera de Europa<\/p>\n","protected":false},"excerpt":{"rendered":"<p>Los sabores equilibrados comienzan con una extracci\u00f3n uniforme mediante preinfusi\u00f3n a baja presi\u00f3n, al igual que en las m\u00e1quinas comerciales. Un gran expreso o capuchino se consigue mediante el equilibrio justo entre las notas dulces y amargas. The Duo-Temp Pro te proporciona un sabor de cafeter\u00eda en casa. Extracci\u00f3n Precisa Para Expreso La preinfusi\u00f3n a [&hellip;]<\/p>\n","protected":false},"featured_media":6354990,"template":"","meta":{"_acf_changed":false},"product_cat":[11982,11955,11947],"product_tag":[],"class_list":{"0":"post-1878118","1":"product","2":"type-product","3":"status-publish","4":"has-post-thumbnail","6":"product_cat-manual-es","7":"product_cat-maquinas-de-cafe","8":"product_cat-pequenos-electrodomesticos","10":"first","11":"outofstock","12":"sale","13":"taxable","14":"shipping-taxable","15":"purchasable","16":"product-type-simple","swatches":"rey-swatches","show_selected":"","stretch_labels":"rey-swatches--stretch-labels"},"acf":[],"yoast_head":"<!-- This site is optimized with the Yoast SEO plugin v25.4 - https:\/\/yoast.com\/wordpress\/plugins\/seo\/ -->\n<title>SAGE The Duo Temp Pro - dev6 Erresse<\/title>\n<meta name=\"description\" content=\"Los sabores equilibrados comienzan con una extracci\u00f3n uniforme mediante preinfusi\u00f3n a baja presi\u00f3n, al igual que en las m\u00e1quinas comerciales. Un gran\" \/>\n<meta name=\"robots\" content=\"noindex, follow, max-snippet:-1, max-image-preview:large, max-video-preview:-1\" \/>\n<meta property=\"og:locale\" content=\"es_ES\" \/>\n<meta property=\"og:type\" content=\"article\" \/>\n<meta property=\"og:title\" content=\"SAGE The Duo Temp Pro - dev6 Erresse\" \/>\n<meta property=\"og:description\" content=\"Los sabores equilibrados comienzan con una extracci\u00f3n uniforme mediante preinfusi\u00f3n a baja presi\u00f3n, al igual que en las m\u00e1quinas comerciales. Un gran\" \/>\n<meta property=\"og:url\" content=\"https:\/\/dev6.erresse-shop.it\/es\/shop\/pequenos-electrodomesticos\/maquinas-de-cafe\/manual-es\/sage-the-duo-temp-pro\/\" \/>\n<meta property=\"og:site_name\" content=\"dev6 Erresse\" \/>\n<meta property=\"og:image\" content=\"https:\/\/interpim.erresse-shop.it\/img-catalogo\/sage\/the-duo-temp-pro.jpg\" \/><meta property=\"og:image\" content=\"https:\/\/interpim.erresse-shop.it\/img-catalogo\/sage\/the-duo-temp-pro.jpg\" \/>\n\t<meta property=\"og:image:width\" content=\"1024\" \/>\n\t<meta property=\"og:image:height\" content=\"1024\" \/>\n\t<meta property=\"og:image:type\" content=\"image\/jpeg\" \/>\n<meta name=\"twitter:card\" content=\"summary_large_image\" \/>\n<meta name=\"twitter:image\" content=\"https:\/\/interpim.erresse-shop.it\/img-catalogo\/sage\/the-duo-temp-pro.jpg\" \/>\n<script type=\"application\/ld+json\" class=\"yoast-schema-graph\">{\"@context\":\"https:\/\/schema.org\",\"@graph\":[{\"@type\":\"WebPage\",\"@id\":\"https:\/\/dev6.erresse-shop.it\/es\/shop\/pequenos-electrodomesticos\/maquinas-de-cafe\/manual-es\/sage-the-duo-temp-pro\/\",\"url\":\"https:\/\/dev6.erresse-shop.it\/es\/shop\/pequenos-electrodomesticos\/maquinas-de-cafe\/manual-es\/sage-the-duo-temp-pro\/\",\"name\":\"SAGE The Duo Temp Pro - dev6 Erresse\",\"isPartOf\":{\"@id\":\"https:\/\/dev6.erresse-shop.it\/#website\"},\"primaryImageOfPage\":{\"@id\":\"https:\/\/dev6.erresse-shop.it\/es\/shop\/pequenos-electrodomesticos\/maquinas-de-cafe\/manual-es\/sage-the-duo-temp-pro\/#primaryimage\"},\"image\":{\"@id\":\"https:\/\/dev6.erresse-shop.it\/es\/shop\/pequenos-electrodomesticos\/maquinas-de-cafe\/manual-es\/sage-the-duo-temp-pro\/#primaryimage\"},\"thumbnailUrl\":\"https:\/\/i3.wp.com\/interpim.erresse-shop.it\/img-catalogo\/sage\/the-duo-temp-pro.jpg?ssl=1\",\"datePublished\":\"2026-04-12T06:54:19+00:00\",\"description\":\"Los sabores equilibrados comienzan con una extracci\u00f3n uniforme mediante preinfusi\u00f3n a baja presi\u00f3n, al igual que en las m\u00e1quinas comerciales. Un gran\",\"breadcrumb\":{\"@id\":\"https:\/\/dev6.erresse-shop.it\/es\/shop\/pequenos-electrodomesticos\/maquinas-de-cafe\/manual-es\/sage-the-duo-temp-pro\/#breadcrumb\"},\"inLanguage\":\"es\",\"potentialAction\":[{\"@type\":\"ReadAction\",\"target\":[\"https:\/\/dev6.erresse-shop.it\/es\/shop\/pequenos-electrodomesticos\/maquinas-de-cafe\/manual-es\/sage-the-duo-temp-pro\/\"]}]},{\"@type\":\"ImageObject\",\"inLanguage\":\"es\",\"@id\":\"https:\/\/dev6.erresse-shop.it\/es\/shop\/pequenos-electrodomesticos\/maquinas-de-cafe\/manual-es\/sage-the-duo-temp-pro\/#primaryimage\",\"url\":\"https:\/\/i3.wp.com\/interpim.erresse-shop.it\/img-catalogo\/sage\/the-duo-temp-pro.jpg?ssl=1\",\"contentUrl\":\"https:\/\/i3.wp.com\/interpim.erresse-shop.it\/img-catalogo\/sage\/the-duo-temp-pro.jpg?ssl=1\"},{\"@type\":\"BreadcrumbList\",\"@id\":\"https:\/\/dev6.erresse-shop.it\/es\/shop\/pequenos-electrodomesticos\/maquinas-de-cafe\/manual-es\/sage-the-duo-temp-pro\/#breadcrumb\",\"itemListElement\":[{\"@type\":\"ListItem\",\"position\":1,\"name\":\"Home\",\"item\":\"https:\/\/dev6.erresse-shop.it\/\"},{\"@type\":\"ListItem\",\"position\":2,\"name\":\"Tienda\",\"item\":\"https:\/\/dev6.erresse-shop.it\/shop\/\"},{\"@type\":\"ListItem\",\"position\":3,\"name\":\"SAGE The Duo Temp Pro\"}]},{\"@type\":\"WebSite\",\"@id\":\"https:\/\/dev6.erresse-shop.it\/#website\",\"url\":\"https:\/\/dev6.erresse-shop.it\/\",\"name\":\"Erresse Shop\",\"description\":\"\",\"publisher\":{\"@id\":\"https:\/\/dev6.erresse-shop.it\/#organization\"},\"potentialAction\":[{\"@type\":\"SearchAction\",\"target\":{\"@type\":\"EntryPoint\",\"urlTemplate\":\"https:\/\/dev6.erresse-shop.it\/?s={search_term_string}\"},\"query-input\":{\"@type\":\"PropertyValueSpecification\",\"valueRequired\":true,\"valueName\":\"search_term_string\"}}],\"inLanguage\":\"es\"},{\"@type\":\"Organization\",\"@id\":\"https:\/\/dev6.erresse-shop.it\/#organization\",\"name\":\"Erresse Shop\",\"url\":\"https:\/\/dev6.erresse-shop.it\/\",\"logo\":{\"@type\":\"ImageObject\",\"inLanguage\":\"es\",\"@id\":\"https:\/\/dev6.erresse-shop.it\/#\/schema\/logo\/image\/\",\"url\":\"https:\/\/dev6.erresse-shop.it\/wp-content\/uploads\/2025\/01\/LOGO-ERRESSE-CLASSICO.svg\",\"contentUrl\":\"https:\/\/dev6.erresse-shop.it\/wp-content\/uploads\/2025\/01\/LOGO-ERRESSE-CLASSICO.svg\",\"caption\":\"Erresse Shop\"},\"image\":{\"@id\":\"https:\/\/dev6.erresse-shop.it\/#\/schema\/logo\/image\/\"}}]}<\/script>\n<!-- \/ Yoast SEO plugin. -->","yoast_head_json":{"title":"SAGE The Duo Temp Pro - dev6 Erresse","description":"Los sabores equilibrados comienzan con una extracci\u00f3n uniforme mediante preinfusi\u00f3n a baja presi\u00f3n, al igual que en las m\u00e1quinas comerciales. Un gran","robots":{"index":"noindex","follow":"follow","max-snippet":"max-snippet:-1","max-image-preview":"max-image-preview:large","max-video-preview":"max-video-preview:-1"},"og_locale":"es_ES","og_type":"article","og_title":"SAGE The Duo Temp Pro - dev6 Erresse","og_description":"Los sabores equilibrados comienzan con una extracci\u00f3n uniforme mediante preinfusi\u00f3n a baja presi\u00f3n, al igual que en las m\u00e1quinas comerciales. Un gran","og_url":"https:\/\/dev6.erresse-shop.it\/es\/shop\/pequenos-electrodomesticos\/maquinas-de-cafe\/manual-es\/sage-the-duo-temp-pro\/","og_site_name":"dev6 Erresse","og_image":[{"url":"https:\/\/interpim.erresse-shop.it\/img-catalogo\/sage\/the-duo-temp-pro.jpg","type":"","width":"","height":""},{"url":"https:\/\/interpim.erresse-shop.it\/img-catalogo\/sage\/the-duo-temp-pro.jpg","width":1024,"height":1024,"type":"image\/jpeg"}],"twitter_card":"summary_large_image","twitter_image":"https:\/\/interpim.erresse-shop.it\/img-catalogo\/sage\/the-duo-temp-pro.jpg","schema":{"@context":"https:\/\/schema.org","@graph":[{"@type":"WebPage","@id":"https:\/\/dev6.erresse-shop.it\/es\/shop\/pequenos-electrodomesticos\/maquinas-de-cafe\/manual-es\/sage-the-duo-temp-pro\/","url":"https:\/\/dev6.erresse-shop.it\/es\/shop\/pequenos-electrodomesticos\/maquinas-de-cafe\/manual-es\/sage-the-duo-temp-pro\/","name":"SAGE The Duo Temp Pro - dev6 Erresse","isPartOf":{"@id":"https:\/\/dev6.erresse-shop.it\/#website"},"primaryImageOfPage":{"@id":"https:\/\/dev6.erresse-shop.it\/es\/shop\/pequenos-electrodomesticos\/maquinas-de-cafe\/manual-es\/sage-the-duo-temp-pro\/#primaryimage"},"image":{"@id":"https:\/\/dev6.erresse-shop.it\/es\/shop\/pequenos-electrodomesticos\/maquinas-de-cafe\/manual-es\/sage-the-duo-temp-pro\/#primaryimage"},"thumbnailUrl":"https:\/\/i3.wp.com\/interpim.erresse-shop.it\/img-catalogo\/sage\/the-duo-temp-pro.jpg?ssl=1","datePublished":"2026-04-12T06:54:19+00:00","description":"Los sabores equilibrados comienzan con una extracci\u00f3n uniforme mediante preinfusi\u00f3n a baja presi\u00f3n, al igual que en las m\u00e1quinas comerciales. Un gran","breadcrumb":{"@id":"https:\/\/dev6.erresse-shop.it\/es\/shop\/pequenos-electrodomesticos\/maquinas-de-cafe\/manual-es\/sage-the-duo-temp-pro\/#breadcrumb"},"inLanguage":"es","potentialAction":[{"@type":"ReadAction","target":["https:\/\/dev6.erresse-shop.it\/es\/shop\/pequenos-electrodomesticos\/maquinas-de-cafe\/manual-es\/sage-the-duo-temp-pro\/"]}]},{"@type":"ImageObject","inLanguage":"es","@id":"https:\/\/dev6.erresse-shop.it\/es\/shop\/pequenos-electrodomesticos\/maquinas-de-cafe\/manual-es\/sage-the-duo-temp-pro\/#primaryimage","url":"https:\/\/i3.wp.com\/interpim.erresse-shop.it\/img-catalogo\/sage\/the-duo-temp-pro.jpg?ssl=1","contentUrl":"https:\/\/i3.wp.com\/interpim.erresse-shop.it\/img-catalogo\/sage\/the-duo-temp-pro.jpg?ssl=1"},{"@type":"BreadcrumbList","@id":"https:\/\/dev6.erresse-shop.it\/es\/shop\/pequenos-electrodomesticos\/maquinas-de-cafe\/manual-es\/sage-the-duo-temp-pro\/#breadcrumb","itemListElement":[{"@type":"ListItem","position":1,"name":"Home","item":"https:\/\/dev6.erresse-shop.it\/"},{"@type":"ListItem","position":2,"name":"Tienda","item":"https:\/\/dev6.erresse-shop.it\/shop\/"},{"@type":"ListItem","position":3,"name":"SAGE The Duo Temp Pro"}]},{"@type":"WebSite","@id":"https:\/\/dev6.erresse-shop.it\/#website","url":"https:\/\/dev6.erresse-shop.it\/","name":"Erresse Shop","description":"","publisher":{"@id":"https:\/\/dev6.erresse-shop.it\/#organization"},"potentialAction":[{"@type":"SearchAction","target":{"@type":"EntryPoint","urlTemplate":"https:\/\/dev6.erresse-shop.it\/?s={search_term_string}"},"query-input":{"@type":"PropertyValueSpecification","valueRequired":true,"valueName":"search_term_string"}}],"inLanguage":"es"},{"@type":"Organization","@id":"https:\/\/dev6.erresse-shop.it\/#organization","name":"Erresse Shop","url":"https:\/\/dev6.erresse-shop.it\/","logo":{"@type":"ImageObject","inLanguage":"es","@id":"https:\/\/dev6.erresse-shop.it\/#\/schema\/logo\/image\/","url":"https:\/\/dev6.erresse-shop.it\/wp-content\/uploads\/2025\/01\/LOGO-ERRESSE-CLASSICO.svg","contentUrl":"https:\/\/dev6.erresse-shop.it\/wp-content\/uploads\/2025\/01\/LOGO-ERRESSE-CLASSICO.svg","caption":"Erresse Shop"},"image":{"@id":"https:\/\/dev6.erresse-shop.it\/#\/schema\/logo\/image\/"}}]}},"df_price":389.95,"df_sale_price":389.95,"df_regular_price":429.9,"df_image_link":"https:\/\/i3.wp.com\/interpim.erresse-shop.it\/img-catalogo\/sage\/the-duo-temp-pro.jpg?resize=300,300&ssl=1","fifu_image_url":"https:\/\/interpim.erresse-shop.it\/img-catalogo\/sage\/the-duo-temp-pro.jpg","_links":{"self":[{"href":"https:\/\/dev6.erresse-shop.it\/es\/wp-json\/wp\/v2\/product\/1878118","targetHints":{"allow":["GET"]}}],"collection":[{"href":"https:\/\/dev6.erresse-shop.it\/es\/wp-json\/wp\/v2\/product"}],"about":[{"href":"https:\/\/dev6.erresse-shop.it\/es\/wp-json\/wp\/v2\/types\/product"}],"wp:featuredmedia":[{"embeddable":true,"href":"https:\/\/dev6.erresse-shop.it\/es\/wp-json\/wp\/v2\/media\/6354990"}],"wp:attachment":[{"href":"https:\/\/dev6.erresse-shop.it\/es\/wp-json\/wp\/v2\/media?parent=1878118"}],"wp:term":[{"taxonomy":"product_cat","embeddable":true,"href":"https:\/\/dev6.erresse-shop.it\/es\/wp-json\/wp\/v2\/product_cat?post=1878118"},{"taxonomy":"product_tag","embeddable":true,"href":"https:\/\/dev6.erresse-shop.it\/es\/wp-json\/wp\/v2\/product_tag?post=1878118"}],"curies":[{"name":"wp","href":"https:\/\/api.w.org\/{rel}","templated":true}]}}