{"id":1878080,"date":"2026-04-04T08:51:41","date_gmt":"2026-04-04T06:51:41","guid":{"rendered":"https:\/\/dev6.erresse-shop.it\/shop\/sin%20categor\u00eda\/zwilling-juego-de-4-cuchillos-lisos-para-carne\/"},"modified":"2025-09-14T08:01:08","modified_gmt":"2025-09-14T06:01:08","slug":"zwilling-juego-de-4-cuchillos-lisos-para-carne","status":"publish","type":"product","link":"https:\/\/dev6.erresse-shop.it\/es\/shop\/tabla\/cubiertos\/zwilling-juego-de-4-cuchillos-lisos-para-carne\/","title":{"rendered":"ZWILLING Juego de 4 cuchillos lisos para carne"},"content":{"rendered":"<p>El juego de 4 cuchillos para carne ZWILLING\u00ae es ideal para los amantes de la buena carne. No s\u00f3lo impresiona por la alta calidad de sus materiales y el afilado de las cuchillas que le ayudan a penetrar en la carne sin esfuerzo, sino tambi\u00e9n por el dise\u00f1o creado por Matteo Thun y Antonio Rodr\u00edguez. Las hojas de los cuchillos de este juego ZWILLING\u00ae tienen 12 cm de longitud y est\u00e1n hechas de acero inoxidable robusto y duradero. Las asas son de acrilonitrilo-butadieno-estireno o ABS. Este material tambi\u00e9n es muy robusto y resistente a las influencias externas. Incluso despu\u00e9s de a\u00f1os de uso, las asas de ABS conservan su est\u00e9tica. Son ligeramente m\u00e1s anchas en el extremo, lo que las hace m\u00e1s c\u00f3modas y menos resbaladizas al cortar. El mango y la hoja est\u00e1n unidos por tres remaches y dan al juego de cuchillos un aspecto cl\u00e1sico que ha sido popular durante muchos a\u00f1os y que seguir\u00e1 si\u00e9ndolo en los pr\u00f3ximos.<\/p>\n<p>Cuchillas robustas, resistentes a la corrosi\u00f3n y flexibles de un acero inoxidable especial<br \/>\nCuchillas perfectamente equilibradas para un trabajo sin fatiga<br \/>\nAsas ergon\u00f3micas con dise\u00f1o de tres remaches<br \/>\nPalanquilla de madera de alta calidad, por lo que tambi\u00e9n es perfecta como regalo<\/p>\n","protected":false},"excerpt":{"rendered":"<p>El juego de 4 cuchillos para carne ZWILLING\u00ae es ideal para los amantes de la buena carne. No s\u00f3lo impresiona por la alta calidad de sus materiales y el afilado de las cuchillas que le ayudan a penetrar en la carne sin esfuerzo, sino tambi\u00e9n por el dise\u00f1o creado por Matteo Thun y Antonio Rodr\u00edguez. [&hellip;]<\/p>\n","protected":false},"featured_media":6271582,"template":"","meta":{"_acf_changed":false},"product_cat":[11884,11670,11888,11886,11887],"product_tag":[],"class_list":{"0":"post-1878080","1":"product","2":"type-product","3":"status-publish","4":"has-post-thumbnail","6":"product_cat-cocina","7":"product_cat-coltelli-da-tavola","8":"product_cat-cubiertos","9":"product_cat-cuchillos-de-mesa","10":"product_cat-tabla","12":"first","13":"outofstock","14":"sale","15":"taxable","16":"shipping-taxable","17":"purchasable","18":"product-type-simple","swatches":"rey-swatches","show_selected":"","stretch_labels":"rey-swatches--stretch-labels"},"acf":[],"yoast_head":"<!-- This site is optimized with the Yoast SEO plugin v25.4 - https:\/\/yoast.com\/wordpress\/plugins\/seo\/ -->\n<title>ZWILLING Juego de 4 cuchillos lisos para carne - dev6 Erresse<\/title>\n<meta name=\"description\" content=\"El juego de 4 cuchillos para carne ZWILLING\u00ae es ideal para los amantes de la buena carne. No s\u00f3lo impresiona por la alta calidad de sus materiales y el\" \/>\n<meta name=\"robots\" content=\"noindex, follow, max-snippet:-1, max-image-preview:large, max-video-preview:-1\" \/>\n<meta property=\"og:locale\" content=\"es_ES\" \/>\n<meta property=\"og:type\" content=\"article\" \/>\n<meta property=\"og:title\" content=\"ZWILLING Juego de 4 cuchillos lisos para carne - dev6 Erresse\" \/>\n<meta property=\"og:description\" content=\"El juego de 4 cuchillos para carne ZWILLING\u00ae es ideal para los amantes de la buena carne. No s\u00f3lo impresiona por la alta calidad de sus materiales y el\" \/>\n<meta property=\"og:url\" content=\"https:\/\/dev6.erresse-shop.it\/es\/shop\/tabla\/cubiertos\/zwilling-juego-de-4-cuchillos-lisos-para-carne\/\" \/>\n<meta property=\"og:site_name\" content=\"dev6 Erresse\" \/>\n<meta property=\"og:image\" content=\"https:\/\/interpim.erresse-shop.it\/img-catalogo\/zwilling\/zwilling-set-4-coltelli-bistecca-liscio-professional-s.jpg\" \/><meta property=\"og:image\" content=\"https:\/\/interpim.erresse-shop.it\/img-catalogo\/zwilling\/zwilling-set-4-coltelli-bistecca-liscio-professional-s.jpg\" \/>\n\t<meta property=\"og:image:width\" content=\"1024\" \/>\n\t<meta property=\"og:image:height\" content=\"1024\" \/>\n\t<meta property=\"og:image:type\" content=\"image\/jpeg\" \/>\n<meta name=\"twitter:card\" content=\"summary_large_image\" \/>\n<meta name=\"twitter:image\" content=\"https:\/\/interpim.erresse-shop.it\/img-catalogo\/zwilling\/zwilling-set-4-coltelli-bistecca-liscio-professional-s.jpg\" \/>\n<script type=\"application\/ld+json\" class=\"yoast-schema-graph\">{\"@context\":\"https:\/\/schema.org\",\"@graph\":[{\"@type\":\"WebPage\",\"@id\":\"https:\/\/dev6.erresse-shop.it\/es\/shop\/tabla\/cubiertos\/zwilling-juego-de-4-cuchillos-lisos-para-carne\/\",\"url\":\"https:\/\/dev6.erresse-shop.it\/es\/shop\/tabla\/cubiertos\/zwilling-juego-de-4-cuchillos-lisos-para-carne\/\",\"name\":\"ZWILLING Juego de 4 cuchillos lisos para carne - dev6 Erresse\",\"isPartOf\":{\"@id\":\"https:\/\/dev6.erresse-shop.it\/#website\"},\"primaryImageOfPage\":{\"@id\":\"https:\/\/dev6.erresse-shop.it\/es\/shop\/tabla\/cubiertos\/zwilling-juego-de-4-cuchillos-lisos-para-carne\/#primaryimage\"},\"image\":{\"@id\":\"https:\/\/dev6.erresse-shop.it\/es\/shop\/tabla\/cubiertos\/zwilling-juego-de-4-cuchillos-lisos-para-carne\/#primaryimage\"},\"thumbnailUrl\":\"https:\/\/i1.wp.com\/interpim.erresse-shop.it\/img-catalogo\/zwilling\/zwilling-set-4-coltelli-bistecca-liscio-professional-s.jpg?ssl=1\",\"datePublished\":\"2026-04-04T06:51:41+00:00\",\"description\":\"El juego de 4 cuchillos para carne ZWILLING\u00ae es ideal para los amantes de la buena carne. No s\u00f3lo impresiona por la alta calidad de sus materiales y el\",\"breadcrumb\":{\"@id\":\"https:\/\/dev6.erresse-shop.it\/es\/shop\/tabla\/cubiertos\/zwilling-juego-de-4-cuchillos-lisos-para-carne\/#breadcrumb\"},\"inLanguage\":\"es\",\"potentialAction\":[{\"@type\":\"ReadAction\",\"target\":[\"https:\/\/dev6.erresse-shop.it\/es\/shop\/tabla\/cubiertos\/zwilling-juego-de-4-cuchillos-lisos-para-carne\/\"]}]},{\"@type\":\"ImageObject\",\"inLanguage\":\"es\",\"@id\":\"https:\/\/dev6.erresse-shop.it\/es\/shop\/tabla\/cubiertos\/zwilling-juego-de-4-cuchillos-lisos-para-carne\/#primaryimage\",\"url\":\"https:\/\/i1.wp.com\/interpim.erresse-shop.it\/img-catalogo\/zwilling\/zwilling-set-4-coltelli-bistecca-liscio-professional-s.jpg?ssl=1\",\"contentUrl\":\"https:\/\/i1.wp.com\/interpim.erresse-shop.it\/img-catalogo\/zwilling\/zwilling-set-4-coltelli-bistecca-liscio-professional-s.jpg?ssl=1\"},{\"@type\":\"BreadcrumbList\",\"@id\":\"https:\/\/dev6.erresse-shop.it\/es\/shop\/tabla\/cubiertos\/zwilling-juego-de-4-cuchillos-lisos-para-carne\/#breadcrumb\",\"itemListElement\":[{\"@type\":\"ListItem\",\"position\":1,\"name\":\"Home\",\"item\":\"https:\/\/dev6.erresse-shop.it\/\"},{\"@type\":\"ListItem\",\"position\":2,\"name\":\"Tienda\",\"item\":\"https:\/\/dev6.erresse-shop.it\/shop\/\"},{\"@type\":\"ListItem\",\"position\":3,\"name\":\"ZWILLING Juego de 4 cuchillos lisos para carne\"}]},{\"@type\":\"WebSite\",\"@id\":\"https:\/\/dev6.erresse-shop.it\/#website\",\"url\":\"https:\/\/dev6.erresse-shop.it\/\",\"name\":\"Erresse Shop\",\"description\":\"\",\"publisher\":{\"@id\":\"https:\/\/dev6.erresse-shop.it\/#organization\"},\"potentialAction\":[{\"@type\":\"SearchAction\",\"target\":{\"@type\":\"EntryPoint\",\"urlTemplate\":\"https:\/\/dev6.erresse-shop.it\/?s={search_term_string}\"},\"query-input\":{\"@type\":\"PropertyValueSpecification\",\"valueRequired\":true,\"valueName\":\"search_term_string\"}}],\"inLanguage\":\"es\"},{\"@type\":\"Organization\",\"@id\":\"https:\/\/dev6.erresse-shop.it\/#organization\",\"name\":\"Erresse Shop\",\"url\":\"https:\/\/dev6.erresse-shop.it\/\",\"logo\":{\"@type\":\"ImageObject\",\"inLanguage\":\"es\",\"@id\":\"https:\/\/dev6.erresse-shop.it\/#\/schema\/logo\/image\/\",\"url\":\"https:\/\/dev6.erresse-shop.it\/wp-content\/uploads\/2025\/01\/LOGO-ERRESSE-CLASSICO.svg\",\"contentUrl\":\"https:\/\/dev6.erresse-shop.it\/wp-content\/uploads\/2025\/01\/LOGO-ERRESSE-CLASSICO.svg\",\"caption\":\"Erresse Shop\"},\"image\":{\"@id\":\"https:\/\/dev6.erresse-shop.it\/#\/schema\/logo\/image\/\"}}]}<\/script>\n<!-- \/ Yoast SEO plugin. -->","yoast_head_json":{"title":"ZWILLING Juego de 4 cuchillos lisos para carne - dev6 Erresse","description":"El juego de 4 cuchillos para carne ZWILLING\u00ae es ideal para los amantes de la buena carne. No s\u00f3lo impresiona por la alta calidad de sus materiales y el","robots":{"index":"noindex","follow":"follow","max-snippet":"max-snippet:-1","max-image-preview":"max-image-preview:large","max-video-preview":"max-video-preview:-1"},"og_locale":"es_ES","og_type":"article","og_title":"ZWILLING Juego de 4 cuchillos lisos para carne - dev6 Erresse","og_description":"El juego de 4 cuchillos para carne ZWILLING\u00ae es ideal para los amantes de la buena carne. No s\u00f3lo impresiona por la alta calidad de sus materiales y el","og_url":"https:\/\/dev6.erresse-shop.it\/es\/shop\/tabla\/cubiertos\/zwilling-juego-de-4-cuchillos-lisos-para-carne\/","og_site_name":"dev6 Erresse","og_image":[{"url":"https:\/\/interpim.erresse-shop.it\/img-catalogo\/zwilling\/zwilling-set-4-coltelli-bistecca-liscio-professional-s.jpg","type":"","width":"","height":""},{"url":"https:\/\/interpim.erresse-shop.it\/img-catalogo\/zwilling\/zwilling-set-4-coltelli-bistecca-liscio-professional-s.jpg","width":1024,"height":1024,"type":"image\/jpeg"}],"twitter_card":"summary_large_image","twitter_image":"https:\/\/interpim.erresse-shop.it\/img-catalogo\/zwilling\/zwilling-set-4-coltelli-bistecca-liscio-professional-s.jpg","schema":{"@context":"https:\/\/schema.org","@graph":[{"@type":"WebPage","@id":"https:\/\/dev6.erresse-shop.it\/es\/shop\/tabla\/cubiertos\/zwilling-juego-de-4-cuchillos-lisos-para-carne\/","url":"https:\/\/dev6.erresse-shop.it\/es\/shop\/tabla\/cubiertos\/zwilling-juego-de-4-cuchillos-lisos-para-carne\/","name":"ZWILLING Juego de 4 cuchillos lisos para carne - dev6 Erresse","isPartOf":{"@id":"https:\/\/dev6.erresse-shop.it\/#website"},"primaryImageOfPage":{"@id":"https:\/\/dev6.erresse-shop.it\/es\/shop\/tabla\/cubiertos\/zwilling-juego-de-4-cuchillos-lisos-para-carne\/#primaryimage"},"image":{"@id":"https:\/\/dev6.erresse-shop.it\/es\/shop\/tabla\/cubiertos\/zwilling-juego-de-4-cuchillos-lisos-para-carne\/#primaryimage"},"thumbnailUrl":"https:\/\/i1.wp.com\/interpim.erresse-shop.it\/img-catalogo\/zwilling\/zwilling-set-4-coltelli-bistecca-liscio-professional-s.jpg?ssl=1","datePublished":"2026-04-04T06:51:41+00:00","description":"El juego de 4 cuchillos para carne ZWILLING\u00ae es ideal para los amantes de la buena carne. No s\u00f3lo impresiona por la alta calidad de sus materiales y el","breadcrumb":{"@id":"https:\/\/dev6.erresse-shop.it\/es\/shop\/tabla\/cubiertos\/zwilling-juego-de-4-cuchillos-lisos-para-carne\/#breadcrumb"},"inLanguage":"es","potentialAction":[{"@type":"ReadAction","target":["https:\/\/dev6.erresse-shop.it\/es\/shop\/tabla\/cubiertos\/zwilling-juego-de-4-cuchillos-lisos-para-carne\/"]}]},{"@type":"ImageObject","inLanguage":"es","@id":"https:\/\/dev6.erresse-shop.it\/es\/shop\/tabla\/cubiertos\/zwilling-juego-de-4-cuchillos-lisos-para-carne\/#primaryimage","url":"https:\/\/i1.wp.com\/interpim.erresse-shop.it\/img-catalogo\/zwilling\/zwilling-set-4-coltelli-bistecca-liscio-professional-s.jpg?ssl=1","contentUrl":"https:\/\/i1.wp.com\/interpim.erresse-shop.it\/img-catalogo\/zwilling\/zwilling-set-4-coltelli-bistecca-liscio-professional-s.jpg?ssl=1"},{"@type":"BreadcrumbList","@id":"https:\/\/dev6.erresse-shop.it\/es\/shop\/tabla\/cubiertos\/zwilling-juego-de-4-cuchillos-lisos-para-carne\/#breadcrumb","itemListElement":[{"@type":"ListItem","position":1,"name":"Home","item":"https:\/\/dev6.erresse-shop.it\/"},{"@type":"ListItem","position":2,"name":"Tienda","item":"https:\/\/dev6.erresse-shop.it\/shop\/"},{"@type":"ListItem","position":3,"name":"ZWILLING Juego de 4 cuchillos lisos para carne"}]},{"@type":"WebSite","@id":"https:\/\/dev6.erresse-shop.it\/#website","url":"https:\/\/dev6.erresse-shop.it\/","name":"Erresse Shop","description":"","publisher":{"@id":"https:\/\/dev6.erresse-shop.it\/#organization"},"potentialAction":[{"@type":"SearchAction","target":{"@type":"EntryPoint","urlTemplate":"https:\/\/dev6.erresse-shop.it\/?s={search_term_string}"},"query-input":{"@type":"PropertyValueSpecification","valueRequired":true,"valueName":"search_term_string"}}],"inLanguage":"es"},{"@type":"Organization","@id":"https:\/\/dev6.erresse-shop.it\/#organization","name":"Erresse Shop","url":"https:\/\/dev6.erresse-shop.it\/","logo":{"@type":"ImageObject","inLanguage":"es","@id":"https:\/\/dev6.erresse-shop.it\/#\/schema\/logo\/image\/","url":"https:\/\/dev6.erresse-shop.it\/wp-content\/uploads\/2025\/01\/LOGO-ERRESSE-CLASSICO.svg","contentUrl":"https:\/\/dev6.erresse-shop.it\/wp-content\/uploads\/2025\/01\/LOGO-ERRESSE-CLASSICO.svg","caption":"Erresse Shop"},"image":{"@id":"https:\/\/dev6.erresse-shop.it\/#\/schema\/logo\/image\/"}}]}},"df_price":49,"df_sale_price":49,"df_regular_price":54.95,"df_image_link":"https:\/\/i1.wp.com\/interpim.erresse-shop.it\/img-catalogo\/zwilling\/zwilling-set-4-coltelli-bistecca-liscio-professional-s.jpg?resize=300,300&ssl=1","fifu_image_url":"https:\/\/interpim.erresse-shop.it\/img-catalogo\/zwilling\/zwilling-set-4-coltelli-bistecca-liscio-professional-s.jpg","_links":{"self":[{"href":"https:\/\/dev6.erresse-shop.it\/es\/wp-json\/wp\/v2\/product\/1878080","targetHints":{"allow":["GET"]}}],"collection":[{"href":"https:\/\/dev6.erresse-shop.it\/es\/wp-json\/wp\/v2\/product"}],"about":[{"href":"https:\/\/dev6.erresse-shop.it\/es\/wp-json\/wp\/v2\/types\/product"}],"wp:featuredmedia":[{"embeddable":true,"href":"https:\/\/dev6.erresse-shop.it\/es\/wp-json\/wp\/v2\/media\/6271582"}],"wp:attachment":[{"href":"https:\/\/dev6.erresse-shop.it\/es\/wp-json\/wp\/v2\/media?parent=1878080"}],"wp:term":[{"taxonomy":"product_cat","embeddable":true,"href":"https:\/\/dev6.erresse-shop.it\/es\/wp-json\/wp\/v2\/product_cat?post=1878080"},{"taxonomy":"product_tag","embeddable":true,"href":"https:\/\/dev6.erresse-shop.it\/es\/wp-json\/wp\/v2\/product_tag?post=1878080"}],"curies":[{"name":"wp","href":"https:\/\/api.w.org\/{rel}","templated":true}]}}