{"id":1878078,"date":"2026-04-12T08:53:10","date_gmt":"2026-04-12T06:53:10","guid":{"rendered":"https:\/\/dev6.erresse-shop.it\/shop\/sin%20categor\u00eda\/marcato-maquina-de-pasta-otello-champagne\/"},"modified":"2025-09-14T08:01:06","modified_gmt":"2025-09-14T06:01:06","slug":"marcato-maquina-de-pasta-otello-champagne","status":"publish","type":"product","link":"https:\/\/dev6.erresse-shop.it\/es\/shop\/cocina\/maquinas-de-pasta\/marcato-maquina-de-pasta-otello-champagne\/","title":{"rendered":"MARCATO M\u00e1quina de Pasta Otello Champagne"},"content":{"rendered":"<p>Estilo de vida Marcato<\/p>\n<p>La cocina es el lugar de encuentro con los seres queridos, el lugar de reuni\u00f3n despu\u00e9s de un d\u00eda de trabajo, el momento de reunirse alrededor de la mesa. La cocina debe ser un lugar relajante y familiar.<br \/>\nDesde 1930 creamos con pasi\u00f3n productos para hacer feliz a la gente. La cultura de la alimentaci\u00f3n sana es el primer paso hacia el bienestar: empezando por la pasta elaborada con ingredientes sencillos y genuinos, s\u00edmbolo de la dieta mediterr\u00e1nea. Todos los productos Marcato son para los amantes de las cosas hechas con arte y para los que han redescubierto el placer de comer bien, con total seguridad.<\/p>\n<p>El dise\u00f1o<\/p>\n<p>En el dise\u00f1o original, Otello Marcato present\u00f3 soluciones vanguardistas como el regulador para modificar el grosor de la hoja de pasta con 7 posiciones.<br \/>\nLa versi\u00f3n moderna de la m\u00e1quina combina el dise\u00f1o original con acabados modernos: los rodillos son de aleaci\u00f3n de aluminio anodizado, mientras que el material de los peines y los rascadores es un tecnopol\u00edmero.<\/p>\n<p>Otello es la m\u00e1quina de edici\u00f3n limitada que celebra el proyecto original del fundador de la empresa, reproponiendo el dise\u00f1o hist\u00f3rico con tecnolog\u00edas modernas, materiales valiosos y acabados exclusivos.<\/p>\n<p>Acabados<\/p>\n<p>La estructura de Otello es de aluminio cromado con tratamiento PVD (Physical Vapor Deposition), un proceso que deposita una fina pel\u00edcula met\u00e1lica sobre el cromo, garantizando un efecto est\u00e9tico espectacular y el endurecimiento de la superficie.<\/p>\n<p>El bosque<\/p>\n<p>Las bases y los pomos de las asas son de madera maciza de wengu\u00e9. Dan un aspecto vintage sin renunciar a la estabilidad y resistencia t\u00edpicas de los productos Marcato. La madera est\u00e1 tratada con aceite natural para aumentar su resistencia y durabilidad.<\/p>\n<p>Un icono italiano<\/p>\n<p>Otello es una pieza de coleccionista de edici\u00f3n limitada, dise\u00f1ada y fabricada por nosotros para representar el dise\u00f1o italiano en todo el mundo. Pero Otello tambi\u00e9n es una aut\u00e9ntica m\u00e1quina de pasta fresca, con la que podr\u00e1 preparar l\u00e1minas de pasta, fettuccine y tagliolini.<\/p>\n<p>Con Otello puede hacer Lasagne con una anchura m\u00e1xima de 150mm, Fettuccine de 6,5mm y Tagliolini de 1,5mm.<\/p>\n<p>Accesorios<\/p>\n<p>Otello se vende con una abrazadera que permite una sujeci\u00f3n firme en el tablero de la mesa.<\/p>\n","protected":false},"excerpt":{"rendered":"<p>Estilo de vida Marcato La cocina es el lugar de encuentro con los seres queridos, el lugar de reuni\u00f3n despu\u00e9s de un d\u00eda de trabajo, el momento de reunirse alrededor de la mesa. La cocina debe ser un lugar relajante y familiar. Desde 1930 creamos con pasi\u00f3n productos para hacer feliz a la gente. La [&hellip;]<\/p>\n","protected":false},"featured_media":6354861,"template":"","meta":{"_acf_changed":false},"product_cat":[11884,11668,11944],"product_tag":[],"class_list":{"0":"post-1878078","1":"product","2":"type-product","3":"status-publish","4":"has-post-thumbnail","6":"product_cat-cocina","7":"product_cat-cucina","8":"product_cat-maquinas-de-pasta","10":"first","11":"outofstock","12":"sale","13":"taxable","14":"shipping-taxable","15":"purchasable","16":"product-type-simple","swatches":"rey-swatches","show_selected":"","stretch_labels":"rey-swatches--stretch-labels"},"acf":[],"yoast_head":"<!-- This site is optimized with the Yoast SEO plugin v25.4 - https:\/\/yoast.com\/wordpress\/plugins\/seo\/ -->\n<title>MARCATO M\u00e1quina de Pasta Otello Champagne - dev6 Erresse<\/title>\n<meta name=\"description\" content=\"Estilo de vida Marcato La cocina es el lugar de encuentro con los seres queridos, el lugar de reuni\u00f3n despu\u00e9s de un d\u00eda de trabajo, el momento de reunirse\" \/>\n<meta name=\"robots\" content=\"noindex, follow, max-snippet:-1, max-image-preview:large, max-video-preview:-1\" \/>\n<meta property=\"og:locale\" content=\"es_ES\" \/>\n<meta property=\"og:type\" content=\"article\" \/>\n<meta property=\"og:title\" content=\"MARCATO M\u00e1quina de Pasta Otello Champagne - dev6 Erresse\" \/>\n<meta property=\"og:description\" content=\"Estilo de vida Marcato La cocina es el lugar de encuentro con los seres queridos, el lugar de reuni\u00f3n despu\u00e9s de un d\u00eda de trabajo, el momento de reunirse\" \/>\n<meta property=\"og:url\" content=\"https:\/\/dev6.erresse-shop.it\/es\/shop\/cocina\/maquinas-de-pasta\/marcato-maquina-de-pasta-otello-champagne\/\" \/>\n<meta property=\"og:site_name\" content=\"dev6 Erresse\" \/>\n<meta property=\"og:image\" content=\"https:\/\/interpim.erresse-shop.it\/Import\/Prodotti\/marcato-macchina-per-pasta-otello-champagne.jpg\" \/><meta property=\"og:image\" content=\"https:\/\/interpim.erresse-shop.it\/Import\/Prodotti\/marcato-macchina-per-pasta-otello-champagne.jpg\" \/>\n\t<meta property=\"og:image:width\" content=\"1024\" \/>\n\t<meta property=\"og:image:height\" content=\"1024\" \/>\n\t<meta property=\"og:image:type\" content=\"image\/jpeg\" \/>\n<meta name=\"twitter:card\" content=\"summary_large_image\" \/>\n<meta name=\"twitter:image\" content=\"https:\/\/interpim.erresse-shop.it\/Import\/Prodotti\/marcato-macchina-per-pasta-otello-champagne.jpg\" \/>\n<script type=\"application\/ld+json\" class=\"yoast-schema-graph\">{\"@context\":\"https:\/\/schema.org\",\"@graph\":[{\"@type\":\"WebPage\",\"@id\":\"https:\/\/dev6.erresse-shop.it\/es\/shop\/cocina\/maquinas-de-pasta\/marcato-maquina-de-pasta-otello-champagne\/\",\"url\":\"https:\/\/dev6.erresse-shop.it\/es\/shop\/cocina\/maquinas-de-pasta\/marcato-maquina-de-pasta-otello-champagne\/\",\"name\":\"MARCATO M\u00e1quina de Pasta Otello Champagne - dev6 Erresse\",\"isPartOf\":{\"@id\":\"https:\/\/dev6.erresse-shop.it\/#website\"},\"primaryImageOfPage\":{\"@id\":\"https:\/\/dev6.erresse-shop.it\/es\/shop\/cocina\/maquinas-de-pasta\/marcato-maquina-de-pasta-otello-champagne\/#primaryimage\"},\"image\":{\"@id\":\"https:\/\/dev6.erresse-shop.it\/es\/shop\/cocina\/maquinas-de-pasta\/marcato-maquina-de-pasta-otello-champagne\/#primaryimage\"},\"thumbnailUrl\":\"https:\/\/i0.wp.com\/interpim.erresse-shop.it\/Import\/Prodotti\/marcato-macchina-per-pasta-otello-champagne.jpg?ssl=1\",\"datePublished\":\"2026-04-12T06:53:10+00:00\",\"description\":\"Estilo de vida Marcato La cocina es el lugar de encuentro con los seres queridos, el lugar de reuni\u00f3n despu\u00e9s de un d\u00eda de trabajo, el momento de reunirse\",\"breadcrumb\":{\"@id\":\"https:\/\/dev6.erresse-shop.it\/es\/shop\/cocina\/maquinas-de-pasta\/marcato-maquina-de-pasta-otello-champagne\/#breadcrumb\"},\"inLanguage\":\"es\",\"potentialAction\":[{\"@type\":\"ReadAction\",\"target\":[\"https:\/\/dev6.erresse-shop.it\/es\/shop\/cocina\/maquinas-de-pasta\/marcato-maquina-de-pasta-otello-champagne\/\"]}]},{\"@type\":\"ImageObject\",\"inLanguage\":\"es\",\"@id\":\"https:\/\/dev6.erresse-shop.it\/es\/shop\/cocina\/maquinas-de-pasta\/marcato-maquina-de-pasta-otello-champagne\/#primaryimage\",\"url\":\"https:\/\/i0.wp.com\/interpim.erresse-shop.it\/Import\/Prodotti\/marcato-macchina-per-pasta-otello-champagne.jpg?ssl=1\",\"contentUrl\":\"https:\/\/i0.wp.com\/interpim.erresse-shop.it\/Import\/Prodotti\/marcato-macchina-per-pasta-otello-champagne.jpg?ssl=1\"},{\"@type\":\"BreadcrumbList\",\"@id\":\"https:\/\/dev6.erresse-shop.it\/es\/shop\/cocina\/maquinas-de-pasta\/marcato-maquina-de-pasta-otello-champagne\/#breadcrumb\",\"itemListElement\":[{\"@type\":\"ListItem\",\"position\":1,\"name\":\"Home\",\"item\":\"https:\/\/dev6.erresse-shop.it\/\"},{\"@type\":\"ListItem\",\"position\":2,\"name\":\"Tienda\",\"item\":\"https:\/\/dev6.erresse-shop.it\/shop\/\"},{\"@type\":\"ListItem\",\"position\":3,\"name\":\"MARCATO M\u00e1quina de Pasta Otello Champagne\"}]},{\"@type\":\"WebSite\",\"@id\":\"https:\/\/dev6.erresse-shop.it\/#website\",\"url\":\"https:\/\/dev6.erresse-shop.it\/\",\"name\":\"Erresse Shop\",\"description\":\"\",\"publisher\":{\"@id\":\"https:\/\/dev6.erresse-shop.it\/#organization\"},\"potentialAction\":[{\"@type\":\"SearchAction\",\"target\":{\"@type\":\"EntryPoint\",\"urlTemplate\":\"https:\/\/dev6.erresse-shop.it\/?s={search_term_string}\"},\"query-input\":{\"@type\":\"PropertyValueSpecification\",\"valueRequired\":true,\"valueName\":\"search_term_string\"}}],\"inLanguage\":\"es\"},{\"@type\":\"Organization\",\"@id\":\"https:\/\/dev6.erresse-shop.it\/#organization\",\"name\":\"Erresse Shop\",\"url\":\"https:\/\/dev6.erresse-shop.it\/\",\"logo\":{\"@type\":\"ImageObject\",\"inLanguage\":\"es\",\"@id\":\"https:\/\/dev6.erresse-shop.it\/#\/schema\/logo\/image\/\",\"url\":\"https:\/\/dev6.erresse-shop.it\/wp-content\/uploads\/2025\/01\/LOGO-ERRESSE-CLASSICO.svg\",\"contentUrl\":\"https:\/\/dev6.erresse-shop.it\/wp-content\/uploads\/2025\/01\/LOGO-ERRESSE-CLASSICO.svg\",\"caption\":\"Erresse Shop\"},\"image\":{\"@id\":\"https:\/\/dev6.erresse-shop.it\/#\/schema\/logo\/image\/\"}}]}<\/script>\n<!-- \/ Yoast SEO plugin. -->","yoast_head_json":{"title":"MARCATO M\u00e1quina de Pasta Otello Champagne - dev6 Erresse","description":"Estilo de vida Marcato La cocina es el lugar de encuentro con los seres queridos, el lugar de reuni\u00f3n despu\u00e9s de un d\u00eda de trabajo, el momento de reunirse","robots":{"index":"noindex","follow":"follow","max-snippet":"max-snippet:-1","max-image-preview":"max-image-preview:large","max-video-preview":"max-video-preview:-1"},"og_locale":"es_ES","og_type":"article","og_title":"MARCATO M\u00e1quina de Pasta Otello Champagne - dev6 Erresse","og_description":"Estilo de vida Marcato La cocina es el lugar de encuentro con los seres queridos, el lugar de reuni\u00f3n despu\u00e9s de un d\u00eda de trabajo, el momento de reunirse","og_url":"https:\/\/dev6.erresse-shop.it\/es\/shop\/cocina\/maquinas-de-pasta\/marcato-maquina-de-pasta-otello-champagne\/","og_site_name":"dev6 Erresse","og_image":[{"url":"https:\/\/interpim.erresse-shop.it\/Import\/Prodotti\/marcato-macchina-per-pasta-otello-champagne.jpg","type":"","width":"","height":""},{"url":"https:\/\/interpim.erresse-shop.it\/Import\/Prodotti\/marcato-macchina-per-pasta-otello-champagne.jpg","width":1024,"height":1024,"type":"image\/jpeg"}],"twitter_card":"summary_large_image","twitter_image":"https:\/\/interpim.erresse-shop.it\/Import\/Prodotti\/marcato-macchina-per-pasta-otello-champagne.jpg","schema":{"@context":"https:\/\/schema.org","@graph":[{"@type":"WebPage","@id":"https:\/\/dev6.erresse-shop.it\/es\/shop\/cocina\/maquinas-de-pasta\/marcato-maquina-de-pasta-otello-champagne\/","url":"https:\/\/dev6.erresse-shop.it\/es\/shop\/cocina\/maquinas-de-pasta\/marcato-maquina-de-pasta-otello-champagne\/","name":"MARCATO M\u00e1quina de Pasta Otello Champagne - dev6 Erresse","isPartOf":{"@id":"https:\/\/dev6.erresse-shop.it\/#website"},"primaryImageOfPage":{"@id":"https:\/\/dev6.erresse-shop.it\/es\/shop\/cocina\/maquinas-de-pasta\/marcato-maquina-de-pasta-otello-champagne\/#primaryimage"},"image":{"@id":"https:\/\/dev6.erresse-shop.it\/es\/shop\/cocina\/maquinas-de-pasta\/marcato-maquina-de-pasta-otello-champagne\/#primaryimage"},"thumbnailUrl":"https:\/\/i0.wp.com\/interpim.erresse-shop.it\/Import\/Prodotti\/marcato-macchina-per-pasta-otello-champagne.jpg?ssl=1","datePublished":"2026-04-12T06:53:10+00:00","description":"Estilo de vida Marcato La cocina es el lugar de encuentro con los seres queridos, el lugar de reuni\u00f3n despu\u00e9s de un d\u00eda de trabajo, el momento de reunirse","breadcrumb":{"@id":"https:\/\/dev6.erresse-shop.it\/es\/shop\/cocina\/maquinas-de-pasta\/marcato-maquina-de-pasta-otello-champagne\/#breadcrumb"},"inLanguage":"es","potentialAction":[{"@type":"ReadAction","target":["https:\/\/dev6.erresse-shop.it\/es\/shop\/cocina\/maquinas-de-pasta\/marcato-maquina-de-pasta-otello-champagne\/"]}]},{"@type":"ImageObject","inLanguage":"es","@id":"https:\/\/dev6.erresse-shop.it\/es\/shop\/cocina\/maquinas-de-pasta\/marcato-maquina-de-pasta-otello-champagne\/#primaryimage","url":"https:\/\/i0.wp.com\/interpim.erresse-shop.it\/Import\/Prodotti\/marcato-macchina-per-pasta-otello-champagne.jpg?ssl=1","contentUrl":"https:\/\/i0.wp.com\/interpim.erresse-shop.it\/Import\/Prodotti\/marcato-macchina-per-pasta-otello-champagne.jpg?ssl=1"},{"@type":"BreadcrumbList","@id":"https:\/\/dev6.erresse-shop.it\/es\/shop\/cocina\/maquinas-de-pasta\/marcato-maquina-de-pasta-otello-champagne\/#breadcrumb","itemListElement":[{"@type":"ListItem","position":1,"name":"Home","item":"https:\/\/dev6.erresse-shop.it\/"},{"@type":"ListItem","position":2,"name":"Tienda","item":"https:\/\/dev6.erresse-shop.it\/shop\/"},{"@type":"ListItem","position":3,"name":"MARCATO M\u00e1quina de Pasta Otello Champagne"}]},{"@type":"WebSite","@id":"https:\/\/dev6.erresse-shop.it\/#website","url":"https:\/\/dev6.erresse-shop.it\/","name":"Erresse Shop","description":"","publisher":{"@id":"https:\/\/dev6.erresse-shop.it\/#organization"},"potentialAction":[{"@type":"SearchAction","target":{"@type":"EntryPoint","urlTemplate":"https:\/\/dev6.erresse-shop.it\/?s={search_term_string}"},"query-input":{"@type":"PropertyValueSpecification","valueRequired":true,"valueName":"search_term_string"}}],"inLanguage":"es"},{"@type":"Organization","@id":"https:\/\/dev6.erresse-shop.it\/#organization","name":"Erresse Shop","url":"https:\/\/dev6.erresse-shop.it\/","logo":{"@type":"ImageObject","inLanguage":"es","@id":"https:\/\/dev6.erresse-shop.it\/#\/schema\/logo\/image\/","url":"https:\/\/dev6.erresse-shop.it\/wp-content\/uploads\/2025\/01\/LOGO-ERRESSE-CLASSICO.svg","contentUrl":"https:\/\/dev6.erresse-shop.it\/wp-content\/uploads\/2025\/01\/LOGO-ERRESSE-CLASSICO.svg","caption":"Erresse Shop"},"image":{"@id":"https:\/\/dev6.erresse-shop.it\/#\/schema\/logo\/image\/"}}]}},"df_price":269.95,"df_sale_price":269.95,"df_regular_price":369.9,"df_image_link":"https:\/\/i0.wp.com\/interpim.erresse-shop.it\/Import\/Prodotti\/marcato-macchina-per-pasta-otello-champagne.jpg?resize=300,300&ssl=1","fifu_image_url":"https:\/\/interpim.erresse-shop.it\/Import\/Prodotti\/marcato-macchina-per-pasta-otello-champagne.jpg","_links":{"self":[{"href":"https:\/\/dev6.erresse-shop.it\/es\/wp-json\/wp\/v2\/product\/1878078","targetHints":{"allow":["GET"]}}],"collection":[{"href":"https:\/\/dev6.erresse-shop.it\/es\/wp-json\/wp\/v2\/product"}],"about":[{"href":"https:\/\/dev6.erresse-shop.it\/es\/wp-json\/wp\/v2\/types\/product"}],"wp:featuredmedia":[{"embeddable":true,"href":"https:\/\/dev6.erresse-shop.it\/es\/wp-json\/wp\/v2\/media\/6354861"}],"wp:attachment":[{"href":"https:\/\/dev6.erresse-shop.it\/es\/wp-json\/wp\/v2\/media?parent=1878078"}],"wp:term":[{"taxonomy":"product_cat","embeddable":true,"href":"https:\/\/dev6.erresse-shop.it\/es\/wp-json\/wp\/v2\/product_cat?post=1878078"},{"taxonomy":"product_tag","embeddable":true,"href":"https:\/\/dev6.erresse-shop.it\/es\/wp-json\/wp\/v2\/product_tag?post=1878078"}],"curies":[{"name":"wp","href":"https:\/\/api.w.org\/{rel}","templated":true}]}}