{"id":1878040,"date":"2026-04-12T08:53:10","date_gmt":"2026-04-12T06:53:10","guid":{"rendered":"https:\/\/dev6.erresse-shop.it\/shop\/sin%20categor\u00eda\/le-creuset-sarten-skillet-alta-de-hierro-fundido-26-cm-deep-teal\/"},"modified":"2025-09-14T08:00:20","modified_gmt":"2025-09-14T06:00:20","slug":"le-creuset-sarten-skillet-alta-de-hierro-fundido-26-cm-deep-teal","status":"publish","type":"product","link":"https:\/\/dev6.erresse-shop.it\/es\/shop\/sartenes-y-ollas\/le-creuset-sarten-skillet-alta-de-hierro-fundido-26-cm-deep-teal\/","title":{"rendered":"LE CREUSET Sart\u00e9n Skillet Alta de Hierro Fundido 26 cm Deep Teal"},"content":{"rendered":"<p>COCINA CON GUSTO<br \/>\nEsta skillet est\u00e1 fabricada en nuestro legendario hierro fundido, que te permite utilizarla tanto en el horno como en los fogones. Esta pieza imprescindible en cualquier cocina incorpora un mango ergon\u00f3mico que permite moverla f\u00e1cilmente. Adem\u00e1s, incorpora dos boquillas para que sirvas tus creaciones sin gotear. \u00bfLa comida est\u00e1 lista? Lleva la skillet directamente a la mesa.<\/p>\n<p>Incre\u00edblemente pr\u00e1ctico: apto para el horno, los fogones, las placas de inducci\u00f3n y el grill.<br \/>\nComida exquisita: la estructura de hierro fundido conserva el calor para cocinar y dorar de manera uniforme. Tus deliciosas elaboraciones permanecer\u00e1n calientes en la mesa durante m\u00e1s tiempo.<br \/>\nAgarre f\u00e1cil: las asas c\u00f3modas y elegantes permiten levantarlo sin riesgos.<br \/>\nUna ayuda extra: el asa auxiliar te permite levantarlo y moverlo entre los fogones, el horno y la mesa f\u00e1cilmente.<br \/>\nVierte sin goteos: las boquillas laterales te permiten verter el contenido f\u00e1cilmente (y sin goteos).<br \/>\nNo al sobrecalentamiento: cocina a fuego medio o bajo constante para cuidar el hierro fundido y disfrutar de unos resultados deliciosos.<br \/>\nResiste bien el paso del tiempo: el esmalte interior desarrolla una p\u00e1tina natural que se comporta como una superficie antiadherente. Adem\u00e1s, su acabado tambi\u00e9n ofrece unas incre\u00edbles propiedades antiadherentes que requieren menos ali\u00f1os. Limpia el producto \u00fanicamente con agua y jab\u00f3n para que la p\u00e1tina pueda desarrollarse.<br \/>\nLos mejores de su categor\u00eda: nuestros productos se fabrican con los mejores materiales en instalaciones de todo el mundo para garantizar la calidad que esperas de Le Creuset.<\/p>\n<p>Material: Hierro Fundido Esmaltado<br \/>\nFabricado en: Francia<br \/>\nGarant\u00eda: Garant\u00eda de por Vida<\/p>\n<p>Fuente de calor:<\/p>\n<p>Parrilla<br \/>\nHorno<br \/>\nPlaca el\u00e9ctrica<br \/>\nVitrocer\u00e1mica<br \/>\nGas<br \/>\nPlaca de inducci\u00f3n<\/p>\n<p>Limpieza:<\/p>\n<p>Espera a que el producto se enfr\u00ede antes de comenzar a limpiarlo.<br \/>\nRetira los restos de la base y los laterales del producto con un pa\u00f1o o servilleta. Si hay comida pegada, llena el producto con agua caliente y jab\u00f3n, deja que se reblandezca durante 15 o 20 minutos y, a continuaci\u00f3n, l\u00e1valo como de costumbre.<br \/>\nNo utilices agentes de limpieza abrasivos ni estropajos o escobillas met\u00e1licos sobre ninguna de las superficies.<br \/>\nS\u00e9calo bien tras el lavado y gu\u00e1rdalo en un lugar seco.<\/p>\n","protected":false},"excerpt":{"rendered":"<p>COCINA CON GUSTO Esta skillet est\u00e1 fabricada en nuestro legendario hierro fundido, que te permite utilizarla tanto en el horno como en los fogones. Esta pieza imprescindible en cualquier cocina incorpora un mango ergon\u00f3mico que permite moverla f\u00e1cilmente. Adem\u00e1s, incorpora dos boquillas para que sirvas tus creaciones sin gotear. \u00bfLa comida est\u00e1 lista? Lleva la [&hellip;]<\/p>\n","protected":false},"featured_media":6354713,"template":"","meta":{"_acf_changed":false},"product_cat":[11883],"product_tag":[],"class_list":{"0":"post-1878040","1":"product","2":"type-product","3":"status-publish","4":"has-post-thumbnail","6":"product_cat-sartenes-y-ollas","8":"first","9":"outofstock","10":"sale","11":"taxable","12":"shipping-taxable","13":"purchasable","14":"product-type-simple","swatches":"rey-swatches","show_selected":"","stretch_labels":"rey-swatches--stretch-labels"},"acf":[],"yoast_head":"<!-- This site is optimized with the Yoast SEO plugin v25.4 - https:\/\/yoast.com\/wordpress\/plugins\/seo\/ -->\n<title>LE CREUSET Sart\u00e9n Skillet Alta de Hierro Fundido 26 cm Deep Teal - dev6 Erresse<\/title>\n<meta name=\"description\" content=\"COCINA CON GUSTO Esta skillet est\u00e1 fabricada en nuestro legendario hierro fundido, que te permite utilizarla tanto en el horno como en los fogones. Esta\" \/>\n<meta name=\"robots\" content=\"noindex, follow, max-snippet:-1, max-image-preview:large, max-video-preview:-1\" \/>\n<meta property=\"og:locale\" content=\"es_ES\" \/>\n<meta property=\"og:type\" content=\"article\" \/>\n<meta property=\"og:title\" content=\"LE CREUSET Sart\u00e9n Skillet Alta de Hierro Fundido 26 cm Deep Teal - dev6 Erresse\" \/>\n<meta property=\"og:description\" content=\"COCINA CON GUSTO Esta skillet est\u00e1 fabricada en nuestro legendario hierro fundido, que te permite utilizarla tanto en el horno como en los fogones. Esta\" \/>\n<meta property=\"og:url\" content=\"https:\/\/dev6.erresse-shop.it\/es\/shop\/sartenes-y-ollas\/le-creuset-sarten-skillet-alta-de-hierro-fundido-26-cm-deep-teal\/\" \/>\n<meta property=\"og:site_name\" content=\"dev6 Erresse\" \/>\n<meta property=\"og:image\" content=\"https:\/\/interpim.erresse-shop.it\/Import\/Prodotti\/le-creuset-padella-profonda-evolution-doppio-becco-26-cm-deep-teal.png\" \/><meta property=\"og:image\" content=\"https:\/\/interpim.erresse-shop.it\/Import\/Prodotti\/le-creuset-padella-profonda-evolution-doppio-becco-26-cm-deep-teal.png\" \/>\n\t<meta property=\"og:image:width\" content=\"1024\" \/>\n\t<meta property=\"og:image:height\" content=\"1024\" \/>\n\t<meta property=\"og:image:type\" content=\"image\/jpeg\" \/>\n<meta name=\"twitter:card\" content=\"summary_large_image\" \/>\n<meta name=\"twitter:image\" content=\"https:\/\/interpim.erresse-shop.it\/Import\/Prodotti\/le-creuset-padella-profonda-evolution-doppio-becco-26-cm-deep-teal.png\" \/>\n<script type=\"application\/ld+json\" class=\"yoast-schema-graph\">{\"@context\":\"https:\/\/schema.org\",\"@graph\":[{\"@type\":\"WebPage\",\"@id\":\"https:\/\/dev6.erresse-shop.it\/es\/shop\/sartenes-y-ollas\/le-creuset-sarten-skillet-alta-de-hierro-fundido-26-cm-deep-teal\/\",\"url\":\"https:\/\/dev6.erresse-shop.it\/es\/shop\/sartenes-y-ollas\/le-creuset-sarten-skillet-alta-de-hierro-fundido-26-cm-deep-teal\/\",\"name\":\"LE CREUSET Sart\u00e9n Skillet Alta de Hierro Fundido 26 cm Deep Teal - dev6 Erresse\",\"isPartOf\":{\"@id\":\"https:\/\/dev6.erresse-shop.it\/#website\"},\"primaryImageOfPage\":{\"@id\":\"https:\/\/dev6.erresse-shop.it\/es\/shop\/sartenes-y-ollas\/le-creuset-sarten-skillet-alta-de-hierro-fundido-26-cm-deep-teal\/#primaryimage\"},\"image\":{\"@id\":\"https:\/\/dev6.erresse-shop.it\/es\/shop\/sartenes-y-ollas\/le-creuset-sarten-skillet-alta-de-hierro-fundido-26-cm-deep-teal\/#primaryimage\"},\"thumbnailUrl\":\"https:\/\/i1.wp.com\/interpim.erresse-shop.it\/Import\/Prodotti\/le-creuset-padella-profonda-evolution-doppio-becco-26-cm-deep-teal.png?ssl=1\",\"datePublished\":\"2026-04-12T06:53:10+00:00\",\"description\":\"COCINA CON GUSTO Esta skillet est\u00e1 fabricada en nuestro legendario hierro fundido, que te permite utilizarla tanto en el horno como en los fogones. Esta\",\"breadcrumb\":{\"@id\":\"https:\/\/dev6.erresse-shop.it\/es\/shop\/sartenes-y-ollas\/le-creuset-sarten-skillet-alta-de-hierro-fundido-26-cm-deep-teal\/#breadcrumb\"},\"inLanguage\":\"es\",\"potentialAction\":[{\"@type\":\"ReadAction\",\"target\":[\"https:\/\/dev6.erresse-shop.it\/es\/shop\/sartenes-y-ollas\/le-creuset-sarten-skillet-alta-de-hierro-fundido-26-cm-deep-teal\/\"]}]},{\"@type\":\"ImageObject\",\"inLanguage\":\"es\",\"@id\":\"https:\/\/dev6.erresse-shop.it\/es\/shop\/sartenes-y-ollas\/le-creuset-sarten-skillet-alta-de-hierro-fundido-26-cm-deep-teal\/#primaryimage\",\"url\":\"https:\/\/i1.wp.com\/interpim.erresse-shop.it\/Import\/Prodotti\/le-creuset-padella-profonda-evolution-doppio-becco-26-cm-deep-teal.png?ssl=1\",\"contentUrl\":\"https:\/\/i1.wp.com\/interpim.erresse-shop.it\/Import\/Prodotti\/le-creuset-padella-profonda-evolution-doppio-becco-26-cm-deep-teal.png?ssl=1\"},{\"@type\":\"BreadcrumbList\",\"@id\":\"https:\/\/dev6.erresse-shop.it\/es\/shop\/sartenes-y-ollas\/le-creuset-sarten-skillet-alta-de-hierro-fundido-26-cm-deep-teal\/#breadcrumb\",\"itemListElement\":[{\"@type\":\"ListItem\",\"position\":1,\"name\":\"Home\",\"item\":\"https:\/\/dev6.erresse-shop.it\/\"},{\"@type\":\"ListItem\",\"position\":2,\"name\":\"Tienda\",\"item\":\"https:\/\/dev6.erresse-shop.it\/shop\/\"},{\"@type\":\"ListItem\",\"position\":3,\"name\":\"LE CREUSET Sart\u00e9n Skillet Alta de Hierro Fundido 26 cm Deep Teal\"}]},{\"@type\":\"WebSite\",\"@id\":\"https:\/\/dev6.erresse-shop.it\/#website\",\"url\":\"https:\/\/dev6.erresse-shop.it\/\",\"name\":\"Erresse Shop\",\"description\":\"\",\"publisher\":{\"@id\":\"https:\/\/dev6.erresse-shop.it\/#organization\"},\"potentialAction\":[{\"@type\":\"SearchAction\",\"target\":{\"@type\":\"EntryPoint\",\"urlTemplate\":\"https:\/\/dev6.erresse-shop.it\/?s={search_term_string}\"},\"query-input\":{\"@type\":\"PropertyValueSpecification\",\"valueRequired\":true,\"valueName\":\"search_term_string\"}}],\"inLanguage\":\"es\"},{\"@type\":\"Organization\",\"@id\":\"https:\/\/dev6.erresse-shop.it\/#organization\",\"name\":\"Erresse Shop\",\"url\":\"https:\/\/dev6.erresse-shop.it\/\",\"logo\":{\"@type\":\"ImageObject\",\"inLanguage\":\"es\",\"@id\":\"https:\/\/dev6.erresse-shop.it\/#\/schema\/logo\/image\/\",\"url\":\"https:\/\/dev6.erresse-shop.it\/wp-content\/uploads\/2025\/01\/LOGO-ERRESSE-CLASSICO.svg\",\"contentUrl\":\"https:\/\/dev6.erresse-shop.it\/wp-content\/uploads\/2025\/01\/LOGO-ERRESSE-CLASSICO.svg\",\"caption\":\"Erresse Shop\"},\"image\":{\"@id\":\"https:\/\/dev6.erresse-shop.it\/#\/schema\/logo\/image\/\"}}]}<\/script>\n<!-- \/ Yoast SEO plugin. -->","yoast_head_json":{"title":"LE CREUSET Sart\u00e9n Skillet Alta de Hierro Fundido 26 cm Deep Teal - dev6 Erresse","description":"COCINA CON GUSTO Esta skillet est\u00e1 fabricada en nuestro legendario hierro fundido, que te permite utilizarla tanto en el horno como en los fogones. Esta","robots":{"index":"noindex","follow":"follow","max-snippet":"max-snippet:-1","max-image-preview":"max-image-preview:large","max-video-preview":"max-video-preview:-1"},"og_locale":"es_ES","og_type":"article","og_title":"LE CREUSET Sart\u00e9n Skillet Alta de Hierro Fundido 26 cm Deep Teal - dev6 Erresse","og_description":"COCINA CON GUSTO Esta skillet est\u00e1 fabricada en nuestro legendario hierro fundido, que te permite utilizarla tanto en el horno como en los fogones. Esta","og_url":"https:\/\/dev6.erresse-shop.it\/es\/shop\/sartenes-y-ollas\/le-creuset-sarten-skillet-alta-de-hierro-fundido-26-cm-deep-teal\/","og_site_name":"dev6 Erresse","og_image":[{"url":"https:\/\/interpim.erresse-shop.it\/Import\/Prodotti\/le-creuset-padella-profonda-evolution-doppio-becco-26-cm-deep-teal.png","type":"","width":"","height":""},{"url":"https:\/\/interpim.erresse-shop.it\/Import\/Prodotti\/le-creuset-padella-profonda-evolution-doppio-becco-26-cm-deep-teal.png","width":1024,"height":1024,"type":"image\/jpeg"}],"twitter_card":"summary_large_image","twitter_image":"https:\/\/interpim.erresse-shop.it\/Import\/Prodotti\/le-creuset-padella-profonda-evolution-doppio-becco-26-cm-deep-teal.png","schema":{"@context":"https:\/\/schema.org","@graph":[{"@type":"WebPage","@id":"https:\/\/dev6.erresse-shop.it\/es\/shop\/sartenes-y-ollas\/le-creuset-sarten-skillet-alta-de-hierro-fundido-26-cm-deep-teal\/","url":"https:\/\/dev6.erresse-shop.it\/es\/shop\/sartenes-y-ollas\/le-creuset-sarten-skillet-alta-de-hierro-fundido-26-cm-deep-teal\/","name":"LE CREUSET Sart\u00e9n Skillet Alta de Hierro Fundido 26 cm Deep Teal - dev6 Erresse","isPartOf":{"@id":"https:\/\/dev6.erresse-shop.it\/#website"},"primaryImageOfPage":{"@id":"https:\/\/dev6.erresse-shop.it\/es\/shop\/sartenes-y-ollas\/le-creuset-sarten-skillet-alta-de-hierro-fundido-26-cm-deep-teal\/#primaryimage"},"image":{"@id":"https:\/\/dev6.erresse-shop.it\/es\/shop\/sartenes-y-ollas\/le-creuset-sarten-skillet-alta-de-hierro-fundido-26-cm-deep-teal\/#primaryimage"},"thumbnailUrl":"https:\/\/i1.wp.com\/interpim.erresse-shop.it\/Import\/Prodotti\/le-creuset-padella-profonda-evolution-doppio-becco-26-cm-deep-teal.png?ssl=1","datePublished":"2026-04-12T06:53:10+00:00","description":"COCINA CON GUSTO Esta skillet est\u00e1 fabricada en nuestro legendario hierro fundido, que te permite utilizarla tanto en el horno como en los fogones. Esta","breadcrumb":{"@id":"https:\/\/dev6.erresse-shop.it\/es\/shop\/sartenes-y-ollas\/le-creuset-sarten-skillet-alta-de-hierro-fundido-26-cm-deep-teal\/#breadcrumb"},"inLanguage":"es","potentialAction":[{"@type":"ReadAction","target":["https:\/\/dev6.erresse-shop.it\/es\/shop\/sartenes-y-ollas\/le-creuset-sarten-skillet-alta-de-hierro-fundido-26-cm-deep-teal\/"]}]},{"@type":"ImageObject","inLanguage":"es","@id":"https:\/\/dev6.erresse-shop.it\/es\/shop\/sartenes-y-ollas\/le-creuset-sarten-skillet-alta-de-hierro-fundido-26-cm-deep-teal\/#primaryimage","url":"https:\/\/i1.wp.com\/interpim.erresse-shop.it\/Import\/Prodotti\/le-creuset-padella-profonda-evolution-doppio-becco-26-cm-deep-teal.png?ssl=1","contentUrl":"https:\/\/i1.wp.com\/interpim.erresse-shop.it\/Import\/Prodotti\/le-creuset-padella-profonda-evolution-doppio-becco-26-cm-deep-teal.png?ssl=1"},{"@type":"BreadcrumbList","@id":"https:\/\/dev6.erresse-shop.it\/es\/shop\/sartenes-y-ollas\/le-creuset-sarten-skillet-alta-de-hierro-fundido-26-cm-deep-teal\/#breadcrumb","itemListElement":[{"@type":"ListItem","position":1,"name":"Home","item":"https:\/\/dev6.erresse-shop.it\/"},{"@type":"ListItem","position":2,"name":"Tienda","item":"https:\/\/dev6.erresse-shop.it\/shop\/"},{"@type":"ListItem","position":3,"name":"LE CREUSET Sart\u00e9n Skillet Alta de Hierro Fundido 26 cm Deep Teal"}]},{"@type":"WebSite","@id":"https:\/\/dev6.erresse-shop.it\/#website","url":"https:\/\/dev6.erresse-shop.it\/","name":"Erresse Shop","description":"","publisher":{"@id":"https:\/\/dev6.erresse-shop.it\/#organization"},"potentialAction":[{"@type":"SearchAction","target":{"@type":"EntryPoint","urlTemplate":"https:\/\/dev6.erresse-shop.it\/?s={search_term_string}"},"query-input":{"@type":"PropertyValueSpecification","valueRequired":true,"valueName":"search_term_string"}}],"inLanguage":"es"},{"@type":"Organization","@id":"https:\/\/dev6.erresse-shop.it\/#organization","name":"Erresse Shop","url":"https:\/\/dev6.erresse-shop.it\/","logo":{"@type":"ImageObject","inLanguage":"es","@id":"https:\/\/dev6.erresse-shop.it\/#\/schema\/logo\/image\/","url":"https:\/\/dev6.erresse-shop.it\/wp-content\/uploads\/2025\/01\/LOGO-ERRESSE-CLASSICO.svg","contentUrl":"https:\/\/dev6.erresse-shop.it\/wp-content\/uploads\/2025\/01\/LOGO-ERRESSE-CLASSICO.svg","caption":"Erresse Shop"},"image":{"@id":"https:\/\/dev6.erresse-shop.it\/#\/schema\/logo\/image\/"}}]}},"df_price":149.95,"df_sale_price":149.95,"df_regular_price":215,"df_image_link":"https:\/\/i1.wp.com\/interpim.erresse-shop.it\/Import\/Prodotti\/le-creuset-padella-profonda-evolution-doppio-becco-26-cm-deep-teal.png?resize=300,300&ssl=1","fifu_image_url":"https:\/\/interpim.erresse-shop.it\/Import\/Prodotti\/le-creuset-padella-profonda-evolution-doppio-becco-26-cm-deep-teal.png","_links":{"self":[{"href":"https:\/\/dev6.erresse-shop.it\/es\/wp-json\/wp\/v2\/product\/1878040","targetHints":{"allow":["GET"]}}],"collection":[{"href":"https:\/\/dev6.erresse-shop.it\/es\/wp-json\/wp\/v2\/product"}],"about":[{"href":"https:\/\/dev6.erresse-shop.it\/es\/wp-json\/wp\/v2\/types\/product"}],"wp:featuredmedia":[{"embeddable":true,"href":"https:\/\/dev6.erresse-shop.it\/es\/wp-json\/wp\/v2\/media\/6354713"}],"wp:attachment":[{"href":"https:\/\/dev6.erresse-shop.it\/es\/wp-json\/wp\/v2\/media?parent=1878040"}],"wp:term":[{"taxonomy":"product_cat","embeddable":true,"href":"https:\/\/dev6.erresse-shop.it\/es\/wp-json\/wp\/v2\/product_cat?post=1878040"},{"taxonomy":"product_tag","embeddable":true,"href":"https:\/\/dev6.erresse-shop.it\/es\/wp-json\/wp\/v2\/product_tag?post=1878040"}],"curies":[{"name":"wp","href":"https:\/\/api.w.org\/{rel}","templated":true}]}}