{"id":1877910,"date":"2026-04-12T08:49:49","date_gmt":"2026-04-12T06:49:49","guid":{"rendered":"https:\/\/dev6.erresse-shop.it\/shop\/sin%20categor\u00eda\/rosenthal-triu-jarron-22-cm-plata\/"},"modified":"2025-09-14T07:57:48","modified_gmt":"2025-09-14T05:57:48","slug":"rosenthal-triu-jarron-22-cm-plata","status":"publish","type":"product","link":"https:\/\/dev6.erresse-shop.it\/es\/shop\/mobiliario\/jarrones\/rosenthal-triu-jarron-22-cm-plata\/","title":{"rendered":"ROSENTHAL Triu Jarr\u00f3n 22 cm Plata"},"content":{"rendered":"<p>Triu es una colecci\u00f3n de elegantes jarrones creada por Rosenthal.<\/p>\n<p>Los jarrones Triu se componen de tres delgados brazos en forma de U, que crean el efecto de tubos met\u00e1licos entrelazados entre s\u00ed. La serie est\u00e1 disponible en oro y plata. El material del que est\u00e1n hechas es el borosilicato, una variedad de vidrio robusta y resistente a la temperatura. Los jarrones Triu son perfectos tanto por separado como atados. Una excelente idea de regalo para un espacio moderno y sofisticado.<\/p>\n<p>Material: Vidrio de borosilicato<br \/>\nColecci\u00f3n: Triu<\/p>\n","protected":false},"excerpt":{"rendered":"<p>Triu es una colecci\u00f3n de elegantes jarrones creada por Rosenthal. Los jarrones Triu se componen de tres delgados brazos en forma de U, que crean el efecto de tubos met\u00e1licos entrelazados entre s\u00ed. La serie est\u00e1 disponible en oro y plata. El material del que est\u00e1n hechas es el borosilicato, una variedad de vidrio robusta [&hellip;]<\/p>\n","protected":false},"featured_media":6353755,"template":"","meta":{"_acf_changed":false},"product_cat":[11666,11910,11882],"product_tag":[],"class_list":{"0":"post-1877910","1":"product","2":"type-product","3":"status-publish","4":"has-post-thumbnail","6":"product_cat-arredamento-casa","7":"product_cat-jarrones","8":"product_cat-mobiliario","10":"first","11":"outofstock","12":"sale","13":"taxable","14":"shipping-taxable","15":"purchasable","16":"product-type-simple","swatches":"rey-swatches","show_selected":"","stretch_labels":"rey-swatches--stretch-labels"},"acf":[],"yoast_head":"<!-- This site is optimized with the Yoast SEO plugin v25.4 - https:\/\/yoast.com\/wordpress\/plugins\/seo\/ -->\n<title>ROSENTHAL Triu Jarr\u00f3n 22 cm Plata - dev6 Erresse<\/title>\n<meta name=\"description\" content=\"Triu es una colecci\u00f3n de elegantes jarrones creada por Rosenthal. Los jarrones Triu se componen de tres delgados brazos en forma de U, que crean el efecto\" \/>\n<meta name=\"robots\" content=\"noindex, follow, max-snippet:-1, max-image-preview:large, max-video-preview:-1\" \/>\n<meta property=\"og:locale\" content=\"es_ES\" \/>\n<meta property=\"og:type\" content=\"article\" \/>\n<meta property=\"og:title\" content=\"ROSENTHAL Triu Jarr\u00f3n 22 cm Plata - dev6 Erresse\" \/>\n<meta property=\"og:description\" content=\"Triu es una colecci\u00f3n de elegantes jarrones creada por Rosenthal. Los jarrones Triu se componen de tres delgados brazos en forma de U, que crean el efecto\" \/>\n<meta property=\"og:url\" content=\"https:\/\/dev6.erresse-shop.it\/es\/shop\/mobiliario\/jarrones\/rosenthal-triu-jarron-22-cm-plata\/\" \/>\n<meta property=\"og:site_name\" content=\"dev6 Erresse\" \/>\n<meta property=\"og:image\" content=\"https:\/\/interpim.erresse-shop.it\/img-catalogo\/rosenthal\/rosenthal-triu-vaso-22-cm-argento.jpg\" \/><meta property=\"og:image\" content=\"https:\/\/interpim.erresse-shop.it\/img-catalogo\/rosenthal\/rosenthal-triu-vaso-22-cm-argento.jpg\" \/>\n\t<meta property=\"og:image:width\" content=\"1024\" \/>\n\t<meta property=\"og:image:height\" content=\"1024\" \/>\n\t<meta property=\"og:image:type\" content=\"image\/jpeg\" \/>\n<meta name=\"twitter:card\" content=\"summary_large_image\" \/>\n<meta name=\"twitter:image\" content=\"https:\/\/interpim.erresse-shop.it\/img-catalogo\/rosenthal\/rosenthal-triu-vaso-22-cm-argento.jpg\" \/>\n<script type=\"application\/ld+json\" class=\"yoast-schema-graph\">{\"@context\":\"https:\/\/schema.org\",\"@graph\":[{\"@type\":\"WebPage\",\"@id\":\"https:\/\/dev6.erresse-shop.it\/es\/shop\/mobiliario\/jarrones\/rosenthal-triu-jarron-22-cm-plata\/\",\"url\":\"https:\/\/dev6.erresse-shop.it\/es\/shop\/mobiliario\/jarrones\/rosenthal-triu-jarron-22-cm-plata\/\",\"name\":\"ROSENTHAL Triu Jarr\u00f3n 22 cm Plata - dev6 Erresse\",\"isPartOf\":{\"@id\":\"https:\/\/dev6.erresse-shop.it\/#website\"},\"primaryImageOfPage\":{\"@id\":\"https:\/\/dev6.erresse-shop.it\/es\/shop\/mobiliario\/jarrones\/rosenthal-triu-jarron-22-cm-plata\/#primaryimage\"},\"image\":{\"@id\":\"https:\/\/dev6.erresse-shop.it\/es\/shop\/mobiliario\/jarrones\/rosenthal-triu-jarron-22-cm-plata\/#primaryimage\"},\"thumbnailUrl\":\"https:\/\/i1.wp.com\/interpim.erresse-shop.it\/img-catalogo\/rosenthal\/rosenthal-triu-vaso-22-cm-argento.jpg?ssl=1\",\"datePublished\":\"2026-04-12T06:49:49+00:00\",\"description\":\"Triu es una colecci\u00f3n de elegantes jarrones creada por Rosenthal. Los jarrones Triu se componen de tres delgados brazos en forma de U, que crean el efecto\",\"breadcrumb\":{\"@id\":\"https:\/\/dev6.erresse-shop.it\/es\/shop\/mobiliario\/jarrones\/rosenthal-triu-jarron-22-cm-plata\/#breadcrumb\"},\"inLanguage\":\"es\",\"potentialAction\":[{\"@type\":\"ReadAction\",\"target\":[\"https:\/\/dev6.erresse-shop.it\/es\/shop\/mobiliario\/jarrones\/rosenthal-triu-jarron-22-cm-plata\/\"]}]},{\"@type\":\"ImageObject\",\"inLanguage\":\"es\",\"@id\":\"https:\/\/dev6.erresse-shop.it\/es\/shop\/mobiliario\/jarrones\/rosenthal-triu-jarron-22-cm-plata\/#primaryimage\",\"url\":\"https:\/\/i1.wp.com\/interpim.erresse-shop.it\/img-catalogo\/rosenthal\/rosenthal-triu-vaso-22-cm-argento.jpg?ssl=1\",\"contentUrl\":\"https:\/\/i1.wp.com\/interpim.erresse-shop.it\/img-catalogo\/rosenthal\/rosenthal-triu-vaso-22-cm-argento.jpg?ssl=1\"},{\"@type\":\"BreadcrumbList\",\"@id\":\"https:\/\/dev6.erresse-shop.it\/es\/shop\/mobiliario\/jarrones\/rosenthal-triu-jarron-22-cm-plata\/#breadcrumb\",\"itemListElement\":[{\"@type\":\"ListItem\",\"position\":1,\"name\":\"Home\",\"item\":\"https:\/\/dev6.erresse-shop.it\/\"},{\"@type\":\"ListItem\",\"position\":2,\"name\":\"Tienda\",\"item\":\"https:\/\/dev6.erresse-shop.it\/shop\/\"},{\"@type\":\"ListItem\",\"position\":3,\"name\":\"ROSENTHAL Triu Jarr\u00f3n 22 cm Plata\"}]},{\"@type\":\"WebSite\",\"@id\":\"https:\/\/dev6.erresse-shop.it\/#website\",\"url\":\"https:\/\/dev6.erresse-shop.it\/\",\"name\":\"Erresse Shop\",\"description\":\"\",\"publisher\":{\"@id\":\"https:\/\/dev6.erresse-shop.it\/#organization\"},\"potentialAction\":[{\"@type\":\"SearchAction\",\"target\":{\"@type\":\"EntryPoint\",\"urlTemplate\":\"https:\/\/dev6.erresse-shop.it\/?s={search_term_string}\"},\"query-input\":{\"@type\":\"PropertyValueSpecification\",\"valueRequired\":true,\"valueName\":\"search_term_string\"}}],\"inLanguage\":\"es\"},{\"@type\":\"Organization\",\"@id\":\"https:\/\/dev6.erresse-shop.it\/#organization\",\"name\":\"Erresse Shop\",\"url\":\"https:\/\/dev6.erresse-shop.it\/\",\"logo\":{\"@type\":\"ImageObject\",\"inLanguage\":\"es\",\"@id\":\"https:\/\/dev6.erresse-shop.it\/#\/schema\/logo\/image\/\",\"url\":\"https:\/\/dev6.erresse-shop.it\/wp-content\/uploads\/2025\/01\/LOGO-ERRESSE-CLASSICO.svg\",\"contentUrl\":\"https:\/\/dev6.erresse-shop.it\/wp-content\/uploads\/2025\/01\/LOGO-ERRESSE-CLASSICO.svg\",\"caption\":\"Erresse Shop\"},\"image\":{\"@id\":\"https:\/\/dev6.erresse-shop.it\/#\/schema\/logo\/image\/\"}}]}<\/script>\n<!-- \/ Yoast SEO plugin. -->","yoast_head_json":{"title":"ROSENTHAL Triu Jarr\u00f3n 22 cm Plata - dev6 Erresse","description":"Triu es una colecci\u00f3n de elegantes jarrones creada por Rosenthal. Los jarrones Triu se componen de tres delgados brazos en forma de U, que crean el efecto","robots":{"index":"noindex","follow":"follow","max-snippet":"max-snippet:-1","max-image-preview":"max-image-preview:large","max-video-preview":"max-video-preview:-1"},"og_locale":"es_ES","og_type":"article","og_title":"ROSENTHAL Triu Jarr\u00f3n 22 cm Plata - dev6 Erresse","og_description":"Triu es una colecci\u00f3n de elegantes jarrones creada por Rosenthal. Los jarrones Triu se componen de tres delgados brazos en forma de U, que crean el efecto","og_url":"https:\/\/dev6.erresse-shop.it\/es\/shop\/mobiliario\/jarrones\/rosenthal-triu-jarron-22-cm-plata\/","og_site_name":"dev6 Erresse","og_image":[{"url":"https:\/\/interpim.erresse-shop.it\/img-catalogo\/rosenthal\/rosenthal-triu-vaso-22-cm-argento.jpg","type":"","width":"","height":""},{"url":"https:\/\/interpim.erresse-shop.it\/img-catalogo\/rosenthal\/rosenthal-triu-vaso-22-cm-argento.jpg","width":1024,"height":1024,"type":"image\/jpeg"}],"twitter_card":"summary_large_image","twitter_image":"https:\/\/interpim.erresse-shop.it\/img-catalogo\/rosenthal\/rosenthal-triu-vaso-22-cm-argento.jpg","schema":{"@context":"https:\/\/schema.org","@graph":[{"@type":"WebPage","@id":"https:\/\/dev6.erresse-shop.it\/es\/shop\/mobiliario\/jarrones\/rosenthal-triu-jarron-22-cm-plata\/","url":"https:\/\/dev6.erresse-shop.it\/es\/shop\/mobiliario\/jarrones\/rosenthal-triu-jarron-22-cm-plata\/","name":"ROSENTHAL Triu Jarr\u00f3n 22 cm Plata - dev6 Erresse","isPartOf":{"@id":"https:\/\/dev6.erresse-shop.it\/#website"},"primaryImageOfPage":{"@id":"https:\/\/dev6.erresse-shop.it\/es\/shop\/mobiliario\/jarrones\/rosenthal-triu-jarron-22-cm-plata\/#primaryimage"},"image":{"@id":"https:\/\/dev6.erresse-shop.it\/es\/shop\/mobiliario\/jarrones\/rosenthal-triu-jarron-22-cm-plata\/#primaryimage"},"thumbnailUrl":"https:\/\/i1.wp.com\/interpim.erresse-shop.it\/img-catalogo\/rosenthal\/rosenthal-triu-vaso-22-cm-argento.jpg?ssl=1","datePublished":"2026-04-12T06:49:49+00:00","description":"Triu es una colecci\u00f3n de elegantes jarrones creada por Rosenthal. Los jarrones Triu se componen de tres delgados brazos en forma de U, que crean el efecto","breadcrumb":{"@id":"https:\/\/dev6.erresse-shop.it\/es\/shop\/mobiliario\/jarrones\/rosenthal-triu-jarron-22-cm-plata\/#breadcrumb"},"inLanguage":"es","potentialAction":[{"@type":"ReadAction","target":["https:\/\/dev6.erresse-shop.it\/es\/shop\/mobiliario\/jarrones\/rosenthal-triu-jarron-22-cm-plata\/"]}]},{"@type":"ImageObject","inLanguage":"es","@id":"https:\/\/dev6.erresse-shop.it\/es\/shop\/mobiliario\/jarrones\/rosenthal-triu-jarron-22-cm-plata\/#primaryimage","url":"https:\/\/i1.wp.com\/interpim.erresse-shop.it\/img-catalogo\/rosenthal\/rosenthal-triu-vaso-22-cm-argento.jpg?ssl=1","contentUrl":"https:\/\/i1.wp.com\/interpim.erresse-shop.it\/img-catalogo\/rosenthal\/rosenthal-triu-vaso-22-cm-argento.jpg?ssl=1"},{"@type":"BreadcrumbList","@id":"https:\/\/dev6.erresse-shop.it\/es\/shop\/mobiliario\/jarrones\/rosenthal-triu-jarron-22-cm-plata\/#breadcrumb","itemListElement":[{"@type":"ListItem","position":1,"name":"Home","item":"https:\/\/dev6.erresse-shop.it\/"},{"@type":"ListItem","position":2,"name":"Tienda","item":"https:\/\/dev6.erresse-shop.it\/shop\/"},{"@type":"ListItem","position":3,"name":"ROSENTHAL Triu Jarr\u00f3n 22 cm Plata"}]},{"@type":"WebSite","@id":"https:\/\/dev6.erresse-shop.it\/#website","url":"https:\/\/dev6.erresse-shop.it\/","name":"Erresse Shop","description":"","publisher":{"@id":"https:\/\/dev6.erresse-shop.it\/#organization"},"potentialAction":[{"@type":"SearchAction","target":{"@type":"EntryPoint","urlTemplate":"https:\/\/dev6.erresse-shop.it\/?s={search_term_string}"},"query-input":{"@type":"PropertyValueSpecification","valueRequired":true,"valueName":"search_term_string"}}],"inLanguage":"es"},{"@type":"Organization","@id":"https:\/\/dev6.erresse-shop.it\/#organization","name":"Erresse Shop","url":"https:\/\/dev6.erresse-shop.it\/","logo":{"@type":"ImageObject","inLanguage":"es","@id":"https:\/\/dev6.erresse-shop.it\/#\/schema\/logo\/image\/","url":"https:\/\/dev6.erresse-shop.it\/wp-content\/uploads\/2025\/01\/LOGO-ERRESSE-CLASSICO.svg","contentUrl":"https:\/\/dev6.erresse-shop.it\/wp-content\/uploads\/2025\/01\/LOGO-ERRESSE-CLASSICO.svg","caption":"Erresse Shop"},"image":{"@id":"https:\/\/dev6.erresse-shop.it\/#\/schema\/logo\/image\/"}}]}},"df_price":159.95,"df_sale_price":159.95,"df_regular_price":175,"df_image_link":"https:\/\/i1.wp.com\/interpim.erresse-shop.it\/img-catalogo\/rosenthal\/rosenthal-triu-vaso-22-cm-argento.jpg?resize=300,300&ssl=1","fifu_image_url":"https:\/\/interpim.erresse-shop.it\/img-catalogo\/rosenthal\/rosenthal-triu-vaso-22-cm-argento.jpg","_links":{"self":[{"href":"https:\/\/dev6.erresse-shop.it\/es\/wp-json\/wp\/v2\/product\/1877910","targetHints":{"allow":["GET"]}}],"collection":[{"href":"https:\/\/dev6.erresse-shop.it\/es\/wp-json\/wp\/v2\/product"}],"about":[{"href":"https:\/\/dev6.erresse-shop.it\/es\/wp-json\/wp\/v2\/types\/product"}],"wp:featuredmedia":[{"embeddable":true,"href":"https:\/\/dev6.erresse-shop.it\/es\/wp-json\/wp\/v2\/media\/6353755"}],"wp:attachment":[{"href":"https:\/\/dev6.erresse-shop.it\/es\/wp-json\/wp\/v2\/media?parent=1877910"}],"wp:term":[{"taxonomy":"product_cat","embeddable":true,"href":"https:\/\/dev6.erresse-shop.it\/es\/wp-json\/wp\/v2\/product_cat?post=1877910"},{"taxonomy":"product_tag","embeddable":true,"href":"https:\/\/dev6.erresse-shop.it\/es\/wp-json\/wp\/v2\/product_tag?post=1877910"}],"curies":[{"name":"wp","href":"https:\/\/api.w.org\/{rel}","templated":true}]}}