{"id":1877902,"date":"2026-04-12T08:48:42","date_gmt":"2026-04-12T06:48:42","guid":{"rendered":"https:\/\/dev6.erresse-shop.it\/shop\/sin%20categor\u00eda\/ruffoni-historia-decor-juego-8-piezas\/"},"modified":"2025-09-14T07:57:39","modified_gmt":"2025-09-14T05:57:39","slug":"ruffoni-historia-decor-juego-8-piezas","status":"publish","type":"product","link":"https:\/\/dev6.erresse-shop.it\/es\/shop\/sartenes-y-ollas\/juegos-de-ollas\/ruffoni-historia-decor-juego-8-piezas\/","title":{"rendered":"RUFFONI Historia Decor Juego 8 Piezas"},"content":{"rendered":"<p>HISTORIA DECOR<\/p>\n<p>Una l\u00ednea de objetos de cocci\u00f3n extraordinarios que son el resultado de la combinaci\u00f3n de tecnolog\u00eda punta y mano de obra milenaria que a\u00fan hoy salvaguardan nuestros maestros artesanos.<br \/>\nCreaciones legendarias que adquieren la dignidad de la pieza \u00fanica y que reviven siglos de historia, experiencia y tradiciones populares. Elaborados a partir de l\u00e1minas de cobre macizo y esta\u00f1ados a mano sobre el fuego con el esta\u00f1o m\u00e1s puro, gracias a las asas y a las decoraciones de bronce fundido que embellecen las tapas, se convierten en temas de importancia regia. Insuperables por su conductividad t\u00e9rmica y su perfecto control de la temperatura, son la herramienta ideal para cocinar a gas o en el horno.<\/p>\n<p>El juego est\u00e1 compuesto de la siguiente manera:<\/p>\n<p>\u2013 Cacerola 2 maneja 28 cm (3103B-28)<br \/>\n\u2013 Tapa de 28 cm (3101B-28)<br \/>\n\u2013 Cacerola 1 maneja 16 cm (3104B-16)<br \/>\n\u2013 Tapa de 16 cm (3101B-16)<br \/>\n\u2013 Olla 24 cm (3102-24)<br \/>\n\u2013 Tapa 24 cm (3101B-24)<br \/>\n\u2013 Pan 2 maneja 28 cm NO TAPA (3105-28)<br \/>\n\u2013 Pan de 24 cm (3106B-24)<\/p>\n<p>Fabricado en Italia <\/p>\n","protected":false},"excerpt":{"rendered":"<p>HISTORIA DECOR Una l\u00ednea de objetos de cocci\u00f3n extraordinarios que son el resultado de la combinaci\u00f3n de tecnolog\u00eda punta y mano de obra milenaria que a\u00fan hoy salvaguardan nuestros maestros artesanos. Creaciones legendarias que adquieren la dignidad de la pieza \u00fanica y que reviven siglos de historia, experiencia y tradiciones populares. Elaborados a partir de [&hellip;]<\/p>\n","protected":false},"featured_media":6353741,"template":"","meta":{"_acf_changed":false},"product_cat":[11916,11667,11883],"product_tag":[],"class_list":{"0":"post-1877902","1":"product","2":"type-product","3":"status-publish","4":"has-post-thumbnail","6":"product_cat-juegos-de-ollas","7":"product_cat-padelle-pentole","8":"product_cat-sartenes-y-ollas","10":"first","11":"outofstock","12":"sale","13":"taxable","14":"shipping-taxable","15":"purchasable","16":"product-type-simple","swatches":"rey-swatches","show_selected":"","stretch_labels":"rey-swatches--stretch-labels"},"acf":[],"yoast_head":"<!-- This site is optimized with the Yoast SEO plugin v25.4 - https:\/\/yoast.com\/wordpress\/plugins\/seo\/ -->\n<title>RUFFONI Historia Decor Juego 8 Piezas - dev6 Erresse<\/title>\n<meta name=\"description\" content=\"HISTORIA DECOR Una l\u00ednea de objetos de cocci\u00f3n extraordinarios que son el resultado de la combinaci\u00f3n de tecnolog\u00eda punta y mano de obra milenaria que a\u00fan\" \/>\n<meta name=\"robots\" content=\"noindex, follow, max-snippet:-1, max-image-preview:large, max-video-preview:-1\" \/>\n<meta property=\"og:locale\" content=\"es_ES\" \/>\n<meta property=\"og:type\" content=\"article\" \/>\n<meta property=\"og:title\" content=\"RUFFONI Historia Decor Juego 8 Piezas - dev6 Erresse\" \/>\n<meta property=\"og:description\" content=\"HISTORIA DECOR Una l\u00ednea de objetos de cocci\u00f3n extraordinarios que son el resultado de la combinaci\u00f3n de tecnolog\u00eda punta y mano de obra milenaria que a\u00fan\" \/>\n<meta property=\"og:url\" content=\"https:\/\/dev6.erresse-shop.it\/es\/shop\/sartenes-y-ollas\/juegos-de-ollas\/ruffoni-historia-decor-juego-8-piezas\/\" \/>\n<meta property=\"og:site_name\" content=\"dev6 Erresse\" \/>\n<meta property=\"og:image\" content=\"https:\/\/interpim.erresse-shop.it\/Import\/Prodotti\/3306b.jpg\" \/><meta property=\"og:image\" content=\"https:\/\/interpim.erresse-shop.it\/Import\/Prodotti\/3306b.jpg\" \/>\n\t<meta property=\"og:image:width\" content=\"1024\" \/>\n\t<meta property=\"og:image:height\" content=\"1024\" \/>\n\t<meta property=\"og:image:type\" content=\"image\/jpeg\" \/>\n<meta name=\"twitter:card\" content=\"summary_large_image\" \/>\n<meta name=\"twitter:image\" content=\"https:\/\/interpim.erresse-shop.it\/Import\/Prodotti\/3306b.jpg\" \/>\n<script type=\"application\/ld+json\" class=\"yoast-schema-graph\">{\"@context\":\"https:\/\/schema.org\",\"@graph\":[{\"@type\":\"WebPage\",\"@id\":\"https:\/\/dev6.erresse-shop.it\/es\/shop\/sartenes-y-ollas\/juegos-de-ollas\/ruffoni-historia-decor-juego-8-piezas\/\",\"url\":\"https:\/\/dev6.erresse-shop.it\/es\/shop\/sartenes-y-ollas\/juegos-de-ollas\/ruffoni-historia-decor-juego-8-piezas\/\",\"name\":\"RUFFONI Historia Decor Juego 8 Piezas - dev6 Erresse\",\"isPartOf\":{\"@id\":\"https:\/\/dev6.erresse-shop.it\/#website\"},\"primaryImageOfPage\":{\"@id\":\"https:\/\/dev6.erresse-shop.it\/es\/shop\/sartenes-y-ollas\/juegos-de-ollas\/ruffoni-historia-decor-juego-8-piezas\/#primaryimage\"},\"image\":{\"@id\":\"https:\/\/dev6.erresse-shop.it\/es\/shop\/sartenes-y-ollas\/juegos-de-ollas\/ruffoni-historia-decor-juego-8-piezas\/#primaryimage\"},\"thumbnailUrl\":\"https:\/\/i0.wp.com\/interpim.erresse-shop.it\/Import\/Prodotti\/3306b.jpg?ssl=1\",\"datePublished\":\"2026-04-12T06:48:42+00:00\",\"description\":\"HISTORIA DECOR Una l\u00ednea de objetos de cocci\u00f3n extraordinarios que son el resultado de la combinaci\u00f3n de tecnolog\u00eda punta y mano de obra milenaria que a\u00fan\",\"breadcrumb\":{\"@id\":\"https:\/\/dev6.erresse-shop.it\/es\/shop\/sartenes-y-ollas\/juegos-de-ollas\/ruffoni-historia-decor-juego-8-piezas\/#breadcrumb\"},\"inLanguage\":\"es\",\"potentialAction\":[{\"@type\":\"ReadAction\",\"target\":[\"https:\/\/dev6.erresse-shop.it\/es\/shop\/sartenes-y-ollas\/juegos-de-ollas\/ruffoni-historia-decor-juego-8-piezas\/\"]}]},{\"@type\":\"ImageObject\",\"inLanguage\":\"es\",\"@id\":\"https:\/\/dev6.erresse-shop.it\/es\/shop\/sartenes-y-ollas\/juegos-de-ollas\/ruffoni-historia-decor-juego-8-piezas\/#primaryimage\",\"url\":\"https:\/\/i0.wp.com\/interpim.erresse-shop.it\/Import\/Prodotti\/3306b.jpg?ssl=1\",\"contentUrl\":\"https:\/\/i0.wp.com\/interpim.erresse-shop.it\/Import\/Prodotti\/3306b.jpg?ssl=1\"},{\"@type\":\"BreadcrumbList\",\"@id\":\"https:\/\/dev6.erresse-shop.it\/es\/shop\/sartenes-y-ollas\/juegos-de-ollas\/ruffoni-historia-decor-juego-8-piezas\/#breadcrumb\",\"itemListElement\":[{\"@type\":\"ListItem\",\"position\":1,\"name\":\"Home\",\"item\":\"https:\/\/dev6.erresse-shop.it\/\"},{\"@type\":\"ListItem\",\"position\":2,\"name\":\"Tienda\",\"item\":\"https:\/\/dev6.erresse-shop.it\/shop\/\"},{\"@type\":\"ListItem\",\"position\":3,\"name\":\"RUFFONI Historia Decor Juego 8 Piezas\"}]},{\"@type\":\"WebSite\",\"@id\":\"https:\/\/dev6.erresse-shop.it\/#website\",\"url\":\"https:\/\/dev6.erresse-shop.it\/\",\"name\":\"Erresse Shop\",\"description\":\"\",\"publisher\":{\"@id\":\"https:\/\/dev6.erresse-shop.it\/#organization\"},\"potentialAction\":[{\"@type\":\"SearchAction\",\"target\":{\"@type\":\"EntryPoint\",\"urlTemplate\":\"https:\/\/dev6.erresse-shop.it\/?s={search_term_string}\"},\"query-input\":{\"@type\":\"PropertyValueSpecification\",\"valueRequired\":true,\"valueName\":\"search_term_string\"}}],\"inLanguage\":\"es\"},{\"@type\":\"Organization\",\"@id\":\"https:\/\/dev6.erresse-shop.it\/#organization\",\"name\":\"Erresse Shop\",\"url\":\"https:\/\/dev6.erresse-shop.it\/\",\"logo\":{\"@type\":\"ImageObject\",\"inLanguage\":\"es\",\"@id\":\"https:\/\/dev6.erresse-shop.it\/#\/schema\/logo\/image\/\",\"url\":\"https:\/\/dev6.erresse-shop.it\/wp-content\/uploads\/2025\/01\/LOGO-ERRESSE-CLASSICO.svg\",\"contentUrl\":\"https:\/\/dev6.erresse-shop.it\/wp-content\/uploads\/2025\/01\/LOGO-ERRESSE-CLASSICO.svg\",\"caption\":\"Erresse Shop\"},\"image\":{\"@id\":\"https:\/\/dev6.erresse-shop.it\/#\/schema\/logo\/image\/\"}}]}<\/script>\n<!-- \/ Yoast SEO plugin. -->","yoast_head_json":{"title":"RUFFONI Historia Decor Juego 8 Piezas - dev6 Erresse","description":"HISTORIA DECOR Una l\u00ednea de objetos de cocci\u00f3n extraordinarios que son el resultado de la combinaci\u00f3n de tecnolog\u00eda punta y mano de obra milenaria que a\u00fan","robots":{"index":"noindex","follow":"follow","max-snippet":"max-snippet:-1","max-image-preview":"max-image-preview:large","max-video-preview":"max-video-preview:-1"},"og_locale":"es_ES","og_type":"article","og_title":"RUFFONI Historia Decor Juego 8 Piezas - dev6 Erresse","og_description":"HISTORIA DECOR Una l\u00ednea de objetos de cocci\u00f3n extraordinarios que son el resultado de la combinaci\u00f3n de tecnolog\u00eda punta y mano de obra milenaria que a\u00fan","og_url":"https:\/\/dev6.erresse-shop.it\/es\/shop\/sartenes-y-ollas\/juegos-de-ollas\/ruffoni-historia-decor-juego-8-piezas\/","og_site_name":"dev6 Erresse","og_image":[{"url":"https:\/\/interpim.erresse-shop.it\/Import\/Prodotti\/3306b.jpg","type":"","width":"","height":""},{"url":"https:\/\/interpim.erresse-shop.it\/Import\/Prodotti\/3306b.jpg","width":1024,"height":1024,"type":"image\/jpeg"}],"twitter_card":"summary_large_image","twitter_image":"https:\/\/interpim.erresse-shop.it\/Import\/Prodotti\/3306b.jpg","schema":{"@context":"https:\/\/schema.org","@graph":[{"@type":"WebPage","@id":"https:\/\/dev6.erresse-shop.it\/es\/shop\/sartenes-y-ollas\/juegos-de-ollas\/ruffoni-historia-decor-juego-8-piezas\/","url":"https:\/\/dev6.erresse-shop.it\/es\/shop\/sartenes-y-ollas\/juegos-de-ollas\/ruffoni-historia-decor-juego-8-piezas\/","name":"RUFFONI Historia Decor Juego 8 Piezas - dev6 Erresse","isPartOf":{"@id":"https:\/\/dev6.erresse-shop.it\/#website"},"primaryImageOfPage":{"@id":"https:\/\/dev6.erresse-shop.it\/es\/shop\/sartenes-y-ollas\/juegos-de-ollas\/ruffoni-historia-decor-juego-8-piezas\/#primaryimage"},"image":{"@id":"https:\/\/dev6.erresse-shop.it\/es\/shop\/sartenes-y-ollas\/juegos-de-ollas\/ruffoni-historia-decor-juego-8-piezas\/#primaryimage"},"thumbnailUrl":"https:\/\/i0.wp.com\/interpim.erresse-shop.it\/Import\/Prodotti\/3306b.jpg?ssl=1","datePublished":"2026-04-12T06:48:42+00:00","description":"HISTORIA DECOR Una l\u00ednea de objetos de cocci\u00f3n extraordinarios que son el resultado de la combinaci\u00f3n de tecnolog\u00eda punta y mano de obra milenaria que a\u00fan","breadcrumb":{"@id":"https:\/\/dev6.erresse-shop.it\/es\/shop\/sartenes-y-ollas\/juegos-de-ollas\/ruffoni-historia-decor-juego-8-piezas\/#breadcrumb"},"inLanguage":"es","potentialAction":[{"@type":"ReadAction","target":["https:\/\/dev6.erresse-shop.it\/es\/shop\/sartenes-y-ollas\/juegos-de-ollas\/ruffoni-historia-decor-juego-8-piezas\/"]}]},{"@type":"ImageObject","inLanguage":"es","@id":"https:\/\/dev6.erresse-shop.it\/es\/shop\/sartenes-y-ollas\/juegos-de-ollas\/ruffoni-historia-decor-juego-8-piezas\/#primaryimage","url":"https:\/\/i0.wp.com\/interpim.erresse-shop.it\/Import\/Prodotti\/3306b.jpg?ssl=1","contentUrl":"https:\/\/i0.wp.com\/interpim.erresse-shop.it\/Import\/Prodotti\/3306b.jpg?ssl=1"},{"@type":"BreadcrumbList","@id":"https:\/\/dev6.erresse-shop.it\/es\/shop\/sartenes-y-ollas\/juegos-de-ollas\/ruffoni-historia-decor-juego-8-piezas\/#breadcrumb","itemListElement":[{"@type":"ListItem","position":1,"name":"Home","item":"https:\/\/dev6.erresse-shop.it\/"},{"@type":"ListItem","position":2,"name":"Tienda","item":"https:\/\/dev6.erresse-shop.it\/shop\/"},{"@type":"ListItem","position":3,"name":"RUFFONI Historia Decor Juego 8 Piezas"}]},{"@type":"WebSite","@id":"https:\/\/dev6.erresse-shop.it\/#website","url":"https:\/\/dev6.erresse-shop.it\/","name":"Erresse Shop","description":"","publisher":{"@id":"https:\/\/dev6.erresse-shop.it\/#organization"},"potentialAction":[{"@type":"SearchAction","target":{"@type":"EntryPoint","urlTemplate":"https:\/\/dev6.erresse-shop.it\/?s={search_term_string}"},"query-input":{"@type":"PropertyValueSpecification","valueRequired":true,"valueName":"search_term_string"}}],"inLanguage":"es"},{"@type":"Organization","@id":"https:\/\/dev6.erresse-shop.it\/#organization","name":"Erresse Shop","url":"https:\/\/dev6.erresse-shop.it\/","logo":{"@type":"ImageObject","inLanguage":"es","@id":"https:\/\/dev6.erresse-shop.it\/#\/schema\/logo\/image\/","url":"https:\/\/dev6.erresse-shop.it\/wp-content\/uploads\/2025\/01\/LOGO-ERRESSE-CLASSICO.svg","contentUrl":"https:\/\/dev6.erresse-shop.it\/wp-content\/uploads\/2025\/01\/LOGO-ERRESSE-CLASSICO.svg","caption":"Erresse Shop"},"image":{"@id":"https:\/\/dev6.erresse-shop.it\/#\/schema\/logo\/image\/"}}]}},"df_price":1229.95,"df_sale_price":1229.95,"df_regular_price":1762,"df_image_link":"https:\/\/i0.wp.com\/interpim.erresse-shop.it\/Import\/Prodotti\/3306b.jpg?resize=300,300&ssl=1","fifu_image_url":"https:\/\/interpim.erresse-shop.it\/Import\/Prodotti\/3306b.jpg","_links":{"self":[{"href":"https:\/\/dev6.erresse-shop.it\/es\/wp-json\/wp\/v2\/product\/1877902","targetHints":{"allow":["GET"]}}],"collection":[{"href":"https:\/\/dev6.erresse-shop.it\/es\/wp-json\/wp\/v2\/product"}],"about":[{"href":"https:\/\/dev6.erresse-shop.it\/es\/wp-json\/wp\/v2\/types\/product"}],"wp:featuredmedia":[{"embeddable":true,"href":"https:\/\/dev6.erresse-shop.it\/es\/wp-json\/wp\/v2\/media\/6353741"}],"wp:attachment":[{"href":"https:\/\/dev6.erresse-shop.it\/es\/wp-json\/wp\/v2\/media?parent=1877902"}],"wp:term":[{"taxonomy":"product_cat","embeddable":true,"href":"https:\/\/dev6.erresse-shop.it\/es\/wp-json\/wp\/v2\/product_cat?post=1877902"},{"taxonomy":"product_tag","embeddable":true,"href":"https:\/\/dev6.erresse-shop.it\/es\/wp-json\/wp\/v2\/product_tag?post=1877902"}],"curies":[{"name":"wp","href":"https:\/\/api.w.org\/{rel}","templated":true}]}}