{"id":1877862,"date":"2026-04-04T08:46:23","date_gmt":"2026-04-04T06:46:23","guid":{"rendered":"https:\/\/dev6.erresse-shop.it\/shop\/sin%20categor\u00eda\/seletti-llave-de-porcelana-power-key\/"},"modified":"2025-07-04T21:42:10","modified_gmt":"2025-07-04T19:42:10","slug":"seletti-llave-de-porcelana-power-key","status":"publish","type":"product","link":"https:\/\/dev6.erresse-shop.it\/es\/shop\/mobiliario\/articulos-de-decoracion\/seletti-llave-de-porcelana-power-key\/","title":{"rendered":"SELETTI Llave de Porcelana Power Key"},"content":{"rendered":"<p>La llave es un objeto muy poderoso: puede representar nuestros deseos, la llave de la pasi\u00f3n, la llave del poder, la llave de la libertad. Las llaves permiten a sus due\u00f1os entrar en lugares especiales, imposibles de alcanzar sin ellas.<\/p>\n<p>Dise\u00f1o: Marcantonio<br \/>\nMaterial: porcelana<br \/>\nMedidas: Cm. 17 h.50<\/p>\n","protected":false},"excerpt":{"rendered":"<p>La llave es un objeto muy poderoso: puede representar nuestros deseos, la llave de la pasi\u00f3n, la llave del poder, la llave de la libertad. Las llaves permiten a sus due\u00f1os entrar en lugares especiales, imposibles de alcanzar sin ellas. Dise\u00f1o: Marcantonio Material: porcelana Medidas: Cm. 17 h.50<\/p>\n","protected":false},"featured_media":6270347,"template":"","meta":{"_acf_changed":false},"product_cat":[11666,11913,11882],"product_tag":[],"class_list":{"0":"post-1877862","1":"product","2":"type-product","3":"status-publish","4":"has-post-thumbnail","6":"product_cat-arredamento-casa","7":"product_cat-articulos-de-decoracion","8":"product_cat-mobiliario","10":"first","11":"outofstock","12":"taxable","13":"shipping-taxable","14":"product-type-simple","swatches":"rey-swatches","show_selected":"","stretch_labels":"rey-swatches--stretch-labels"},"acf":[],"yoast_head":"<!-- This site is optimized with the Yoast SEO plugin v25.4 - https:\/\/yoast.com\/wordpress\/plugins\/seo\/ -->\n<title>SELETTI Llave de Porcelana Power Key - dev6 Erresse<\/title>\n<meta name=\"description\" content=\"La llave es un objeto muy poderoso: puede representar nuestros deseos, la llave de la pasi\u00f3n, la llave del poder, la llave de la libertad. Las llaves\" \/>\n<meta name=\"robots\" content=\"noindex, follow, max-snippet:-1, max-image-preview:large, max-video-preview:-1\" \/>\n<meta property=\"og:locale\" content=\"es_ES\" \/>\n<meta property=\"og:type\" content=\"article\" \/>\n<meta property=\"og:title\" content=\"SELETTI Llave de Porcelana Power Key - dev6 Erresse\" \/>\n<meta property=\"og:description\" content=\"La llave es un objeto muy poderoso: puede representar nuestros deseos, la llave de la pasi\u00f3n, la llave del poder, la llave de la libertad. Las llaves\" \/>\n<meta property=\"og:url\" content=\"https:\/\/dev6.erresse-shop.it\/es\/shop\/mobiliario\/articulos-de-decoracion\/seletti-llave-de-porcelana-power-key\/\" \/>\n<meta property=\"og:site_name\" content=\"dev6 Erresse\" \/>\n<meta property=\"og:image\" content=\"https:\/\/interpim.erresse-shop.it\/img-catalogo\/seletti\/seletti-chiave-in-porcellana-power-key.jpg\" \/><meta property=\"og:image\" content=\"https:\/\/interpim.erresse-shop.it\/img-catalogo\/seletti\/seletti-chiave-in-porcellana-power-key.jpg\" \/>\n\t<meta property=\"og:image:width\" content=\"1024\" \/>\n\t<meta property=\"og:image:height\" content=\"1024\" \/>\n\t<meta property=\"og:image:type\" content=\"image\/jpeg\" \/>\n<meta name=\"twitter:card\" content=\"summary_large_image\" \/>\n<meta name=\"twitter:image\" content=\"https:\/\/interpim.erresse-shop.it\/img-catalogo\/seletti\/seletti-chiave-in-porcellana-power-key.jpg\" \/>\n<script type=\"application\/ld+json\" class=\"yoast-schema-graph\">{\"@context\":\"https:\/\/schema.org\",\"@graph\":[{\"@type\":\"WebPage\",\"@id\":\"https:\/\/dev6.erresse-shop.it\/es\/shop\/mobiliario\/articulos-de-decoracion\/seletti-llave-de-porcelana-power-key\/\",\"url\":\"https:\/\/dev6.erresse-shop.it\/es\/shop\/mobiliario\/articulos-de-decoracion\/seletti-llave-de-porcelana-power-key\/\",\"name\":\"SELETTI Llave de Porcelana Power Key - dev6 Erresse\",\"isPartOf\":{\"@id\":\"https:\/\/dev6.erresse-shop.it\/#website\"},\"primaryImageOfPage\":{\"@id\":\"https:\/\/dev6.erresse-shop.it\/es\/shop\/mobiliario\/articulos-de-decoracion\/seletti-llave-de-porcelana-power-key\/#primaryimage\"},\"image\":{\"@id\":\"https:\/\/dev6.erresse-shop.it\/es\/shop\/mobiliario\/articulos-de-decoracion\/seletti-llave-de-porcelana-power-key\/#primaryimage\"},\"thumbnailUrl\":\"https:\/\/i0.wp.com\/interpim.erresse-shop.it\/img-catalogo\/seletti\/seletti-chiave-in-porcellana-power-key.jpg?ssl=1\",\"datePublished\":\"2026-04-04T06:46:23+00:00\",\"description\":\"La llave es un objeto muy poderoso: puede representar nuestros deseos, la llave de la pasi\u00f3n, la llave del poder, la llave de la libertad. Las llaves\",\"breadcrumb\":{\"@id\":\"https:\/\/dev6.erresse-shop.it\/es\/shop\/mobiliario\/articulos-de-decoracion\/seletti-llave-de-porcelana-power-key\/#breadcrumb\"},\"inLanguage\":\"es\",\"potentialAction\":[{\"@type\":\"ReadAction\",\"target\":[\"https:\/\/dev6.erresse-shop.it\/es\/shop\/mobiliario\/articulos-de-decoracion\/seletti-llave-de-porcelana-power-key\/\"]}]},{\"@type\":\"ImageObject\",\"inLanguage\":\"es\",\"@id\":\"https:\/\/dev6.erresse-shop.it\/es\/shop\/mobiliario\/articulos-de-decoracion\/seletti-llave-de-porcelana-power-key\/#primaryimage\",\"url\":\"https:\/\/i0.wp.com\/interpim.erresse-shop.it\/img-catalogo\/seletti\/seletti-chiave-in-porcellana-power-key.jpg?ssl=1\",\"contentUrl\":\"https:\/\/i0.wp.com\/interpim.erresse-shop.it\/img-catalogo\/seletti\/seletti-chiave-in-porcellana-power-key.jpg?ssl=1\"},{\"@type\":\"BreadcrumbList\",\"@id\":\"https:\/\/dev6.erresse-shop.it\/es\/shop\/mobiliario\/articulos-de-decoracion\/seletti-llave-de-porcelana-power-key\/#breadcrumb\",\"itemListElement\":[{\"@type\":\"ListItem\",\"position\":1,\"name\":\"Home\",\"item\":\"https:\/\/dev6.erresse-shop.it\/\"},{\"@type\":\"ListItem\",\"position\":2,\"name\":\"Tienda\",\"item\":\"https:\/\/dev6.erresse-shop.it\/shop\/\"},{\"@type\":\"ListItem\",\"position\":3,\"name\":\"SELETTI Llave de Porcelana Power Key\"}]},{\"@type\":\"WebSite\",\"@id\":\"https:\/\/dev6.erresse-shop.it\/#website\",\"url\":\"https:\/\/dev6.erresse-shop.it\/\",\"name\":\"Erresse Shop\",\"description\":\"\",\"publisher\":{\"@id\":\"https:\/\/dev6.erresse-shop.it\/#organization\"},\"potentialAction\":[{\"@type\":\"SearchAction\",\"target\":{\"@type\":\"EntryPoint\",\"urlTemplate\":\"https:\/\/dev6.erresse-shop.it\/?s={search_term_string}\"},\"query-input\":{\"@type\":\"PropertyValueSpecification\",\"valueRequired\":true,\"valueName\":\"search_term_string\"}}],\"inLanguage\":\"es\"},{\"@type\":\"Organization\",\"@id\":\"https:\/\/dev6.erresse-shop.it\/#organization\",\"name\":\"Erresse Shop\",\"url\":\"https:\/\/dev6.erresse-shop.it\/\",\"logo\":{\"@type\":\"ImageObject\",\"inLanguage\":\"es\",\"@id\":\"https:\/\/dev6.erresse-shop.it\/#\/schema\/logo\/image\/\",\"url\":\"https:\/\/dev6.erresse-shop.it\/wp-content\/uploads\/2025\/01\/LOGO-ERRESSE-CLASSICO.svg\",\"contentUrl\":\"https:\/\/dev6.erresse-shop.it\/wp-content\/uploads\/2025\/01\/LOGO-ERRESSE-CLASSICO.svg\",\"caption\":\"Erresse Shop\"},\"image\":{\"@id\":\"https:\/\/dev6.erresse-shop.it\/#\/schema\/logo\/image\/\"}}]}<\/script>\n<!-- \/ Yoast SEO plugin. -->","yoast_head_json":{"title":"SELETTI Llave de Porcelana Power Key - dev6 Erresse","description":"La llave es un objeto muy poderoso: puede representar nuestros deseos, la llave de la pasi\u00f3n, la llave del poder, la llave de la libertad. Las llaves","robots":{"index":"noindex","follow":"follow","max-snippet":"max-snippet:-1","max-image-preview":"max-image-preview:large","max-video-preview":"max-video-preview:-1"},"og_locale":"es_ES","og_type":"article","og_title":"SELETTI Llave de Porcelana Power Key - dev6 Erresse","og_description":"La llave es un objeto muy poderoso: puede representar nuestros deseos, la llave de la pasi\u00f3n, la llave del poder, la llave de la libertad. Las llaves","og_url":"https:\/\/dev6.erresse-shop.it\/es\/shop\/mobiliario\/articulos-de-decoracion\/seletti-llave-de-porcelana-power-key\/","og_site_name":"dev6 Erresse","og_image":[{"url":"https:\/\/interpim.erresse-shop.it\/img-catalogo\/seletti\/seletti-chiave-in-porcellana-power-key.jpg","type":"","width":"","height":""},{"url":"https:\/\/interpim.erresse-shop.it\/img-catalogo\/seletti\/seletti-chiave-in-porcellana-power-key.jpg","width":1024,"height":1024,"type":"image\/jpeg"}],"twitter_card":"summary_large_image","twitter_image":"https:\/\/interpim.erresse-shop.it\/img-catalogo\/seletti\/seletti-chiave-in-porcellana-power-key.jpg","schema":{"@context":"https:\/\/schema.org","@graph":[{"@type":"WebPage","@id":"https:\/\/dev6.erresse-shop.it\/es\/shop\/mobiliario\/articulos-de-decoracion\/seletti-llave-de-porcelana-power-key\/","url":"https:\/\/dev6.erresse-shop.it\/es\/shop\/mobiliario\/articulos-de-decoracion\/seletti-llave-de-porcelana-power-key\/","name":"SELETTI Llave de Porcelana Power Key - dev6 Erresse","isPartOf":{"@id":"https:\/\/dev6.erresse-shop.it\/#website"},"primaryImageOfPage":{"@id":"https:\/\/dev6.erresse-shop.it\/es\/shop\/mobiliario\/articulos-de-decoracion\/seletti-llave-de-porcelana-power-key\/#primaryimage"},"image":{"@id":"https:\/\/dev6.erresse-shop.it\/es\/shop\/mobiliario\/articulos-de-decoracion\/seletti-llave-de-porcelana-power-key\/#primaryimage"},"thumbnailUrl":"https:\/\/i0.wp.com\/interpim.erresse-shop.it\/img-catalogo\/seletti\/seletti-chiave-in-porcellana-power-key.jpg?ssl=1","datePublished":"2026-04-04T06:46:23+00:00","description":"La llave es un objeto muy poderoso: puede representar nuestros deseos, la llave de la pasi\u00f3n, la llave del poder, la llave de la libertad. Las llaves","breadcrumb":{"@id":"https:\/\/dev6.erresse-shop.it\/es\/shop\/mobiliario\/articulos-de-decoracion\/seletti-llave-de-porcelana-power-key\/#breadcrumb"},"inLanguage":"es","potentialAction":[{"@type":"ReadAction","target":["https:\/\/dev6.erresse-shop.it\/es\/shop\/mobiliario\/articulos-de-decoracion\/seletti-llave-de-porcelana-power-key\/"]}]},{"@type":"ImageObject","inLanguage":"es","@id":"https:\/\/dev6.erresse-shop.it\/es\/shop\/mobiliario\/articulos-de-decoracion\/seletti-llave-de-porcelana-power-key\/#primaryimage","url":"https:\/\/i0.wp.com\/interpim.erresse-shop.it\/img-catalogo\/seletti\/seletti-chiave-in-porcellana-power-key.jpg?ssl=1","contentUrl":"https:\/\/i0.wp.com\/interpim.erresse-shop.it\/img-catalogo\/seletti\/seletti-chiave-in-porcellana-power-key.jpg?ssl=1"},{"@type":"BreadcrumbList","@id":"https:\/\/dev6.erresse-shop.it\/es\/shop\/mobiliario\/articulos-de-decoracion\/seletti-llave-de-porcelana-power-key\/#breadcrumb","itemListElement":[{"@type":"ListItem","position":1,"name":"Home","item":"https:\/\/dev6.erresse-shop.it\/"},{"@type":"ListItem","position":2,"name":"Tienda","item":"https:\/\/dev6.erresse-shop.it\/shop\/"},{"@type":"ListItem","position":3,"name":"SELETTI Llave de Porcelana Power Key"}]},{"@type":"WebSite","@id":"https:\/\/dev6.erresse-shop.it\/#website","url":"https:\/\/dev6.erresse-shop.it\/","name":"Erresse Shop","description":"","publisher":{"@id":"https:\/\/dev6.erresse-shop.it\/#organization"},"potentialAction":[{"@type":"SearchAction","target":{"@type":"EntryPoint","urlTemplate":"https:\/\/dev6.erresse-shop.it\/?s={search_term_string}"},"query-input":{"@type":"PropertyValueSpecification","valueRequired":true,"valueName":"search_term_string"}}],"inLanguage":"es"},{"@type":"Organization","@id":"https:\/\/dev6.erresse-shop.it\/#organization","name":"Erresse Shop","url":"https:\/\/dev6.erresse-shop.it\/","logo":{"@type":"ImageObject","inLanguage":"es","@id":"https:\/\/dev6.erresse-shop.it\/#\/schema\/logo\/image\/","url":"https:\/\/dev6.erresse-shop.it\/wp-content\/uploads\/2025\/01\/LOGO-ERRESSE-CLASSICO.svg","contentUrl":"https:\/\/dev6.erresse-shop.it\/wp-content\/uploads\/2025\/01\/LOGO-ERRESSE-CLASSICO.svg","caption":"Erresse Shop"},"image":{"@id":"https:\/\/dev6.erresse-shop.it\/#\/schema\/logo\/image\/"}}]}},"df_price":"","df_sale_price":"","df_regular_price":"","df_image_link":"https:\/\/i0.wp.com\/interpim.erresse-shop.it\/img-catalogo\/seletti\/seletti-chiave-in-porcellana-power-key.jpg?resize=300,300&ssl=1","fifu_image_url":"https:\/\/interpim.erresse-shop.it\/img-catalogo\/seletti\/seletti-chiave-in-porcellana-power-key.jpg","_links":{"self":[{"href":"https:\/\/dev6.erresse-shop.it\/es\/wp-json\/wp\/v2\/product\/1877862","targetHints":{"allow":["GET"]}}],"collection":[{"href":"https:\/\/dev6.erresse-shop.it\/es\/wp-json\/wp\/v2\/product"}],"about":[{"href":"https:\/\/dev6.erresse-shop.it\/es\/wp-json\/wp\/v2\/types\/product"}],"wp:featuredmedia":[{"embeddable":true,"href":"https:\/\/dev6.erresse-shop.it\/es\/wp-json\/wp\/v2\/media\/6270347"}],"wp:attachment":[{"href":"https:\/\/dev6.erresse-shop.it\/es\/wp-json\/wp\/v2\/media?parent=1877862"}],"wp:term":[{"taxonomy":"product_cat","embeddable":true,"href":"https:\/\/dev6.erresse-shop.it\/es\/wp-json\/wp\/v2\/product_cat?post=1877862"},{"taxonomy":"product_tag","embeddable":true,"href":"https:\/\/dev6.erresse-shop.it\/es\/wp-json\/wp\/v2\/product_tag?post=1877862"}],"curies":[{"name":"wp","href":"https:\/\/api.w.org\/{rel}","templated":true}]}}