{"id":1877844,"date":"2026-04-04T08:46:23","date_gmt":"2026-04-04T06:46:23","guid":{"rendered":"https:\/\/dev6.erresse-shop.it\/shop\/sin%20categor\u00eda\/emile-henry-tajine-27-cm-fusain\/"},"modified":"2025-11-22T18:09:45","modified_gmt":"2025-11-22T17:09:45","slug":"emile-henry-tajine-27-cm-fusain","status":"publish","type":"product","link":"https:\/\/dev6.erresse-shop.it\/es\/shop\/sartenes-y-ollas\/tajine-es\/emile-henry-tajine-27-cm-fusain\/","title":{"rendered":"EMILE HENRY Tajine 27 cm Fusain"},"content":{"rendered":"<p>Emile Henry se fund\u00f3 en 1850.<br \/>\nLa cer\u00e1mica Emile Henry permite que el calor se distribuya gradualmente para cocinar los alimentos a baja temperatura, de modo que se conserven los sabores y aromas, as\u00ed como los elementos naturales de los alimentos.<br \/>\nLa saludable cocci\u00f3n a baja temperatura de la cer\u00e1mica Emile Henry conserva los sabores, las vitaminas y las cualidades nutricionales.<br \/>\nLos productos Emile Henry est\u00e1n hechos con componentes naturales: arcilla sin tratar para la mezcla, arena, agua filtrada, \u00f3xidos minerales naturales para los colores. Los productos Emile Henry no contienen metales pesados perjudiciales para la salud: no contienen plomo, cadmio ni n\u00edquel.<br \/>\nLos productos Emile Henry son resistentes a los impactos y pueden utilizarse con altas fluctuaciones de temperatura. Pueden utilizarse en el lavavajillas.<\/p>\n<p>Revele todos los colores y aromas de la cocina mediterr\u00e1nea<br \/>\nD\u00e9jese tentar por sabrosas recetas con sabores orientales: tajine de pollo con limones confitados, bar de tajine o tajine vegetariano de verduras de invierno.<\/p>\n<p>El tajine es un plato de guiso tradicional marroqu\u00ed. Esta cocina ha respondido con el tiempo a la necesidad de cocinar sin agua: el tajine conserva la humedad de los alimentos permitiendo que el vapor que sale de ellos caiga a trav\u00e9s de la tapa. La clave de un buen tajine es, sobre todo, la cocci\u00f3n lenta a fuego muy lento para que se potencien todos los sabores. Nuestro tajine cuece a fuego lento la carne, el pescado y las verduras, gracias a su tapa c\u00f3nica que permite una \u00f3ptima circulaci\u00f3n del vapor para un buen guiso.<\/p>\n<p>El Tajine Emile Henry est\u00e1 fabricado en cer\u00e1mica Flame, un material natural e inerte que garantiza una cocci\u00f3n saludable de sus platos. Conduce el calor de forma suave y uniforme para cocinar todos sus ingredientes. Se puede utilizar en una fuente de calor directa (gas, el\u00e9ctrica, vitrocer\u00e1mica, con un disco de rel\u00e9 de inducci\u00f3n) pero tambi\u00e9n en el horno. El cuenco es lo suficientemente profundo como para contener todos los ingredientes de su tagine. Aseg\u00farese de disponer las capas sucesivamente para una cocci\u00f3n \u00f3ptima:<\/p>\n<p>Los alimentos que coloques en el fondo se cocinar\u00e1n en los jugos y requerir\u00e1n m\u00e1s cocci\u00f3n.<br \/>\nLos alimentos colocados en la parte superior se cocinar\u00e1n al vapor, los m\u00e1s fr\u00e1giles que requieren menos cocci\u00f3n estar\u00e1n bien arriba.<\/p>\n<p>\u00a1Haga mucho m\u00e1s con su Emile Henry Tajine! Tambi\u00e9n puede utilizarlo para preparar todo tipo de recetas a fuego lento, como guisos, un bourguignon de ternera\u2026 Prueba tambi\u00e9n las recetas dulces. El tajine es adecuado para cocinar frutas frescas o secas en caramelo, por ejemplo.<\/p>\n<p>Algunos consejos para utilizar su tajine Emile Henry:<\/p>\n<p>Comience siempre a fuego lento durante los primeros 5 minutos para aumentar gradualmente la temperatura. No caliente la base de su taj\u00edn vac\u00edo: a\u00f1ada siempre un poco de agua o aceite. Aseg\u00farese de que siempre haya jugo en su tajine mientras se cocina. Si es necesario, puede a\u00f1adir un peque\u00f1o vaso de agua. Mantenga el tagine cerrado mientras se cocina, por supuesto puede abrirlo r\u00e1pidamente para a\u00f1adir m\u00e1s ingredientes y especias.<\/p>\n<p>Longitud\/di\u00e1metro: 27 cm<br \/>\nAnchura: 27 cm<br \/>\nAltura: 20 cm<br \/>\nPeso \u2013 KG: 2,5 KG<br \/>\nTemperatura m\u00e1xima: 290 \u00b0C<br \/>\nTemperatura m\u00ednima: -20 \u00b0C<\/p>\n","protected":false},"excerpt":{"rendered":"<p>Emile Henry se fund\u00f3 en 1850. La cer\u00e1mica Emile Henry permite que el calor se distribuya gradualmente para cocinar los alimentos a baja temperatura, de modo que se conserven los sabores y aromas, as\u00ed como los elementos naturales de los alimentos. La saludable cocci\u00f3n a baja temperatura de la cer\u00e1mica Emile Henry conserva los sabores, [&hellip;]<\/p>\n","protected":false},"featured_media":6270301,"template":"","meta":{"_acf_changed":false},"product_cat":[11667,11883,11917],"product_tag":[],"class_list":{"0":"post-1877844","1":"product","2":"type-product","3":"status-publish","4":"has-post-thumbnail","6":"product_cat-padelle-pentole","7":"product_cat-sartenes-y-ollas","8":"product_cat-tajine-es","10":"first","11":"outofstock","12":"sale","13":"taxable","14":"shipping-taxable","15":"purchasable","16":"product-type-simple","swatches":"rey-swatches","show_selected":"","stretch_labels":"rey-swatches--stretch-labels"},"acf":[],"yoast_head":"<!-- This site is optimized with the Yoast SEO plugin v25.4 - https:\/\/yoast.com\/wordpress\/plugins\/seo\/ -->\n<title>EMILE HENRY Tajine 27 cm Fusain - dev6 Erresse<\/title>\n<meta name=\"description\" content=\"Emile Henry se fund\u00f3 en 1850. La cer\u00e1mica Emile Henry permite que el calor se distribuya gradualmente para cocinar los alimentos a baja temperatura, de\" \/>\n<meta name=\"robots\" content=\"noindex, follow, max-snippet:-1, max-image-preview:large, max-video-preview:-1\" \/>\n<meta property=\"og:locale\" content=\"es_ES\" \/>\n<meta property=\"og:type\" content=\"article\" \/>\n<meta property=\"og:title\" content=\"EMILE HENRY Tajine 27 cm Fusain - dev6 Erresse\" \/>\n<meta property=\"og:description\" content=\"Emile Henry se fund\u00f3 en 1850. La cer\u00e1mica Emile Henry permite que el calor se distribuya gradualmente para cocinar los alimentos a baja temperatura, de\" \/>\n<meta property=\"og:url\" content=\"https:\/\/dev6.erresse-shop.it\/es\/shop\/sartenes-y-ollas\/tajine-es\/emile-henry-tajine-27-cm-fusain\/\" \/>\n<meta property=\"og:site_name\" content=\"dev6 Erresse\" \/>\n<meta property=\"og:image\" content=\"https:\/\/interpim.erresse-shop.it\/Import\/Prodotti\/emile-henry-tajine-grand-cru-27-cm-nero.jpg\" \/><meta property=\"og:image\" content=\"https:\/\/interpim.erresse-shop.it\/Import\/Prodotti\/emile-henry-tajine-grand-cru-27-cm-nero.jpg\" \/>\n\t<meta property=\"og:image:width\" content=\"1024\" \/>\n\t<meta property=\"og:image:height\" content=\"1024\" \/>\n\t<meta property=\"og:image:type\" content=\"image\/jpeg\" \/>\n<meta name=\"twitter:card\" content=\"summary_large_image\" \/>\n<meta name=\"twitter:image\" content=\"https:\/\/interpim.erresse-shop.it\/Import\/Prodotti\/emile-henry-tajine-grand-cru-27-cm-nero.jpg\" \/>\n<script type=\"application\/ld+json\" class=\"yoast-schema-graph\">{\"@context\":\"https:\/\/schema.org\",\"@graph\":[{\"@type\":\"WebPage\",\"@id\":\"https:\/\/dev6.erresse-shop.it\/es\/shop\/sartenes-y-ollas\/tajine-es\/emile-henry-tajine-27-cm-fusain\/\",\"url\":\"https:\/\/dev6.erresse-shop.it\/es\/shop\/sartenes-y-ollas\/tajine-es\/emile-henry-tajine-27-cm-fusain\/\",\"name\":\"EMILE HENRY Tajine 27 cm Fusain - dev6 Erresse\",\"isPartOf\":{\"@id\":\"https:\/\/dev6.erresse-shop.it\/#website\"},\"primaryImageOfPage\":{\"@id\":\"https:\/\/dev6.erresse-shop.it\/es\/shop\/sartenes-y-ollas\/tajine-es\/emile-henry-tajine-27-cm-fusain\/#primaryimage\"},\"image\":{\"@id\":\"https:\/\/dev6.erresse-shop.it\/es\/shop\/sartenes-y-ollas\/tajine-es\/emile-henry-tajine-27-cm-fusain\/#primaryimage\"},\"thumbnailUrl\":\"https:\/\/i2.wp.com\/interpim.erresse-shop.it\/Import\/Prodotti\/emile-henry-tajine-grand-cru-27-cm-nero.jpg?ssl=1\",\"datePublished\":\"2026-04-04T06:46:23+00:00\",\"description\":\"Emile Henry se fund\u00f3 en 1850. La cer\u00e1mica Emile Henry permite que el calor se distribuya gradualmente para cocinar los alimentos a baja temperatura, de\",\"breadcrumb\":{\"@id\":\"https:\/\/dev6.erresse-shop.it\/es\/shop\/sartenes-y-ollas\/tajine-es\/emile-henry-tajine-27-cm-fusain\/#breadcrumb\"},\"inLanguage\":\"es\",\"potentialAction\":[{\"@type\":\"ReadAction\",\"target\":[\"https:\/\/dev6.erresse-shop.it\/es\/shop\/sartenes-y-ollas\/tajine-es\/emile-henry-tajine-27-cm-fusain\/\"]}]},{\"@type\":\"ImageObject\",\"inLanguage\":\"es\",\"@id\":\"https:\/\/dev6.erresse-shop.it\/es\/shop\/sartenes-y-ollas\/tajine-es\/emile-henry-tajine-27-cm-fusain\/#primaryimage\",\"url\":\"https:\/\/i2.wp.com\/interpim.erresse-shop.it\/Import\/Prodotti\/emile-henry-tajine-grand-cru-27-cm-nero.jpg?ssl=1\",\"contentUrl\":\"https:\/\/i2.wp.com\/interpim.erresse-shop.it\/Import\/Prodotti\/emile-henry-tajine-grand-cru-27-cm-nero.jpg?ssl=1\"},{\"@type\":\"BreadcrumbList\",\"@id\":\"https:\/\/dev6.erresse-shop.it\/es\/shop\/sartenes-y-ollas\/tajine-es\/emile-henry-tajine-27-cm-fusain\/#breadcrumb\",\"itemListElement\":[{\"@type\":\"ListItem\",\"position\":1,\"name\":\"Home\",\"item\":\"https:\/\/dev6.erresse-shop.it\/\"},{\"@type\":\"ListItem\",\"position\":2,\"name\":\"Tienda\",\"item\":\"https:\/\/dev6.erresse-shop.it\/shop\/\"},{\"@type\":\"ListItem\",\"position\":3,\"name\":\"EMILE HENRY Tajine 27 cm Fusain\"}]},{\"@type\":\"WebSite\",\"@id\":\"https:\/\/dev6.erresse-shop.it\/#website\",\"url\":\"https:\/\/dev6.erresse-shop.it\/\",\"name\":\"Erresse Shop\",\"description\":\"\",\"publisher\":{\"@id\":\"https:\/\/dev6.erresse-shop.it\/#organization\"},\"potentialAction\":[{\"@type\":\"SearchAction\",\"target\":{\"@type\":\"EntryPoint\",\"urlTemplate\":\"https:\/\/dev6.erresse-shop.it\/?s={search_term_string}\"},\"query-input\":{\"@type\":\"PropertyValueSpecification\",\"valueRequired\":true,\"valueName\":\"search_term_string\"}}],\"inLanguage\":\"es\"},{\"@type\":\"Organization\",\"@id\":\"https:\/\/dev6.erresse-shop.it\/#organization\",\"name\":\"Erresse Shop\",\"url\":\"https:\/\/dev6.erresse-shop.it\/\",\"logo\":{\"@type\":\"ImageObject\",\"inLanguage\":\"es\",\"@id\":\"https:\/\/dev6.erresse-shop.it\/#\/schema\/logo\/image\/\",\"url\":\"https:\/\/dev6.erresse-shop.it\/wp-content\/uploads\/2025\/01\/LOGO-ERRESSE-CLASSICO.svg\",\"contentUrl\":\"https:\/\/dev6.erresse-shop.it\/wp-content\/uploads\/2025\/01\/LOGO-ERRESSE-CLASSICO.svg\",\"caption\":\"Erresse Shop\"},\"image\":{\"@id\":\"https:\/\/dev6.erresse-shop.it\/#\/schema\/logo\/image\/\"}}]}<\/script>\n<!-- \/ Yoast SEO plugin. -->","yoast_head_json":{"title":"EMILE HENRY Tajine 27 cm Fusain - dev6 Erresse","description":"Emile Henry se fund\u00f3 en 1850. La cer\u00e1mica Emile Henry permite que el calor se distribuya gradualmente para cocinar los alimentos a baja temperatura, de","robots":{"index":"noindex","follow":"follow","max-snippet":"max-snippet:-1","max-image-preview":"max-image-preview:large","max-video-preview":"max-video-preview:-1"},"og_locale":"es_ES","og_type":"article","og_title":"EMILE HENRY Tajine 27 cm Fusain - dev6 Erresse","og_description":"Emile Henry se fund\u00f3 en 1850. La cer\u00e1mica Emile Henry permite que el calor se distribuya gradualmente para cocinar los alimentos a baja temperatura, de","og_url":"https:\/\/dev6.erresse-shop.it\/es\/shop\/sartenes-y-ollas\/tajine-es\/emile-henry-tajine-27-cm-fusain\/","og_site_name":"dev6 Erresse","og_image":[{"url":"https:\/\/interpim.erresse-shop.it\/Import\/Prodotti\/emile-henry-tajine-grand-cru-27-cm-nero.jpg","type":"","width":"","height":""},{"url":"https:\/\/interpim.erresse-shop.it\/Import\/Prodotti\/emile-henry-tajine-grand-cru-27-cm-nero.jpg","width":1024,"height":1024,"type":"image\/jpeg"}],"twitter_card":"summary_large_image","twitter_image":"https:\/\/interpim.erresse-shop.it\/Import\/Prodotti\/emile-henry-tajine-grand-cru-27-cm-nero.jpg","schema":{"@context":"https:\/\/schema.org","@graph":[{"@type":"WebPage","@id":"https:\/\/dev6.erresse-shop.it\/es\/shop\/sartenes-y-ollas\/tajine-es\/emile-henry-tajine-27-cm-fusain\/","url":"https:\/\/dev6.erresse-shop.it\/es\/shop\/sartenes-y-ollas\/tajine-es\/emile-henry-tajine-27-cm-fusain\/","name":"EMILE HENRY Tajine 27 cm Fusain - dev6 Erresse","isPartOf":{"@id":"https:\/\/dev6.erresse-shop.it\/#website"},"primaryImageOfPage":{"@id":"https:\/\/dev6.erresse-shop.it\/es\/shop\/sartenes-y-ollas\/tajine-es\/emile-henry-tajine-27-cm-fusain\/#primaryimage"},"image":{"@id":"https:\/\/dev6.erresse-shop.it\/es\/shop\/sartenes-y-ollas\/tajine-es\/emile-henry-tajine-27-cm-fusain\/#primaryimage"},"thumbnailUrl":"https:\/\/i2.wp.com\/interpim.erresse-shop.it\/Import\/Prodotti\/emile-henry-tajine-grand-cru-27-cm-nero.jpg?ssl=1","datePublished":"2026-04-04T06:46:23+00:00","description":"Emile Henry se fund\u00f3 en 1850. La cer\u00e1mica Emile Henry permite que el calor se distribuya gradualmente para cocinar los alimentos a baja temperatura, de","breadcrumb":{"@id":"https:\/\/dev6.erresse-shop.it\/es\/shop\/sartenes-y-ollas\/tajine-es\/emile-henry-tajine-27-cm-fusain\/#breadcrumb"},"inLanguage":"es","potentialAction":[{"@type":"ReadAction","target":["https:\/\/dev6.erresse-shop.it\/es\/shop\/sartenes-y-ollas\/tajine-es\/emile-henry-tajine-27-cm-fusain\/"]}]},{"@type":"ImageObject","inLanguage":"es","@id":"https:\/\/dev6.erresse-shop.it\/es\/shop\/sartenes-y-ollas\/tajine-es\/emile-henry-tajine-27-cm-fusain\/#primaryimage","url":"https:\/\/i2.wp.com\/interpim.erresse-shop.it\/Import\/Prodotti\/emile-henry-tajine-grand-cru-27-cm-nero.jpg?ssl=1","contentUrl":"https:\/\/i2.wp.com\/interpim.erresse-shop.it\/Import\/Prodotti\/emile-henry-tajine-grand-cru-27-cm-nero.jpg?ssl=1"},{"@type":"BreadcrumbList","@id":"https:\/\/dev6.erresse-shop.it\/es\/shop\/sartenes-y-ollas\/tajine-es\/emile-henry-tajine-27-cm-fusain\/#breadcrumb","itemListElement":[{"@type":"ListItem","position":1,"name":"Home","item":"https:\/\/dev6.erresse-shop.it\/"},{"@type":"ListItem","position":2,"name":"Tienda","item":"https:\/\/dev6.erresse-shop.it\/shop\/"},{"@type":"ListItem","position":3,"name":"EMILE HENRY Tajine 27 cm Fusain"}]},{"@type":"WebSite","@id":"https:\/\/dev6.erresse-shop.it\/#website","url":"https:\/\/dev6.erresse-shop.it\/","name":"Erresse Shop","description":"","publisher":{"@id":"https:\/\/dev6.erresse-shop.it\/#organization"},"potentialAction":[{"@type":"SearchAction","target":{"@type":"EntryPoint","urlTemplate":"https:\/\/dev6.erresse-shop.it\/?s={search_term_string}"},"query-input":{"@type":"PropertyValueSpecification","valueRequired":true,"valueName":"search_term_string"}}],"inLanguage":"es"},{"@type":"Organization","@id":"https:\/\/dev6.erresse-shop.it\/#organization","name":"Erresse Shop","url":"https:\/\/dev6.erresse-shop.it\/","logo":{"@type":"ImageObject","inLanguage":"es","@id":"https:\/\/dev6.erresse-shop.it\/#\/schema\/logo\/image\/","url":"https:\/\/dev6.erresse-shop.it\/wp-content\/uploads\/2025\/01\/LOGO-ERRESSE-CLASSICO.svg","contentUrl":"https:\/\/dev6.erresse-shop.it\/wp-content\/uploads\/2025\/01\/LOGO-ERRESSE-CLASSICO.svg","caption":"Erresse Shop"},"image":{"@id":"https:\/\/dev6.erresse-shop.it\/#\/schema\/logo\/image\/"}}]}},"df_price":89,"df_sale_price":89,"df_regular_price":117.5,"df_image_link":"https:\/\/i2.wp.com\/interpim.erresse-shop.it\/Import\/Prodotti\/emile-henry-tajine-grand-cru-27-cm-nero.jpg?resize=300,300&ssl=1","fifu_image_url":"https:\/\/interpim.erresse-shop.it\/Import\/Prodotti\/emile-henry-tajine-grand-cru-27-cm-nero.jpg","_links":{"self":[{"href":"https:\/\/dev6.erresse-shop.it\/es\/wp-json\/wp\/v2\/product\/1877844","targetHints":{"allow":["GET"]}}],"collection":[{"href":"https:\/\/dev6.erresse-shop.it\/es\/wp-json\/wp\/v2\/product"}],"about":[{"href":"https:\/\/dev6.erresse-shop.it\/es\/wp-json\/wp\/v2\/types\/product"}],"wp:featuredmedia":[{"embeddable":true,"href":"https:\/\/dev6.erresse-shop.it\/es\/wp-json\/wp\/v2\/media\/6270301"}],"wp:attachment":[{"href":"https:\/\/dev6.erresse-shop.it\/es\/wp-json\/wp\/v2\/media?parent=1877844"}],"wp:term":[{"taxonomy":"product_cat","embeddable":true,"href":"https:\/\/dev6.erresse-shop.it\/es\/wp-json\/wp\/v2\/product_cat?post=1877844"},{"taxonomy":"product_tag","embeddable":true,"href":"https:\/\/dev6.erresse-shop.it\/es\/wp-json\/wp\/v2\/product_tag?post=1877844"}],"curies":[{"name":"wp","href":"https:\/\/api.w.org\/{rel}","templated":true}]}}