{"id":1877836,"date":"2026-04-12T08:47:38","date_gmt":"2026-04-12T06:47:38","guid":{"rendered":"https:\/\/dev6.erresse-shop.it\/shop\/sin%20categor\u00eda\/zafferano-pirolo-junior-juego-de-6-vasos-mixtos\/"},"modified":"2025-07-04T21:41:35","modified_gmt":"2025-07-04T19:41:35","slug":"zafferano-pirolo-junior-juego-de-6-vasos-mixtos","status":"publish","type":"product","link":"https:\/\/dev6.erresse-shop.it\/es\/shop\/tabla\/vasos\/zafferano-pirolo-junior-juego-de-6-vasos-mixtos\/","title":{"rendered":"ZAFFERANO Pirolo Junior Juego de 6 Vasos Mixtos"},"content":{"rendered":"<p>Contenido:<\/p>\n<p>1 vaso blanco (PI00300)<br \/>\n1 vaso transparente (PI00301)<br \/>\n1 vaso negro (PI00302)<br \/>\n1 vaso \u00e1mbar (PI00304)<br \/>\n1 vaso azul (PI00307)<br \/>\n1 vaso verde (PI00313)<\/p>\n<p>Capacidad: 26 cl<\/p>\n<p>Pirolo es una colecci\u00f3n de vasos de vidrio borosilicato. La forma del vaso se inspira en la peonza: un peque\u00f1o elemento que sobresale en la parte inferior le permite girar sobre su propio eje y apoyarse oblicuamente en la mesa. La copa es transparente, mientras que el detalle caracter\u00edstico est\u00e1 disponible en diferentes colores.<\/p>\n<p>De la gran experiencia de Federico de Majo en el mundo del vidrio nace la colecci\u00f3n Zafferano de vajillas de vidrio de colores. Inspirados en las formas y matices sencillos de la m\u00e1s antigua tradici\u00f3n del vidrio soplado y artesanal, aunque con interpretaciones innovadoras, los productos Zafferano son el complemento ideal para decorar la mesa con elementos de valor e impacto est\u00e9tico sugerente.<\/p>\n<p>La calidad de la artesan\u00eda, junto con el dise\u00f1o italiano, da valor a estas colecciones; por lo tanto, las peque\u00f1as diferencias, si las hay, deben considerarse como un valor aut\u00e9ntico, que atestigua las caracter\u00edsticas de la excelencia artesanal. Cada pieza est\u00e1 firmada, lo que garantiza la originalidad del producto, con gran atenci\u00f3n a los detalles.<\/p>\n","protected":false},"excerpt":{"rendered":"<p>Contenido: 1 vaso blanco (PI00300) 1 vaso transparente (PI00301) 1 vaso negro (PI00302) 1 vaso \u00e1mbar (PI00304) 1 vaso azul (PI00307) 1 vaso verde (PI00313) Capacidad: 26 cl Pirolo es una colecci\u00f3n de vasos de vidrio borosilicato. La forma del vaso se inspira en la peonza: un peque\u00f1o elemento que sobresale en la parte inferior [&hellip;]<\/p>\n","protected":false},"featured_media":6353541,"template":"","meta":{"_acf_changed":false},"product_cat":[11887,11671,11901],"product_tag":[],"class_list":{"0":"post-1877836","1":"product","2":"type-product","3":"status-publish","4":"has-post-thumbnail","6":"product_cat-tabla","7":"product_cat-tavola","8":"product_cat-vasos","10":"first","11":"outofstock","12":"sale","13":"taxable","14":"shipping-taxable","15":"purchasable","16":"product-type-simple","swatches":"rey-swatches","show_selected":"","stretch_labels":"rey-swatches--stretch-labels"},"acf":[],"yoast_head":"<!-- This site is optimized with the Yoast SEO plugin v25.4 - https:\/\/yoast.com\/wordpress\/plugins\/seo\/ -->\n<title>ZAFFERANO Pirolo Junior Juego de 6 Vasos Mixtos - dev6 Erresse<\/title>\n<meta name=\"description\" content=\"Contenido: 1 vaso blanco (PI00300) 1 vaso transparente (PI00301) 1 vaso negro (PI00302) 1 vaso \u00e1mbar (PI00304) 1 vaso azul (PI00307) 1 vaso verde\" \/>\n<meta name=\"robots\" content=\"noindex, follow, max-snippet:-1, max-image-preview:large, max-video-preview:-1\" \/>\n<meta property=\"og:locale\" content=\"es_ES\" \/>\n<meta property=\"og:type\" content=\"article\" \/>\n<meta property=\"og:title\" content=\"ZAFFERANO Pirolo Junior Juego de 6 Vasos Mixtos - dev6 Erresse\" \/>\n<meta property=\"og:description\" content=\"Contenido: 1 vaso blanco (PI00300) 1 vaso transparente (PI00301) 1 vaso negro (PI00302) 1 vaso \u00e1mbar (PI00304) 1 vaso azul (PI00307) 1 vaso verde\" \/>\n<meta property=\"og:url\" content=\"https:\/\/dev6.erresse-shop.it\/es\/shop\/tabla\/vasos\/zafferano-pirolo-junior-juego-de-6-vasos-mixtos\/\" \/>\n<meta property=\"og:site_name\" content=\"dev6 Erresse\" \/>\n<meta property=\"og:image\" content=\"https:\/\/interpim.erresse-shop.it\/img-catalogo\/zafferano\/zafferano-bicchiere-tumbler-pirolo-junior-26.jpg\" \/><meta property=\"og:image\" content=\"https:\/\/interpim.erresse-shop.it\/img-catalogo\/zafferano\/zafferano-bicchiere-tumbler-pirolo-junior-26.jpg\" \/>\n\t<meta property=\"og:image:width\" content=\"1024\" \/>\n\t<meta property=\"og:image:height\" content=\"1024\" \/>\n\t<meta property=\"og:image:type\" content=\"image\/jpeg\" \/>\n<meta name=\"twitter:card\" content=\"summary_large_image\" \/>\n<meta name=\"twitter:image\" content=\"https:\/\/interpim.erresse-shop.it\/img-catalogo\/zafferano\/zafferano-bicchiere-tumbler-pirolo-junior-26.jpg\" \/>\n<script type=\"application\/ld+json\" class=\"yoast-schema-graph\">{\"@context\":\"https:\/\/schema.org\",\"@graph\":[{\"@type\":\"WebPage\",\"@id\":\"https:\/\/dev6.erresse-shop.it\/es\/shop\/tabla\/vasos\/zafferano-pirolo-junior-juego-de-6-vasos-mixtos\/\",\"url\":\"https:\/\/dev6.erresse-shop.it\/es\/shop\/tabla\/vasos\/zafferano-pirolo-junior-juego-de-6-vasos-mixtos\/\",\"name\":\"ZAFFERANO Pirolo Junior Juego de 6 Vasos Mixtos - dev6 Erresse\",\"isPartOf\":{\"@id\":\"https:\/\/dev6.erresse-shop.it\/#website\"},\"primaryImageOfPage\":{\"@id\":\"https:\/\/dev6.erresse-shop.it\/es\/shop\/tabla\/vasos\/zafferano-pirolo-junior-juego-de-6-vasos-mixtos\/#primaryimage\"},\"image\":{\"@id\":\"https:\/\/dev6.erresse-shop.it\/es\/shop\/tabla\/vasos\/zafferano-pirolo-junior-juego-de-6-vasos-mixtos\/#primaryimage\"},\"thumbnailUrl\":\"https:\/\/i0.wp.com\/interpim.erresse-shop.it\/img-catalogo\/zafferano\/zafferano-bicchiere-tumbler-pirolo-junior-26.jpg?ssl=1\",\"datePublished\":\"2026-04-12T06:47:38+00:00\",\"description\":\"Contenido: 1 vaso blanco (PI00300) 1 vaso transparente (PI00301) 1 vaso negro (PI00302) 1 vaso \u00e1mbar (PI00304) 1 vaso azul (PI00307) 1 vaso verde\",\"breadcrumb\":{\"@id\":\"https:\/\/dev6.erresse-shop.it\/es\/shop\/tabla\/vasos\/zafferano-pirolo-junior-juego-de-6-vasos-mixtos\/#breadcrumb\"},\"inLanguage\":\"es\",\"potentialAction\":[{\"@type\":\"ReadAction\",\"target\":[\"https:\/\/dev6.erresse-shop.it\/es\/shop\/tabla\/vasos\/zafferano-pirolo-junior-juego-de-6-vasos-mixtos\/\"]}]},{\"@type\":\"ImageObject\",\"inLanguage\":\"es\",\"@id\":\"https:\/\/dev6.erresse-shop.it\/es\/shop\/tabla\/vasos\/zafferano-pirolo-junior-juego-de-6-vasos-mixtos\/#primaryimage\",\"url\":\"https:\/\/i0.wp.com\/interpim.erresse-shop.it\/img-catalogo\/zafferano\/zafferano-bicchiere-tumbler-pirolo-junior-26.jpg?ssl=1\",\"contentUrl\":\"https:\/\/i0.wp.com\/interpim.erresse-shop.it\/img-catalogo\/zafferano\/zafferano-bicchiere-tumbler-pirolo-junior-26.jpg?ssl=1\"},{\"@type\":\"BreadcrumbList\",\"@id\":\"https:\/\/dev6.erresse-shop.it\/es\/shop\/tabla\/vasos\/zafferano-pirolo-junior-juego-de-6-vasos-mixtos\/#breadcrumb\",\"itemListElement\":[{\"@type\":\"ListItem\",\"position\":1,\"name\":\"Home\",\"item\":\"https:\/\/dev6.erresse-shop.it\/\"},{\"@type\":\"ListItem\",\"position\":2,\"name\":\"Tienda\",\"item\":\"https:\/\/dev6.erresse-shop.it\/shop\/\"},{\"@type\":\"ListItem\",\"position\":3,\"name\":\"ZAFFERANO Pirolo Junior Juego de 6 Vasos Mixtos\"}]},{\"@type\":\"WebSite\",\"@id\":\"https:\/\/dev6.erresse-shop.it\/#website\",\"url\":\"https:\/\/dev6.erresse-shop.it\/\",\"name\":\"Erresse Shop\",\"description\":\"\",\"publisher\":{\"@id\":\"https:\/\/dev6.erresse-shop.it\/#organization\"},\"potentialAction\":[{\"@type\":\"SearchAction\",\"target\":{\"@type\":\"EntryPoint\",\"urlTemplate\":\"https:\/\/dev6.erresse-shop.it\/?s={search_term_string}\"},\"query-input\":{\"@type\":\"PropertyValueSpecification\",\"valueRequired\":true,\"valueName\":\"search_term_string\"}}],\"inLanguage\":\"es\"},{\"@type\":\"Organization\",\"@id\":\"https:\/\/dev6.erresse-shop.it\/#organization\",\"name\":\"Erresse Shop\",\"url\":\"https:\/\/dev6.erresse-shop.it\/\",\"logo\":{\"@type\":\"ImageObject\",\"inLanguage\":\"es\",\"@id\":\"https:\/\/dev6.erresse-shop.it\/#\/schema\/logo\/image\/\",\"url\":\"https:\/\/dev6.erresse-shop.it\/wp-content\/uploads\/2025\/01\/LOGO-ERRESSE-CLASSICO.svg\",\"contentUrl\":\"https:\/\/dev6.erresse-shop.it\/wp-content\/uploads\/2025\/01\/LOGO-ERRESSE-CLASSICO.svg\",\"caption\":\"Erresse Shop\"},\"image\":{\"@id\":\"https:\/\/dev6.erresse-shop.it\/#\/schema\/logo\/image\/\"}}]}<\/script>\n<!-- \/ Yoast SEO plugin. -->","yoast_head_json":{"title":"ZAFFERANO Pirolo Junior Juego de 6 Vasos Mixtos - dev6 Erresse","description":"Contenido: 1 vaso blanco (PI00300) 1 vaso transparente (PI00301) 1 vaso negro (PI00302) 1 vaso \u00e1mbar (PI00304) 1 vaso azul (PI00307) 1 vaso verde","robots":{"index":"noindex","follow":"follow","max-snippet":"max-snippet:-1","max-image-preview":"max-image-preview:large","max-video-preview":"max-video-preview:-1"},"og_locale":"es_ES","og_type":"article","og_title":"ZAFFERANO Pirolo Junior Juego de 6 Vasos Mixtos - dev6 Erresse","og_description":"Contenido: 1 vaso blanco (PI00300) 1 vaso transparente (PI00301) 1 vaso negro (PI00302) 1 vaso \u00e1mbar (PI00304) 1 vaso azul (PI00307) 1 vaso verde","og_url":"https:\/\/dev6.erresse-shop.it\/es\/shop\/tabla\/vasos\/zafferano-pirolo-junior-juego-de-6-vasos-mixtos\/","og_site_name":"dev6 Erresse","og_image":[{"url":"https:\/\/interpim.erresse-shop.it\/img-catalogo\/zafferano\/zafferano-bicchiere-tumbler-pirolo-junior-26.jpg","type":"","width":"","height":""},{"url":"https:\/\/interpim.erresse-shop.it\/img-catalogo\/zafferano\/zafferano-bicchiere-tumbler-pirolo-junior-26.jpg","width":1024,"height":1024,"type":"image\/jpeg"}],"twitter_card":"summary_large_image","twitter_image":"https:\/\/interpim.erresse-shop.it\/img-catalogo\/zafferano\/zafferano-bicchiere-tumbler-pirolo-junior-26.jpg","schema":{"@context":"https:\/\/schema.org","@graph":[{"@type":"WebPage","@id":"https:\/\/dev6.erresse-shop.it\/es\/shop\/tabla\/vasos\/zafferano-pirolo-junior-juego-de-6-vasos-mixtos\/","url":"https:\/\/dev6.erresse-shop.it\/es\/shop\/tabla\/vasos\/zafferano-pirolo-junior-juego-de-6-vasos-mixtos\/","name":"ZAFFERANO Pirolo Junior Juego de 6 Vasos Mixtos - dev6 Erresse","isPartOf":{"@id":"https:\/\/dev6.erresse-shop.it\/#website"},"primaryImageOfPage":{"@id":"https:\/\/dev6.erresse-shop.it\/es\/shop\/tabla\/vasos\/zafferano-pirolo-junior-juego-de-6-vasos-mixtos\/#primaryimage"},"image":{"@id":"https:\/\/dev6.erresse-shop.it\/es\/shop\/tabla\/vasos\/zafferano-pirolo-junior-juego-de-6-vasos-mixtos\/#primaryimage"},"thumbnailUrl":"https:\/\/i0.wp.com\/interpim.erresse-shop.it\/img-catalogo\/zafferano\/zafferano-bicchiere-tumbler-pirolo-junior-26.jpg?ssl=1","datePublished":"2026-04-12T06:47:38+00:00","description":"Contenido: 1 vaso blanco (PI00300) 1 vaso transparente (PI00301) 1 vaso negro (PI00302) 1 vaso \u00e1mbar (PI00304) 1 vaso azul (PI00307) 1 vaso verde","breadcrumb":{"@id":"https:\/\/dev6.erresse-shop.it\/es\/shop\/tabla\/vasos\/zafferano-pirolo-junior-juego-de-6-vasos-mixtos\/#breadcrumb"},"inLanguage":"es","potentialAction":[{"@type":"ReadAction","target":["https:\/\/dev6.erresse-shop.it\/es\/shop\/tabla\/vasos\/zafferano-pirolo-junior-juego-de-6-vasos-mixtos\/"]}]},{"@type":"ImageObject","inLanguage":"es","@id":"https:\/\/dev6.erresse-shop.it\/es\/shop\/tabla\/vasos\/zafferano-pirolo-junior-juego-de-6-vasos-mixtos\/#primaryimage","url":"https:\/\/i0.wp.com\/interpim.erresse-shop.it\/img-catalogo\/zafferano\/zafferano-bicchiere-tumbler-pirolo-junior-26.jpg?ssl=1","contentUrl":"https:\/\/i0.wp.com\/interpim.erresse-shop.it\/img-catalogo\/zafferano\/zafferano-bicchiere-tumbler-pirolo-junior-26.jpg?ssl=1"},{"@type":"BreadcrumbList","@id":"https:\/\/dev6.erresse-shop.it\/es\/shop\/tabla\/vasos\/zafferano-pirolo-junior-juego-de-6-vasos-mixtos\/#breadcrumb","itemListElement":[{"@type":"ListItem","position":1,"name":"Home","item":"https:\/\/dev6.erresse-shop.it\/"},{"@type":"ListItem","position":2,"name":"Tienda","item":"https:\/\/dev6.erresse-shop.it\/shop\/"},{"@type":"ListItem","position":3,"name":"ZAFFERANO Pirolo Junior Juego de 6 Vasos Mixtos"}]},{"@type":"WebSite","@id":"https:\/\/dev6.erresse-shop.it\/#website","url":"https:\/\/dev6.erresse-shop.it\/","name":"Erresse Shop","description":"","publisher":{"@id":"https:\/\/dev6.erresse-shop.it\/#organization"},"potentialAction":[{"@type":"SearchAction","target":{"@type":"EntryPoint","urlTemplate":"https:\/\/dev6.erresse-shop.it\/?s={search_term_string}"},"query-input":{"@type":"PropertyValueSpecification","valueRequired":true,"valueName":"search_term_string"}}],"inLanguage":"es"},{"@type":"Organization","@id":"https:\/\/dev6.erresse-shop.it\/#organization","name":"Erresse Shop","url":"https:\/\/dev6.erresse-shop.it\/","logo":{"@type":"ImageObject","inLanguage":"es","@id":"https:\/\/dev6.erresse-shop.it\/#\/schema\/logo\/image\/","url":"https:\/\/dev6.erresse-shop.it\/wp-content\/uploads\/2025\/01\/LOGO-ERRESSE-CLASSICO.svg","contentUrl":"https:\/\/dev6.erresse-shop.it\/wp-content\/uploads\/2025\/01\/LOGO-ERRESSE-CLASSICO.svg","caption":"Erresse Shop"},"image":{"@id":"https:\/\/dev6.erresse-shop.it\/#\/schema\/logo\/image\/"}}]}},"df_price":74,"df_sale_price":74,"df_regular_price":81,"df_image_link":"https:\/\/i0.wp.com\/interpim.erresse-shop.it\/img-catalogo\/zafferano\/zafferano-bicchiere-tumbler-pirolo-junior-26.jpg?resize=300,300&ssl=1","fifu_image_url":"https:\/\/interpim.erresse-shop.it\/img-catalogo\/zafferano\/zafferano-bicchiere-tumbler-pirolo-junior-26.jpg","_links":{"self":[{"href":"https:\/\/dev6.erresse-shop.it\/es\/wp-json\/wp\/v2\/product\/1877836","targetHints":{"allow":["GET"]}}],"collection":[{"href":"https:\/\/dev6.erresse-shop.it\/es\/wp-json\/wp\/v2\/product"}],"about":[{"href":"https:\/\/dev6.erresse-shop.it\/es\/wp-json\/wp\/v2\/types\/product"}],"wp:featuredmedia":[{"embeddable":true,"href":"https:\/\/dev6.erresse-shop.it\/es\/wp-json\/wp\/v2\/media\/6353541"}],"wp:attachment":[{"href":"https:\/\/dev6.erresse-shop.it\/es\/wp-json\/wp\/v2\/media?parent=1877836"}],"wp:term":[{"taxonomy":"product_cat","embeddable":true,"href":"https:\/\/dev6.erresse-shop.it\/es\/wp-json\/wp\/v2\/product_cat?post=1877836"},{"taxonomy":"product_tag","embeddable":true,"href":"https:\/\/dev6.erresse-shop.it\/es\/wp-json\/wp\/v2\/product_tag?post=1877836"}],"curies":[{"name":"wp","href":"https:\/\/api.w.org\/{rel}","templated":true}]}}