{"id":1877828,"date":"2026-04-04T08:46:23","date_gmt":"2026-04-04T06:46:23","guid":{"rendered":"https:\/\/dev6.erresse-shop.it\/shop\/sin%20categor\u00eda\/le-creuset-amour-moldear-6-magdalenas-corazon\/"},"modified":"2025-11-30T17:55:00","modified_gmt":"2025-11-30T16:55:00","slug":"le-creuset-amour-moldear-6-magdalenas-corazon","status":"publish","type":"product","link":"https:\/\/dev6.erresse-shop.it\/es\/shop\/sartenes-y-ollas\/moldes-para-pasteles-y-creperas\/le-creuset-amour-moldear-6-magdalenas-corazon\/","title":{"rendered":"LE CREUSET Amour Moldear 6 Magdalenas Coraz\u00f3n"},"content":{"rendered":"<p>Prepara dulces para el D\u00eda de la Madre, el D\u00eda de San Valent\u00edn, un aniversario especial o simplemente porque te apetece. Este molde tiene seis formas de coraz\u00f3n para crear postres irresistibles. Gracias a la tecnolog\u00eda antiadherente, sus creaciones se desprenden sin esfuerzo para obtener resultados precisos y adorables.<\/p>\n<p>Levante con seguridad: hemos a\u00f1adido inserciones de silicona resistentes al calor en el borde para mejorar el agarre y facilitar el levantamiento.<br \/>\nPreparados para el horno: nuestros moldes son aptos para el horno hasta 240\u00b0C.<br \/>\nLo mejor de su clase: nuestros productos se elaboran con los mejores materiales en f\u00e1bricas de todo el mundo para garantizar la calidad que usted espera de Le Creuset.<\/p>\n","protected":false},"excerpt":{"rendered":"<p>Prepara dulces para el D\u00eda de la Madre, el D\u00eda de San Valent\u00edn, un aniversario especial o simplemente porque te apetece. Este molde tiene seis formas de coraz\u00f3n para crear postres irresistibles. Gracias a la tecnolog\u00eda antiadherente, sus creaciones se desprenden sin esfuerzo para obtener resultados precisos y adorables. Levante con seguridad: hemos a\u00f1adido inserciones [&hellip;]<\/p>\n","protected":false},"featured_media":6270201,"template":"","meta":{"_acf_changed":false},"product_cat":[11942,11919,11883,11703],"product_tag":[],"class_list":{"0":"post-1877828","1":"product","2":"type-product","3":"status-publish","4":"has-post-thumbnail","6":"product_cat-ollas-y-bandejas-de-horno","7":"product_cat-moldes-para-pasteles-y-creperas","8":"product_cat-sartenes-y-ollas","9":"product_cat-altri-prodotti","11":"first","12":"instock","13":"sale","14":"taxable","15":"shipping-taxable","16":"purchasable","17":"product-type-simple","swatches":"rey-swatches","show_selected":"","stretch_labels":"rey-swatches--stretch-labels"},"acf":[],"yoast_head":"<!-- This site is optimized with the Yoast SEO plugin v25.4 - https:\/\/yoast.com\/wordpress\/plugins\/seo\/ -->\n<title>LE CREUSET Amour Moldear 6 Magdalenas Coraz\u00f3n - dev6 Erresse<\/title>\n<meta name=\"description\" content=\"Prepara dulces para el D\u00eda de la Madre, el D\u00eda de San Valent\u00edn, un aniversario especial o simplemente porque te apetece. Este molde tiene seis formas de\" \/>\n<meta name=\"robots\" content=\"noindex, follow, max-snippet:-1, max-image-preview:large, max-video-preview:-1\" \/>\n<meta property=\"og:locale\" content=\"es_ES\" \/>\n<meta property=\"og:type\" content=\"article\" \/>\n<meta property=\"og:title\" content=\"LE CREUSET Amour Moldear 6 Magdalenas Coraz\u00f3n - dev6 Erresse\" \/>\n<meta property=\"og:description\" content=\"Prepara dulces para el D\u00eda de la Madre, el D\u00eda de San Valent\u00edn, un aniversario especial o simplemente porque te apetece. Este molde tiene seis formas de\" \/>\n<meta property=\"og:url\" content=\"https:\/\/dev6.erresse-shop.it\/es\/shop\/sartenes-y-ollas\/moldes-para-pasteles-y-creperas\/le-creuset-amour-moldear-6-magdalenas-corazon\/\" \/>\n<meta property=\"og:site_name\" content=\"dev6 Erresse\" \/>\n<meta property=\"og:image\" content=\"https:\/\/interpim.erresse-shop.it\/Import\/Prodotti\/le-creuset-stampo-6-muffin-cuore-1.jpg\" \/><meta property=\"og:image\" content=\"https:\/\/interpim.erresse-shop.it\/Import\/Prodotti\/le-creuset-stampo-6-muffin-cuore-1.jpg\" \/>\n\t<meta property=\"og:image:width\" content=\"1024\" \/>\n\t<meta property=\"og:image:height\" content=\"1024\" \/>\n\t<meta property=\"og:image:type\" content=\"image\/jpeg\" \/>\n<meta name=\"twitter:card\" content=\"summary_large_image\" \/>\n<meta name=\"twitter:image\" content=\"https:\/\/interpim.erresse-shop.it\/Import\/Prodotti\/le-creuset-stampo-6-muffin-cuore-1.jpg\" \/>\n<script type=\"application\/ld+json\" class=\"yoast-schema-graph\">{\"@context\":\"https:\/\/schema.org\",\"@graph\":[{\"@type\":\"WebPage\",\"@id\":\"https:\/\/dev6.erresse-shop.it\/es\/shop\/sartenes-y-ollas\/moldes-para-pasteles-y-creperas\/le-creuset-amour-moldear-6-magdalenas-corazon\/\",\"url\":\"https:\/\/dev6.erresse-shop.it\/es\/shop\/sartenes-y-ollas\/moldes-para-pasteles-y-creperas\/le-creuset-amour-moldear-6-magdalenas-corazon\/\",\"name\":\"LE CREUSET Amour Moldear 6 Magdalenas Coraz\u00f3n - dev6 Erresse\",\"isPartOf\":{\"@id\":\"https:\/\/dev6.erresse-shop.it\/#website\"},\"primaryImageOfPage\":{\"@id\":\"https:\/\/dev6.erresse-shop.it\/es\/shop\/sartenes-y-ollas\/moldes-para-pasteles-y-creperas\/le-creuset-amour-moldear-6-magdalenas-corazon\/#primaryimage\"},\"image\":{\"@id\":\"https:\/\/dev6.erresse-shop.it\/es\/shop\/sartenes-y-ollas\/moldes-para-pasteles-y-creperas\/le-creuset-amour-moldear-6-magdalenas-corazon\/#primaryimage\"},\"thumbnailUrl\":\"https:\/\/i1.wp.com\/interpim.erresse-shop.it\/Import\/Prodotti\/le-creuset-stampo-6-muffin-cuore-1.jpg?ssl=1\",\"datePublished\":\"2026-04-04T06:46:23+00:00\",\"description\":\"Prepara dulces para el D\u00eda de la Madre, el D\u00eda de San Valent\u00edn, un aniversario especial o simplemente porque te apetece. Este molde tiene seis formas de\",\"breadcrumb\":{\"@id\":\"https:\/\/dev6.erresse-shop.it\/es\/shop\/sartenes-y-ollas\/moldes-para-pasteles-y-creperas\/le-creuset-amour-moldear-6-magdalenas-corazon\/#breadcrumb\"},\"inLanguage\":\"es\",\"potentialAction\":[{\"@type\":\"ReadAction\",\"target\":[\"https:\/\/dev6.erresse-shop.it\/es\/shop\/sartenes-y-ollas\/moldes-para-pasteles-y-creperas\/le-creuset-amour-moldear-6-magdalenas-corazon\/\"]}]},{\"@type\":\"ImageObject\",\"inLanguage\":\"es\",\"@id\":\"https:\/\/dev6.erresse-shop.it\/es\/shop\/sartenes-y-ollas\/moldes-para-pasteles-y-creperas\/le-creuset-amour-moldear-6-magdalenas-corazon\/#primaryimage\",\"url\":\"https:\/\/i1.wp.com\/interpim.erresse-shop.it\/Import\/Prodotti\/le-creuset-stampo-6-muffin-cuore-1.jpg?ssl=1\",\"contentUrl\":\"https:\/\/i1.wp.com\/interpim.erresse-shop.it\/Import\/Prodotti\/le-creuset-stampo-6-muffin-cuore-1.jpg?ssl=1\"},{\"@type\":\"BreadcrumbList\",\"@id\":\"https:\/\/dev6.erresse-shop.it\/es\/shop\/sartenes-y-ollas\/moldes-para-pasteles-y-creperas\/le-creuset-amour-moldear-6-magdalenas-corazon\/#breadcrumb\",\"itemListElement\":[{\"@type\":\"ListItem\",\"position\":1,\"name\":\"Home\",\"item\":\"https:\/\/dev6.erresse-shop.it\/\"},{\"@type\":\"ListItem\",\"position\":2,\"name\":\"Tienda\",\"item\":\"https:\/\/dev6.erresse-shop.it\/shop\/\"},{\"@type\":\"ListItem\",\"position\":3,\"name\":\"LE CREUSET Amour Moldear 6 Magdalenas Coraz\u00f3n\"}]},{\"@type\":\"WebSite\",\"@id\":\"https:\/\/dev6.erresse-shop.it\/#website\",\"url\":\"https:\/\/dev6.erresse-shop.it\/\",\"name\":\"Erresse Shop\",\"description\":\"\",\"publisher\":{\"@id\":\"https:\/\/dev6.erresse-shop.it\/#organization\"},\"potentialAction\":[{\"@type\":\"SearchAction\",\"target\":{\"@type\":\"EntryPoint\",\"urlTemplate\":\"https:\/\/dev6.erresse-shop.it\/?s={search_term_string}\"},\"query-input\":{\"@type\":\"PropertyValueSpecification\",\"valueRequired\":true,\"valueName\":\"search_term_string\"}}],\"inLanguage\":\"es\"},{\"@type\":\"Organization\",\"@id\":\"https:\/\/dev6.erresse-shop.it\/#organization\",\"name\":\"Erresse Shop\",\"url\":\"https:\/\/dev6.erresse-shop.it\/\",\"logo\":{\"@type\":\"ImageObject\",\"inLanguage\":\"es\",\"@id\":\"https:\/\/dev6.erresse-shop.it\/#\/schema\/logo\/image\/\",\"url\":\"https:\/\/dev6.erresse-shop.it\/wp-content\/uploads\/2025\/01\/LOGO-ERRESSE-CLASSICO.svg\",\"contentUrl\":\"https:\/\/dev6.erresse-shop.it\/wp-content\/uploads\/2025\/01\/LOGO-ERRESSE-CLASSICO.svg\",\"caption\":\"Erresse Shop\"},\"image\":{\"@id\":\"https:\/\/dev6.erresse-shop.it\/#\/schema\/logo\/image\/\"}}]}<\/script>\n<!-- \/ Yoast SEO plugin. -->","yoast_head_json":{"title":"LE CREUSET Amour Moldear 6 Magdalenas Coraz\u00f3n - dev6 Erresse","description":"Prepara dulces para el D\u00eda de la Madre, el D\u00eda de San Valent\u00edn, un aniversario especial o simplemente porque te apetece. Este molde tiene seis formas de","robots":{"index":"noindex","follow":"follow","max-snippet":"max-snippet:-1","max-image-preview":"max-image-preview:large","max-video-preview":"max-video-preview:-1"},"og_locale":"es_ES","og_type":"article","og_title":"LE CREUSET Amour Moldear 6 Magdalenas Coraz\u00f3n - dev6 Erresse","og_description":"Prepara dulces para el D\u00eda de la Madre, el D\u00eda de San Valent\u00edn, un aniversario especial o simplemente porque te apetece. Este molde tiene seis formas de","og_url":"https:\/\/dev6.erresse-shop.it\/es\/shop\/sartenes-y-ollas\/moldes-para-pasteles-y-creperas\/le-creuset-amour-moldear-6-magdalenas-corazon\/","og_site_name":"dev6 Erresse","og_image":[{"url":"https:\/\/interpim.erresse-shop.it\/Import\/Prodotti\/le-creuset-stampo-6-muffin-cuore-1.jpg","type":"","width":"","height":""},{"url":"https:\/\/interpim.erresse-shop.it\/Import\/Prodotti\/le-creuset-stampo-6-muffin-cuore-1.jpg","width":1024,"height":1024,"type":"image\/jpeg"}],"twitter_card":"summary_large_image","twitter_image":"https:\/\/interpim.erresse-shop.it\/Import\/Prodotti\/le-creuset-stampo-6-muffin-cuore-1.jpg","schema":{"@context":"https:\/\/schema.org","@graph":[{"@type":"WebPage","@id":"https:\/\/dev6.erresse-shop.it\/es\/shop\/sartenes-y-ollas\/moldes-para-pasteles-y-creperas\/le-creuset-amour-moldear-6-magdalenas-corazon\/","url":"https:\/\/dev6.erresse-shop.it\/es\/shop\/sartenes-y-ollas\/moldes-para-pasteles-y-creperas\/le-creuset-amour-moldear-6-magdalenas-corazon\/","name":"LE CREUSET Amour Moldear 6 Magdalenas Coraz\u00f3n - dev6 Erresse","isPartOf":{"@id":"https:\/\/dev6.erresse-shop.it\/#website"},"primaryImageOfPage":{"@id":"https:\/\/dev6.erresse-shop.it\/es\/shop\/sartenes-y-ollas\/moldes-para-pasteles-y-creperas\/le-creuset-amour-moldear-6-magdalenas-corazon\/#primaryimage"},"image":{"@id":"https:\/\/dev6.erresse-shop.it\/es\/shop\/sartenes-y-ollas\/moldes-para-pasteles-y-creperas\/le-creuset-amour-moldear-6-magdalenas-corazon\/#primaryimage"},"thumbnailUrl":"https:\/\/i1.wp.com\/interpim.erresse-shop.it\/Import\/Prodotti\/le-creuset-stampo-6-muffin-cuore-1.jpg?ssl=1","datePublished":"2026-04-04T06:46:23+00:00","description":"Prepara dulces para el D\u00eda de la Madre, el D\u00eda de San Valent\u00edn, un aniversario especial o simplemente porque te apetece. Este molde tiene seis formas de","breadcrumb":{"@id":"https:\/\/dev6.erresse-shop.it\/es\/shop\/sartenes-y-ollas\/moldes-para-pasteles-y-creperas\/le-creuset-amour-moldear-6-magdalenas-corazon\/#breadcrumb"},"inLanguage":"es","potentialAction":[{"@type":"ReadAction","target":["https:\/\/dev6.erresse-shop.it\/es\/shop\/sartenes-y-ollas\/moldes-para-pasteles-y-creperas\/le-creuset-amour-moldear-6-magdalenas-corazon\/"]}]},{"@type":"ImageObject","inLanguage":"es","@id":"https:\/\/dev6.erresse-shop.it\/es\/shop\/sartenes-y-ollas\/moldes-para-pasteles-y-creperas\/le-creuset-amour-moldear-6-magdalenas-corazon\/#primaryimage","url":"https:\/\/i1.wp.com\/interpim.erresse-shop.it\/Import\/Prodotti\/le-creuset-stampo-6-muffin-cuore-1.jpg?ssl=1","contentUrl":"https:\/\/i1.wp.com\/interpim.erresse-shop.it\/Import\/Prodotti\/le-creuset-stampo-6-muffin-cuore-1.jpg?ssl=1"},{"@type":"BreadcrumbList","@id":"https:\/\/dev6.erresse-shop.it\/es\/shop\/sartenes-y-ollas\/moldes-para-pasteles-y-creperas\/le-creuset-amour-moldear-6-magdalenas-corazon\/#breadcrumb","itemListElement":[{"@type":"ListItem","position":1,"name":"Home","item":"https:\/\/dev6.erresse-shop.it\/"},{"@type":"ListItem","position":2,"name":"Tienda","item":"https:\/\/dev6.erresse-shop.it\/shop\/"},{"@type":"ListItem","position":3,"name":"LE CREUSET Amour Moldear 6 Magdalenas Coraz\u00f3n"}]},{"@type":"WebSite","@id":"https:\/\/dev6.erresse-shop.it\/#website","url":"https:\/\/dev6.erresse-shop.it\/","name":"Erresse Shop","description":"","publisher":{"@id":"https:\/\/dev6.erresse-shop.it\/#organization"},"potentialAction":[{"@type":"SearchAction","target":{"@type":"EntryPoint","urlTemplate":"https:\/\/dev6.erresse-shop.it\/?s={search_term_string}"},"query-input":{"@type":"PropertyValueSpecification","valueRequired":true,"valueName":"search_term_string"}}],"inLanguage":"es"},{"@type":"Organization","@id":"https:\/\/dev6.erresse-shop.it\/#organization","name":"Erresse Shop","url":"https:\/\/dev6.erresse-shop.it\/","logo":{"@type":"ImageObject","inLanguage":"es","@id":"https:\/\/dev6.erresse-shop.it\/#\/schema\/logo\/image\/","url":"https:\/\/dev6.erresse-shop.it\/wp-content\/uploads\/2025\/01\/LOGO-ERRESSE-CLASSICO.svg","contentUrl":"https:\/\/dev6.erresse-shop.it\/wp-content\/uploads\/2025\/01\/LOGO-ERRESSE-CLASSICO.svg","caption":"Erresse Shop"},"image":{"@id":"https:\/\/dev6.erresse-shop.it\/#\/schema\/logo\/image\/"}}]}},"df_price":38,"df_sale_price":38,"df_regular_price":45,"df_image_link":"https:\/\/i1.wp.com\/interpim.erresse-shop.it\/Import\/Prodotti\/le-creuset-stampo-6-muffin-cuore-1.jpg?resize=300,300&ssl=1","fifu_image_url":"https:\/\/interpim.erresse-shop.it\/Import\/Prodotti\/le-creuset-stampo-6-muffin-cuore-1.jpg","_links":{"self":[{"href":"https:\/\/dev6.erresse-shop.it\/es\/wp-json\/wp\/v2\/product\/1877828","targetHints":{"allow":["GET"]}}],"collection":[{"href":"https:\/\/dev6.erresse-shop.it\/es\/wp-json\/wp\/v2\/product"}],"about":[{"href":"https:\/\/dev6.erresse-shop.it\/es\/wp-json\/wp\/v2\/types\/product"}],"wp:featuredmedia":[{"embeddable":true,"href":"https:\/\/dev6.erresse-shop.it\/es\/wp-json\/wp\/v2\/media\/6270201"}],"wp:attachment":[{"href":"https:\/\/dev6.erresse-shop.it\/es\/wp-json\/wp\/v2\/media?parent=1877828"}],"wp:term":[{"taxonomy":"product_cat","embeddable":true,"href":"https:\/\/dev6.erresse-shop.it\/es\/wp-json\/wp\/v2\/product_cat?post=1877828"},{"taxonomy":"product_tag","embeddable":true,"href":"https:\/\/dev6.erresse-shop.it\/es\/wp-json\/wp\/v2\/product_tag?post=1877828"}],"curies":[{"name":"wp","href":"https:\/\/api.w.org\/{rel}","templated":true}]}}