{"id":1877826,"date":"2026-04-12T08:47:38","date_gmt":"2026-04-12T06:47:38","guid":{"rendered":"https:\/\/dev6.erresse-shop.it\/shop\/sin%20categor\u00eda\/le-creuset-amour-cocotte-corazon-20-cm-shell-pink\/"},"modified":"2025-09-14T07:56:35","modified_gmt":"2025-09-14T05:56:35","slug":"le-creuset-amour-cocotte-corazon-20-cm-shell-pink","status":"publish","type":"product","link":"https:\/\/dev6.erresse-shop.it\/es\/shop\/sartenes-y-ollas\/marmitas-y-cocottes\/le-creuset-amour-cocotte-corazon-20-cm-shell-pink\/","title":{"rendered":"LE CREUSET Amour Cocotte Coraz\u00f3n 20 cm Shell Pink"},"content":{"rendered":"<p>Fabricada con amor, esta emblem\u00e1tica pieza es un regalo perfecto para el D\u00eda de la Madre, San Valent\u00edn, un cumplea\u00f1os o una boda. Su encantadora forma de coraz\u00f3n la diferencia notablemente de otras piezas de nuestra colecci\u00f3n de hierro fundido, pero sus prestaciones son exactamente las mismas. La estructura de hierro fundido distribuye el calor de manera uniforme para obtener resultados incre\u00edbles y conserva la temperatura de los alimentos durante m\u00e1s tiempo para que puedas llevarla a la mesa. Tiene un dise\u00f1o perfecto para elaborar estofados, asados y sopas y hornear preciosos bizcochos desde el coraz\u00f3n. Adem\u00e1s, est\u00e1 decorada con un encantador pomo resistente al calor con la misma forma.<\/p>\n<p>Detalles del ProductoErgon\u00f3mico: el pomo resistente al calor (hasta 260 \u00baC) se ha dise\u00f1ado para favorecer el agarre al levantar la tapa incluso cuando uses guantes de horno.<\/p>\n<p>Limpieza r\u00e1pida: el interior esmaltado claro facilita la limpieza.<\/p>\n<p>Incre\u00edblemente pr\u00e1ctico: apto para el horno, los fogones, las placas de inducci\u00f3n y el grill.<\/p>\n<p>Comida exquisita: la estructura de hierro fundido conserva el calor para cocinar y dorar de manera uniforme. Tus deliciosas elaboraciones permanecer\u00e1n calientes en la mesa durante m\u00e1s tiempo.<\/p>\n<p>Retiene la humedad: nuestra tapa encaja a la perfecci\u00f3n para impedir que los jugos se evaporen, realzar el sabor y contribuir a que la comida se cocine a la perfecci\u00f3n.<\/p>\n<p>Agarre f\u00e1cil: las asas c\u00f3modas y elegantes permiten levantarlo sin riesgos.<\/p>\n<p>No al sobrecalentamiento: cocina a fuego medio o bajo constante para cuidar el hierro fundido y disfrutar de unos resultados deliciosos.<\/p>\n<p>Material: Hierro Fundido EsmaltadoFabricado en: FranciaGarant\u00eda: Garant\u00eda de por Vida<\/p>\n<p>Fuente de CalorHornoParrillaPlaca el\u00e9ctricaVitrocer\u00e1micaGasPlaca de inducci\u00f3n<\/p>\n<p>DimensionesCapacidad: 1.9 lLongitud: 25.4 cmAncho: 19 cmAltura: 13.6 cmProfundidad: 8.4 cm<\/p>\n<p>Usos y CuidadosCompatible con el congelador<\/p>\n<p>Lavaplatos<\/p>\n<p>\u00a1Disfruta desempaquetando tu nueva adquisici\u00f3n! (Y aseg\u00farate de retirar todas las etiquetas y envoltorios).<\/p>\n<p>Lava tu producto Le Creuset con agua caliente y jab\u00f3n, acl\u00e1ralo y s\u00e9calo bien.<\/p>\n<p>Prot\u00e9gete: usa guantes de horno siempre que manipules recipientes calientes.<\/p>\n<p>Te recomendamos utilizar herramientas de silicona, madera o pl\u00e1stico resistentes al calor de Le Creuset. NO utilices cuchillos ni utensilios met\u00e1licos, ya que podr\u00edan rayar y dejar marcas en la superficie esmaltada del producto.<\/p>\n<p>Usa el producto en el fog\u00f3n del tama\u00f1o m\u00e1s adecuado: la comida se cocinar\u00e1 de manera m\u00e1s uniforme y reducir\u00e1s el riesgo de da\u00f1ar las asas y los laterales. Esto es especialmente importante en el caso de placas de inducci\u00f3n: si utilizas un fog\u00f3n de tama\u00f1o inadecuado, existe el riesgo de que no \u201creconozca\u201d el producto.<\/p>\n<p>Cocinar a fuego medio o bajo te permite lograr los mejores resultados, incluso para fre\u00edr y marcar. Si quieres cocinar platos deliciosos de manera uniforme, deja que el recipiente se caliente gradualmente. Si necesitas utilizar fuego fuerte, disminuye la intensidad cuando alcances el calor deseado.<\/p>\n<p>Nunca deslices el producto sobre unos fogones\/una placa con cubierta de cristal, ya que podr\u00edas da\u00f1ar tanto el producto como el cristal. En su lugar, levanta siempre el producto para ponerlo y quitarlo o cambiarlo de lugar.<\/p>\n<p>Espera a que el producto se enfr\u00ede antes de comenzar a limpiarlo.<\/p>\n<p>Retira los restos de la base y los laterales del producto con un pa\u00f1o o servilleta. Si hay comida pegada, llena el producto con agua caliente y jab\u00f3n, deja que se reblandezca durante 15 o 20 minutos y, a continuaci\u00f3n, l\u00e1valo como de costumbre.<\/p>\n<p>No utilices agentes de limpieza abrasivos ni estropajos o escobillas met\u00e1licos sobre ninguna de las superficies.<\/p>\n<p>S\u00e9calo bien tras el lavado y gu\u00e1rdalo en un lugar seco.<\/p>\n","protected":false},"excerpt":{"rendered":"<p>Fabricada con amor, esta emblem\u00e1tica pieza es un regalo perfecto para el D\u00eda de la Madre, San Valent\u00edn, un cumplea\u00f1os o una boda. Su encantadora forma de coraz\u00f3n la diferencia notablemente de otras piezas de nuestra colecci\u00f3n de hierro fundido, pero sus prestaciones son exactamente las mismas. La estructura de hierro fundido distribuye el calor [&hellip;]<\/p>\n","protected":false},"featured_media":6353475,"template":"","meta":{"_acf_changed":false},"product_cat":[11892,11667,11883],"product_tag":[],"class_list":{"0":"post-1877826","1":"product","2":"type-product","3":"status-publish","4":"has-post-thumbnail","6":"product_cat-marmitas-y-cocottes","7":"product_cat-padelle-pentole","8":"product_cat-sartenes-y-ollas","10":"first","11":"outofstock","12":"sale","13":"taxable","14":"shipping-taxable","15":"purchasable","16":"product-type-simple","swatches":"rey-swatches","show_selected":"","stretch_labels":"rey-swatches--stretch-labels"},"acf":[],"yoast_head":"<!-- This site is optimized with the Yoast SEO plugin v25.4 - https:\/\/yoast.com\/wordpress\/plugins\/seo\/ -->\n<title>LE CREUSET Amour Cocotte Coraz\u00f3n 20 cm Shell Pink - dev6 Erresse<\/title>\n<meta name=\"description\" content=\"Fabricada con amor, esta emblem\u00e1tica pieza es un regalo perfecto para el D\u00eda de la Madre, San Valent\u00edn, un cumplea\u00f1os o una boda. Su encantadora forma de\" \/>\n<meta name=\"robots\" content=\"noindex, follow, max-snippet:-1, max-image-preview:large, max-video-preview:-1\" \/>\n<meta property=\"og:locale\" content=\"es_ES\" \/>\n<meta property=\"og:type\" content=\"article\" \/>\n<meta property=\"og:title\" content=\"LE CREUSET Amour Cocotte Coraz\u00f3n 20 cm Shell Pink - dev6 Erresse\" \/>\n<meta property=\"og:description\" content=\"Fabricada con amor, esta emblem\u00e1tica pieza es un regalo perfecto para el D\u00eda de la Madre, San Valent\u00edn, un cumplea\u00f1os o una boda. Su encantadora forma de\" \/>\n<meta property=\"og:url\" content=\"https:\/\/dev6.erresse-shop.it\/es\/shop\/sartenes-y-ollas\/marmitas-y-cocottes\/le-creuset-amour-cocotte-corazon-20-cm-shell-pink\/\" \/>\n<meta property=\"og:site_name\" content=\"dev6 Erresse\" \/>\n<meta property=\"og:image\" content=\"https:\/\/interpim.erresse-shop.it\/Import\/Prodotti\/le-creuset-amour-casseruola-cuore-20-cm-shell-pink.jpg\" \/><meta property=\"og:image\" content=\"https:\/\/interpim.erresse-shop.it\/Import\/Prodotti\/le-creuset-amour-casseruola-cuore-20-cm-shell-pink.jpg\" \/>\n\t<meta property=\"og:image:width\" content=\"1024\" \/>\n\t<meta property=\"og:image:height\" content=\"1024\" \/>\n\t<meta property=\"og:image:type\" content=\"image\/jpeg\" \/>\n<meta name=\"twitter:card\" content=\"summary_large_image\" \/>\n<meta name=\"twitter:image\" content=\"https:\/\/interpim.erresse-shop.it\/Import\/Prodotti\/le-creuset-amour-casseruola-cuore-20-cm-shell-pink.jpg\" \/>\n<script type=\"application\/ld+json\" class=\"yoast-schema-graph\">{\"@context\":\"https:\/\/schema.org\",\"@graph\":[{\"@type\":\"WebPage\",\"@id\":\"https:\/\/dev6.erresse-shop.it\/es\/shop\/sartenes-y-ollas\/marmitas-y-cocottes\/le-creuset-amour-cocotte-corazon-20-cm-shell-pink\/\",\"url\":\"https:\/\/dev6.erresse-shop.it\/es\/shop\/sartenes-y-ollas\/marmitas-y-cocottes\/le-creuset-amour-cocotte-corazon-20-cm-shell-pink\/\",\"name\":\"LE CREUSET Amour Cocotte Coraz\u00f3n 20 cm Shell Pink - dev6 Erresse\",\"isPartOf\":{\"@id\":\"https:\/\/dev6.erresse-shop.it\/#website\"},\"primaryImageOfPage\":{\"@id\":\"https:\/\/dev6.erresse-shop.it\/es\/shop\/sartenes-y-ollas\/marmitas-y-cocottes\/le-creuset-amour-cocotte-corazon-20-cm-shell-pink\/#primaryimage\"},\"image\":{\"@id\":\"https:\/\/dev6.erresse-shop.it\/es\/shop\/sartenes-y-ollas\/marmitas-y-cocottes\/le-creuset-amour-cocotte-corazon-20-cm-shell-pink\/#primaryimage\"},\"thumbnailUrl\":\"https:\/\/i3.wp.com\/interpim.erresse-shop.it\/Import\/Prodotti\/le-creuset-amour-casseruola-cuore-20-cm-shell-pink.jpg?ssl=1\",\"datePublished\":\"2026-04-12T06:47:38+00:00\",\"description\":\"Fabricada con amor, esta emblem\u00e1tica pieza es un regalo perfecto para el D\u00eda de la Madre, San Valent\u00edn, un cumplea\u00f1os o una boda. Su encantadora forma de\",\"breadcrumb\":{\"@id\":\"https:\/\/dev6.erresse-shop.it\/es\/shop\/sartenes-y-ollas\/marmitas-y-cocottes\/le-creuset-amour-cocotte-corazon-20-cm-shell-pink\/#breadcrumb\"},\"inLanguage\":\"es\",\"potentialAction\":[{\"@type\":\"ReadAction\",\"target\":[\"https:\/\/dev6.erresse-shop.it\/es\/shop\/sartenes-y-ollas\/marmitas-y-cocottes\/le-creuset-amour-cocotte-corazon-20-cm-shell-pink\/\"]}]},{\"@type\":\"ImageObject\",\"inLanguage\":\"es\",\"@id\":\"https:\/\/dev6.erresse-shop.it\/es\/shop\/sartenes-y-ollas\/marmitas-y-cocottes\/le-creuset-amour-cocotte-corazon-20-cm-shell-pink\/#primaryimage\",\"url\":\"https:\/\/i3.wp.com\/interpim.erresse-shop.it\/Import\/Prodotti\/le-creuset-amour-casseruola-cuore-20-cm-shell-pink.jpg?ssl=1\",\"contentUrl\":\"https:\/\/i3.wp.com\/interpim.erresse-shop.it\/Import\/Prodotti\/le-creuset-amour-casseruola-cuore-20-cm-shell-pink.jpg?ssl=1\"},{\"@type\":\"BreadcrumbList\",\"@id\":\"https:\/\/dev6.erresse-shop.it\/es\/shop\/sartenes-y-ollas\/marmitas-y-cocottes\/le-creuset-amour-cocotte-corazon-20-cm-shell-pink\/#breadcrumb\",\"itemListElement\":[{\"@type\":\"ListItem\",\"position\":1,\"name\":\"Home\",\"item\":\"https:\/\/dev6.erresse-shop.it\/\"},{\"@type\":\"ListItem\",\"position\":2,\"name\":\"Tienda\",\"item\":\"https:\/\/dev6.erresse-shop.it\/shop\/\"},{\"@type\":\"ListItem\",\"position\":3,\"name\":\"LE CREUSET Amour Cocotte Coraz\u00f3n 20 cm Shell Pink\"}]},{\"@type\":\"WebSite\",\"@id\":\"https:\/\/dev6.erresse-shop.it\/#website\",\"url\":\"https:\/\/dev6.erresse-shop.it\/\",\"name\":\"Erresse Shop\",\"description\":\"\",\"publisher\":{\"@id\":\"https:\/\/dev6.erresse-shop.it\/#organization\"},\"potentialAction\":[{\"@type\":\"SearchAction\",\"target\":{\"@type\":\"EntryPoint\",\"urlTemplate\":\"https:\/\/dev6.erresse-shop.it\/?s={search_term_string}\"},\"query-input\":{\"@type\":\"PropertyValueSpecification\",\"valueRequired\":true,\"valueName\":\"search_term_string\"}}],\"inLanguage\":\"es\"},{\"@type\":\"Organization\",\"@id\":\"https:\/\/dev6.erresse-shop.it\/#organization\",\"name\":\"Erresse Shop\",\"url\":\"https:\/\/dev6.erresse-shop.it\/\",\"logo\":{\"@type\":\"ImageObject\",\"inLanguage\":\"es\",\"@id\":\"https:\/\/dev6.erresse-shop.it\/#\/schema\/logo\/image\/\",\"url\":\"https:\/\/dev6.erresse-shop.it\/wp-content\/uploads\/2025\/01\/LOGO-ERRESSE-CLASSICO.svg\",\"contentUrl\":\"https:\/\/dev6.erresse-shop.it\/wp-content\/uploads\/2025\/01\/LOGO-ERRESSE-CLASSICO.svg\",\"caption\":\"Erresse Shop\"},\"image\":{\"@id\":\"https:\/\/dev6.erresse-shop.it\/#\/schema\/logo\/image\/\"}}]}<\/script>\n<!-- \/ Yoast SEO plugin. -->","yoast_head_json":{"title":"LE CREUSET Amour Cocotte Coraz\u00f3n 20 cm Shell Pink - dev6 Erresse","description":"Fabricada con amor, esta emblem\u00e1tica pieza es un regalo perfecto para el D\u00eda de la Madre, San Valent\u00edn, un cumplea\u00f1os o una boda. Su encantadora forma de","robots":{"index":"noindex","follow":"follow","max-snippet":"max-snippet:-1","max-image-preview":"max-image-preview:large","max-video-preview":"max-video-preview:-1"},"og_locale":"es_ES","og_type":"article","og_title":"LE CREUSET Amour Cocotte Coraz\u00f3n 20 cm Shell Pink - dev6 Erresse","og_description":"Fabricada con amor, esta emblem\u00e1tica pieza es un regalo perfecto para el D\u00eda de la Madre, San Valent\u00edn, un cumplea\u00f1os o una boda. Su encantadora forma de","og_url":"https:\/\/dev6.erresse-shop.it\/es\/shop\/sartenes-y-ollas\/marmitas-y-cocottes\/le-creuset-amour-cocotte-corazon-20-cm-shell-pink\/","og_site_name":"dev6 Erresse","og_image":[{"url":"https:\/\/interpim.erresse-shop.it\/Import\/Prodotti\/le-creuset-amour-casseruola-cuore-20-cm-shell-pink.jpg","type":"","width":"","height":""},{"url":"https:\/\/interpim.erresse-shop.it\/Import\/Prodotti\/le-creuset-amour-casseruola-cuore-20-cm-shell-pink.jpg","width":1024,"height":1024,"type":"image\/jpeg"}],"twitter_card":"summary_large_image","twitter_image":"https:\/\/interpim.erresse-shop.it\/Import\/Prodotti\/le-creuset-amour-casseruola-cuore-20-cm-shell-pink.jpg","schema":{"@context":"https:\/\/schema.org","@graph":[{"@type":"WebPage","@id":"https:\/\/dev6.erresse-shop.it\/es\/shop\/sartenes-y-ollas\/marmitas-y-cocottes\/le-creuset-amour-cocotte-corazon-20-cm-shell-pink\/","url":"https:\/\/dev6.erresse-shop.it\/es\/shop\/sartenes-y-ollas\/marmitas-y-cocottes\/le-creuset-amour-cocotte-corazon-20-cm-shell-pink\/","name":"LE CREUSET Amour Cocotte Coraz\u00f3n 20 cm Shell Pink - dev6 Erresse","isPartOf":{"@id":"https:\/\/dev6.erresse-shop.it\/#website"},"primaryImageOfPage":{"@id":"https:\/\/dev6.erresse-shop.it\/es\/shop\/sartenes-y-ollas\/marmitas-y-cocottes\/le-creuset-amour-cocotte-corazon-20-cm-shell-pink\/#primaryimage"},"image":{"@id":"https:\/\/dev6.erresse-shop.it\/es\/shop\/sartenes-y-ollas\/marmitas-y-cocottes\/le-creuset-amour-cocotte-corazon-20-cm-shell-pink\/#primaryimage"},"thumbnailUrl":"https:\/\/i3.wp.com\/interpim.erresse-shop.it\/Import\/Prodotti\/le-creuset-amour-casseruola-cuore-20-cm-shell-pink.jpg?ssl=1","datePublished":"2026-04-12T06:47:38+00:00","description":"Fabricada con amor, esta emblem\u00e1tica pieza es un regalo perfecto para el D\u00eda de la Madre, San Valent\u00edn, un cumplea\u00f1os o una boda. Su encantadora forma de","breadcrumb":{"@id":"https:\/\/dev6.erresse-shop.it\/es\/shop\/sartenes-y-ollas\/marmitas-y-cocottes\/le-creuset-amour-cocotte-corazon-20-cm-shell-pink\/#breadcrumb"},"inLanguage":"es","potentialAction":[{"@type":"ReadAction","target":["https:\/\/dev6.erresse-shop.it\/es\/shop\/sartenes-y-ollas\/marmitas-y-cocottes\/le-creuset-amour-cocotte-corazon-20-cm-shell-pink\/"]}]},{"@type":"ImageObject","inLanguage":"es","@id":"https:\/\/dev6.erresse-shop.it\/es\/shop\/sartenes-y-ollas\/marmitas-y-cocottes\/le-creuset-amour-cocotte-corazon-20-cm-shell-pink\/#primaryimage","url":"https:\/\/i3.wp.com\/interpim.erresse-shop.it\/Import\/Prodotti\/le-creuset-amour-casseruola-cuore-20-cm-shell-pink.jpg?ssl=1","contentUrl":"https:\/\/i3.wp.com\/interpim.erresse-shop.it\/Import\/Prodotti\/le-creuset-amour-casseruola-cuore-20-cm-shell-pink.jpg?ssl=1"},{"@type":"BreadcrumbList","@id":"https:\/\/dev6.erresse-shop.it\/es\/shop\/sartenes-y-ollas\/marmitas-y-cocottes\/le-creuset-amour-cocotte-corazon-20-cm-shell-pink\/#breadcrumb","itemListElement":[{"@type":"ListItem","position":1,"name":"Home","item":"https:\/\/dev6.erresse-shop.it\/"},{"@type":"ListItem","position":2,"name":"Tienda","item":"https:\/\/dev6.erresse-shop.it\/shop\/"},{"@type":"ListItem","position":3,"name":"LE CREUSET Amour Cocotte Coraz\u00f3n 20 cm Shell Pink"}]},{"@type":"WebSite","@id":"https:\/\/dev6.erresse-shop.it\/#website","url":"https:\/\/dev6.erresse-shop.it\/","name":"Erresse Shop","description":"","publisher":{"@id":"https:\/\/dev6.erresse-shop.it\/#organization"},"potentialAction":[{"@type":"SearchAction","target":{"@type":"EntryPoint","urlTemplate":"https:\/\/dev6.erresse-shop.it\/?s={search_term_string}"},"query-input":{"@type":"PropertyValueSpecification","valueRequired":true,"valueName":"search_term_string"}}],"inLanguage":"es"},{"@type":"Organization","@id":"https:\/\/dev6.erresse-shop.it\/#organization","name":"Erresse Shop","url":"https:\/\/dev6.erresse-shop.it\/","logo":{"@type":"ImageObject","inLanguage":"es","@id":"https:\/\/dev6.erresse-shop.it\/#\/schema\/logo\/image\/","url":"https:\/\/dev6.erresse-shop.it\/wp-content\/uploads\/2025\/01\/LOGO-ERRESSE-CLASSICO.svg","contentUrl":"https:\/\/dev6.erresse-shop.it\/wp-content\/uploads\/2025\/01\/LOGO-ERRESSE-CLASSICO.svg","caption":"Erresse Shop"},"image":{"@id":"https:\/\/dev6.erresse-shop.it\/#\/schema\/logo\/image\/"}}]}},"df_price":169.95,"df_sale_price":169.95,"df_regular_price":239,"df_image_link":"https:\/\/i3.wp.com\/interpim.erresse-shop.it\/Import\/Prodotti\/le-creuset-amour-casseruola-cuore-20-cm-shell-pink.jpg?resize=300,300&ssl=1","fifu_image_url":"https:\/\/interpim.erresse-shop.it\/Import\/Prodotti\/le-creuset-amour-casseruola-cuore-20-cm-shell-pink.jpg","_links":{"self":[{"href":"https:\/\/dev6.erresse-shop.it\/es\/wp-json\/wp\/v2\/product\/1877826","targetHints":{"allow":["GET"]}}],"collection":[{"href":"https:\/\/dev6.erresse-shop.it\/es\/wp-json\/wp\/v2\/product"}],"about":[{"href":"https:\/\/dev6.erresse-shop.it\/es\/wp-json\/wp\/v2\/types\/product"}],"wp:featuredmedia":[{"embeddable":true,"href":"https:\/\/dev6.erresse-shop.it\/es\/wp-json\/wp\/v2\/media\/6353475"}],"wp:attachment":[{"href":"https:\/\/dev6.erresse-shop.it\/es\/wp-json\/wp\/v2\/media?parent=1877826"}],"wp:term":[{"taxonomy":"product_cat","embeddable":true,"href":"https:\/\/dev6.erresse-shop.it\/es\/wp-json\/wp\/v2\/product_cat?post=1877826"},{"taxonomy":"product_tag","embeddable":true,"href":"https:\/\/dev6.erresse-shop.it\/es\/wp-json\/wp\/v2\/product_tag?post=1877826"}],"curies":[{"name":"wp","href":"https:\/\/api.w.org\/{rel}","templated":true}]}}