{"id":1877748,"date":"2026-04-12T08:45:35","date_gmt":"2026-04-12T06:45:35","guid":{"rendered":"https:\/\/dev6.erresse-shop.it\/shop\/sin%20categor\u00eda\/maserin-cuchillo-diabolik-999-en-nogal-con-grabado-en-oro\/"},"modified":"2025-09-14T07:54:59","modified_gmt":"2025-09-14T05:54:59","slug":"maserin-cuchillo-diabolik-999-en-nogal-con-grabado-en-oro","status":"publish","type":"product","link":"https:\/\/dev6.erresse-shop.it\/es\/shop\/cocina\/cuchillos\/cuchillos-de-cocina\/maserin-cuchillo-diabolik-999-en-nogal-con-grabado-en-oro\/","title":{"rendered":"MASERIN Cuchillo Diabolik 999 en Nogal con Grabado en Oro"},"content":{"rendered":"<p>Con motivo del quincuag\u00e9simo aniversario del nacimiento de Diabolik, uno de los personajes m\u00e1s queridos por los aficionados a las historias y los c\u00f3mics noir, la Coltellerie Maserin, en colaboraci\u00f3n con la editorial Astorina, ha creado una versi\u00f3n \u201cr\u00e9plica\u201d del famoso cuchillo arrojadizo del Rey del Terror.<\/p>\n<p>Un arma favorita del personaje nacido en 1962 de la imaginaci\u00f3n de las hermanas Giussani. La daga \u201cDiabolik special edition\u201d de Maserin reproduce las caracter\u00edsticas y el estilo del cuchillo original. Compa\u00f1ero inseparable de innumerables aventuras del Hombre de las Mil Caras.<\/p>\n<p>La nueva edici\u00f3n especial del cuchillo arrojadizo \u201c999 LG Diabolik\u201d reproduce las caracter\u00edsticas y el estilo del cuchillo dibujado en el c\u00f3mic original. A diferencia del anterior modelo del 50 aniversario, hemos introducido algunos cambios importantes, como el logotipo de oro de 24 quilates del antih\u00e9roe, Diabolik, en la hoja del cuchillo y el elegante mango de nogal.<\/p>\n<p>Descubra tambi\u00e9n la versi\u00f3n de la navaja 999 Diabolik, creada con motivo del 50\u00ba aniversario del personaje de las mil caras.<\/p>\n<p>FICHA T\u00c9CNICA<\/p>\n<p>Material de la hoja: Bohler N690 acabado satinado \u2013 160 mm con el logotipo Diabolik grabado en oro de 24 quilates<br \/>\nEmpu\u00f1adura: Nogal<br \/>\nLongitud total: 290 mm<br \/>\nGuarda y pomo: Acero AISI 420<br \/>\nPeso: 210 g<\/p>\n<p>Hemos obtenido las certificaciones NCAGE AJ988 de la OTAN y UNI EN ISO 9001:2008.<\/p>\n","protected":false},"excerpt":{"rendered":"<p>Con motivo del quincuag\u00e9simo aniversario del nacimiento de Diabolik, uno de los personajes m\u00e1s queridos por los aficionados a las historias y los c\u00f3mics noir, la Coltellerie Maserin, en colaboraci\u00f3n con la editorial Astorina, ha creado una versi\u00f3n \u201cr\u00e9plica\u201d del famoso cuchillo arrojadizo del Rey del Terror. Un arma favorita del personaje nacido en 1962 [&hellip;]<\/p>\n","protected":false},"featured_media":6353023,"template":"","meta":{"_acf_changed":false},"product_cat":[11889],"product_tag":[],"class_list":{"0":"post-1877748","1":"product","2":"type-product","3":"status-publish","4":"has-post-thumbnail","6":"product_cat-cuchillos-de-cocina","8":"first","9":"outofstock","10":"sale","11":"taxable","12":"shipping-taxable","13":"purchasable","14":"product-type-simple","swatches":"rey-swatches","show_selected":"","stretch_labels":"rey-swatches--stretch-labels"},"acf":[],"yoast_head":"<!-- This site is optimized with the Yoast SEO plugin v25.4 - https:\/\/yoast.com\/wordpress\/plugins\/seo\/ -->\n<title>MASERIN Cuchillo Diabolik 999 en Nogal con Grabado en Oro - dev6 Erresse<\/title>\n<meta name=\"description\" content=\"Con motivo del quincuag\u00e9simo aniversario del nacimiento de Diabolik, uno de los personajes m\u00e1s queridos por los aficionados a las historias y los c\u00f3mics\" \/>\n<meta name=\"robots\" content=\"noindex, follow, max-snippet:-1, max-image-preview:large, max-video-preview:-1\" \/>\n<meta property=\"og:locale\" content=\"es_ES\" \/>\n<meta property=\"og:type\" content=\"article\" \/>\n<meta property=\"og:title\" content=\"MASERIN Cuchillo Diabolik 999 en Nogal con Grabado en Oro - dev6 Erresse\" \/>\n<meta property=\"og:description\" content=\"Con motivo del quincuag\u00e9simo aniversario del nacimiento de Diabolik, uno de los personajes m\u00e1s queridos por los aficionados a las historias y los c\u00f3mics\" \/>\n<meta property=\"og:url\" content=\"https:\/\/dev6.erresse-shop.it\/es\/shop\/cocina\/cuchillos\/cuchillos-de-cocina\/maserin-cuchillo-diabolik-999-en-nogal-con-grabado-en-oro\/\" \/>\n<meta property=\"og:site_name\" content=\"dev6 Erresse\" \/>\n<meta property=\"og:image\" content=\"https:\/\/interpim.erresse-shop.it\/Import\/Prodotti\/maserin-coltello-diabolik-999-oro-noce-7.jpg\" \/><meta property=\"og:image\" content=\"https:\/\/interpim.erresse-shop.it\/Import\/Prodotti\/maserin-coltello-diabolik-999-oro-noce-7.jpg\" \/>\n\t<meta property=\"og:image:width\" content=\"1024\" \/>\n\t<meta property=\"og:image:height\" content=\"1024\" \/>\n\t<meta property=\"og:image:type\" content=\"image\/jpeg\" \/>\n<meta name=\"twitter:card\" content=\"summary_large_image\" \/>\n<meta name=\"twitter:image\" content=\"https:\/\/interpim.erresse-shop.it\/Import\/Prodotti\/maserin-coltello-diabolik-999-oro-noce-7.jpg\" \/>\n<script type=\"application\/ld+json\" class=\"yoast-schema-graph\">{\"@context\":\"https:\/\/schema.org\",\"@graph\":[{\"@type\":\"WebPage\",\"@id\":\"https:\/\/dev6.erresse-shop.it\/es\/shop\/cocina\/cuchillos\/cuchillos-de-cocina\/maserin-cuchillo-diabolik-999-en-nogal-con-grabado-en-oro\/\",\"url\":\"https:\/\/dev6.erresse-shop.it\/es\/shop\/cocina\/cuchillos\/cuchillos-de-cocina\/maserin-cuchillo-diabolik-999-en-nogal-con-grabado-en-oro\/\",\"name\":\"MASERIN Cuchillo Diabolik 999 en Nogal con Grabado en Oro - dev6 Erresse\",\"isPartOf\":{\"@id\":\"https:\/\/dev6.erresse-shop.it\/#website\"},\"primaryImageOfPage\":{\"@id\":\"https:\/\/dev6.erresse-shop.it\/es\/shop\/cocina\/cuchillos\/cuchillos-de-cocina\/maserin-cuchillo-diabolik-999-en-nogal-con-grabado-en-oro\/#primaryimage\"},\"image\":{\"@id\":\"https:\/\/dev6.erresse-shop.it\/es\/shop\/cocina\/cuchillos\/cuchillos-de-cocina\/maserin-cuchillo-diabolik-999-en-nogal-con-grabado-en-oro\/#primaryimage\"},\"thumbnailUrl\":\"https:\/\/i1.wp.com\/interpim.erresse-shop.it\/Import\/Prodotti\/maserin-coltello-diabolik-999-oro-noce-7.jpg?ssl=1\",\"datePublished\":\"2026-04-12T06:45:35+00:00\",\"description\":\"Con motivo del quincuag\u00e9simo aniversario del nacimiento de Diabolik, uno de los personajes m\u00e1s queridos por los aficionados a las historias y los c\u00f3mics\",\"breadcrumb\":{\"@id\":\"https:\/\/dev6.erresse-shop.it\/es\/shop\/cocina\/cuchillos\/cuchillos-de-cocina\/maserin-cuchillo-diabolik-999-en-nogal-con-grabado-en-oro\/#breadcrumb\"},\"inLanguage\":\"es\",\"potentialAction\":[{\"@type\":\"ReadAction\",\"target\":[\"https:\/\/dev6.erresse-shop.it\/es\/shop\/cocina\/cuchillos\/cuchillos-de-cocina\/maserin-cuchillo-diabolik-999-en-nogal-con-grabado-en-oro\/\"]}]},{\"@type\":\"ImageObject\",\"inLanguage\":\"es\",\"@id\":\"https:\/\/dev6.erresse-shop.it\/es\/shop\/cocina\/cuchillos\/cuchillos-de-cocina\/maserin-cuchillo-diabolik-999-en-nogal-con-grabado-en-oro\/#primaryimage\",\"url\":\"https:\/\/i1.wp.com\/interpim.erresse-shop.it\/Import\/Prodotti\/maserin-coltello-diabolik-999-oro-noce-7.jpg?ssl=1\",\"contentUrl\":\"https:\/\/i1.wp.com\/interpim.erresse-shop.it\/Import\/Prodotti\/maserin-coltello-diabolik-999-oro-noce-7.jpg?ssl=1\"},{\"@type\":\"BreadcrumbList\",\"@id\":\"https:\/\/dev6.erresse-shop.it\/es\/shop\/cocina\/cuchillos\/cuchillos-de-cocina\/maserin-cuchillo-diabolik-999-en-nogal-con-grabado-en-oro\/#breadcrumb\",\"itemListElement\":[{\"@type\":\"ListItem\",\"position\":1,\"name\":\"Home\",\"item\":\"https:\/\/dev6.erresse-shop.it\/\"},{\"@type\":\"ListItem\",\"position\":2,\"name\":\"Tienda\",\"item\":\"https:\/\/dev6.erresse-shop.it\/shop\/\"},{\"@type\":\"ListItem\",\"position\":3,\"name\":\"MASERIN Cuchillo Diabolik 999 en Nogal con Grabado en Oro\"}]},{\"@type\":\"WebSite\",\"@id\":\"https:\/\/dev6.erresse-shop.it\/#website\",\"url\":\"https:\/\/dev6.erresse-shop.it\/\",\"name\":\"Erresse Shop\",\"description\":\"\",\"publisher\":{\"@id\":\"https:\/\/dev6.erresse-shop.it\/#organization\"},\"potentialAction\":[{\"@type\":\"SearchAction\",\"target\":{\"@type\":\"EntryPoint\",\"urlTemplate\":\"https:\/\/dev6.erresse-shop.it\/?s={search_term_string}\"},\"query-input\":{\"@type\":\"PropertyValueSpecification\",\"valueRequired\":true,\"valueName\":\"search_term_string\"}}],\"inLanguage\":\"es\"},{\"@type\":\"Organization\",\"@id\":\"https:\/\/dev6.erresse-shop.it\/#organization\",\"name\":\"Erresse Shop\",\"url\":\"https:\/\/dev6.erresse-shop.it\/\",\"logo\":{\"@type\":\"ImageObject\",\"inLanguage\":\"es\",\"@id\":\"https:\/\/dev6.erresse-shop.it\/#\/schema\/logo\/image\/\",\"url\":\"https:\/\/dev6.erresse-shop.it\/wp-content\/uploads\/2025\/01\/LOGO-ERRESSE-CLASSICO.svg\",\"contentUrl\":\"https:\/\/dev6.erresse-shop.it\/wp-content\/uploads\/2025\/01\/LOGO-ERRESSE-CLASSICO.svg\",\"caption\":\"Erresse Shop\"},\"image\":{\"@id\":\"https:\/\/dev6.erresse-shop.it\/#\/schema\/logo\/image\/\"}}]}<\/script>\n<!-- \/ Yoast SEO plugin. -->","yoast_head_json":{"title":"MASERIN Cuchillo Diabolik 999 en Nogal con Grabado en Oro - dev6 Erresse","description":"Con motivo del quincuag\u00e9simo aniversario del nacimiento de Diabolik, uno de los personajes m\u00e1s queridos por los aficionados a las historias y los c\u00f3mics","robots":{"index":"noindex","follow":"follow","max-snippet":"max-snippet:-1","max-image-preview":"max-image-preview:large","max-video-preview":"max-video-preview:-1"},"og_locale":"es_ES","og_type":"article","og_title":"MASERIN Cuchillo Diabolik 999 en Nogal con Grabado en Oro - dev6 Erresse","og_description":"Con motivo del quincuag\u00e9simo aniversario del nacimiento de Diabolik, uno de los personajes m\u00e1s queridos por los aficionados a las historias y los c\u00f3mics","og_url":"https:\/\/dev6.erresse-shop.it\/es\/shop\/cocina\/cuchillos\/cuchillos-de-cocina\/maserin-cuchillo-diabolik-999-en-nogal-con-grabado-en-oro\/","og_site_name":"dev6 Erresse","og_image":[{"url":"https:\/\/interpim.erresse-shop.it\/Import\/Prodotti\/maserin-coltello-diabolik-999-oro-noce-7.jpg","type":"","width":"","height":""},{"url":"https:\/\/interpim.erresse-shop.it\/Import\/Prodotti\/maserin-coltello-diabolik-999-oro-noce-7.jpg","width":1024,"height":1024,"type":"image\/jpeg"}],"twitter_card":"summary_large_image","twitter_image":"https:\/\/interpim.erresse-shop.it\/Import\/Prodotti\/maserin-coltello-diabolik-999-oro-noce-7.jpg","schema":{"@context":"https:\/\/schema.org","@graph":[{"@type":"WebPage","@id":"https:\/\/dev6.erresse-shop.it\/es\/shop\/cocina\/cuchillos\/cuchillos-de-cocina\/maserin-cuchillo-diabolik-999-en-nogal-con-grabado-en-oro\/","url":"https:\/\/dev6.erresse-shop.it\/es\/shop\/cocina\/cuchillos\/cuchillos-de-cocina\/maserin-cuchillo-diabolik-999-en-nogal-con-grabado-en-oro\/","name":"MASERIN Cuchillo Diabolik 999 en Nogal con Grabado en Oro - dev6 Erresse","isPartOf":{"@id":"https:\/\/dev6.erresse-shop.it\/#website"},"primaryImageOfPage":{"@id":"https:\/\/dev6.erresse-shop.it\/es\/shop\/cocina\/cuchillos\/cuchillos-de-cocina\/maserin-cuchillo-diabolik-999-en-nogal-con-grabado-en-oro\/#primaryimage"},"image":{"@id":"https:\/\/dev6.erresse-shop.it\/es\/shop\/cocina\/cuchillos\/cuchillos-de-cocina\/maserin-cuchillo-diabolik-999-en-nogal-con-grabado-en-oro\/#primaryimage"},"thumbnailUrl":"https:\/\/i1.wp.com\/interpim.erresse-shop.it\/Import\/Prodotti\/maserin-coltello-diabolik-999-oro-noce-7.jpg?ssl=1","datePublished":"2026-04-12T06:45:35+00:00","description":"Con motivo del quincuag\u00e9simo aniversario del nacimiento de Diabolik, uno de los personajes m\u00e1s queridos por los aficionados a las historias y los c\u00f3mics","breadcrumb":{"@id":"https:\/\/dev6.erresse-shop.it\/es\/shop\/cocina\/cuchillos\/cuchillos-de-cocina\/maserin-cuchillo-diabolik-999-en-nogal-con-grabado-en-oro\/#breadcrumb"},"inLanguage":"es","potentialAction":[{"@type":"ReadAction","target":["https:\/\/dev6.erresse-shop.it\/es\/shop\/cocina\/cuchillos\/cuchillos-de-cocina\/maserin-cuchillo-diabolik-999-en-nogal-con-grabado-en-oro\/"]}]},{"@type":"ImageObject","inLanguage":"es","@id":"https:\/\/dev6.erresse-shop.it\/es\/shop\/cocina\/cuchillos\/cuchillos-de-cocina\/maserin-cuchillo-diabolik-999-en-nogal-con-grabado-en-oro\/#primaryimage","url":"https:\/\/i1.wp.com\/interpim.erresse-shop.it\/Import\/Prodotti\/maserin-coltello-diabolik-999-oro-noce-7.jpg?ssl=1","contentUrl":"https:\/\/i1.wp.com\/interpim.erresse-shop.it\/Import\/Prodotti\/maserin-coltello-diabolik-999-oro-noce-7.jpg?ssl=1"},{"@type":"BreadcrumbList","@id":"https:\/\/dev6.erresse-shop.it\/es\/shop\/cocina\/cuchillos\/cuchillos-de-cocina\/maserin-cuchillo-diabolik-999-en-nogal-con-grabado-en-oro\/#breadcrumb","itemListElement":[{"@type":"ListItem","position":1,"name":"Home","item":"https:\/\/dev6.erresse-shop.it\/"},{"@type":"ListItem","position":2,"name":"Tienda","item":"https:\/\/dev6.erresse-shop.it\/shop\/"},{"@type":"ListItem","position":3,"name":"MASERIN Cuchillo Diabolik 999 en Nogal con Grabado en Oro"}]},{"@type":"WebSite","@id":"https:\/\/dev6.erresse-shop.it\/#website","url":"https:\/\/dev6.erresse-shop.it\/","name":"Erresse Shop","description":"","publisher":{"@id":"https:\/\/dev6.erresse-shop.it\/#organization"},"potentialAction":[{"@type":"SearchAction","target":{"@type":"EntryPoint","urlTemplate":"https:\/\/dev6.erresse-shop.it\/?s={search_term_string}"},"query-input":{"@type":"PropertyValueSpecification","valueRequired":true,"valueName":"search_term_string"}}],"inLanguage":"es"},{"@type":"Organization","@id":"https:\/\/dev6.erresse-shop.it\/#organization","name":"Erresse Shop","url":"https:\/\/dev6.erresse-shop.it\/","logo":{"@type":"ImageObject","inLanguage":"es","@id":"https:\/\/dev6.erresse-shop.it\/#\/schema\/logo\/image\/","url":"https:\/\/dev6.erresse-shop.it\/wp-content\/uploads\/2025\/01\/LOGO-ERRESSE-CLASSICO.svg","contentUrl":"https:\/\/dev6.erresse-shop.it\/wp-content\/uploads\/2025\/01\/LOGO-ERRESSE-CLASSICO.svg","caption":"Erresse Shop"},"image":{"@id":"https:\/\/dev6.erresse-shop.it\/#\/schema\/logo\/image\/"}}]}},"df_price":129,"df_sale_price":129,"df_regular_price":169,"df_image_link":"https:\/\/i1.wp.com\/interpim.erresse-shop.it\/Import\/Prodotti\/maserin-coltello-diabolik-999-oro-noce-7.jpg?resize=300,300&ssl=1","fifu_image_url":"https:\/\/interpim.erresse-shop.it\/Import\/Prodotti\/maserin-coltello-diabolik-999-oro-noce-7.jpg","_links":{"self":[{"href":"https:\/\/dev6.erresse-shop.it\/es\/wp-json\/wp\/v2\/product\/1877748","targetHints":{"allow":["GET"]}}],"collection":[{"href":"https:\/\/dev6.erresse-shop.it\/es\/wp-json\/wp\/v2\/product"}],"about":[{"href":"https:\/\/dev6.erresse-shop.it\/es\/wp-json\/wp\/v2\/types\/product"}],"wp:featuredmedia":[{"embeddable":true,"href":"https:\/\/dev6.erresse-shop.it\/es\/wp-json\/wp\/v2\/media\/6353023"}],"wp:attachment":[{"href":"https:\/\/dev6.erresse-shop.it\/es\/wp-json\/wp\/v2\/media?parent=1877748"}],"wp:term":[{"taxonomy":"product_cat","embeddable":true,"href":"https:\/\/dev6.erresse-shop.it\/es\/wp-json\/wp\/v2\/product_cat?post=1877748"},{"taxonomy":"product_tag","embeddable":true,"href":"https:\/\/dev6.erresse-shop.it\/es\/wp-json\/wp\/v2\/product_tag?post=1877748"}],"curies":[{"name":"wp","href":"https:\/\/api.w.org\/{rel}","templated":true}]}}