{"id":1877712,"date":"2026-04-12T08:44:38","date_gmt":"2026-04-12T06:44:38","guid":{"rendered":"https:\/\/dev6.erresse-shop.it\/shop\/sin%20categor\u00eda\/versace-home-plato-plano-33-cm-medusa-rhapsody\/"},"modified":"2025-07-04T21:38:44","modified_gmt":"2025-07-04T19:38:44","slug":"versace-home-plato-plano-33-cm-medusa-rhapsody","status":"publish","type":"product","link":"https:\/\/dev6.erresse-shop.it\/es\/shop\/tabla\/platos\/versace-home-plato-plano-33-cm-medusa-rhapsody\/","title":{"rendered":"VERSACE HOME Plato Plano 33 cm Medusa Rhapsody"},"content":{"rendered":"<p>Fabricado en porcelana fina, este plato presenta un motivo central de Medusa dorado, rodeado de una composici\u00f3n de flores barrocas. La placa est\u00e1 adornada con la etiqueta del logotipo Versace 90s Vintage.<\/p>\n<p>Atenci\u00f3n: El uso de colores de alta calidad proh\u00edbe la limpieza en el lavavajillas. Este plato de porcelana s\u00f3lo debe lavarse a mano.<\/p>\n","protected":false},"excerpt":{"rendered":"<p>Fabricado en porcelana fina, este plato presenta un motivo central de Medusa dorado, rodeado de una composici\u00f3n de flores barrocas. La placa est\u00e1 adornada con la etiqueta del logotipo Versace 90s Vintage. Atenci\u00f3n: El uso de colores de alta calidad proh\u00edbe la limpieza en el lavavajillas. Este plato de porcelana s\u00f3lo debe lavarse a mano.<\/p>\n","protected":false},"featured_media":6352914,"template":"","meta":{"_acf_changed":false},"product_cat":[11906,11887,11671],"product_tag":[],"class_list":{"0":"post-1877712","1":"product","2":"type-product","3":"status-publish","4":"has-post-thumbnail","6":"product_cat-platos","7":"product_cat-tabla","8":"product_cat-tavola","10":"first","11":"outofstock","12":"taxable","13":"shipping-taxable","14":"purchasable","15":"product-type-simple","swatches":"rey-swatches","show_selected":"","stretch_labels":"rey-swatches--stretch-labels"},"acf":[],"yoast_head":"<!-- This site is optimized with the Yoast SEO plugin v25.4 - https:\/\/yoast.com\/wordpress\/plugins\/seo\/ -->\n<title>VERSACE HOME Plato Plano 33 cm Medusa Rhapsody - dev6 Erresse<\/title>\n<meta name=\"description\" content=\"Fabricado en porcelana fina, este plato presenta un motivo central de Medusa dorado, rodeado de una composici\u00f3n de flores barrocas. La placa est\u00e1 adornada\" \/>\n<meta name=\"robots\" content=\"noindex, follow, max-snippet:-1, max-image-preview:large, max-video-preview:-1\" \/>\n<meta property=\"og:locale\" content=\"es_ES\" \/>\n<meta property=\"og:type\" content=\"article\" \/>\n<meta property=\"og:title\" content=\"VERSACE HOME Plato Plano 33 cm Medusa Rhapsody - dev6 Erresse\" \/>\n<meta property=\"og:description\" content=\"Fabricado en porcelana fina, este plato presenta un motivo central de Medusa dorado, rodeado de una composici\u00f3n de flores barrocas. La placa est\u00e1 adornada\" \/>\n<meta property=\"og:url\" content=\"https:\/\/dev6.erresse-shop.it\/es\/shop\/tabla\/platos\/versace-home-plato-plano-33-cm-medusa-rhapsody\/\" \/>\n<meta property=\"og:site_name\" content=\"dev6 Erresse\" \/>\n<meta property=\"og:image\" content=\"https:\/\/interpim.erresse-shop.it\/img-catalogo\/versace\/versace-home-piatto-33-cm-medusa-rhapsody.jpg\" \/><meta property=\"og:image\" content=\"https:\/\/interpim.erresse-shop.it\/img-catalogo\/versace\/versace-home-piatto-33-cm-medusa-rhapsody.jpg\" \/>\n\t<meta property=\"og:image:width\" content=\"1024\" \/>\n\t<meta property=\"og:image:height\" content=\"1024\" \/>\n\t<meta property=\"og:image:type\" content=\"image\/jpeg\" \/>\n<meta name=\"twitter:card\" content=\"summary_large_image\" \/>\n<meta name=\"twitter:image\" content=\"https:\/\/interpim.erresse-shop.it\/img-catalogo\/versace\/versace-home-piatto-33-cm-medusa-rhapsody.jpg\" \/>\n<script type=\"application\/ld+json\" class=\"yoast-schema-graph\">{\"@context\":\"https:\/\/schema.org\",\"@graph\":[{\"@type\":\"WebPage\",\"@id\":\"https:\/\/dev6.erresse-shop.it\/es\/shop\/tabla\/platos\/versace-home-plato-plano-33-cm-medusa-rhapsody\/\",\"url\":\"https:\/\/dev6.erresse-shop.it\/es\/shop\/tabla\/platos\/versace-home-plato-plano-33-cm-medusa-rhapsody\/\",\"name\":\"VERSACE HOME Plato Plano 33 cm Medusa Rhapsody - dev6 Erresse\",\"isPartOf\":{\"@id\":\"https:\/\/dev6.erresse-shop.it\/#website\"},\"primaryImageOfPage\":{\"@id\":\"https:\/\/dev6.erresse-shop.it\/es\/shop\/tabla\/platos\/versace-home-plato-plano-33-cm-medusa-rhapsody\/#primaryimage\"},\"image\":{\"@id\":\"https:\/\/dev6.erresse-shop.it\/es\/shop\/tabla\/platos\/versace-home-plato-plano-33-cm-medusa-rhapsody\/#primaryimage\"},\"thumbnailUrl\":\"https:\/\/i3.wp.com\/interpim.erresse-shop.it\/img-catalogo\/versace\/versace-home-piatto-33-cm-medusa-rhapsody.jpg?ssl=1\",\"datePublished\":\"2026-04-12T06:44:38+00:00\",\"description\":\"Fabricado en porcelana fina, este plato presenta un motivo central de Medusa dorado, rodeado de una composici\u00f3n de flores barrocas. La placa est\u00e1 adornada\",\"breadcrumb\":{\"@id\":\"https:\/\/dev6.erresse-shop.it\/es\/shop\/tabla\/platos\/versace-home-plato-plano-33-cm-medusa-rhapsody\/#breadcrumb\"},\"inLanguage\":\"es\",\"potentialAction\":[{\"@type\":\"ReadAction\",\"target\":[\"https:\/\/dev6.erresse-shop.it\/es\/shop\/tabla\/platos\/versace-home-plato-plano-33-cm-medusa-rhapsody\/\"]}]},{\"@type\":\"ImageObject\",\"inLanguage\":\"es\",\"@id\":\"https:\/\/dev6.erresse-shop.it\/es\/shop\/tabla\/platos\/versace-home-plato-plano-33-cm-medusa-rhapsody\/#primaryimage\",\"url\":\"https:\/\/i3.wp.com\/interpim.erresse-shop.it\/img-catalogo\/versace\/versace-home-piatto-33-cm-medusa-rhapsody.jpg?ssl=1\",\"contentUrl\":\"https:\/\/i3.wp.com\/interpim.erresse-shop.it\/img-catalogo\/versace\/versace-home-piatto-33-cm-medusa-rhapsody.jpg?ssl=1\"},{\"@type\":\"BreadcrumbList\",\"@id\":\"https:\/\/dev6.erresse-shop.it\/es\/shop\/tabla\/platos\/versace-home-plato-plano-33-cm-medusa-rhapsody\/#breadcrumb\",\"itemListElement\":[{\"@type\":\"ListItem\",\"position\":1,\"name\":\"Home\",\"item\":\"https:\/\/dev6.erresse-shop.it\/\"},{\"@type\":\"ListItem\",\"position\":2,\"name\":\"Tienda\",\"item\":\"https:\/\/dev6.erresse-shop.it\/shop\/\"},{\"@type\":\"ListItem\",\"position\":3,\"name\":\"VERSACE HOME Plato Plano 33 cm Medusa Rhapsody\"}]},{\"@type\":\"WebSite\",\"@id\":\"https:\/\/dev6.erresse-shop.it\/#website\",\"url\":\"https:\/\/dev6.erresse-shop.it\/\",\"name\":\"Erresse Shop\",\"description\":\"\",\"publisher\":{\"@id\":\"https:\/\/dev6.erresse-shop.it\/#organization\"},\"potentialAction\":[{\"@type\":\"SearchAction\",\"target\":{\"@type\":\"EntryPoint\",\"urlTemplate\":\"https:\/\/dev6.erresse-shop.it\/?s={search_term_string}\"},\"query-input\":{\"@type\":\"PropertyValueSpecification\",\"valueRequired\":true,\"valueName\":\"search_term_string\"}}],\"inLanguage\":\"es\"},{\"@type\":\"Organization\",\"@id\":\"https:\/\/dev6.erresse-shop.it\/#organization\",\"name\":\"Erresse Shop\",\"url\":\"https:\/\/dev6.erresse-shop.it\/\",\"logo\":{\"@type\":\"ImageObject\",\"inLanguage\":\"es\",\"@id\":\"https:\/\/dev6.erresse-shop.it\/#\/schema\/logo\/image\/\",\"url\":\"https:\/\/dev6.erresse-shop.it\/wp-content\/uploads\/2025\/01\/LOGO-ERRESSE-CLASSICO.svg\",\"contentUrl\":\"https:\/\/dev6.erresse-shop.it\/wp-content\/uploads\/2025\/01\/LOGO-ERRESSE-CLASSICO.svg\",\"caption\":\"Erresse Shop\"},\"image\":{\"@id\":\"https:\/\/dev6.erresse-shop.it\/#\/schema\/logo\/image\/\"}}]}<\/script>\n<!-- \/ Yoast SEO plugin. -->","yoast_head_json":{"title":"VERSACE HOME Plato Plano 33 cm Medusa Rhapsody - dev6 Erresse","description":"Fabricado en porcelana fina, este plato presenta un motivo central de Medusa dorado, rodeado de una composici\u00f3n de flores barrocas. La placa est\u00e1 adornada","robots":{"index":"noindex","follow":"follow","max-snippet":"max-snippet:-1","max-image-preview":"max-image-preview:large","max-video-preview":"max-video-preview:-1"},"og_locale":"es_ES","og_type":"article","og_title":"VERSACE HOME Plato Plano 33 cm Medusa Rhapsody - dev6 Erresse","og_description":"Fabricado en porcelana fina, este plato presenta un motivo central de Medusa dorado, rodeado de una composici\u00f3n de flores barrocas. La placa est\u00e1 adornada","og_url":"https:\/\/dev6.erresse-shop.it\/es\/shop\/tabla\/platos\/versace-home-plato-plano-33-cm-medusa-rhapsody\/","og_site_name":"dev6 Erresse","og_image":[{"url":"https:\/\/interpim.erresse-shop.it\/img-catalogo\/versace\/versace-home-piatto-33-cm-medusa-rhapsody.jpg","type":"","width":"","height":""},{"url":"https:\/\/interpim.erresse-shop.it\/img-catalogo\/versace\/versace-home-piatto-33-cm-medusa-rhapsody.jpg","width":1024,"height":1024,"type":"image\/jpeg"}],"twitter_card":"summary_large_image","twitter_image":"https:\/\/interpim.erresse-shop.it\/img-catalogo\/versace\/versace-home-piatto-33-cm-medusa-rhapsody.jpg","schema":{"@context":"https:\/\/schema.org","@graph":[{"@type":"WebPage","@id":"https:\/\/dev6.erresse-shop.it\/es\/shop\/tabla\/platos\/versace-home-plato-plano-33-cm-medusa-rhapsody\/","url":"https:\/\/dev6.erresse-shop.it\/es\/shop\/tabla\/platos\/versace-home-plato-plano-33-cm-medusa-rhapsody\/","name":"VERSACE HOME Plato Plano 33 cm Medusa Rhapsody - dev6 Erresse","isPartOf":{"@id":"https:\/\/dev6.erresse-shop.it\/#website"},"primaryImageOfPage":{"@id":"https:\/\/dev6.erresse-shop.it\/es\/shop\/tabla\/platos\/versace-home-plato-plano-33-cm-medusa-rhapsody\/#primaryimage"},"image":{"@id":"https:\/\/dev6.erresse-shop.it\/es\/shop\/tabla\/platos\/versace-home-plato-plano-33-cm-medusa-rhapsody\/#primaryimage"},"thumbnailUrl":"https:\/\/i3.wp.com\/interpim.erresse-shop.it\/img-catalogo\/versace\/versace-home-piatto-33-cm-medusa-rhapsody.jpg?ssl=1","datePublished":"2026-04-12T06:44:38+00:00","description":"Fabricado en porcelana fina, este plato presenta un motivo central de Medusa dorado, rodeado de una composici\u00f3n de flores barrocas. La placa est\u00e1 adornada","breadcrumb":{"@id":"https:\/\/dev6.erresse-shop.it\/es\/shop\/tabla\/platos\/versace-home-plato-plano-33-cm-medusa-rhapsody\/#breadcrumb"},"inLanguage":"es","potentialAction":[{"@type":"ReadAction","target":["https:\/\/dev6.erresse-shop.it\/es\/shop\/tabla\/platos\/versace-home-plato-plano-33-cm-medusa-rhapsody\/"]}]},{"@type":"ImageObject","inLanguage":"es","@id":"https:\/\/dev6.erresse-shop.it\/es\/shop\/tabla\/platos\/versace-home-plato-plano-33-cm-medusa-rhapsody\/#primaryimage","url":"https:\/\/i3.wp.com\/interpim.erresse-shop.it\/img-catalogo\/versace\/versace-home-piatto-33-cm-medusa-rhapsody.jpg?ssl=1","contentUrl":"https:\/\/i3.wp.com\/interpim.erresse-shop.it\/img-catalogo\/versace\/versace-home-piatto-33-cm-medusa-rhapsody.jpg?ssl=1"},{"@type":"BreadcrumbList","@id":"https:\/\/dev6.erresse-shop.it\/es\/shop\/tabla\/platos\/versace-home-plato-plano-33-cm-medusa-rhapsody\/#breadcrumb","itemListElement":[{"@type":"ListItem","position":1,"name":"Home","item":"https:\/\/dev6.erresse-shop.it\/"},{"@type":"ListItem","position":2,"name":"Tienda","item":"https:\/\/dev6.erresse-shop.it\/shop\/"},{"@type":"ListItem","position":3,"name":"VERSACE HOME Plato Plano 33 cm Medusa Rhapsody"}]},{"@type":"WebSite","@id":"https:\/\/dev6.erresse-shop.it\/#website","url":"https:\/\/dev6.erresse-shop.it\/","name":"Erresse Shop","description":"","publisher":{"@id":"https:\/\/dev6.erresse-shop.it\/#organization"},"potentialAction":[{"@type":"SearchAction","target":{"@type":"EntryPoint","urlTemplate":"https:\/\/dev6.erresse-shop.it\/?s={search_term_string}"},"query-input":{"@type":"PropertyValueSpecification","valueRequired":true,"valueName":"search_term_string"}}],"inLanguage":"es"},{"@type":"Organization","@id":"https:\/\/dev6.erresse-shop.it\/#organization","name":"Erresse Shop","url":"https:\/\/dev6.erresse-shop.it\/","logo":{"@type":"ImageObject","inLanguage":"es","@id":"https:\/\/dev6.erresse-shop.it\/#\/schema\/logo\/image\/","url":"https:\/\/dev6.erresse-shop.it\/wp-content\/uploads\/2025\/01\/LOGO-ERRESSE-CLASSICO.svg","contentUrl":"https:\/\/dev6.erresse-shop.it\/wp-content\/uploads\/2025\/01\/LOGO-ERRESSE-CLASSICO.svg","caption":"Erresse Shop"},"image":{"@id":"https:\/\/dev6.erresse-shop.it\/#\/schema\/logo\/image\/"}}]}},"df_price":259,"df_sale_price":"","df_regular_price":259,"df_image_link":"https:\/\/i3.wp.com\/interpim.erresse-shop.it\/img-catalogo\/versace\/versace-home-piatto-33-cm-medusa-rhapsody.jpg?resize=300,300&ssl=1","fifu_image_url":"https:\/\/interpim.erresse-shop.it\/img-catalogo\/versace\/versace-home-piatto-33-cm-medusa-rhapsody.jpg","_links":{"self":[{"href":"https:\/\/dev6.erresse-shop.it\/es\/wp-json\/wp\/v2\/product\/1877712","targetHints":{"allow":["GET"]}}],"collection":[{"href":"https:\/\/dev6.erresse-shop.it\/es\/wp-json\/wp\/v2\/product"}],"about":[{"href":"https:\/\/dev6.erresse-shop.it\/es\/wp-json\/wp\/v2\/types\/product"}],"wp:featuredmedia":[{"embeddable":true,"href":"https:\/\/dev6.erresse-shop.it\/es\/wp-json\/wp\/v2\/media\/6352914"}],"wp:attachment":[{"href":"https:\/\/dev6.erresse-shop.it\/es\/wp-json\/wp\/v2\/media?parent=1877712"}],"wp:term":[{"taxonomy":"product_cat","embeddable":true,"href":"https:\/\/dev6.erresse-shop.it\/es\/wp-json\/wp\/v2\/product_cat?post=1877712"},{"taxonomy":"product_tag","embeddable":true,"href":"https:\/\/dev6.erresse-shop.it\/es\/wp-json\/wp\/v2\/product_tag?post=1877712"}],"curies":[{"name":"wp","href":"https:\/\/api.w.org\/{rel}","templated":true}]}}