{"id":1877658,"date":"2026-04-12T08:42:38","date_gmt":"2026-04-12T06:42:38","guid":{"rendered":"https:\/\/dev6.erresse-shop.it\/shop\/sin%20categor\u00eda\/sage-the-foodcycler\/"},"modified":"2025-07-04T21:37:32","modified_gmt":"2025-07-04T19:37:32","slug":"sage-the-foodcycler","status":"publish","type":"product","link":"https:\/\/dev6.erresse-shop.it\/es\/shop\/mobiliario\/cubos-de-basura\/sage-the-foodcycler\/","title":{"rendered":"SAGE The FoodCycler"},"content":{"rendered":"<p>FoodCycler ejecuta un programa automatizado de secado, trituraci\u00f3n y enfriamiento para convertir los residuos de alimentos en EcoChips inodoros. En s\u00f3lo 4 horas*, los residuos de alimentos de su hogar se reducen en m\u00e1s del 80%** de su volumen original. F\u00e1cil de usar gracias al funcionamiento de un solo toque, su sistema especial de filtrado con carb\u00f3n activado elimina los olores, lo que lo hace perfecto para su uso en interiores. Con un bajo consumo de energ\u00eda y un funcionamiento silencioso, el FoodCycler se adapta f\u00e1cilmente a cualquier lugar.<\/p>\n<p>*El procesamiento dura una media de 4 a 6 horas. La duraci\u00f3n del ciclo var\u00eda en funci\u00f3n del tipo de alimento que se procese y del contenido de humedad. El tiempo m\u00e1ximo de procesamiento es de 8 horas. La fase de enfriamiento dura otros 30 minutos.<\/p>\n<p>REDUCIR EL DESPERDICIO DE ALIMENTOS EN M\u00c1S DE UN 80%<\/p>\n<p>FoodCycler reduce los residuos de alimentos en m\u00e1s del 80%** de su volumen original, convirtiendo sus residuos de alimentos en EcoChips est\u00e9riles e inodoros. El cubo de trituraci\u00f3n puede contener hasta 2 litros de residuos de alimentos que se reducir\u00e1n a 0,34 litros de EcoChips. Los residuos de alimentos reducir\u00e1n su volumen en unas horas.<\/p>\n<p>SISTEMA FOODCYCLER\u00ae DE 3 PASOS<br \/>\nGracias a un ciclo autom\u00e1tico de 3 pasos, el FoodCycler deshidrata, tritura y enfr\u00eda sus residuos de comida mientras filtra los olores y los gases. Durante la fase de secado, los residuos de alimentos se deshidratan y se elimina la humedad. Durante la fase posterior de trituraci\u00f3n, las cuchillas pulverizan los residuos de alimentos en peque\u00f1as part\u00edculas. La fase de enfriamiento enfr\u00eda los residuos resultantes, los EcoChips.<\/p>\n<p>PROCESAMIENTO Y ALMACENAMIENTO SIN OLORES<br \/>\nLos dos EcoFilters\u2122 de carb\u00f3n activado reemplazables controlan y filtran el flujo de aire durante el proceso, haciendo posible un ciclo limpio y sin olores. Antes del ciclo y mientras los residuos de alimentos se almacenan en el cubo, la tapa con filtro de carb\u00f3n activado integrado ayuda a reducir los olores en el ambiente.<\/p>\n<p>DISE\u00d1O COMPACTO PARA USO EN INTERIORES<br \/>\nDise\u00f1ado para los hogares y estilos de vida actuales, el FoodCycler est\u00e1 dise\u00f1ado para su uso en interiores y puede colocarse o almacenarse en cualquier lugar. Cabe en cualquier lugar de f\u00e1cil acceso en la cocina, el lavadero o el garaje, mientras que el cubo extra\u00edble con tapa y el filtro de carb\u00f3n activo integrado para controlar los olores puede colocarse en la encimera o debajo del fregadero.<\/p>\n<p>SILENCIOSO Y DE BAJO CONSUMO ENERG\u00c9TICO<br \/>\nUna sofisticada tecnolog\u00eda de sensores controla cada ciclo individualmente mediante la supervisi\u00f3n del nivel de sequedad y humedad de los residuos de alimentos, de modo que se consigue la m\u00e1xima eficiencia con el m\u00ednimo consumo de energ\u00eda. El FoodCycler utiliza una media de 1 kW por ciclo. Adem\u00e1s, la tapa giratoria con cierre evita los olores y el ruido durante el proceso. As\u00ed, durante su funcionamiento, el FoodCycler es m\u00e1s silencioso que un lavavajillas.<\/p>\n<p>F\u00c1CIL DE USAR Y LIMPIAR<br \/>\nLlene el cubo, cierre la tapa y pulse el bot\u00f3n de inicio. No podr\u00eda ser m\u00e1s f\u00e1cil. El funcionamiento con un bot\u00f3n de inicio facilita su uso y los indicadores LED muestran los diferentes ciclos en curso. Si necesita a\u00f1adir m\u00e1s residuos durante el ciclo, puede utilizar la funci\u00f3n de pausa (s\u00f3lo durante la fase de secado).<\/p>\n<p>F\u00c1CIL DE LIMPIAR<br \/>\nEl cubo extra\u00edble recubierto de porcelana es duradero y apto para el lavavajillas. Esto significa que puede colocarse f\u00e1cilmente en la cesta inferior del lavavajillas para facilitar la limpieza.<\/p>\n<p>**El volumen del contenido en el cubo puede reducirse en m\u00e1s de un 80% dependiendo de la cantidad y la humedad de los residuos de alimentos que se procesen.<\/p>\n<p>ESPECIFICACIONES DEL PRODUCTO<br \/>\n\u2013 Dimensiones interiores (ancho x fondo x alto): 27,5 x 32 x 36 cm<br \/>\n\u2013 Garant\u00eda: 2 a\u00f1os de garant\u00eda de reparaci\u00f3n<br \/>\n\u2013 Materiales de construcci\u00f3n: pl\u00e1stico y\/o aluminio<br \/>\n\u2013 Capacidad: 2 l<br \/>\n\u2013 Modos de procesamiento: 1-secado, 2-molienda, 3-enfriamiento.<br \/>\n\u2013 Funcionamiento con una sola pulsaci\u00f3n<br \/>\n\u2013 Indicador de cambio de filtro<\/p>\n","protected":false},"excerpt":{"rendered":"<p>FoodCycler ejecuta un programa automatizado de secado, trituraci\u00f3n y enfriamiento para convertir los residuos de alimentos en EcoChips inodoros. En s\u00f3lo 4 horas*, los residuos de alimentos de su hogar se reducen en m\u00e1s del 80%** de su volumen original. F\u00e1cil de usar gracias al funcionamiento de un solo toque, su sistema especial de filtrado [&hellip;]<\/p>\n","protected":false},"featured_media":6352659,"template":"","meta":{"_acf_changed":false},"product_cat":[11666,11921,11882],"product_tag":[],"class_list":{"0":"post-1877658","1":"product","2":"type-product","3":"status-publish","4":"has-post-thumbnail","6":"product_cat-arredamento-casa","7":"product_cat-cubos-de-basura","8":"product_cat-mobiliario","10":"first","11":"outofstock","12":"sale","13":"taxable","14":"shipping-taxable","15":"purchasable","16":"product-type-simple","swatches":"rey-swatches","show_selected":"","stretch_labels":"rey-swatches--stretch-labels"},"acf":[],"yoast_head":"<!-- This site is optimized with the Yoast SEO plugin v25.4 - https:\/\/yoast.com\/wordpress\/plugins\/seo\/ -->\n<title>SAGE The FoodCycler - dev6 Erresse<\/title>\n<meta name=\"description\" content=\"FoodCycler ejecuta un programa automatizado de secado, trituraci\u00f3n y enfriamiento para convertir los residuos de alimentos en EcoChips inodoros. En s\u00f3lo 4\" \/>\n<meta name=\"robots\" content=\"noindex, follow, max-snippet:-1, max-image-preview:large, max-video-preview:-1\" \/>\n<meta property=\"og:locale\" content=\"es_ES\" \/>\n<meta property=\"og:type\" content=\"article\" \/>\n<meta property=\"og:title\" content=\"SAGE The FoodCycler - dev6 Erresse\" \/>\n<meta property=\"og:description\" content=\"FoodCycler ejecuta un programa automatizado de secado, trituraci\u00f3n y enfriamiento para convertir los residuos de alimentos en EcoChips inodoros. En s\u00f3lo 4\" \/>\n<meta property=\"og:url\" content=\"https:\/\/dev6.erresse-shop.it\/es\/shop\/mobiliario\/cubos-de-basura\/sage-the-foodcycler\/\" \/>\n<meta property=\"og:site_name\" content=\"dev6 Erresse\" \/>\n<meta property=\"og:image\" content=\"https:\/\/interpim.erresse-shop.it\/img-catalogo\/sage\/sage-the-foodcycler-grigio.jpg\" \/><meta property=\"og:image\" content=\"https:\/\/interpim.erresse-shop.it\/img-catalogo\/sage\/sage-the-foodcycler-grigio.jpg\" \/>\n\t<meta property=\"og:image:width\" content=\"1024\" \/>\n\t<meta property=\"og:image:height\" content=\"1024\" \/>\n\t<meta property=\"og:image:type\" content=\"image\/jpeg\" \/>\n<meta name=\"twitter:card\" content=\"summary_large_image\" \/>\n<meta name=\"twitter:image\" content=\"https:\/\/interpim.erresse-shop.it\/img-catalogo\/sage\/sage-the-foodcycler-grigio.jpg\" \/>\n<script type=\"application\/ld+json\" class=\"yoast-schema-graph\">{\"@context\":\"https:\/\/schema.org\",\"@graph\":[{\"@type\":\"WebPage\",\"@id\":\"https:\/\/dev6.erresse-shop.it\/es\/shop\/mobiliario\/cubos-de-basura\/sage-the-foodcycler\/\",\"url\":\"https:\/\/dev6.erresse-shop.it\/es\/shop\/mobiliario\/cubos-de-basura\/sage-the-foodcycler\/\",\"name\":\"SAGE The FoodCycler - dev6 Erresse\",\"isPartOf\":{\"@id\":\"https:\/\/dev6.erresse-shop.it\/#website\"},\"primaryImageOfPage\":{\"@id\":\"https:\/\/dev6.erresse-shop.it\/es\/shop\/mobiliario\/cubos-de-basura\/sage-the-foodcycler\/#primaryimage\"},\"image\":{\"@id\":\"https:\/\/dev6.erresse-shop.it\/es\/shop\/mobiliario\/cubos-de-basura\/sage-the-foodcycler\/#primaryimage\"},\"thumbnailUrl\":\"https:\/\/i1.wp.com\/interpim.erresse-shop.it\/img-catalogo\/sage\/sage-the-foodcycler-grigio.jpg?ssl=1\",\"datePublished\":\"2026-04-12T06:42:38+00:00\",\"description\":\"FoodCycler ejecuta un programa automatizado de secado, trituraci\u00f3n y enfriamiento para convertir los residuos de alimentos en EcoChips inodoros. En s\u00f3lo 4\",\"breadcrumb\":{\"@id\":\"https:\/\/dev6.erresse-shop.it\/es\/shop\/mobiliario\/cubos-de-basura\/sage-the-foodcycler\/#breadcrumb\"},\"inLanguage\":\"es\",\"potentialAction\":[{\"@type\":\"ReadAction\",\"target\":[\"https:\/\/dev6.erresse-shop.it\/es\/shop\/mobiliario\/cubos-de-basura\/sage-the-foodcycler\/\"]}]},{\"@type\":\"ImageObject\",\"inLanguage\":\"es\",\"@id\":\"https:\/\/dev6.erresse-shop.it\/es\/shop\/mobiliario\/cubos-de-basura\/sage-the-foodcycler\/#primaryimage\",\"url\":\"https:\/\/i1.wp.com\/interpim.erresse-shop.it\/img-catalogo\/sage\/sage-the-foodcycler-grigio.jpg?ssl=1\",\"contentUrl\":\"https:\/\/i1.wp.com\/interpim.erresse-shop.it\/img-catalogo\/sage\/sage-the-foodcycler-grigio.jpg?ssl=1\"},{\"@type\":\"BreadcrumbList\",\"@id\":\"https:\/\/dev6.erresse-shop.it\/es\/shop\/mobiliario\/cubos-de-basura\/sage-the-foodcycler\/#breadcrumb\",\"itemListElement\":[{\"@type\":\"ListItem\",\"position\":1,\"name\":\"Home\",\"item\":\"https:\/\/dev6.erresse-shop.it\/\"},{\"@type\":\"ListItem\",\"position\":2,\"name\":\"Tienda\",\"item\":\"https:\/\/dev6.erresse-shop.it\/shop\/\"},{\"@type\":\"ListItem\",\"position\":3,\"name\":\"SAGE The FoodCycler\"}]},{\"@type\":\"WebSite\",\"@id\":\"https:\/\/dev6.erresse-shop.it\/#website\",\"url\":\"https:\/\/dev6.erresse-shop.it\/\",\"name\":\"Erresse Shop\",\"description\":\"\",\"publisher\":{\"@id\":\"https:\/\/dev6.erresse-shop.it\/#organization\"},\"potentialAction\":[{\"@type\":\"SearchAction\",\"target\":{\"@type\":\"EntryPoint\",\"urlTemplate\":\"https:\/\/dev6.erresse-shop.it\/?s={search_term_string}\"},\"query-input\":{\"@type\":\"PropertyValueSpecification\",\"valueRequired\":true,\"valueName\":\"search_term_string\"}}],\"inLanguage\":\"es\"},{\"@type\":\"Organization\",\"@id\":\"https:\/\/dev6.erresse-shop.it\/#organization\",\"name\":\"Erresse Shop\",\"url\":\"https:\/\/dev6.erresse-shop.it\/\",\"logo\":{\"@type\":\"ImageObject\",\"inLanguage\":\"es\",\"@id\":\"https:\/\/dev6.erresse-shop.it\/#\/schema\/logo\/image\/\",\"url\":\"https:\/\/dev6.erresse-shop.it\/wp-content\/uploads\/2025\/01\/LOGO-ERRESSE-CLASSICO.svg\",\"contentUrl\":\"https:\/\/dev6.erresse-shop.it\/wp-content\/uploads\/2025\/01\/LOGO-ERRESSE-CLASSICO.svg\",\"caption\":\"Erresse Shop\"},\"image\":{\"@id\":\"https:\/\/dev6.erresse-shop.it\/#\/schema\/logo\/image\/\"}}]}<\/script>\n<!-- \/ Yoast SEO plugin. -->","yoast_head_json":{"title":"SAGE The FoodCycler - dev6 Erresse","description":"FoodCycler ejecuta un programa automatizado de secado, trituraci\u00f3n y enfriamiento para convertir los residuos de alimentos en EcoChips inodoros. En s\u00f3lo 4","robots":{"index":"noindex","follow":"follow","max-snippet":"max-snippet:-1","max-image-preview":"max-image-preview:large","max-video-preview":"max-video-preview:-1"},"og_locale":"es_ES","og_type":"article","og_title":"SAGE The FoodCycler - dev6 Erresse","og_description":"FoodCycler ejecuta un programa automatizado de secado, trituraci\u00f3n y enfriamiento para convertir los residuos de alimentos en EcoChips inodoros. En s\u00f3lo 4","og_url":"https:\/\/dev6.erresse-shop.it\/es\/shop\/mobiliario\/cubos-de-basura\/sage-the-foodcycler\/","og_site_name":"dev6 Erresse","og_image":[{"url":"https:\/\/interpim.erresse-shop.it\/img-catalogo\/sage\/sage-the-foodcycler-grigio.jpg","type":"","width":"","height":""},{"url":"https:\/\/interpim.erresse-shop.it\/img-catalogo\/sage\/sage-the-foodcycler-grigio.jpg","width":1024,"height":1024,"type":"image\/jpeg"}],"twitter_card":"summary_large_image","twitter_image":"https:\/\/interpim.erresse-shop.it\/img-catalogo\/sage\/sage-the-foodcycler-grigio.jpg","schema":{"@context":"https:\/\/schema.org","@graph":[{"@type":"WebPage","@id":"https:\/\/dev6.erresse-shop.it\/es\/shop\/mobiliario\/cubos-de-basura\/sage-the-foodcycler\/","url":"https:\/\/dev6.erresse-shop.it\/es\/shop\/mobiliario\/cubos-de-basura\/sage-the-foodcycler\/","name":"SAGE The FoodCycler - dev6 Erresse","isPartOf":{"@id":"https:\/\/dev6.erresse-shop.it\/#website"},"primaryImageOfPage":{"@id":"https:\/\/dev6.erresse-shop.it\/es\/shop\/mobiliario\/cubos-de-basura\/sage-the-foodcycler\/#primaryimage"},"image":{"@id":"https:\/\/dev6.erresse-shop.it\/es\/shop\/mobiliario\/cubos-de-basura\/sage-the-foodcycler\/#primaryimage"},"thumbnailUrl":"https:\/\/i1.wp.com\/interpim.erresse-shop.it\/img-catalogo\/sage\/sage-the-foodcycler-grigio.jpg?ssl=1","datePublished":"2026-04-12T06:42:38+00:00","description":"FoodCycler ejecuta un programa automatizado de secado, trituraci\u00f3n y enfriamiento para convertir los residuos de alimentos en EcoChips inodoros. En s\u00f3lo 4","breadcrumb":{"@id":"https:\/\/dev6.erresse-shop.it\/es\/shop\/mobiliario\/cubos-de-basura\/sage-the-foodcycler\/#breadcrumb"},"inLanguage":"es","potentialAction":[{"@type":"ReadAction","target":["https:\/\/dev6.erresse-shop.it\/es\/shop\/mobiliario\/cubos-de-basura\/sage-the-foodcycler\/"]}]},{"@type":"ImageObject","inLanguage":"es","@id":"https:\/\/dev6.erresse-shop.it\/es\/shop\/mobiliario\/cubos-de-basura\/sage-the-foodcycler\/#primaryimage","url":"https:\/\/i1.wp.com\/interpim.erresse-shop.it\/img-catalogo\/sage\/sage-the-foodcycler-grigio.jpg?ssl=1","contentUrl":"https:\/\/i1.wp.com\/interpim.erresse-shop.it\/img-catalogo\/sage\/sage-the-foodcycler-grigio.jpg?ssl=1"},{"@type":"BreadcrumbList","@id":"https:\/\/dev6.erresse-shop.it\/es\/shop\/mobiliario\/cubos-de-basura\/sage-the-foodcycler\/#breadcrumb","itemListElement":[{"@type":"ListItem","position":1,"name":"Home","item":"https:\/\/dev6.erresse-shop.it\/"},{"@type":"ListItem","position":2,"name":"Tienda","item":"https:\/\/dev6.erresse-shop.it\/shop\/"},{"@type":"ListItem","position":3,"name":"SAGE The FoodCycler"}]},{"@type":"WebSite","@id":"https:\/\/dev6.erresse-shop.it\/#website","url":"https:\/\/dev6.erresse-shop.it\/","name":"Erresse Shop","description":"","publisher":{"@id":"https:\/\/dev6.erresse-shop.it\/#organization"},"potentialAction":[{"@type":"SearchAction","target":{"@type":"EntryPoint","urlTemplate":"https:\/\/dev6.erresse-shop.it\/?s={search_term_string}"},"query-input":{"@type":"PropertyValueSpecification","valueRequired":true,"valueName":"search_term_string"}}],"inLanguage":"es"},{"@type":"Organization","@id":"https:\/\/dev6.erresse-shop.it\/#organization","name":"Erresse Shop","url":"https:\/\/dev6.erresse-shop.it\/","logo":{"@type":"ImageObject","inLanguage":"es","@id":"https:\/\/dev6.erresse-shop.it\/#\/schema\/logo\/image\/","url":"https:\/\/dev6.erresse-shop.it\/wp-content\/uploads\/2025\/01\/LOGO-ERRESSE-CLASSICO.svg","contentUrl":"https:\/\/dev6.erresse-shop.it\/wp-content\/uploads\/2025\/01\/LOGO-ERRESSE-CLASSICO.svg","caption":"Erresse Shop"},"image":{"@id":"https:\/\/dev6.erresse-shop.it\/#\/schema\/logo\/image\/"}}]}},"df_price":419.95,"df_sale_price":419.95,"df_regular_price":499.9,"df_image_link":"https:\/\/i1.wp.com\/interpim.erresse-shop.it\/img-catalogo\/sage\/sage-the-foodcycler-grigio.jpg?resize=300,300&ssl=1","fifu_image_url":"https:\/\/interpim.erresse-shop.it\/img-catalogo\/sage\/sage-the-foodcycler-grigio.jpg","_links":{"self":[{"href":"https:\/\/dev6.erresse-shop.it\/es\/wp-json\/wp\/v2\/product\/1877658","targetHints":{"allow":["GET"]}}],"collection":[{"href":"https:\/\/dev6.erresse-shop.it\/es\/wp-json\/wp\/v2\/product"}],"about":[{"href":"https:\/\/dev6.erresse-shop.it\/es\/wp-json\/wp\/v2\/types\/product"}],"wp:featuredmedia":[{"embeddable":true,"href":"https:\/\/dev6.erresse-shop.it\/es\/wp-json\/wp\/v2\/media\/6352659"}],"wp:attachment":[{"href":"https:\/\/dev6.erresse-shop.it\/es\/wp-json\/wp\/v2\/media?parent=1877658"}],"wp:term":[{"taxonomy":"product_cat","embeddable":true,"href":"https:\/\/dev6.erresse-shop.it\/es\/wp-json\/wp\/v2\/product_cat?post=1877658"},{"taxonomy":"product_tag","embeddable":true,"href":"https:\/\/dev6.erresse-shop.it\/es\/wp-json\/wp\/v2\/product_tag?post=1877658"}],"curies":[{"name":"wp","href":"https:\/\/api.w.org\/{rel}","templated":true}]}}