{"id":1877656,"date":"2026-04-04T08:41:30","date_gmt":"2026-04-04T06:41:30","guid":{"rendered":"https:\/\/dev6.erresse-shop.it\/shop\/sin%20categor\u00eda\/sambonet-servicio-de-cubiertos-24-piezas-dream\/"},"modified":"2025-07-04T21:37:30","modified_gmt":"2025-07-04T19:37:30","slug":"sambonet-servicio-de-cubiertos-24-piezas-dream","status":"publish","type":"product","link":"https:\/\/dev6.erresse-shop.it\/es\/shop\/tabla\/cubiertos\/sambonet-servicio-de-cubiertos-24-piezas-dream\/","title":{"rendered":"SAMBONET Servicio de Cubiertos 24 Piezas Dream"},"content":{"rendered":"<p>Una original y armoniosa forma de gota, de inspiraci\u00f3n moderna y funcional, distingue el dise\u00f1o \u201cde ensue\u00f1o\u201d de la colecci\u00f3n Dream. Un verdadero must-have de Sambonet.<\/p>\n<p>Con un mango elegante y robusto, cada pieza de cuberter\u00eda est\u00e1 hecha de acero inoxidable 18\/10. Se puede lavar en el lavavajillas.<br \/>\nEstilo contempor\u00e1neo ideal para embellecer la mesa, tanto en el d\u00eda a d\u00eda como en ocasiones especiales.<br \/>\nServicio para 6 personas. Incluye: 6 tenedores de mesa, 6 cucharas de mesa, 6 cuchillos de mesa y 6 cucharillas.<br \/>\nPresentado en un elegante envase, tambi\u00e9n es perfecto como idea de regalo.<br \/>\nCon una original y armoniosa forma de l\u00e1grima, a medio camino entre la modernidad y el dise\u00f1o, la colecci\u00f3n es un must-have de Sambonet. Esta cuberter\u00eda embellece la mesa, tanto en la vida cotidiana como en las ocasiones especiales.<\/p>\n<p>ANTES Y DESPU\u00c9S DE CADA USO<br \/>\nLavar con detergentes adecuados evitando el cloro y la lej\u00eda, aclarar y secar bien. A continuaci\u00f3n, gu\u00e1rdelo en un lugar seco. No utilice esponjas o pa\u00f1os abrasivos ni estropajos met\u00e1licos. Elimine inmediatamente los restos de sal, lim\u00f3n, vinagre, salsas a base de tomate, etc. Si utiliza un lavavajillas, aseg\u00farese de que el tratamiento incluye un perfecto secado y pulido y, si no, h\u00e1galo manualmente. Las hojas de los cuchillos est\u00e1n hechas de acero inoxidable martens\u00edtico 420 endurecido, lo que garantiza la durabilidad del afilado pero hace que el material sea m\u00e1s sensible al ataque corrosivo. Es esencial que los cuchillos se limpien, se laven y se sequen correctamente inmediatamente despu\u00e9s de su uso.<\/p>\n","protected":false},"excerpt":{"rendered":"<p>Una original y armoniosa forma de gota, de inspiraci\u00f3n moderna y funcional, distingue el dise\u00f1o \u201cde ensue\u00f1o\u201d de la colecci\u00f3n Dream. Un verdadero must-have de Sambonet. Con un mango elegante y robusto, cada pieza de cuberter\u00eda est\u00e1 hecha de acero inoxidable 18\/10. Se puede lavar en el lavavajillas. Estilo contempor\u00e1neo ideal para embellecer la mesa, [&hellip;]<\/p>\n","protected":false},"featured_media":6269343,"template":"","meta":{"_acf_changed":false},"product_cat":[11888,11887,11671],"product_tag":[],"class_list":{"0":"post-1877656","1":"product","2":"type-product","3":"status-publish","4":"has-post-thumbnail","6":"product_cat-cubiertos","7":"product_cat-tabla","8":"product_cat-tavola","10":"first","11":"outofstock","12":"taxable","13":"shipping-taxable","14":"product-type-simple","swatches":"rey-swatches","show_selected":"","stretch_labels":"rey-swatches--stretch-labels"},"acf":[],"yoast_head":"<!-- This site is optimized with the Yoast SEO plugin v25.4 - https:\/\/yoast.com\/wordpress\/plugins\/seo\/ -->\n<title>SAMBONET Servicio de Cubiertos 24 Piezas Dream - dev6 Erresse<\/title>\n<meta name=\"description\" content=\"Una original y armoniosa forma de gota, de inspiraci\u00f3n moderna y funcional, distingue el dise\u00f1o \u201cde ensue\u00f1o\u201d de la colecci\u00f3n Dream. Un verdadero must-have\" \/>\n<meta name=\"robots\" content=\"noindex, follow, max-snippet:-1, max-image-preview:large, max-video-preview:-1\" \/>\n<meta property=\"og:locale\" content=\"es_ES\" \/>\n<meta property=\"og:type\" content=\"article\" \/>\n<meta property=\"og:title\" content=\"SAMBONET Servicio de Cubiertos 24 Piezas Dream - dev6 Erresse\" \/>\n<meta property=\"og:description\" content=\"Una original y armoniosa forma de gota, de inspiraci\u00f3n moderna y funcional, distingue el dise\u00f1o \u201cde ensue\u00f1o\u201d de la colecci\u00f3n Dream. Un verdadero must-have\" \/>\n<meta property=\"og:url\" content=\"https:\/\/dev6.erresse-shop.it\/es\/shop\/tabla\/cubiertos\/sambonet-servicio-de-cubiertos-24-piezas-dream\/\" \/>\n<meta property=\"og:site_name\" content=\"dev6 Erresse\" \/>\n<meta property=\"og:image\" content=\"https:\/\/interpim.erresse-shop.it\/img-catalogo\/sambonet\/sambonet-posate-dream-24.jpg\" \/><meta property=\"og:image\" content=\"https:\/\/interpim.erresse-shop.it\/img-catalogo\/sambonet\/sambonet-posate-dream-24.jpg\" \/>\n\t<meta property=\"og:image:width\" content=\"1024\" \/>\n\t<meta property=\"og:image:height\" content=\"1024\" \/>\n\t<meta property=\"og:image:type\" content=\"image\/jpeg\" \/>\n<meta name=\"twitter:card\" content=\"summary_large_image\" \/>\n<meta name=\"twitter:image\" content=\"https:\/\/interpim.erresse-shop.it\/img-catalogo\/sambonet\/sambonet-posate-dream-24.jpg\" \/>\n<script type=\"application\/ld+json\" class=\"yoast-schema-graph\">{\"@context\":\"https:\/\/schema.org\",\"@graph\":[{\"@type\":\"WebPage\",\"@id\":\"https:\/\/dev6.erresse-shop.it\/es\/shop\/tabla\/cubiertos\/sambonet-servicio-de-cubiertos-24-piezas-dream\/\",\"url\":\"https:\/\/dev6.erresse-shop.it\/es\/shop\/tabla\/cubiertos\/sambonet-servicio-de-cubiertos-24-piezas-dream\/\",\"name\":\"SAMBONET Servicio de Cubiertos 24 Piezas Dream - dev6 Erresse\",\"isPartOf\":{\"@id\":\"https:\/\/dev6.erresse-shop.it\/#website\"},\"primaryImageOfPage\":{\"@id\":\"https:\/\/dev6.erresse-shop.it\/es\/shop\/tabla\/cubiertos\/sambonet-servicio-de-cubiertos-24-piezas-dream\/#primaryimage\"},\"image\":{\"@id\":\"https:\/\/dev6.erresse-shop.it\/es\/shop\/tabla\/cubiertos\/sambonet-servicio-de-cubiertos-24-piezas-dream\/#primaryimage\"},\"thumbnailUrl\":\"https:\/\/i2.wp.com\/interpim.erresse-shop.it\/img-catalogo\/sambonet\/sambonet-posate-dream-24.jpg?ssl=1\",\"datePublished\":\"2026-04-04T06:41:30+00:00\",\"description\":\"Una original y armoniosa forma de gota, de inspiraci\u00f3n moderna y funcional, distingue el dise\u00f1o \u201cde ensue\u00f1o\u201d de la colecci\u00f3n Dream. Un verdadero must-have\",\"breadcrumb\":{\"@id\":\"https:\/\/dev6.erresse-shop.it\/es\/shop\/tabla\/cubiertos\/sambonet-servicio-de-cubiertos-24-piezas-dream\/#breadcrumb\"},\"inLanguage\":\"es\",\"potentialAction\":[{\"@type\":\"ReadAction\",\"target\":[\"https:\/\/dev6.erresse-shop.it\/es\/shop\/tabla\/cubiertos\/sambonet-servicio-de-cubiertos-24-piezas-dream\/\"]}]},{\"@type\":\"ImageObject\",\"inLanguage\":\"es\",\"@id\":\"https:\/\/dev6.erresse-shop.it\/es\/shop\/tabla\/cubiertos\/sambonet-servicio-de-cubiertos-24-piezas-dream\/#primaryimage\",\"url\":\"https:\/\/i2.wp.com\/interpim.erresse-shop.it\/img-catalogo\/sambonet\/sambonet-posate-dream-24.jpg?ssl=1\",\"contentUrl\":\"https:\/\/i2.wp.com\/interpim.erresse-shop.it\/img-catalogo\/sambonet\/sambonet-posate-dream-24.jpg?ssl=1\"},{\"@type\":\"BreadcrumbList\",\"@id\":\"https:\/\/dev6.erresse-shop.it\/es\/shop\/tabla\/cubiertos\/sambonet-servicio-de-cubiertos-24-piezas-dream\/#breadcrumb\",\"itemListElement\":[{\"@type\":\"ListItem\",\"position\":1,\"name\":\"Home\",\"item\":\"https:\/\/dev6.erresse-shop.it\/\"},{\"@type\":\"ListItem\",\"position\":2,\"name\":\"Tienda\",\"item\":\"https:\/\/dev6.erresse-shop.it\/shop\/\"},{\"@type\":\"ListItem\",\"position\":3,\"name\":\"SAMBONET Servicio de Cubiertos 24 Piezas Dream\"}]},{\"@type\":\"WebSite\",\"@id\":\"https:\/\/dev6.erresse-shop.it\/#website\",\"url\":\"https:\/\/dev6.erresse-shop.it\/\",\"name\":\"Erresse Shop\",\"description\":\"\",\"publisher\":{\"@id\":\"https:\/\/dev6.erresse-shop.it\/#organization\"},\"potentialAction\":[{\"@type\":\"SearchAction\",\"target\":{\"@type\":\"EntryPoint\",\"urlTemplate\":\"https:\/\/dev6.erresse-shop.it\/?s={search_term_string}\"},\"query-input\":{\"@type\":\"PropertyValueSpecification\",\"valueRequired\":true,\"valueName\":\"search_term_string\"}}],\"inLanguage\":\"es\"},{\"@type\":\"Organization\",\"@id\":\"https:\/\/dev6.erresse-shop.it\/#organization\",\"name\":\"Erresse Shop\",\"url\":\"https:\/\/dev6.erresse-shop.it\/\",\"logo\":{\"@type\":\"ImageObject\",\"inLanguage\":\"es\",\"@id\":\"https:\/\/dev6.erresse-shop.it\/#\/schema\/logo\/image\/\",\"url\":\"https:\/\/dev6.erresse-shop.it\/wp-content\/uploads\/2025\/01\/LOGO-ERRESSE-CLASSICO.svg\",\"contentUrl\":\"https:\/\/dev6.erresse-shop.it\/wp-content\/uploads\/2025\/01\/LOGO-ERRESSE-CLASSICO.svg\",\"caption\":\"Erresse Shop\"},\"image\":{\"@id\":\"https:\/\/dev6.erresse-shop.it\/#\/schema\/logo\/image\/\"}}]}<\/script>\n<!-- \/ Yoast SEO plugin. -->","yoast_head_json":{"title":"SAMBONET Servicio de Cubiertos 24 Piezas Dream - dev6 Erresse","description":"Una original y armoniosa forma de gota, de inspiraci\u00f3n moderna y funcional, distingue el dise\u00f1o \u201cde ensue\u00f1o\u201d de la colecci\u00f3n Dream. Un verdadero must-have","robots":{"index":"noindex","follow":"follow","max-snippet":"max-snippet:-1","max-image-preview":"max-image-preview:large","max-video-preview":"max-video-preview:-1"},"og_locale":"es_ES","og_type":"article","og_title":"SAMBONET Servicio de Cubiertos 24 Piezas Dream - dev6 Erresse","og_description":"Una original y armoniosa forma de gota, de inspiraci\u00f3n moderna y funcional, distingue el dise\u00f1o \u201cde ensue\u00f1o\u201d de la colecci\u00f3n Dream. Un verdadero must-have","og_url":"https:\/\/dev6.erresse-shop.it\/es\/shop\/tabla\/cubiertos\/sambonet-servicio-de-cubiertos-24-piezas-dream\/","og_site_name":"dev6 Erresse","og_image":[{"url":"https:\/\/interpim.erresse-shop.it\/img-catalogo\/sambonet\/sambonet-posate-dream-24.jpg","type":"","width":"","height":""},{"url":"https:\/\/interpim.erresse-shop.it\/img-catalogo\/sambonet\/sambonet-posate-dream-24.jpg","width":1024,"height":1024,"type":"image\/jpeg"}],"twitter_card":"summary_large_image","twitter_image":"https:\/\/interpim.erresse-shop.it\/img-catalogo\/sambonet\/sambonet-posate-dream-24.jpg","schema":{"@context":"https:\/\/schema.org","@graph":[{"@type":"WebPage","@id":"https:\/\/dev6.erresse-shop.it\/es\/shop\/tabla\/cubiertos\/sambonet-servicio-de-cubiertos-24-piezas-dream\/","url":"https:\/\/dev6.erresse-shop.it\/es\/shop\/tabla\/cubiertos\/sambonet-servicio-de-cubiertos-24-piezas-dream\/","name":"SAMBONET Servicio de Cubiertos 24 Piezas Dream - dev6 Erresse","isPartOf":{"@id":"https:\/\/dev6.erresse-shop.it\/#website"},"primaryImageOfPage":{"@id":"https:\/\/dev6.erresse-shop.it\/es\/shop\/tabla\/cubiertos\/sambonet-servicio-de-cubiertos-24-piezas-dream\/#primaryimage"},"image":{"@id":"https:\/\/dev6.erresse-shop.it\/es\/shop\/tabla\/cubiertos\/sambonet-servicio-de-cubiertos-24-piezas-dream\/#primaryimage"},"thumbnailUrl":"https:\/\/i2.wp.com\/interpim.erresse-shop.it\/img-catalogo\/sambonet\/sambonet-posate-dream-24.jpg?ssl=1","datePublished":"2026-04-04T06:41:30+00:00","description":"Una original y armoniosa forma de gota, de inspiraci\u00f3n moderna y funcional, distingue el dise\u00f1o \u201cde ensue\u00f1o\u201d de la colecci\u00f3n Dream. Un verdadero must-have","breadcrumb":{"@id":"https:\/\/dev6.erresse-shop.it\/es\/shop\/tabla\/cubiertos\/sambonet-servicio-de-cubiertos-24-piezas-dream\/#breadcrumb"},"inLanguage":"es","potentialAction":[{"@type":"ReadAction","target":["https:\/\/dev6.erresse-shop.it\/es\/shop\/tabla\/cubiertos\/sambonet-servicio-de-cubiertos-24-piezas-dream\/"]}]},{"@type":"ImageObject","inLanguage":"es","@id":"https:\/\/dev6.erresse-shop.it\/es\/shop\/tabla\/cubiertos\/sambonet-servicio-de-cubiertos-24-piezas-dream\/#primaryimage","url":"https:\/\/i2.wp.com\/interpim.erresse-shop.it\/img-catalogo\/sambonet\/sambonet-posate-dream-24.jpg?ssl=1","contentUrl":"https:\/\/i2.wp.com\/interpim.erresse-shop.it\/img-catalogo\/sambonet\/sambonet-posate-dream-24.jpg?ssl=1"},{"@type":"BreadcrumbList","@id":"https:\/\/dev6.erresse-shop.it\/es\/shop\/tabla\/cubiertos\/sambonet-servicio-de-cubiertos-24-piezas-dream\/#breadcrumb","itemListElement":[{"@type":"ListItem","position":1,"name":"Home","item":"https:\/\/dev6.erresse-shop.it\/"},{"@type":"ListItem","position":2,"name":"Tienda","item":"https:\/\/dev6.erresse-shop.it\/shop\/"},{"@type":"ListItem","position":3,"name":"SAMBONET Servicio de Cubiertos 24 Piezas Dream"}]},{"@type":"WebSite","@id":"https:\/\/dev6.erresse-shop.it\/#website","url":"https:\/\/dev6.erresse-shop.it\/","name":"Erresse Shop","description":"","publisher":{"@id":"https:\/\/dev6.erresse-shop.it\/#organization"},"potentialAction":[{"@type":"SearchAction","target":{"@type":"EntryPoint","urlTemplate":"https:\/\/dev6.erresse-shop.it\/?s={search_term_string}"},"query-input":{"@type":"PropertyValueSpecification","valueRequired":true,"valueName":"search_term_string"}}],"inLanguage":"es"},{"@type":"Organization","@id":"https:\/\/dev6.erresse-shop.it\/#organization","name":"Erresse Shop","url":"https:\/\/dev6.erresse-shop.it\/","logo":{"@type":"ImageObject","inLanguage":"es","@id":"https:\/\/dev6.erresse-shop.it\/#\/schema\/logo\/image\/","url":"https:\/\/dev6.erresse-shop.it\/wp-content\/uploads\/2025\/01\/LOGO-ERRESSE-CLASSICO.svg","contentUrl":"https:\/\/dev6.erresse-shop.it\/wp-content\/uploads\/2025\/01\/LOGO-ERRESSE-CLASSICO.svg","caption":"Erresse Shop"},"image":{"@id":"https:\/\/dev6.erresse-shop.it\/#\/schema\/logo\/image\/"}}]}},"df_price":"","df_sale_price":"","df_regular_price":"","df_image_link":"https:\/\/i2.wp.com\/interpim.erresse-shop.it\/img-catalogo\/sambonet\/sambonet-posate-dream-24.jpg?resize=300,300&ssl=1","fifu_image_url":"https:\/\/interpim.erresse-shop.it\/img-catalogo\/sambonet\/sambonet-posate-dream-24.jpg","_links":{"self":[{"href":"https:\/\/dev6.erresse-shop.it\/es\/wp-json\/wp\/v2\/product\/1877656","targetHints":{"allow":["GET"]}}],"collection":[{"href":"https:\/\/dev6.erresse-shop.it\/es\/wp-json\/wp\/v2\/product"}],"about":[{"href":"https:\/\/dev6.erresse-shop.it\/es\/wp-json\/wp\/v2\/types\/product"}],"wp:featuredmedia":[{"embeddable":true,"href":"https:\/\/dev6.erresse-shop.it\/es\/wp-json\/wp\/v2\/media\/6269343"}],"wp:attachment":[{"href":"https:\/\/dev6.erresse-shop.it\/es\/wp-json\/wp\/v2\/media?parent=1877656"}],"wp:term":[{"taxonomy":"product_cat","embeddable":true,"href":"https:\/\/dev6.erresse-shop.it\/es\/wp-json\/wp\/v2\/product_cat?post=1877656"},{"taxonomy":"product_tag","embeddable":true,"href":"https:\/\/dev6.erresse-shop.it\/es\/wp-json\/wp\/v2\/product_tag?post=1877656"}],"curies":[{"name":"wp","href":"https:\/\/api.w.org\/{rel}","templated":true}]}}