{"id":1877636,"date":"2026-04-12T08:42:38","date_gmt":"2026-04-12T06:42:38","guid":{"rendered":"https:\/\/dev6.erresse-shop.it\/shop\/sin%20categor\u00eda\/versace-home-jarron-prestige-gala-azul\/"},"modified":"2025-07-04T21:37:03","modified_gmt":"2025-07-04T19:37:03","slug":"versace-home-jarron-prestige-gala-azul","status":"publish","type":"product","link":"https:\/\/dev6.erresse-shop.it\/es\/shop\/mobiliario\/jarrones\/versace-home-jarron-prestige-gala-azul\/","title":{"rendered":"VERSACE HOME Jarr\u00f3n Prestige Gala Azul"},"content":{"rendered":"<p>Altura: 26 cm<\/p>\n<p>Este jarr\u00f3n presenta finas decoraciones de oro y platino h\u00e1bilmente yuxtapuestas con refinados motivos decorativos, entre los que destaca el distintivo color azul\/turquesa. Es un triunfo de adornos suntuosos que le dan un estilo exc\u00e9ntrico.<\/p>\n<p>El protagonista absoluto, situado en el centro, es un gran jarr\u00f3n dorado, rematado con preciosas hojas de acanto y delicados elementos ornamentales, mientras que dos imponentes leones lo enmarcan en los laterales. Tambi\u00e9n vuelve la suntuosa cabeza de Medusa, el s\u00edmbolo de la seducci\u00f3n por excelencia, elegido por el dise\u00f1ador y que ya es la base de otras decoraciones de Rosenthal Versace.<\/p>\n<p>Gracias al tratamiento especial al que se somete, tanto la decoraci\u00f3n como el color y la luminosidad son extremadamente resistentes a los ara\u00f1azos y las abrasiones.<\/p>\n<p>Rosenthal debe su reputaci\u00f3n mundial a su capacidad de combinar siempre la tradici\u00f3n y la innovaci\u00f3n, mientras que Versace es conocida en todo el mundo por su glamour \u00fanico y lujoso. Juntos son capaces de crear vajillas y colecciones de regalo elegantes, elaboradas y al mismo tiempo emocionantes, inspiradas en \u00e9pocas y culturas de otros tiempos.<\/p>\n","protected":false},"excerpt":{"rendered":"<p>Altura: 26 cm Este jarr\u00f3n presenta finas decoraciones de oro y platino h\u00e1bilmente yuxtapuestas con refinados motivos decorativos, entre los que destaca el distintivo color azul\/turquesa. Es un triunfo de adornos suntuosos que le dan un estilo exc\u00e9ntrico. El protagonista absoluto, situado en el centro, es un gran jarr\u00f3n dorado, rematado con preciosas hojas de [&hellip;]<\/p>\n","protected":false},"featured_media":6352610,"template":"","meta":{"_acf_changed":false},"product_cat":[11666,11910,11882],"product_tag":[],"class_list":{"0":"post-1877636","1":"product","2":"type-product","3":"status-publish","4":"has-post-thumbnail","6":"product_cat-arredamento-casa","7":"product_cat-jarrones","8":"product_cat-mobiliario","10":"first","11":"outofstock","12":"taxable","13":"shipping-taxable","14":"purchasable","15":"product-type-simple","swatches":"rey-swatches","show_selected":"","stretch_labels":"rey-swatches--stretch-labels"},"acf":[],"yoast_head":"<!-- This site is optimized with the Yoast SEO plugin v25.4 - https:\/\/yoast.com\/wordpress\/plugins\/seo\/ -->\n<title>VERSACE HOME Jarr\u00f3n Prestige Gala Azul - dev6 Erresse<\/title>\n<meta name=\"description\" content=\"Altura: 26 cm Este jarr\u00f3n presenta finas decoraciones de oro y platino h\u00e1bilmente yuxtapuestas con refinados motivos decorativos, entre los que destaca el\" \/>\n<meta name=\"robots\" content=\"noindex, follow, max-snippet:-1, max-image-preview:large, max-video-preview:-1\" \/>\n<meta property=\"og:locale\" content=\"es_ES\" \/>\n<meta property=\"og:type\" content=\"article\" \/>\n<meta property=\"og:title\" content=\"VERSACE HOME Jarr\u00f3n Prestige Gala Azul - dev6 Erresse\" \/>\n<meta property=\"og:description\" content=\"Altura: 26 cm Este jarr\u00f3n presenta finas decoraciones de oro y platino h\u00e1bilmente yuxtapuestas con refinados motivos decorativos, entre los que destaca el\" \/>\n<meta property=\"og:url\" content=\"https:\/\/dev6.erresse-shop.it\/es\/shop\/mobiliario\/jarrones\/versace-home-jarron-prestige-gala-azul\/\" \/>\n<meta property=\"og:site_name\" content=\"dev6 Erresse\" \/>\n<meta property=\"og:image\" content=\"https:\/\/interpim.erresse-shop.it\/img-catalogo\/versace\/versace-home-vaso-prestige-gala-blu.jpg\" \/><meta property=\"og:image\" content=\"https:\/\/interpim.erresse-shop.it\/img-catalogo\/versace\/versace-home-vaso-prestige-gala-blu.jpg\" \/>\n\t<meta property=\"og:image:width\" content=\"1024\" \/>\n\t<meta property=\"og:image:height\" content=\"1024\" \/>\n\t<meta property=\"og:image:type\" content=\"image\/jpeg\" \/>\n<meta name=\"twitter:card\" content=\"summary_large_image\" \/>\n<meta name=\"twitter:image\" content=\"https:\/\/interpim.erresse-shop.it\/img-catalogo\/versace\/versace-home-vaso-prestige-gala-blu.jpg\" \/>\n<script type=\"application\/ld+json\" class=\"yoast-schema-graph\">{\"@context\":\"https:\/\/schema.org\",\"@graph\":[{\"@type\":\"WebPage\",\"@id\":\"https:\/\/dev6.erresse-shop.it\/es\/shop\/mobiliario\/jarrones\/versace-home-jarron-prestige-gala-azul\/\",\"url\":\"https:\/\/dev6.erresse-shop.it\/es\/shop\/mobiliario\/jarrones\/versace-home-jarron-prestige-gala-azul\/\",\"name\":\"VERSACE HOME Jarr\u00f3n Prestige Gala Azul - dev6 Erresse\",\"isPartOf\":{\"@id\":\"https:\/\/dev6.erresse-shop.it\/#website\"},\"primaryImageOfPage\":{\"@id\":\"https:\/\/dev6.erresse-shop.it\/es\/shop\/mobiliario\/jarrones\/versace-home-jarron-prestige-gala-azul\/#primaryimage\"},\"image\":{\"@id\":\"https:\/\/dev6.erresse-shop.it\/es\/shop\/mobiliario\/jarrones\/versace-home-jarron-prestige-gala-azul\/#primaryimage\"},\"thumbnailUrl\":\"https:\/\/i0.wp.com\/interpim.erresse-shop.it\/img-catalogo\/versace\/versace-home-vaso-prestige-gala-blu.jpg?ssl=1\",\"datePublished\":\"2026-04-12T06:42:38+00:00\",\"description\":\"Altura: 26 cm Este jarr\u00f3n presenta finas decoraciones de oro y platino h\u00e1bilmente yuxtapuestas con refinados motivos decorativos, entre los que destaca el\",\"breadcrumb\":{\"@id\":\"https:\/\/dev6.erresse-shop.it\/es\/shop\/mobiliario\/jarrones\/versace-home-jarron-prestige-gala-azul\/#breadcrumb\"},\"inLanguage\":\"es\",\"potentialAction\":[{\"@type\":\"ReadAction\",\"target\":[\"https:\/\/dev6.erresse-shop.it\/es\/shop\/mobiliario\/jarrones\/versace-home-jarron-prestige-gala-azul\/\"]}]},{\"@type\":\"ImageObject\",\"inLanguage\":\"es\",\"@id\":\"https:\/\/dev6.erresse-shop.it\/es\/shop\/mobiliario\/jarrones\/versace-home-jarron-prestige-gala-azul\/#primaryimage\",\"url\":\"https:\/\/i0.wp.com\/interpim.erresse-shop.it\/img-catalogo\/versace\/versace-home-vaso-prestige-gala-blu.jpg?ssl=1\",\"contentUrl\":\"https:\/\/i0.wp.com\/interpim.erresse-shop.it\/img-catalogo\/versace\/versace-home-vaso-prestige-gala-blu.jpg?ssl=1\"},{\"@type\":\"BreadcrumbList\",\"@id\":\"https:\/\/dev6.erresse-shop.it\/es\/shop\/mobiliario\/jarrones\/versace-home-jarron-prestige-gala-azul\/#breadcrumb\",\"itemListElement\":[{\"@type\":\"ListItem\",\"position\":1,\"name\":\"Home\",\"item\":\"https:\/\/dev6.erresse-shop.it\/\"},{\"@type\":\"ListItem\",\"position\":2,\"name\":\"Tienda\",\"item\":\"https:\/\/dev6.erresse-shop.it\/shop\/\"},{\"@type\":\"ListItem\",\"position\":3,\"name\":\"VERSACE HOME Jarr\u00f3n Prestige Gala Azul\"}]},{\"@type\":\"WebSite\",\"@id\":\"https:\/\/dev6.erresse-shop.it\/#website\",\"url\":\"https:\/\/dev6.erresse-shop.it\/\",\"name\":\"Erresse Shop\",\"description\":\"\",\"publisher\":{\"@id\":\"https:\/\/dev6.erresse-shop.it\/#organization\"},\"potentialAction\":[{\"@type\":\"SearchAction\",\"target\":{\"@type\":\"EntryPoint\",\"urlTemplate\":\"https:\/\/dev6.erresse-shop.it\/?s={search_term_string}\"},\"query-input\":{\"@type\":\"PropertyValueSpecification\",\"valueRequired\":true,\"valueName\":\"search_term_string\"}}],\"inLanguage\":\"es\"},{\"@type\":\"Organization\",\"@id\":\"https:\/\/dev6.erresse-shop.it\/#organization\",\"name\":\"Erresse Shop\",\"url\":\"https:\/\/dev6.erresse-shop.it\/\",\"logo\":{\"@type\":\"ImageObject\",\"inLanguage\":\"es\",\"@id\":\"https:\/\/dev6.erresse-shop.it\/#\/schema\/logo\/image\/\",\"url\":\"https:\/\/dev6.erresse-shop.it\/wp-content\/uploads\/2025\/01\/LOGO-ERRESSE-CLASSICO.svg\",\"contentUrl\":\"https:\/\/dev6.erresse-shop.it\/wp-content\/uploads\/2025\/01\/LOGO-ERRESSE-CLASSICO.svg\",\"caption\":\"Erresse Shop\"},\"image\":{\"@id\":\"https:\/\/dev6.erresse-shop.it\/#\/schema\/logo\/image\/\"}}]}<\/script>\n<!-- \/ Yoast SEO plugin. -->","yoast_head_json":{"title":"VERSACE HOME Jarr\u00f3n Prestige Gala Azul - dev6 Erresse","description":"Altura: 26 cm Este jarr\u00f3n presenta finas decoraciones de oro y platino h\u00e1bilmente yuxtapuestas con refinados motivos decorativos, entre los que destaca el","robots":{"index":"noindex","follow":"follow","max-snippet":"max-snippet:-1","max-image-preview":"max-image-preview:large","max-video-preview":"max-video-preview:-1"},"og_locale":"es_ES","og_type":"article","og_title":"VERSACE HOME Jarr\u00f3n Prestige Gala Azul - dev6 Erresse","og_description":"Altura: 26 cm Este jarr\u00f3n presenta finas decoraciones de oro y platino h\u00e1bilmente yuxtapuestas con refinados motivos decorativos, entre los que destaca el","og_url":"https:\/\/dev6.erresse-shop.it\/es\/shop\/mobiliario\/jarrones\/versace-home-jarron-prestige-gala-azul\/","og_site_name":"dev6 Erresse","og_image":[{"url":"https:\/\/interpim.erresse-shop.it\/img-catalogo\/versace\/versace-home-vaso-prestige-gala-blu.jpg","type":"","width":"","height":""},{"url":"https:\/\/interpim.erresse-shop.it\/img-catalogo\/versace\/versace-home-vaso-prestige-gala-blu.jpg","width":1024,"height":1024,"type":"image\/jpeg"}],"twitter_card":"summary_large_image","twitter_image":"https:\/\/interpim.erresse-shop.it\/img-catalogo\/versace\/versace-home-vaso-prestige-gala-blu.jpg","schema":{"@context":"https:\/\/schema.org","@graph":[{"@type":"WebPage","@id":"https:\/\/dev6.erresse-shop.it\/es\/shop\/mobiliario\/jarrones\/versace-home-jarron-prestige-gala-azul\/","url":"https:\/\/dev6.erresse-shop.it\/es\/shop\/mobiliario\/jarrones\/versace-home-jarron-prestige-gala-azul\/","name":"VERSACE HOME Jarr\u00f3n Prestige Gala Azul - dev6 Erresse","isPartOf":{"@id":"https:\/\/dev6.erresse-shop.it\/#website"},"primaryImageOfPage":{"@id":"https:\/\/dev6.erresse-shop.it\/es\/shop\/mobiliario\/jarrones\/versace-home-jarron-prestige-gala-azul\/#primaryimage"},"image":{"@id":"https:\/\/dev6.erresse-shop.it\/es\/shop\/mobiliario\/jarrones\/versace-home-jarron-prestige-gala-azul\/#primaryimage"},"thumbnailUrl":"https:\/\/i0.wp.com\/interpim.erresse-shop.it\/img-catalogo\/versace\/versace-home-vaso-prestige-gala-blu.jpg?ssl=1","datePublished":"2026-04-12T06:42:38+00:00","description":"Altura: 26 cm Este jarr\u00f3n presenta finas decoraciones de oro y platino h\u00e1bilmente yuxtapuestas con refinados motivos decorativos, entre los que destaca el","breadcrumb":{"@id":"https:\/\/dev6.erresse-shop.it\/es\/shop\/mobiliario\/jarrones\/versace-home-jarron-prestige-gala-azul\/#breadcrumb"},"inLanguage":"es","potentialAction":[{"@type":"ReadAction","target":["https:\/\/dev6.erresse-shop.it\/es\/shop\/mobiliario\/jarrones\/versace-home-jarron-prestige-gala-azul\/"]}]},{"@type":"ImageObject","inLanguage":"es","@id":"https:\/\/dev6.erresse-shop.it\/es\/shop\/mobiliario\/jarrones\/versace-home-jarron-prestige-gala-azul\/#primaryimage","url":"https:\/\/i0.wp.com\/interpim.erresse-shop.it\/img-catalogo\/versace\/versace-home-vaso-prestige-gala-blu.jpg?ssl=1","contentUrl":"https:\/\/i0.wp.com\/interpim.erresse-shop.it\/img-catalogo\/versace\/versace-home-vaso-prestige-gala-blu.jpg?ssl=1"},{"@type":"BreadcrumbList","@id":"https:\/\/dev6.erresse-shop.it\/es\/shop\/mobiliario\/jarrones\/versace-home-jarron-prestige-gala-azul\/#breadcrumb","itemListElement":[{"@type":"ListItem","position":1,"name":"Home","item":"https:\/\/dev6.erresse-shop.it\/"},{"@type":"ListItem","position":2,"name":"Tienda","item":"https:\/\/dev6.erresse-shop.it\/shop\/"},{"@type":"ListItem","position":3,"name":"VERSACE HOME Jarr\u00f3n Prestige Gala Azul"}]},{"@type":"WebSite","@id":"https:\/\/dev6.erresse-shop.it\/#website","url":"https:\/\/dev6.erresse-shop.it\/","name":"Erresse Shop","description":"","publisher":{"@id":"https:\/\/dev6.erresse-shop.it\/#organization"},"potentialAction":[{"@type":"SearchAction","target":{"@type":"EntryPoint","urlTemplate":"https:\/\/dev6.erresse-shop.it\/?s={search_term_string}"},"query-input":{"@type":"PropertyValueSpecification","valueRequired":true,"valueName":"search_term_string"}}],"inLanguage":"es"},{"@type":"Organization","@id":"https:\/\/dev6.erresse-shop.it\/#organization","name":"Erresse Shop","url":"https:\/\/dev6.erresse-shop.it\/","logo":{"@type":"ImageObject","inLanguage":"es","@id":"https:\/\/dev6.erresse-shop.it\/#\/schema\/logo\/image\/","url":"https:\/\/dev6.erresse-shop.it\/wp-content\/uploads\/2025\/01\/LOGO-ERRESSE-CLASSICO.svg","contentUrl":"https:\/\/dev6.erresse-shop.it\/wp-content\/uploads\/2025\/01\/LOGO-ERRESSE-CLASSICO.svg","caption":"Erresse Shop"},"image":{"@id":"https:\/\/dev6.erresse-shop.it\/#\/schema\/logo\/image\/"}}]}},"df_price":445,"df_sale_price":"","df_regular_price":445,"df_image_link":"https:\/\/i0.wp.com\/interpim.erresse-shop.it\/img-catalogo\/versace\/versace-home-vaso-prestige-gala-blu.jpg?resize=300,300&ssl=1","fifu_image_url":"https:\/\/interpim.erresse-shop.it\/img-catalogo\/versace\/versace-home-vaso-prestige-gala-blu.jpg","_links":{"self":[{"href":"https:\/\/dev6.erresse-shop.it\/es\/wp-json\/wp\/v2\/product\/1877636","targetHints":{"allow":["GET"]}}],"collection":[{"href":"https:\/\/dev6.erresse-shop.it\/es\/wp-json\/wp\/v2\/product"}],"about":[{"href":"https:\/\/dev6.erresse-shop.it\/es\/wp-json\/wp\/v2\/types\/product"}],"wp:featuredmedia":[{"embeddable":true,"href":"https:\/\/dev6.erresse-shop.it\/es\/wp-json\/wp\/v2\/media\/6352610"}],"wp:attachment":[{"href":"https:\/\/dev6.erresse-shop.it\/es\/wp-json\/wp\/v2\/media?parent=1877636"}],"wp:term":[{"taxonomy":"product_cat","embeddable":true,"href":"https:\/\/dev6.erresse-shop.it\/es\/wp-json\/wp\/v2\/product_cat?post=1877636"},{"taxonomy":"product_tag","embeddable":true,"href":"https:\/\/dev6.erresse-shop.it\/es\/wp-json\/wp\/v2\/product_tag?post=1877636"}],"curies":[{"name":"wp","href":"https:\/\/api.w.org\/{rel}","templated":true}]}}