{"id":1877582,"date":"2026-04-04T08:39:30","date_gmt":"2026-04-04T06:39:30","guid":{"rendered":"https:\/\/dev6.erresse-shop.it\/shop\/sin%20categor\u00eda\/maserin-champagne-sommelier-sable-bobinga\/"},"modified":"2025-07-04T21:35:46","modified_gmt":"2025-07-04T19:35:46","slug":"maserin-champagne-sommelier-sable-bobinga","status":"publish","type":"product","link":"https:\/\/dev6.erresse-shop.it\/es\/shop\/cocina\/cuchillos\/sabres\/maserin-champagne-sommelier-sable-bobinga\/","title":{"rendered":"MASERIN Champagne Sommelier Sable Bobinga"},"content":{"rendered":"<p>Se entrega con caja de madera, garant\u00eda y manual de uso.<br \/>\nNotas: El sable no est\u00e1 afilado y est\u00e1 dise\u00f1ado para abrir botellas de burbujas y champ\u00e1n.<\/p>\n<p>DESCRIPCI\u00d3N DE LA FICHA T\u00c9CNICA<\/p>\n<p>Material de la hoja: Acero inoxidable 420 pulido a espejo HRC 54\/56<br \/>\nProtecci\u00f3n: Acero inoxidable AISI 420<br \/>\nMango: Oliva, Pao santos<br \/>\nLongitud total: 47 cm<br \/>\nEmbalaje: Caja de madera<br \/>\nPeso: 2000SC11\/12 : 500gr<\/p>\n<p>Hemos obtenido las certificaciones NCAGE AJ988 de la OTAN y UNI EN ISO 9001:2008.<\/p>\n","protected":false},"excerpt":{"rendered":"<p>Se entrega con caja de madera, garant\u00eda y manual de uso. Notas: El sable no est\u00e1 afilado y est\u00e1 dise\u00f1ado para abrir botellas de burbujas y champ\u00e1n. DESCRIPCI\u00d3N DE LA FICHA T\u00c9CNICA Material de la hoja: Acero inoxidable 420 pulido a espejo HRC 54\/56 Protecci\u00f3n: Acero inoxidable AISI 420 Mango: Oliva, Pao santos Longitud total: [&hellip;]<\/p>\n","protected":false},"featured_media":6268990,"template":"","meta":{"_acf_changed":false},"product_cat":[11884,11669,11885,11928],"product_tag":[],"class_list":{"0":"post-1877582","1":"product","2":"type-product","3":"status-publish","4":"has-post-thumbnail","6":"product_cat-cocina","7":"product_cat-coltelli","8":"product_cat-cuchillos","9":"product_cat-sabres","11":"first","12":"outofstock","13":"taxable","14":"shipping-taxable","15":"product-type-simple","swatches":"rey-swatches","show_selected":"","stretch_labels":"rey-swatches--stretch-labels"},"acf":[],"yoast_head":"<!-- This site is optimized with the Yoast SEO plugin v25.4 - https:\/\/yoast.com\/wordpress\/plugins\/seo\/ -->\n<title>MASERIN Champagne Sommelier Sable Bobinga - dev6 Erresse<\/title>\n<meta name=\"description\" content=\"Se entrega con caja de madera, garant\u00eda y manual de uso. Notas: El sable no est\u00e1 afilado y est\u00e1 dise\u00f1ado para abrir botellas de burbujas y champ\u00e1n.\" \/>\n<meta name=\"robots\" content=\"noindex, follow, max-snippet:-1, max-image-preview:large, max-video-preview:-1\" \/>\n<meta property=\"og:locale\" content=\"es_ES\" \/>\n<meta property=\"og:type\" content=\"article\" \/>\n<meta property=\"og:title\" content=\"MASERIN Champagne Sommelier Sable Bobinga - dev6 Erresse\" \/>\n<meta property=\"og:description\" content=\"Se entrega con caja de madera, garant\u00eda y manual de uso. Notas: El sable no est\u00e1 afilado y est\u00e1 dise\u00f1ado para abrir botellas de burbujas y champ\u00e1n.\" \/>\n<meta property=\"og:url\" content=\"https:\/\/dev6.erresse-shop.it\/es\/shop\/cocina\/cuchillos\/sabres\/maserin-champagne-sommelier-sable-bobinga\/\" \/>\n<meta property=\"og:site_name\" content=\"dev6 Erresse\" \/>\n<meta property=\"og:image\" content=\"https:\/\/interpim.erresse-shop.it\/Import\/Prodotti\/maserin-sciabola-sommelier-champagne-mc-bobinga.jpg\" \/><meta property=\"og:image\" content=\"https:\/\/interpim.erresse-shop.it\/Import\/Prodotti\/maserin-sciabola-sommelier-champagne-mc-bobinga.jpg\" \/>\n\t<meta property=\"og:image:width\" content=\"1024\" \/>\n\t<meta property=\"og:image:height\" content=\"1024\" \/>\n\t<meta property=\"og:image:type\" content=\"image\/jpeg\" \/>\n<meta name=\"twitter:card\" content=\"summary_large_image\" \/>\n<meta name=\"twitter:image\" content=\"https:\/\/interpim.erresse-shop.it\/Import\/Prodotti\/maserin-sciabola-sommelier-champagne-mc-bobinga.jpg\" \/>\n<script type=\"application\/ld+json\" class=\"yoast-schema-graph\">{\"@context\":\"https:\/\/schema.org\",\"@graph\":[{\"@type\":\"WebPage\",\"@id\":\"https:\/\/dev6.erresse-shop.it\/es\/shop\/cocina\/cuchillos\/sabres\/maserin-champagne-sommelier-sable-bobinga\/\",\"url\":\"https:\/\/dev6.erresse-shop.it\/es\/shop\/cocina\/cuchillos\/sabres\/maserin-champagne-sommelier-sable-bobinga\/\",\"name\":\"MASERIN Champagne Sommelier Sable Bobinga - dev6 Erresse\",\"isPartOf\":{\"@id\":\"https:\/\/dev6.erresse-shop.it\/#website\"},\"primaryImageOfPage\":{\"@id\":\"https:\/\/dev6.erresse-shop.it\/es\/shop\/cocina\/cuchillos\/sabres\/maserin-champagne-sommelier-sable-bobinga\/#primaryimage\"},\"image\":{\"@id\":\"https:\/\/dev6.erresse-shop.it\/es\/shop\/cocina\/cuchillos\/sabres\/maserin-champagne-sommelier-sable-bobinga\/#primaryimage\"},\"thumbnailUrl\":\"https:\/\/i2.wp.com\/interpim.erresse-shop.it\/Import\/Prodotti\/maserin-sciabola-sommelier-champagne-mc-bobinga.jpg?ssl=1\",\"datePublished\":\"2026-04-04T06:39:30+00:00\",\"description\":\"Se entrega con caja de madera, garant\u00eda y manual de uso. Notas: El sable no est\u00e1 afilado y est\u00e1 dise\u00f1ado para abrir botellas de burbujas y champ\u00e1n.\",\"breadcrumb\":{\"@id\":\"https:\/\/dev6.erresse-shop.it\/es\/shop\/cocina\/cuchillos\/sabres\/maserin-champagne-sommelier-sable-bobinga\/#breadcrumb\"},\"inLanguage\":\"es\",\"potentialAction\":[{\"@type\":\"ReadAction\",\"target\":[\"https:\/\/dev6.erresse-shop.it\/es\/shop\/cocina\/cuchillos\/sabres\/maserin-champagne-sommelier-sable-bobinga\/\"]}]},{\"@type\":\"ImageObject\",\"inLanguage\":\"es\",\"@id\":\"https:\/\/dev6.erresse-shop.it\/es\/shop\/cocina\/cuchillos\/sabres\/maserin-champagne-sommelier-sable-bobinga\/#primaryimage\",\"url\":\"https:\/\/i2.wp.com\/interpim.erresse-shop.it\/Import\/Prodotti\/maserin-sciabola-sommelier-champagne-mc-bobinga.jpg?ssl=1\",\"contentUrl\":\"https:\/\/i2.wp.com\/interpim.erresse-shop.it\/Import\/Prodotti\/maserin-sciabola-sommelier-champagne-mc-bobinga.jpg?ssl=1\"},{\"@type\":\"BreadcrumbList\",\"@id\":\"https:\/\/dev6.erresse-shop.it\/es\/shop\/cocina\/cuchillos\/sabres\/maserin-champagne-sommelier-sable-bobinga\/#breadcrumb\",\"itemListElement\":[{\"@type\":\"ListItem\",\"position\":1,\"name\":\"Home\",\"item\":\"https:\/\/dev6.erresse-shop.it\/\"},{\"@type\":\"ListItem\",\"position\":2,\"name\":\"Tienda\",\"item\":\"https:\/\/dev6.erresse-shop.it\/shop\/\"},{\"@type\":\"ListItem\",\"position\":3,\"name\":\"MASERIN Champagne Sommelier Sable Bobinga\"}]},{\"@type\":\"WebSite\",\"@id\":\"https:\/\/dev6.erresse-shop.it\/#website\",\"url\":\"https:\/\/dev6.erresse-shop.it\/\",\"name\":\"Erresse Shop\",\"description\":\"\",\"publisher\":{\"@id\":\"https:\/\/dev6.erresse-shop.it\/#organization\"},\"potentialAction\":[{\"@type\":\"SearchAction\",\"target\":{\"@type\":\"EntryPoint\",\"urlTemplate\":\"https:\/\/dev6.erresse-shop.it\/?s={search_term_string}\"},\"query-input\":{\"@type\":\"PropertyValueSpecification\",\"valueRequired\":true,\"valueName\":\"search_term_string\"}}],\"inLanguage\":\"es\"},{\"@type\":\"Organization\",\"@id\":\"https:\/\/dev6.erresse-shop.it\/#organization\",\"name\":\"Erresse Shop\",\"url\":\"https:\/\/dev6.erresse-shop.it\/\",\"logo\":{\"@type\":\"ImageObject\",\"inLanguage\":\"es\",\"@id\":\"https:\/\/dev6.erresse-shop.it\/#\/schema\/logo\/image\/\",\"url\":\"https:\/\/dev6.erresse-shop.it\/wp-content\/uploads\/2025\/01\/LOGO-ERRESSE-CLASSICO.svg\",\"contentUrl\":\"https:\/\/dev6.erresse-shop.it\/wp-content\/uploads\/2025\/01\/LOGO-ERRESSE-CLASSICO.svg\",\"caption\":\"Erresse Shop\"},\"image\":{\"@id\":\"https:\/\/dev6.erresse-shop.it\/#\/schema\/logo\/image\/\"}}]}<\/script>\n<!-- \/ Yoast SEO plugin. -->","yoast_head_json":{"title":"MASERIN Champagne Sommelier Sable Bobinga - dev6 Erresse","description":"Se entrega con caja de madera, garant\u00eda y manual de uso. Notas: El sable no est\u00e1 afilado y est\u00e1 dise\u00f1ado para abrir botellas de burbujas y champ\u00e1n.","robots":{"index":"noindex","follow":"follow","max-snippet":"max-snippet:-1","max-image-preview":"max-image-preview:large","max-video-preview":"max-video-preview:-1"},"og_locale":"es_ES","og_type":"article","og_title":"MASERIN Champagne Sommelier Sable Bobinga - dev6 Erresse","og_description":"Se entrega con caja de madera, garant\u00eda y manual de uso. Notas: El sable no est\u00e1 afilado y est\u00e1 dise\u00f1ado para abrir botellas de burbujas y champ\u00e1n.","og_url":"https:\/\/dev6.erresse-shop.it\/es\/shop\/cocina\/cuchillos\/sabres\/maserin-champagne-sommelier-sable-bobinga\/","og_site_name":"dev6 Erresse","og_image":[{"url":"https:\/\/interpim.erresse-shop.it\/Import\/Prodotti\/maserin-sciabola-sommelier-champagne-mc-bobinga.jpg","type":"","width":"","height":""},{"url":"https:\/\/interpim.erresse-shop.it\/Import\/Prodotti\/maserin-sciabola-sommelier-champagne-mc-bobinga.jpg","width":1024,"height":1024,"type":"image\/jpeg"}],"twitter_card":"summary_large_image","twitter_image":"https:\/\/interpim.erresse-shop.it\/Import\/Prodotti\/maserin-sciabola-sommelier-champagne-mc-bobinga.jpg","schema":{"@context":"https:\/\/schema.org","@graph":[{"@type":"WebPage","@id":"https:\/\/dev6.erresse-shop.it\/es\/shop\/cocina\/cuchillos\/sabres\/maserin-champagne-sommelier-sable-bobinga\/","url":"https:\/\/dev6.erresse-shop.it\/es\/shop\/cocina\/cuchillos\/sabres\/maserin-champagne-sommelier-sable-bobinga\/","name":"MASERIN Champagne Sommelier Sable Bobinga - dev6 Erresse","isPartOf":{"@id":"https:\/\/dev6.erresse-shop.it\/#website"},"primaryImageOfPage":{"@id":"https:\/\/dev6.erresse-shop.it\/es\/shop\/cocina\/cuchillos\/sabres\/maserin-champagne-sommelier-sable-bobinga\/#primaryimage"},"image":{"@id":"https:\/\/dev6.erresse-shop.it\/es\/shop\/cocina\/cuchillos\/sabres\/maserin-champagne-sommelier-sable-bobinga\/#primaryimage"},"thumbnailUrl":"https:\/\/i2.wp.com\/interpim.erresse-shop.it\/Import\/Prodotti\/maserin-sciabola-sommelier-champagne-mc-bobinga.jpg?ssl=1","datePublished":"2026-04-04T06:39:30+00:00","description":"Se entrega con caja de madera, garant\u00eda y manual de uso. Notas: El sable no est\u00e1 afilado y est\u00e1 dise\u00f1ado para abrir botellas de burbujas y champ\u00e1n.","breadcrumb":{"@id":"https:\/\/dev6.erresse-shop.it\/es\/shop\/cocina\/cuchillos\/sabres\/maserin-champagne-sommelier-sable-bobinga\/#breadcrumb"},"inLanguage":"es","potentialAction":[{"@type":"ReadAction","target":["https:\/\/dev6.erresse-shop.it\/es\/shop\/cocina\/cuchillos\/sabres\/maserin-champagne-sommelier-sable-bobinga\/"]}]},{"@type":"ImageObject","inLanguage":"es","@id":"https:\/\/dev6.erresse-shop.it\/es\/shop\/cocina\/cuchillos\/sabres\/maserin-champagne-sommelier-sable-bobinga\/#primaryimage","url":"https:\/\/i2.wp.com\/interpim.erresse-shop.it\/Import\/Prodotti\/maserin-sciabola-sommelier-champagne-mc-bobinga.jpg?ssl=1","contentUrl":"https:\/\/i2.wp.com\/interpim.erresse-shop.it\/Import\/Prodotti\/maserin-sciabola-sommelier-champagne-mc-bobinga.jpg?ssl=1"},{"@type":"BreadcrumbList","@id":"https:\/\/dev6.erresse-shop.it\/es\/shop\/cocina\/cuchillos\/sabres\/maserin-champagne-sommelier-sable-bobinga\/#breadcrumb","itemListElement":[{"@type":"ListItem","position":1,"name":"Home","item":"https:\/\/dev6.erresse-shop.it\/"},{"@type":"ListItem","position":2,"name":"Tienda","item":"https:\/\/dev6.erresse-shop.it\/shop\/"},{"@type":"ListItem","position":3,"name":"MASERIN Champagne Sommelier Sable Bobinga"}]},{"@type":"WebSite","@id":"https:\/\/dev6.erresse-shop.it\/#website","url":"https:\/\/dev6.erresse-shop.it\/","name":"Erresse Shop","description":"","publisher":{"@id":"https:\/\/dev6.erresse-shop.it\/#organization"},"potentialAction":[{"@type":"SearchAction","target":{"@type":"EntryPoint","urlTemplate":"https:\/\/dev6.erresse-shop.it\/?s={search_term_string}"},"query-input":{"@type":"PropertyValueSpecification","valueRequired":true,"valueName":"search_term_string"}}],"inLanguage":"es"},{"@type":"Organization","@id":"https:\/\/dev6.erresse-shop.it\/#organization","name":"Erresse Shop","url":"https:\/\/dev6.erresse-shop.it\/","logo":{"@type":"ImageObject","inLanguage":"es","@id":"https:\/\/dev6.erresse-shop.it\/#\/schema\/logo\/image\/","url":"https:\/\/dev6.erresse-shop.it\/wp-content\/uploads\/2025\/01\/LOGO-ERRESSE-CLASSICO.svg","contentUrl":"https:\/\/dev6.erresse-shop.it\/wp-content\/uploads\/2025\/01\/LOGO-ERRESSE-CLASSICO.svg","caption":"Erresse Shop"},"image":{"@id":"https:\/\/dev6.erresse-shop.it\/#\/schema\/logo\/image\/"}}]}},"df_price":"","df_sale_price":"","df_regular_price":"","df_image_link":"https:\/\/i2.wp.com\/interpim.erresse-shop.it\/Import\/Prodotti\/maserin-sciabola-sommelier-champagne-mc-bobinga.jpg?resize=300,300&ssl=1","fifu_image_url":"https:\/\/interpim.erresse-shop.it\/Import\/Prodotti\/maserin-sciabola-sommelier-champagne-mc-bobinga.jpg","_links":{"self":[{"href":"https:\/\/dev6.erresse-shop.it\/es\/wp-json\/wp\/v2\/product\/1877582","targetHints":{"allow":["GET"]}}],"collection":[{"href":"https:\/\/dev6.erresse-shop.it\/es\/wp-json\/wp\/v2\/product"}],"about":[{"href":"https:\/\/dev6.erresse-shop.it\/es\/wp-json\/wp\/v2\/types\/product"}],"wp:featuredmedia":[{"embeddable":true,"href":"https:\/\/dev6.erresse-shop.it\/es\/wp-json\/wp\/v2\/media\/6268990"}],"wp:attachment":[{"href":"https:\/\/dev6.erresse-shop.it\/es\/wp-json\/wp\/v2\/media?parent=1877582"}],"wp:term":[{"taxonomy":"product_cat","embeddable":true,"href":"https:\/\/dev6.erresse-shop.it\/es\/wp-json\/wp\/v2\/product_cat?post=1877582"},{"taxonomy":"product_tag","embeddable":true,"href":"https:\/\/dev6.erresse-shop.it\/es\/wp-json\/wp\/v2\/product_tag?post=1877582"}],"curies":[{"name":"wp","href":"https:\/\/api.w.org\/{rel}","templated":true}]}}