{"id":1877562,"date":"2026-05-04T02:08:00","date_gmt":"2026-05-04T00:08:00","guid":{"rendered":"https:\/\/dev6.erresse-shop.it\/shop\/sin%20categor\u00eda\/seletti-guiltless-taza-de-te-tarin-rumina\/"},"modified":"2026-05-04T02:08:06","modified_gmt":"2026-05-04T00:08:06","slug":"seletti-guiltless-taza-de-te-tarin-rumina","status":"publish","type":"product","link":"https:\/\/dev6.erresse-shop.it\/es\/shop\/tabla\/tazas\/seletti-guiltless-taza-de-te-tarin-rumina\/","title":{"rendered":"SELETTI Guiltless Taza de T\u00e9 Tarin Rumina"},"content":{"rendered":"<p>Guiltless, es algo m\u00e1s que una taza de t\u00e9; es la elegancia de la seducci\u00f3n; es el deseo de conquistar, no de ganar. Un incre\u00edble retrato de la vida cotidiana representado en el fondo de una taza de t\u00e9.<br \/>\nTaza de t\u00e9 con platillo y cuchara<\/p>\n<p>DISE\u00d1O: Tarin<br \/>\nMaterial: porcelana<br \/>\nMedidas: 5,8x10cm<\/p>\n","protected":false},"excerpt":{"rendered":"<p>Guiltless, es algo m\u00e1s que una taza de t\u00e9; es la elegancia de la seducci\u00f3n; es el deseo de conquistar, no de ganar. Un incre\u00edble retrato de la vida cotidiana representado en el fondo de una taza de t\u00e9. Taza de t\u00e9 con platillo y cuchara DISE\u00d1O: Tarin Material: porcelana Medidas: 5,8x10cm<\/p>\n","protected":false},"featured_media":6352188,"template":"","meta":{"_acf_changed":false},"product_cat":[11887,11671,11905],"product_tag":[],"class_list":{"0":"post-1877562","1":"product","2":"type-product","3":"status-publish","4":"has-post-thumbnail","6":"product_cat-tabla","7":"product_cat-tavola","8":"product_cat-tazas","10":"first","11":"outofstock","12":"taxable","13":"shipping-taxable","14":"product-type-simple","swatches":"rey-swatches","show_selected":"","stretch_labels":"rey-swatches--stretch-labels"},"acf":[],"yoast_head":"<!-- This site is optimized with the Yoast SEO plugin v25.4 - https:\/\/yoast.com\/wordpress\/plugins\/seo\/ -->\n<title>SELETTI Guiltless Taza de T\u00e9 Tarin Rumina - dev6 Erresse<\/title>\n<meta name=\"description\" content=\"Guiltless, es algo m\u00e1s que una taza de t\u00e9; es la elegancia de la seducci\u00f3n; es el deseo de conquistar, no de ganar. Un incre\u00edble retrato de la vida\" \/>\n<meta name=\"robots\" content=\"noindex, follow, max-snippet:-1, max-image-preview:large, max-video-preview:-1\" \/>\n<meta property=\"og:locale\" content=\"es_ES\" \/>\n<meta property=\"og:type\" content=\"article\" \/>\n<meta property=\"og:title\" content=\"SELETTI Guiltless Taza de T\u00e9 Tarin Rumina - dev6 Erresse\" \/>\n<meta property=\"og:description\" content=\"Guiltless, es algo m\u00e1s que una taza de t\u00e9; es la elegancia de la seducci\u00f3n; es el deseo de conquistar, no de ganar. Un incre\u00edble retrato de la vida\" \/>\n<meta property=\"og:url\" content=\"https:\/\/dev6.erresse-shop.it\/es\/shop\/tabla\/tazas\/seletti-guiltless-taza-de-te-tarin-rumina\/\" \/>\n<meta property=\"og:site_name\" content=\"dev6 Erresse\" \/>\n<meta property=\"article:modified_time\" content=\"2026-05-04T00:08:06+00:00\" \/>\n<meta property=\"og:image\" content=\"https:\/\/i2.wp.com\/interpim.erresse-shop.it\/img-catalogo\/seletti\/seletti-guiltless-tazza-da-te-tarin-rumina.jpg?resize=1024,1024&ssl=1\" \/>\n\t<meta property=\"og:image:width\" content=\"1024\" \/>\n\t<meta property=\"og:image:height\" content=\"1024\" \/>\n\t<meta property=\"og:image:type\" content=\"image\/jpeg\" \/>\n<meta name=\"twitter:card\" content=\"summary_large_image\" \/>\n<script type=\"application\/ld+json\" class=\"yoast-schema-graph\">{\"@context\":\"https:\/\/schema.org\",\"@graph\":[{\"@type\":\"WebPage\",\"@id\":\"https:\/\/dev6.erresse-shop.it\/es\/shop\/tabla\/tazas\/seletti-guiltless-taza-de-te-tarin-rumina\/\",\"url\":\"https:\/\/dev6.erresse-shop.it\/es\/shop\/tabla\/tazas\/seletti-guiltless-taza-de-te-tarin-rumina\/\",\"name\":\"SELETTI Guiltless Taza de T\u00e9 Tarin Rumina - dev6 Erresse\",\"isPartOf\":{\"@id\":\"https:\/\/dev6.erresse-shop.it\/#website\"},\"primaryImageOfPage\":{\"@id\":\"https:\/\/dev6.erresse-shop.it\/es\/shop\/tabla\/tazas\/seletti-guiltless-taza-de-te-tarin-rumina\/#primaryimage\"},\"image\":{\"@id\":\"https:\/\/dev6.erresse-shop.it\/es\/shop\/tabla\/tazas\/seletti-guiltless-taza-de-te-tarin-rumina\/#primaryimage\"},\"thumbnailUrl\":\"https:\/\/i2.wp.com\/interpim.erresse-shop.it\/img-catalogo\/seletti\/seletti-guiltless-tazza-da-te-tarin-rumina.jpg?ssl=1\",\"datePublished\":\"2026-05-04T00:08:00+00:00\",\"dateModified\":\"2026-05-04T00:08:06+00:00\",\"description\":\"Guiltless, es algo m\u00e1s que una taza de t\u00e9; es la elegancia de la seducci\u00f3n; es el deseo de conquistar, no de ganar. Un incre\u00edble retrato de la vida\",\"breadcrumb\":{\"@id\":\"https:\/\/dev6.erresse-shop.it\/es\/shop\/tabla\/tazas\/seletti-guiltless-taza-de-te-tarin-rumina\/#breadcrumb\"},\"inLanguage\":\"es\",\"potentialAction\":[{\"@type\":\"ReadAction\",\"target\":[\"https:\/\/dev6.erresse-shop.it\/es\/shop\/tabla\/tazas\/seletti-guiltless-taza-de-te-tarin-rumina\/\"]}]},{\"@type\":\"ImageObject\",\"inLanguage\":\"es\",\"@id\":\"https:\/\/dev6.erresse-shop.it\/es\/shop\/tabla\/tazas\/seletti-guiltless-taza-de-te-tarin-rumina\/#primaryimage\",\"url\":\"https:\/\/i2.wp.com\/interpim.erresse-shop.it\/img-catalogo\/seletti\/seletti-guiltless-tazza-da-te-tarin-rumina.jpg?ssl=1\",\"contentUrl\":\"https:\/\/i2.wp.com\/interpim.erresse-shop.it\/img-catalogo\/seletti\/seletti-guiltless-tazza-da-te-tarin-rumina.jpg?ssl=1\"},{\"@type\":\"BreadcrumbList\",\"@id\":\"https:\/\/dev6.erresse-shop.it\/es\/shop\/tabla\/tazas\/seletti-guiltless-taza-de-te-tarin-rumina\/#breadcrumb\",\"itemListElement\":[{\"@type\":\"ListItem\",\"position\":1,\"name\":\"Home\",\"item\":\"https:\/\/dev6.erresse-shop.it\/\"},{\"@type\":\"ListItem\",\"position\":2,\"name\":\"Tienda\",\"item\":\"https:\/\/dev6.erresse-shop.it\/shop\/\"},{\"@type\":\"ListItem\",\"position\":3,\"name\":\"SELETTI Guiltless Taza de T\u00e9 Tarin Rumina\"}]},{\"@type\":\"WebSite\",\"@id\":\"https:\/\/dev6.erresse-shop.it\/#website\",\"url\":\"https:\/\/dev6.erresse-shop.it\/\",\"name\":\"Erresse Shop\",\"description\":\"\",\"publisher\":{\"@id\":\"https:\/\/dev6.erresse-shop.it\/#organization\"},\"potentialAction\":[{\"@type\":\"SearchAction\",\"target\":{\"@type\":\"EntryPoint\",\"urlTemplate\":\"https:\/\/dev6.erresse-shop.it\/?s={search_term_string}\"},\"query-input\":{\"@type\":\"PropertyValueSpecification\",\"valueRequired\":true,\"valueName\":\"search_term_string\"}}],\"inLanguage\":\"es\"},{\"@type\":\"Organization\",\"@id\":\"https:\/\/dev6.erresse-shop.it\/#organization\",\"name\":\"Erresse Shop\",\"url\":\"https:\/\/dev6.erresse-shop.it\/\",\"logo\":{\"@type\":\"ImageObject\",\"inLanguage\":\"es\",\"@id\":\"https:\/\/dev6.erresse-shop.it\/#\/schema\/logo\/image\/\",\"url\":\"https:\/\/dev6.erresse-shop.it\/wp-content\/uploads\/2025\/01\/LOGO-ERRESSE-CLASSICO.svg\",\"contentUrl\":\"https:\/\/dev6.erresse-shop.it\/wp-content\/uploads\/2025\/01\/LOGO-ERRESSE-CLASSICO.svg\",\"caption\":\"Erresse Shop\"},\"image\":{\"@id\":\"https:\/\/dev6.erresse-shop.it\/#\/schema\/logo\/image\/\"}}]}<\/script>\n<!-- \/ Yoast SEO plugin. -->","yoast_head_json":{"title":"SELETTI Guiltless Taza de T\u00e9 Tarin Rumina - dev6 Erresse","description":"Guiltless, es algo m\u00e1s que una taza de t\u00e9; es la elegancia de la seducci\u00f3n; es el deseo de conquistar, no de ganar. Un incre\u00edble retrato de la vida","robots":{"index":"noindex","follow":"follow","max-snippet":"max-snippet:-1","max-image-preview":"max-image-preview:large","max-video-preview":"max-video-preview:-1"},"og_locale":"es_ES","og_type":"article","og_title":"SELETTI Guiltless Taza de T\u00e9 Tarin Rumina - dev6 Erresse","og_description":"Guiltless, es algo m\u00e1s que una taza de t\u00e9; es la elegancia de la seducci\u00f3n; es el deseo de conquistar, no de ganar. Un incre\u00edble retrato de la vida","og_url":"https:\/\/dev6.erresse-shop.it\/es\/shop\/tabla\/tazas\/seletti-guiltless-taza-de-te-tarin-rumina\/","og_site_name":"dev6 Erresse","article_modified_time":"2026-05-04T00:08:06+00:00","og_image":[{"url":"https:\/\/i2.wp.com\/interpim.erresse-shop.it\/img-catalogo\/seletti\/seletti-guiltless-tazza-da-te-tarin-rumina.jpg?resize=1024,1024&ssl=1","width":1024,"height":1024,"type":"image\/jpeg"}],"twitter_card":"summary_large_image","schema":{"@context":"https:\/\/schema.org","@graph":[{"@type":"WebPage","@id":"https:\/\/dev6.erresse-shop.it\/es\/shop\/tabla\/tazas\/seletti-guiltless-taza-de-te-tarin-rumina\/","url":"https:\/\/dev6.erresse-shop.it\/es\/shop\/tabla\/tazas\/seletti-guiltless-taza-de-te-tarin-rumina\/","name":"SELETTI Guiltless Taza de T\u00e9 Tarin Rumina - dev6 Erresse","isPartOf":{"@id":"https:\/\/dev6.erresse-shop.it\/#website"},"primaryImageOfPage":{"@id":"https:\/\/dev6.erresse-shop.it\/es\/shop\/tabla\/tazas\/seletti-guiltless-taza-de-te-tarin-rumina\/#primaryimage"},"image":{"@id":"https:\/\/dev6.erresse-shop.it\/es\/shop\/tabla\/tazas\/seletti-guiltless-taza-de-te-tarin-rumina\/#primaryimage"},"thumbnailUrl":"https:\/\/i2.wp.com\/interpim.erresse-shop.it\/img-catalogo\/seletti\/seletti-guiltless-tazza-da-te-tarin-rumina.jpg?ssl=1","datePublished":"2026-05-04T00:08:00+00:00","dateModified":"2026-05-04T00:08:06+00:00","description":"Guiltless, es algo m\u00e1s que una taza de t\u00e9; es la elegancia de la seducci\u00f3n; es el deseo de conquistar, no de ganar. Un incre\u00edble retrato de la vida","breadcrumb":{"@id":"https:\/\/dev6.erresse-shop.it\/es\/shop\/tabla\/tazas\/seletti-guiltless-taza-de-te-tarin-rumina\/#breadcrumb"},"inLanguage":"es","potentialAction":[{"@type":"ReadAction","target":["https:\/\/dev6.erresse-shop.it\/es\/shop\/tabla\/tazas\/seletti-guiltless-taza-de-te-tarin-rumina\/"]}]},{"@type":"ImageObject","inLanguage":"es","@id":"https:\/\/dev6.erresse-shop.it\/es\/shop\/tabla\/tazas\/seletti-guiltless-taza-de-te-tarin-rumina\/#primaryimage","url":"https:\/\/i2.wp.com\/interpim.erresse-shop.it\/img-catalogo\/seletti\/seletti-guiltless-tazza-da-te-tarin-rumina.jpg?ssl=1","contentUrl":"https:\/\/i2.wp.com\/interpim.erresse-shop.it\/img-catalogo\/seletti\/seletti-guiltless-tazza-da-te-tarin-rumina.jpg?ssl=1"},{"@type":"BreadcrumbList","@id":"https:\/\/dev6.erresse-shop.it\/es\/shop\/tabla\/tazas\/seletti-guiltless-taza-de-te-tarin-rumina\/#breadcrumb","itemListElement":[{"@type":"ListItem","position":1,"name":"Home","item":"https:\/\/dev6.erresse-shop.it\/"},{"@type":"ListItem","position":2,"name":"Tienda","item":"https:\/\/dev6.erresse-shop.it\/shop\/"},{"@type":"ListItem","position":3,"name":"SELETTI Guiltless Taza de T\u00e9 Tarin Rumina"}]},{"@type":"WebSite","@id":"https:\/\/dev6.erresse-shop.it\/#website","url":"https:\/\/dev6.erresse-shop.it\/","name":"Erresse Shop","description":"","publisher":{"@id":"https:\/\/dev6.erresse-shop.it\/#organization"},"potentialAction":[{"@type":"SearchAction","target":{"@type":"EntryPoint","urlTemplate":"https:\/\/dev6.erresse-shop.it\/?s={search_term_string}"},"query-input":{"@type":"PropertyValueSpecification","valueRequired":true,"valueName":"search_term_string"}}],"inLanguage":"es"},{"@type":"Organization","@id":"https:\/\/dev6.erresse-shop.it\/#organization","name":"Erresse Shop","url":"https:\/\/dev6.erresse-shop.it\/","logo":{"@type":"ImageObject","inLanguage":"es","@id":"https:\/\/dev6.erresse-shop.it\/#\/schema\/logo\/image\/","url":"https:\/\/dev6.erresse-shop.it\/wp-content\/uploads\/2025\/01\/LOGO-ERRESSE-CLASSICO.svg","contentUrl":"https:\/\/dev6.erresse-shop.it\/wp-content\/uploads\/2025\/01\/LOGO-ERRESSE-CLASSICO.svg","caption":"Erresse Shop"},"image":{"@id":"https:\/\/dev6.erresse-shop.it\/#\/schema\/logo\/image\/"}}]}},"df_price":"","df_sale_price":"","df_regular_price":"","df_image_link":"https:\/\/i2.wp.com\/interpim.erresse-shop.it\/img-catalogo\/seletti\/seletti-guiltless-tazza-da-te-tarin-rumina.jpg?resize=300,300&ssl=1","_links":{"self":[{"href":"https:\/\/dev6.erresse-shop.it\/es\/wp-json\/wp\/v2\/product\/1877562","targetHints":{"allow":["GET"]}}],"collection":[{"href":"https:\/\/dev6.erresse-shop.it\/es\/wp-json\/wp\/v2\/product"}],"about":[{"href":"https:\/\/dev6.erresse-shop.it\/es\/wp-json\/wp\/v2\/types\/product"}],"wp:featuredmedia":[{"embeddable":true,"href":"https:\/\/dev6.erresse-shop.it\/es\/wp-json\/wp\/v2\/media\/6352188"}],"wp:attachment":[{"href":"https:\/\/dev6.erresse-shop.it\/es\/wp-json\/wp\/v2\/media?parent=1877562"}],"wp:term":[{"taxonomy":"product_cat","embeddable":true,"href":"https:\/\/dev6.erresse-shop.it\/es\/wp-json\/wp\/v2\/product_cat?post=1877562"},{"taxonomy":"product_tag","embeddable":true,"href":"https:\/\/dev6.erresse-shop.it\/es\/wp-json\/wp\/v2\/product_tag?post=1877562"}],"curies":[{"name":"wp","href":"https:\/\/api.w.org\/{rel}","templated":true}]}}