{"id":1877518,"date":"2026-04-16T19:16:45","date_gmt":"2026-04-16T17:16:45","guid":{"rendered":"https:\/\/dev6.erresse-shop.it\/shop\/sin%20categor\u00eda\/venini-jarron-idria-rojo-h-36-cm\/"},"modified":"2025-07-04T21:34:26","modified_gmt":"2025-07-04T19:34:26","slug":"venini-jarron-idria-rojo-h-36-cm","status":"publish","type":"product","link":"https:\/\/dev6.erresse-shop.it\/es\/shop\/mobiliario\/jarrones\/venini-jarron-idria-rojo-h-36-cm\/","title":{"rendered":"VENINI Jarr\u00f3n Idria Rojo H 36 cm"},"content":{"rendered":"<p>El antiguo contenedor de agua griego es transformado de terracota a vidrio por Venini. En sus l\u00edneas habla de ritmos que ya no existen y los devuelve a la vida, revelando lo intemporal que es la belleza.<br \/>\nEl jarr\u00f3n Idria se inspira en el pasado, en las tradiciones, pero es de las creaciones m\u00e1s recientes, de 2016.<br \/>\nDel griego Hydria, el propio nombre recuerda el agua, que tradicionalmente se transportaba en este tipo de \u00e1nfora. En su forma, Hydria cuenta una historia que tiene el encanto de los antiguos rituales cotidianos.<br \/>\nSoplada y trabajada a mano mediante la t\u00e9cnica del Soffiato Opalino. Se obtiene superponiendo vidrio \u201clattimo\u201d con uno o varios vidrios finos transparentes y coloreados, lo que da como resultado espl\u00e9ndidos objetos de colores intensos y brillantes.<\/p>\n<p>OPALINO SOPLADO<br \/>\nEl vidrio opalino, soplado y trabajado a mano, se obtiene mediante la superposici\u00f3n de \u201clattimo\u201d con otros vidrios. La t\u00e9cnica se denomina as\u00ed porque los artesanos expanden y dan forma al vidrio soplando aire en una larga varilla met\u00e1lica conectada a \u00e9l, seg\u00fan la tradici\u00f3n milenaria de la fabricaci\u00f3n del vidrio. Esta antigua acci\u00f3n, combinada con la experiencia y habilidad de los maestros vidrieros, transforma el simple vidrio en verdaderas obras maestras art\u00edsticas, \u00fanicas en su g\u00e9nero.<\/p>\n","protected":false},"excerpt":{"rendered":"<p>El antiguo contenedor de agua griego es transformado de terracota a vidrio por Venini. En sus l\u00edneas habla de ritmos que ya no existen y los devuelve a la vida, revelando lo intemporal que es la belleza. El jarr\u00f3n Idria se inspira en el pasado, en las tradiciones, pero es de las creaciones m\u00e1s recientes, [&hellip;]<\/p>\n","protected":false},"featured_media":6491124,"template":"","meta":{"_acf_changed":false},"product_cat":[11666,11910,11882],"product_tag":[],"class_list":{"0":"post-1877518","1":"product","2":"type-product","3":"status-publish","4":"has-post-thumbnail","6":"product_cat-arredamento-casa","7":"product_cat-jarrones","8":"product_cat-mobiliario","10":"first","11":"outofstock","12":"taxable","13":"shipping-taxable","14":"purchasable","15":"product-type-simple","swatches":"rey-swatches","show_selected":"","stretch_labels":"rey-swatches--stretch-labels"},"acf":[],"yoast_head":"<!-- This site is optimized with the Yoast SEO plugin v25.4 - https:\/\/yoast.com\/wordpress\/plugins\/seo\/ -->\n<title>VENINI Jarr\u00f3n Idria Rojo H 36 cm - dev6 Erresse<\/title>\n<meta name=\"description\" content=\"El antiguo contenedor de agua griego es transformado de terracota a vidrio por Venini. En sus l\u00edneas habla de ritmos que ya no existen y los devuelve a la\" \/>\n<meta name=\"robots\" content=\"noindex, follow, max-snippet:-1, max-image-preview:large, max-video-preview:-1\" \/>\n<meta property=\"og:locale\" content=\"es_ES\" \/>\n<meta property=\"og:type\" content=\"article\" \/>\n<meta property=\"og:title\" content=\"VENINI Jarr\u00f3n Idria Rojo H 36 cm - dev6 Erresse\" \/>\n<meta property=\"og:description\" content=\"El antiguo contenedor de agua griego es transformado de terracota a vidrio por Venini. En sus l\u00edneas habla de ritmos que ya no existen y los devuelve a la\" \/>\n<meta property=\"og:url\" content=\"https:\/\/dev6.erresse-shop.it\/es\/shop\/mobiliario\/jarrones\/venini-jarron-idria-rojo-h-36-cm\/\" \/>\n<meta property=\"og:site_name\" content=\"dev6 Erresse\" \/>\n<meta property=\"og:image\" content=\"https:\/\/interpim.erresse-shop.it\/img-catalogo\/venini\/venini-vaso-idria-rosso.jpg\" \/><meta property=\"og:image\" content=\"https:\/\/interpim.erresse-shop.it\/img-catalogo\/venini\/venini-vaso-idria-rosso.jpg\" \/>\n\t<meta property=\"og:image:width\" content=\"1024\" \/>\n\t<meta property=\"og:image:height\" content=\"1024\" \/>\n\t<meta property=\"og:image:type\" content=\"image\/jpeg\" \/>\n<meta name=\"twitter:card\" content=\"summary_large_image\" \/>\n<meta name=\"twitter:image\" content=\"https:\/\/interpim.erresse-shop.it\/img-catalogo\/venini\/venini-vaso-idria-rosso.jpg\" \/>\n<script type=\"application\/ld+json\" class=\"yoast-schema-graph\">{\"@context\":\"https:\/\/schema.org\",\"@graph\":[{\"@type\":\"WebPage\",\"@id\":\"https:\/\/dev6.erresse-shop.it\/es\/shop\/mobiliario\/jarrones\/venini-jarron-idria-rojo-h-36-cm\/\",\"url\":\"https:\/\/dev6.erresse-shop.it\/es\/shop\/mobiliario\/jarrones\/venini-jarron-idria-rojo-h-36-cm\/\",\"name\":\"VENINI Jarr\u00f3n Idria Rojo H 36 cm - dev6 Erresse\",\"isPartOf\":{\"@id\":\"https:\/\/dev6.erresse-shop.it\/#website\"},\"primaryImageOfPage\":{\"@id\":\"https:\/\/dev6.erresse-shop.it\/es\/shop\/mobiliario\/jarrones\/venini-jarron-idria-rojo-h-36-cm\/#primaryimage\"},\"image\":{\"@id\":\"https:\/\/dev6.erresse-shop.it\/es\/shop\/mobiliario\/jarrones\/venini-jarron-idria-rojo-h-36-cm\/#primaryimage\"},\"thumbnailUrl\":\"https:\/\/i3.wp.com\/interpim.erresse-shop.it\/img-catalogo\/venini\/venini-vaso-idria-rosso.jpg?ssl=1\",\"datePublished\":\"2026-04-16T17:16:45+00:00\",\"description\":\"El antiguo contenedor de agua griego es transformado de terracota a vidrio por Venini. En sus l\u00edneas habla de ritmos que ya no existen y los devuelve a la\",\"breadcrumb\":{\"@id\":\"https:\/\/dev6.erresse-shop.it\/es\/shop\/mobiliario\/jarrones\/venini-jarron-idria-rojo-h-36-cm\/#breadcrumb\"},\"inLanguage\":\"es\",\"potentialAction\":[{\"@type\":\"ReadAction\",\"target\":[\"https:\/\/dev6.erresse-shop.it\/es\/shop\/mobiliario\/jarrones\/venini-jarron-idria-rojo-h-36-cm\/\"]}]},{\"@type\":\"ImageObject\",\"inLanguage\":\"es\",\"@id\":\"https:\/\/dev6.erresse-shop.it\/es\/shop\/mobiliario\/jarrones\/venini-jarron-idria-rojo-h-36-cm\/#primaryimage\",\"url\":\"https:\/\/i3.wp.com\/interpim.erresse-shop.it\/img-catalogo\/venini\/venini-vaso-idria-rosso.jpg?ssl=1\",\"contentUrl\":\"https:\/\/i3.wp.com\/interpim.erresse-shop.it\/img-catalogo\/venini\/venini-vaso-idria-rosso.jpg?ssl=1\"},{\"@type\":\"BreadcrumbList\",\"@id\":\"https:\/\/dev6.erresse-shop.it\/es\/shop\/mobiliario\/jarrones\/venini-jarron-idria-rojo-h-36-cm\/#breadcrumb\",\"itemListElement\":[{\"@type\":\"ListItem\",\"position\":1,\"name\":\"Home\",\"item\":\"https:\/\/dev6.erresse-shop.it\/\"},{\"@type\":\"ListItem\",\"position\":2,\"name\":\"Tienda\",\"item\":\"https:\/\/dev6.erresse-shop.it\/shop\/\"},{\"@type\":\"ListItem\",\"position\":3,\"name\":\"VENINI Jarr\u00f3n Idria Rojo H 36 cm\"}]},{\"@type\":\"WebSite\",\"@id\":\"https:\/\/dev6.erresse-shop.it\/#website\",\"url\":\"https:\/\/dev6.erresse-shop.it\/\",\"name\":\"Erresse Shop\",\"description\":\"\",\"publisher\":{\"@id\":\"https:\/\/dev6.erresse-shop.it\/#organization\"},\"potentialAction\":[{\"@type\":\"SearchAction\",\"target\":{\"@type\":\"EntryPoint\",\"urlTemplate\":\"https:\/\/dev6.erresse-shop.it\/?s={search_term_string}\"},\"query-input\":{\"@type\":\"PropertyValueSpecification\",\"valueRequired\":true,\"valueName\":\"search_term_string\"}}],\"inLanguage\":\"es\"},{\"@type\":\"Organization\",\"@id\":\"https:\/\/dev6.erresse-shop.it\/#organization\",\"name\":\"Erresse Shop\",\"url\":\"https:\/\/dev6.erresse-shop.it\/\",\"logo\":{\"@type\":\"ImageObject\",\"inLanguage\":\"es\",\"@id\":\"https:\/\/dev6.erresse-shop.it\/#\/schema\/logo\/image\/\",\"url\":\"https:\/\/dev6.erresse-shop.it\/wp-content\/uploads\/2025\/01\/LOGO-ERRESSE-CLASSICO.svg\",\"contentUrl\":\"https:\/\/dev6.erresse-shop.it\/wp-content\/uploads\/2025\/01\/LOGO-ERRESSE-CLASSICO.svg\",\"caption\":\"Erresse Shop\"},\"image\":{\"@id\":\"https:\/\/dev6.erresse-shop.it\/#\/schema\/logo\/image\/\"}}]}<\/script>\n<!-- \/ Yoast SEO plugin. -->","yoast_head_json":{"title":"VENINI Jarr\u00f3n Idria Rojo H 36 cm - dev6 Erresse","description":"El antiguo contenedor de agua griego es transformado de terracota a vidrio por Venini. En sus l\u00edneas habla de ritmos que ya no existen y los devuelve a la","robots":{"index":"noindex","follow":"follow","max-snippet":"max-snippet:-1","max-image-preview":"max-image-preview:large","max-video-preview":"max-video-preview:-1"},"og_locale":"es_ES","og_type":"article","og_title":"VENINI Jarr\u00f3n Idria Rojo H 36 cm - dev6 Erresse","og_description":"El antiguo contenedor de agua griego es transformado de terracota a vidrio por Venini. En sus l\u00edneas habla de ritmos que ya no existen y los devuelve a la","og_url":"https:\/\/dev6.erresse-shop.it\/es\/shop\/mobiliario\/jarrones\/venini-jarron-idria-rojo-h-36-cm\/","og_site_name":"dev6 Erresse","og_image":[{"url":"https:\/\/interpim.erresse-shop.it\/img-catalogo\/venini\/venini-vaso-idria-rosso.jpg","type":"","width":"","height":""},{"url":"https:\/\/interpim.erresse-shop.it\/img-catalogo\/venini\/venini-vaso-idria-rosso.jpg","width":1024,"height":1024,"type":"image\/jpeg"}],"twitter_card":"summary_large_image","twitter_image":"https:\/\/interpim.erresse-shop.it\/img-catalogo\/venini\/venini-vaso-idria-rosso.jpg","schema":{"@context":"https:\/\/schema.org","@graph":[{"@type":"WebPage","@id":"https:\/\/dev6.erresse-shop.it\/es\/shop\/mobiliario\/jarrones\/venini-jarron-idria-rojo-h-36-cm\/","url":"https:\/\/dev6.erresse-shop.it\/es\/shop\/mobiliario\/jarrones\/venini-jarron-idria-rojo-h-36-cm\/","name":"VENINI Jarr\u00f3n Idria Rojo H 36 cm - dev6 Erresse","isPartOf":{"@id":"https:\/\/dev6.erresse-shop.it\/#website"},"primaryImageOfPage":{"@id":"https:\/\/dev6.erresse-shop.it\/es\/shop\/mobiliario\/jarrones\/venini-jarron-idria-rojo-h-36-cm\/#primaryimage"},"image":{"@id":"https:\/\/dev6.erresse-shop.it\/es\/shop\/mobiliario\/jarrones\/venini-jarron-idria-rojo-h-36-cm\/#primaryimage"},"thumbnailUrl":"https:\/\/i3.wp.com\/interpim.erresse-shop.it\/img-catalogo\/venini\/venini-vaso-idria-rosso.jpg?ssl=1","datePublished":"2026-04-16T17:16:45+00:00","description":"El antiguo contenedor de agua griego es transformado de terracota a vidrio por Venini. En sus l\u00edneas habla de ritmos que ya no existen y los devuelve a la","breadcrumb":{"@id":"https:\/\/dev6.erresse-shop.it\/es\/shop\/mobiliario\/jarrones\/venini-jarron-idria-rojo-h-36-cm\/#breadcrumb"},"inLanguage":"es","potentialAction":[{"@type":"ReadAction","target":["https:\/\/dev6.erresse-shop.it\/es\/shop\/mobiliario\/jarrones\/venini-jarron-idria-rojo-h-36-cm\/"]}]},{"@type":"ImageObject","inLanguage":"es","@id":"https:\/\/dev6.erresse-shop.it\/es\/shop\/mobiliario\/jarrones\/venini-jarron-idria-rojo-h-36-cm\/#primaryimage","url":"https:\/\/i3.wp.com\/interpim.erresse-shop.it\/img-catalogo\/venini\/venini-vaso-idria-rosso.jpg?ssl=1","contentUrl":"https:\/\/i3.wp.com\/interpim.erresse-shop.it\/img-catalogo\/venini\/venini-vaso-idria-rosso.jpg?ssl=1"},{"@type":"BreadcrumbList","@id":"https:\/\/dev6.erresse-shop.it\/es\/shop\/mobiliario\/jarrones\/venini-jarron-idria-rojo-h-36-cm\/#breadcrumb","itemListElement":[{"@type":"ListItem","position":1,"name":"Home","item":"https:\/\/dev6.erresse-shop.it\/"},{"@type":"ListItem","position":2,"name":"Tienda","item":"https:\/\/dev6.erresse-shop.it\/shop\/"},{"@type":"ListItem","position":3,"name":"VENINI Jarr\u00f3n Idria Rojo H 36 cm"}]},{"@type":"WebSite","@id":"https:\/\/dev6.erresse-shop.it\/#website","url":"https:\/\/dev6.erresse-shop.it\/","name":"Erresse Shop","description":"","publisher":{"@id":"https:\/\/dev6.erresse-shop.it\/#organization"},"potentialAction":[{"@type":"SearchAction","target":{"@type":"EntryPoint","urlTemplate":"https:\/\/dev6.erresse-shop.it\/?s={search_term_string}"},"query-input":{"@type":"PropertyValueSpecification","valueRequired":true,"valueName":"search_term_string"}}],"inLanguage":"es"},{"@type":"Organization","@id":"https:\/\/dev6.erresse-shop.it\/#organization","name":"Erresse Shop","url":"https:\/\/dev6.erresse-shop.it\/","logo":{"@type":"ImageObject","inLanguage":"es","@id":"https:\/\/dev6.erresse-shop.it\/#\/schema\/logo\/image\/","url":"https:\/\/dev6.erresse-shop.it\/wp-content\/uploads\/2025\/01\/LOGO-ERRESSE-CLASSICO.svg","contentUrl":"https:\/\/dev6.erresse-shop.it\/wp-content\/uploads\/2025\/01\/LOGO-ERRESSE-CLASSICO.svg","caption":"Erresse Shop"},"image":{"@id":"https:\/\/dev6.erresse-shop.it\/#\/schema\/logo\/image\/"}}]}},"df_price":890,"df_sale_price":"","df_regular_price":890,"df_image_link":"https:\/\/i3.wp.com\/interpim.erresse-shop.it\/img-catalogo\/venini\/venini-vaso-idria-rosso.jpg?resize=300,300&ssl=1","fifu_image_url":"https:\/\/interpim.erresse-shop.it\/img-catalogo\/venini\/venini-vaso-idria-rosso.jpg","_links":{"self":[{"href":"https:\/\/dev6.erresse-shop.it\/es\/wp-json\/wp\/v2\/product\/1877518","targetHints":{"allow":["GET"]}}],"collection":[{"href":"https:\/\/dev6.erresse-shop.it\/es\/wp-json\/wp\/v2\/product"}],"about":[{"href":"https:\/\/dev6.erresse-shop.it\/es\/wp-json\/wp\/v2\/types\/product"}],"wp:featuredmedia":[{"embeddable":true,"href":"https:\/\/dev6.erresse-shop.it\/es\/wp-json\/wp\/v2\/media\/6491124"}],"wp:attachment":[{"href":"https:\/\/dev6.erresse-shop.it\/es\/wp-json\/wp\/v2\/media?parent=1877518"}],"wp:term":[{"taxonomy":"product_cat","embeddable":true,"href":"https:\/\/dev6.erresse-shop.it\/es\/wp-json\/wp\/v2\/product_cat?post=1877518"},{"taxonomy":"product_tag","embeddable":true,"href":"https:\/\/dev6.erresse-shop.it\/es\/wp-json\/wp\/v2\/product_tag?post=1877518"}],"curies":[{"name":"wp","href":"https:\/\/api.w.org\/{rel}","templated":true}]}}