{"id":1877510,"date":"2026-04-16T19:16:45","date_gmt":"2026-04-16T17:16:45","guid":{"rendered":"https:\/\/dev6.erresse-shop.it\/shop\/sin%20categor\u00eda\/venini-jarron-opalino-acquamare-h-42-cm\/"},"modified":"2025-07-04T21:34:16","modified_gmt":"2025-07-04T19:34:16","slug":"venini-jarron-opalino-acquamare-h-42-cm","status":"publish","type":"product","link":"https:\/\/dev6.erresse-shop.it\/es\/shop\/mobiliario\/jarrones\/venini-jarron-opalino-acquamare-h-42-cm\/","title":{"rendered":"VENINI Jarr\u00f3n Opalino Acquamare H 42 cm"},"content":{"rendered":"<p>El jarr\u00f3n Opalino naci\u00f3 en 1932 de la mente de Paolo Venini, tan gr\u00e1cil en el tono como en la forma.<br \/>\nUn viaje en el tiempo enlaza el siglo XV con el neoclasicismo del movimiento del siglo XX, hasta llegar a la creaci\u00f3n del jarr\u00f3n Opalino.<br \/>\nEs el descubrimiento de un nuevo orden de l\u00edneas esenciales y depuradas. Se presenta en colores refinados, hechos \u00fanicos por el antiguo y complejo trabajo del vidrio Lattimo, nacido en el siglo XV para imitar la porcelana y retomado por los experimentos del Horno.<\/p>\n<p>OPALINO SOPLADO<br \/>\nEl vidrio Opalino, soplado y trabajado a mano, se obtiene superponiendo el vidrio Lattimo a otros vidrios. La t\u00e9cnica se define as\u00ed porque los artesanos expanden y dan forma al vidrio soplando aire en una larga varilla met\u00e1lica conectada a \u00e9l, de acuerdo con la tradici\u00f3n milenaria de la fabricaci\u00f3n del vidrio. Esta antigua acci\u00f3n, combinada con la experiencia y habilidad de los maestros vidrieros, transforma el simple vidrio en verdaderas obras maestras art\u00edsticas, \u00fanicas en su g\u00e9nero.<\/p>\n","protected":false},"excerpt":{"rendered":"<p>El jarr\u00f3n Opalino naci\u00f3 en 1932 de la mente de Paolo Venini, tan gr\u00e1cil en el tono como en la forma. Un viaje en el tiempo enlaza el siglo XV con el neoclasicismo del movimiento del siglo XX, hasta llegar a la creaci\u00f3n del jarr\u00f3n Opalino. Es el descubrimiento de un nuevo orden de l\u00edneas [&hellip;]<\/p>\n","protected":false},"featured_media":6491120,"template":"","meta":{"_acf_changed":false},"product_cat":[11666,11910,11882],"product_tag":[],"class_list":{"0":"post-1877510","1":"product","2":"type-product","3":"status-publish","4":"has-post-thumbnail","6":"product_cat-arredamento-casa","7":"product_cat-jarrones","8":"product_cat-mobiliario","10":"first","11":"outofstock","12":"taxable","13":"shipping-taxable","14":"purchasable","15":"product-type-simple","swatches":"rey-swatches","show_selected":"","stretch_labels":"rey-swatches--stretch-labels"},"acf":[],"yoast_head":"<!-- This site is optimized with the Yoast SEO plugin v25.4 - https:\/\/yoast.com\/wordpress\/plugins\/seo\/ -->\n<title>VENINI Jarr\u00f3n Opalino Acquamare H 42 cm - dev6 Erresse<\/title>\n<meta name=\"description\" content=\"El jarr\u00f3n Opalino naci\u00f3 en 1932 de la mente de Paolo Venini, tan gr\u00e1cil en el tono como en la forma. Un viaje en el tiempo enlaza el siglo XV con el\" \/>\n<meta name=\"robots\" content=\"noindex, follow, max-snippet:-1, max-image-preview:large, max-video-preview:-1\" \/>\n<meta property=\"og:locale\" content=\"es_ES\" \/>\n<meta property=\"og:type\" content=\"article\" \/>\n<meta property=\"og:title\" content=\"VENINI Jarr\u00f3n Opalino Acquamare H 42 cm - dev6 Erresse\" \/>\n<meta property=\"og:description\" content=\"El jarr\u00f3n Opalino naci\u00f3 en 1932 de la mente de Paolo Venini, tan gr\u00e1cil en el tono como en la forma. Un viaje en el tiempo enlaza el siglo XV con el\" \/>\n<meta property=\"og:url\" content=\"https:\/\/dev6.erresse-shop.it\/es\/shop\/mobiliario\/jarrones\/venini-jarron-opalino-acquamare-h-42-cm\/\" \/>\n<meta property=\"og:site_name\" content=\"dev6 Erresse\" \/>\n<meta property=\"og:image\" content=\"https:\/\/interpim.erresse-shop.it\/img-catalogo\/venini\/venini-vaso-opalino-azzurro.jpg\" \/><meta property=\"og:image\" content=\"https:\/\/interpim.erresse-shop.it\/img-catalogo\/venini\/venini-vaso-opalino-azzurro.jpg\" \/>\n\t<meta property=\"og:image:width\" content=\"1024\" \/>\n\t<meta property=\"og:image:height\" content=\"1024\" \/>\n\t<meta property=\"og:image:type\" content=\"image\/jpeg\" \/>\n<meta name=\"twitter:card\" content=\"summary_large_image\" \/>\n<meta name=\"twitter:image\" content=\"https:\/\/interpim.erresse-shop.it\/img-catalogo\/venini\/venini-vaso-opalino-azzurro.jpg\" \/>\n<script type=\"application\/ld+json\" class=\"yoast-schema-graph\">{\"@context\":\"https:\/\/schema.org\",\"@graph\":[{\"@type\":\"WebPage\",\"@id\":\"https:\/\/dev6.erresse-shop.it\/es\/shop\/mobiliario\/jarrones\/venini-jarron-opalino-acquamare-h-42-cm\/\",\"url\":\"https:\/\/dev6.erresse-shop.it\/es\/shop\/mobiliario\/jarrones\/venini-jarron-opalino-acquamare-h-42-cm\/\",\"name\":\"VENINI Jarr\u00f3n Opalino Acquamare H 42 cm - dev6 Erresse\",\"isPartOf\":{\"@id\":\"https:\/\/dev6.erresse-shop.it\/#website\"},\"primaryImageOfPage\":{\"@id\":\"https:\/\/dev6.erresse-shop.it\/es\/shop\/mobiliario\/jarrones\/venini-jarron-opalino-acquamare-h-42-cm\/#primaryimage\"},\"image\":{\"@id\":\"https:\/\/dev6.erresse-shop.it\/es\/shop\/mobiliario\/jarrones\/venini-jarron-opalino-acquamare-h-42-cm\/#primaryimage\"},\"thumbnailUrl\":\"https:\/\/i2.wp.com\/interpim.erresse-shop.it\/img-catalogo\/venini\/venini-vaso-opalino-azzurro.jpg?ssl=1\",\"datePublished\":\"2026-04-16T17:16:45+00:00\",\"description\":\"El jarr\u00f3n Opalino naci\u00f3 en 1932 de la mente de Paolo Venini, tan gr\u00e1cil en el tono como en la forma. Un viaje en el tiempo enlaza el siglo XV con el\",\"breadcrumb\":{\"@id\":\"https:\/\/dev6.erresse-shop.it\/es\/shop\/mobiliario\/jarrones\/venini-jarron-opalino-acquamare-h-42-cm\/#breadcrumb\"},\"inLanguage\":\"es\",\"potentialAction\":[{\"@type\":\"ReadAction\",\"target\":[\"https:\/\/dev6.erresse-shop.it\/es\/shop\/mobiliario\/jarrones\/venini-jarron-opalino-acquamare-h-42-cm\/\"]}]},{\"@type\":\"ImageObject\",\"inLanguage\":\"es\",\"@id\":\"https:\/\/dev6.erresse-shop.it\/es\/shop\/mobiliario\/jarrones\/venini-jarron-opalino-acquamare-h-42-cm\/#primaryimage\",\"url\":\"https:\/\/i2.wp.com\/interpim.erresse-shop.it\/img-catalogo\/venini\/venini-vaso-opalino-azzurro.jpg?ssl=1\",\"contentUrl\":\"https:\/\/i2.wp.com\/interpim.erresse-shop.it\/img-catalogo\/venini\/venini-vaso-opalino-azzurro.jpg?ssl=1\"},{\"@type\":\"BreadcrumbList\",\"@id\":\"https:\/\/dev6.erresse-shop.it\/es\/shop\/mobiliario\/jarrones\/venini-jarron-opalino-acquamare-h-42-cm\/#breadcrumb\",\"itemListElement\":[{\"@type\":\"ListItem\",\"position\":1,\"name\":\"Home\",\"item\":\"https:\/\/dev6.erresse-shop.it\/\"},{\"@type\":\"ListItem\",\"position\":2,\"name\":\"Tienda\",\"item\":\"https:\/\/dev6.erresse-shop.it\/shop\/\"},{\"@type\":\"ListItem\",\"position\":3,\"name\":\"VENINI Jarr\u00f3n Opalino Acquamare H 42 cm\"}]},{\"@type\":\"WebSite\",\"@id\":\"https:\/\/dev6.erresse-shop.it\/#website\",\"url\":\"https:\/\/dev6.erresse-shop.it\/\",\"name\":\"Erresse Shop\",\"description\":\"\",\"publisher\":{\"@id\":\"https:\/\/dev6.erresse-shop.it\/#organization\"},\"potentialAction\":[{\"@type\":\"SearchAction\",\"target\":{\"@type\":\"EntryPoint\",\"urlTemplate\":\"https:\/\/dev6.erresse-shop.it\/?s={search_term_string}\"},\"query-input\":{\"@type\":\"PropertyValueSpecification\",\"valueRequired\":true,\"valueName\":\"search_term_string\"}}],\"inLanguage\":\"es\"},{\"@type\":\"Organization\",\"@id\":\"https:\/\/dev6.erresse-shop.it\/#organization\",\"name\":\"Erresse Shop\",\"url\":\"https:\/\/dev6.erresse-shop.it\/\",\"logo\":{\"@type\":\"ImageObject\",\"inLanguage\":\"es\",\"@id\":\"https:\/\/dev6.erresse-shop.it\/#\/schema\/logo\/image\/\",\"url\":\"https:\/\/dev6.erresse-shop.it\/wp-content\/uploads\/2025\/01\/LOGO-ERRESSE-CLASSICO.svg\",\"contentUrl\":\"https:\/\/dev6.erresse-shop.it\/wp-content\/uploads\/2025\/01\/LOGO-ERRESSE-CLASSICO.svg\",\"caption\":\"Erresse Shop\"},\"image\":{\"@id\":\"https:\/\/dev6.erresse-shop.it\/#\/schema\/logo\/image\/\"}}]}<\/script>\n<!-- \/ Yoast SEO plugin. -->","yoast_head_json":{"title":"VENINI Jarr\u00f3n Opalino Acquamare H 42 cm - dev6 Erresse","description":"El jarr\u00f3n Opalino naci\u00f3 en 1932 de la mente de Paolo Venini, tan gr\u00e1cil en el tono como en la forma. Un viaje en el tiempo enlaza el siglo XV con el","robots":{"index":"noindex","follow":"follow","max-snippet":"max-snippet:-1","max-image-preview":"max-image-preview:large","max-video-preview":"max-video-preview:-1"},"og_locale":"es_ES","og_type":"article","og_title":"VENINI Jarr\u00f3n Opalino Acquamare H 42 cm - dev6 Erresse","og_description":"El jarr\u00f3n Opalino naci\u00f3 en 1932 de la mente de Paolo Venini, tan gr\u00e1cil en el tono como en la forma. Un viaje en el tiempo enlaza el siglo XV con el","og_url":"https:\/\/dev6.erresse-shop.it\/es\/shop\/mobiliario\/jarrones\/venini-jarron-opalino-acquamare-h-42-cm\/","og_site_name":"dev6 Erresse","og_image":[{"url":"https:\/\/interpim.erresse-shop.it\/img-catalogo\/venini\/venini-vaso-opalino-azzurro.jpg","type":"","width":"","height":""},{"url":"https:\/\/interpim.erresse-shop.it\/img-catalogo\/venini\/venini-vaso-opalino-azzurro.jpg","width":1024,"height":1024,"type":"image\/jpeg"}],"twitter_card":"summary_large_image","twitter_image":"https:\/\/interpim.erresse-shop.it\/img-catalogo\/venini\/venini-vaso-opalino-azzurro.jpg","schema":{"@context":"https:\/\/schema.org","@graph":[{"@type":"WebPage","@id":"https:\/\/dev6.erresse-shop.it\/es\/shop\/mobiliario\/jarrones\/venini-jarron-opalino-acquamare-h-42-cm\/","url":"https:\/\/dev6.erresse-shop.it\/es\/shop\/mobiliario\/jarrones\/venini-jarron-opalino-acquamare-h-42-cm\/","name":"VENINI Jarr\u00f3n Opalino Acquamare H 42 cm - dev6 Erresse","isPartOf":{"@id":"https:\/\/dev6.erresse-shop.it\/#website"},"primaryImageOfPage":{"@id":"https:\/\/dev6.erresse-shop.it\/es\/shop\/mobiliario\/jarrones\/venini-jarron-opalino-acquamare-h-42-cm\/#primaryimage"},"image":{"@id":"https:\/\/dev6.erresse-shop.it\/es\/shop\/mobiliario\/jarrones\/venini-jarron-opalino-acquamare-h-42-cm\/#primaryimage"},"thumbnailUrl":"https:\/\/i2.wp.com\/interpim.erresse-shop.it\/img-catalogo\/venini\/venini-vaso-opalino-azzurro.jpg?ssl=1","datePublished":"2026-04-16T17:16:45+00:00","description":"El jarr\u00f3n Opalino naci\u00f3 en 1932 de la mente de Paolo Venini, tan gr\u00e1cil en el tono como en la forma. Un viaje en el tiempo enlaza el siglo XV con el","breadcrumb":{"@id":"https:\/\/dev6.erresse-shop.it\/es\/shop\/mobiliario\/jarrones\/venini-jarron-opalino-acquamare-h-42-cm\/#breadcrumb"},"inLanguage":"es","potentialAction":[{"@type":"ReadAction","target":["https:\/\/dev6.erresse-shop.it\/es\/shop\/mobiliario\/jarrones\/venini-jarron-opalino-acquamare-h-42-cm\/"]}]},{"@type":"ImageObject","inLanguage":"es","@id":"https:\/\/dev6.erresse-shop.it\/es\/shop\/mobiliario\/jarrones\/venini-jarron-opalino-acquamare-h-42-cm\/#primaryimage","url":"https:\/\/i2.wp.com\/interpim.erresse-shop.it\/img-catalogo\/venini\/venini-vaso-opalino-azzurro.jpg?ssl=1","contentUrl":"https:\/\/i2.wp.com\/interpim.erresse-shop.it\/img-catalogo\/venini\/venini-vaso-opalino-azzurro.jpg?ssl=1"},{"@type":"BreadcrumbList","@id":"https:\/\/dev6.erresse-shop.it\/es\/shop\/mobiliario\/jarrones\/venini-jarron-opalino-acquamare-h-42-cm\/#breadcrumb","itemListElement":[{"@type":"ListItem","position":1,"name":"Home","item":"https:\/\/dev6.erresse-shop.it\/"},{"@type":"ListItem","position":2,"name":"Tienda","item":"https:\/\/dev6.erresse-shop.it\/shop\/"},{"@type":"ListItem","position":3,"name":"VENINI Jarr\u00f3n Opalino Acquamare H 42 cm"}]},{"@type":"WebSite","@id":"https:\/\/dev6.erresse-shop.it\/#website","url":"https:\/\/dev6.erresse-shop.it\/","name":"Erresse Shop","description":"","publisher":{"@id":"https:\/\/dev6.erresse-shop.it\/#organization"},"potentialAction":[{"@type":"SearchAction","target":{"@type":"EntryPoint","urlTemplate":"https:\/\/dev6.erresse-shop.it\/?s={search_term_string}"},"query-input":{"@type":"PropertyValueSpecification","valueRequired":true,"valueName":"search_term_string"}}],"inLanguage":"es"},{"@type":"Organization","@id":"https:\/\/dev6.erresse-shop.it\/#organization","name":"Erresse Shop","url":"https:\/\/dev6.erresse-shop.it\/","logo":{"@type":"ImageObject","inLanguage":"es","@id":"https:\/\/dev6.erresse-shop.it\/#\/schema\/logo\/image\/","url":"https:\/\/dev6.erresse-shop.it\/wp-content\/uploads\/2025\/01\/LOGO-ERRESSE-CLASSICO.svg","contentUrl":"https:\/\/dev6.erresse-shop.it\/wp-content\/uploads\/2025\/01\/LOGO-ERRESSE-CLASSICO.svg","caption":"Erresse Shop"},"image":{"@id":"https:\/\/dev6.erresse-shop.it\/#\/schema\/logo\/image\/"}}]}},"df_price":965,"df_sale_price":"","df_regular_price":965,"df_image_link":"https:\/\/i2.wp.com\/interpim.erresse-shop.it\/img-catalogo\/venini\/venini-vaso-opalino-azzurro.jpg?resize=300,300&ssl=1","fifu_image_url":"https:\/\/interpim.erresse-shop.it\/img-catalogo\/venini\/venini-vaso-opalino-azzurro.jpg","_links":{"self":[{"href":"https:\/\/dev6.erresse-shop.it\/es\/wp-json\/wp\/v2\/product\/1877510","targetHints":{"allow":["GET"]}}],"collection":[{"href":"https:\/\/dev6.erresse-shop.it\/es\/wp-json\/wp\/v2\/product"}],"about":[{"href":"https:\/\/dev6.erresse-shop.it\/es\/wp-json\/wp\/v2\/types\/product"}],"wp:featuredmedia":[{"embeddable":true,"href":"https:\/\/dev6.erresse-shop.it\/es\/wp-json\/wp\/v2\/media\/6491120"}],"wp:attachment":[{"href":"https:\/\/dev6.erresse-shop.it\/es\/wp-json\/wp\/v2\/media?parent=1877510"}],"wp:term":[{"taxonomy":"product_cat","embeddable":true,"href":"https:\/\/dev6.erresse-shop.it\/es\/wp-json\/wp\/v2\/product_cat?post=1877510"},{"taxonomy":"product_tag","embeddable":true,"href":"https:\/\/dev6.erresse-shop.it\/es\/wp-json\/wp\/v2\/product_tag?post=1877510"}],"curies":[{"name":"wp","href":"https:\/\/api.w.org\/{rel}","templated":true}]}}