{"id":1877498,"date":"2026-04-16T19:15:35","date_gmt":"2026-04-16T17:15:35","guid":{"rendered":"https:\/\/dev6.erresse-shop.it\/shop\/sin%20categor\u00eda\/venini-jarron-monofiori-transparente-con-hilo-rojo-h24-5\/"},"modified":"2025-07-04T21:34:01","modified_gmt":"2025-07-04T19:34:01","slug":"venini-jarron-monofiori-transparente-con-hilo-rojo-h24-5","status":"publish","type":"product","link":"https:\/\/dev6.erresse-shop.it\/es\/shop\/mobiliario\/jarrones\/venini-jarron-monofiori-transparente-con-hilo-rojo-h24-5\/","title":{"rendered":"VENINI Jarr\u00f3n Monofiori Transparente con Hilo Rojo H24.5"},"content":{"rendered":"<p>El vidrio soplado est\u00e1 hecho a mano con el proceso tradicional de ballot\u00f3n con un molde de metal para un efecto de relieve cruzado.<\/p>\n<p style=\"text-align: center;\">\u201cLa tradici\u00f3n cambia en 1970 y de nuevo en 2016, mientras mejora. La sustancia permanece: parece blanda, pero es de cristal. La ilusi\u00f3n \u00f3ptica del jarr\u00f3n Monofiori de VENINI est\u00e1 en su nombre: Baloton, la obra \u00fanica que recrea el efecto acolchado en la superficie. La obra est\u00e1 hecha a mano, soplada en el caracter\u00edstico molde met\u00e1lico y acabada en el cuello fino con un hilo de color aplicado por calor, que cambia de color\u201d.<\/p>\n","protected":false},"excerpt":{"rendered":"<p>El vidrio soplado est\u00e1 hecho a mano con el proceso tradicional de ballot\u00f3n con un molde de metal para un efecto de relieve cruzado. \u201cLa tradici\u00f3n cambia en 1970 y de nuevo en 2016, mientras mejora. La sustancia permanece: parece blanda, pero es de cristal. La ilusi\u00f3n \u00f3ptica del jarr\u00f3n Monofiori de VENINI est\u00e1 en [&hellip;]<\/p>\n","protected":false},"featured_media":6491102,"template":"","meta":{"_acf_changed":false},"product_cat":[11666,11910,11882],"product_tag":[],"class_list":{"0":"post-1877498","1":"product","2":"type-product","3":"status-publish","4":"has-post-thumbnail","6":"product_cat-arredamento-casa","7":"product_cat-jarrones","8":"product_cat-mobiliario","10":"first","11":"outofstock","12":"taxable","13":"shipping-taxable","14":"purchasable","15":"product-type-simple","swatches":"rey-swatches","show_selected":"","stretch_labels":"rey-swatches--stretch-labels"},"acf":[],"yoast_head":"<!-- This site is optimized with the Yoast SEO plugin v25.4 - https:\/\/yoast.com\/wordpress\/plugins\/seo\/ -->\n<title>VENINI Jarr\u00f3n Monofiori Transparente con Hilo Rojo H24.5 - dev6 Erresse<\/title>\n<meta name=\"description\" content=\"El vidrio soplado est\u00e1 hecho a mano con el proceso tradicional de ballot\u00f3n con un molde de metal para un efecto de relieve cruzado. \u201cLa tradici\u00f3n cambia\" \/>\n<meta name=\"robots\" content=\"noindex, follow, max-snippet:-1, max-image-preview:large, max-video-preview:-1\" \/>\n<meta property=\"og:locale\" content=\"es_ES\" \/>\n<meta property=\"og:type\" content=\"article\" \/>\n<meta property=\"og:title\" content=\"VENINI Jarr\u00f3n Monofiori Transparente con Hilo Rojo H24.5 - dev6 Erresse\" \/>\n<meta property=\"og:description\" content=\"El vidrio soplado est\u00e1 hecho a mano con el proceso tradicional de ballot\u00f3n con un molde de metal para un efecto de relieve cruzado. \u201cLa tradici\u00f3n cambia\" \/>\n<meta property=\"og:url\" content=\"https:\/\/dev6.erresse-shop.it\/es\/shop\/mobiliario\/jarrones\/venini-jarron-monofiori-transparente-con-hilo-rojo-h24-5\/\" \/>\n<meta property=\"og:site_name\" content=\"dev6 Erresse\" \/>\n<meta property=\"og:image\" content=\"https:\/\/interpim.erresse-shop.it\/img-catalogo\/venini\/venini-monofiore-rosso-con-filo-viola.jpg\" \/><meta property=\"og:image\" content=\"https:\/\/interpim.erresse-shop.it\/img-catalogo\/venini\/venini-monofiore-rosso-con-filo-viola.jpg\" \/>\n\t<meta property=\"og:image:width\" content=\"1024\" \/>\n\t<meta property=\"og:image:height\" content=\"1024\" \/>\n\t<meta property=\"og:image:type\" content=\"image\/jpeg\" \/>\n<meta name=\"twitter:card\" content=\"summary_large_image\" \/>\n<meta name=\"twitter:image\" content=\"https:\/\/interpim.erresse-shop.it\/img-catalogo\/venini\/venini-monofiore-rosso-con-filo-viola.jpg\" \/>\n<script type=\"application\/ld+json\" class=\"yoast-schema-graph\">{\"@context\":\"https:\/\/schema.org\",\"@graph\":[{\"@type\":\"WebPage\",\"@id\":\"https:\/\/dev6.erresse-shop.it\/es\/shop\/mobiliario\/jarrones\/venini-jarron-monofiori-transparente-con-hilo-rojo-h24-5\/\",\"url\":\"https:\/\/dev6.erresse-shop.it\/es\/shop\/mobiliario\/jarrones\/venini-jarron-monofiori-transparente-con-hilo-rojo-h24-5\/\",\"name\":\"VENINI Jarr\u00f3n Monofiori Transparente con Hilo Rojo H24.5 - dev6 Erresse\",\"isPartOf\":{\"@id\":\"https:\/\/dev6.erresse-shop.it\/#website\"},\"primaryImageOfPage\":{\"@id\":\"https:\/\/dev6.erresse-shop.it\/es\/shop\/mobiliario\/jarrones\/venini-jarron-monofiori-transparente-con-hilo-rojo-h24-5\/#primaryimage\"},\"image\":{\"@id\":\"https:\/\/dev6.erresse-shop.it\/es\/shop\/mobiliario\/jarrones\/venini-jarron-monofiori-transparente-con-hilo-rojo-h24-5\/#primaryimage\"},\"thumbnailUrl\":\"https:\/\/i0.wp.com\/interpim.erresse-shop.it\/img-catalogo\/venini\/venini-monofiore-rosso-con-filo-viola.jpg?ssl=1\",\"datePublished\":\"2026-04-16T17:15:35+00:00\",\"description\":\"El vidrio soplado est\u00e1 hecho a mano con el proceso tradicional de ballot\u00f3n con un molde de metal para un efecto de relieve cruzado. \u201cLa tradici\u00f3n cambia\",\"breadcrumb\":{\"@id\":\"https:\/\/dev6.erresse-shop.it\/es\/shop\/mobiliario\/jarrones\/venini-jarron-monofiori-transparente-con-hilo-rojo-h24-5\/#breadcrumb\"},\"inLanguage\":\"es\",\"potentialAction\":[{\"@type\":\"ReadAction\",\"target\":[\"https:\/\/dev6.erresse-shop.it\/es\/shop\/mobiliario\/jarrones\/venini-jarron-monofiori-transparente-con-hilo-rojo-h24-5\/\"]}]},{\"@type\":\"ImageObject\",\"inLanguage\":\"es\",\"@id\":\"https:\/\/dev6.erresse-shop.it\/es\/shop\/mobiliario\/jarrones\/venini-jarron-monofiori-transparente-con-hilo-rojo-h24-5\/#primaryimage\",\"url\":\"https:\/\/i0.wp.com\/interpim.erresse-shop.it\/img-catalogo\/venini\/venini-monofiore-rosso-con-filo-viola.jpg?ssl=1\",\"contentUrl\":\"https:\/\/i0.wp.com\/interpim.erresse-shop.it\/img-catalogo\/venini\/venini-monofiore-rosso-con-filo-viola.jpg?ssl=1\"},{\"@type\":\"BreadcrumbList\",\"@id\":\"https:\/\/dev6.erresse-shop.it\/es\/shop\/mobiliario\/jarrones\/venini-jarron-monofiori-transparente-con-hilo-rojo-h24-5\/#breadcrumb\",\"itemListElement\":[{\"@type\":\"ListItem\",\"position\":1,\"name\":\"Home\",\"item\":\"https:\/\/dev6.erresse-shop.it\/\"},{\"@type\":\"ListItem\",\"position\":2,\"name\":\"Tienda\",\"item\":\"https:\/\/dev6.erresse-shop.it\/shop\/\"},{\"@type\":\"ListItem\",\"position\":3,\"name\":\"VENINI Jarr\u00f3n Monofiori Transparente con Hilo Rojo H24.5\"}]},{\"@type\":\"WebSite\",\"@id\":\"https:\/\/dev6.erresse-shop.it\/#website\",\"url\":\"https:\/\/dev6.erresse-shop.it\/\",\"name\":\"Erresse Shop\",\"description\":\"\",\"publisher\":{\"@id\":\"https:\/\/dev6.erresse-shop.it\/#organization\"},\"potentialAction\":[{\"@type\":\"SearchAction\",\"target\":{\"@type\":\"EntryPoint\",\"urlTemplate\":\"https:\/\/dev6.erresse-shop.it\/?s={search_term_string}\"},\"query-input\":{\"@type\":\"PropertyValueSpecification\",\"valueRequired\":true,\"valueName\":\"search_term_string\"}}],\"inLanguage\":\"es\"},{\"@type\":\"Organization\",\"@id\":\"https:\/\/dev6.erresse-shop.it\/#organization\",\"name\":\"Erresse Shop\",\"url\":\"https:\/\/dev6.erresse-shop.it\/\",\"logo\":{\"@type\":\"ImageObject\",\"inLanguage\":\"es\",\"@id\":\"https:\/\/dev6.erresse-shop.it\/#\/schema\/logo\/image\/\",\"url\":\"https:\/\/dev6.erresse-shop.it\/wp-content\/uploads\/2025\/01\/LOGO-ERRESSE-CLASSICO.svg\",\"contentUrl\":\"https:\/\/dev6.erresse-shop.it\/wp-content\/uploads\/2025\/01\/LOGO-ERRESSE-CLASSICO.svg\",\"caption\":\"Erresse Shop\"},\"image\":{\"@id\":\"https:\/\/dev6.erresse-shop.it\/#\/schema\/logo\/image\/\"}}]}<\/script>\n<!-- \/ Yoast SEO plugin. -->","yoast_head_json":{"title":"VENINI Jarr\u00f3n Monofiori Transparente con Hilo Rojo H24.5 - dev6 Erresse","description":"El vidrio soplado est\u00e1 hecho a mano con el proceso tradicional de ballot\u00f3n con un molde de metal para un efecto de relieve cruzado. \u201cLa tradici\u00f3n cambia","robots":{"index":"noindex","follow":"follow","max-snippet":"max-snippet:-1","max-image-preview":"max-image-preview:large","max-video-preview":"max-video-preview:-1"},"og_locale":"es_ES","og_type":"article","og_title":"VENINI Jarr\u00f3n Monofiori Transparente con Hilo Rojo H24.5 - dev6 Erresse","og_description":"El vidrio soplado est\u00e1 hecho a mano con el proceso tradicional de ballot\u00f3n con un molde de metal para un efecto de relieve cruzado. \u201cLa tradici\u00f3n cambia","og_url":"https:\/\/dev6.erresse-shop.it\/es\/shop\/mobiliario\/jarrones\/venini-jarron-monofiori-transparente-con-hilo-rojo-h24-5\/","og_site_name":"dev6 Erresse","og_image":[{"url":"https:\/\/interpim.erresse-shop.it\/img-catalogo\/venini\/venini-monofiore-rosso-con-filo-viola.jpg","type":"","width":"","height":""},{"url":"https:\/\/interpim.erresse-shop.it\/img-catalogo\/venini\/venini-monofiore-rosso-con-filo-viola.jpg","width":1024,"height":1024,"type":"image\/jpeg"}],"twitter_card":"summary_large_image","twitter_image":"https:\/\/interpim.erresse-shop.it\/img-catalogo\/venini\/venini-monofiore-rosso-con-filo-viola.jpg","schema":{"@context":"https:\/\/schema.org","@graph":[{"@type":"WebPage","@id":"https:\/\/dev6.erresse-shop.it\/es\/shop\/mobiliario\/jarrones\/venini-jarron-monofiori-transparente-con-hilo-rojo-h24-5\/","url":"https:\/\/dev6.erresse-shop.it\/es\/shop\/mobiliario\/jarrones\/venini-jarron-monofiori-transparente-con-hilo-rojo-h24-5\/","name":"VENINI Jarr\u00f3n Monofiori Transparente con Hilo Rojo H24.5 - dev6 Erresse","isPartOf":{"@id":"https:\/\/dev6.erresse-shop.it\/#website"},"primaryImageOfPage":{"@id":"https:\/\/dev6.erresse-shop.it\/es\/shop\/mobiliario\/jarrones\/venini-jarron-monofiori-transparente-con-hilo-rojo-h24-5\/#primaryimage"},"image":{"@id":"https:\/\/dev6.erresse-shop.it\/es\/shop\/mobiliario\/jarrones\/venini-jarron-monofiori-transparente-con-hilo-rojo-h24-5\/#primaryimage"},"thumbnailUrl":"https:\/\/i0.wp.com\/interpim.erresse-shop.it\/img-catalogo\/venini\/venini-monofiore-rosso-con-filo-viola.jpg?ssl=1","datePublished":"2026-04-16T17:15:35+00:00","description":"El vidrio soplado est\u00e1 hecho a mano con el proceso tradicional de ballot\u00f3n con un molde de metal para un efecto de relieve cruzado. \u201cLa tradici\u00f3n cambia","breadcrumb":{"@id":"https:\/\/dev6.erresse-shop.it\/es\/shop\/mobiliario\/jarrones\/venini-jarron-monofiori-transparente-con-hilo-rojo-h24-5\/#breadcrumb"},"inLanguage":"es","potentialAction":[{"@type":"ReadAction","target":["https:\/\/dev6.erresse-shop.it\/es\/shop\/mobiliario\/jarrones\/venini-jarron-monofiori-transparente-con-hilo-rojo-h24-5\/"]}]},{"@type":"ImageObject","inLanguage":"es","@id":"https:\/\/dev6.erresse-shop.it\/es\/shop\/mobiliario\/jarrones\/venini-jarron-monofiori-transparente-con-hilo-rojo-h24-5\/#primaryimage","url":"https:\/\/i0.wp.com\/interpim.erresse-shop.it\/img-catalogo\/venini\/venini-monofiore-rosso-con-filo-viola.jpg?ssl=1","contentUrl":"https:\/\/i0.wp.com\/interpim.erresse-shop.it\/img-catalogo\/venini\/venini-monofiore-rosso-con-filo-viola.jpg?ssl=1"},{"@type":"BreadcrumbList","@id":"https:\/\/dev6.erresse-shop.it\/es\/shop\/mobiliario\/jarrones\/venini-jarron-monofiori-transparente-con-hilo-rojo-h24-5\/#breadcrumb","itemListElement":[{"@type":"ListItem","position":1,"name":"Home","item":"https:\/\/dev6.erresse-shop.it\/"},{"@type":"ListItem","position":2,"name":"Tienda","item":"https:\/\/dev6.erresse-shop.it\/shop\/"},{"@type":"ListItem","position":3,"name":"VENINI Jarr\u00f3n Monofiori Transparente con Hilo Rojo H24.5"}]},{"@type":"WebSite","@id":"https:\/\/dev6.erresse-shop.it\/#website","url":"https:\/\/dev6.erresse-shop.it\/","name":"Erresse Shop","description":"","publisher":{"@id":"https:\/\/dev6.erresse-shop.it\/#organization"},"potentialAction":[{"@type":"SearchAction","target":{"@type":"EntryPoint","urlTemplate":"https:\/\/dev6.erresse-shop.it\/?s={search_term_string}"},"query-input":{"@type":"PropertyValueSpecification","valueRequired":true,"valueName":"search_term_string"}}],"inLanguage":"es"},{"@type":"Organization","@id":"https:\/\/dev6.erresse-shop.it\/#organization","name":"Erresse Shop","url":"https:\/\/dev6.erresse-shop.it\/","logo":{"@type":"ImageObject","inLanguage":"es","@id":"https:\/\/dev6.erresse-shop.it\/#\/schema\/logo\/image\/","url":"https:\/\/dev6.erresse-shop.it\/wp-content\/uploads\/2025\/01\/LOGO-ERRESSE-CLASSICO.svg","contentUrl":"https:\/\/dev6.erresse-shop.it\/wp-content\/uploads\/2025\/01\/LOGO-ERRESSE-CLASSICO.svg","caption":"Erresse Shop"},"image":{"@id":"https:\/\/dev6.erresse-shop.it\/#\/schema\/logo\/image\/"}}]}},"df_price":535,"df_sale_price":"","df_regular_price":535,"df_image_link":"https:\/\/i0.wp.com\/interpim.erresse-shop.it\/img-catalogo\/venini\/venini-monofiore-rosso-con-filo-viola.jpg?resize=300,300&ssl=1","fifu_image_url":"https:\/\/interpim.erresse-shop.it\/img-catalogo\/venini\/venini-monofiore-rosso-con-filo-viola.jpg","_links":{"self":[{"href":"https:\/\/dev6.erresse-shop.it\/es\/wp-json\/wp\/v2\/product\/1877498","targetHints":{"allow":["GET"]}}],"collection":[{"href":"https:\/\/dev6.erresse-shop.it\/es\/wp-json\/wp\/v2\/product"}],"about":[{"href":"https:\/\/dev6.erresse-shop.it\/es\/wp-json\/wp\/v2\/types\/product"}],"wp:featuredmedia":[{"embeddable":true,"href":"https:\/\/dev6.erresse-shop.it\/es\/wp-json\/wp\/v2\/media\/6491102"}],"wp:attachment":[{"href":"https:\/\/dev6.erresse-shop.it\/es\/wp-json\/wp\/v2\/media?parent=1877498"}],"wp:term":[{"taxonomy":"product_cat","embeddable":true,"href":"https:\/\/dev6.erresse-shop.it\/es\/wp-json\/wp\/v2\/product_cat?post=1877498"},{"taxonomy":"product_tag","embeddable":true,"href":"https:\/\/dev6.erresse-shop.it\/es\/wp-json\/wp\/v2\/product_tag?post=1877498"}],"curies":[{"name":"wp","href":"https:\/\/api.w.org\/{rel}","templated":true}]}}