{"id":1877492,"date":"2026-04-16T19:15:35","date_gmt":"2026-04-16T17:15:35","guid":{"rendered":"https:\/\/dev6.erresse-shop.it\/shop\/sin%20categor\u00eda\/berkel-rebanadora-domestica-red-line-250-rojo\/"},"modified":"2025-09-14T07:52:45","modified_gmt":"2025-09-14T05:52:45","slug":"berkel-rebanadora-domestica-red-line-250-rojo","status":"publish","type":"product","link":"https:\/\/dev6.erresse-shop.it\/es\/shop\/pequenos-electrodomesticos\/cortadoras\/berkel-rebanadora-domestica-red-line-250-rojo\/","title":{"rendered":"BERKEL Rebanadora Dom\u00e9stica Red Line 250 Rojo"},"content":{"rendered":"<p>V\u00eddeo:\u00a0Red Line 250<\/p>\n<p>LA TRADICI\u00d3N SE UNE A LA INNOVACI\u00d3N<br \/>\nLa cortadora el\u00e9ctrica con la profesionalidad y calidad de Berkel, ahora con un dise\u00f1o innovador. Las dimensiones compactas, la facilidad de uso y las soluciones t\u00e9cnicas avanzadas garantizan un corte perfecto, todos los d\u00edas.<\/p>\n<p>CARACTER\u00cdSTICAS<\/p>\n<p>Espesor m\u00ednimo de la \u00faltima rebanada para minimizar el desperdicio de producto<br \/>\nPomo de apertura de la cuchilla con 14 ajustes milim\u00e9tricos progresivos para un ajuste perfecto<br \/>\nPlano inclinado que aprovecha la gravedad para un corte m\u00e1s preciso y sin esfuerzo<br \/>\nCuchilla de acero cromado con perfil profesional: reduce el desperdicio y garantiza cortes uniformes<br \/>\nMotor profesional de 0,25 CV (0,42 CV en la versi\u00f3n 300) para un excelente rendimiento de corte<br \/>\nProtecci\u00f3n de acero para facilitar la liberaci\u00f3n de la rodaja<br \/>\nEstructura de la caja en aleaci\u00f3n especial de aluminio y pies de goma para una m\u00e1xima estabilidad durante el uso<br \/>\nPanel de control totalmente sellado IP65<br \/>\nAfilador integrado con sistema de afilado de movimiento independiente para una m\u00e1xima precisi\u00f3n<\/p>\n<p>LIMPIEZA E HIGIENE<\/p>\n<p>Carcasa de fundici\u00f3n de una sola pieza sin huecos<br \/>\nProtector de cuchilla de aluminio de calidad alimentaria con extracci\u00f3n r\u00e1pida para facilitar la limpieza de la cuchilla<br \/>\nPlaca profesional con sistema de liberaci\u00f3n r\u00e1pida para la limpieza r\u00e1pida del cuerpo<br \/>\nAmplio espacio para la limpieza<\/p>\n<p>SEGURIDAD<\/p>\n<p>Panel de control profesional con interruptores ON\/OFF iluminados por LEDs de alta visibilidad<br \/>\nAnillo de protecci\u00f3n de la hoja de aluminio de calidad alimentaria para mayor seguridad<br \/>\nControles ergon\u00f3micos en una posici\u00f3n f\u00e1cil para minimizar el esfuerzo del operador<br \/>\nCierre total de la vela para una m\u00e1xima seguridad durante las operaciones de limpieza y presencia de bloqueo CE para evitar su apertura una vez retirada la placa<br \/>\nEmpujador de aluminio con puntas de acero y sistema de estacionamiento con enclavamiento para evitar la liberaci\u00f3n accidental<br \/>\nDesconexi\u00f3n autom\u00e1tica de la m\u00e1quina en caso de fallo de alimentaci\u00f3n<\/p>\n<p>CARACTER\u00cdSTICAS T\u00c9CNICAS<br \/>\nPeso: 22 kg<br \/>\nAltura: 42 cm<br \/>\nProfundidad: 51,5 cm<br \/>\nAnchura: 50,5 cm<br \/>\nDi\u00e1metro de la hoja: 25 cm<br \/>\nEnchufe: El cable se suministra con enchufe de la UE<br \/>\nEspecificaciones el\u00e9ctricas: 230 V 50 Hz<br \/>\nPotencia del motor: 0,19 kW<br \/>\nEspesor de corte: 0 \u2013 14 mm<br \/>\nCapacidad de corte (circular): 178 mm<br \/>\nCapacidad de corte (rectangular): 185X175 mm<br \/>\nDetalles: Cuchilla basculante 20\u00b0.<br \/>\nPiezas desmontables: Disco protector de la cuchilla, soporte de la cuchilla, deflector de aletas<br \/>\nAfilador: incluido, con dos movimientos<br \/>\nExtractor de cuchillas: Espacios amplios de limpieza: no es necesario<\/p>\n","protected":false},"excerpt":{"rendered":"<p>V\u00eddeo:\u00a0Red Line 250 LA TRADICI\u00d3N SE UNE A LA INNOVACI\u00d3N La cortadora el\u00e9ctrica con la profesionalidad y calidad de Berkel, ahora con un dise\u00f1o innovador. Las dimensiones compactas, la facilidad de uso y las soluciones t\u00e9cnicas avanzadas garantizan un corte perfecto, todos los d\u00edas. CARACTER\u00cdSTICAS Espesor m\u00ednimo de la \u00faltima rebanada para minimizar el desperdicio [&hellip;]<\/p>\n","protected":false},"featured_media":6490985,"template":"","meta":{"_acf_changed":false},"product_cat":[11749,11965,11947],"product_tag":[],"class_list":{"0":"post-1877492","1":"product","2":"type-product","3":"status-publish","4":"has-post-thumbnail","6":"product_cat-affettatrici","7":"product_cat-cortadoras","8":"product_cat-pequenos-electrodomesticos","10":"first","11":"instock","12":"sale","13":"taxable","14":"shipping-taxable","15":"purchasable","16":"product-type-simple","swatches":"rey-swatches","show_selected":"","stretch_labels":"rey-swatches--stretch-labels"},"acf":[],"yoast_head":"<!-- This site is optimized with the Yoast SEO plugin v25.4 - https:\/\/yoast.com\/wordpress\/plugins\/seo\/ -->\n<title>BERKEL Rebanadora Dom\u00e9stica Red Line 250 Rojo - dev6 Erresse<\/title>\n<meta name=\"description\" content=\"V\u00eddeo:\u00a0Red Line 250 LA TRADICI\u00d3N SE UNE A LA INNOVACI\u00d3N La cortadora el\u00e9ctrica con la profesionalidad y calidad de Berkel, ahora con un dise\u00f1o innovador.\" \/>\n<meta name=\"robots\" content=\"noindex, follow, max-snippet:-1, max-image-preview:large, max-video-preview:-1\" \/>\n<meta property=\"og:locale\" content=\"es_ES\" \/>\n<meta property=\"og:type\" content=\"article\" \/>\n<meta property=\"og:title\" content=\"BERKEL Rebanadora Dom\u00e9stica Red Line 250 Rojo - dev6 Erresse\" \/>\n<meta property=\"og:description\" content=\"V\u00eddeo:\u00a0Red Line 250 LA TRADICI\u00d3N SE UNE A LA INNOVACI\u00d3N La cortadora el\u00e9ctrica con la profesionalidad y calidad de Berkel, ahora con un dise\u00f1o innovador.\" \/>\n<meta property=\"og:url\" content=\"https:\/\/dev6.erresse-shop.it\/es\/shop\/pequenos-electrodomesticos\/cortadoras\/berkel-rebanadora-domestica-red-line-250-rojo\/\" \/>\n<meta property=\"og:site_name\" content=\"dev6 Erresse\" \/>\n<meta property=\"og:image\" content=\"https:\/\/interpim.erresse-shop.it\/Import\/Prodotti\/berkel-affettatrice-domestica-red-line-250-rosso-1.jpg\" \/><meta property=\"og:image\" content=\"https:\/\/interpim.erresse-shop.it\/Import\/Prodotti\/berkel-affettatrice-domestica-red-line-250-rosso-1.jpg\" \/>\n\t<meta property=\"og:image:width\" content=\"1024\" \/>\n\t<meta property=\"og:image:height\" content=\"1024\" \/>\n\t<meta property=\"og:image:type\" content=\"image\/jpeg\" \/>\n<meta name=\"twitter:card\" content=\"summary_large_image\" \/>\n<meta name=\"twitter:image\" content=\"https:\/\/interpim.erresse-shop.it\/Import\/Prodotti\/berkel-affettatrice-domestica-red-line-250-rosso-1.jpg\" \/>\n<script type=\"application\/ld+json\" class=\"yoast-schema-graph\">{\"@context\":\"https:\/\/schema.org\",\"@graph\":[{\"@type\":\"WebPage\",\"@id\":\"https:\/\/dev6.erresse-shop.it\/es\/shop\/pequenos-electrodomesticos\/cortadoras\/berkel-rebanadora-domestica-red-line-250-rojo\/\",\"url\":\"https:\/\/dev6.erresse-shop.it\/es\/shop\/pequenos-electrodomesticos\/cortadoras\/berkel-rebanadora-domestica-red-line-250-rojo\/\",\"name\":\"BERKEL Rebanadora Dom\u00e9stica Red Line 250 Rojo - dev6 Erresse\",\"isPartOf\":{\"@id\":\"https:\/\/dev6.erresse-shop.it\/#website\"},\"primaryImageOfPage\":{\"@id\":\"https:\/\/dev6.erresse-shop.it\/es\/shop\/pequenos-electrodomesticos\/cortadoras\/berkel-rebanadora-domestica-red-line-250-rojo\/#primaryimage\"},\"image\":{\"@id\":\"https:\/\/dev6.erresse-shop.it\/es\/shop\/pequenos-electrodomesticos\/cortadoras\/berkel-rebanadora-domestica-red-line-250-rojo\/#primaryimage\"},\"thumbnailUrl\":\"https:\/\/i3.wp.com\/interpim.erresse-shop.it\/Import\/Prodotti\/berkel-affettatrice-domestica-red-line-250-rosso-1.jpg?ssl=1\",\"datePublished\":\"2026-04-16T17:15:35+00:00\",\"description\":\"V\u00eddeo:\u00a0Red Line 250 LA TRADICI\u00d3N SE UNE A LA INNOVACI\u00d3N La cortadora el\u00e9ctrica con la profesionalidad y calidad de Berkel, ahora con un dise\u00f1o innovador.\",\"breadcrumb\":{\"@id\":\"https:\/\/dev6.erresse-shop.it\/es\/shop\/pequenos-electrodomesticos\/cortadoras\/berkel-rebanadora-domestica-red-line-250-rojo\/#breadcrumb\"},\"inLanguage\":\"es\",\"potentialAction\":[{\"@type\":\"ReadAction\",\"target\":[\"https:\/\/dev6.erresse-shop.it\/es\/shop\/pequenos-electrodomesticos\/cortadoras\/berkel-rebanadora-domestica-red-line-250-rojo\/\"]}]},{\"@type\":\"ImageObject\",\"inLanguage\":\"es\",\"@id\":\"https:\/\/dev6.erresse-shop.it\/es\/shop\/pequenos-electrodomesticos\/cortadoras\/berkel-rebanadora-domestica-red-line-250-rojo\/#primaryimage\",\"url\":\"https:\/\/i3.wp.com\/interpim.erresse-shop.it\/Import\/Prodotti\/berkel-affettatrice-domestica-red-line-250-rosso-1.jpg?ssl=1\",\"contentUrl\":\"https:\/\/i3.wp.com\/interpim.erresse-shop.it\/Import\/Prodotti\/berkel-affettatrice-domestica-red-line-250-rosso-1.jpg?ssl=1\"},{\"@type\":\"BreadcrumbList\",\"@id\":\"https:\/\/dev6.erresse-shop.it\/es\/shop\/pequenos-electrodomesticos\/cortadoras\/berkel-rebanadora-domestica-red-line-250-rojo\/#breadcrumb\",\"itemListElement\":[{\"@type\":\"ListItem\",\"position\":1,\"name\":\"Home\",\"item\":\"https:\/\/dev6.erresse-shop.it\/\"},{\"@type\":\"ListItem\",\"position\":2,\"name\":\"Tienda\",\"item\":\"https:\/\/dev6.erresse-shop.it\/shop\/\"},{\"@type\":\"ListItem\",\"position\":3,\"name\":\"BERKEL Rebanadora Dom\u00e9stica Red Line 250 Rojo\"}]},{\"@type\":\"WebSite\",\"@id\":\"https:\/\/dev6.erresse-shop.it\/#website\",\"url\":\"https:\/\/dev6.erresse-shop.it\/\",\"name\":\"Erresse Shop\",\"description\":\"\",\"publisher\":{\"@id\":\"https:\/\/dev6.erresse-shop.it\/#organization\"},\"potentialAction\":[{\"@type\":\"SearchAction\",\"target\":{\"@type\":\"EntryPoint\",\"urlTemplate\":\"https:\/\/dev6.erresse-shop.it\/?s={search_term_string}\"},\"query-input\":{\"@type\":\"PropertyValueSpecification\",\"valueRequired\":true,\"valueName\":\"search_term_string\"}}],\"inLanguage\":\"es\"},{\"@type\":\"Organization\",\"@id\":\"https:\/\/dev6.erresse-shop.it\/#organization\",\"name\":\"Erresse Shop\",\"url\":\"https:\/\/dev6.erresse-shop.it\/\",\"logo\":{\"@type\":\"ImageObject\",\"inLanguage\":\"es\",\"@id\":\"https:\/\/dev6.erresse-shop.it\/#\/schema\/logo\/image\/\",\"url\":\"https:\/\/dev6.erresse-shop.it\/wp-content\/uploads\/2025\/01\/LOGO-ERRESSE-CLASSICO.svg\",\"contentUrl\":\"https:\/\/dev6.erresse-shop.it\/wp-content\/uploads\/2025\/01\/LOGO-ERRESSE-CLASSICO.svg\",\"caption\":\"Erresse Shop\"},\"image\":{\"@id\":\"https:\/\/dev6.erresse-shop.it\/#\/schema\/logo\/image\/\"}}]}<\/script>\n<!-- \/ Yoast SEO plugin. -->","yoast_head_json":{"title":"BERKEL Rebanadora Dom\u00e9stica Red Line 250 Rojo - dev6 Erresse","description":"V\u00eddeo:\u00a0Red Line 250 LA TRADICI\u00d3N SE UNE A LA INNOVACI\u00d3N La cortadora el\u00e9ctrica con la profesionalidad y calidad de Berkel, ahora con un dise\u00f1o innovador.","robots":{"index":"noindex","follow":"follow","max-snippet":"max-snippet:-1","max-image-preview":"max-image-preview:large","max-video-preview":"max-video-preview:-1"},"og_locale":"es_ES","og_type":"article","og_title":"BERKEL Rebanadora Dom\u00e9stica Red Line 250 Rojo - dev6 Erresse","og_description":"V\u00eddeo:\u00a0Red Line 250 LA TRADICI\u00d3N SE UNE A LA INNOVACI\u00d3N La cortadora el\u00e9ctrica con la profesionalidad y calidad de Berkel, ahora con un dise\u00f1o innovador.","og_url":"https:\/\/dev6.erresse-shop.it\/es\/shop\/pequenos-electrodomesticos\/cortadoras\/berkel-rebanadora-domestica-red-line-250-rojo\/","og_site_name":"dev6 Erresse","og_image":[{"url":"https:\/\/interpim.erresse-shop.it\/Import\/Prodotti\/berkel-affettatrice-domestica-red-line-250-rosso-1.jpg","type":"","width":"","height":""},{"url":"https:\/\/interpim.erresse-shop.it\/Import\/Prodotti\/berkel-affettatrice-domestica-red-line-250-rosso-1.jpg","width":1024,"height":1024,"type":"image\/jpeg"}],"twitter_card":"summary_large_image","twitter_image":"https:\/\/interpim.erresse-shop.it\/Import\/Prodotti\/berkel-affettatrice-domestica-red-line-250-rosso-1.jpg","schema":{"@context":"https:\/\/schema.org","@graph":[{"@type":"WebPage","@id":"https:\/\/dev6.erresse-shop.it\/es\/shop\/pequenos-electrodomesticos\/cortadoras\/berkel-rebanadora-domestica-red-line-250-rojo\/","url":"https:\/\/dev6.erresse-shop.it\/es\/shop\/pequenos-electrodomesticos\/cortadoras\/berkel-rebanadora-domestica-red-line-250-rojo\/","name":"BERKEL Rebanadora Dom\u00e9stica Red Line 250 Rojo - dev6 Erresse","isPartOf":{"@id":"https:\/\/dev6.erresse-shop.it\/#website"},"primaryImageOfPage":{"@id":"https:\/\/dev6.erresse-shop.it\/es\/shop\/pequenos-electrodomesticos\/cortadoras\/berkel-rebanadora-domestica-red-line-250-rojo\/#primaryimage"},"image":{"@id":"https:\/\/dev6.erresse-shop.it\/es\/shop\/pequenos-electrodomesticos\/cortadoras\/berkel-rebanadora-domestica-red-line-250-rojo\/#primaryimage"},"thumbnailUrl":"https:\/\/i3.wp.com\/interpim.erresse-shop.it\/Import\/Prodotti\/berkel-affettatrice-domestica-red-line-250-rosso-1.jpg?ssl=1","datePublished":"2026-04-16T17:15:35+00:00","description":"V\u00eddeo:\u00a0Red Line 250 LA TRADICI\u00d3N SE UNE A LA INNOVACI\u00d3N La cortadora el\u00e9ctrica con la profesionalidad y calidad de Berkel, ahora con un dise\u00f1o innovador.","breadcrumb":{"@id":"https:\/\/dev6.erresse-shop.it\/es\/shop\/pequenos-electrodomesticos\/cortadoras\/berkel-rebanadora-domestica-red-line-250-rojo\/#breadcrumb"},"inLanguage":"es","potentialAction":[{"@type":"ReadAction","target":["https:\/\/dev6.erresse-shop.it\/es\/shop\/pequenos-electrodomesticos\/cortadoras\/berkel-rebanadora-domestica-red-line-250-rojo\/"]}]},{"@type":"ImageObject","inLanguage":"es","@id":"https:\/\/dev6.erresse-shop.it\/es\/shop\/pequenos-electrodomesticos\/cortadoras\/berkel-rebanadora-domestica-red-line-250-rojo\/#primaryimage","url":"https:\/\/i3.wp.com\/interpim.erresse-shop.it\/Import\/Prodotti\/berkel-affettatrice-domestica-red-line-250-rosso-1.jpg?ssl=1","contentUrl":"https:\/\/i3.wp.com\/interpim.erresse-shop.it\/Import\/Prodotti\/berkel-affettatrice-domestica-red-line-250-rosso-1.jpg?ssl=1"},{"@type":"BreadcrumbList","@id":"https:\/\/dev6.erresse-shop.it\/es\/shop\/pequenos-electrodomesticos\/cortadoras\/berkel-rebanadora-domestica-red-line-250-rojo\/#breadcrumb","itemListElement":[{"@type":"ListItem","position":1,"name":"Home","item":"https:\/\/dev6.erresse-shop.it\/"},{"@type":"ListItem","position":2,"name":"Tienda","item":"https:\/\/dev6.erresse-shop.it\/shop\/"},{"@type":"ListItem","position":3,"name":"BERKEL Rebanadora Dom\u00e9stica Red Line 250 Rojo"}]},{"@type":"WebSite","@id":"https:\/\/dev6.erresse-shop.it\/#website","url":"https:\/\/dev6.erresse-shop.it\/","name":"Erresse Shop","description":"","publisher":{"@id":"https:\/\/dev6.erresse-shop.it\/#organization"},"potentialAction":[{"@type":"SearchAction","target":{"@type":"EntryPoint","urlTemplate":"https:\/\/dev6.erresse-shop.it\/?s={search_term_string}"},"query-input":{"@type":"PropertyValueSpecification","valueRequired":true,"valueName":"search_term_string"}}],"inLanguage":"es"},{"@type":"Organization","@id":"https:\/\/dev6.erresse-shop.it\/#organization","name":"Erresse Shop","url":"https:\/\/dev6.erresse-shop.it\/","logo":{"@type":"ImageObject","inLanguage":"es","@id":"https:\/\/dev6.erresse-shop.it\/#\/schema\/logo\/image\/","url":"https:\/\/dev6.erresse-shop.it\/wp-content\/uploads\/2025\/01\/LOGO-ERRESSE-CLASSICO.svg","contentUrl":"https:\/\/dev6.erresse-shop.it\/wp-content\/uploads\/2025\/01\/LOGO-ERRESSE-CLASSICO.svg","caption":"Erresse Shop"},"image":{"@id":"https:\/\/dev6.erresse-shop.it\/#\/schema\/logo\/image\/"}}]}},"df_price":899,"df_sale_price":899,"df_regular_price":1079,"df_image_link":"https:\/\/i3.wp.com\/interpim.erresse-shop.it\/Import\/Prodotti\/berkel-affettatrice-domestica-red-line-250-rosso-1.jpg?resize=300,300&ssl=1","fifu_image_url":"https:\/\/interpim.erresse-shop.it\/Import\/Prodotti\/berkel-affettatrice-domestica-red-line-250-rosso-1.jpg","_links":{"self":[{"href":"https:\/\/dev6.erresse-shop.it\/es\/wp-json\/wp\/v2\/product\/1877492","targetHints":{"allow":["GET"]}}],"collection":[{"href":"https:\/\/dev6.erresse-shop.it\/es\/wp-json\/wp\/v2\/product"}],"about":[{"href":"https:\/\/dev6.erresse-shop.it\/es\/wp-json\/wp\/v2\/types\/product"}],"wp:featuredmedia":[{"embeddable":true,"href":"https:\/\/dev6.erresse-shop.it\/es\/wp-json\/wp\/v2\/media\/6490985"}],"wp:attachment":[{"href":"https:\/\/dev6.erresse-shop.it\/es\/wp-json\/wp\/v2\/media?parent=1877492"}],"wp:term":[{"taxonomy":"product_cat","embeddable":true,"href":"https:\/\/dev6.erresse-shop.it\/es\/wp-json\/wp\/v2\/product_cat?post=1877492"},{"taxonomy":"product_tag","embeddable":true,"href":"https:\/\/dev6.erresse-shop.it\/es\/wp-json\/wp\/v2\/product_tag?post=1877492"}],"curies":[{"name":"wp","href":"https:\/\/api.w.org\/{rel}","templated":true}]}}