{"id":1877474,"date":"2026-04-12T08:38:36","date_gmt":"2026-04-12T06:38:36","guid":{"rendered":"https:\/\/dev6.erresse-shop.it\/shop\/sin%20categor\u00eda\/berkel-cuchillo-santoku-elegance-18-cm-rojo\/"},"modified":"2025-09-14T07:52:26","modified_gmt":"2025-09-14T05:52:26","slug":"berkel-cuchillo-santoku-elegance-18-cm-rojo","status":"publish","type":"product","link":"https:\/\/dev6.erresse-shop.it\/es\/shop\/cocina\/cuchillos\/cuchillos-de-cocina\/berkel-cuchillo-santoku-elegance-18-cm-rojo\/","title":{"rendered":"BERKEL Cuchillo Santoku Elegance 18 cm Rojo"},"content":{"rendered":"<p>EL CUCHILLO PARA LA CARNE, EL PESCADO Y LAS VERDURAS<br \/>\nUn cuchillo robusto con una relaci\u00f3n equilibrada entre peso y rigidez. De dise\u00f1o tradicional japon\u00e9s, un utensilio de cocina universal para picar y desmenuzar carne, pescado, frutas y verduras, incluso de gran tama\u00f1o. Los alv\u00e9olos caracter\u00edsticos facilitan la separaci\u00f3n de las rodajas.<\/p>\n<p>Hoja de acero al cromo-molibdeno-vanadio de alta calidad 1.4116-X50 Cr Mo V15<br \/>\nCuchilla galvanizada de chapa de 3 mm de espesor<br \/>\nMango moldeado en resina de acetilo, lo que le da un aspecto brillante<br \/>\nVirola de acero para garantizar la m\u00e1xima adherencia entre la hoja y el mango y un perfecto equilibrio del cuchillo durante su uso<br \/>\nLogotipo de Berkel grabado en la hoja<br \/>\nLogotipo dorado en el mango con el reconocible dise\u00f1o de Berkel<\/p>\n<p>CARACTER\u00cdSTICAS<br \/>\nPeso: 258 gr.<br \/>\nTama\u00f1o de la hoja: 18 cm<br \/>\nLongitud total: 32 cm<br \/>\nMaterial de la hoja: Forjada en acero inoxidable 1.4116-X50 Cr Mo V15; Dureza despu\u00e9s del T.T: 59 HRC; Certificado Catra: Muy bueno<br \/>\nMango: resina acet\u00e1lica<br \/>\nUso y mantenimiento: Recomendamos encarecidamente el lavado manual en agua caliente para garantizar la integridad y la durabilidad del producto. En cualquier caso, se aconseja secar el cuchillo despu\u00e9s de cada lavado. No utilice tejidos o esponjas abrasivas.<\/p>\n","protected":false},"excerpt":{"rendered":"<p>EL CUCHILLO PARA LA CARNE, EL PESCADO Y LAS VERDURAS Un cuchillo robusto con una relaci\u00f3n equilibrada entre peso y rigidez. De dise\u00f1o tradicional japon\u00e9s, un utensilio de cocina universal para picar y desmenuzar carne, pescado, frutas y verduras, incluso de gran tama\u00f1o. Los alv\u00e9olos caracter\u00edsticos facilitan la separaci\u00f3n de las rodajas. Hoja de acero [&hellip;]<\/p>\n","protected":false},"featured_media":6351838,"template":"","meta":{"_acf_changed":false},"product_cat":[11889],"product_tag":[],"class_list":{"0":"post-1877474","1":"product","2":"type-product","3":"status-publish","4":"has-post-thumbnail","6":"product_cat-cuchillos-de-cocina","8":"first","9":"instock","10":"sale","11":"taxable","12":"shipping-taxable","13":"purchasable","14":"product-type-simple","swatches":"rey-swatches","show_selected":"","stretch_labels":"rey-swatches--stretch-labels"},"acf":[],"yoast_head":"<!-- This site is optimized with the Yoast SEO plugin v25.4 - https:\/\/yoast.com\/wordpress\/plugins\/seo\/ -->\n<title>BERKEL Cuchillo Santoku Elegance 18 cm Rojo - dev6 Erresse<\/title>\n<meta name=\"description\" content=\"EL CUCHILLO PARA LA CARNE, EL PESCADO Y LAS VERDURAS Un cuchillo robusto con una relaci\u00f3n equilibrada entre peso y rigidez. De dise\u00f1o tradicional japon\u00e9s,\" \/>\n<meta name=\"robots\" content=\"noindex, follow, max-snippet:-1, max-image-preview:large, max-video-preview:-1\" \/>\n<meta property=\"og:locale\" content=\"es_ES\" \/>\n<meta property=\"og:type\" content=\"article\" \/>\n<meta property=\"og:title\" content=\"BERKEL Cuchillo Santoku Elegance 18 cm Rojo - dev6 Erresse\" \/>\n<meta property=\"og:description\" content=\"EL CUCHILLO PARA LA CARNE, EL PESCADO Y LAS VERDURAS Un cuchillo robusto con una relaci\u00f3n equilibrada entre peso y rigidez. De dise\u00f1o tradicional japon\u00e9s,\" \/>\n<meta property=\"og:url\" content=\"https:\/\/dev6.erresse-shop.it\/es\/shop\/cocina\/cuchillos\/cuchillos-de-cocina\/berkel-cuchillo-santoku-elegance-18-cm-rojo\/\" \/>\n<meta property=\"og:site_name\" content=\"dev6 Erresse\" \/>\n<meta property=\"og:image\" content=\"https:\/\/interpim.erresse-shop.it\/Import\/Prodotti\/berkel-coltello-elegance-santoku-16-cm-rosso.jpg\" \/><meta property=\"og:image\" content=\"https:\/\/interpim.erresse-shop.it\/Import\/Prodotti\/berkel-coltello-elegance-santoku-16-cm-rosso.jpg\" \/>\n\t<meta property=\"og:image:width\" content=\"1024\" \/>\n\t<meta property=\"og:image:height\" content=\"1024\" \/>\n\t<meta property=\"og:image:type\" content=\"image\/jpeg\" \/>\n<meta name=\"twitter:card\" content=\"summary_large_image\" \/>\n<meta name=\"twitter:image\" content=\"https:\/\/interpim.erresse-shop.it\/Import\/Prodotti\/berkel-coltello-elegance-santoku-16-cm-rosso.jpg\" \/>\n<script type=\"application\/ld+json\" class=\"yoast-schema-graph\">{\"@context\":\"https:\/\/schema.org\",\"@graph\":[{\"@type\":\"WebPage\",\"@id\":\"https:\/\/dev6.erresse-shop.it\/es\/shop\/cocina\/cuchillos\/cuchillos-de-cocina\/berkel-cuchillo-santoku-elegance-18-cm-rojo\/\",\"url\":\"https:\/\/dev6.erresse-shop.it\/es\/shop\/cocina\/cuchillos\/cuchillos-de-cocina\/berkel-cuchillo-santoku-elegance-18-cm-rojo\/\",\"name\":\"BERKEL Cuchillo Santoku Elegance 18 cm Rojo - dev6 Erresse\",\"isPartOf\":{\"@id\":\"https:\/\/dev6.erresse-shop.it\/#website\"},\"primaryImageOfPage\":{\"@id\":\"https:\/\/dev6.erresse-shop.it\/es\/shop\/cocina\/cuchillos\/cuchillos-de-cocina\/berkel-cuchillo-santoku-elegance-18-cm-rojo\/#primaryimage\"},\"image\":{\"@id\":\"https:\/\/dev6.erresse-shop.it\/es\/shop\/cocina\/cuchillos\/cuchillos-de-cocina\/berkel-cuchillo-santoku-elegance-18-cm-rojo\/#primaryimage\"},\"thumbnailUrl\":\"https:\/\/i1.wp.com\/interpim.erresse-shop.it\/Import\/Prodotti\/berkel-coltello-elegance-santoku-16-cm-rosso.jpg?ssl=1\",\"datePublished\":\"2026-04-12T06:38:36+00:00\",\"description\":\"EL CUCHILLO PARA LA CARNE, EL PESCADO Y LAS VERDURAS Un cuchillo robusto con una relaci\u00f3n equilibrada entre peso y rigidez. De dise\u00f1o tradicional japon\u00e9s,\",\"breadcrumb\":{\"@id\":\"https:\/\/dev6.erresse-shop.it\/es\/shop\/cocina\/cuchillos\/cuchillos-de-cocina\/berkel-cuchillo-santoku-elegance-18-cm-rojo\/#breadcrumb\"},\"inLanguage\":\"es\",\"potentialAction\":[{\"@type\":\"ReadAction\",\"target\":[\"https:\/\/dev6.erresse-shop.it\/es\/shop\/cocina\/cuchillos\/cuchillos-de-cocina\/berkel-cuchillo-santoku-elegance-18-cm-rojo\/\"]}]},{\"@type\":\"ImageObject\",\"inLanguage\":\"es\",\"@id\":\"https:\/\/dev6.erresse-shop.it\/es\/shop\/cocina\/cuchillos\/cuchillos-de-cocina\/berkel-cuchillo-santoku-elegance-18-cm-rojo\/#primaryimage\",\"url\":\"https:\/\/i1.wp.com\/interpim.erresse-shop.it\/Import\/Prodotti\/berkel-coltello-elegance-santoku-16-cm-rosso.jpg?ssl=1\",\"contentUrl\":\"https:\/\/i1.wp.com\/interpim.erresse-shop.it\/Import\/Prodotti\/berkel-coltello-elegance-santoku-16-cm-rosso.jpg?ssl=1\"},{\"@type\":\"BreadcrumbList\",\"@id\":\"https:\/\/dev6.erresse-shop.it\/es\/shop\/cocina\/cuchillos\/cuchillos-de-cocina\/berkel-cuchillo-santoku-elegance-18-cm-rojo\/#breadcrumb\",\"itemListElement\":[{\"@type\":\"ListItem\",\"position\":1,\"name\":\"Home\",\"item\":\"https:\/\/dev6.erresse-shop.it\/\"},{\"@type\":\"ListItem\",\"position\":2,\"name\":\"Tienda\",\"item\":\"https:\/\/dev6.erresse-shop.it\/shop\/\"},{\"@type\":\"ListItem\",\"position\":3,\"name\":\"BERKEL Cuchillo Santoku Elegance 18 cm Rojo\"}]},{\"@type\":\"WebSite\",\"@id\":\"https:\/\/dev6.erresse-shop.it\/#website\",\"url\":\"https:\/\/dev6.erresse-shop.it\/\",\"name\":\"Erresse Shop\",\"description\":\"\",\"publisher\":{\"@id\":\"https:\/\/dev6.erresse-shop.it\/#organization\"},\"potentialAction\":[{\"@type\":\"SearchAction\",\"target\":{\"@type\":\"EntryPoint\",\"urlTemplate\":\"https:\/\/dev6.erresse-shop.it\/?s={search_term_string}\"},\"query-input\":{\"@type\":\"PropertyValueSpecification\",\"valueRequired\":true,\"valueName\":\"search_term_string\"}}],\"inLanguage\":\"es\"},{\"@type\":\"Organization\",\"@id\":\"https:\/\/dev6.erresse-shop.it\/#organization\",\"name\":\"Erresse Shop\",\"url\":\"https:\/\/dev6.erresse-shop.it\/\",\"logo\":{\"@type\":\"ImageObject\",\"inLanguage\":\"es\",\"@id\":\"https:\/\/dev6.erresse-shop.it\/#\/schema\/logo\/image\/\",\"url\":\"https:\/\/dev6.erresse-shop.it\/wp-content\/uploads\/2025\/01\/LOGO-ERRESSE-CLASSICO.svg\",\"contentUrl\":\"https:\/\/dev6.erresse-shop.it\/wp-content\/uploads\/2025\/01\/LOGO-ERRESSE-CLASSICO.svg\",\"caption\":\"Erresse Shop\"},\"image\":{\"@id\":\"https:\/\/dev6.erresse-shop.it\/#\/schema\/logo\/image\/\"}}]}<\/script>\n<!-- \/ Yoast SEO plugin. -->","yoast_head_json":{"title":"BERKEL Cuchillo Santoku Elegance 18 cm Rojo - dev6 Erresse","description":"EL CUCHILLO PARA LA CARNE, EL PESCADO Y LAS VERDURAS Un cuchillo robusto con una relaci\u00f3n equilibrada entre peso y rigidez. De dise\u00f1o tradicional japon\u00e9s,","robots":{"index":"noindex","follow":"follow","max-snippet":"max-snippet:-1","max-image-preview":"max-image-preview:large","max-video-preview":"max-video-preview:-1"},"og_locale":"es_ES","og_type":"article","og_title":"BERKEL Cuchillo Santoku Elegance 18 cm Rojo - dev6 Erresse","og_description":"EL CUCHILLO PARA LA CARNE, EL PESCADO Y LAS VERDURAS Un cuchillo robusto con una relaci\u00f3n equilibrada entre peso y rigidez. De dise\u00f1o tradicional japon\u00e9s,","og_url":"https:\/\/dev6.erresse-shop.it\/es\/shop\/cocina\/cuchillos\/cuchillos-de-cocina\/berkel-cuchillo-santoku-elegance-18-cm-rojo\/","og_site_name":"dev6 Erresse","og_image":[{"url":"https:\/\/interpim.erresse-shop.it\/Import\/Prodotti\/berkel-coltello-elegance-santoku-16-cm-rosso.jpg","type":"","width":"","height":""},{"url":"https:\/\/interpim.erresse-shop.it\/Import\/Prodotti\/berkel-coltello-elegance-santoku-16-cm-rosso.jpg","width":1024,"height":1024,"type":"image\/jpeg"}],"twitter_card":"summary_large_image","twitter_image":"https:\/\/interpim.erresse-shop.it\/Import\/Prodotti\/berkel-coltello-elegance-santoku-16-cm-rosso.jpg","schema":{"@context":"https:\/\/schema.org","@graph":[{"@type":"WebPage","@id":"https:\/\/dev6.erresse-shop.it\/es\/shop\/cocina\/cuchillos\/cuchillos-de-cocina\/berkel-cuchillo-santoku-elegance-18-cm-rojo\/","url":"https:\/\/dev6.erresse-shop.it\/es\/shop\/cocina\/cuchillos\/cuchillos-de-cocina\/berkel-cuchillo-santoku-elegance-18-cm-rojo\/","name":"BERKEL Cuchillo Santoku Elegance 18 cm Rojo - dev6 Erresse","isPartOf":{"@id":"https:\/\/dev6.erresse-shop.it\/#website"},"primaryImageOfPage":{"@id":"https:\/\/dev6.erresse-shop.it\/es\/shop\/cocina\/cuchillos\/cuchillos-de-cocina\/berkel-cuchillo-santoku-elegance-18-cm-rojo\/#primaryimage"},"image":{"@id":"https:\/\/dev6.erresse-shop.it\/es\/shop\/cocina\/cuchillos\/cuchillos-de-cocina\/berkel-cuchillo-santoku-elegance-18-cm-rojo\/#primaryimage"},"thumbnailUrl":"https:\/\/i1.wp.com\/interpim.erresse-shop.it\/Import\/Prodotti\/berkel-coltello-elegance-santoku-16-cm-rosso.jpg?ssl=1","datePublished":"2026-04-12T06:38:36+00:00","description":"EL CUCHILLO PARA LA CARNE, EL PESCADO Y LAS VERDURAS Un cuchillo robusto con una relaci\u00f3n equilibrada entre peso y rigidez. De dise\u00f1o tradicional japon\u00e9s,","breadcrumb":{"@id":"https:\/\/dev6.erresse-shop.it\/es\/shop\/cocina\/cuchillos\/cuchillos-de-cocina\/berkel-cuchillo-santoku-elegance-18-cm-rojo\/#breadcrumb"},"inLanguage":"es","potentialAction":[{"@type":"ReadAction","target":["https:\/\/dev6.erresse-shop.it\/es\/shop\/cocina\/cuchillos\/cuchillos-de-cocina\/berkel-cuchillo-santoku-elegance-18-cm-rojo\/"]}]},{"@type":"ImageObject","inLanguage":"es","@id":"https:\/\/dev6.erresse-shop.it\/es\/shop\/cocina\/cuchillos\/cuchillos-de-cocina\/berkel-cuchillo-santoku-elegance-18-cm-rojo\/#primaryimage","url":"https:\/\/i1.wp.com\/interpim.erresse-shop.it\/Import\/Prodotti\/berkel-coltello-elegance-santoku-16-cm-rosso.jpg?ssl=1","contentUrl":"https:\/\/i1.wp.com\/interpim.erresse-shop.it\/Import\/Prodotti\/berkel-coltello-elegance-santoku-16-cm-rosso.jpg?ssl=1"},{"@type":"BreadcrumbList","@id":"https:\/\/dev6.erresse-shop.it\/es\/shop\/cocina\/cuchillos\/cuchillos-de-cocina\/berkel-cuchillo-santoku-elegance-18-cm-rojo\/#breadcrumb","itemListElement":[{"@type":"ListItem","position":1,"name":"Home","item":"https:\/\/dev6.erresse-shop.it\/"},{"@type":"ListItem","position":2,"name":"Tienda","item":"https:\/\/dev6.erresse-shop.it\/shop\/"},{"@type":"ListItem","position":3,"name":"BERKEL Cuchillo Santoku Elegance 18 cm Rojo"}]},{"@type":"WebSite","@id":"https:\/\/dev6.erresse-shop.it\/#website","url":"https:\/\/dev6.erresse-shop.it\/","name":"Erresse Shop","description":"","publisher":{"@id":"https:\/\/dev6.erresse-shop.it\/#organization"},"potentialAction":[{"@type":"SearchAction","target":{"@type":"EntryPoint","urlTemplate":"https:\/\/dev6.erresse-shop.it\/?s={search_term_string}"},"query-input":{"@type":"PropertyValueSpecification","valueRequired":true,"valueName":"search_term_string"}}],"inLanguage":"es"},{"@type":"Organization","@id":"https:\/\/dev6.erresse-shop.it\/#organization","name":"Erresse Shop","url":"https:\/\/dev6.erresse-shop.it\/","logo":{"@type":"ImageObject","inLanguage":"es","@id":"https:\/\/dev6.erresse-shop.it\/#\/schema\/logo\/image\/","url":"https:\/\/dev6.erresse-shop.it\/wp-content\/uploads\/2025\/01\/LOGO-ERRESSE-CLASSICO.svg","contentUrl":"https:\/\/dev6.erresse-shop.it\/wp-content\/uploads\/2025\/01\/LOGO-ERRESSE-CLASSICO.svg","caption":"Erresse Shop"},"image":{"@id":"https:\/\/dev6.erresse-shop.it\/#\/schema\/logo\/image\/"}}]}},"df_price":89.25,"df_sale_price":89.25,"df_regular_price":119,"df_image_link":"https:\/\/i1.wp.com\/interpim.erresse-shop.it\/Import\/Prodotti\/berkel-coltello-elegance-santoku-16-cm-rosso.jpg?resize=300,300&ssl=1","fifu_image_url":"https:\/\/interpim.erresse-shop.it\/Import\/Prodotti\/berkel-coltello-elegance-santoku-16-cm-rosso.jpg","_links":{"self":[{"href":"https:\/\/dev6.erresse-shop.it\/es\/wp-json\/wp\/v2\/product\/1877474","targetHints":{"allow":["GET"]}}],"collection":[{"href":"https:\/\/dev6.erresse-shop.it\/es\/wp-json\/wp\/v2\/product"}],"about":[{"href":"https:\/\/dev6.erresse-shop.it\/es\/wp-json\/wp\/v2\/types\/product"}],"wp:featuredmedia":[{"embeddable":true,"href":"https:\/\/dev6.erresse-shop.it\/es\/wp-json\/wp\/v2\/media\/6351838"}],"wp:attachment":[{"href":"https:\/\/dev6.erresse-shop.it\/es\/wp-json\/wp\/v2\/media?parent=1877474"}],"wp:term":[{"taxonomy":"product_cat","embeddable":true,"href":"https:\/\/dev6.erresse-shop.it\/es\/wp-json\/wp\/v2\/product_cat?post=1877474"},{"taxonomy":"product_tag","embeddable":true,"href":"https:\/\/dev6.erresse-shop.it\/es\/wp-json\/wp\/v2\/product_tag?post=1877474"}],"curies":[{"name":"wp","href":"https:\/\/api.w.org\/{rel}","templated":true}]}}