{"id":1877452,"date":"2026-04-04T08:36:36","date_gmt":"2026-04-04T06:36:36","guid":{"rendered":"https:\/\/dev6.erresse-shop.it\/shop\/sin%20categor\u00eda\/sambonet-kikka-juego-de-ollas-7-piezas\/"},"modified":"2025-07-04T21:33:05","modified_gmt":"2025-07-04T19:33:05","slug":"sambonet-kikka-juego-de-ollas-7-piezas","status":"publish","type":"product","link":"https:\/\/dev6.erresse-shop.it\/es\/shop\/sartenes-y-ollas\/juegos-de-ollas\/sambonet-kikka-juego-de-ollas-7-piezas\/","title":{"rendered":"SAMBONET Kikka Juego de Ollas 7 Piezas"},"content":{"rendered":"<p>L\u00edneas fluidas, sencillas y al mismo tiempo poco convencionales. Las ollas y sartenes Kikka devuelven el encanto de la tradici\u00f3n y del hogar a las cocinas de todos los hogares.<\/p>\n<p>El set contiene:<\/p>\n<p>Olla alta de 2 asas de 20 cm<br \/>\nCacerola alta, 1 asa cm 16<br \/>\nCacerola profunda 2 asas cm 20<br \/>\nCacerola baja 2 asas cm 24<br \/>\nTapa cm 16<br \/>\nTapa cm 20<br \/>\nTapa cm 24<\/p>\n<p>ANTES DE CADA USO<br \/>\nLavar bien el utensilio con agua caliente y jab\u00f3n, aclarar y secar.<\/p>\n<p>PRECAUCIONES<br \/>\nNo deje nunca sartenes vac\u00edas sobre las fuentes de calor. No permita que la llama se desborde por el fondo. En cuanto el contenido llegue a la ebullici\u00f3n, reduzca el suministro de gas o electricidad: el fondo mantendr\u00e1 la temperatura dentro de la olla.<br \/>\nCuidado con la sal: no a\u00f1ada sal cuando haga fr\u00edo, ya que los cristales de sal provocan una reacci\u00f3n electrol\u00edtica y qu\u00edmica que puede corroer el acero. Es mejor esperar a que el agua hierva.<\/p>\n<p>LIMPIEZA<br \/>\nNo utilice detergentes que contengan cloro, por ejemplo, lej\u00eda (hipoclorito de sodio), ya que pueden atacar el acero inoxidable. Evite los golpes violentos y los cambios de temperatura. No enfriar bruscamente. No utilizar para almacenar alimentos que contengan \u00e1cido c\u00edtrico, ac\u00e9tico o l\u00e1ctico. Utilice s\u00f3lo productos espec\u00edficamente dise\u00f1ados para el acero inoxidable para eliminar las marcas iridiscentes causadas por el sobrecalentamiento. Para eliminar las manchas blanquecinas causadas por la cal, hervir agua con vinagre, dejar enfriar y lavar normalmente.<\/p>\n","protected":false},"excerpt":{"rendered":"<p>L\u00edneas fluidas, sencillas y al mismo tiempo poco convencionales. Las ollas y sartenes Kikka devuelven el encanto de la tradici\u00f3n y del hogar a las cocinas de todos los hogares. El set contiene: Olla alta de 2 asas de 20 cm Cacerola alta, 1 asa cm 16 Cacerola profunda 2 asas cm 20 Cacerola baja [&hellip;]<\/p>\n","protected":false},"featured_media":6268458,"template":"","meta":{"_acf_changed":false},"product_cat":[11916,11667,11883],"product_tag":[],"class_list":{"0":"post-1877452","1":"product","2":"type-product","3":"status-publish","4":"has-post-thumbnail","6":"product_cat-juegos-de-ollas","7":"product_cat-padelle-pentole","8":"product_cat-sartenes-y-ollas","10":"first","11":"outofstock","12":"taxable","13":"shipping-taxable","14":"product-type-simple","swatches":"rey-swatches","show_selected":"","stretch_labels":"rey-swatches--stretch-labels"},"acf":[],"yoast_head":"<!-- This site is optimized with the Yoast SEO plugin v25.4 - https:\/\/yoast.com\/wordpress\/plugins\/seo\/ -->\n<title>SAMBONET Kikka Juego de Ollas 7 Piezas - dev6 Erresse<\/title>\n<meta name=\"description\" content=\"L\u00edneas fluidas, sencillas y al mismo tiempo poco convencionales. Las ollas y sartenes Kikka devuelven el encanto de la tradici\u00f3n y del hogar a las cocinas\" \/>\n<meta name=\"robots\" content=\"noindex, follow, max-snippet:-1, max-image-preview:large, max-video-preview:-1\" \/>\n<meta property=\"og:locale\" content=\"es_ES\" \/>\n<meta property=\"og:type\" content=\"article\" \/>\n<meta property=\"og:title\" content=\"SAMBONET Kikka Juego de Ollas 7 Piezas - dev6 Erresse\" \/>\n<meta property=\"og:description\" content=\"L\u00edneas fluidas, sencillas y al mismo tiempo poco convencionales. Las ollas y sartenes Kikka devuelven el encanto de la tradici\u00f3n y del hogar a las cocinas\" \/>\n<meta property=\"og:url\" content=\"https:\/\/dev6.erresse-shop.it\/es\/shop\/sartenes-y-ollas\/juegos-de-ollas\/sambonet-kikka-juego-de-ollas-7-piezas\/\" \/>\n<meta property=\"og:site_name\" content=\"dev6 Erresse\" \/>\n<meta property=\"og:image\" content=\"https:\/\/interpim.erresse-shop.it\/img-catalogo\/sambonet\/sambonet-batteria-pentole-7-pezzi.jpg\" \/><meta property=\"og:image\" content=\"https:\/\/interpim.erresse-shop.it\/img-catalogo\/sambonet\/sambonet-batteria-pentole-7-pezzi.jpg\" \/>\n\t<meta property=\"og:image:width\" content=\"1024\" \/>\n\t<meta property=\"og:image:height\" content=\"1024\" \/>\n\t<meta property=\"og:image:type\" content=\"image\/jpeg\" \/>\n<meta name=\"twitter:card\" content=\"summary_large_image\" \/>\n<meta name=\"twitter:image\" content=\"https:\/\/interpim.erresse-shop.it\/img-catalogo\/sambonet\/sambonet-batteria-pentole-7-pezzi.jpg\" \/>\n<script type=\"application\/ld+json\" class=\"yoast-schema-graph\">{\"@context\":\"https:\/\/schema.org\",\"@graph\":[{\"@type\":\"WebPage\",\"@id\":\"https:\/\/dev6.erresse-shop.it\/es\/shop\/sartenes-y-ollas\/juegos-de-ollas\/sambonet-kikka-juego-de-ollas-7-piezas\/\",\"url\":\"https:\/\/dev6.erresse-shop.it\/es\/shop\/sartenes-y-ollas\/juegos-de-ollas\/sambonet-kikka-juego-de-ollas-7-piezas\/\",\"name\":\"SAMBONET Kikka Juego de Ollas 7 Piezas - dev6 Erresse\",\"isPartOf\":{\"@id\":\"https:\/\/dev6.erresse-shop.it\/#website\"},\"primaryImageOfPage\":{\"@id\":\"https:\/\/dev6.erresse-shop.it\/es\/shop\/sartenes-y-ollas\/juegos-de-ollas\/sambonet-kikka-juego-de-ollas-7-piezas\/#primaryimage\"},\"image\":{\"@id\":\"https:\/\/dev6.erresse-shop.it\/es\/shop\/sartenes-y-ollas\/juegos-de-ollas\/sambonet-kikka-juego-de-ollas-7-piezas\/#primaryimage\"},\"thumbnailUrl\":\"https:\/\/i3.wp.com\/interpim.erresse-shop.it\/img-catalogo\/sambonet\/sambonet-batteria-pentole-7-pezzi.jpg?ssl=1\",\"datePublished\":\"2026-04-04T06:36:36+00:00\",\"description\":\"L\u00edneas fluidas, sencillas y al mismo tiempo poco convencionales. Las ollas y sartenes Kikka devuelven el encanto de la tradici\u00f3n y del hogar a las cocinas\",\"breadcrumb\":{\"@id\":\"https:\/\/dev6.erresse-shop.it\/es\/shop\/sartenes-y-ollas\/juegos-de-ollas\/sambonet-kikka-juego-de-ollas-7-piezas\/#breadcrumb\"},\"inLanguage\":\"es\",\"potentialAction\":[{\"@type\":\"ReadAction\",\"target\":[\"https:\/\/dev6.erresse-shop.it\/es\/shop\/sartenes-y-ollas\/juegos-de-ollas\/sambonet-kikka-juego-de-ollas-7-piezas\/\"]}]},{\"@type\":\"ImageObject\",\"inLanguage\":\"es\",\"@id\":\"https:\/\/dev6.erresse-shop.it\/es\/shop\/sartenes-y-ollas\/juegos-de-ollas\/sambonet-kikka-juego-de-ollas-7-piezas\/#primaryimage\",\"url\":\"https:\/\/i3.wp.com\/interpim.erresse-shop.it\/img-catalogo\/sambonet\/sambonet-batteria-pentole-7-pezzi.jpg?ssl=1\",\"contentUrl\":\"https:\/\/i3.wp.com\/interpim.erresse-shop.it\/img-catalogo\/sambonet\/sambonet-batteria-pentole-7-pezzi.jpg?ssl=1\"},{\"@type\":\"BreadcrumbList\",\"@id\":\"https:\/\/dev6.erresse-shop.it\/es\/shop\/sartenes-y-ollas\/juegos-de-ollas\/sambonet-kikka-juego-de-ollas-7-piezas\/#breadcrumb\",\"itemListElement\":[{\"@type\":\"ListItem\",\"position\":1,\"name\":\"Home\",\"item\":\"https:\/\/dev6.erresse-shop.it\/\"},{\"@type\":\"ListItem\",\"position\":2,\"name\":\"Tienda\",\"item\":\"https:\/\/dev6.erresse-shop.it\/shop\/\"},{\"@type\":\"ListItem\",\"position\":3,\"name\":\"SAMBONET Kikka Juego de Ollas 7 Piezas\"}]},{\"@type\":\"WebSite\",\"@id\":\"https:\/\/dev6.erresse-shop.it\/#website\",\"url\":\"https:\/\/dev6.erresse-shop.it\/\",\"name\":\"Erresse Shop\",\"description\":\"\",\"publisher\":{\"@id\":\"https:\/\/dev6.erresse-shop.it\/#organization\"},\"potentialAction\":[{\"@type\":\"SearchAction\",\"target\":{\"@type\":\"EntryPoint\",\"urlTemplate\":\"https:\/\/dev6.erresse-shop.it\/?s={search_term_string}\"},\"query-input\":{\"@type\":\"PropertyValueSpecification\",\"valueRequired\":true,\"valueName\":\"search_term_string\"}}],\"inLanguage\":\"es\"},{\"@type\":\"Organization\",\"@id\":\"https:\/\/dev6.erresse-shop.it\/#organization\",\"name\":\"Erresse Shop\",\"url\":\"https:\/\/dev6.erresse-shop.it\/\",\"logo\":{\"@type\":\"ImageObject\",\"inLanguage\":\"es\",\"@id\":\"https:\/\/dev6.erresse-shop.it\/#\/schema\/logo\/image\/\",\"url\":\"https:\/\/dev6.erresse-shop.it\/wp-content\/uploads\/2025\/01\/LOGO-ERRESSE-CLASSICO.svg\",\"contentUrl\":\"https:\/\/dev6.erresse-shop.it\/wp-content\/uploads\/2025\/01\/LOGO-ERRESSE-CLASSICO.svg\",\"caption\":\"Erresse Shop\"},\"image\":{\"@id\":\"https:\/\/dev6.erresse-shop.it\/#\/schema\/logo\/image\/\"}}]}<\/script>\n<!-- \/ Yoast SEO plugin. -->","yoast_head_json":{"title":"SAMBONET Kikka Juego de Ollas 7 Piezas - dev6 Erresse","description":"L\u00edneas fluidas, sencillas y al mismo tiempo poco convencionales. Las ollas y sartenes Kikka devuelven el encanto de la tradici\u00f3n y del hogar a las cocinas","robots":{"index":"noindex","follow":"follow","max-snippet":"max-snippet:-1","max-image-preview":"max-image-preview:large","max-video-preview":"max-video-preview:-1"},"og_locale":"es_ES","og_type":"article","og_title":"SAMBONET Kikka Juego de Ollas 7 Piezas - dev6 Erresse","og_description":"L\u00edneas fluidas, sencillas y al mismo tiempo poco convencionales. Las ollas y sartenes Kikka devuelven el encanto de la tradici\u00f3n y del hogar a las cocinas","og_url":"https:\/\/dev6.erresse-shop.it\/es\/shop\/sartenes-y-ollas\/juegos-de-ollas\/sambonet-kikka-juego-de-ollas-7-piezas\/","og_site_name":"dev6 Erresse","og_image":[{"url":"https:\/\/interpim.erresse-shop.it\/img-catalogo\/sambonet\/sambonet-batteria-pentole-7-pezzi.jpg","type":"","width":"","height":""},{"url":"https:\/\/interpim.erresse-shop.it\/img-catalogo\/sambonet\/sambonet-batteria-pentole-7-pezzi.jpg","width":1024,"height":1024,"type":"image\/jpeg"}],"twitter_card":"summary_large_image","twitter_image":"https:\/\/interpim.erresse-shop.it\/img-catalogo\/sambonet\/sambonet-batteria-pentole-7-pezzi.jpg","schema":{"@context":"https:\/\/schema.org","@graph":[{"@type":"WebPage","@id":"https:\/\/dev6.erresse-shop.it\/es\/shop\/sartenes-y-ollas\/juegos-de-ollas\/sambonet-kikka-juego-de-ollas-7-piezas\/","url":"https:\/\/dev6.erresse-shop.it\/es\/shop\/sartenes-y-ollas\/juegos-de-ollas\/sambonet-kikka-juego-de-ollas-7-piezas\/","name":"SAMBONET Kikka Juego de Ollas 7 Piezas - dev6 Erresse","isPartOf":{"@id":"https:\/\/dev6.erresse-shop.it\/#website"},"primaryImageOfPage":{"@id":"https:\/\/dev6.erresse-shop.it\/es\/shop\/sartenes-y-ollas\/juegos-de-ollas\/sambonet-kikka-juego-de-ollas-7-piezas\/#primaryimage"},"image":{"@id":"https:\/\/dev6.erresse-shop.it\/es\/shop\/sartenes-y-ollas\/juegos-de-ollas\/sambonet-kikka-juego-de-ollas-7-piezas\/#primaryimage"},"thumbnailUrl":"https:\/\/i3.wp.com\/interpim.erresse-shop.it\/img-catalogo\/sambonet\/sambonet-batteria-pentole-7-pezzi.jpg?ssl=1","datePublished":"2026-04-04T06:36:36+00:00","description":"L\u00edneas fluidas, sencillas y al mismo tiempo poco convencionales. Las ollas y sartenes Kikka devuelven el encanto de la tradici\u00f3n y del hogar a las cocinas","breadcrumb":{"@id":"https:\/\/dev6.erresse-shop.it\/es\/shop\/sartenes-y-ollas\/juegos-de-ollas\/sambonet-kikka-juego-de-ollas-7-piezas\/#breadcrumb"},"inLanguage":"es","potentialAction":[{"@type":"ReadAction","target":["https:\/\/dev6.erresse-shop.it\/es\/shop\/sartenes-y-ollas\/juegos-de-ollas\/sambonet-kikka-juego-de-ollas-7-piezas\/"]}]},{"@type":"ImageObject","inLanguage":"es","@id":"https:\/\/dev6.erresse-shop.it\/es\/shop\/sartenes-y-ollas\/juegos-de-ollas\/sambonet-kikka-juego-de-ollas-7-piezas\/#primaryimage","url":"https:\/\/i3.wp.com\/interpim.erresse-shop.it\/img-catalogo\/sambonet\/sambonet-batteria-pentole-7-pezzi.jpg?ssl=1","contentUrl":"https:\/\/i3.wp.com\/interpim.erresse-shop.it\/img-catalogo\/sambonet\/sambonet-batteria-pentole-7-pezzi.jpg?ssl=1"},{"@type":"BreadcrumbList","@id":"https:\/\/dev6.erresse-shop.it\/es\/shop\/sartenes-y-ollas\/juegos-de-ollas\/sambonet-kikka-juego-de-ollas-7-piezas\/#breadcrumb","itemListElement":[{"@type":"ListItem","position":1,"name":"Home","item":"https:\/\/dev6.erresse-shop.it\/"},{"@type":"ListItem","position":2,"name":"Tienda","item":"https:\/\/dev6.erresse-shop.it\/shop\/"},{"@type":"ListItem","position":3,"name":"SAMBONET Kikka Juego de Ollas 7 Piezas"}]},{"@type":"WebSite","@id":"https:\/\/dev6.erresse-shop.it\/#website","url":"https:\/\/dev6.erresse-shop.it\/","name":"Erresse Shop","description":"","publisher":{"@id":"https:\/\/dev6.erresse-shop.it\/#organization"},"potentialAction":[{"@type":"SearchAction","target":{"@type":"EntryPoint","urlTemplate":"https:\/\/dev6.erresse-shop.it\/?s={search_term_string}"},"query-input":{"@type":"PropertyValueSpecification","valueRequired":true,"valueName":"search_term_string"}}],"inLanguage":"es"},{"@type":"Organization","@id":"https:\/\/dev6.erresse-shop.it\/#organization","name":"Erresse Shop","url":"https:\/\/dev6.erresse-shop.it\/","logo":{"@type":"ImageObject","inLanguage":"es","@id":"https:\/\/dev6.erresse-shop.it\/#\/schema\/logo\/image\/","url":"https:\/\/dev6.erresse-shop.it\/wp-content\/uploads\/2025\/01\/LOGO-ERRESSE-CLASSICO.svg","contentUrl":"https:\/\/dev6.erresse-shop.it\/wp-content\/uploads\/2025\/01\/LOGO-ERRESSE-CLASSICO.svg","caption":"Erresse Shop"},"image":{"@id":"https:\/\/dev6.erresse-shop.it\/#\/schema\/logo\/image\/"}}]}},"df_price":"","df_sale_price":"","df_regular_price":"","df_image_link":"https:\/\/i3.wp.com\/interpim.erresse-shop.it\/img-catalogo\/sambonet\/sambonet-batteria-pentole-7-pezzi.jpg?resize=300,300&ssl=1","fifu_image_url":"https:\/\/interpim.erresse-shop.it\/img-catalogo\/sambonet\/sambonet-batteria-pentole-7-pezzi.jpg","_links":{"self":[{"href":"https:\/\/dev6.erresse-shop.it\/es\/wp-json\/wp\/v2\/product\/1877452","targetHints":{"allow":["GET"]}}],"collection":[{"href":"https:\/\/dev6.erresse-shop.it\/es\/wp-json\/wp\/v2\/product"}],"about":[{"href":"https:\/\/dev6.erresse-shop.it\/es\/wp-json\/wp\/v2\/types\/product"}],"wp:featuredmedia":[{"embeddable":true,"href":"https:\/\/dev6.erresse-shop.it\/es\/wp-json\/wp\/v2\/media\/6268458"}],"wp:attachment":[{"href":"https:\/\/dev6.erresse-shop.it\/es\/wp-json\/wp\/v2\/media?parent=1877452"}],"wp:term":[{"taxonomy":"product_cat","embeddable":true,"href":"https:\/\/dev6.erresse-shop.it\/es\/wp-json\/wp\/v2\/product_cat?post=1877452"},{"taxonomy":"product_tag","embeddable":true,"href":"https:\/\/dev6.erresse-shop.it\/es\/wp-json\/wp\/v2\/product_tag?post=1877452"}],"curies":[{"name":"wp","href":"https:\/\/api.w.org\/{rel}","templated":true}]}}