{"id":1877426,"date":"2026-04-12T08:37:37","date_gmt":"2026-04-12T06:37:37","guid":{"rendered":"https:\/\/dev6.erresse-shop.it\/shop\/sin%20categor\u00eda\/zafferano-poldina-pro-lampara-de-mesa-arena\/"},"modified":"2025-09-14T07:51:43","modified_gmt":"2025-09-14T05:51:43","slug":"zafferano-poldina-pro-lampara-de-mesa-arena","status":"publish","type":"product","link":"https:\/\/dev6.erresse-shop.it\/es\/shop\/mobiliario\/lamparas\/zafferano-poldina-pro-lampara-de-mesa-arena\/","title":{"rendered":"ZAFFERANO Poldina PRO L\u00e1mpara de Mesa Arena"},"content":{"rendered":"<p>Solo o en compa\u00f1\u00eda, fiel c\u00f3mplice durante m\u00e1s de 9 horas.<\/p>\n<p>L\u00e1mpara de sobremesa recargable y regulable, con base de carga por contacto, con cuerpo de aluminio pintado, difusor de policarbonato y fuente de luz LED. La colecci\u00f3n Poldina tiene un grado de protecci\u00f3n IP54, lo que la hace apta para su uso tanto en interiores como en exteriores.<\/p>\n<p>La bater\u00eda de iones de litio tiene una duraci\u00f3n garantizada de m\u00e1s de 9 horas. El env\u00edo incluye un cargador USB y una base de carga de un solo contacto.<br \/>\nLa luz LED proporciona un brillo claro durante varias actividades; temperatura de color 3000 k<br \/>\nEncendido y apagado mediante una pulsaci\u00f3n r\u00e1pida en el mando t\u00e1ctil; atenuaci\u00f3n mediante una pulsaci\u00f3n r\u00e1pida en el mando t\u00e1ctil hasta la luminosidad deseada; LED rojo de carga en curso, LED verde de bater\u00eda cargada.<\/p>\n<p>FUNCI\u00d3N DE SELECCI\u00d3N DE LA TEMPERATURA DEL COLOR<br \/>\nPuede elegir una luz m\u00e1s o menos c\u00e1lida, entre las opciones 2700 y 3000K. La diferente tonalidad de la luz se denomina \u201ctemperatura de color\u201d y se mide con grados Kelvin (K): 2700K significa luz c\u00e1lida, 4000K corresponde a una luz completamente blanca, 6500K significa luz fr\u00eda, blanca azulada.<\/p>\n<p>Con la l\u00e1mpara apagada, pulse ligeramente durante 4 segundos hasta que se encienda un LED azul fijo.<br \/>\nUn toque r\u00e1pido en el panel t\u00e1ctil cambia la temperatura del color de la l\u00e1mpara.<br \/>\nPresiona la luz durante 4 segundos para memorizar la nueva temperatura de color y apaga la l\u00e1mpara.<\/p>\n<p>Grado de protecci\u00f3n IP65<br \/>\nEl \u00edndice de protecci\u00f3n IP es un par\u00e1metro internacional que clasifica el grado de protecci\u00f3n de una luminaria contra la intrusi\u00f3n de part\u00edculas s\u00f3lidas y l\u00edquidas. La nueva Poldina ha superado las nuevas pruebas de laboratorio y, por lo tanto, ahora tiene una clase de protecci\u00f3n superior: IP65.<\/p>\n<p>Funci\u00f3n de memoria de regulaci\u00f3n<br \/>\nEsta funci\u00f3n almacena los pasos de regulaci\u00f3n: cada vez que se encienda la luminaria, la intensidad de la luz no ser\u00e1 la m\u00e1xima, sino que corresponder\u00e1 a la previamente ajustada.<\/p>\n<p>DIMENSIONES<br \/>\nAltura: 380 mm<br \/>\nDi\u00e1metro: 110 mm<\/p>\n","protected":false},"excerpt":{"rendered":"<p>Solo o en compa\u00f1\u00eda, fiel c\u00f3mplice durante m\u00e1s de 9 horas. L\u00e1mpara de sobremesa recargable y regulable, con base de carga por contacto, con cuerpo de aluminio pintado, difusor de policarbonato y fuente de luz LED. La colecci\u00f3n Poldina tiene un grado de protecci\u00f3n IP54, lo que la hace apta para su uso tanto en [&hellip;]<\/p>\n","protected":false},"featured_media":6351629,"template":"","meta":{"_acf_changed":false},"product_cat":[11666,11911,11882],"product_tag":[],"class_list":{"0":"post-1877426","1":"product","2":"type-product","3":"status-publish","4":"has-post-thumbnail","6":"product_cat-arredamento-casa","7":"product_cat-lamparas","8":"product_cat-mobiliario","10":"first","11":"outofstock","12":"sale","13":"taxable","14":"shipping-taxable","15":"purchasable","16":"product-type-simple","swatches":"rey-swatches","show_selected":"","stretch_labels":"rey-swatches--stretch-labels"},"acf":[],"yoast_head":"<!-- This site is optimized with the Yoast SEO plugin v25.4 - https:\/\/yoast.com\/wordpress\/plugins\/seo\/ -->\n<title>ZAFFERANO Poldina PRO L\u00e1mpara de Mesa Arena - dev6 Erresse<\/title>\n<meta name=\"description\" content=\"Solo o en compa\u00f1\u00eda, fiel c\u00f3mplice durante m\u00e1s de 9 horas. L\u00e1mpara de sobremesa recargable y regulable, con base de carga por contacto, con cuerpo de\" \/>\n<meta name=\"robots\" content=\"noindex, follow, max-snippet:-1, max-image-preview:large, max-video-preview:-1\" \/>\n<meta property=\"og:locale\" content=\"es_ES\" \/>\n<meta property=\"og:type\" content=\"article\" \/>\n<meta property=\"og:title\" content=\"ZAFFERANO Poldina PRO L\u00e1mpara de Mesa Arena - dev6 Erresse\" \/>\n<meta property=\"og:description\" content=\"Solo o en compa\u00f1\u00eda, fiel c\u00f3mplice durante m\u00e1s de 9 horas. L\u00e1mpara de sobremesa recargable y regulable, con base de carga por contacto, con cuerpo de\" \/>\n<meta property=\"og:url\" content=\"https:\/\/dev6.erresse-shop.it\/es\/shop\/mobiliario\/lamparas\/zafferano-poldina-pro-lampara-de-mesa-arena\/\" \/>\n<meta property=\"og:site_name\" content=\"dev6 Erresse\" \/>\n<meta property=\"og:image\" content=\"https:\/\/interpim.erresse-shop.it\/img-catalogo\/zafferano\/zafferano-poldina-pro-sabbia.3.jpg\" \/><meta property=\"og:image\" content=\"https:\/\/interpim.erresse-shop.it\/img-catalogo\/zafferano\/zafferano-poldina-pro-sabbia.3.jpg\" \/>\n\t<meta property=\"og:image:width\" content=\"1024\" \/>\n\t<meta property=\"og:image:height\" content=\"1024\" \/>\n\t<meta property=\"og:image:type\" content=\"image\/jpeg\" \/>\n<meta name=\"twitter:card\" content=\"summary_large_image\" \/>\n<meta name=\"twitter:image\" content=\"https:\/\/interpim.erresse-shop.it\/img-catalogo\/zafferano\/zafferano-poldina-pro-sabbia.3.jpg\" \/>\n<script type=\"application\/ld+json\" class=\"yoast-schema-graph\">{\"@context\":\"https:\/\/schema.org\",\"@graph\":[{\"@type\":\"WebPage\",\"@id\":\"https:\/\/dev6.erresse-shop.it\/es\/shop\/mobiliario\/lamparas\/zafferano-poldina-pro-lampara-de-mesa-arena\/\",\"url\":\"https:\/\/dev6.erresse-shop.it\/es\/shop\/mobiliario\/lamparas\/zafferano-poldina-pro-lampara-de-mesa-arena\/\",\"name\":\"ZAFFERANO Poldina PRO L\u00e1mpara de Mesa Arena - dev6 Erresse\",\"isPartOf\":{\"@id\":\"https:\/\/dev6.erresse-shop.it\/#website\"},\"primaryImageOfPage\":{\"@id\":\"https:\/\/dev6.erresse-shop.it\/es\/shop\/mobiliario\/lamparas\/zafferano-poldina-pro-lampara-de-mesa-arena\/#primaryimage\"},\"image\":{\"@id\":\"https:\/\/dev6.erresse-shop.it\/es\/shop\/mobiliario\/lamparas\/zafferano-poldina-pro-lampara-de-mesa-arena\/#primaryimage\"},\"thumbnailUrl\":\"https:\/\/i2.wp.com\/interpim.erresse-shop.it\/img-catalogo\/zafferano\/zafferano-poldina-pro-sabbia.3.jpg?ssl=1\",\"datePublished\":\"2026-04-12T06:37:37+00:00\",\"description\":\"Solo o en compa\u00f1\u00eda, fiel c\u00f3mplice durante m\u00e1s de 9 horas. L\u00e1mpara de sobremesa recargable y regulable, con base de carga por contacto, con cuerpo de\",\"breadcrumb\":{\"@id\":\"https:\/\/dev6.erresse-shop.it\/es\/shop\/mobiliario\/lamparas\/zafferano-poldina-pro-lampara-de-mesa-arena\/#breadcrumb\"},\"inLanguage\":\"es\",\"potentialAction\":[{\"@type\":\"ReadAction\",\"target\":[\"https:\/\/dev6.erresse-shop.it\/es\/shop\/mobiliario\/lamparas\/zafferano-poldina-pro-lampara-de-mesa-arena\/\"]}]},{\"@type\":\"ImageObject\",\"inLanguage\":\"es\",\"@id\":\"https:\/\/dev6.erresse-shop.it\/es\/shop\/mobiliario\/lamparas\/zafferano-poldina-pro-lampara-de-mesa-arena\/#primaryimage\",\"url\":\"https:\/\/i2.wp.com\/interpim.erresse-shop.it\/img-catalogo\/zafferano\/zafferano-poldina-pro-sabbia.3.jpg?ssl=1\",\"contentUrl\":\"https:\/\/i2.wp.com\/interpim.erresse-shop.it\/img-catalogo\/zafferano\/zafferano-poldina-pro-sabbia.3.jpg?ssl=1\"},{\"@type\":\"BreadcrumbList\",\"@id\":\"https:\/\/dev6.erresse-shop.it\/es\/shop\/mobiliario\/lamparas\/zafferano-poldina-pro-lampara-de-mesa-arena\/#breadcrumb\",\"itemListElement\":[{\"@type\":\"ListItem\",\"position\":1,\"name\":\"Home\",\"item\":\"https:\/\/dev6.erresse-shop.it\/\"},{\"@type\":\"ListItem\",\"position\":2,\"name\":\"Tienda\",\"item\":\"https:\/\/dev6.erresse-shop.it\/shop\/\"},{\"@type\":\"ListItem\",\"position\":3,\"name\":\"ZAFFERANO Poldina PRO L\u00e1mpara de Mesa Arena\"}]},{\"@type\":\"WebSite\",\"@id\":\"https:\/\/dev6.erresse-shop.it\/#website\",\"url\":\"https:\/\/dev6.erresse-shop.it\/\",\"name\":\"Erresse Shop\",\"description\":\"\",\"publisher\":{\"@id\":\"https:\/\/dev6.erresse-shop.it\/#organization\"},\"potentialAction\":[{\"@type\":\"SearchAction\",\"target\":{\"@type\":\"EntryPoint\",\"urlTemplate\":\"https:\/\/dev6.erresse-shop.it\/?s={search_term_string}\"},\"query-input\":{\"@type\":\"PropertyValueSpecification\",\"valueRequired\":true,\"valueName\":\"search_term_string\"}}],\"inLanguage\":\"es\"},{\"@type\":\"Organization\",\"@id\":\"https:\/\/dev6.erresse-shop.it\/#organization\",\"name\":\"Erresse Shop\",\"url\":\"https:\/\/dev6.erresse-shop.it\/\",\"logo\":{\"@type\":\"ImageObject\",\"inLanguage\":\"es\",\"@id\":\"https:\/\/dev6.erresse-shop.it\/#\/schema\/logo\/image\/\",\"url\":\"https:\/\/dev6.erresse-shop.it\/wp-content\/uploads\/2025\/01\/LOGO-ERRESSE-CLASSICO.svg\",\"contentUrl\":\"https:\/\/dev6.erresse-shop.it\/wp-content\/uploads\/2025\/01\/LOGO-ERRESSE-CLASSICO.svg\",\"caption\":\"Erresse Shop\"},\"image\":{\"@id\":\"https:\/\/dev6.erresse-shop.it\/#\/schema\/logo\/image\/\"}}]}<\/script>\n<!-- \/ Yoast SEO plugin. -->","yoast_head_json":{"title":"ZAFFERANO Poldina PRO L\u00e1mpara de Mesa Arena - dev6 Erresse","description":"Solo o en compa\u00f1\u00eda, fiel c\u00f3mplice durante m\u00e1s de 9 horas. L\u00e1mpara de sobremesa recargable y regulable, con base de carga por contacto, con cuerpo de","robots":{"index":"noindex","follow":"follow","max-snippet":"max-snippet:-1","max-image-preview":"max-image-preview:large","max-video-preview":"max-video-preview:-1"},"og_locale":"es_ES","og_type":"article","og_title":"ZAFFERANO Poldina PRO L\u00e1mpara de Mesa Arena - dev6 Erresse","og_description":"Solo o en compa\u00f1\u00eda, fiel c\u00f3mplice durante m\u00e1s de 9 horas. L\u00e1mpara de sobremesa recargable y regulable, con base de carga por contacto, con cuerpo de","og_url":"https:\/\/dev6.erresse-shop.it\/es\/shop\/mobiliario\/lamparas\/zafferano-poldina-pro-lampara-de-mesa-arena\/","og_site_name":"dev6 Erresse","og_image":[{"url":"https:\/\/interpim.erresse-shop.it\/img-catalogo\/zafferano\/zafferano-poldina-pro-sabbia.3.jpg","type":"","width":"","height":""},{"url":"https:\/\/interpim.erresse-shop.it\/img-catalogo\/zafferano\/zafferano-poldina-pro-sabbia.3.jpg","width":1024,"height":1024,"type":"image\/jpeg"}],"twitter_card":"summary_large_image","twitter_image":"https:\/\/interpim.erresse-shop.it\/img-catalogo\/zafferano\/zafferano-poldina-pro-sabbia.3.jpg","schema":{"@context":"https:\/\/schema.org","@graph":[{"@type":"WebPage","@id":"https:\/\/dev6.erresse-shop.it\/es\/shop\/mobiliario\/lamparas\/zafferano-poldina-pro-lampara-de-mesa-arena\/","url":"https:\/\/dev6.erresse-shop.it\/es\/shop\/mobiliario\/lamparas\/zafferano-poldina-pro-lampara-de-mesa-arena\/","name":"ZAFFERANO Poldina PRO L\u00e1mpara de Mesa Arena - dev6 Erresse","isPartOf":{"@id":"https:\/\/dev6.erresse-shop.it\/#website"},"primaryImageOfPage":{"@id":"https:\/\/dev6.erresse-shop.it\/es\/shop\/mobiliario\/lamparas\/zafferano-poldina-pro-lampara-de-mesa-arena\/#primaryimage"},"image":{"@id":"https:\/\/dev6.erresse-shop.it\/es\/shop\/mobiliario\/lamparas\/zafferano-poldina-pro-lampara-de-mesa-arena\/#primaryimage"},"thumbnailUrl":"https:\/\/i2.wp.com\/interpim.erresse-shop.it\/img-catalogo\/zafferano\/zafferano-poldina-pro-sabbia.3.jpg?ssl=1","datePublished":"2026-04-12T06:37:37+00:00","description":"Solo o en compa\u00f1\u00eda, fiel c\u00f3mplice durante m\u00e1s de 9 horas. L\u00e1mpara de sobremesa recargable y regulable, con base de carga por contacto, con cuerpo de","breadcrumb":{"@id":"https:\/\/dev6.erresse-shop.it\/es\/shop\/mobiliario\/lamparas\/zafferano-poldina-pro-lampara-de-mesa-arena\/#breadcrumb"},"inLanguage":"es","potentialAction":[{"@type":"ReadAction","target":["https:\/\/dev6.erresse-shop.it\/es\/shop\/mobiliario\/lamparas\/zafferano-poldina-pro-lampara-de-mesa-arena\/"]}]},{"@type":"ImageObject","inLanguage":"es","@id":"https:\/\/dev6.erresse-shop.it\/es\/shop\/mobiliario\/lamparas\/zafferano-poldina-pro-lampara-de-mesa-arena\/#primaryimage","url":"https:\/\/i2.wp.com\/interpim.erresse-shop.it\/img-catalogo\/zafferano\/zafferano-poldina-pro-sabbia.3.jpg?ssl=1","contentUrl":"https:\/\/i2.wp.com\/interpim.erresse-shop.it\/img-catalogo\/zafferano\/zafferano-poldina-pro-sabbia.3.jpg?ssl=1"},{"@type":"BreadcrumbList","@id":"https:\/\/dev6.erresse-shop.it\/es\/shop\/mobiliario\/lamparas\/zafferano-poldina-pro-lampara-de-mesa-arena\/#breadcrumb","itemListElement":[{"@type":"ListItem","position":1,"name":"Home","item":"https:\/\/dev6.erresse-shop.it\/"},{"@type":"ListItem","position":2,"name":"Tienda","item":"https:\/\/dev6.erresse-shop.it\/shop\/"},{"@type":"ListItem","position":3,"name":"ZAFFERANO Poldina PRO L\u00e1mpara de Mesa Arena"}]},{"@type":"WebSite","@id":"https:\/\/dev6.erresse-shop.it\/#website","url":"https:\/\/dev6.erresse-shop.it\/","name":"Erresse Shop","description":"","publisher":{"@id":"https:\/\/dev6.erresse-shop.it\/#organization"},"potentialAction":[{"@type":"SearchAction","target":{"@type":"EntryPoint","urlTemplate":"https:\/\/dev6.erresse-shop.it\/?s={search_term_string}"},"query-input":{"@type":"PropertyValueSpecification","valueRequired":true,"valueName":"search_term_string"}}],"inLanguage":"es"},{"@type":"Organization","@id":"https:\/\/dev6.erresse-shop.it\/#organization","name":"Erresse Shop","url":"https:\/\/dev6.erresse-shop.it\/","logo":{"@type":"ImageObject","inLanguage":"es","@id":"https:\/\/dev6.erresse-shop.it\/#\/schema\/logo\/image\/","url":"https:\/\/dev6.erresse-shop.it\/wp-content\/uploads\/2025\/01\/LOGO-ERRESSE-CLASSICO.svg","contentUrl":"https:\/\/dev6.erresse-shop.it\/wp-content\/uploads\/2025\/01\/LOGO-ERRESSE-CLASSICO.svg","caption":"Erresse Shop"},"image":{"@id":"https:\/\/dev6.erresse-shop.it\/#\/schema\/logo\/image\/"}}]}},"df_price":119.95,"df_sale_price":119.95,"df_regular_price":140,"df_image_link":"https:\/\/i2.wp.com\/interpim.erresse-shop.it\/img-catalogo\/zafferano\/zafferano-poldina-pro-sabbia.3.jpg?resize=300,300&ssl=1","fifu_image_url":"https:\/\/interpim.erresse-shop.it\/img-catalogo\/zafferano\/zafferano-poldina-pro-sabbia.3.jpg","_links":{"self":[{"href":"https:\/\/dev6.erresse-shop.it\/es\/wp-json\/wp\/v2\/product\/1877426","targetHints":{"allow":["GET"]}}],"collection":[{"href":"https:\/\/dev6.erresse-shop.it\/es\/wp-json\/wp\/v2\/product"}],"about":[{"href":"https:\/\/dev6.erresse-shop.it\/es\/wp-json\/wp\/v2\/types\/product"}],"wp:featuredmedia":[{"embeddable":true,"href":"https:\/\/dev6.erresse-shop.it\/es\/wp-json\/wp\/v2\/media\/6351629"}],"wp:attachment":[{"href":"https:\/\/dev6.erresse-shop.it\/es\/wp-json\/wp\/v2\/media?parent=1877426"}],"wp:term":[{"taxonomy":"product_cat","embeddable":true,"href":"https:\/\/dev6.erresse-shop.it\/es\/wp-json\/wp\/v2\/product_cat?post=1877426"},{"taxonomy":"product_tag","embeddable":true,"href":"https:\/\/dev6.erresse-shop.it\/es\/wp-json\/wp\/v2\/product_tag?post=1877426"}],"curies":[{"name":"wp","href":"https:\/\/api.w.org\/{rel}","templated":true}]}}