{"id":1877410,"date":"2026-04-10T09:15:17","date_gmt":"2026-04-10T07:15:17","guid":{"rendered":"https:\/\/dev6.erresse-shop.it\/shop\/sin%20categor\u00eda\/cocotte-ovalada-27-cm-canela\/"},"modified":"2025-09-14T07:51:40","modified_gmt":"2025-09-14T05:51:40","slug":"cocotte-ovalada-27-cm-canela","status":"publish","type":"product","link":"https:\/\/dev6.erresse-shop.it\/es\/shop\/sartenes-y-ollas\/marmitas-y-cocottes\/cocotte-ovalada-27-cm-canela\/","title":{"rendered":"Cocotte Ovalada 27 cm Canela"},"content":{"rendered":"<p>La cocotte Staub est\u00e1 hecha de hierro fundido esmaltado, un material que conduce el calor y lo distribuye dentro del plato. El hierro fundido esmaltado es excelente para los guisos e intensifica el sabor natural de los alimentos. Por eso las cocottes son la sart\u00e9n ideal para preparar tus recetas favoritas. Con ellos se pueden preparar asados, deliciosos ragouts, panecillos o platos vegetarianos como el pisto. Puede utilizar una cocotte en una placa de gas, el\u00e9ctrica o de inducci\u00f3n o en el horno. Las dos pr\u00e1cticas asas facilitan su manejo, mientras que el modelo de color canela tambi\u00e9n aporta un toque est\u00e9tico a la mesa cuando se termina de cocinar. La cocotte mantiene las comidas calientes durante m\u00e1s tiempo. Con un di\u00e1metro de 29 cm y una capacidad de 4,2 L, la cocotte Staub tambi\u00e9n puede utilizarse para cocinar porciones m\u00e1s grandes, por ejemplo, para una gran fiesta con muchos invitados. Las cocottes son perfectas para todos aquellos que se inician en la cocina y para los cocineros aficionados. Incluso los chefs de renombre internacional disfrutan utilizando sartenes de hierro fundido para crear nuevos y sofisticados platos. Por ello, la cocotte es un elemento esencial en toda cocina. Utilice esta funcional cocotte de Staub para deleitar a su familia y amigos con un sinf\u00edn de nuevos y deliciosos platos.<\/p>\n<p>\u2013 Ideal para sellar y cocinar lentamente asados y pollos enteros<br \/>\n\u2013 Para un resultado de cocci\u00f3n jugoso y tierno gracias a la tapa<br \/>\n\u2013 El esmaltado interior negro mate es ideal para un dorado especialmente crujiente y es muy duradero<br \/>\n\u2013 Apto para todo tipo de cocinas, incluida la de inducci\u00f3n, tambi\u00e9n puede utilizarse en el horno\/parrilla<\/p>\n<p>Caracter\u00edsticas<br \/>\n\u2013 Resistencia al calor (\u00b0C): 240,00 \u00baC<br \/>\n\u2013 Material: hierro fundido<br \/>\n\u2013 Tapa existente: s\u00ed<br \/>\n\u2013 Inducci\u00f3n: S\u00ed<br \/>\n\u2013 Apto para el horno: S\u00ed<br \/>\n\u2013 Apto para el congelador: S\u00ed<br \/>\n\u2013 Apto para la cocina: s\u00ed<br \/>\n\u2013 Apto para el lavavajillas: s\u00ed<\/p>\n<p>Tama\u00f1o<br \/>\n\u2013 Peso neto: 5,54 kg<br \/>\n\u2013 Capacidad: 4,20 l<br \/>\n\u2013 Longitud del producto: 35,30 cm<br \/>\n\u2013 Anchura del producto: 29,00 cm<br \/>\n\u2013 Altura del producto: 15,50 cm<br \/>\n\u2013 Altura sin tapa: 10,70 cm<br \/>\n\u2013 Di\u00e1metro superior: 29,00 cm<br \/>\n\u2013 Di\u00e1metro del fondo: 24,40 cm<\/p>\n","protected":false},"excerpt":{"rendered":"<p>La cocotte Staub est\u00e1 hecha de hierro fundido esmaltado, un material que conduce el calor y lo distribuye dentro del plato. El hierro fundido esmaltado es excelente para los guisos e intensifica el sabor natural de los alimentos. Por eso las cocottes son la sart\u00e9n ideal para preparar tus recetas favoritas. Con ellos se pueden [&hellip;]<\/p>\n","protected":false},"featured_media":6309960,"template":"","meta":{"_acf_changed":false},"product_cat":[11892,11667,11883],"product_tag":[],"class_list":{"0":"post-1877410","1":"product","2":"type-product","3":"status-publish","4":"has-post-thumbnail","6":"product_cat-marmitas-y-cocottes","7":"product_cat-padelle-pentole","8":"product_cat-sartenes-y-ollas","10":"first","11":"outofstock","12":"sale","13":"taxable","14":"shipping-taxable","15":"purchasable","16":"product-type-simple","swatches":"rey-swatches","show_selected":"","stretch_labels":"rey-swatches--stretch-labels"},"acf":[],"yoast_head":"<!-- This site is optimized with the Yoast SEO plugin v25.4 - https:\/\/yoast.com\/wordpress\/plugins\/seo\/ -->\n<title>Cocotte Ovalada 27 cm Canela - dev6 Erresse<\/title>\n<meta name=\"description\" content=\"La cocotte Staub est\u00e1 hecha de hierro fundido esmaltado, un material que conduce el calor y lo distribuye dentro del plato. El hierro fundido esmaltado es\" \/>\n<meta name=\"robots\" content=\"noindex, follow, max-snippet:-1, max-image-preview:large, max-video-preview:-1\" \/>\n<meta property=\"og:locale\" content=\"es_ES\" \/>\n<meta property=\"og:type\" content=\"article\" \/>\n<meta property=\"og:title\" content=\"Cocotte Ovalada 27 cm Canela - dev6 Erresse\" \/>\n<meta property=\"og:description\" content=\"La cocotte Staub est\u00e1 hecha de hierro fundido esmaltado, un material que conduce el calor y lo distribuye dentro del plato. El hierro fundido esmaltado es\" \/>\n<meta property=\"og:url\" content=\"https:\/\/dev6.erresse-shop.it\/es\/shop\/sartenes-y-ollas\/marmitas-y-cocottes\/cocotte-ovalada-27-cm-canela\/\" \/>\n<meta property=\"og:site_name\" content=\"dev6 Erresse\" \/>\n<meta property=\"og:image\" content=\"https:\/\/interpim.erresse-shop.it\/Import\/Prodotti\/cocotte-31cm-cannella-40511-300_1.jpg\" \/><meta property=\"og:image\" content=\"https:\/\/interpim.erresse-shop.it\/Import\/Prodotti\/cocotte-31cm-cannella-40511-300_1.jpg\" \/>\n\t<meta property=\"og:image:width\" content=\"1024\" \/>\n\t<meta property=\"og:image:height\" content=\"1024\" \/>\n\t<meta property=\"og:image:type\" content=\"image\/jpeg\" \/>\n<meta name=\"twitter:card\" content=\"summary_large_image\" \/>\n<meta name=\"twitter:image\" content=\"https:\/\/interpim.erresse-shop.it\/Import\/Prodotti\/cocotte-31cm-cannella-40511-300_1.jpg\" \/>\n<script type=\"application\/ld+json\" class=\"yoast-schema-graph\">{\"@context\":\"https:\/\/schema.org\",\"@graph\":[{\"@type\":\"WebPage\",\"@id\":\"https:\/\/dev6.erresse-shop.it\/es\/shop\/sartenes-y-ollas\/marmitas-y-cocottes\/cocotte-ovalada-27-cm-canela\/\",\"url\":\"https:\/\/dev6.erresse-shop.it\/es\/shop\/sartenes-y-ollas\/marmitas-y-cocottes\/cocotte-ovalada-27-cm-canela\/\",\"name\":\"Cocotte Ovalada 27 cm Canela - dev6 Erresse\",\"isPartOf\":{\"@id\":\"https:\/\/dev6.erresse-shop.it\/#website\"},\"primaryImageOfPage\":{\"@id\":\"https:\/\/dev6.erresse-shop.it\/es\/shop\/sartenes-y-ollas\/marmitas-y-cocottes\/cocotte-ovalada-27-cm-canela\/#primaryimage\"},\"image\":{\"@id\":\"https:\/\/dev6.erresse-shop.it\/es\/shop\/sartenes-y-ollas\/marmitas-y-cocottes\/cocotte-ovalada-27-cm-canela\/#primaryimage\"},\"thumbnailUrl\":\"https:\/\/i2.wp.com\/interpim.erresse-shop.it\/Import\/Prodotti\/cocotte-31cm-cannella-40511-300_1.jpg?ssl=1\",\"datePublished\":\"2026-04-10T07:15:17+00:00\",\"description\":\"La cocotte Staub est\u00e1 hecha de hierro fundido esmaltado, un material que conduce el calor y lo distribuye dentro del plato. El hierro fundido esmaltado es\",\"breadcrumb\":{\"@id\":\"https:\/\/dev6.erresse-shop.it\/es\/shop\/sartenes-y-ollas\/marmitas-y-cocottes\/cocotte-ovalada-27-cm-canela\/#breadcrumb\"},\"inLanguage\":\"es\",\"potentialAction\":[{\"@type\":\"ReadAction\",\"target\":[\"https:\/\/dev6.erresse-shop.it\/es\/shop\/sartenes-y-ollas\/marmitas-y-cocottes\/cocotte-ovalada-27-cm-canela\/\"]}]},{\"@type\":\"ImageObject\",\"inLanguage\":\"es\",\"@id\":\"https:\/\/dev6.erresse-shop.it\/es\/shop\/sartenes-y-ollas\/marmitas-y-cocottes\/cocotte-ovalada-27-cm-canela\/#primaryimage\",\"url\":\"https:\/\/i2.wp.com\/interpim.erresse-shop.it\/Import\/Prodotti\/cocotte-31cm-cannella-40511-300_1.jpg?ssl=1\",\"contentUrl\":\"https:\/\/i2.wp.com\/interpim.erresse-shop.it\/Import\/Prodotti\/cocotte-31cm-cannella-40511-300_1.jpg?ssl=1\"},{\"@type\":\"BreadcrumbList\",\"@id\":\"https:\/\/dev6.erresse-shop.it\/es\/shop\/sartenes-y-ollas\/marmitas-y-cocottes\/cocotte-ovalada-27-cm-canela\/#breadcrumb\",\"itemListElement\":[{\"@type\":\"ListItem\",\"position\":1,\"name\":\"Home\",\"item\":\"https:\/\/dev6.erresse-shop.it\/\"},{\"@type\":\"ListItem\",\"position\":2,\"name\":\"Tienda\",\"item\":\"https:\/\/dev6.erresse-shop.it\/shop\/\"},{\"@type\":\"ListItem\",\"position\":3,\"name\":\"Cocotte Ovalada 27 cm Canela\"}]},{\"@type\":\"WebSite\",\"@id\":\"https:\/\/dev6.erresse-shop.it\/#website\",\"url\":\"https:\/\/dev6.erresse-shop.it\/\",\"name\":\"Erresse Shop\",\"description\":\"\",\"publisher\":{\"@id\":\"https:\/\/dev6.erresse-shop.it\/#organization\"},\"potentialAction\":[{\"@type\":\"SearchAction\",\"target\":{\"@type\":\"EntryPoint\",\"urlTemplate\":\"https:\/\/dev6.erresse-shop.it\/?s={search_term_string}\"},\"query-input\":{\"@type\":\"PropertyValueSpecification\",\"valueRequired\":true,\"valueName\":\"search_term_string\"}}],\"inLanguage\":\"es\"},{\"@type\":\"Organization\",\"@id\":\"https:\/\/dev6.erresse-shop.it\/#organization\",\"name\":\"Erresse Shop\",\"url\":\"https:\/\/dev6.erresse-shop.it\/\",\"logo\":{\"@type\":\"ImageObject\",\"inLanguage\":\"es\",\"@id\":\"https:\/\/dev6.erresse-shop.it\/#\/schema\/logo\/image\/\",\"url\":\"https:\/\/dev6.erresse-shop.it\/wp-content\/uploads\/2025\/01\/LOGO-ERRESSE-CLASSICO.svg\",\"contentUrl\":\"https:\/\/dev6.erresse-shop.it\/wp-content\/uploads\/2025\/01\/LOGO-ERRESSE-CLASSICO.svg\",\"caption\":\"Erresse Shop\"},\"image\":{\"@id\":\"https:\/\/dev6.erresse-shop.it\/#\/schema\/logo\/image\/\"}}]}<\/script>\n<!-- \/ Yoast SEO plugin. -->","yoast_head_json":{"title":"Cocotte Ovalada 27 cm Canela - dev6 Erresse","description":"La cocotte Staub est\u00e1 hecha de hierro fundido esmaltado, un material que conduce el calor y lo distribuye dentro del plato. El hierro fundido esmaltado es","robots":{"index":"noindex","follow":"follow","max-snippet":"max-snippet:-1","max-image-preview":"max-image-preview:large","max-video-preview":"max-video-preview:-1"},"og_locale":"es_ES","og_type":"article","og_title":"Cocotte Ovalada 27 cm Canela - dev6 Erresse","og_description":"La cocotte Staub est\u00e1 hecha de hierro fundido esmaltado, un material que conduce el calor y lo distribuye dentro del plato. El hierro fundido esmaltado es","og_url":"https:\/\/dev6.erresse-shop.it\/es\/shop\/sartenes-y-ollas\/marmitas-y-cocottes\/cocotte-ovalada-27-cm-canela\/","og_site_name":"dev6 Erresse","og_image":[{"url":"https:\/\/interpim.erresse-shop.it\/Import\/Prodotti\/cocotte-31cm-cannella-40511-300_1.jpg","type":"","width":"","height":""},{"url":"https:\/\/interpim.erresse-shop.it\/Import\/Prodotti\/cocotte-31cm-cannella-40511-300_1.jpg","width":1024,"height":1024,"type":"image\/jpeg"}],"twitter_card":"summary_large_image","twitter_image":"https:\/\/interpim.erresse-shop.it\/Import\/Prodotti\/cocotte-31cm-cannella-40511-300_1.jpg","schema":{"@context":"https:\/\/schema.org","@graph":[{"@type":"WebPage","@id":"https:\/\/dev6.erresse-shop.it\/es\/shop\/sartenes-y-ollas\/marmitas-y-cocottes\/cocotte-ovalada-27-cm-canela\/","url":"https:\/\/dev6.erresse-shop.it\/es\/shop\/sartenes-y-ollas\/marmitas-y-cocottes\/cocotte-ovalada-27-cm-canela\/","name":"Cocotte Ovalada 27 cm Canela - dev6 Erresse","isPartOf":{"@id":"https:\/\/dev6.erresse-shop.it\/#website"},"primaryImageOfPage":{"@id":"https:\/\/dev6.erresse-shop.it\/es\/shop\/sartenes-y-ollas\/marmitas-y-cocottes\/cocotte-ovalada-27-cm-canela\/#primaryimage"},"image":{"@id":"https:\/\/dev6.erresse-shop.it\/es\/shop\/sartenes-y-ollas\/marmitas-y-cocottes\/cocotte-ovalada-27-cm-canela\/#primaryimage"},"thumbnailUrl":"https:\/\/i2.wp.com\/interpim.erresse-shop.it\/Import\/Prodotti\/cocotte-31cm-cannella-40511-300_1.jpg?ssl=1","datePublished":"2026-04-10T07:15:17+00:00","description":"La cocotte Staub est\u00e1 hecha de hierro fundido esmaltado, un material que conduce el calor y lo distribuye dentro del plato. El hierro fundido esmaltado es","breadcrumb":{"@id":"https:\/\/dev6.erresse-shop.it\/es\/shop\/sartenes-y-ollas\/marmitas-y-cocottes\/cocotte-ovalada-27-cm-canela\/#breadcrumb"},"inLanguage":"es","potentialAction":[{"@type":"ReadAction","target":["https:\/\/dev6.erresse-shop.it\/es\/shop\/sartenes-y-ollas\/marmitas-y-cocottes\/cocotte-ovalada-27-cm-canela\/"]}]},{"@type":"ImageObject","inLanguage":"es","@id":"https:\/\/dev6.erresse-shop.it\/es\/shop\/sartenes-y-ollas\/marmitas-y-cocottes\/cocotte-ovalada-27-cm-canela\/#primaryimage","url":"https:\/\/i2.wp.com\/interpim.erresse-shop.it\/Import\/Prodotti\/cocotte-31cm-cannella-40511-300_1.jpg?ssl=1","contentUrl":"https:\/\/i2.wp.com\/interpim.erresse-shop.it\/Import\/Prodotti\/cocotte-31cm-cannella-40511-300_1.jpg?ssl=1"},{"@type":"BreadcrumbList","@id":"https:\/\/dev6.erresse-shop.it\/es\/shop\/sartenes-y-ollas\/marmitas-y-cocottes\/cocotte-ovalada-27-cm-canela\/#breadcrumb","itemListElement":[{"@type":"ListItem","position":1,"name":"Home","item":"https:\/\/dev6.erresse-shop.it\/"},{"@type":"ListItem","position":2,"name":"Tienda","item":"https:\/\/dev6.erresse-shop.it\/shop\/"},{"@type":"ListItem","position":3,"name":"Cocotte Ovalada 27 cm Canela"}]},{"@type":"WebSite","@id":"https:\/\/dev6.erresse-shop.it\/#website","url":"https:\/\/dev6.erresse-shop.it\/","name":"Erresse Shop","description":"","publisher":{"@id":"https:\/\/dev6.erresse-shop.it\/#organization"},"potentialAction":[{"@type":"SearchAction","target":{"@type":"EntryPoint","urlTemplate":"https:\/\/dev6.erresse-shop.it\/?s={search_term_string}"},"query-input":{"@type":"PropertyValueSpecification","valueRequired":true,"valueName":"search_term_string"}}],"inLanguage":"es"},{"@type":"Organization","@id":"https:\/\/dev6.erresse-shop.it\/#organization","name":"Erresse Shop","url":"https:\/\/dev6.erresse-shop.it\/","logo":{"@type":"ImageObject","inLanguage":"es","@id":"https:\/\/dev6.erresse-shop.it\/#\/schema\/logo\/image\/","url":"https:\/\/dev6.erresse-shop.it\/wp-content\/uploads\/2025\/01\/LOGO-ERRESSE-CLASSICO.svg","contentUrl":"https:\/\/dev6.erresse-shop.it\/wp-content\/uploads\/2025\/01\/LOGO-ERRESSE-CLASSICO.svg","caption":"Erresse Shop"},"image":{"@id":"https:\/\/dev6.erresse-shop.it\/#\/schema\/logo\/image\/"}}]}},"df_price":159.95,"df_sale_price":159.95,"df_regular_price":239,"df_image_link":"https:\/\/i2.wp.com\/interpim.erresse-shop.it\/Import\/Prodotti\/cocotte-31cm-cannella-40511-300_1.jpg?resize=300,300&ssl=1","fifu_image_url":"https:\/\/interpim.erresse-shop.it\/Import\/Prodotti\/cocotte-31cm-cannella-40511-300_1.jpg","_links":{"self":[{"href":"https:\/\/dev6.erresse-shop.it\/es\/wp-json\/wp\/v2\/product\/1877410","targetHints":{"allow":["GET"]}}],"collection":[{"href":"https:\/\/dev6.erresse-shop.it\/es\/wp-json\/wp\/v2\/product"}],"about":[{"href":"https:\/\/dev6.erresse-shop.it\/es\/wp-json\/wp\/v2\/types\/product"}],"wp:featuredmedia":[{"embeddable":true,"href":"https:\/\/dev6.erresse-shop.it\/es\/wp-json\/wp\/v2\/media\/6309960"}],"wp:attachment":[{"href":"https:\/\/dev6.erresse-shop.it\/es\/wp-json\/wp\/v2\/media?parent=1877410"}],"wp:term":[{"taxonomy":"product_cat","embeddable":true,"href":"https:\/\/dev6.erresse-shop.it\/es\/wp-json\/wp\/v2\/product_cat?post=1877410"},{"taxonomy":"product_tag","embeddable":true,"href":"https:\/\/dev6.erresse-shop.it\/es\/wp-json\/wp\/v2\/product_tag?post=1877410"}],"curies":[{"name":"wp","href":"https:\/\/api.w.org\/{rel}","templated":true}]}}