{"id":1877384,"date":"2026-04-12T08:36:43","date_gmt":"2026-04-12T06:36:43","guid":{"rendered":"https:\/\/dev6.erresse-shop.it\/shop\/sin%20categor\u00eda\/zwilling-bomba-de-vacio-freshsave\/"},"modified":"2025-09-14T07:51:32","modified_gmt":"2025-09-14T05:51:32","slug":"zwilling-bomba-de-vacio-freshsave","status":"publish","type":"product","link":"https:\/\/dev6.erresse-shop.it\/es\/shop\/cocina\/cuchillos\/accesorios-es\/zwilling-bomba-de-vacio-freshsave\/","title":{"rendered":"ZWILLING Bomba de Vac\u00edo Fresh&#038;Save"},"content":{"rendered":"<p>Pulse un bot\u00f3n y consiga frescura: bomba de vac\u00edo FRESH &amp; SAVE. No es necesario utilizar m\u00e1quinas de vac\u00edo voluminosas y enormes, ni preocuparse por dispositivos inc\u00f3modos, simplemente compre la elegante bomba de vac\u00edo ZWILLING y lo har\u00e1 todo. Paso 1: Coloque la pr\u00e1ctica bomba en la v\u00e1lvula de la tapa de los contenedores y bolsas del nuevo sistema de almacenamiento al vac\u00edo. Paso 2: Pulsar el bot\u00f3n, para que la Bomba extraiga el aire en segundos de las bolsas y recipientes de vac\u00edo disponibles tanto en pl\u00e1stico como en vidrio. Paso 3: La bomba se detiene autom\u00e1ticamente cuando se alcanza el nivel de vac\u00edo adecuado. Los alimentos envasados al vac\u00edo se mantienen frescos hasta cinco veces m\u00e1s que los m\u00e9todos convencionales de almacenamiento sin vac\u00edo. Despu\u00e9s puedes guardar la bomba en un caj\u00f3n. Pero, \u00bfrealmente quieres hacerlo? El dise\u00f1o de alta calidad de Matteo Thun lo convierte en un mueble elegante en su cocina. \u00a1Psst\u2026! Esta bomba de vac\u00edo tambi\u00e9n es muy silenciosa. Todo funciona perfectamente. Descubra FRESH &amp; SAVE by ZWILLING.<\/p>\n<p>Conservaci\u00f3n del vac\u00edo en segundos con s\u00f3lo pulsar un bot\u00f3n. La bomba se detiene autom\u00e1ticamente una vez que se ha generado suficiente vac\u00edo en el contenedor o la bolsa.<br \/>\nSin cables y f\u00e1cil de usar<br \/>\nAhorro de espacio en el caj\u00f3n de los cubiertos, o uso como elemento decorativo<br \/>\nSilencio<br \/>\nNo es necesario cambiar la bater\u00eda gracias a la bater\u00eda de iones de litio de larga duraci\u00f3n<br \/>\nCarga mediante cable USB<br \/>\nCable de carga USB incluido<br \/>\nDise\u00f1o refinado de Matteo Thun<\/p>\n<p>CARACTER\u00cdSTICAS<br \/>\nColor: blanco<br \/>\nMaterial: pl\u00e1stico<br \/>\nTensi\u00f3n: 110-240 V<\/p>\n","protected":false},"excerpt":{"rendered":"<p>Pulse un bot\u00f3n y consiga frescura: bomba de vac\u00edo FRESH &amp; SAVE. No es necesario utilizar m\u00e1quinas de vac\u00edo voluminosas y enormes, ni preocuparse por dispositivos inc\u00f3modos, simplemente compre la elegante bomba de vac\u00edo ZWILLING y lo har\u00e1 todo. Paso 1: Coloque la pr\u00e1ctica bomba en la v\u00e1lvula de la tapa de los contenedores y [&hellip;]<\/p>\n","protected":false},"featured_media":6351507,"template":"","meta":{"_acf_changed":false},"product_cat":[11891,11884,11668,11771,11987],"product_tag":[],"class_list":{"0":"post-1877384","1":"product","2":"type-product","3":"status-publish","4":"has-post-thumbnail","6":"product_cat-accesorios-es","7":"product_cat-cocina","8":"product_cat-cucina","9":"product_cat-sottovuoto","10":"product_cat-vacio","12":"first","13":"outofstock","14":"sale","15":"taxable","16":"shipping-taxable","17":"purchasable","18":"product-type-simple","swatches":"rey-swatches","show_selected":"","stretch_labels":"rey-swatches--stretch-labels"},"acf":[],"yoast_head":"<!-- This site is optimized with the Yoast SEO plugin v25.4 - https:\/\/yoast.com\/wordpress\/plugins\/seo\/ -->\n<title>ZWILLING Bomba de Vac\u00edo Fresh&#038;Save - dev6 Erresse<\/title>\n<meta name=\"description\" content=\"Pulse un bot\u00f3n y consiga frescura: bomba de vac\u00edo FRESH &amp; SAVE. No es necesario utilizar m\u00e1quinas de vac\u00edo voluminosas y enormes, ni preocuparse por\" \/>\n<meta name=\"robots\" content=\"noindex, follow, max-snippet:-1, max-image-preview:large, max-video-preview:-1\" \/>\n<meta property=\"og:locale\" content=\"es_ES\" \/>\n<meta property=\"og:type\" content=\"article\" \/>\n<meta property=\"og:title\" content=\"ZWILLING Bomba de Vac\u00edo Fresh&#038;Save - dev6 Erresse\" \/>\n<meta property=\"og:description\" content=\"Pulse un bot\u00f3n y consiga frescura: bomba de vac\u00edo FRESH &amp; SAVE. No es necesario utilizar m\u00e1quinas de vac\u00edo voluminosas y enormes, ni preocuparse por\" \/>\n<meta property=\"og:url\" content=\"https:\/\/dev6.erresse-shop.it\/es\/shop\/cocina\/cuchillos\/accesorios-es\/zwilling-bomba-de-vacio-freshsave\/\" \/>\n<meta property=\"og:site_name\" content=\"dev6 Erresse\" \/>\n<meta property=\"og:image\" content=\"https:\/\/interpim.erresse-shop.it\/img-catalogo\/zwilling\/zwilling-pompa-per-sottovuoto-ricaricabile.jpg\" \/><meta property=\"og:image\" content=\"https:\/\/interpim.erresse-shop.it\/img-catalogo\/zwilling\/zwilling-pompa-per-sottovuoto-ricaricabile.jpg\" \/>\n\t<meta property=\"og:image:width\" content=\"1024\" \/>\n\t<meta property=\"og:image:height\" content=\"1024\" \/>\n\t<meta property=\"og:image:type\" content=\"image\/jpeg\" \/>\n<meta name=\"twitter:card\" content=\"summary_large_image\" \/>\n<meta name=\"twitter:image\" content=\"https:\/\/interpim.erresse-shop.it\/img-catalogo\/zwilling\/zwilling-pompa-per-sottovuoto-ricaricabile.jpg\" \/>\n<script type=\"application\/ld+json\" class=\"yoast-schema-graph\">{\"@context\":\"https:\/\/schema.org\",\"@graph\":[{\"@type\":\"WebPage\",\"@id\":\"https:\/\/dev6.erresse-shop.it\/es\/shop\/cocina\/cuchillos\/accesorios-es\/zwilling-bomba-de-vacio-freshsave\/\",\"url\":\"https:\/\/dev6.erresse-shop.it\/es\/shop\/cocina\/cuchillos\/accesorios-es\/zwilling-bomba-de-vacio-freshsave\/\",\"name\":\"ZWILLING Bomba de Vac\u00edo Fresh&#038;Save - dev6 Erresse\",\"isPartOf\":{\"@id\":\"https:\/\/dev6.erresse-shop.it\/#website\"},\"primaryImageOfPage\":{\"@id\":\"https:\/\/dev6.erresse-shop.it\/es\/shop\/cocina\/cuchillos\/accesorios-es\/zwilling-bomba-de-vacio-freshsave\/#primaryimage\"},\"image\":{\"@id\":\"https:\/\/dev6.erresse-shop.it\/es\/shop\/cocina\/cuchillos\/accesorios-es\/zwilling-bomba-de-vacio-freshsave\/#primaryimage\"},\"thumbnailUrl\":\"https:\/\/i2.wp.com\/interpim.erresse-shop.it\/img-catalogo\/zwilling\/zwilling-pompa-per-sottovuoto-ricaricabile.jpg?ssl=1\",\"datePublished\":\"2026-04-12T06:36:43+00:00\",\"description\":\"Pulse un bot\u00f3n y consiga frescura: bomba de vac\u00edo FRESH &amp; SAVE. No es necesario utilizar m\u00e1quinas de vac\u00edo voluminosas y enormes, ni preocuparse por\",\"breadcrumb\":{\"@id\":\"https:\/\/dev6.erresse-shop.it\/es\/shop\/cocina\/cuchillos\/accesorios-es\/zwilling-bomba-de-vacio-freshsave\/#breadcrumb\"},\"inLanguage\":\"es\",\"potentialAction\":[{\"@type\":\"ReadAction\",\"target\":[\"https:\/\/dev6.erresse-shop.it\/es\/shop\/cocina\/cuchillos\/accesorios-es\/zwilling-bomba-de-vacio-freshsave\/\"]}]},{\"@type\":\"ImageObject\",\"inLanguage\":\"es\",\"@id\":\"https:\/\/dev6.erresse-shop.it\/es\/shop\/cocina\/cuchillos\/accesorios-es\/zwilling-bomba-de-vacio-freshsave\/#primaryimage\",\"url\":\"https:\/\/i2.wp.com\/interpim.erresse-shop.it\/img-catalogo\/zwilling\/zwilling-pompa-per-sottovuoto-ricaricabile.jpg?ssl=1\",\"contentUrl\":\"https:\/\/i2.wp.com\/interpim.erresse-shop.it\/img-catalogo\/zwilling\/zwilling-pompa-per-sottovuoto-ricaricabile.jpg?ssl=1\"},{\"@type\":\"BreadcrumbList\",\"@id\":\"https:\/\/dev6.erresse-shop.it\/es\/shop\/cocina\/cuchillos\/accesorios-es\/zwilling-bomba-de-vacio-freshsave\/#breadcrumb\",\"itemListElement\":[{\"@type\":\"ListItem\",\"position\":1,\"name\":\"Home\",\"item\":\"https:\/\/dev6.erresse-shop.it\/\"},{\"@type\":\"ListItem\",\"position\":2,\"name\":\"Tienda\",\"item\":\"https:\/\/dev6.erresse-shop.it\/shop\/\"},{\"@type\":\"ListItem\",\"position\":3,\"name\":\"ZWILLING Bomba de Vac\u00edo Fresh&#038;Save\"}]},{\"@type\":\"WebSite\",\"@id\":\"https:\/\/dev6.erresse-shop.it\/#website\",\"url\":\"https:\/\/dev6.erresse-shop.it\/\",\"name\":\"Erresse Shop\",\"description\":\"\",\"publisher\":{\"@id\":\"https:\/\/dev6.erresse-shop.it\/#organization\"},\"potentialAction\":[{\"@type\":\"SearchAction\",\"target\":{\"@type\":\"EntryPoint\",\"urlTemplate\":\"https:\/\/dev6.erresse-shop.it\/?s={search_term_string}\"},\"query-input\":{\"@type\":\"PropertyValueSpecification\",\"valueRequired\":true,\"valueName\":\"search_term_string\"}}],\"inLanguage\":\"es\"},{\"@type\":\"Organization\",\"@id\":\"https:\/\/dev6.erresse-shop.it\/#organization\",\"name\":\"Erresse Shop\",\"url\":\"https:\/\/dev6.erresse-shop.it\/\",\"logo\":{\"@type\":\"ImageObject\",\"inLanguage\":\"es\",\"@id\":\"https:\/\/dev6.erresse-shop.it\/#\/schema\/logo\/image\/\",\"url\":\"https:\/\/dev6.erresse-shop.it\/wp-content\/uploads\/2025\/01\/LOGO-ERRESSE-CLASSICO.svg\",\"contentUrl\":\"https:\/\/dev6.erresse-shop.it\/wp-content\/uploads\/2025\/01\/LOGO-ERRESSE-CLASSICO.svg\",\"caption\":\"Erresse Shop\"},\"image\":{\"@id\":\"https:\/\/dev6.erresse-shop.it\/#\/schema\/logo\/image\/\"}}]}<\/script>\n<!-- \/ Yoast SEO plugin. -->","yoast_head_json":{"title":"ZWILLING Bomba de Vac\u00edo Fresh&#038;Save - dev6 Erresse","description":"Pulse un bot\u00f3n y consiga frescura: bomba de vac\u00edo FRESH &amp; SAVE. No es necesario utilizar m\u00e1quinas de vac\u00edo voluminosas y enormes, ni preocuparse por","robots":{"index":"noindex","follow":"follow","max-snippet":"max-snippet:-1","max-image-preview":"max-image-preview:large","max-video-preview":"max-video-preview:-1"},"og_locale":"es_ES","og_type":"article","og_title":"ZWILLING Bomba de Vac\u00edo Fresh&#038;Save - dev6 Erresse","og_description":"Pulse un bot\u00f3n y consiga frescura: bomba de vac\u00edo FRESH &amp; SAVE. No es necesario utilizar m\u00e1quinas de vac\u00edo voluminosas y enormes, ni preocuparse por","og_url":"https:\/\/dev6.erresse-shop.it\/es\/shop\/cocina\/cuchillos\/accesorios-es\/zwilling-bomba-de-vacio-freshsave\/","og_site_name":"dev6 Erresse","og_image":[{"url":"https:\/\/interpim.erresse-shop.it\/img-catalogo\/zwilling\/zwilling-pompa-per-sottovuoto-ricaricabile.jpg","type":"","width":"","height":""},{"url":"https:\/\/interpim.erresse-shop.it\/img-catalogo\/zwilling\/zwilling-pompa-per-sottovuoto-ricaricabile.jpg","width":1024,"height":1024,"type":"image\/jpeg"}],"twitter_card":"summary_large_image","twitter_image":"https:\/\/interpim.erresse-shop.it\/img-catalogo\/zwilling\/zwilling-pompa-per-sottovuoto-ricaricabile.jpg","schema":{"@context":"https:\/\/schema.org","@graph":[{"@type":"WebPage","@id":"https:\/\/dev6.erresse-shop.it\/es\/shop\/cocina\/cuchillos\/accesorios-es\/zwilling-bomba-de-vacio-freshsave\/","url":"https:\/\/dev6.erresse-shop.it\/es\/shop\/cocina\/cuchillos\/accesorios-es\/zwilling-bomba-de-vacio-freshsave\/","name":"ZWILLING Bomba de Vac\u00edo Fresh&#038;Save - dev6 Erresse","isPartOf":{"@id":"https:\/\/dev6.erresse-shop.it\/#website"},"primaryImageOfPage":{"@id":"https:\/\/dev6.erresse-shop.it\/es\/shop\/cocina\/cuchillos\/accesorios-es\/zwilling-bomba-de-vacio-freshsave\/#primaryimage"},"image":{"@id":"https:\/\/dev6.erresse-shop.it\/es\/shop\/cocina\/cuchillos\/accesorios-es\/zwilling-bomba-de-vacio-freshsave\/#primaryimage"},"thumbnailUrl":"https:\/\/i2.wp.com\/interpim.erresse-shop.it\/img-catalogo\/zwilling\/zwilling-pompa-per-sottovuoto-ricaricabile.jpg?ssl=1","datePublished":"2026-04-12T06:36:43+00:00","description":"Pulse un bot\u00f3n y consiga frescura: bomba de vac\u00edo FRESH &amp; SAVE. No es necesario utilizar m\u00e1quinas de vac\u00edo voluminosas y enormes, ni preocuparse por","breadcrumb":{"@id":"https:\/\/dev6.erresse-shop.it\/es\/shop\/cocina\/cuchillos\/accesorios-es\/zwilling-bomba-de-vacio-freshsave\/#breadcrumb"},"inLanguage":"es","potentialAction":[{"@type":"ReadAction","target":["https:\/\/dev6.erresse-shop.it\/es\/shop\/cocina\/cuchillos\/accesorios-es\/zwilling-bomba-de-vacio-freshsave\/"]}]},{"@type":"ImageObject","inLanguage":"es","@id":"https:\/\/dev6.erresse-shop.it\/es\/shop\/cocina\/cuchillos\/accesorios-es\/zwilling-bomba-de-vacio-freshsave\/#primaryimage","url":"https:\/\/i2.wp.com\/interpim.erresse-shop.it\/img-catalogo\/zwilling\/zwilling-pompa-per-sottovuoto-ricaricabile.jpg?ssl=1","contentUrl":"https:\/\/i2.wp.com\/interpim.erresse-shop.it\/img-catalogo\/zwilling\/zwilling-pompa-per-sottovuoto-ricaricabile.jpg?ssl=1"},{"@type":"BreadcrumbList","@id":"https:\/\/dev6.erresse-shop.it\/es\/shop\/cocina\/cuchillos\/accesorios-es\/zwilling-bomba-de-vacio-freshsave\/#breadcrumb","itemListElement":[{"@type":"ListItem","position":1,"name":"Home","item":"https:\/\/dev6.erresse-shop.it\/"},{"@type":"ListItem","position":2,"name":"Tienda","item":"https:\/\/dev6.erresse-shop.it\/shop\/"},{"@type":"ListItem","position":3,"name":"ZWILLING Bomba de Vac\u00edo Fresh&#038;Save"}]},{"@type":"WebSite","@id":"https:\/\/dev6.erresse-shop.it\/#website","url":"https:\/\/dev6.erresse-shop.it\/","name":"Erresse Shop","description":"","publisher":{"@id":"https:\/\/dev6.erresse-shop.it\/#organization"},"potentialAction":[{"@type":"SearchAction","target":{"@type":"EntryPoint","urlTemplate":"https:\/\/dev6.erresse-shop.it\/?s={search_term_string}"},"query-input":{"@type":"PropertyValueSpecification","valueRequired":true,"valueName":"search_term_string"}}],"inLanguage":"es"},{"@type":"Organization","@id":"https:\/\/dev6.erresse-shop.it\/#organization","name":"Erresse Shop","url":"https:\/\/dev6.erresse-shop.it\/","logo":{"@type":"ImageObject","inLanguage":"es","@id":"https:\/\/dev6.erresse-shop.it\/#\/schema\/logo\/image\/","url":"https:\/\/dev6.erresse-shop.it\/wp-content\/uploads\/2025\/01\/LOGO-ERRESSE-CLASSICO.svg","contentUrl":"https:\/\/dev6.erresse-shop.it\/wp-content\/uploads\/2025\/01\/LOGO-ERRESSE-CLASSICO.svg","caption":"Erresse Shop"},"image":{"@id":"https:\/\/dev6.erresse-shop.it\/#\/schema\/logo\/image\/"}}]}},"df_price":59.95,"df_sale_price":59.95,"df_regular_price":74.95,"df_image_link":"https:\/\/i2.wp.com\/interpim.erresse-shop.it\/img-catalogo\/zwilling\/zwilling-pompa-per-sottovuoto-ricaricabile.jpg?resize=300,300&ssl=1","fifu_image_url":"https:\/\/interpim.erresse-shop.it\/img-catalogo\/zwilling\/zwilling-pompa-per-sottovuoto-ricaricabile.jpg","_links":{"self":[{"href":"https:\/\/dev6.erresse-shop.it\/es\/wp-json\/wp\/v2\/product\/1877384","targetHints":{"allow":["GET"]}}],"collection":[{"href":"https:\/\/dev6.erresse-shop.it\/es\/wp-json\/wp\/v2\/product"}],"about":[{"href":"https:\/\/dev6.erresse-shop.it\/es\/wp-json\/wp\/v2\/types\/product"}],"wp:featuredmedia":[{"embeddable":true,"href":"https:\/\/dev6.erresse-shop.it\/es\/wp-json\/wp\/v2\/media\/6351507"}],"wp:attachment":[{"href":"https:\/\/dev6.erresse-shop.it\/es\/wp-json\/wp\/v2\/media?parent=1877384"}],"wp:term":[{"taxonomy":"product_cat","embeddable":true,"href":"https:\/\/dev6.erresse-shop.it\/es\/wp-json\/wp\/v2\/product_cat?post=1877384"},{"taxonomy":"product_tag","embeddable":true,"href":"https:\/\/dev6.erresse-shop.it\/es\/wp-json\/wp\/v2\/product_tag?post=1877384"}],"curies":[{"name":"wp","href":"https:\/\/api.w.org\/{rel}","templated":true}]}}