{"id":1877382,"date":"2026-04-04T08:34:42","date_gmt":"2026-04-04T06:34:42","guid":{"rendered":"https:\/\/dev6.erresse-shop.it\/shop\/sin%20categor\u00eda\/staub-cocotte-ovalada-31-cm-la-mer\/"},"modified":"2025-09-14T07:51:29","modified_gmt":"2025-09-14T05:51:29","slug":"staub-cocotte-ovalada-31-cm-la-mer","status":"publish","type":"product","link":"https:\/\/dev6.erresse-shop.it\/es\/shop\/sartenes-y-ollas\/marmitas-y-cocottes\/staub-cocotte-ovalada-31-cm-la-mer\/","title":{"rendered":"STAUB Cocotte Ovalada 31 cm La Mer"},"content":{"rendered":"<p>Las sartenes de hierro fundido Staub son la marca por excelencia de muchos chefs profesionales, entre ellos Paul Bocuse. Son aptos para todas las placas de cocci\u00f3n, incluida la de inducci\u00f3n, y pueden llevarse directamente a la mesa en cuanto se retiran de la placa. De este modo, la comida se mantiene caliente durante mucho tiempo y se puede servir con estilo. Gracias a la innovadora construcci\u00f3n de la parte inferior de la tapa, la condensaci\u00f3n se forma durante el proceso de cocci\u00f3n y luego gotea uniformemente con los sabores sobre los alimentos. Est\u00e1n pensados para cocineros profesionales y aficionados, pero tambi\u00e9n para principiantes curiosos que quieran descubrir los beneficios de una cocina sana y sabrosa.<\/p>\n<p>El hierro fundido es un material superior que retiene el calor m\u00e1s que cualquier otro material, lo difunde gradualmente y lo distribuye de forma perfectamente uniforme, permitiendo una cocci\u00f3n perfecta. Staub ofrece todas las ventajas de una cocina moderna.<br \/>\nFabricaci\u00f3n francesa: la tradicional y aut\u00e9ntica artesan\u00eda francesa con un innovador conocimiento de los colores.<br \/>\nInnovaci\u00f3n: Gracias al cierre perfecto de la tapa de la cocotte, se pierde menos humedad durante la cocci\u00f3n.<br \/>\nSe ha comprobado que queda un 10% m\u00e1s de humedad dentro de una cocotte Staub despu\u00e9s de 55 minutos de cocci\u00f3n, en comparaci\u00f3n con los productos de la competencia.<br \/>\nAdem\u00e1s, el sistema de aspersi\u00f3n, formado por numerosas semiesferas distribuidas por la superficie interior plana de la tapa, crea un efecto de \u201cgota de agua\u201d que cae continuamente sobre los alimentos en la cocotte. El ciclo de pulverizaci\u00f3n preserva todos los sabores y valores nutricionales de los ingredientes.<br \/>\nMaterial: Interior de esmalte negro mate para guisar y asar sin que se pegue. Otras ventajas importantes son la facilidad de limpieza y la durabilidad, gracias a la gran resistencia a los ara\u00f1azos y a las altas temperaturas.<\/p>\n<p>Soluci\u00f3n perfecta para todas las fuentes de calor. Cada cocotte est\u00e1 recubierta de un esmalte de calidad superior que la hace m\u00e1s resistente a los cambios de temperatura y a los ara\u00f1azos.<\/p>\n<p>Recomendaciones de uso de la bater\u00eda de hierro fundido Staub: http:\/\/www.staub.fr\/it\/consigli-per-luso-dettagli\/articles\/consigli-per-luso-2503.html<\/p>\n<p>Ver recetas: http:\/\/blog.erresse-shop.it\/category\/ricette\/<\/p>\n","protected":false},"excerpt":{"rendered":"<p>Las sartenes de hierro fundido Staub son la marca por excelencia de muchos chefs profesionales, entre ellos Paul Bocuse. Son aptos para todas las placas de cocci\u00f3n, incluida la de inducci\u00f3n, y pueden llevarse directamente a la mesa en cuanto se retiran de la placa. De este modo, la comida se mantiene caliente durante mucho [&hellip;]<\/p>\n","protected":false},"featured_media":6268184,"template":"","meta":{"_acf_changed":false},"product_cat":[11892,11667,11883],"product_tag":[],"class_list":{"0":"post-1877382","1":"product","2":"type-product","3":"status-publish","4":"has-post-thumbnail","6":"product_cat-marmitas-y-cocottes","7":"product_cat-padelle-pentole","8":"product_cat-sartenes-y-ollas","10":"first","11":"outofstock","12":"sale","13":"taxable","14":"shipping-taxable","15":"purchasable","16":"product-type-simple","swatches":"rey-swatches","show_selected":"","stretch_labels":"rey-swatches--stretch-labels"},"acf":[],"yoast_head":"<!-- This site is optimized with the Yoast SEO plugin v25.4 - https:\/\/yoast.com\/wordpress\/plugins\/seo\/ -->\n<title>STAUB Cocotte Ovalada 31 cm La Mer - dev6 Erresse<\/title>\n<meta name=\"description\" content=\"Las sartenes de hierro fundido Staub son la marca por excelencia de muchos chefs profesionales, entre ellos Paul Bocuse. Son aptos para todas las placas\" \/>\n<meta name=\"robots\" content=\"noindex, follow, max-snippet:-1, max-image-preview:large, max-video-preview:-1\" \/>\n<meta property=\"og:locale\" content=\"es_ES\" \/>\n<meta property=\"og:type\" content=\"article\" \/>\n<meta property=\"og:title\" content=\"STAUB Cocotte Ovalada 31 cm La Mer - dev6 Erresse\" \/>\n<meta property=\"og:description\" content=\"Las sartenes de hierro fundido Staub son la marca por excelencia de muchos chefs profesionales, entre ellos Paul Bocuse. Son aptos para todas las placas\" \/>\n<meta property=\"og:url\" content=\"https:\/\/dev6.erresse-shop.it\/es\/shop\/sartenes-y-ollas\/marmitas-y-cocottes\/staub-cocotte-ovalada-31-cm-la-mer\/\" \/>\n<meta property=\"og:site_name\" content=\"dev6 Erresse\" \/>\n<meta property=\"og:image\" content=\"https:\/\/interpim.erresse-shop.it\/Import\/Prodotti\/37-blu-la-mer-2.jpg\" \/><meta property=\"og:image\" content=\"https:\/\/interpim.erresse-shop.it\/Import\/Prodotti\/37-blu-la-mer-2.jpg\" \/>\n\t<meta property=\"og:image:width\" content=\"1024\" \/>\n\t<meta property=\"og:image:height\" content=\"1024\" \/>\n\t<meta property=\"og:image:type\" content=\"image\/jpeg\" \/>\n<meta name=\"twitter:card\" content=\"summary_large_image\" \/>\n<meta name=\"twitter:image\" content=\"https:\/\/interpim.erresse-shop.it\/Import\/Prodotti\/37-blu-la-mer-2.jpg\" \/>\n<script type=\"application\/ld+json\" class=\"yoast-schema-graph\">{\"@context\":\"https:\/\/schema.org\",\"@graph\":[{\"@type\":\"WebPage\",\"@id\":\"https:\/\/dev6.erresse-shop.it\/es\/shop\/sartenes-y-ollas\/marmitas-y-cocottes\/staub-cocotte-ovalada-31-cm-la-mer\/\",\"url\":\"https:\/\/dev6.erresse-shop.it\/es\/shop\/sartenes-y-ollas\/marmitas-y-cocottes\/staub-cocotte-ovalada-31-cm-la-mer\/\",\"name\":\"STAUB Cocotte Ovalada 31 cm La Mer - dev6 Erresse\",\"isPartOf\":{\"@id\":\"https:\/\/dev6.erresse-shop.it\/#website\"},\"primaryImageOfPage\":{\"@id\":\"https:\/\/dev6.erresse-shop.it\/es\/shop\/sartenes-y-ollas\/marmitas-y-cocottes\/staub-cocotte-ovalada-31-cm-la-mer\/#primaryimage\"},\"image\":{\"@id\":\"https:\/\/dev6.erresse-shop.it\/es\/shop\/sartenes-y-ollas\/marmitas-y-cocottes\/staub-cocotte-ovalada-31-cm-la-mer\/#primaryimage\"},\"thumbnailUrl\":\"https:\/\/i3.wp.com\/interpim.erresse-shop.it\/Import\/Prodotti\/37-blu-la-mer-2.jpg?ssl=1\",\"datePublished\":\"2026-04-04T06:34:42+00:00\",\"description\":\"Las sartenes de hierro fundido Staub son la marca por excelencia de muchos chefs profesionales, entre ellos Paul Bocuse. Son aptos para todas las placas\",\"breadcrumb\":{\"@id\":\"https:\/\/dev6.erresse-shop.it\/es\/shop\/sartenes-y-ollas\/marmitas-y-cocottes\/staub-cocotte-ovalada-31-cm-la-mer\/#breadcrumb\"},\"inLanguage\":\"es\",\"potentialAction\":[{\"@type\":\"ReadAction\",\"target\":[\"https:\/\/dev6.erresse-shop.it\/es\/shop\/sartenes-y-ollas\/marmitas-y-cocottes\/staub-cocotte-ovalada-31-cm-la-mer\/\"]}]},{\"@type\":\"ImageObject\",\"inLanguage\":\"es\",\"@id\":\"https:\/\/dev6.erresse-shop.it\/es\/shop\/sartenes-y-ollas\/marmitas-y-cocottes\/staub-cocotte-ovalada-31-cm-la-mer\/#primaryimage\",\"url\":\"https:\/\/i3.wp.com\/interpim.erresse-shop.it\/Import\/Prodotti\/37-blu-la-mer-2.jpg?ssl=1\",\"contentUrl\":\"https:\/\/i3.wp.com\/interpim.erresse-shop.it\/Import\/Prodotti\/37-blu-la-mer-2.jpg?ssl=1\"},{\"@type\":\"BreadcrumbList\",\"@id\":\"https:\/\/dev6.erresse-shop.it\/es\/shop\/sartenes-y-ollas\/marmitas-y-cocottes\/staub-cocotte-ovalada-31-cm-la-mer\/#breadcrumb\",\"itemListElement\":[{\"@type\":\"ListItem\",\"position\":1,\"name\":\"Home\",\"item\":\"https:\/\/dev6.erresse-shop.it\/\"},{\"@type\":\"ListItem\",\"position\":2,\"name\":\"Tienda\",\"item\":\"https:\/\/dev6.erresse-shop.it\/shop\/\"},{\"@type\":\"ListItem\",\"position\":3,\"name\":\"STAUB Cocotte Ovalada 31 cm La Mer\"}]},{\"@type\":\"WebSite\",\"@id\":\"https:\/\/dev6.erresse-shop.it\/#website\",\"url\":\"https:\/\/dev6.erresse-shop.it\/\",\"name\":\"Erresse Shop\",\"description\":\"\",\"publisher\":{\"@id\":\"https:\/\/dev6.erresse-shop.it\/#organization\"},\"potentialAction\":[{\"@type\":\"SearchAction\",\"target\":{\"@type\":\"EntryPoint\",\"urlTemplate\":\"https:\/\/dev6.erresse-shop.it\/?s={search_term_string}\"},\"query-input\":{\"@type\":\"PropertyValueSpecification\",\"valueRequired\":true,\"valueName\":\"search_term_string\"}}],\"inLanguage\":\"es\"},{\"@type\":\"Organization\",\"@id\":\"https:\/\/dev6.erresse-shop.it\/#organization\",\"name\":\"Erresse Shop\",\"url\":\"https:\/\/dev6.erresse-shop.it\/\",\"logo\":{\"@type\":\"ImageObject\",\"inLanguage\":\"es\",\"@id\":\"https:\/\/dev6.erresse-shop.it\/#\/schema\/logo\/image\/\",\"url\":\"https:\/\/dev6.erresse-shop.it\/wp-content\/uploads\/2025\/01\/LOGO-ERRESSE-CLASSICO.svg\",\"contentUrl\":\"https:\/\/dev6.erresse-shop.it\/wp-content\/uploads\/2025\/01\/LOGO-ERRESSE-CLASSICO.svg\",\"caption\":\"Erresse Shop\"},\"image\":{\"@id\":\"https:\/\/dev6.erresse-shop.it\/#\/schema\/logo\/image\/\"}}]}<\/script>\n<!-- \/ Yoast SEO plugin. -->","yoast_head_json":{"title":"STAUB Cocotte Ovalada 31 cm La Mer - dev6 Erresse","description":"Las sartenes de hierro fundido Staub son la marca por excelencia de muchos chefs profesionales, entre ellos Paul Bocuse. Son aptos para todas las placas","robots":{"index":"noindex","follow":"follow","max-snippet":"max-snippet:-1","max-image-preview":"max-image-preview:large","max-video-preview":"max-video-preview:-1"},"og_locale":"es_ES","og_type":"article","og_title":"STAUB Cocotte Ovalada 31 cm La Mer - dev6 Erresse","og_description":"Las sartenes de hierro fundido Staub son la marca por excelencia de muchos chefs profesionales, entre ellos Paul Bocuse. Son aptos para todas las placas","og_url":"https:\/\/dev6.erresse-shop.it\/es\/shop\/sartenes-y-ollas\/marmitas-y-cocottes\/staub-cocotte-ovalada-31-cm-la-mer\/","og_site_name":"dev6 Erresse","og_image":[{"url":"https:\/\/interpim.erresse-shop.it\/Import\/Prodotti\/37-blu-la-mer-2.jpg","type":"","width":"","height":""},{"url":"https:\/\/interpim.erresse-shop.it\/Import\/Prodotti\/37-blu-la-mer-2.jpg","width":1024,"height":1024,"type":"image\/jpeg"}],"twitter_card":"summary_large_image","twitter_image":"https:\/\/interpim.erresse-shop.it\/Import\/Prodotti\/37-blu-la-mer-2.jpg","schema":{"@context":"https:\/\/schema.org","@graph":[{"@type":"WebPage","@id":"https:\/\/dev6.erresse-shop.it\/es\/shop\/sartenes-y-ollas\/marmitas-y-cocottes\/staub-cocotte-ovalada-31-cm-la-mer\/","url":"https:\/\/dev6.erresse-shop.it\/es\/shop\/sartenes-y-ollas\/marmitas-y-cocottes\/staub-cocotte-ovalada-31-cm-la-mer\/","name":"STAUB Cocotte Ovalada 31 cm La Mer - dev6 Erresse","isPartOf":{"@id":"https:\/\/dev6.erresse-shop.it\/#website"},"primaryImageOfPage":{"@id":"https:\/\/dev6.erresse-shop.it\/es\/shop\/sartenes-y-ollas\/marmitas-y-cocottes\/staub-cocotte-ovalada-31-cm-la-mer\/#primaryimage"},"image":{"@id":"https:\/\/dev6.erresse-shop.it\/es\/shop\/sartenes-y-ollas\/marmitas-y-cocottes\/staub-cocotte-ovalada-31-cm-la-mer\/#primaryimage"},"thumbnailUrl":"https:\/\/i3.wp.com\/interpim.erresse-shop.it\/Import\/Prodotti\/37-blu-la-mer-2.jpg?ssl=1","datePublished":"2026-04-04T06:34:42+00:00","description":"Las sartenes de hierro fundido Staub son la marca por excelencia de muchos chefs profesionales, entre ellos Paul Bocuse. Son aptos para todas las placas","breadcrumb":{"@id":"https:\/\/dev6.erresse-shop.it\/es\/shop\/sartenes-y-ollas\/marmitas-y-cocottes\/staub-cocotte-ovalada-31-cm-la-mer\/#breadcrumb"},"inLanguage":"es","potentialAction":[{"@type":"ReadAction","target":["https:\/\/dev6.erresse-shop.it\/es\/shop\/sartenes-y-ollas\/marmitas-y-cocottes\/staub-cocotte-ovalada-31-cm-la-mer\/"]}]},{"@type":"ImageObject","inLanguage":"es","@id":"https:\/\/dev6.erresse-shop.it\/es\/shop\/sartenes-y-ollas\/marmitas-y-cocottes\/staub-cocotte-ovalada-31-cm-la-mer\/#primaryimage","url":"https:\/\/i3.wp.com\/interpim.erresse-shop.it\/Import\/Prodotti\/37-blu-la-mer-2.jpg?ssl=1","contentUrl":"https:\/\/i3.wp.com\/interpim.erresse-shop.it\/Import\/Prodotti\/37-blu-la-mer-2.jpg?ssl=1"},{"@type":"BreadcrumbList","@id":"https:\/\/dev6.erresse-shop.it\/es\/shop\/sartenes-y-ollas\/marmitas-y-cocottes\/staub-cocotte-ovalada-31-cm-la-mer\/#breadcrumb","itemListElement":[{"@type":"ListItem","position":1,"name":"Home","item":"https:\/\/dev6.erresse-shop.it\/"},{"@type":"ListItem","position":2,"name":"Tienda","item":"https:\/\/dev6.erresse-shop.it\/shop\/"},{"@type":"ListItem","position":3,"name":"STAUB Cocotte Ovalada 31 cm La Mer"}]},{"@type":"WebSite","@id":"https:\/\/dev6.erresse-shop.it\/#website","url":"https:\/\/dev6.erresse-shop.it\/","name":"Erresse Shop","description":"","publisher":{"@id":"https:\/\/dev6.erresse-shop.it\/#organization"},"potentialAction":[{"@type":"SearchAction","target":{"@type":"EntryPoint","urlTemplate":"https:\/\/dev6.erresse-shop.it\/?s={search_term_string}"},"query-input":{"@type":"PropertyValueSpecification","valueRequired":true,"valueName":"search_term_string"}}],"inLanguage":"es"},{"@type":"Organization","@id":"https:\/\/dev6.erresse-shop.it\/#organization","name":"Erresse Shop","url":"https:\/\/dev6.erresse-shop.it\/","logo":{"@type":"ImageObject","inLanguage":"es","@id":"https:\/\/dev6.erresse-shop.it\/#\/schema\/logo\/image\/","url":"https:\/\/dev6.erresse-shop.it\/wp-content\/uploads\/2025\/01\/LOGO-ERRESSE-CLASSICO.svg","contentUrl":"https:\/\/dev6.erresse-shop.it\/wp-content\/uploads\/2025\/01\/LOGO-ERRESSE-CLASSICO.svg","caption":"Erresse Shop"},"image":{"@id":"https:\/\/dev6.erresse-shop.it\/#\/schema\/logo\/image\/"}}]}},"df_price":219.95,"df_sale_price":219.95,"df_regular_price":359,"df_image_link":"https:\/\/i3.wp.com\/interpim.erresse-shop.it\/Import\/Prodotti\/37-blu-la-mer-2.jpg?resize=300,300&ssl=1","fifu_image_url":"https:\/\/interpim.erresse-shop.it\/Import\/Prodotti\/37-blu-la-mer-2.jpg","_links":{"self":[{"href":"https:\/\/dev6.erresse-shop.it\/es\/wp-json\/wp\/v2\/product\/1877382","targetHints":{"allow":["GET"]}}],"collection":[{"href":"https:\/\/dev6.erresse-shop.it\/es\/wp-json\/wp\/v2\/product"}],"about":[{"href":"https:\/\/dev6.erresse-shop.it\/es\/wp-json\/wp\/v2\/types\/product"}],"wp:featuredmedia":[{"embeddable":true,"href":"https:\/\/dev6.erresse-shop.it\/es\/wp-json\/wp\/v2\/media\/6268184"}],"wp:attachment":[{"href":"https:\/\/dev6.erresse-shop.it\/es\/wp-json\/wp\/v2\/media?parent=1877382"}],"wp:term":[{"taxonomy":"product_cat","embeddable":true,"href":"https:\/\/dev6.erresse-shop.it\/es\/wp-json\/wp\/v2\/product_cat?post=1877382"},{"taxonomy":"product_tag","embeddable":true,"href":"https:\/\/dev6.erresse-shop.it\/es\/wp-json\/wp\/v2\/product_tag?post=1877382"}],"curies":[{"name":"wp","href":"https:\/\/api.w.org\/{rel}","templated":true}]}}