{"id":1877342,"date":"2026-04-16T19:10:48","date_gmt":"2026-04-16T17:10:48","guid":{"rendered":"https:\/\/dev6.erresse-shop.it\/shop\/sin%20categor\u00eda\/seletti-lampara-dos-picas\/"},"modified":"2025-09-14T07:50:52","modified_gmt":"2025-09-14T05:50:52","slug":"seletti-lampara-dos-picas","status":"publish","type":"product","link":"https:\/\/dev6.erresse-shop.it\/es\/shop\/mobiliario\/lamparas\/seletti-lampara-dos-picas\/","title":{"rendered":"SELETTI L\u00e1mpara Dos picas"},"content":{"rendered":"<p>Sum\u00e9rgete en el ambiente de los a\u00f1os 60 con las nuevas l\u00e1mparas TOILERPAPER. \u00bfPuedes o\u00edr la m\u00fasica de jazz en la distancia?<\/p>\n<p>L\u00c1MPARA DE MESA<\/p>\n<p>Dise\u00f1o: TOILETPAPER<\/p>\n<p>Material: porcelana, metal y vidrio<\/p>\n<p>Dimensiones: cm. 13,5 x 13,5 x h.70 | 5,3\u2033 x 5,3\u2033 x h. 27\u2033<\/p>\n<p>S\u00d3LO PARA USO EN INTERIORES<\/p>\n<p>BOMBILLA LED REGULABLE 4 W<\/p>\n<p>Versi\u00f3n UE : 230 V \u2013 50 HZ \u2013 E14 4 W \u2013 300 LUMEN 3000 K<br \/>\nVersi\u00f3n estadounidense : E14120 V \u2013 60 HZ \u2013 E14 4 W \u2013 300 LUMEN 3000 K<\/p>\n","protected":false},"excerpt":{"rendered":"<p>Sum\u00e9rgete en el ambiente de los a\u00f1os 60 con las nuevas l\u00e1mparas TOILERPAPER. \u00bfPuedes o\u00edr la m\u00fasica de jazz en la distancia? L\u00c1MPARA DE MESA Dise\u00f1o: TOILETPAPER Material: porcelana, metal y vidrio Dimensiones: cm. 13,5 x 13,5 x h.70 | 5,3\u2033 x 5,3\u2033 x h. 27\u2033 S\u00d3LO PARA USO EN INTERIORES BOMBILLA LED REGULABLE 4 [&hellip;]<\/p>\n","protected":false},"featured_media":6490320,"template":"","meta":{"_acf_changed":false},"product_cat":[11666,11911,11882],"product_tag":[],"class_list":{"0":"post-1877342","1":"product","2":"type-product","3":"status-publish","4":"has-post-thumbnail","6":"product_cat-arredamento-casa","7":"product_cat-lamparas","8":"product_cat-mobiliario","10":"first","11":"outofstock","12":"sale","13":"taxable","14":"shipping-taxable","15":"purchasable","16":"product-type-simple","swatches":"rey-swatches","show_selected":"","stretch_labels":"rey-swatches--stretch-labels"},"acf":[],"yoast_head":"<!-- This site is optimized with the Yoast SEO plugin v25.4 - https:\/\/yoast.com\/wordpress\/plugins\/seo\/ -->\n<title>SELETTI L\u00e1mpara Dos picas - dev6 Erresse<\/title>\n<meta name=\"description\" content=\"Sum\u00e9rgete en el ambiente de los a\u00f1os 60 con las nuevas l\u00e1mparas TOILERPAPER. \u00bfPuedes o\u00edr la m\u00fasica de jazz en la distancia? L\u00c1MPARA DE MESA Dise\u00f1o:\" \/>\n<meta name=\"robots\" content=\"noindex, follow, max-snippet:-1, max-image-preview:large, max-video-preview:-1\" \/>\n<meta property=\"og:locale\" content=\"es_ES\" \/>\n<meta property=\"og:type\" content=\"article\" \/>\n<meta property=\"og:title\" content=\"SELETTI L\u00e1mpara Dos picas - dev6 Erresse\" \/>\n<meta property=\"og:description\" content=\"Sum\u00e9rgete en el ambiente de los a\u00f1os 60 con las nuevas l\u00e1mparas TOILERPAPER. \u00bfPuedes o\u00edr la m\u00fasica de jazz en la distancia? L\u00c1MPARA DE MESA Dise\u00f1o:\" \/>\n<meta property=\"og:url\" content=\"https:\/\/dev6.erresse-shop.it\/es\/shop\/mobiliario\/lamparas\/seletti-lampara-dos-picas\/\" \/>\n<meta property=\"og:site_name\" content=\"dev6 Erresse\" \/>\n<meta property=\"og:image\" content=\"https:\/\/interpim.erresse-shop.it\/img-catalogo\/seletti\/seletti-lampada-da-tavolo-due-di-picche.jpg\" \/><meta property=\"og:image\" content=\"https:\/\/interpim.erresse-shop.it\/img-catalogo\/seletti\/seletti-lampada-da-tavolo-due-di-picche.jpg\" \/>\n\t<meta property=\"og:image:width\" content=\"1024\" \/>\n\t<meta property=\"og:image:height\" content=\"1024\" \/>\n\t<meta property=\"og:image:type\" content=\"image\/jpeg\" \/>\n<meta name=\"twitter:card\" content=\"summary_large_image\" \/>\n<meta name=\"twitter:image\" content=\"https:\/\/interpim.erresse-shop.it\/img-catalogo\/seletti\/seletti-lampada-da-tavolo-due-di-picche.jpg\" \/>\n<script type=\"application\/ld+json\" class=\"yoast-schema-graph\">{\"@context\":\"https:\/\/schema.org\",\"@graph\":[{\"@type\":\"WebPage\",\"@id\":\"https:\/\/dev6.erresse-shop.it\/es\/shop\/mobiliario\/lamparas\/seletti-lampara-dos-picas\/\",\"url\":\"https:\/\/dev6.erresse-shop.it\/es\/shop\/mobiliario\/lamparas\/seletti-lampara-dos-picas\/\",\"name\":\"SELETTI L\u00e1mpara Dos picas - dev6 Erresse\",\"isPartOf\":{\"@id\":\"https:\/\/dev6.erresse-shop.it\/#website\"},\"primaryImageOfPage\":{\"@id\":\"https:\/\/dev6.erresse-shop.it\/es\/shop\/mobiliario\/lamparas\/seletti-lampara-dos-picas\/#primaryimage\"},\"image\":{\"@id\":\"https:\/\/dev6.erresse-shop.it\/es\/shop\/mobiliario\/lamparas\/seletti-lampara-dos-picas\/#primaryimage\"},\"thumbnailUrl\":\"https:\/\/i2.wp.com\/interpim.erresse-shop.it\/img-catalogo\/seletti\/seletti-lampada-da-tavolo-due-di-picche.jpg?ssl=1\",\"datePublished\":\"2026-04-16T17:10:48+00:00\",\"description\":\"Sum\u00e9rgete en el ambiente de los a\u00f1os 60 con las nuevas l\u00e1mparas TOILERPAPER. \u00bfPuedes o\u00edr la m\u00fasica de jazz en la distancia? L\u00c1MPARA DE MESA Dise\u00f1o:\",\"breadcrumb\":{\"@id\":\"https:\/\/dev6.erresse-shop.it\/es\/shop\/mobiliario\/lamparas\/seletti-lampara-dos-picas\/#breadcrumb\"},\"inLanguage\":\"es\",\"potentialAction\":[{\"@type\":\"ReadAction\",\"target\":[\"https:\/\/dev6.erresse-shop.it\/es\/shop\/mobiliario\/lamparas\/seletti-lampara-dos-picas\/\"]}]},{\"@type\":\"ImageObject\",\"inLanguage\":\"es\",\"@id\":\"https:\/\/dev6.erresse-shop.it\/es\/shop\/mobiliario\/lamparas\/seletti-lampara-dos-picas\/#primaryimage\",\"url\":\"https:\/\/i2.wp.com\/interpim.erresse-shop.it\/img-catalogo\/seletti\/seletti-lampada-da-tavolo-due-di-picche.jpg?ssl=1\",\"contentUrl\":\"https:\/\/i2.wp.com\/interpim.erresse-shop.it\/img-catalogo\/seletti\/seletti-lampada-da-tavolo-due-di-picche.jpg?ssl=1\"},{\"@type\":\"BreadcrumbList\",\"@id\":\"https:\/\/dev6.erresse-shop.it\/es\/shop\/mobiliario\/lamparas\/seletti-lampara-dos-picas\/#breadcrumb\",\"itemListElement\":[{\"@type\":\"ListItem\",\"position\":1,\"name\":\"Home\",\"item\":\"https:\/\/dev6.erresse-shop.it\/\"},{\"@type\":\"ListItem\",\"position\":2,\"name\":\"Tienda\",\"item\":\"https:\/\/dev6.erresse-shop.it\/shop\/\"},{\"@type\":\"ListItem\",\"position\":3,\"name\":\"SELETTI L\u00e1mpara Dos picas\"}]},{\"@type\":\"WebSite\",\"@id\":\"https:\/\/dev6.erresse-shop.it\/#website\",\"url\":\"https:\/\/dev6.erresse-shop.it\/\",\"name\":\"Erresse Shop\",\"description\":\"\",\"publisher\":{\"@id\":\"https:\/\/dev6.erresse-shop.it\/#organization\"},\"potentialAction\":[{\"@type\":\"SearchAction\",\"target\":{\"@type\":\"EntryPoint\",\"urlTemplate\":\"https:\/\/dev6.erresse-shop.it\/?s={search_term_string}\"},\"query-input\":{\"@type\":\"PropertyValueSpecification\",\"valueRequired\":true,\"valueName\":\"search_term_string\"}}],\"inLanguage\":\"es\"},{\"@type\":\"Organization\",\"@id\":\"https:\/\/dev6.erresse-shop.it\/#organization\",\"name\":\"Erresse Shop\",\"url\":\"https:\/\/dev6.erresse-shop.it\/\",\"logo\":{\"@type\":\"ImageObject\",\"inLanguage\":\"es\",\"@id\":\"https:\/\/dev6.erresse-shop.it\/#\/schema\/logo\/image\/\",\"url\":\"https:\/\/dev6.erresse-shop.it\/wp-content\/uploads\/2025\/01\/LOGO-ERRESSE-CLASSICO.svg\",\"contentUrl\":\"https:\/\/dev6.erresse-shop.it\/wp-content\/uploads\/2025\/01\/LOGO-ERRESSE-CLASSICO.svg\",\"caption\":\"Erresse Shop\"},\"image\":{\"@id\":\"https:\/\/dev6.erresse-shop.it\/#\/schema\/logo\/image\/\"}}]}<\/script>\n<!-- \/ Yoast SEO plugin. -->","yoast_head_json":{"title":"SELETTI L\u00e1mpara Dos picas - dev6 Erresse","description":"Sum\u00e9rgete en el ambiente de los a\u00f1os 60 con las nuevas l\u00e1mparas TOILERPAPER. \u00bfPuedes o\u00edr la m\u00fasica de jazz en la distancia? L\u00c1MPARA DE MESA Dise\u00f1o:","robots":{"index":"noindex","follow":"follow","max-snippet":"max-snippet:-1","max-image-preview":"max-image-preview:large","max-video-preview":"max-video-preview:-1"},"og_locale":"es_ES","og_type":"article","og_title":"SELETTI L\u00e1mpara Dos picas - dev6 Erresse","og_description":"Sum\u00e9rgete en el ambiente de los a\u00f1os 60 con las nuevas l\u00e1mparas TOILERPAPER. \u00bfPuedes o\u00edr la m\u00fasica de jazz en la distancia? L\u00c1MPARA DE MESA Dise\u00f1o:","og_url":"https:\/\/dev6.erresse-shop.it\/es\/shop\/mobiliario\/lamparas\/seletti-lampara-dos-picas\/","og_site_name":"dev6 Erresse","og_image":[{"url":"https:\/\/interpim.erresse-shop.it\/img-catalogo\/seletti\/seletti-lampada-da-tavolo-due-di-picche.jpg","type":"","width":"","height":""},{"url":"https:\/\/interpim.erresse-shop.it\/img-catalogo\/seletti\/seletti-lampada-da-tavolo-due-di-picche.jpg","width":1024,"height":1024,"type":"image\/jpeg"}],"twitter_card":"summary_large_image","twitter_image":"https:\/\/interpim.erresse-shop.it\/img-catalogo\/seletti\/seletti-lampada-da-tavolo-due-di-picche.jpg","schema":{"@context":"https:\/\/schema.org","@graph":[{"@type":"WebPage","@id":"https:\/\/dev6.erresse-shop.it\/es\/shop\/mobiliario\/lamparas\/seletti-lampara-dos-picas\/","url":"https:\/\/dev6.erresse-shop.it\/es\/shop\/mobiliario\/lamparas\/seletti-lampara-dos-picas\/","name":"SELETTI L\u00e1mpara Dos picas - dev6 Erresse","isPartOf":{"@id":"https:\/\/dev6.erresse-shop.it\/#website"},"primaryImageOfPage":{"@id":"https:\/\/dev6.erresse-shop.it\/es\/shop\/mobiliario\/lamparas\/seletti-lampara-dos-picas\/#primaryimage"},"image":{"@id":"https:\/\/dev6.erresse-shop.it\/es\/shop\/mobiliario\/lamparas\/seletti-lampara-dos-picas\/#primaryimage"},"thumbnailUrl":"https:\/\/i2.wp.com\/interpim.erresse-shop.it\/img-catalogo\/seletti\/seletti-lampada-da-tavolo-due-di-picche.jpg?ssl=1","datePublished":"2026-04-16T17:10:48+00:00","description":"Sum\u00e9rgete en el ambiente de los a\u00f1os 60 con las nuevas l\u00e1mparas TOILERPAPER. \u00bfPuedes o\u00edr la m\u00fasica de jazz en la distancia? L\u00c1MPARA DE MESA Dise\u00f1o:","breadcrumb":{"@id":"https:\/\/dev6.erresse-shop.it\/es\/shop\/mobiliario\/lamparas\/seletti-lampara-dos-picas\/#breadcrumb"},"inLanguage":"es","potentialAction":[{"@type":"ReadAction","target":["https:\/\/dev6.erresse-shop.it\/es\/shop\/mobiliario\/lamparas\/seletti-lampara-dos-picas\/"]}]},{"@type":"ImageObject","inLanguage":"es","@id":"https:\/\/dev6.erresse-shop.it\/es\/shop\/mobiliario\/lamparas\/seletti-lampara-dos-picas\/#primaryimage","url":"https:\/\/i2.wp.com\/interpim.erresse-shop.it\/img-catalogo\/seletti\/seletti-lampada-da-tavolo-due-di-picche.jpg?ssl=1","contentUrl":"https:\/\/i2.wp.com\/interpim.erresse-shop.it\/img-catalogo\/seletti\/seletti-lampada-da-tavolo-due-di-picche.jpg?ssl=1"},{"@type":"BreadcrumbList","@id":"https:\/\/dev6.erresse-shop.it\/es\/shop\/mobiliario\/lamparas\/seletti-lampara-dos-picas\/#breadcrumb","itemListElement":[{"@type":"ListItem","position":1,"name":"Home","item":"https:\/\/dev6.erresse-shop.it\/"},{"@type":"ListItem","position":2,"name":"Tienda","item":"https:\/\/dev6.erresse-shop.it\/shop\/"},{"@type":"ListItem","position":3,"name":"SELETTI L\u00e1mpara Dos picas"}]},{"@type":"WebSite","@id":"https:\/\/dev6.erresse-shop.it\/#website","url":"https:\/\/dev6.erresse-shop.it\/","name":"Erresse Shop","description":"","publisher":{"@id":"https:\/\/dev6.erresse-shop.it\/#organization"},"potentialAction":[{"@type":"SearchAction","target":{"@type":"EntryPoint","urlTemplate":"https:\/\/dev6.erresse-shop.it\/?s={search_term_string}"},"query-input":{"@type":"PropertyValueSpecification","valueRequired":true,"valueName":"search_term_string"}}],"inLanguage":"es"},{"@type":"Organization","@id":"https:\/\/dev6.erresse-shop.it\/#organization","name":"Erresse Shop","url":"https:\/\/dev6.erresse-shop.it\/","logo":{"@type":"ImageObject","inLanguage":"es","@id":"https:\/\/dev6.erresse-shop.it\/#\/schema\/logo\/image\/","url":"https:\/\/dev6.erresse-shop.it\/wp-content\/uploads\/2025\/01\/LOGO-ERRESSE-CLASSICO.svg","contentUrl":"https:\/\/dev6.erresse-shop.it\/wp-content\/uploads\/2025\/01\/LOGO-ERRESSE-CLASSICO.svg","caption":"Erresse Shop"},"image":{"@id":"https:\/\/dev6.erresse-shop.it\/#\/schema\/logo\/image\/"}}]}},"df_price":259.95,"df_sale_price":259.95,"df_regular_price":344,"df_image_link":"https:\/\/i2.wp.com\/interpim.erresse-shop.it\/img-catalogo\/seletti\/seletti-lampada-da-tavolo-due-di-picche.jpg?resize=300,300&ssl=1","fifu_image_url":"https:\/\/interpim.erresse-shop.it\/img-catalogo\/seletti\/seletti-lampada-da-tavolo-due-di-picche.jpg","_links":{"self":[{"href":"https:\/\/dev6.erresse-shop.it\/es\/wp-json\/wp\/v2\/product\/1877342","targetHints":{"allow":["GET"]}}],"collection":[{"href":"https:\/\/dev6.erresse-shop.it\/es\/wp-json\/wp\/v2\/product"}],"about":[{"href":"https:\/\/dev6.erresse-shop.it\/es\/wp-json\/wp\/v2\/types\/product"}],"wp:featuredmedia":[{"embeddable":true,"href":"https:\/\/dev6.erresse-shop.it\/es\/wp-json\/wp\/v2\/media\/6490320"}],"wp:attachment":[{"href":"https:\/\/dev6.erresse-shop.it\/es\/wp-json\/wp\/v2\/media?parent=1877342"}],"wp:term":[{"taxonomy":"product_cat","embeddable":true,"href":"https:\/\/dev6.erresse-shop.it\/es\/wp-json\/wp\/v2\/product_cat?post=1877342"},{"taxonomy":"product_tag","embeddable":true,"href":"https:\/\/dev6.erresse-shop.it\/es\/wp-json\/wp\/v2\/product_tag?post=1877342"}],"curies":[{"name":"wp","href":"https:\/\/api.w.org\/{rel}","templated":true}]}}