{"id":1877334,"date":"2026-04-16T19:10:48","date_gmt":"2026-04-16T17:10:48","guid":{"rendered":"https:\/\/dev6.erresse-shop.it\/shop\/sin%20categor\u00eda\/ruffoni-opus-cupra-juego-6-piezas\/"},"modified":"2025-09-14T07:50:42","modified_gmt":"2025-09-14T05:50:42","slug":"ruffoni-opus-cupra-juego-6-piezas","status":"publish","type":"product","link":"https:\/\/dev6.erresse-shop.it\/es\/shop\/sartenes-y-ollas\/juegos-de-ollas\/ruffoni-opus-cupra-juego-6-piezas\/","title":{"rendered":"RUFFONI Opus Cupra Juego 6 Piezas"},"content":{"rendered":"<p>OPUS CUPRA<\/p>\n<p>La tecnolog\u00eda de vanguardia ha permitido crear estos excepcionales utensilios de cocina que la habilidad de los maestros caldereros de Ruffoni ha transformado en espl\u00e9ndidas creaciones. Una s\u00f3lida l\u00ednea de cobre de 2,3 mm de grosor para el mejor control de la temperatura con un fino n\u00facleo de aluminio y una parte interior de acero inoxidable.<\/p>\n<p>Estas obras de arte martilladas a mano, con asas de acero inoxidable decoradas y pomos de lat\u00f3n plateado, realizadas por plateros milaneses, son capaces de satisfacer cualquier necesidad y ganarse un lugar de prestigio en todas las mesas.<\/p>\n<p>Para usar en el horno y en cualquier elemento de calefacci\u00f3n (excepto la inducci\u00f3n).<\/p>\n<p>El conjunto est\u00e1 compuesto de la siguiente manera:<\/p>\n<p>Semicubeta 2 asas 26 cm (OCA2614X) &#43; tapa<br \/>\nCacerola 2 asas 20 cm (OCA2012X) &#43; tapa<br \/>\nCacerola 1 asa 16 cm (OCA1607Z) &#43; tapa<\/p>\n","protected":false},"excerpt":{"rendered":"<p>OPUS CUPRA La tecnolog\u00eda de vanguardia ha permitido crear estos excepcionales utensilios de cocina que la habilidad de los maestros caldereros de Ruffoni ha transformado en espl\u00e9ndidas creaciones. Una s\u00f3lida l\u00ednea de cobre de 2,3 mm de grosor para el mejor control de la temperatura con un fino n\u00facleo de aluminio y una parte interior [&hellip;]<\/p>\n","protected":false},"featured_media":6490255,"template":"","meta":{"_acf_changed":false},"product_cat":[11916,11667,11883],"product_tag":[],"class_list":{"0":"post-1877334","1":"product","2":"type-product","3":"status-publish","4":"has-post-thumbnail","6":"product_cat-juegos-de-ollas","7":"product_cat-padelle-pentole","8":"product_cat-sartenes-y-ollas","10":"first","11":"outofstock","12":"sale","13":"taxable","14":"shipping-taxable","15":"purchasable","16":"product-type-simple","swatches":"rey-swatches","show_selected":"","stretch_labels":"rey-swatches--stretch-labels"},"acf":[],"yoast_head":"<!-- This site is optimized with the Yoast SEO plugin v25.4 - https:\/\/yoast.com\/wordpress\/plugins\/seo\/ -->\n<title>RUFFONI Opus Cupra Juego 6 Piezas - dev6 Erresse<\/title>\n<meta name=\"description\" content=\"OPUS CUPRA La tecnolog\u00eda de vanguardia ha permitido crear estos excepcionales utensilios de cocina que la habilidad de los maestros caldereros de Ruffoni\" \/>\n<meta name=\"robots\" content=\"noindex, follow, max-snippet:-1, max-image-preview:large, max-video-preview:-1\" \/>\n<meta property=\"og:locale\" content=\"es_ES\" \/>\n<meta property=\"og:type\" content=\"article\" \/>\n<meta property=\"og:title\" content=\"RUFFONI Opus Cupra Juego 6 Piezas - dev6 Erresse\" \/>\n<meta property=\"og:description\" content=\"OPUS CUPRA La tecnolog\u00eda de vanguardia ha permitido crear estos excepcionales utensilios de cocina que la habilidad de los maestros caldereros de Ruffoni\" \/>\n<meta property=\"og:url\" content=\"https:\/\/dev6.erresse-shop.it\/es\/shop\/sartenes-y-ollas\/juegos-de-ollas\/ruffoni-opus-cupra-juego-6-piezas\/\" \/>\n<meta property=\"og:site_name\" content=\"dev6 Erresse\" \/>\n<meta property=\"og:image\" content=\"https:\/\/interpim.erresse-shop.it\/img-catalogo\/ruffoni\/ruffoni-opus-cupra-set-6-pz.jpg\" \/><meta property=\"og:image\" content=\"https:\/\/interpim.erresse-shop.it\/img-catalogo\/ruffoni\/ruffoni-opus-cupra-set-6-pz.jpg\" \/>\n\t<meta property=\"og:image:width\" content=\"1024\" \/>\n\t<meta property=\"og:image:height\" content=\"1024\" \/>\n\t<meta property=\"og:image:type\" content=\"image\/jpeg\" \/>\n<meta name=\"twitter:card\" content=\"summary_large_image\" \/>\n<meta name=\"twitter:image\" content=\"https:\/\/interpim.erresse-shop.it\/img-catalogo\/ruffoni\/ruffoni-opus-cupra-set-6-pz.jpg\" \/>\n<script type=\"application\/ld+json\" class=\"yoast-schema-graph\">{\"@context\":\"https:\/\/schema.org\",\"@graph\":[{\"@type\":\"WebPage\",\"@id\":\"https:\/\/dev6.erresse-shop.it\/es\/shop\/sartenes-y-ollas\/juegos-de-ollas\/ruffoni-opus-cupra-juego-6-piezas\/\",\"url\":\"https:\/\/dev6.erresse-shop.it\/es\/shop\/sartenes-y-ollas\/juegos-de-ollas\/ruffoni-opus-cupra-juego-6-piezas\/\",\"name\":\"RUFFONI Opus Cupra Juego 6 Piezas - dev6 Erresse\",\"isPartOf\":{\"@id\":\"https:\/\/dev6.erresse-shop.it\/#website\"},\"primaryImageOfPage\":{\"@id\":\"https:\/\/dev6.erresse-shop.it\/es\/shop\/sartenes-y-ollas\/juegos-de-ollas\/ruffoni-opus-cupra-juego-6-piezas\/#primaryimage\"},\"image\":{\"@id\":\"https:\/\/dev6.erresse-shop.it\/es\/shop\/sartenes-y-ollas\/juegos-de-ollas\/ruffoni-opus-cupra-juego-6-piezas\/#primaryimage\"},\"thumbnailUrl\":\"https:\/\/i2.wp.com\/interpim.erresse-shop.it\/img-catalogo\/ruffoni\/ruffoni-opus-cupra-set-6-pz.jpg?ssl=1\",\"datePublished\":\"2026-04-16T17:10:48+00:00\",\"description\":\"OPUS CUPRA La tecnolog\u00eda de vanguardia ha permitido crear estos excepcionales utensilios de cocina que la habilidad de los maestros caldereros de Ruffoni\",\"breadcrumb\":{\"@id\":\"https:\/\/dev6.erresse-shop.it\/es\/shop\/sartenes-y-ollas\/juegos-de-ollas\/ruffoni-opus-cupra-juego-6-piezas\/#breadcrumb\"},\"inLanguage\":\"es\",\"potentialAction\":[{\"@type\":\"ReadAction\",\"target\":[\"https:\/\/dev6.erresse-shop.it\/es\/shop\/sartenes-y-ollas\/juegos-de-ollas\/ruffoni-opus-cupra-juego-6-piezas\/\"]}]},{\"@type\":\"ImageObject\",\"inLanguage\":\"es\",\"@id\":\"https:\/\/dev6.erresse-shop.it\/es\/shop\/sartenes-y-ollas\/juegos-de-ollas\/ruffoni-opus-cupra-juego-6-piezas\/#primaryimage\",\"url\":\"https:\/\/i2.wp.com\/interpim.erresse-shop.it\/img-catalogo\/ruffoni\/ruffoni-opus-cupra-set-6-pz.jpg?ssl=1\",\"contentUrl\":\"https:\/\/i2.wp.com\/interpim.erresse-shop.it\/img-catalogo\/ruffoni\/ruffoni-opus-cupra-set-6-pz.jpg?ssl=1\"},{\"@type\":\"BreadcrumbList\",\"@id\":\"https:\/\/dev6.erresse-shop.it\/es\/shop\/sartenes-y-ollas\/juegos-de-ollas\/ruffoni-opus-cupra-juego-6-piezas\/#breadcrumb\",\"itemListElement\":[{\"@type\":\"ListItem\",\"position\":1,\"name\":\"Home\",\"item\":\"https:\/\/dev6.erresse-shop.it\/\"},{\"@type\":\"ListItem\",\"position\":2,\"name\":\"Tienda\",\"item\":\"https:\/\/dev6.erresse-shop.it\/shop\/\"},{\"@type\":\"ListItem\",\"position\":3,\"name\":\"RUFFONI Opus Cupra Juego 6 Piezas\"}]},{\"@type\":\"WebSite\",\"@id\":\"https:\/\/dev6.erresse-shop.it\/#website\",\"url\":\"https:\/\/dev6.erresse-shop.it\/\",\"name\":\"Erresse Shop\",\"description\":\"\",\"publisher\":{\"@id\":\"https:\/\/dev6.erresse-shop.it\/#organization\"},\"potentialAction\":[{\"@type\":\"SearchAction\",\"target\":{\"@type\":\"EntryPoint\",\"urlTemplate\":\"https:\/\/dev6.erresse-shop.it\/?s={search_term_string}\"},\"query-input\":{\"@type\":\"PropertyValueSpecification\",\"valueRequired\":true,\"valueName\":\"search_term_string\"}}],\"inLanguage\":\"es\"},{\"@type\":\"Organization\",\"@id\":\"https:\/\/dev6.erresse-shop.it\/#organization\",\"name\":\"Erresse Shop\",\"url\":\"https:\/\/dev6.erresse-shop.it\/\",\"logo\":{\"@type\":\"ImageObject\",\"inLanguage\":\"es\",\"@id\":\"https:\/\/dev6.erresse-shop.it\/#\/schema\/logo\/image\/\",\"url\":\"https:\/\/dev6.erresse-shop.it\/wp-content\/uploads\/2025\/01\/LOGO-ERRESSE-CLASSICO.svg\",\"contentUrl\":\"https:\/\/dev6.erresse-shop.it\/wp-content\/uploads\/2025\/01\/LOGO-ERRESSE-CLASSICO.svg\",\"caption\":\"Erresse Shop\"},\"image\":{\"@id\":\"https:\/\/dev6.erresse-shop.it\/#\/schema\/logo\/image\/\"}}]}<\/script>\n<!-- \/ Yoast SEO plugin. -->","yoast_head_json":{"title":"RUFFONI Opus Cupra Juego 6 Piezas - dev6 Erresse","description":"OPUS CUPRA La tecnolog\u00eda de vanguardia ha permitido crear estos excepcionales utensilios de cocina que la habilidad de los maestros caldereros de Ruffoni","robots":{"index":"noindex","follow":"follow","max-snippet":"max-snippet:-1","max-image-preview":"max-image-preview:large","max-video-preview":"max-video-preview:-1"},"og_locale":"es_ES","og_type":"article","og_title":"RUFFONI Opus Cupra Juego 6 Piezas - dev6 Erresse","og_description":"OPUS CUPRA La tecnolog\u00eda de vanguardia ha permitido crear estos excepcionales utensilios de cocina que la habilidad de los maestros caldereros de Ruffoni","og_url":"https:\/\/dev6.erresse-shop.it\/es\/shop\/sartenes-y-ollas\/juegos-de-ollas\/ruffoni-opus-cupra-juego-6-piezas\/","og_site_name":"dev6 Erresse","og_image":[{"url":"https:\/\/interpim.erresse-shop.it\/img-catalogo\/ruffoni\/ruffoni-opus-cupra-set-6-pz.jpg","type":"","width":"","height":""},{"url":"https:\/\/interpim.erresse-shop.it\/img-catalogo\/ruffoni\/ruffoni-opus-cupra-set-6-pz.jpg","width":1024,"height":1024,"type":"image\/jpeg"}],"twitter_card":"summary_large_image","twitter_image":"https:\/\/interpim.erresse-shop.it\/img-catalogo\/ruffoni\/ruffoni-opus-cupra-set-6-pz.jpg","schema":{"@context":"https:\/\/schema.org","@graph":[{"@type":"WebPage","@id":"https:\/\/dev6.erresse-shop.it\/es\/shop\/sartenes-y-ollas\/juegos-de-ollas\/ruffoni-opus-cupra-juego-6-piezas\/","url":"https:\/\/dev6.erresse-shop.it\/es\/shop\/sartenes-y-ollas\/juegos-de-ollas\/ruffoni-opus-cupra-juego-6-piezas\/","name":"RUFFONI Opus Cupra Juego 6 Piezas - dev6 Erresse","isPartOf":{"@id":"https:\/\/dev6.erresse-shop.it\/#website"},"primaryImageOfPage":{"@id":"https:\/\/dev6.erresse-shop.it\/es\/shop\/sartenes-y-ollas\/juegos-de-ollas\/ruffoni-opus-cupra-juego-6-piezas\/#primaryimage"},"image":{"@id":"https:\/\/dev6.erresse-shop.it\/es\/shop\/sartenes-y-ollas\/juegos-de-ollas\/ruffoni-opus-cupra-juego-6-piezas\/#primaryimage"},"thumbnailUrl":"https:\/\/i2.wp.com\/interpim.erresse-shop.it\/img-catalogo\/ruffoni\/ruffoni-opus-cupra-set-6-pz.jpg?ssl=1","datePublished":"2026-04-16T17:10:48+00:00","description":"OPUS CUPRA La tecnolog\u00eda de vanguardia ha permitido crear estos excepcionales utensilios de cocina que la habilidad de los maestros caldereros de Ruffoni","breadcrumb":{"@id":"https:\/\/dev6.erresse-shop.it\/es\/shop\/sartenes-y-ollas\/juegos-de-ollas\/ruffoni-opus-cupra-juego-6-piezas\/#breadcrumb"},"inLanguage":"es","potentialAction":[{"@type":"ReadAction","target":["https:\/\/dev6.erresse-shop.it\/es\/shop\/sartenes-y-ollas\/juegos-de-ollas\/ruffoni-opus-cupra-juego-6-piezas\/"]}]},{"@type":"ImageObject","inLanguage":"es","@id":"https:\/\/dev6.erresse-shop.it\/es\/shop\/sartenes-y-ollas\/juegos-de-ollas\/ruffoni-opus-cupra-juego-6-piezas\/#primaryimage","url":"https:\/\/i2.wp.com\/interpim.erresse-shop.it\/img-catalogo\/ruffoni\/ruffoni-opus-cupra-set-6-pz.jpg?ssl=1","contentUrl":"https:\/\/i2.wp.com\/interpim.erresse-shop.it\/img-catalogo\/ruffoni\/ruffoni-opus-cupra-set-6-pz.jpg?ssl=1"},{"@type":"BreadcrumbList","@id":"https:\/\/dev6.erresse-shop.it\/es\/shop\/sartenes-y-ollas\/juegos-de-ollas\/ruffoni-opus-cupra-juego-6-piezas\/#breadcrumb","itemListElement":[{"@type":"ListItem","position":1,"name":"Home","item":"https:\/\/dev6.erresse-shop.it\/"},{"@type":"ListItem","position":2,"name":"Tienda","item":"https:\/\/dev6.erresse-shop.it\/shop\/"},{"@type":"ListItem","position":3,"name":"RUFFONI Opus Cupra Juego 6 Piezas"}]},{"@type":"WebSite","@id":"https:\/\/dev6.erresse-shop.it\/#website","url":"https:\/\/dev6.erresse-shop.it\/","name":"Erresse Shop","description":"","publisher":{"@id":"https:\/\/dev6.erresse-shop.it\/#organization"},"potentialAction":[{"@type":"SearchAction","target":{"@type":"EntryPoint","urlTemplate":"https:\/\/dev6.erresse-shop.it\/?s={search_term_string}"},"query-input":{"@type":"PropertyValueSpecification","valueRequired":true,"valueName":"search_term_string"}}],"inLanguage":"es"},{"@type":"Organization","@id":"https:\/\/dev6.erresse-shop.it\/#organization","name":"Erresse Shop","url":"https:\/\/dev6.erresse-shop.it\/","logo":{"@type":"ImageObject","inLanguage":"es","@id":"https:\/\/dev6.erresse-shop.it\/#\/schema\/logo\/image\/","url":"https:\/\/dev6.erresse-shop.it\/wp-content\/uploads\/2025\/01\/LOGO-ERRESSE-CLASSICO.svg","contentUrl":"https:\/\/dev6.erresse-shop.it\/wp-content\/uploads\/2025\/01\/LOGO-ERRESSE-CLASSICO.svg","caption":"Erresse Shop"},"image":{"@id":"https:\/\/dev6.erresse-shop.it\/#\/schema\/logo\/image\/"}}]}},"df_price":1199.95,"df_sale_price":1199.95,"df_regular_price":1711,"df_image_link":"https:\/\/i2.wp.com\/interpim.erresse-shop.it\/img-catalogo\/ruffoni\/ruffoni-opus-cupra-set-6-pz.jpg?resize=300,300&ssl=1","fifu_image_url":"https:\/\/interpim.erresse-shop.it\/img-catalogo\/ruffoni\/ruffoni-opus-cupra-set-6-pz.jpg","_links":{"self":[{"href":"https:\/\/dev6.erresse-shop.it\/es\/wp-json\/wp\/v2\/product\/1877334","targetHints":{"allow":["GET"]}}],"collection":[{"href":"https:\/\/dev6.erresse-shop.it\/es\/wp-json\/wp\/v2\/product"}],"about":[{"href":"https:\/\/dev6.erresse-shop.it\/es\/wp-json\/wp\/v2\/types\/product"}],"wp:featuredmedia":[{"embeddable":true,"href":"https:\/\/dev6.erresse-shop.it\/es\/wp-json\/wp\/v2\/media\/6490255"}],"wp:attachment":[{"href":"https:\/\/dev6.erresse-shop.it\/es\/wp-json\/wp\/v2\/media?parent=1877334"}],"wp:term":[{"taxonomy":"product_cat","embeddable":true,"href":"https:\/\/dev6.erresse-shop.it\/es\/wp-json\/wp\/v2\/product_cat?post=1877334"},{"taxonomy":"product_tag","embeddable":true,"href":"https:\/\/dev6.erresse-shop.it\/es\/wp-json\/wp\/v2\/product_tag?post=1877334"}],"curies":[{"name":"wp","href":"https:\/\/api.w.org\/{rel}","templated":true}]}}