{"id":1877332,"date":"2026-04-16T19:10:48","date_gmt":"2026-04-16T17:10:48","guid":{"rendered":"https:\/\/dev6.erresse-shop.it\/shop\/sin%20categor\u00eda\/ruffoni-opus-prima-sarten-30-cm-3\/"},"modified":"2025-09-14T07:50:40","modified_gmt":"2025-09-14T05:50:40","slug":"ruffoni-opus-prima-sarten-30-cm-3","status":"publish","type":"product","link":"https:\/\/dev6.erresse-shop.it\/es\/shop\/sartenes-y-ollas\/ruffoni-opus-prima-sarten-30-cm-3\/","title":{"rendered":"RUFFONI Opus Prima Sart\u00e9n 30 cm"},"content":{"rendered":"<p>OPUS PRIMA<\/p>\n<p>Una l\u00ednea de extraordinarios objetos de cocina que son el resultado de una combinaci\u00f3n de tecnolog\u00eda punta y mano de obra que se remonta a miles de a\u00f1os atr\u00e1s y que todav\u00eda hoy salvaguardan nuestros maestros artesanos.Excelente difusi\u00f3n del calor y control de la temperatura gracias a la capa masiva de aleaci\u00f3n de aluminio dentro de las 2 capas de acero inoxidable pr\u00e1ctico e higi\u00e9nico.El acabado martillado a mano, las c\u00f3modas asas de acero y los hermosos pomos de lat\u00f3n plateado fabricados por maestros plateros de Mil\u00e1n hacen que estas maravillosas creaciones ocupen un lugar privilegiado en su mesa.Apto para todos los quemadores (incluidos los de inducci\u00f3n) y apto para el lavavajillas.<\/p>\n<p>Cada pieza est\u00e1 rematada con pomos de acero inoxidable y plata tallados a mano por plateros de Mil\u00e1n, cada uno con la forma de un vegetal chapado diferente.El fondo y el exterior de cada maceta est\u00e1n marcados con nuestra marca para garantizar la originalidad y la autenticidad de cada pieza.Adem\u00e1s de ser obras de arte, estas impresionantes piezas son tambi\u00e9n extremadamente pr\u00e1cticas. Merecen un lugar de honor en su mesa y siempre recibir\u00e1n su aprecio.<\/p>\n","protected":false},"excerpt":{"rendered":"<p>OPUS PRIMA Una l\u00ednea de extraordinarios objetos de cocina que son el resultado de una combinaci\u00f3n de tecnolog\u00eda punta y mano de obra que se remonta a miles de a\u00f1os atr\u00e1s y que todav\u00eda hoy salvaguardan nuestros maestros artesanos.Excelente difusi\u00f3n del calor y control de la temperatura gracias a la capa masiva de aleaci\u00f3n de [&hellip;]<\/p>\n","protected":false},"featured_media":6490245,"template":"","meta":{"_acf_changed":false},"product_cat":[11883],"product_tag":[],"class_list":{"0":"post-1877332","1":"product","2":"type-product","3":"status-publish","4":"has-post-thumbnail","6":"product_cat-sartenes-y-ollas","8":"first","9":"outofstock","10":"sale","11":"taxable","12":"shipping-taxable","13":"purchasable","14":"product-type-simple","swatches":"rey-swatches","show_selected":"","stretch_labels":"rey-swatches--stretch-labels"},"acf":[],"yoast_head":"<!-- This site is optimized with the Yoast SEO plugin v25.4 - https:\/\/yoast.com\/wordpress\/plugins\/seo\/ -->\n<title>RUFFONI Opus Prima Sart\u00e9n 30 cm - dev6 Erresse<\/title>\n<meta name=\"description\" content=\"OPUS PRIMA Una l\u00ednea de extraordinarios objetos de cocina que son el resultado de una combinaci\u00f3n de tecnolog\u00eda punta y mano de obra que se remonta a\" \/>\n<meta name=\"robots\" content=\"noindex, follow, max-snippet:-1, max-image-preview:large, max-video-preview:-1\" \/>\n<meta property=\"og:locale\" content=\"es_ES\" \/>\n<meta property=\"og:type\" content=\"article\" \/>\n<meta property=\"og:title\" content=\"RUFFONI Opus Prima Sart\u00e9n 30 cm - dev6 Erresse\" \/>\n<meta property=\"og:description\" content=\"OPUS PRIMA Una l\u00ednea de extraordinarios objetos de cocina que son el resultado de una combinaci\u00f3n de tecnolog\u00eda punta y mano de obra que se remonta a\" \/>\n<meta property=\"og:url\" content=\"https:\/\/dev6.erresse-shop.it\/es\/shop\/sartenes-y-ollas\/ruffoni-opus-prima-sarten-30-cm-3\/\" \/>\n<meta property=\"og:site_name\" content=\"dev6 Erresse\" \/>\n<meta property=\"og:image\" content=\"https:\/\/interpim.erresse-shop.it\/img-catalogo\/ruffoni\/ruffoni-opus-prima-padella-m26.jpg\" \/><meta property=\"og:image\" content=\"https:\/\/interpim.erresse-shop.it\/img-catalogo\/ruffoni\/ruffoni-opus-prima-padella-m26.jpg\" \/>\n\t<meta property=\"og:image:width\" content=\"1024\" \/>\n\t<meta property=\"og:image:height\" content=\"1024\" \/>\n\t<meta property=\"og:image:type\" content=\"image\/jpeg\" \/>\n<meta name=\"twitter:card\" content=\"summary_large_image\" \/>\n<meta name=\"twitter:image\" content=\"https:\/\/interpim.erresse-shop.it\/img-catalogo\/ruffoni\/ruffoni-opus-prima-padella-m26.jpg\" \/>\n<script type=\"application\/ld+json\" class=\"yoast-schema-graph\">{\"@context\":\"https:\/\/schema.org\",\"@graph\":[{\"@type\":\"WebPage\",\"@id\":\"https:\/\/dev6.erresse-shop.it\/es\/shop\/sartenes-y-ollas\/ruffoni-opus-prima-sarten-30-cm-3\/\",\"url\":\"https:\/\/dev6.erresse-shop.it\/es\/shop\/sartenes-y-ollas\/ruffoni-opus-prima-sarten-30-cm-3\/\",\"name\":\"RUFFONI Opus Prima Sart\u00e9n 30 cm - dev6 Erresse\",\"isPartOf\":{\"@id\":\"https:\/\/dev6.erresse-shop.it\/#website\"},\"primaryImageOfPage\":{\"@id\":\"https:\/\/dev6.erresse-shop.it\/es\/shop\/sartenes-y-ollas\/ruffoni-opus-prima-sarten-30-cm-3\/#primaryimage\"},\"image\":{\"@id\":\"https:\/\/dev6.erresse-shop.it\/es\/shop\/sartenes-y-ollas\/ruffoni-opus-prima-sarten-30-cm-3\/#primaryimage\"},\"thumbnailUrl\":\"https:\/\/i1.wp.com\/interpim.erresse-shop.it\/img-catalogo\/ruffoni\/ruffoni-opus-prima-padella-m26.jpg?ssl=1\",\"datePublished\":\"2026-04-16T17:10:48+00:00\",\"description\":\"OPUS PRIMA Una l\u00ednea de extraordinarios objetos de cocina que son el resultado de una combinaci\u00f3n de tecnolog\u00eda punta y mano de obra que se remonta a\",\"breadcrumb\":{\"@id\":\"https:\/\/dev6.erresse-shop.it\/es\/shop\/sartenes-y-ollas\/ruffoni-opus-prima-sarten-30-cm-3\/#breadcrumb\"},\"inLanguage\":\"es\",\"potentialAction\":[{\"@type\":\"ReadAction\",\"target\":[\"https:\/\/dev6.erresse-shop.it\/es\/shop\/sartenes-y-ollas\/ruffoni-opus-prima-sarten-30-cm-3\/\"]}]},{\"@type\":\"ImageObject\",\"inLanguage\":\"es\",\"@id\":\"https:\/\/dev6.erresse-shop.it\/es\/shop\/sartenes-y-ollas\/ruffoni-opus-prima-sarten-30-cm-3\/#primaryimage\",\"url\":\"https:\/\/i1.wp.com\/interpim.erresse-shop.it\/img-catalogo\/ruffoni\/ruffoni-opus-prima-padella-m26.jpg?ssl=1\",\"contentUrl\":\"https:\/\/i1.wp.com\/interpim.erresse-shop.it\/img-catalogo\/ruffoni\/ruffoni-opus-prima-padella-m26.jpg?ssl=1\"},{\"@type\":\"BreadcrumbList\",\"@id\":\"https:\/\/dev6.erresse-shop.it\/es\/shop\/sartenes-y-ollas\/ruffoni-opus-prima-sarten-30-cm-3\/#breadcrumb\",\"itemListElement\":[{\"@type\":\"ListItem\",\"position\":1,\"name\":\"Home\",\"item\":\"https:\/\/dev6.erresse-shop.it\/\"},{\"@type\":\"ListItem\",\"position\":2,\"name\":\"Tienda\",\"item\":\"https:\/\/dev6.erresse-shop.it\/shop\/\"},{\"@type\":\"ListItem\",\"position\":3,\"name\":\"RUFFONI Opus Prima Sart\u00e9n 30 cm\"}]},{\"@type\":\"WebSite\",\"@id\":\"https:\/\/dev6.erresse-shop.it\/#website\",\"url\":\"https:\/\/dev6.erresse-shop.it\/\",\"name\":\"Erresse Shop\",\"description\":\"\",\"publisher\":{\"@id\":\"https:\/\/dev6.erresse-shop.it\/#organization\"},\"potentialAction\":[{\"@type\":\"SearchAction\",\"target\":{\"@type\":\"EntryPoint\",\"urlTemplate\":\"https:\/\/dev6.erresse-shop.it\/?s={search_term_string}\"},\"query-input\":{\"@type\":\"PropertyValueSpecification\",\"valueRequired\":true,\"valueName\":\"search_term_string\"}}],\"inLanguage\":\"es\"},{\"@type\":\"Organization\",\"@id\":\"https:\/\/dev6.erresse-shop.it\/#organization\",\"name\":\"Erresse Shop\",\"url\":\"https:\/\/dev6.erresse-shop.it\/\",\"logo\":{\"@type\":\"ImageObject\",\"inLanguage\":\"es\",\"@id\":\"https:\/\/dev6.erresse-shop.it\/#\/schema\/logo\/image\/\",\"url\":\"https:\/\/dev6.erresse-shop.it\/wp-content\/uploads\/2025\/01\/LOGO-ERRESSE-CLASSICO.svg\",\"contentUrl\":\"https:\/\/dev6.erresse-shop.it\/wp-content\/uploads\/2025\/01\/LOGO-ERRESSE-CLASSICO.svg\",\"caption\":\"Erresse Shop\"},\"image\":{\"@id\":\"https:\/\/dev6.erresse-shop.it\/#\/schema\/logo\/image\/\"}}]}<\/script>\n<!-- \/ Yoast SEO plugin. -->","yoast_head_json":{"title":"RUFFONI Opus Prima Sart\u00e9n 30 cm - dev6 Erresse","description":"OPUS PRIMA Una l\u00ednea de extraordinarios objetos de cocina que son el resultado de una combinaci\u00f3n de tecnolog\u00eda punta y mano de obra que se remonta a","robots":{"index":"noindex","follow":"follow","max-snippet":"max-snippet:-1","max-image-preview":"max-image-preview:large","max-video-preview":"max-video-preview:-1"},"og_locale":"es_ES","og_type":"article","og_title":"RUFFONI Opus Prima Sart\u00e9n 30 cm - dev6 Erresse","og_description":"OPUS PRIMA Una l\u00ednea de extraordinarios objetos de cocina que son el resultado de una combinaci\u00f3n de tecnolog\u00eda punta y mano de obra que se remonta a","og_url":"https:\/\/dev6.erresse-shop.it\/es\/shop\/sartenes-y-ollas\/ruffoni-opus-prima-sarten-30-cm-3\/","og_site_name":"dev6 Erresse","og_image":[{"url":"https:\/\/interpim.erresse-shop.it\/img-catalogo\/ruffoni\/ruffoni-opus-prima-padella-m26.jpg","type":"","width":"","height":""},{"url":"https:\/\/interpim.erresse-shop.it\/img-catalogo\/ruffoni\/ruffoni-opus-prima-padella-m26.jpg","width":1024,"height":1024,"type":"image\/jpeg"}],"twitter_card":"summary_large_image","twitter_image":"https:\/\/interpim.erresse-shop.it\/img-catalogo\/ruffoni\/ruffoni-opus-prima-padella-m26.jpg","schema":{"@context":"https:\/\/schema.org","@graph":[{"@type":"WebPage","@id":"https:\/\/dev6.erresse-shop.it\/es\/shop\/sartenes-y-ollas\/ruffoni-opus-prima-sarten-30-cm-3\/","url":"https:\/\/dev6.erresse-shop.it\/es\/shop\/sartenes-y-ollas\/ruffoni-opus-prima-sarten-30-cm-3\/","name":"RUFFONI Opus Prima Sart\u00e9n 30 cm - dev6 Erresse","isPartOf":{"@id":"https:\/\/dev6.erresse-shop.it\/#website"},"primaryImageOfPage":{"@id":"https:\/\/dev6.erresse-shop.it\/es\/shop\/sartenes-y-ollas\/ruffoni-opus-prima-sarten-30-cm-3\/#primaryimage"},"image":{"@id":"https:\/\/dev6.erresse-shop.it\/es\/shop\/sartenes-y-ollas\/ruffoni-opus-prima-sarten-30-cm-3\/#primaryimage"},"thumbnailUrl":"https:\/\/i1.wp.com\/interpim.erresse-shop.it\/img-catalogo\/ruffoni\/ruffoni-opus-prima-padella-m26.jpg?ssl=1","datePublished":"2026-04-16T17:10:48+00:00","description":"OPUS PRIMA Una l\u00ednea de extraordinarios objetos de cocina que son el resultado de una combinaci\u00f3n de tecnolog\u00eda punta y mano de obra que se remonta a","breadcrumb":{"@id":"https:\/\/dev6.erresse-shop.it\/es\/shop\/sartenes-y-ollas\/ruffoni-opus-prima-sarten-30-cm-3\/#breadcrumb"},"inLanguage":"es","potentialAction":[{"@type":"ReadAction","target":["https:\/\/dev6.erresse-shop.it\/es\/shop\/sartenes-y-ollas\/ruffoni-opus-prima-sarten-30-cm-3\/"]}]},{"@type":"ImageObject","inLanguage":"es","@id":"https:\/\/dev6.erresse-shop.it\/es\/shop\/sartenes-y-ollas\/ruffoni-opus-prima-sarten-30-cm-3\/#primaryimage","url":"https:\/\/i1.wp.com\/interpim.erresse-shop.it\/img-catalogo\/ruffoni\/ruffoni-opus-prima-padella-m26.jpg?ssl=1","contentUrl":"https:\/\/i1.wp.com\/interpim.erresse-shop.it\/img-catalogo\/ruffoni\/ruffoni-opus-prima-padella-m26.jpg?ssl=1"},{"@type":"BreadcrumbList","@id":"https:\/\/dev6.erresse-shop.it\/es\/shop\/sartenes-y-ollas\/ruffoni-opus-prima-sarten-30-cm-3\/#breadcrumb","itemListElement":[{"@type":"ListItem","position":1,"name":"Home","item":"https:\/\/dev6.erresse-shop.it\/"},{"@type":"ListItem","position":2,"name":"Tienda","item":"https:\/\/dev6.erresse-shop.it\/shop\/"},{"@type":"ListItem","position":3,"name":"RUFFONI Opus Prima Sart\u00e9n 30 cm"}]},{"@type":"WebSite","@id":"https:\/\/dev6.erresse-shop.it\/#website","url":"https:\/\/dev6.erresse-shop.it\/","name":"Erresse Shop","description":"","publisher":{"@id":"https:\/\/dev6.erresse-shop.it\/#organization"},"potentialAction":[{"@type":"SearchAction","target":{"@type":"EntryPoint","urlTemplate":"https:\/\/dev6.erresse-shop.it\/?s={search_term_string}"},"query-input":{"@type":"PropertyValueSpecification","valueRequired":true,"valueName":"search_term_string"}}],"inLanguage":"es"},{"@type":"Organization","@id":"https:\/\/dev6.erresse-shop.it\/#organization","name":"Erresse Shop","url":"https:\/\/dev6.erresse-shop.it\/","logo":{"@type":"ImageObject","inLanguage":"es","@id":"https:\/\/dev6.erresse-shop.it\/#\/schema\/logo\/image\/","url":"https:\/\/dev6.erresse-shop.it\/wp-content\/uploads\/2025\/01\/LOGO-ERRESSE-CLASSICO.svg","contentUrl":"https:\/\/dev6.erresse-shop.it\/wp-content\/uploads\/2025\/01\/LOGO-ERRESSE-CLASSICO.svg","caption":"Erresse Shop"},"image":{"@id":"https:\/\/dev6.erresse-shop.it\/#\/schema\/logo\/image\/"}}]}},"df_price":189.95,"df_sale_price":189.95,"df_regular_price":268,"df_image_link":"https:\/\/i1.wp.com\/interpim.erresse-shop.it\/img-catalogo\/ruffoni\/ruffoni-opus-prima-padella-m26.jpg?resize=300,300&ssl=1","fifu_image_url":"https:\/\/interpim.erresse-shop.it\/img-catalogo\/ruffoni\/ruffoni-opus-prima-padella-m26.jpg","_links":{"self":[{"href":"https:\/\/dev6.erresse-shop.it\/es\/wp-json\/wp\/v2\/product\/1877332","targetHints":{"allow":["GET"]}}],"collection":[{"href":"https:\/\/dev6.erresse-shop.it\/es\/wp-json\/wp\/v2\/product"}],"about":[{"href":"https:\/\/dev6.erresse-shop.it\/es\/wp-json\/wp\/v2\/types\/product"}],"wp:featuredmedia":[{"embeddable":true,"href":"https:\/\/dev6.erresse-shop.it\/es\/wp-json\/wp\/v2\/media\/6490245"}],"wp:attachment":[{"href":"https:\/\/dev6.erresse-shop.it\/es\/wp-json\/wp\/v2\/media?parent=1877332"}],"wp:term":[{"taxonomy":"product_cat","embeddable":true,"href":"https:\/\/dev6.erresse-shop.it\/es\/wp-json\/wp\/v2\/product_cat?post=1877332"},{"taxonomy":"product_tag","embeddable":true,"href":"https:\/\/dev6.erresse-shop.it\/es\/wp-json\/wp\/v2\/product_tag?post=1877332"}],"curies":[{"name":"wp","href":"https:\/\/api.w.org\/{rel}","templated":true}]}}