{"id":1877318,"date":"2026-04-04T08:33:46","date_gmt":"2026-04-04T06:33:46","guid":{"rendered":"https:\/\/dev6.erresse-shop.it\/shop\/sin%20categor\u00eda\/seletti-hybrid-2-0-taza-de-cafe-tamara\/"},"modified":"2025-07-04T21:30:35","modified_gmt":"2025-07-04T19:30:35","slug":"seletti-hybrid-2-0-taza-de-cafe-tamara","status":"publish","type":"product","link":"https:\/\/dev6.erresse-shop.it\/es\/shop\/tabla\/tazas\/seletti-hybrid-2-0-taza-de-cafe-tamara\/","title":{"rendered":"SELETTI Hybrid 2.0 Taza de caf\u00e9 Tamara"},"content":{"rendered":"<p>Cuando Oriente y Occidente se encuentran. Una colecci\u00f3n que reflexiona sobre la antigua producci\u00f3n oriental y occidental: decoraciones h\u00edbridas de un pasado complejo que se transforman en formas contempor\u00e1neas.<\/p>\n<p>Taza de caf\u00e9<\/p>\n<p>Dise\u00f1o: CTRLZAK<\/p>\n<p>Material: porcelana de hueso<\/p>\n<p>Tama\u00f1o de la copa: \u00f8 cm 6,8 h. 5,5<\/p>\n<p>Tama\u00f1o del platillo: \u00f8 cm 12,8 h. 1,9<\/p>\n","protected":false},"excerpt":{"rendered":"<p>Cuando Oriente y Occidente se encuentran. Una colecci\u00f3n que reflexiona sobre la antigua producci\u00f3n oriental y occidental: decoraciones h\u00edbridas de un pasado complejo que se transforman en formas contempor\u00e1neas. Taza de caf\u00e9 Dise\u00f1o: CTRLZAK Material: porcelana de hueso Tama\u00f1o de la copa: \u00f8 cm 6,8 h. 5,5 Tama\u00f1o del platillo: \u00f8 cm 12,8 h. 1,9<\/p>\n","protected":false},"featured_media":6267829,"template":"","meta":{"_acf_changed":false},"product_cat":[11887,11671,11905],"product_tag":[],"class_list":{"0":"post-1877318","1":"product","2":"type-product","3":"status-publish","4":"has-post-thumbnail","6":"product_cat-tabla","7":"product_cat-tavola","8":"product_cat-tazas","10":"first","11":"outofstock","12":"taxable","13":"shipping-taxable","14":"product-type-simple","swatches":"rey-swatches","show_selected":"","stretch_labels":"rey-swatches--stretch-labels"},"acf":[],"yoast_head":"<!-- This site is optimized with the Yoast SEO plugin v25.4 - https:\/\/yoast.com\/wordpress\/plugins\/seo\/ -->\n<title>SELETTI Hybrid 2.0 Taza de caf\u00e9 Tamara - dev6 Erresse<\/title>\n<meta name=\"description\" content=\"Cuando Oriente y Occidente se encuentran. Una colecci\u00f3n que reflexiona sobre la antigua producci\u00f3n oriental y occidental: decoraciones h\u00edbridas de un\" \/>\n<meta name=\"robots\" content=\"noindex, follow, max-snippet:-1, max-image-preview:large, max-video-preview:-1\" \/>\n<meta property=\"og:locale\" content=\"es_ES\" \/>\n<meta property=\"og:type\" content=\"article\" \/>\n<meta property=\"og:title\" content=\"SELETTI Hybrid 2.0 Taza de caf\u00e9 Tamara - dev6 Erresse\" \/>\n<meta property=\"og:description\" content=\"Cuando Oriente y Occidente se encuentran. Una colecci\u00f3n que reflexiona sobre la antigua producci\u00f3n oriental y occidental: decoraciones h\u00edbridas de un\" \/>\n<meta property=\"og:url\" content=\"https:\/\/dev6.erresse-shop.it\/es\/shop\/tabla\/tazas\/seletti-hybrid-2-0-taza-de-cafe-tamara\/\" \/>\n<meta property=\"og:site_name\" content=\"dev6 Erresse\" \/>\n<meta property=\"og:image\" content=\"https:\/\/interpim.erresse-shop.it\/img-catalogo\/seletti\/seletti-hybrid-2.0-tazzina-da-caffe-chucuito.jpg\" \/><meta property=\"og:image\" content=\"https:\/\/interpim.erresse-shop.it\/img-catalogo\/seletti\/seletti-hybrid-2.0-tazzina-da-caffe-chucuito.jpg\" \/>\n\t<meta property=\"og:image:width\" content=\"1024\" \/>\n\t<meta property=\"og:image:height\" content=\"1024\" \/>\n\t<meta property=\"og:image:type\" content=\"image\/jpeg\" \/>\n<meta name=\"twitter:card\" content=\"summary_large_image\" \/>\n<meta name=\"twitter:image\" content=\"https:\/\/interpim.erresse-shop.it\/img-catalogo\/seletti\/seletti-hybrid-2.0-tazzina-da-caffe-chucuito.jpg\" \/>\n<script type=\"application\/ld+json\" class=\"yoast-schema-graph\">{\"@context\":\"https:\/\/schema.org\",\"@graph\":[{\"@type\":\"WebPage\",\"@id\":\"https:\/\/dev6.erresse-shop.it\/es\/shop\/tabla\/tazas\/seletti-hybrid-2-0-taza-de-cafe-tamara\/\",\"url\":\"https:\/\/dev6.erresse-shop.it\/es\/shop\/tabla\/tazas\/seletti-hybrid-2-0-taza-de-cafe-tamara\/\",\"name\":\"SELETTI Hybrid 2.0 Taza de caf\u00e9 Tamara - dev6 Erresse\",\"isPartOf\":{\"@id\":\"https:\/\/dev6.erresse-shop.it\/#website\"},\"primaryImageOfPage\":{\"@id\":\"https:\/\/dev6.erresse-shop.it\/es\/shop\/tabla\/tazas\/seletti-hybrid-2-0-taza-de-cafe-tamara\/#primaryimage\"},\"image\":{\"@id\":\"https:\/\/dev6.erresse-shop.it\/es\/shop\/tabla\/tazas\/seletti-hybrid-2-0-taza-de-cafe-tamara\/#primaryimage\"},\"thumbnailUrl\":\"https:\/\/i2.wp.com\/interpim.erresse-shop.it\/img-catalogo\/seletti\/seletti-hybrid-2.0-tazzina-da-caffe-chucuito.jpg?ssl=1\",\"datePublished\":\"2026-04-04T06:33:46+00:00\",\"description\":\"Cuando Oriente y Occidente se encuentran. Una colecci\u00f3n que reflexiona sobre la antigua producci\u00f3n oriental y occidental: decoraciones h\u00edbridas de un\",\"breadcrumb\":{\"@id\":\"https:\/\/dev6.erresse-shop.it\/es\/shop\/tabla\/tazas\/seletti-hybrid-2-0-taza-de-cafe-tamara\/#breadcrumb\"},\"inLanguage\":\"es\",\"potentialAction\":[{\"@type\":\"ReadAction\",\"target\":[\"https:\/\/dev6.erresse-shop.it\/es\/shop\/tabla\/tazas\/seletti-hybrid-2-0-taza-de-cafe-tamara\/\"]}]},{\"@type\":\"ImageObject\",\"inLanguage\":\"es\",\"@id\":\"https:\/\/dev6.erresse-shop.it\/es\/shop\/tabla\/tazas\/seletti-hybrid-2-0-taza-de-cafe-tamara\/#primaryimage\",\"url\":\"https:\/\/i2.wp.com\/interpim.erresse-shop.it\/img-catalogo\/seletti\/seletti-hybrid-2.0-tazzina-da-caffe-chucuito.jpg?ssl=1\",\"contentUrl\":\"https:\/\/i2.wp.com\/interpim.erresse-shop.it\/img-catalogo\/seletti\/seletti-hybrid-2.0-tazzina-da-caffe-chucuito.jpg?ssl=1\"},{\"@type\":\"BreadcrumbList\",\"@id\":\"https:\/\/dev6.erresse-shop.it\/es\/shop\/tabla\/tazas\/seletti-hybrid-2-0-taza-de-cafe-tamara\/#breadcrumb\",\"itemListElement\":[{\"@type\":\"ListItem\",\"position\":1,\"name\":\"Home\",\"item\":\"https:\/\/dev6.erresse-shop.it\/\"},{\"@type\":\"ListItem\",\"position\":2,\"name\":\"Tienda\",\"item\":\"https:\/\/dev6.erresse-shop.it\/shop\/\"},{\"@type\":\"ListItem\",\"position\":3,\"name\":\"SELETTI Hybrid 2.0 Taza de caf\u00e9 Tamara\"}]},{\"@type\":\"WebSite\",\"@id\":\"https:\/\/dev6.erresse-shop.it\/#website\",\"url\":\"https:\/\/dev6.erresse-shop.it\/\",\"name\":\"Erresse Shop\",\"description\":\"\",\"publisher\":{\"@id\":\"https:\/\/dev6.erresse-shop.it\/#organization\"},\"potentialAction\":[{\"@type\":\"SearchAction\",\"target\":{\"@type\":\"EntryPoint\",\"urlTemplate\":\"https:\/\/dev6.erresse-shop.it\/?s={search_term_string}\"},\"query-input\":{\"@type\":\"PropertyValueSpecification\",\"valueRequired\":true,\"valueName\":\"search_term_string\"}}],\"inLanguage\":\"es\"},{\"@type\":\"Organization\",\"@id\":\"https:\/\/dev6.erresse-shop.it\/#organization\",\"name\":\"Erresse Shop\",\"url\":\"https:\/\/dev6.erresse-shop.it\/\",\"logo\":{\"@type\":\"ImageObject\",\"inLanguage\":\"es\",\"@id\":\"https:\/\/dev6.erresse-shop.it\/#\/schema\/logo\/image\/\",\"url\":\"https:\/\/dev6.erresse-shop.it\/wp-content\/uploads\/2025\/01\/LOGO-ERRESSE-CLASSICO.svg\",\"contentUrl\":\"https:\/\/dev6.erresse-shop.it\/wp-content\/uploads\/2025\/01\/LOGO-ERRESSE-CLASSICO.svg\",\"caption\":\"Erresse Shop\"},\"image\":{\"@id\":\"https:\/\/dev6.erresse-shop.it\/#\/schema\/logo\/image\/\"}}]}<\/script>\n<!-- \/ Yoast SEO plugin. -->","yoast_head_json":{"title":"SELETTI Hybrid 2.0 Taza de caf\u00e9 Tamara - dev6 Erresse","description":"Cuando Oriente y Occidente se encuentran. Una colecci\u00f3n que reflexiona sobre la antigua producci\u00f3n oriental y occidental: decoraciones h\u00edbridas de un","robots":{"index":"noindex","follow":"follow","max-snippet":"max-snippet:-1","max-image-preview":"max-image-preview:large","max-video-preview":"max-video-preview:-1"},"og_locale":"es_ES","og_type":"article","og_title":"SELETTI Hybrid 2.0 Taza de caf\u00e9 Tamara - dev6 Erresse","og_description":"Cuando Oriente y Occidente se encuentran. Una colecci\u00f3n que reflexiona sobre la antigua producci\u00f3n oriental y occidental: decoraciones h\u00edbridas de un","og_url":"https:\/\/dev6.erresse-shop.it\/es\/shop\/tabla\/tazas\/seletti-hybrid-2-0-taza-de-cafe-tamara\/","og_site_name":"dev6 Erresse","og_image":[{"url":"https:\/\/interpim.erresse-shop.it\/img-catalogo\/seletti\/seletti-hybrid-2.0-tazzina-da-caffe-chucuito.jpg","type":"","width":"","height":""},{"url":"https:\/\/interpim.erresse-shop.it\/img-catalogo\/seletti\/seletti-hybrid-2.0-tazzina-da-caffe-chucuito.jpg","width":1024,"height":1024,"type":"image\/jpeg"}],"twitter_card":"summary_large_image","twitter_image":"https:\/\/interpim.erresse-shop.it\/img-catalogo\/seletti\/seletti-hybrid-2.0-tazzina-da-caffe-chucuito.jpg","schema":{"@context":"https:\/\/schema.org","@graph":[{"@type":"WebPage","@id":"https:\/\/dev6.erresse-shop.it\/es\/shop\/tabla\/tazas\/seletti-hybrid-2-0-taza-de-cafe-tamara\/","url":"https:\/\/dev6.erresse-shop.it\/es\/shop\/tabla\/tazas\/seletti-hybrid-2-0-taza-de-cafe-tamara\/","name":"SELETTI Hybrid 2.0 Taza de caf\u00e9 Tamara - dev6 Erresse","isPartOf":{"@id":"https:\/\/dev6.erresse-shop.it\/#website"},"primaryImageOfPage":{"@id":"https:\/\/dev6.erresse-shop.it\/es\/shop\/tabla\/tazas\/seletti-hybrid-2-0-taza-de-cafe-tamara\/#primaryimage"},"image":{"@id":"https:\/\/dev6.erresse-shop.it\/es\/shop\/tabla\/tazas\/seletti-hybrid-2-0-taza-de-cafe-tamara\/#primaryimage"},"thumbnailUrl":"https:\/\/i2.wp.com\/interpim.erresse-shop.it\/img-catalogo\/seletti\/seletti-hybrid-2.0-tazzina-da-caffe-chucuito.jpg?ssl=1","datePublished":"2026-04-04T06:33:46+00:00","description":"Cuando Oriente y Occidente se encuentran. Una colecci\u00f3n que reflexiona sobre la antigua producci\u00f3n oriental y occidental: decoraciones h\u00edbridas de un","breadcrumb":{"@id":"https:\/\/dev6.erresse-shop.it\/es\/shop\/tabla\/tazas\/seletti-hybrid-2-0-taza-de-cafe-tamara\/#breadcrumb"},"inLanguage":"es","potentialAction":[{"@type":"ReadAction","target":["https:\/\/dev6.erresse-shop.it\/es\/shop\/tabla\/tazas\/seletti-hybrid-2-0-taza-de-cafe-tamara\/"]}]},{"@type":"ImageObject","inLanguage":"es","@id":"https:\/\/dev6.erresse-shop.it\/es\/shop\/tabla\/tazas\/seletti-hybrid-2-0-taza-de-cafe-tamara\/#primaryimage","url":"https:\/\/i2.wp.com\/interpim.erresse-shop.it\/img-catalogo\/seletti\/seletti-hybrid-2.0-tazzina-da-caffe-chucuito.jpg?ssl=1","contentUrl":"https:\/\/i2.wp.com\/interpim.erresse-shop.it\/img-catalogo\/seletti\/seletti-hybrid-2.0-tazzina-da-caffe-chucuito.jpg?ssl=1"},{"@type":"BreadcrumbList","@id":"https:\/\/dev6.erresse-shop.it\/es\/shop\/tabla\/tazas\/seletti-hybrid-2-0-taza-de-cafe-tamara\/#breadcrumb","itemListElement":[{"@type":"ListItem","position":1,"name":"Home","item":"https:\/\/dev6.erresse-shop.it\/"},{"@type":"ListItem","position":2,"name":"Tienda","item":"https:\/\/dev6.erresse-shop.it\/shop\/"},{"@type":"ListItem","position":3,"name":"SELETTI Hybrid 2.0 Taza de caf\u00e9 Tamara"}]},{"@type":"WebSite","@id":"https:\/\/dev6.erresse-shop.it\/#website","url":"https:\/\/dev6.erresse-shop.it\/","name":"Erresse Shop","description":"","publisher":{"@id":"https:\/\/dev6.erresse-shop.it\/#organization"},"potentialAction":[{"@type":"SearchAction","target":{"@type":"EntryPoint","urlTemplate":"https:\/\/dev6.erresse-shop.it\/?s={search_term_string}"},"query-input":{"@type":"PropertyValueSpecification","valueRequired":true,"valueName":"search_term_string"}}],"inLanguage":"es"},{"@type":"Organization","@id":"https:\/\/dev6.erresse-shop.it\/#organization","name":"Erresse Shop","url":"https:\/\/dev6.erresse-shop.it\/","logo":{"@type":"ImageObject","inLanguage":"es","@id":"https:\/\/dev6.erresse-shop.it\/#\/schema\/logo\/image\/","url":"https:\/\/dev6.erresse-shop.it\/wp-content\/uploads\/2025\/01\/LOGO-ERRESSE-CLASSICO.svg","contentUrl":"https:\/\/dev6.erresse-shop.it\/wp-content\/uploads\/2025\/01\/LOGO-ERRESSE-CLASSICO.svg","caption":"Erresse Shop"},"image":{"@id":"https:\/\/dev6.erresse-shop.it\/#\/schema\/logo\/image\/"}}]}},"df_price":"","df_sale_price":"","df_regular_price":"","df_image_link":"https:\/\/i2.wp.com\/interpim.erresse-shop.it\/img-catalogo\/seletti\/seletti-hybrid-2.0-tazzina-da-caffe-chucuito.jpg?resize=300,300&ssl=1","fifu_image_url":"https:\/\/interpim.erresse-shop.it\/img-catalogo\/seletti\/seletti-hybrid-2.0-tazzina-da-caffe-chucuito.jpg","_links":{"self":[{"href":"https:\/\/dev6.erresse-shop.it\/es\/wp-json\/wp\/v2\/product\/1877318","targetHints":{"allow":["GET"]}}],"collection":[{"href":"https:\/\/dev6.erresse-shop.it\/es\/wp-json\/wp\/v2\/product"}],"about":[{"href":"https:\/\/dev6.erresse-shop.it\/es\/wp-json\/wp\/v2\/types\/product"}],"wp:featuredmedia":[{"embeddable":true,"href":"https:\/\/dev6.erresse-shop.it\/es\/wp-json\/wp\/v2\/media\/6267829"}],"wp:attachment":[{"href":"https:\/\/dev6.erresse-shop.it\/es\/wp-json\/wp\/v2\/media?parent=1877318"}],"wp:term":[{"taxonomy":"product_cat","embeddable":true,"href":"https:\/\/dev6.erresse-shop.it\/es\/wp-json\/wp\/v2\/product_cat?post=1877318"},{"taxonomy":"product_tag","embeddable":true,"href":"https:\/\/dev6.erresse-shop.it\/es\/wp-json\/wp\/v2\/product_tag?post=1877318"}],"curies":[{"name":"wp","href":"https:\/\/api.w.org\/{rel}","templated":true}]}}