{"id":1877282,"date":"2026-04-16T19:09:42","date_gmt":"2026-04-16T17:09:42","guid":{"rendered":"https:\/\/dev6.erresse-shop.it\/shop\/sin%20categor\u00eda\/zwilling-enfinigy-hervidor-electrico-blanco\/"},"modified":"2025-07-04T21:29:50","modified_gmt":"2025-07-04T19:29:50","slug":"zwilling-enfinigy-hervidor-electrico-blanco","status":"publish","type":"product","link":"https:\/\/dev6.erresse-shop.it\/es\/shop\/pequenos-electrodomesticos\/hervidores-electricos\/zwilling-enfinigy-hervidor-electrico-blanco\/","title":{"rendered":"ZWILLING Enfinigy Hervidor El\u00e9ctrico Blanco"},"content":{"rendered":"<p>Preparar el t\u00e9 sin renunciar a la elegancia es f\u00e1cil con el hervidor de vidrio el\u00e9ctrico ZWILLING Enfinigy blanco. El camino hacia una ceremonia del t\u00e9 perfecta comienza con la selecci\u00f3n de la temperatura en el soporte de 360\u00b0. Gracias a la funci\u00f3n de ebullici\u00f3n previa, el hervidor el\u00e9ctrico calienta primero el agua a 100 \u00b0C y luego le avisa cuando se ha alcanzado la temperatura seleccionada. A continuaci\u00f3n, todo lo que tiene que hacer es llenar el inserto de t\u00e9 de acero inoxidable y esperar a que el temporizador integrado emita un pitido: su bebida est\u00e1 lista para ser disfrutada. El tiempo de infusi\u00f3n se puede ajustar entre 0 y 10 minutos, seg\u00fan el tipo de t\u00e9. Si por alguna raz\u00f3n tienes que posponer tu descanso, el hervidor el\u00e9ctrico mantendr\u00e1 tu t\u00e9 a la temperatura deseada durante 30 minutos gracias a la pr\u00e1ctica funci\u00f3n de \u201cmantenimiento del calor\u201d. El inserto de t\u00e9 puede extraerse mediante el soporte incorporado en la tapa, que se afloja pulsando un bot\u00f3n, y colocarse en la bandeja de goteo suministrada. El hervidor de vidrio el\u00e9ctrico tiene una capacidad de 1,7 litros y puede utilizarse para otras funciones adem\u00e1s de para preparar t\u00e9. Hay un inserto especial para preparar la comida del beb\u00e9 y mantenerla caliente, que tambi\u00e9n puede utilizarse para esterilizar chupetes y biberones a 100 \u00b0C durante 5 minutos. Este moderno hervidor de vidrio el\u00e9ctrico tambi\u00e9n es muy f\u00e1cil de limpiar.<\/p>\n<p>10 programas y 6 ajustes de temperatura (40 \u00b0C, 60 \u00b0C, 70 \u00b0C, 80 \u00b0C, 93 \u00b0C, 100 \u00b0C)<br \/>\nLa funci\u00f3n \u201cstay-warm\u201d mantiene la temperatura deseada durante 30 minutos<br \/>\nTemporizador e inserto de t\u00e9 con soporte en la tapa para facilitar la extracci\u00f3n y bandeja de goteo a juego<br \/>\nFunci\u00f3n de preebullici\u00f3n que lleva el agua inicialmente a 100 \u00b0C<br \/>\nSoporte de 360\u00b0 con enrollador de cable integrado<br \/>\nSuperficie de cristal f\u00e1cil de limpiar<br \/>\nElementos calefactores de acero inoxidable<br \/>\nDesarrollado por ZWILLING en Alemania, dise\u00f1ado en Mil\u00e1n por Matteo Thun y Antonio Rodr\u00edguez<br \/>\nEl inserto de comida para beb\u00e9s se vende por separado<\/p>\n<p>No se vende fuera de Europa<\/p>\n","protected":false},"excerpt":{"rendered":"<p>Preparar el t\u00e9 sin renunciar a la elegancia es f\u00e1cil con el hervidor de vidrio el\u00e9ctrico ZWILLING Enfinigy blanco. El camino hacia una ceremonia del t\u00e9 perfecta comienza con la selecci\u00f3n de la temperatura en el soporte de 360\u00b0. Gracias a la funci\u00f3n de ebullici\u00f3n previa, el hervidor el\u00e9ctrico calienta primero el agua a 100 [&hellip;]<\/p>\n","protected":false},"featured_media":6489877,"template":"","meta":{"_acf_changed":false},"product_cat":[11734,11950,11947],"product_tag":[],"class_list":{"0":"post-1877282","1":"product","2":"type-product","3":"status-publish","4":"has-post-thumbnail","6":"product_cat-bollitori-elettrici","7":"product_cat-hervidores-electricos","8":"product_cat-pequenos-electrodomesticos","10":"first","11":"outofstock","12":"sale","13":"taxable","14":"shipping-taxable","15":"purchasable","16":"product-type-simple","swatches":"rey-swatches","show_selected":"","stretch_labels":"rey-swatches--stretch-labels"},"acf":[],"yoast_head":"<!-- This site is optimized with the Yoast SEO plugin v25.4 - https:\/\/yoast.com\/wordpress\/plugins\/seo\/ -->\n<title>ZWILLING Enfinigy Hervidor El\u00e9ctrico Blanco - dev6 Erresse<\/title>\n<meta name=\"description\" content=\"Preparar el t\u00e9 sin renunciar a la elegancia es f\u00e1cil con el hervidor de vidrio el\u00e9ctrico ZWILLING Enfinigy blanco. El camino hacia una ceremonia del t\u00e9\" \/>\n<meta name=\"robots\" content=\"noindex, follow, max-snippet:-1, max-image-preview:large, max-video-preview:-1\" \/>\n<meta property=\"og:locale\" content=\"es_ES\" \/>\n<meta property=\"og:type\" content=\"article\" \/>\n<meta property=\"og:title\" content=\"ZWILLING Enfinigy Hervidor El\u00e9ctrico Blanco - dev6 Erresse\" \/>\n<meta property=\"og:description\" content=\"Preparar el t\u00e9 sin renunciar a la elegancia es f\u00e1cil con el hervidor de vidrio el\u00e9ctrico ZWILLING Enfinigy blanco. El camino hacia una ceremonia del t\u00e9\" \/>\n<meta property=\"og:url\" content=\"https:\/\/dev6.erresse-shop.it\/es\/shop\/pequenos-electrodomesticos\/hervidores-electricos\/zwilling-enfinigy-hervidor-electrico-blanco\/\" \/>\n<meta property=\"og:site_name\" content=\"dev6 Erresse\" \/>\n<meta property=\"og:image\" content=\"https:\/\/interpim.erresse-shop.it\/img-catalogo\/zwilling\/zwlling-bollitore-elettrico-enfinigy-in-vetro-bianco.jpg\" \/><meta property=\"og:image\" content=\"https:\/\/interpim.erresse-shop.it\/img-catalogo\/zwilling\/zwlling-bollitore-elettrico-enfinigy-in-vetro-bianco.jpg\" \/>\n\t<meta property=\"og:image:width\" content=\"1024\" \/>\n\t<meta property=\"og:image:height\" content=\"1024\" \/>\n\t<meta property=\"og:image:type\" content=\"image\/jpeg\" \/>\n<meta name=\"twitter:card\" content=\"summary_large_image\" \/>\n<meta name=\"twitter:image\" content=\"https:\/\/interpim.erresse-shop.it\/img-catalogo\/zwilling\/zwlling-bollitore-elettrico-enfinigy-in-vetro-bianco.jpg\" \/>\n<script type=\"application\/ld+json\" class=\"yoast-schema-graph\">{\"@context\":\"https:\/\/schema.org\",\"@graph\":[{\"@type\":\"WebPage\",\"@id\":\"https:\/\/dev6.erresse-shop.it\/es\/shop\/pequenos-electrodomesticos\/hervidores-electricos\/zwilling-enfinigy-hervidor-electrico-blanco\/\",\"url\":\"https:\/\/dev6.erresse-shop.it\/es\/shop\/pequenos-electrodomesticos\/hervidores-electricos\/zwilling-enfinigy-hervidor-electrico-blanco\/\",\"name\":\"ZWILLING Enfinigy Hervidor El\u00e9ctrico Blanco - dev6 Erresse\",\"isPartOf\":{\"@id\":\"https:\/\/dev6.erresse-shop.it\/#website\"},\"primaryImageOfPage\":{\"@id\":\"https:\/\/dev6.erresse-shop.it\/es\/shop\/pequenos-electrodomesticos\/hervidores-electricos\/zwilling-enfinigy-hervidor-electrico-blanco\/#primaryimage\"},\"image\":{\"@id\":\"https:\/\/dev6.erresse-shop.it\/es\/shop\/pequenos-electrodomesticos\/hervidores-electricos\/zwilling-enfinigy-hervidor-electrico-blanco\/#primaryimage\"},\"thumbnailUrl\":\"https:\/\/i3.wp.com\/interpim.erresse-shop.it\/img-catalogo\/zwilling\/zwlling-bollitore-elettrico-enfinigy-in-vetro-bianco.jpg?ssl=1\",\"datePublished\":\"2026-04-16T17:09:42+00:00\",\"description\":\"Preparar el t\u00e9 sin renunciar a la elegancia es f\u00e1cil con el hervidor de vidrio el\u00e9ctrico ZWILLING Enfinigy blanco. El camino hacia una ceremonia del t\u00e9\",\"breadcrumb\":{\"@id\":\"https:\/\/dev6.erresse-shop.it\/es\/shop\/pequenos-electrodomesticos\/hervidores-electricos\/zwilling-enfinigy-hervidor-electrico-blanco\/#breadcrumb\"},\"inLanguage\":\"es\",\"potentialAction\":[{\"@type\":\"ReadAction\",\"target\":[\"https:\/\/dev6.erresse-shop.it\/es\/shop\/pequenos-electrodomesticos\/hervidores-electricos\/zwilling-enfinigy-hervidor-electrico-blanco\/\"]}]},{\"@type\":\"ImageObject\",\"inLanguage\":\"es\",\"@id\":\"https:\/\/dev6.erresse-shop.it\/es\/shop\/pequenos-electrodomesticos\/hervidores-electricos\/zwilling-enfinigy-hervidor-electrico-blanco\/#primaryimage\",\"url\":\"https:\/\/i3.wp.com\/interpim.erresse-shop.it\/img-catalogo\/zwilling\/zwlling-bollitore-elettrico-enfinigy-in-vetro-bianco.jpg?ssl=1\",\"contentUrl\":\"https:\/\/i3.wp.com\/interpim.erresse-shop.it\/img-catalogo\/zwilling\/zwlling-bollitore-elettrico-enfinigy-in-vetro-bianco.jpg?ssl=1\"},{\"@type\":\"BreadcrumbList\",\"@id\":\"https:\/\/dev6.erresse-shop.it\/es\/shop\/pequenos-electrodomesticos\/hervidores-electricos\/zwilling-enfinigy-hervidor-electrico-blanco\/#breadcrumb\",\"itemListElement\":[{\"@type\":\"ListItem\",\"position\":1,\"name\":\"Home\",\"item\":\"https:\/\/dev6.erresse-shop.it\/\"},{\"@type\":\"ListItem\",\"position\":2,\"name\":\"Tienda\",\"item\":\"https:\/\/dev6.erresse-shop.it\/shop\/\"},{\"@type\":\"ListItem\",\"position\":3,\"name\":\"ZWILLING Enfinigy Hervidor El\u00e9ctrico Blanco\"}]},{\"@type\":\"WebSite\",\"@id\":\"https:\/\/dev6.erresse-shop.it\/#website\",\"url\":\"https:\/\/dev6.erresse-shop.it\/\",\"name\":\"Erresse Shop\",\"description\":\"\",\"publisher\":{\"@id\":\"https:\/\/dev6.erresse-shop.it\/#organization\"},\"potentialAction\":[{\"@type\":\"SearchAction\",\"target\":{\"@type\":\"EntryPoint\",\"urlTemplate\":\"https:\/\/dev6.erresse-shop.it\/?s={search_term_string}\"},\"query-input\":{\"@type\":\"PropertyValueSpecification\",\"valueRequired\":true,\"valueName\":\"search_term_string\"}}],\"inLanguage\":\"es\"},{\"@type\":\"Organization\",\"@id\":\"https:\/\/dev6.erresse-shop.it\/#organization\",\"name\":\"Erresse Shop\",\"url\":\"https:\/\/dev6.erresse-shop.it\/\",\"logo\":{\"@type\":\"ImageObject\",\"inLanguage\":\"es\",\"@id\":\"https:\/\/dev6.erresse-shop.it\/#\/schema\/logo\/image\/\",\"url\":\"https:\/\/dev6.erresse-shop.it\/wp-content\/uploads\/2025\/01\/LOGO-ERRESSE-CLASSICO.svg\",\"contentUrl\":\"https:\/\/dev6.erresse-shop.it\/wp-content\/uploads\/2025\/01\/LOGO-ERRESSE-CLASSICO.svg\",\"caption\":\"Erresse Shop\"},\"image\":{\"@id\":\"https:\/\/dev6.erresse-shop.it\/#\/schema\/logo\/image\/\"}}]}<\/script>\n<!-- \/ Yoast SEO plugin. -->","yoast_head_json":{"title":"ZWILLING Enfinigy Hervidor El\u00e9ctrico Blanco - dev6 Erresse","description":"Preparar el t\u00e9 sin renunciar a la elegancia es f\u00e1cil con el hervidor de vidrio el\u00e9ctrico ZWILLING Enfinigy blanco. El camino hacia una ceremonia del t\u00e9","robots":{"index":"noindex","follow":"follow","max-snippet":"max-snippet:-1","max-image-preview":"max-image-preview:large","max-video-preview":"max-video-preview:-1"},"og_locale":"es_ES","og_type":"article","og_title":"ZWILLING Enfinigy Hervidor El\u00e9ctrico Blanco - dev6 Erresse","og_description":"Preparar el t\u00e9 sin renunciar a la elegancia es f\u00e1cil con el hervidor de vidrio el\u00e9ctrico ZWILLING Enfinigy blanco. El camino hacia una ceremonia del t\u00e9","og_url":"https:\/\/dev6.erresse-shop.it\/es\/shop\/pequenos-electrodomesticos\/hervidores-electricos\/zwilling-enfinigy-hervidor-electrico-blanco\/","og_site_name":"dev6 Erresse","og_image":[{"url":"https:\/\/interpim.erresse-shop.it\/img-catalogo\/zwilling\/zwlling-bollitore-elettrico-enfinigy-in-vetro-bianco.jpg","type":"","width":"","height":""},{"url":"https:\/\/interpim.erresse-shop.it\/img-catalogo\/zwilling\/zwlling-bollitore-elettrico-enfinigy-in-vetro-bianco.jpg","width":1024,"height":1024,"type":"image\/jpeg"}],"twitter_card":"summary_large_image","twitter_image":"https:\/\/interpim.erresse-shop.it\/img-catalogo\/zwilling\/zwlling-bollitore-elettrico-enfinigy-in-vetro-bianco.jpg","schema":{"@context":"https:\/\/schema.org","@graph":[{"@type":"WebPage","@id":"https:\/\/dev6.erresse-shop.it\/es\/shop\/pequenos-electrodomesticos\/hervidores-electricos\/zwilling-enfinigy-hervidor-electrico-blanco\/","url":"https:\/\/dev6.erresse-shop.it\/es\/shop\/pequenos-electrodomesticos\/hervidores-electricos\/zwilling-enfinigy-hervidor-electrico-blanco\/","name":"ZWILLING Enfinigy Hervidor El\u00e9ctrico Blanco - dev6 Erresse","isPartOf":{"@id":"https:\/\/dev6.erresse-shop.it\/#website"},"primaryImageOfPage":{"@id":"https:\/\/dev6.erresse-shop.it\/es\/shop\/pequenos-electrodomesticos\/hervidores-electricos\/zwilling-enfinigy-hervidor-electrico-blanco\/#primaryimage"},"image":{"@id":"https:\/\/dev6.erresse-shop.it\/es\/shop\/pequenos-electrodomesticos\/hervidores-electricos\/zwilling-enfinigy-hervidor-electrico-blanco\/#primaryimage"},"thumbnailUrl":"https:\/\/i3.wp.com\/interpim.erresse-shop.it\/img-catalogo\/zwilling\/zwlling-bollitore-elettrico-enfinigy-in-vetro-bianco.jpg?ssl=1","datePublished":"2026-04-16T17:09:42+00:00","description":"Preparar el t\u00e9 sin renunciar a la elegancia es f\u00e1cil con el hervidor de vidrio el\u00e9ctrico ZWILLING Enfinigy blanco. El camino hacia una ceremonia del t\u00e9","breadcrumb":{"@id":"https:\/\/dev6.erresse-shop.it\/es\/shop\/pequenos-electrodomesticos\/hervidores-electricos\/zwilling-enfinigy-hervidor-electrico-blanco\/#breadcrumb"},"inLanguage":"es","potentialAction":[{"@type":"ReadAction","target":["https:\/\/dev6.erresse-shop.it\/es\/shop\/pequenos-electrodomesticos\/hervidores-electricos\/zwilling-enfinigy-hervidor-electrico-blanco\/"]}]},{"@type":"ImageObject","inLanguage":"es","@id":"https:\/\/dev6.erresse-shop.it\/es\/shop\/pequenos-electrodomesticos\/hervidores-electricos\/zwilling-enfinigy-hervidor-electrico-blanco\/#primaryimage","url":"https:\/\/i3.wp.com\/interpim.erresse-shop.it\/img-catalogo\/zwilling\/zwlling-bollitore-elettrico-enfinigy-in-vetro-bianco.jpg?ssl=1","contentUrl":"https:\/\/i3.wp.com\/interpim.erresse-shop.it\/img-catalogo\/zwilling\/zwlling-bollitore-elettrico-enfinigy-in-vetro-bianco.jpg?ssl=1"},{"@type":"BreadcrumbList","@id":"https:\/\/dev6.erresse-shop.it\/es\/shop\/pequenos-electrodomesticos\/hervidores-electricos\/zwilling-enfinigy-hervidor-electrico-blanco\/#breadcrumb","itemListElement":[{"@type":"ListItem","position":1,"name":"Home","item":"https:\/\/dev6.erresse-shop.it\/"},{"@type":"ListItem","position":2,"name":"Tienda","item":"https:\/\/dev6.erresse-shop.it\/shop\/"},{"@type":"ListItem","position":3,"name":"ZWILLING Enfinigy Hervidor El\u00e9ctrico Blanco"}]},{"@type":"WebSite","@id":"https:\/\/dev6.erresse-shop.it\/#website","url":"https:\/\/dev6.erresse-shop.it\/","name":"Erresse Shop","description":"","publisher":{"@id":"https:\/\/dev6.erresse-shop.it\/#organization"},"potentialAction":[{"@type":"SearchAction","target":{"@type":"EntryPoint","urlTemplate":"https:\/\/dev6.erresse-shop.it\/?s={search_term_string}"},"query-input":{"@type":"PropertyValueSpecification","valueRequired":true,"valueName":"search_term_string"}}],"inLanguage":"es"},{"@type":"Organization","@id":"https:\/\/dev6.erresse-shop.it\/#organization","name":"Erresse Shop","url":"https:\/\/dev6.erresse-shop.it\/","logo":{"@type":"ImageObject","inLanguage":"es","@id":"https:\/\/dev6.erresse-shop.it\/#\/schema\/logo\/image\/","url":"https:\/\/dev6.erresse-shop.it\/wp-content\/uploads\/2025\/01\/LOGO-ERRESSE-CLASSICO.svg","contentUrl":"https:\/\/dev6.erresse-shop.it\/wp-content\/uploads\/2025\/01\/LOGO-ERRESSE-CLASSICO.svg","caption":"Erresse Shop"},"image":{"@id":"https:\/\/dev6.erresse-shop.it\/#\/schema\/logo\/image\/"}}]}},"df_price":122.95,"df_sale_price":122.95,"df_regular_price":149,"df_image_link":"https:\/\/i3.wp.com\/interpim.erresse-shop.it\/img-catalogo\/zwilling\/zwlling-bollitore-elettrico-enfinigy-in-vetro-bianco.jpg?resize=300,300&ssl=1","fifu_image_url":"https:\/\/interpim.erresse-shop.it\/img-catalogo\/zwilling\/zwlling-bollitore-elettrico-enfinigy-in-vetro-bianco.jpg","_links":{"self":[{"href":"https:\/\/dev6.erresse-shop.it\/es\/wp-json\/wp\/v2\/product\/1877282","targetHints":{"allow":["GET"]}}],"collection":[{"href":"https:\/\/dev6.erresse-shop.it\/es\/wp-json\/wp\/v2\/product"}],"about":[{"href":"https:\/\/dev6.erresse-shop.it\/es\/wp-json\/wp\/v2\/types\/product"}],"wp:featuredmedia":[{"embeddable":true,"href":"https:\/\/dev6.erresse-shop.it\/es\/wp-json\/wp\/v2\/media\/6489877"}],"wp:attachment":[{"href":"https:\/\/dev6.erresse-shop.it\/es\/wp-json\/wp\/v2\/media?parent=1877282"}],"wp:term":[{"taxonomy":"product_cat","embeddable":true,"href":"https:\/\/dev6.erresse-shop.it\/es\/wp-json\/wp\/v2\/product_cat?post=1877282"},{"taxonomy":"product_tag","embeddable":true,"href":"https:\/\/dev6.erresse-shop.it\/es\/wp-json\/wp\/v2\/product_tag?post=1877282"}],"curies":[{"name":"wp","href":"https:\/\/api.w.org\/{rel}","templated":true}]}}