{"id":1877236,"date":"2026-04-16T19:08:46","date_gmt":"2026-04-16T17:08:46","guid":{"rendered":"https:\/\/dev6.erresse-shop.it\/shop\/sin%20categor\u00eda\/sage-the-smart-oven-pro\/"},"modified":"2025-07-04T21:28:53","modified_gmt":"2025-07-04T19:28:53","slug":"sage-the-smart-oven-pro","status":"publish","type":"product","link":"https:\/\/dev6.erresse-shop.it\/es\/shop\/pequenos-electrodomesticos\/hornos\/sage-the-smart-oven-pro\/","title":{"rendered":"SAGE The Smart Oven Pro"},"content":{"rendered":"<p>10 FUNCIONES DE COCINA INTELIGENTES Y BOMBILLA INTERNA<br \/>\nEl Smart Oven\u00ae Pro con Element IQ\u00ae es una herramienta esencial para cualquiera que busque un horno el\u00e9ctrico incre\u00edblemente vers\u00e1til: date el gusto de hornear pizzas, deliciosos bizcochos, pan tostado uniformemente y suculentas carnes asadas. El ajuste de convecci\u00f3n reduce el tiempo de cocci\u00f3n hasta un 30%.<\/p>\n<p>ELEMENT IQ\u00ae PARA UN HORNO INTELIGENTE<br \/>\nGestione el calor de forma inteligente. La tecnolog\u00eda Element IQ distribuye el calor en 5 elementos de cuarzo para lograr una temperatura precisa y estable que garantice resultados perfectos en todo momento. Adem\u00e1s, gracias a la funci\u00f3n de precalentamiento r\u00e1pido de 2400 W, sus platos estar\u00e1n listos en la mesa incluso antes.<\/p>\n<p>COCINA POR CONVECCI\u00d3N<br \/>\nEl ventilador integrado que hace circular el aire caliente en el interior del horno es imprescindible para los verdaderos profesionales. El calor por convecci\u00f3n acelera el proceso de cocci\u00f3n al mover el aire caliente hacia arriba y el aire fr\u00edo hacia abajo, calentando el horno m\u00e1s r\u00e1pidamente.<\/p>\n<p>FUNCI\u00d3N DE COCCI\u00d3N LENTA<br \/>\nA veces es bueno tomarse el tiempo necesario para que los ingredientes est\u00e9n en su punto y resalten los sabores m\u00e1s complejos. Por eso hemos desarrollado la funci\u00f3n de cocci\u00f3n lenta, pensada para que los tiempos de cocci\u00f3n sean m\u00e1s largos a temperaturas m\u00e1s bajas. Con esta funci\u00f3n puede cocinar hasta 10 horas antes de que el horno active autom\u00e1ticamente el modo Mantener caliente, que mantiene los alimentos calientes.<\/p>\n<p>10 FUNCIONES DE COCCI\u00d3N<br \/>\n10 funciones de cocci\u00f3n para lograr la perfecci\u00f3n culinaria: Tostar 6 rebanadas, Bagel, Hornear, Asar, Asar, Pizza, Galletas, Recalentar, Calentar, Cocinar a fuego lento.<\/p>\n<p>BOMBILLA INTERNA<br \/>\nLa bombilla integrada se enciende autom\u00e1ticamente al abrir la puerta y al final del ciclo de cocci\u00f3n para permitirle ver el interior del horno. Desconexi\u00f3n autom\u00e1tica y por bot\u00f3n. Componentes reemplazables como en los hornos de tama\u00f1o est\u00e1ndar.<\/p>\n<p>PANTALLA LCD<br \/>\nPANTALLA LCD para facilitar el acceso a las funciones inteligentes integradas y la elecci\u00f3n de 10 funciones de cocci\u00f3n. La bombilla integrada se enciende autom\u00e1ticamente al final del ciclo de cocci\u00f3n o cuando se desee con s\u00f3lo pulsar un bot\u00f3n.<\/p>\n<p>ESPECIFICACIONES DEL PRODUCTO<br \/>\n\u2013 Dimensiones interiores (ancho x fondo x alto): 32 x 47 x 28 cm<br \/>\n\u2013 Garant\u00eda: 1 a\u00f1o de garant\u00eda de sustituci\u00f3n<br \/>\n\u2013 Materiales de construcci\u00f3n: Acero inoxidable cepillado<br \/>\n\u2013 Capacidad: 6 rebanadas de pan tostado; 1 pizza de 30 cm de di\u00e1metro; 1 pollo entero; 9 moldes para magdalenas<br \/>\n\u2013 Ajustes: 10 funciones preestablecidas: Tostar, Crumpet, Hornear, Grill, Asar, Pizza, Galletas, Recalentar, Calentar y Cocci\u00f3n lenta<\/p>\n","protected":false},"excerpt":{"rendered":"<p>10 FUNCIONES DE COCINA INTELIGENTES Y BOMBILLA INTERNA El Smart Oven\u00ae Pro con Element IQ\u00ae es una herramienta esencial para cualquiera que busque un horno el\u00e9ctrico incre\u00edblemente vers\u00e1til: date el gusto de hornear pizzas, deliciosos bizcochos, pan tostado uniformemente y suculentas carnes asadas. El ajuste de convecci\u00f3n reduce el tiempo de cocci\u00f3n hasta un 30%. [&hellip;]<\/p>\n","protected":false},"featured_media":6489561,"template":"","meta":{"_acf_changed":false},"product_cat":[11884,11761,11977,11947],"product_tag":[],"class_list":{"0":"post-1877236","1":"product","2":"type-product","3":"status-publish","4":"has-post-thumbnail","6":"product_cat-cocina","7":"product_cat-forni","8":"product_cat-hornos","9":"product_cat-pequenos-electrodomesticos","11":"first","12":"outofstock","13":"sale","14":"taxable","15":"shipping-taxable","16":"purchasable","17":"product-type-simple","swatches":"rey-swatches","show_selected":"","stretch_labels":"rey-swatches--stretch-labels"},"acf":[],"yoast_head":"<!-- This site is optimized with the Yoast SEO plugin v25.4 - https:\/\/yoast.com\/wordpress\/plugins\/seo\/ -->\n<title>SAGE The Smart Oven Pro - dev6 Erresse<\/title>\n<meta name=\"description\" content=\"10 FUNCIONES DE COCINA INTELIGENTES Y BOMBILLA INTERNA El Smart Oven\u00ae Pro con Element IQ\u00ae es una herramienta esencial para cualquiera que busque un horno\" \/>\n<meta name=\"robots\" content=\"noindex, follow, max-snippet:-1, max-image-preview:large, max-video-preview:-1\" \/>\n<meta property=\"og:locale\" content=\"es_ES\" \/>\n<meta property=\"og:type\" content=\"article\" \/>\n<meta property=\"og:title\" content=\"SAGE The Smart Oven Pro - dev6 Erresse\" \/>\n<meta property=\"og:description\" content=\"10 FUNCIONES DE COCINA INTELIGENTES Y BOMBILLA INTERNA El Smart Oven\u00ae Pro con Element IQ\u00ae es una herramienta esencial para cualquiera que busque un horno\" \/>\n<meta property=\"og:url\" content=\"https:\/\/dev6.erresse-shop.it\/es\/shop\/pequenos-electrodomesticos\/hornos\/sage-the-smart-oven-pro\/\" \/>\n<meta property=\"og:site_name\" content=\"dev6 Erresse\" \/>\n<meta property=\"og:image\" content=\"https:\/\/interpim.erresse-shop.it\/img-catalogo\/sage\/sov820bss.jpg\" \/><meta property=\"og:image\" content=\"https:\/\/interpim.erresse-shop.it\/img-catalogo\/sage\/sov820bss.jpg\" \/>\n\t<meta property=\"og:image:width\" content=\"1024\" \/>\n\t<meta property=\"og:image:height\" content=\"1024\" \/>\n\t<meta property=\"og:image:type\" content=\"image\/jpeg\" \/>\n<meta name=\"twitter:card\" content=\"summary_large_image\" \/>\n<meta name=\"twitter:image\" content=\"https:\/\/interpim.erresse-shop.it\/img-catalogo\/sage\/sov820bss.jpg\" \/>\n<script type=\"application\/ld+json\" class=\"yoast-schema-graph\">{\"@context\":\"https:\/\/schema.org\",\"@graph\":[{\"@type\":\"WebPage\",\"@id\":\"https:\/\/dev6.erresse-shop.it\/es\/shop\/pequenos-electrodomesticos\/hornos\/sage-the-smart-oven-pro\/\",\"url\":\"https:\/\/dev6.erresse-shop.it\/es\/shop\/pequenos-electrodomesticos\/hornos\/sage-the-smart-oven-pro\/\",\"name\":\"SAGE The Smart Oven Pro - dev6 Erresse\",\"isPartOf\":{\"@id\":\"https:\/\/dev6.erresse-shop.it\/#website\"},\"primaryImageOfPage\":{\"@id\":\"https:\/\/dev6.erresse-shop.it\/es\/shop\/pequenos-electrodomesticos\/hornos\/sage-the-smart-oven-pro\/#primaryimage\"},\"image\":{\"@id\":\"https:\/\/dev6.erresse-shop.it\/es\/shop\/pequenos-electrodomesticos\/hornos\/sage-the-smart-oven-pro\/#primaryimage\"},\"thumbnailUrl\":\"https:\/\/i3.wp.com\/interpim.erresse-shop.it\/img-catalogo\/sage\/sov820bss.jpg?ssl=1\",\"datePublished\":\"2026-04-16T17:08:46+00:00\",\"description\":\"10 FUNCIONES DE COCINA INTELIGENTES Y BOMBILLA INTERNA El Smart Oven\u00ae Pro con Element IQ\u00ae es una herramienta esencial para cualquiera que busque un horno\",\"breadcrumb\":{\"@id\":\"https:\/\/dev6.erresse-shop.it\/es\/shop\/pequenos-electrodomesticos\/hornos\/sage-the-smart-oven-pro\/#breadcrumb\"},\"inLanguage\":\"es\",\"potentialAction\":[{\"@type\":\"ReadAction\",\"target\":[\"https:\/\/dev6.erresse-shop.it\/es\/shop\/pequenos-electrodomesticos\/hornos\/sage-the-smart-oven-pro\/\"]}]},{\"@type\":\"ImageObject\",\"inLanguage\":\"es\",\"@id\":\"https:\/\/dev6.erresse-shop.it\/es\/shop\/pequenos-electrodomesticos\/hornos\/sage-the-smart-oven-pro\/#primaryimage\",\"url\":\"https:\/\/i3.wp.com\/interpim.erresse-shop.it\/img-catalogo\/sage\/sov820bss.jpg?ssl=1\",\"contentUrl\":\"https:\/\/i3.wp.com\/interpim.erresse-shop.it\/img-catalogo\/sage\/sov820bss.jpg?ssl=1\"},{\"@type\":\"BreadcrumbList\",\"@id\":\"https:\/\/dev6.erresse-shop.it\/es\/shop\/pequenos-electrodomesticos\/hornos\/sage-the-smart-oven-pro\/#breadcrumb\",\"itemListElement\":[{\"@type\":\"ListItem\",\"position\":1,\"name\":\"Home\",\"item\":\"https:\/\/dev6.erresse-shop.it\/\"},{\"@type\":\"ListItem\",\"position\":2,\"name\":\"Tienda\",\"item\":\"https:\/\/dev6.erresse-shop.it\/shop\/\"},{\"@type\":\"ListItem\",\"position\":3,\"name\":\"SAGE The Smart Oven Pro\"}]},{\"@type\":\"WebSite\",\"@id\":\"https:\/\/dev6.erresse-shop.it\/#website\",\"url\":\"https:\/\/dev6.erresse-shop.it\/\",\"name\":\"Erresse Shop\",\"description\":\"\",\"publisher\":{\"@id\":\"https:\/\/dev6.erresse-shop.it\/#organization\"},\"potentialAction\":[{\"@type\":\"SearchAction\",\"target\":{\"@type\":\"EntryPoint\",\"urlTemplate\":\"https:\/\/dev6.erresse-shop.it\/?s={search_term_string}\"},\"query-input\":{\"@type\":\"PropertyValueSpecification\",\"valueRequired\":true,\"valueName\":\"search_term_string\"}}],\"inLanguage\":\"es\"},{\"@type\":\"Organization\",\"@id\":\"https:\/\/dev6.erresse-shop.it\/#organization\",\"name\":\"Erresse Shop\",\"url\":\"https:\/\/dev6.erresse-shop.it\/\",\"logo\":{\"@type\":\"ImageObject\",\"inLanguage\":\"es\",\"@id\":\"https:\/\/dev6.erresse-shop.it\/#\/schema\/logo\/image\/\",\"url\":\"https:\/\/dev6.erresse-shop.it\/wp-content\/uploads\/2025\/01\/LOGO-ERRESSE-CLASSICO.svg\",\"contentUrl\":\"https:\/\/dev6.erresse-shop.it\/wp-content\/uploads\/2025\/01\/LOGO-ERRESSE-CLASSICO.svg\",\"caption\":\"Erresse Shop\"},\"image\":{\"@id\":\"https:\/\/dev6.erresse-shop.it\/#\/schema\/logo\/image\/\"}}]}<\/script>\n<!-- \/ Yoast SEO plugin. -->","yoast_head_json":{"title":"SAGE The Smart Oven Pro - dev6 Erresse","description":"10 FUNCIONES DE COCINA INTELIGENTES Y BOMBILLA INTERNA El Smart Oven\u00ae Pro con Element IQ\u00ae es una herramienta esencial para cualquiera que busque un horno","robots":{"index":"noindex","follow":"follow","max-snippet":"max-snippet:-1","max-image-preview":"max-image-preview:large","max-video-preview":"max-video-preview:-1"},"og_locale":"es_ES","og_type":"article","og_title":"SAGE The Smart Oven Pro - dev6 Erresse","og_description":"10 FUNCIONES DE COCINA INTELIGENTES Y BOMBILLA INTERNA El Smart Oven\u00ae Pro con Element IQ\u00ae es una herramienta esencial para cualquiera que busque un horno","og_url":"https:\/\/dev6.erresse-shop.it\/es\/shop\/pequenos-electrodomesticos\/hornos\/sage-the-smart-oven-pro\/","og_site_name":"dev6 Erresse","og_image":[{"url":"https:\/\/interpim.erresse-shop.it\/img-catalogo\/sage\/sov820bss.jpg","type":"","width":"","height":""},{"url":"https:\/\/interpim.erresse-shop.it\/img-catalogo\/sage\/sov820bss.jpg","width":1024,"height":1024,"type":"image\/jpeg"}],"twitter_card":"summary_large_image","twitter_image":"https:\/\/interpim.erresse-shop.it\/img-catalogo\/sage\/sov820bss.jpg","schema":{"@context":"https:\/\/schema.org","@graph":[{"@type":"WebPage","@id":"https:\/\/dev6.erresse-shop.it\/es\/shop\/pequenos-electrodomesticos\/hornos\/sage-the-smart-oven-pro\/","url":"https:\/\/dev6.erresse-shop.it\/es\/shop\/pequenos-electrodomesticos\/hornos\/sage-the-smart-oven-pro\/","name":"SAGE The Smart Oven Pro - dev6 Erresse","isPartOf":{"@id":"https:\/\/dev6.erresse-shop.it\/#website"},"primaryImageOfPage":{"@id":"https:\/\/dev6.erresse-shop.it\/es\/shop\/pequenos-electrodomesticos\/hornos\/sage-the-smart-oven-pro\/#primaryimage"},"image":{"@id":"https:\/\/dev6.erresse-shop.it\/es\/shop\/pequenos-electrodomesticos\/hornos\/sage-the-smart-oven-pro\/#primaryimage"},"thumbnailUrl":"https:\/\/i3.wp.com\/interpim.erresse-shop.it\/img-catalogo\/sage\/sov820bss.jpg?ssl=1","datePublished":"2026-04-16T17:08:46+00:00","description":"10 FUNCIONES DE COCINA INTELIGENTES Y BOMBILLA INTERNA El Smart Oven\u00ae Pro con Element IQ\u00ae es una herramienta esencial para cualquiera que busque un horno","breadcrumb":{"@id":"https:\/\/dev6.erresse-shop.it\/es\/shop\/pequenos-electrodomesticos\/hornos\/sage-the-smart-oven-pro\/#breadcrumb"},"inLanguage":"es","potentialAction":[{"@type":"ReadAction","target":["https:\/\/dev6.erresse-shop.it\/es\/shop\/pequenos-electrodomesticos\/hornos\/sage-the-smart-oven-pro\/"]}]},{"@type":"ImageObject","inLanguage":"es","@id":"https:\/\/dev6.erresse-shop.it\/es\/shop\/pequenos-electrodomesticos\/hornos\/sage-the-smart-oven-pro\/#primaryimage","url":"https:\/\/i3.wp.com\/interpim.erresse-shop.it\/img-catalogo\/sage\/sov820bss.jpg?ssl=1","contentUrl":"https:\/\/i3.wp.com\/interpim.erresse-shop.it\/img-catalogo\/sage\/sov820bss.jpg?ssl=1"},{"@type":"BreadcrumbList","@id":"https:\/\/dev6.erresse-shop.it\/es\/shop\/pequenos-electrodomesticos\/hornos\/sage-the-smart-oven-pro\/#breadcrumb","itemListElement":[{"@type":"ListItem","position":1,"name":"Home","item":"https:\/\/dev6.erresse-shop.it\/"},{"@type":"ListItem","position":2,"name":"Tienda","item":"https:\/\/dev6.erresse-shop.it\/shop\/"},{"@type":"ListItem","position":3,"name":"SAGE The Smart Oven Pro"}]},{"@type":"WebSite","@id":"https:\/\/dev6.erresse-shop.it\/#website","url":"https:\/\/dev6.erresse-shop.it\/","name":"Erresse Shop","description":"","publisher":{"@id":"https:\/\/dev6.erresse-shop.it\/#organization"},"potentialAction":[{"@type":"SearchAction","target":{"@type":"EntryPoint","urlTemplate":"https:\/\/dev6.erresse-shop.it\/?s={search_term_string}"},"query-input":{"@type":"PropertyValueSpecification","valueRequired":true,"valueName":"search_term_string"}}],"inLanguage":"es"},{"@type":"Organization","@id":"https:\/\/dev6.erresse-shop.it\/#organization","name":"Erresse Shop","url":"https:\/\/dev6.erresse-shop.it\/","logo":{"@type":"ImageObject","inLanguage":"es","@id":"https:\/\/dev6.erresse-shop.it\/#\/schema\/logo\/image\/","url":"https:\/\/dev6.erresse-shop.it\/wp-content\/uploads\/2025\/01\/LOGO-ERRESSE-CLASSICO.svg","contentUrl":"https:\/\/dev6.erresse-shop.it\/wp-content\/uploads\/2025\/01\/LOGO-ERRESSE-CLASSICO.svg","caption":"Erresse Shop"},"image":{"@id":"https:\/\/dev6.erresse-shop.it\/#\/schema\/logo\/image\/"}}]}},"df_price":279.95,"df_sale_price":279.95,"df_regular_price":319.9,"df_image_link":"https:\/\/i3.wp.com\/interpim.erresse-shop.it\/img-catalogo\/sage\/sov820bss.jpg?resize=300,300&ssl=1","fifu_image_url":"https:\/\/interpim.erresse-shop.it\/img-catalogo\/sage\/sov820bss.jpg","_links":{"self":[{"href":"https:\/\/dev6.erresse-shop.it\/es\/wp-json\/wp\/v2\/product\/1877236","targetHints":{"allow":["GET"]}}],"collection":[{"href":"https:\/\/dev6.erresse-shop.it\/es\/wp-json\/wp\/v2\/product"}],"about":[{"href":"https:\/\/dev6.erresse-shop.it\/es\/wp-json\/wp\/v2\/types\/product"}],"wp:featuredmedia":[{"embeddable":true,"href":"https:\/\/dev6.erresse-shop.it\/es\/wp-json\/wp\/v2\/media\/6489561"}],"wp:attachment":[{"href":"https:\/\/dev6.erresse-shop.it\/es\/wp-json\/wp\/v2\/media?parent=1877236"}],"wp:term":[{"taxonomy":"product_cat","embeddable":true,"href":"https:\/\/dev6.erresse-shop.it\/es\/wp-json\/wp\/v2\/product_cat?post=1877236"},{"taxonomy":"product_tag","embeddable":true,"href":"https:\/\/dev6.erresse-shop.it\/es\/wp-json\/wp\/v2\/product_tag?post=1877236"}],"curies":[{"name":"wp","href":"https:\/\/api.w.org\/{rel}","templated":true}]}}