{"id":1877216,"date":"2026-04-10T09:10:49","date_gmt":"2026-04-10T07:10:49","guid":{"rendered":"https:\/\/dev6.erresse-shop.it\/shop\/sin%20categor\u00eda\/sage-the-milk-cafe\/"},"modified":"2025-09-14T07:48:51","modified_gmt":"2025-09-14T05:48:51","slug":"sage-the-milk-cafe","status":"publish","type":"product","link":"https:\/\/dev6.erresse-shop.it\/es\/shop\/pequenos-electrodomesticos\/espumadores-de-leche\/sage-the-milk-cafe\/","title":{"rendered":"SAGE The Milk Caf\u00e8"},"content":{"rendered":"<p>HACE DELICIOSAS BEBIDAS L\u00c1CTEAS CALIENTES DE TEXTURA CREMOSA<br \/>\nAtr\u00e1s quedaron los d\u00edas en que disfrutar de una bebida l\u00e1ctea caliente significaba inundar las papilas gustativas con burbujas. Ahora s\u00f3lo tiene que elegir el disco espumador de leche adecuado, a\u00f1adir leche, seleccionar la temperatura, pulsar el bot\u00f3n de inicio y prepararse para disfrutar de la bebida perfecta.<\/p>\n<p>CALENTAMIENTO POR INDUCCI\u00d3N<br \/>\nLa distribuci\u00f3n gradual y uniforme del calor en este proceso progresivo crea peque\u00f1as burbujas, perfectas para las bebidas l\u00e1cteas calientes.<\/p>\n<p>DESCONEXI\u00d3N AUTOM\u00c1TICA<br \/>\nUna vez alcanzada la temperatura deseada, el Milk Caf\u00e9 se desconecta autom\u00e1ticamente.<\/p>\n<p>F\u00c1CIL DE LIMPIAR<br \/>\nGracias al sistema de calentamiento por inducci\u00f3n, puede lavar la jarra directamente en el lavavajillas y disfrutar de su bebida de leche caliente.<\/p>\n<p>TAPA DE MEDICI\u00d3N<br \/>\nTap\u00f3n dosificador para medir y a\u00f1adir los ingredientes una vez iniciada la mezcla. Ideal para el chocolate caliente y el t\u00e9 chai.<\/p>\n<p>JARRA DE GRAN CAPACIDAD<br \/>\nCapacidad para tres tazas de leche con espuma. F\u00e1cil de limpiar, apto para el lavavajillas.<\/p>\n<p style=\"text-align: left;\">ESPECIFICACIONES DEL PRODUCTO<br \/>\n\u2013 Dimensiones (ancho x fondo x alto): 15,5 x 16,3 x 26,2 cm<br \/>\n\u2013 Garant\u00eda: 2 a\u00f1os de garant\u00eda para reparaci\u00f3n, sustituci\u00f3n o reembolso (a discreci\u00f3n de Sage Appliances)<br \/>\n\u2013 Materiales de construcci\u00f3n: Acero inoxidable<br \/>\n\u2013 Capacidad: 740 ml\/3 tazas<br \/>\n\u2013 Ajustes: Revolver en fr\u00edo, templado, temperatura \u00f3ptima y caliente<\/p>\n","protected":false},"excerpt":{"rendered":"<p>HACE DELICIOSAS BEBIDAS L\u00c1CTEAS CALIENTES DE TEXTURA CREMOSA Atr\u00e1s quedaron los d\u00edas en que disfrutar de una bebida l\u00e1ctea caliente significaba inundar las papilas gustativas con burbujas. Ahora s\u00f3lo tiene que elegir el disco espumador de leche adecuado, a\u00f1adir leche, seleccionar la temperatura, pulsar el bot\u00f3n de inicio y prepararse para disfrutar de la bebida [&hellip;]<\/p>\n","protected":false},"featured_media":6308786,"template":"","meta":{"_acf_changed":false},"product_cat":[11983,11767,11947],"product_tag":[],"class_list":{"0":"post-1877216","1":"product","2":"type-product","3":"status-publish","4":"has-post-thumbnail","6":"product_cat-espumadores-de-leche","7":"product_cat-montalatte","8":"product_cat-pequenos-electrodomesticos","10":"first","11":"outofstock","12":"sale","13":"taxable","14":"shipping-taxable","15":"purchasable","16":"product-type-simple","swatches":"rey-swatches","show_selected":"","stretch_labels":"rey-swatches--stretch-labels"},"acf":[],"yoast_head":"<!-- This site is optimized with the Yoast SEO plugin v25.4 - https:\/\/yoast.com\/wordpress\/plugins\/seo\/ -->\n<title>SAGE The Milk Caf\u00e8 - dev6 Erresse<\/title>\n<meta name=\"description\" content=\"HACE DELICIOSAS BEBIDAS L\u00c1CTEAS CALIENTES DE TEXTURA CREMOSA Atr\u00e1s quedaron los d\u00edas en que disfrutar de una bebida l\u00e1ctea caliente significaba inundar\" \/>\n<meta name=\"robots\" content=\"noindex, follow, max-snippet:-1, max-image-preview:large, max-video-preview:-1\" \/>\n<meta property=\"og:locale\" content=\"es_ES\" \/>\n<meta property=\"og:type\" content=\"article\" \/>\n<meta property=\"og:title\" content=\"SAGE The Milk Caf\u00e8 - dev6 Erresse\" \/>\n<meta property=\"og:description\" content=\"HACE DELICIOSAS BEBIDAS L\u00c1CTEAS CALIENTES DE TEXTURA CREMOSA Atr\u00e1s quedaron los d\u00edas en que disfrutar de una bebida l\u00e1ctea caliente significaba inundar\" \/>\n<meta property=\"og:url\" content=\"https:\/\/dev6.erresse-shop.it\/es\/shop\/pequenos-electrodomesticos\/espumadores-de-leche\/sage-the-milk-cafe\/\" \/>\n<meta property=\"og:site_name\" content=\"dev6 Erresse\" \/>\n<meta property=\"og:image\" content=\"https:\/\/interpim.erresse-shop.it\/img-catalogo\/sage\/smf6000bss.jpg\" \/><meta property=\"og:image\" content=\"https:\/\/interpim.erresse-shop.it\/img-catalogo\/sage\/smf6000bss.jpg\" \/>\n\t<meta property=\"og:image:width\" content=\"1024\" \/>\n\t<meta property=\"og:image:height\" content=\"1024\" \/>\n\t<meta property=\"og:image:type\" content=\"image\/jpeg\" \/>\n<meta name=\"twitter:card\" content=\"summary_large_image\" \/>\n<meta name=\"twitter:image\" content=\"https:\/\/interpim.erresse-shop.it\/img-catalogo\/sage\/smf6000bss.jpg\" \/>\n<script type=\"application\/ld+json\" class=\"yoast-schema-graph\">{\"@context\":\"https:\/\/schema.org\",\"@graph\":[{\"@type\":\"WebPage\",\"@id\":\"https:\/\/dev6.erresse-shop.it\/es\/shop\/pequenos-electrodomesticos\/espumadores-de-leche\/sage-the-milk-cafe\/\",\"url\":\"https:\/\/dev6.erresse-shop.it\/es\/shop\/pequenos-electrodomesticos\/espumadores-de-leche\/sage-the-milk-cafe\/\",\"name\":\"SAGE The Milk Caf\u00e8 - dev6 Erresse\",\"isPartOf\":{\"@id\":\"https:\/\/dev6.erresse-shop.it\/#website\"},\"primaryImageOfPage\":{\"@id\":\"https:\/\/dev6.erresse-shop.it\/es\/shop\/pequenos-electrodomesticos\/espumadores-de-leche\/sage-the-milk-cafe\/#primaryimage\"},\"image\":{\"@id\":\"https:\/\/dev6.erresse-shop.it\/es\/shop\/pequenos-electrodomesticos\/espumadores-de-leche\/sage-the-milk-cafe\/#primaryimage\"},\"thumbnailUrl\":\"https:\/\/i3.wp.com\/interpim.erresse-shop.it\/img-catalogo\/sage\/smf6000bss.jpg?ssl=1\",\"datePublished\":\"2026-04-10T07:10:49+00:00\",\"description\":\"HACE DELICIOSAS BEBIDAS L\u00c1CTEAS CALIENTES DE TEXTURA CREMOSA Atr\u00e1s quedaron los d\u00edas en que disfrutar de una bebida l\u00e1ctea caliente significaba inundar\",\"breadcrumb\":{\"@id\":\"https:\/\/dev6.erresse-shop.it\/es\/shop\/pequenos-electrodomesticos\/espumadores-de-leche\/sage-the-milk-cafe\/#breadcrumb\"},\"inLanguage\":\"es\",\"potentialAction\":[{\"@type\":\"ReadAction\",\"target\":[\"https:\/\/dev6.erresse-shop.it\/es\/shop\/pequenos-electrodomesticos\/espumadores-de-leche\/sage-the-milk-cafe\/\"]}]},{\"@type\":\"ImageObject\",\"inLanguage\":\"es\",\"@id\":\"https:\/\/dev6.erresse-shop.it\/es\/shop\/pequenos-electrodomesticos\/espumadores-de-leche\/sage-the-milk-cafe\/#primaryimage\",\"url\":\"https:\/\/i3.wp.com\/interpim.erresse-shop.it\/img-catalogo\/sage\/smf6000bss.jpg?ssl=1\",\"contentUrl\":\"https:\/\/i3.wp.com\/interpim.erresse-shop.it\/img-catalogo\/sage\/smf6000bss.jpg?ssl=1\"},{\"@type\":\"BreadcrumbList\",\"@id\":\"https:\/\/dev6.erresse-shop.it\/es\/shop\/pequenos-electrodomesticos\/espumadores-de-leche\/sage-the-milk-cafe\/#breadcrumb\",\"itemListElement\":[{\"@type\":\"ListItem\",\"position\":1,\"name\":\"Home\",\"item\":\"https:\/\/dev6.erresse-shop.it\/\"},{\"@type\":\"ListItem\",\"position\":2,\"name\":\"Tienda\",\"item\":\"https:\/\/dev6.erresse-shop.it\/shop\/\"},{\"@type\":\"ListItem\",\"position\":3,\"name\":\"SAGE The Milk Caf\u00e8\"}]},{\"@type\":\"WebSite\",\"@id\":\"https:\/\/dev6.erresse-shop.it\/#website\",\"url\":\"https:\/\/dev6.erresse-shop.it\/\",\"name\":\"Erresse Shop\",\"description\":\"\",\"publisher\":{\"@id\":\"https:\/\/dev6.erresse-shop.it\/#organization\"},\"potentialAction\":[{\"@type\":\"SearchAction\",\"target\":{\"@type\":\"EntryPoint\",\"urlTemplate\":\"https:\/\/dev6.erresse-shop.it\/?s={search_term_string}\"},\"query-input\":{\"@type\":\"PropertyValueSpecification\",\"valueRequired\":true,\"valueName\":\"search_term_string\"}}],\"inLanguage\":\"es\"},{\"@type\":\"Organization\",\"@id\":\"https:\/\/dev6.erresse-shop.it\/#organization\",\"name\":\"Erresse Shop\",\"url\":\"https:\/\/dev6.erresse-shop.it\/\",\"logo\":{\"@type\":\"ImageObject\",\"inLanguage\":\"es\",\"@id\":\"https:\/\/dev6.erresse-shop.it\/#\/schema\/logo\/image\/\",\"url\":\"https:\/\/dev6.erresse-shop.it\/wp-content\/uploads\/2025\/01\/LOGO-ERRESSE-CLASSICO.svg\",\"contentUrl\":\"https:\/\/dev6.erresse-shop.it\/wp-content\/uploads\/2025\/01\/LOGO-ERRESSE-CLASSICO.svg\",\"caption\":\"Erresse Shop\"},\"image\":{\"@id\":\"https:\/\/dev6.erresse-shop.it\/#\/schema\/logo\/image\/\"}}]}<\/script>\n<!-- \/ Yoast SEO plugin. -->","yoast_head_json":{"title":"SAGE The Milk Caf\u00e8 - dev6 Erresse","description":"HACE DELICIOSAS BEBIDAS L\u00c1CTEAS CALIENTES DE TEXTURA CREMOSA Atr\u00e1s quedaron los d\u00edas en que disfrutar de una bebida l\u00e1ctea caliente significaba inundar","robots":{"index":"noindex","follow":"follow","max-snippet":"max-snippet:-1","max-image-preview":"max-image-preview:large","max-video-preview":"max-video-preview:-1"},"og_locale":"es_ES","og_type":"article","og_title":"SAGE The Milk Caf\u00e8 - dev6 Erresse","og_description":"HACE DELICIOSAS BEBIDAS L\u00c1CTEAS CALIENTES DE TEXTURA CREMOSA Atr\u00e1s quedaron los d\u00edas en que disfrutar de una bebida l\u00e1ctea caliente significaba inundar","og_url":"https:\/\/dev6.erresse-shop.it\/es\/shop\/pequenos-electrodomesticos\/espumadores-de-leche\/sage-the-milk-cafe\/","og_site_name":"dev6 Erresse","og_image":[{"url":"https:\/\/interpim.erresse-shop.it\/img-catalogo\/sage\/smf6000bss.jpg","type":"","width":"","height":""},{"url":"https:\/\/interpim.erresse-shop.it\/img-catalogo\/sage\/smf6000bss.jpg","width":1024,"height":1024,"type":"image\/jpeg"}],"twitter_card":"summary_large_image","twitter_image":"https:\/\/interpim.erresse-shop.it\/img-catalogo\/sage\/smf6000bss.jpg","schema":{"@context":"https:\/\/schema.org","@graph":[{"@type":"WebPage","@id":"https:\/\/dev6.erresse-shop.it\/es\/shop\/pequenos-electrodomesticos\/espumadores-de-leche\/sage-the-milk-cafe\/","url":"https:\/\/dev6.erresse-shop.it\/es\/shop\/pequenos-electrodomesticos\/espumadores-de-leche\/sage-the-milk-cafe\/","name":"SAGE The Milk Caf\u00e8 - dev6 Erresse","isPartOf":{"@id":"https:\/\/dev6.erresse-shop.it\/#website"},"primaryImageOfPage":{"@id":"https:\/\/dev6.erresse-shop.it\/es\/shop\/pequenos-electrodomesticos\/espumadores-de-leche\/sage-the-milk-cafe\/#primaryimage"},"image":{"@id":"https:\/\/dev6.erresse-shop.it\/es\/shop\/pequenos-electrodomesticos\/espumadores-de-leche\/sage-the-milk-cafe\/#primaryimage"},"thumbnailUrl":"https:\/\/i3.wp.com\/interpim.erresse-shop.it\/img-catalogo\/sage\/smf6000bss.jpg?ssl=1","datePublished":"2026-04-10T07:10:49+00:00","description":"HACE DELICIOSAS BEBIDAS L\u00c1CTEAS CALIENTES DE TEXTURA CREMOSA Atr\u00e1s quedaron los d\u00edas en que disfrutar de una bebida l\u00e1ctea caliente significaba inundar","breadcrumb":{"@id":"https:\/\/dev6.erresse-shop.it\/es\/shop\/pequenos-electrodomesticos\/espumadores-de-leche\/sage-the-milk-cafe\/#breadcrumb"},"inLanguage":"es","potentialAction":[{"@type":"ReadAction","target":["https:\/\/dev6.erresse-shop.it\/es\/shop\/pequenos-electrodomesticos\/espumadores-de-leche\/sage-the-milk-cafe\/"]}]},{"@type":"ImageObject","inLanguage":"es","@id":"https:\/\/dev6.erresse-shop.it\/es\/shop\/pequenos-electrodomesticos\/espumadores-de-leche\/sage-the-milk-cafe\/#primaryimage","url":"https:\/\/i3.wp.com\/interpim.erresse-shop.it\/img-catalogo\/sage\/smf6000bss.jpg?ssl=1","contentUrl":"https:\/\/i3.wp.com\/interpim.erresse-shop.it\/img-catalogo\/sage\/smf6000bss.jpg?ssl=1"},{"@type":"BreadcrumbList","@id":"https:\/\/dev6.erresse-shop.it\/es\/shop\/pequenos-electrodomesticos\/espumadores-de-leche\/sage-the-milk-cafe\/#breadcrumb","itemListElement":[{"@type":"ListItem","position":1,"name":"Home","item":"https:\/\/dev6.erresse-shop.it\/"},{"@type":"ListItem","position":2,"name":"Tienda","item":"https:\/\/dev6.erresse-shop.it\/shop\/"},{"@type":"ListItem","position":3,"name":"SAGE The Milk Caf\u00e8"}]},{"@type":"WebSite","@id":"https:\/\/dev6.erresse-shop.it\/#website","url":"https:\/\/dev6.erresse-shop.it\/","name":"Erresse Shop","description":"","publisher":{"@id":"https:\/\/dev6.erresse-shop.it\/#organization"},"potentialAction":[{"@type":"SearchAction","target":{"@type":"EntryPoint","urlTemplate":"https:\/\/dev6.erresse-shop.it\/?s={search_term_string}"},"query-input":{"@type":"PropertyValueSpecification","valueRequired":true,"valueName":"search_term_string"}}],"inLanguage":"es"},{"@type":"Organization","@id":"https:\/\/dev6.erresse-shop.it\/#organization","name":"Erresse Shop","url":"https:\/\/dev6.erresse-shop.it\/","logo":{"@type":"ImageObject","inLanguage":"es","@id":"https:\/\/dev6.erresse-shop.it\/#\/schema\/logo\/image\/","url":"https:\/\/dev6.erresse-shop.it\/wp-content\/uploads\/2025\/01\/LOGO-ERRESSE-CLASSICO.svg","contentUrl":"https:\/\/dev6.erresse-shop.it\/wp-content\/uploads\/2025\/01\/LOGO-ERRESSE-CLASSICO.svg","caption":"Erresse Shop"},"image":{"@id":"https:\/\/dev6.erresse-shop.it\/#\/schema\/logo\/image\/"}}]}},"df_price":149.95,"df_sale_price":149.95,"df_regular_price":169.9,"df_image_link":"https:\/\/i3.wp.com\/interpim.erresse-shop.it\/img-catalogo\/sage\/smf6000bss.jpg?resize=300,300&ssl=1","fifu_image_url":"https:\/\/interpim.erresse-shop.it\/img-catalogo\/sage\/smf6000bss.jpg","_links":{"self":[{"href":"https:\/\/dev6.erresse-shop.it\/es\/wp-json\/wp\/v2\/product\/1877216","targetHints":{"allow":["GET"]}}],"collection":[{"href":"https:\/\/dev6.erresse-shop.it\/es\/wp-json\/wp\/v2\/product"}],"about":[{"href":"https:\/\/dev6.erresse-shop.it\/es\/wp-json\/wp\/v2\/types\/product"}],"wp:featuredmedia":[{"embeddable":true,"href":"https:\/\/dev6.erresse-shop.it\/es\/wp-json\/wp\/v2\/media\/6308786"}],"wp:attachment":[{"href":"https:\/\/dev6.erresse-shop.it\/es\/wp-json\/wp\/v2\/media?parent=1877216"}],"wp:term":[{"taxonomy":"product_cat","embeddable":true,"href":"https:\/\/dev6.erresse-shop.it\/es\/wp-json\/wp\/v2\/product_cat?post=1877216"},{"taxonomy":"product_tag","embeddable":true,"href":"https:\/\/dev6.erresse-shop.it\/es\/wp-json\/wp\/v2\/product_tag?post=1877216"}],"curies":[{"name":"wp","href":"https:\/\/api.w.org\/{rel}","templated":true}]}}