{"id":1877188,"date":"2026-04-16T19:07:55","date_gmt":"2026-04-16T17:07:55","guid":{"rendered":"https:\/\/dev6.erresse-shop.it\/shop\/sin%20categor\u00eda\/sage-the-bambino-plus-negro\/"},"modified":"2025-07-04T21:27:57","modified_gmt":"2025-07-04T19:27:57","slug":"sage-the-bambino-plus-negro","status":"publish","type":"product","link":"https:\/\/dev6.erresse-shop.it\/es\/shop\/pequenos-electrodomesticos\/maquinas-de-cafe\/manual-es\/sage-the-bambino-plus-negro\/","title":{"rendered":"SAGE The Bambino Plus Negro"},"content":{"rendered":"<p>CAF\u00c9 DE CALIDAD EN UN FORMATO COMPACTO<br \/>\nCuando se trata de caf\u00e9 de calidad, el Bambino Plus es inflexible. Gracias al portafiltro de 54 mm con una capacidad de 18 gramos y a la espumaci\u00f3n autom\u00e1tica de la leche, podr\u00e1 preparar un gran caf\u00e9 con un aroma con mucho cuerpo, igual que las m\u00e1quinas profesionales. Con un tiempo de calentamiento de s\u00f3lo 3 segundos y una extracci\u00f3n precisa, pasar\u00e1 del grano a la taza m\u00e1s r\u00e1pido que nunca. Como en su cafeter\u00eda favorita.<\/p>\n<p>ESPUMADO AUTOM\u00c1TICO DE LECHE<br \/>\nEl vaporizador autom\u00e1tico permite personalizar la espuma y la temperatura de la leche para obtener una espuma de microburbujas como en un bar, que realza el aroma del caf\u00e9 y es esencial para el arte del latte.<\/p>\n<p>CALENTAMIENTO M\u00c1S R\u00c1PIDO<br \/>\nEl innovador sistema de calentamiento ThermoJet\u00ae alcanza la temperatura ideal de extracci\u00f3n en s\u00f3lo 3 segundos. Ya no hay que esperar para disfrutar de una gran taza de caf\u00e9.<\/p>\n<p>18 GRAMOS DE CAF\u00c9 PARA UN AROMA CON CUERPO<br \/>\nLa cantidad correcta de caf\u00e9 en polvo es la base de un espresso equilibrado. El portafiltro de 54 mm con su capacidad de 18 gramos es la clave para un caf\u00e9 de tercera generaci\u00f3n sabroso y equilibrado.<\/p>\n<p>LAVADO AUTOM\u00c1TICO<br \/>\nComo el sistema de calefacci\u00f3n se enjuaga autom\u00e1ticamente despu\u00e9s de suministrar el vapor, el espresso se suministra siempre a la temperatura correcta.<\/p>\n<p>Garant\u00eda: 2 a\u00f1os para reparaci\u00f3n, sustituci\u00f3n o reembolso (a discreci\u00f3n de Sage Appliances).<br \/>\nMateriales de construcci\u00f3n: Acero inoxidable<br \/>\nCapacidad del dep\u00f3sito de agua: 1,9 l<br \/>\nAjustes Panel de control: 1 CUP, 2 CUP y botones de VAPOR<br \/>\nTemperatura y nivel de espuma de leche ajustables<\/p>\n<p>Accesorios incluidos:<\/p>\n<p>Soporte de filtro de 54 mm<br \/>\nPrensador de 54 mm<br \/>\nDispositivo de dosificaci\u00f3n de precisi\u00f3n el Razor\u2122<br \/>\nFiltro de agua Claro Swiss<br \/>\nJarra de leche de acero inoxidable de 480 ml<br \/>\nFiltro de doble pared para 1 y 2 tazas<br \/>\nAccesorio de limpieza<br \/>\nDisco de limpieza<\/p>\n<p>Algunos v\u00eddeos de demostraci\u00f3n:<\/p>\n<p>https:\/\/www.youtube.com\/watch?v&#61;wATqZLsyqq0<\/p>\n<p>https:\/\/www.youtube.com\/watch?v&#61;CmNGoS-B8gg<\/p>\n<p>No se vende fuera de Europa<\/p>\n","protected":false},"excerpt":{"rendered":"<p>CAF\u00c9 DE CALIDAD EN UN FORMATO COMPACTO Cuando se trata de caf\u00e9 de calidad, el Bambino Plus es inflexible. Gracias al portafiltro de 54 mm con una capacidad de 18 gramos y a la espumaci\u00f3n autom\u00e1tica de la leche, podr\u00e1 preparar un gran caf\u00e9 con un aroma con mucho cuerpo, igual que las m\u00e1quinas profesionales. [&hellip;]<\/p>\n","protected":false},"featured_media":6489406,"template":"","meta":{"_acf_changed":false},"product_cat":[11982,11766,11955,11947],"product_tag":[],"class_list":{"0":"post-1877188","1":"product","2":"type-product","3":"status-publish","4":"has-post-thumbnail","6":"product_cat-manual-es","7":"product_cat-manuali","8":"product_cat-maquinas-de-cafe","9":"product_cat-pequenos-electrodomesticos","11":"first","12":"outofstock","13":"sale","14":"taxable","15":"shipping-taxable","16":"purchasable","17":"product-type-simple","swatches":"rey-swatches","show_selected":"","stretch_labels":"rey-swatches--stretch-labels"},"acf":[],"yoast_head":"<!-- This site is optimized with the Yoast SEO plugin v25.4 - https:\/\/yoast.com\/wordpress\/plugins\/seo\/ -->\n<title>SAGE The Bambino Plus Negro - dev6 Erresse<\/title>\n<meta name=\"description\" content=\"CAF\u00c9 DE CALIDAD EN UN FORMATO COMPACTO Cuando se trata de caf\u00e9 de calidad, el Bambino Plus es inflexible. Gracias al portafiltro de 54 mm con una\" \/>\n<meta name=\"robots\" content=\"noindex, follow, max-snippet:-1, max-image-preview:large, max-video-preview:-1\" \/>\n<meta property=\"og:locale\" content=\"es_ES\" \/>\n<meta property=\"og:type\" content=\"article\" \/>\n<meta property=\"og:title\" content=\"SAGE The Bambino Plus Negro - dev6 Erresse\" \/>\n<meta property=\"og:description\" content=\"CAF\u00c9 DE CALIDAD EN UN FORMATO COMPACTO Cuando se trata de caf\u00e9 de calidad, el Bambino Plus es inflexible. Gracias al portafiltro de 54 mm con una\" \/>\n<meta property=\"og:url\" content=\"https:\/\/dev6.erresse-shop.it\/es\/shop\/pequenos-electrodomesticos\/maquinas-de-cafe\/manual-es\/sage-the-bambino-plus-negro\/\" \/>\n<meta property=\"og:site_name\" content=\"dev6 Erresse\" \/>\n<meta property=\"og:image\" content=\"https:\/\/interpim.erresse-shop.it\/Import\/Prodotti\/bambino-plus.jpg\" \/><meta property=\"og:image\" content=\"https:\/\/interpim.erresse-shop.it\/Import\/Prodotti\/bambino-plus.jpg\" \/>\n\t<meta property=\"og:image:width\" content=\"1024\" \/>\n\t<meta property=\"og:image:height\" content=\"1024\" \/>\n\t<meta property=\"og:image:type\" content=\"image\/jpeg\" \/>\n<meta name=\"twitter:card\" content=\"summary_large_image\" \/>\n<meta name=\"twitter:image\" content=\"https:\/\/interpim.erresse-shop.it\/Import\/Prodotti\/bambino-plus.jpg\" \/>\n<script type=\"application\/ld+json\" class=\"yoast-schema-graph\">{\"@context\":\"https:\/\/schema.org\",\"@graph\":[{\"@type\":\"WebPage\",\"@id\":\"https:\/\/dev6.erresse-shop.it\/es\/shop\/pequenos-electrodomesticos\/maquinas-de-cafe\/manual-es\/sage-the-bambino-plus-negro\/\",\"url\":\"https:\/\/dev6.erresse-shop.it\/es\/shop\/pequenos-electrodomesticos\/maquinas-de-cafe\/manual-es\/sage-the-bambino-plus-negro\/\",\"name\":\"SAGE The Bambino Plus Negro - dev6 Erresse\",\"isPartOf\":{\"@id\":\"https:\/\/dev6.erresse-shop.it\/#website\"},\"primaryImageOfPage\":{\"@id\":\"https:\/\/dev6.erresse-shop.it\/es\/shop\/pequenos-electrodomesticos\/maquinas-de-cafe\/manual-es\/sage-the-bambino-plus-negro\/#primaryimage\"},\"image\":{\"@id\":\"https:\/\/dev6.erresse-shop.it\/es\/shop\/pequenos-electrodomesticos\/maquinas-de-cafe\/manual-es\/sage-the-bambino-plus-negro\/#primaryimage\"},\"thumbnailUrl\":\"https:\/\/i0.wp.com\/interpim.erresse-shop.it\/Import\/Prodotti\/bambino-plus.jpg?ssl=1\",\"datePublished\":\"2026-04-16T17:07:55+00:00\",\"description\":\"CAF\u00c9 DE CALIDAD EN UN FORMATO COMPACTO Cuando se trata de caf\u00e9 de calidad, el Bambino Plus es inflexible. Gracias al portafiltro de 54 mm con una\",\"breadcrumb\":{\"@id\":\"https:\/\/dev6.erresse-shop.it\/es\/shop\/pequenos-electrodomesticos\/maquinas-de-cafe\/manual-es\/sage-the-bambino-plus-negro\/#breadcrumb\"},\"inLanguage\":\"es\",\"potentialAction\":[{\"@type\":\"ReadAction\",\"target\":[\"https:\/\/dev6.erresse-shop.it\/es\/shop\/pequenos-electrodomesticos\/maquinas-de-cafe\/manual-es\/sage-the-bambino-plus-negro\/\"]}]},{\"@type\":\"ImageObject\",\"inLanguage\":\"es\",\"@id\":\"https:\/\/dev6.erresse-shop.it\/es\/shop\/pequenos-electrodomesticos\/maquinas-de-cafe\/manual-es\/sage-the-bambino-plus-negro\/#primaryimage\",\"url\":\"https:\/\/i0.wp.com\/interpim.erresse-shop.it\/Import\/Prodotti\/bambino-plus.jpg?ssl=1\",\"contentUrl\":\"https:\/\/i0.wp.com\/interpim.erresse-shop.it\/Import\/Prodotti\/bambino-plus.jpg?ssl=1\"},{\"@type\":\"BreadcrumbList\",\"@id\":\"https:\/\/dev6.erresse-shop.it\/es\/shop\/pequenos-electrodomesticos\/maquinas-de-cafe\/manual-es\/sage-the-bambino-plus-negro\/#breadcrumb\",\"itemListElement\":[{\"@type\":\"ListItem\",\"position\":1,\"name\":\"Home\",\"item\":\"https:\/\/dev6.erresse-shop.it\/\"},{\"@type\":\"ListItem\",\"position\":2,\"name\":\"Tienda\",\"item\":\"https:\/\/dev6.erresse-shop.it\/shop\/\"},{\"@type\":\"ListItem\",\"position\":3,\"name\":\"SAGE The Bambino Plus Negro\"}]},{\"@type\":\"WebSite\",\"@id\":\"https:\/\/dev6.erresse-shop.it\/#website\",\"url\":\"https:\/\/dev6.erresse-shop.it\/\",\"name\":\"Erresse Shop\",\"description\":\"\",\"publisher\":{\"@id\":\"https:\/\/dev6.erresse-shop.it\/#organization\"},\"potentialAction\":[{\"@type\":\"SearchAction\",\"target\":{\"@type\":\"EntryPoint\",\"urlTemplate\":\"https:\/\/dev6.erresse-shop.it\/?s={search_term_string}\"},\"query-input\":{\"@type\":\"PropertyValueSpecification\",\"valueRequired\":true,\"valueName\":\"search_term_string\"}}],\"inLanguage\":\"es\"},{\"@type\":\"Organization\",\"@id\":\"https:\/\/dev6.erresse-shop.it\/#organization\",\"name\":\"Erresse Shop\",\"url\":\"https:\/\/dev6.erresse-shop.it\/\",\"logo\":{\"@type\":\"ImageObject\",\"inLanguage\":\"es\",\"@id\":\"https:\/\/dev6.erresse-shop.it\/#\/schema\/logo\/image\/\",\"url\":\"https:\/\/dev6.erresse-shop.it\/wp-content\/uploads\/2025\/01\/LOGO-ERRESSE-CLASSICO.svg\",\"contentUrl\":\"https:\/\/dev6.erresse-shop.it\/wp-content\/uploads\/2025\/01\/LOGO-ERRESSE-CLASSICO.svg\",\"caption\":\"Erresse Shop\"},\"image\":{\"@id\":\"https:\/\/dev6.erresse-shop.it\/#\/schema\/logo\/image\/\"}}]}<\/script>\n<!-- \/ Yoast SEO plugin. -->","yoast_head_json":{"title":"SAGE The Bambino Plus Negro - dev6 Erresse","description":"CAF\u00c9 DE CALIDAD EN UN FORMATO COMPACTO Cuando se trata de caf\u00e9 de calidad, el Bambino Plus es inflexible. Gracias al portafiltro de 54 mm con una","robots":{"index":"noindex","follow":"follow","max-snippet":"max-snippet:-1","max-image-preview":"max-image-preview:large","max-video-preview":"max-video-preview:-1"},"og_locale":"es_ES","og_type":"article","og_title":"SAGE The Bambino Plus Negro - dev6 Erresse","og_description":"CAF\u00c9 DE CALIDAD EN UN FORMATO COMPACTO Cuando se trata de caf\u00e9 de calidad, el Bambino Plus es inflexible. Gracias al portafiltro de 54 mm con una","og_url":"https:\/\/dev6.erresse-shop.it\/es\/shop\/pequenos-electrodomesticos\/maquinas-de-cafe\/manual-es\/sage-the-bambino-plus-negro\/","og_site_name":"dev6 Erresse","og_image":[{"url":"https:\/\/interpim.erresse-shop.it\/Import\/Prodotti\/bambino-plus.jpg","type":"","width":"","height":""},{"url":"https:\/\/interpim.erresse-shop.it\/Import\/Prodotti\/bambino-plus.jpg","width":1024,"height":1024,"type":"image\/jpeg"}],"twitter_card":"summary_large_image","twitter_image":"https:\/\/interpim.erresse-shop.it\/Import\/Prodotti\/bambino-plus.jpg","schema":{"@context":"https:\/\/schema.org","@graph":[{"@type":"WebPage","@id":"https:\/\/dev6.erresse-shop.it\/es\/shop\/pequenos-electrodomesticos\/maquinas-de-cafe\/manual-es\/sage-the-bambino-plus-negro\/","url":"https:\/\/dev6.erresse-shop.it\/es\/shop\/pequenos-electrodomesticos\/maquinas-de-cafe\/manual-es\/sage-the-bambino-plus-negro\/","name":"SAGE The Bambino Plus Negro - dev6 Erresse","isPartOf":{"@id":"https:\/\/dev6.erresse-shop.it\/#website"},"primaryImageOfPage":{"@id":"https:\/\/dev6.erresse-shop.it\/es\/shop\/pequenos-electrodomesticos\/maquinas-de-cafe\/manual-es\/sage-the-bambino-plus-negro\/#primaryimage"},"image":{"@id":"https:\/\/dev6.erresse-shop.it\/es\/shop\/pequenos-electrodomesticos\/maquinas-de-cafe\/manual-es\/sage-the-bambino-plus-negro\/#primaryimage"},"thumbnailUrl":"https:\/\/i0.wp.com\/interpim.erresse-shop.it\/Import\/Prodotti\/bambino-plus.jpg?ssl=1","datePublished":"2026-04-16T17:07:55+00:00","description":"CAF\u00c9 DE CALIDAD EN UN FORMATO COMPACTO Cuando se trata de caf\u00e9 de calidad, el Bambino Plus es inflexible. Gracias al portafiltro de 54 mm con una","breadcrumb":{"@id":"https:\/\/dev6.erresse-shop.it\/es\/shop\/pequenos-electrodomesticos\/maquinas-de-cafe\/manual-es\/sage-the-bambino-plus-negro\/#breadcrumb"},"inLanguage":"es","potentialAction":[{"@type":"ReadAction","target":["https:\/\/dev6.erresse-shop.it\/es\/shop\/pequenos-electrodomesticos\/maquinas-de-cafe\/manual-es\/sage-the-bambino-plus-negro\/"]}]},{"@type":"ImageObject","inLanguage":"es","@id":"https:\/\/dev6.erresse-shop.it\/es\/shop\/pequenos-electrodomesticos\/maquinas-de-cafe\/manual-es\/sage-the-bambino-plus-negro\/#primaryimage","url":"https:\/\/i0.wp.com\/interpim.erresse-shop.it\/Import\/Prodotti\/bambino-plus.jpg?ssl=1","contentUrl":"https:\/\/i0.wp.com\/interpim.erresse-shop.it\/Import\/Prodotti\/bambino-plus.jpg?ssl=1"},{"@type":"BreadcrumbList","@id":"https:\/\/dev6.erresse-shop.it\/es\/shop\/pequenos-electrodomesticos\/maquinas-de-cafe\/manual-es\/sage-the-bambino-plus-negro\/#breadcrumb","itemListElement":[{"@type":"ListItem","position":1,"name":"Home","item":"https:\/\/dev6.erresse-shop.it\/"},{"@type":"ListItem","position":2,"name":"Tienda","item":"https:\/\/dev6.erresse-shop.it\/shop\/"},{"@type":"ListItem","position":3,"name":"SAGE The Bambino Plus Negro"}]},{"@type":"WebSite","@id":"https:\/\/dev6.erresse-shop.it\/#website","url":"https:\/\/dev6.erresse-shop.it\/","name":"Erresse Shop","description":"","publisher":{"@id":"https:\/\/dev6.erresse-shop.it\/#organization"},"potentialAction":[{"@type":"SearchAction","target":{"@type":"EntryPoint","urlTemplate":"https:\/\/dev6.erresse-shop.it\/?s={search_term_string}"},"query-input":{"@type":"PropertyValueSpecification","valueRequired":true,"valueName":"search_term_string"}}],"inLanguage":"es"},{"@type":"Organization","@id":"https:\/\/dev6.erresse-shop.it\/#organization","name":"Erresse Shop","url":"https:\/\/dev6.erresse-shop.it\/","logo":{"@type":"ImageObject","inLanguage":"es","@id":"https:\/\/dev6.erresse-shop.it\/#\/schema\/logo\/image\/","url":"https:\/\/dev6.erresse-shop.it\/wp-content\/uploads\/2025\/01\/LOGO-ERRESSE-CLASSICO.svg","contentUrl":"https:\/\/dev6.erresse-shop.it\/wp-content\/uploads\/2025\/01\/LOGO-ERRESSE-CLASSICO.svg","caption":"Erresse Shop"},"image":{"@id":"https:\/\/dev6.erresse-shop.it\/#\/schema\/logo\/image\/"}}]}},"df_price":489.95,"df_sale_price":489.95,"df_regular_price":529.9,"df_image_link":"https:\/\/i0.wp.com\/interpim.erresse-shop.it\/Import\/Prodotti\/bambino-plus.jpg?resize=300,300&ssl=1","fifu_image_url":"https:\/\/interpim.erresse-shop.it\/Import\/Prodotti\/bambino-plus.jpg","_links":{"self":[{"href":"https:\/\/dev6.erresse-shop.it\/es\/wp-json\/wp\/v2\/product\/1877188","targetHints":{"allow":["GET"]}}],"collection":[{"href":"https:\/\/dev6.erresse-shop.it\/es\/wp-json\/wp\/v2\/product"}],"about":[{"href":"https:\/\/dev6.erresse-shop.it\/es\/wp-json\/wp\/v2\/types\/product"}],"wp:featuredmedia":[{"embeddable":true,"href":"https:\/\/dev6.erresse-shop.it\/es\/wp-json\/wp\/v2\/media\/6489406"}],"wp:attachment":[{"href":"https:\/\/dev6.erresse-shop.it\/es\/wp-json\/wp\/v2\/media?parent=1877188"}],"wp:term":[{"taxonomy":"product_cat","embeddable":true,"href":"https:\/\/dev6.erresse-shop.it\/es\/wp-json\/wp\/v2\/product_cat?post=1877188"},{"taxonomy":"product_tag","embeddable":true,"href":"https:\/\/dev6.erresse-shop.it\/es\/wp-json\/wp\/v2\/product_tag?post=1877188"}],"curies":[{"name":"wp","href":"https:\/\/api.w.org\/{rel}","templated":true}]}}