{"id":1877186,"date":"2026-04-12T08:32:17","date_gmt":"2026-04-12T06:32:17","guid":{"rendered":"https:\/\/dev6.erresse-shop.it\/shop\/sin%20categor\u00eda\/carlo-moretti-jarron-singleflower-cristal-de-murano-5\/"},"modified":"2025-09-14T07:48:20","modified_gmt":"2025-09-14T05:48:20","slug":"carlo-moretti-jarron-singleflower-cristal-de-murano-5","status":"publish","type":"product","link":"https:\/\/dev6.erresse-shop.it\/es\/shop\/mobiliario\/jarrones\/carlo-moretti-jarron-singleflower-cristal-de-murano-5\/","title":{"rendered":"CARLO MORETTI Jarr\u00f3n Singleflower Cristal de Murano"},"content":{"rendered":"<p>Jarrones de cristal de Murano soplados a boca y acabados a mano, con aplicaciones en caliente de diversos elementos decorativos.<\/p>\n<p>Los jarrones Singleflower nacen del deseo de proponer objetos de dise\u00f1o de dimensiones reducidas, pero siempre elegantes y de impacto visual. Con una altura de 17 cent\u00edmetros, estos jarrones son adecuados para a\u00f1adir color, luz y elegancia a cualquier rinc\u00f3n de la casa.<\/p>\n<p>El vidrio y el cristal de Murano: elementos de valor totalmente italianos que encuentran su m\u00e1xima expresi\u00f3n en las preciosas colecciones de Carlo Moretti, empresa con sede en las peque\u00f1as islas que componen Murano. El prestigio de esta empresa de Murano se debe a la gran maestr\u00eda en el uso del vidrio y el cristal, este \u00faltimo de mayor resistencia debido a la adici\u00f3n de plomo en la mezcla.<\/p>\n<p>Jarr\u00f3n de Murano trabajado y pintado totalmente a mano. Por ello, cada pieza es \u00fanica e inimitable.<br \/>\nPida m\u00e1s jarrones Carlo Moretti para conseguir una colecci\u00f3n \u00fanica.<\/p>\n","protected":false},"excerpt":{"rendered":"<p>Jarrones de cristal de Murano soplados a boca y acabados a mano, con aplicaciones en caliente de diversos elementos decorativos. Los jarrones Singleflower nacen del deseo de proponer objetos de dise\u00f1o de dimensiones reducidas, pero siempre elegantes y de impacto visual. Con una altura de 17 cent\u00edmetros, estos jarrones son adecuados para a\u00f1adir color, luz [&hellip;]<\/p>\n","protected":false},"featured_media":6350377,"template":"","meta":{"_acf_changed":false},"product_cat":[11666,11910,11882],"product_tag":[],"class_list":{"0":"post-1877186","1":"product","2":"type-product","3":"status-publish","4":"has-post-thumbnail","6":"product_cat-arredamento-casa","7":"product_cat-jarrones","8":"product_cat-mobiliario","10":"first","11":"outofstock","12":"sale","13":"taxable","14":"shipping-taxable","15":"purchasable","16":"product-type-simple","swatches":"rey-swatches","show_selected":"","stretch_labels":"rey-swatches--stretch-labels"},"acf":[],"yoast_head":"<!-- This site is optimized with the Yoast SEO plugin v25.4 - https:\/\/yoast.com\/wordpress\/plugins\/seo\/ -->\n<title>CARLO MORETTI Jarr\u00f3n Singleflower Cristal de Murano - dev6 Erresse<\/title>\n<meta name=\"description\" content=\"Jarrones de cristal de Murano soplados a boca y acabados a mano, con aplicaciones en caliente de diversos elementos decorativos. Los jarrones Singleflower\" \/>\n<meta name=\"robots\" content=\"noindex, follow, max-snippet:-1, max-image-preview:large, max-video-preview:-1\" \/>\n<meta property=\"og:locale\" content=\"es_ES\" \/>\n<meta property=\"og:type\" content=\"article\" \/>\n<meta property=\"og:title\" content=\"CARLO MORETTI Jarr\u00f3n Singleflower Cristal de Murano - dev6 Erresse\" \/>\n<meta property=\"og:description\" content=\"Jarrones de cristal de Murano soplados a boca y acabados a mano, con aplicaciones en caliente de diversos elementos decorativos. Los jarrones Singleflower\" \/>\n<meta property=\"og:url\" content=\"https:\/\/dev6.erresse-shop.it\/es\/shop\/mobiliario\/jarrones\/carlo-moretti-jarron-singleflower-cristal-de-murano-5\/\" \/>\n<meta property=\"og:site_name\" content=\"dev6 Erresse\" \/>\n<meta property=\"og:image\" content=\"https:\/\/interpim.erresse-shop.it\/Import\/Prodotti\/14.0306.4-1.jpg\" \/><meta property=\"og:image\" content=\"https:\/\/interpim.erresse-shop.it\/Import\/Prodotti\/14.0306.4-1.jpg\" \/>\n\t<meta property=\"og:image:width\" content=\"1024\" \/>\n\t<meta property=\"og:image:height\" content=\"1024\" \/>\n\t<meta property=\"og:image:type\" content=\"image\/jpeg\" \/>\n<meta name=\"twitter:card\" content=\"summary_large_image\" \/>\n<meta name=\"twitter:image\" content=\"https:\/\/interpim.erresse-shop.it\/Import\/Prodotti\/14.0306.4-1.jpg\" \/>\n<script type=\"application\/ld+json\" class=\"yoast-schema-graph\">{\"@context\":\"https:\/\/schema.org\",\"@graph\":[{\"@type\":\"WebPage\",\"@id\":\"https:\/\/dev6.erresse-shop.it\/es\/shop\/mobiliario\/jarrones\/carlo-moretti-jarron-singleflower-cristal-de-murano-5\/\",\"url\":\"https:\/\/dev6.erresse-shop.it\/es\/shop\/mobiliario\/jarrones\/carlo-moretti-jarron-singleflower-cristal-de-murano-5\/\",\"name\":\"CARLO MORETTI Jarr\u00f3n Singleflower Cristal de Murano - dev6 Erresse\",\"isPartOf\":{\"@id\":\"https:\/\/dev6.erresse-shop.it\/#website\"},\"primaryImageOfPage\":{\"@id\":\"https:\/\/dev6.erresse-shop.it\/es\/shop\/mobiliario\/jarrones\/carlo-moretti-jarron-singleflower-cristal-de-murano-5\/#primaryimage\"},\"image\":{\"@id\":\"https:\/\/dev6.erresse-shop.it\/es\/shop\/mobiliario\/jarrones\/carlo-moretti-jarron-singleflower-cristal-de-murano-5\/#primaryimage\"},\"thumbnailUrl\":\"https:\/\/i1.wp.com\/interpim.erresse-shop.it\/Import\/Prodotti\/14.0306.4-1.jpg?ssl=1\",\"datePublished\":\"2026-04-12T06:32:17+00:00\",\"description\":\"Jarrones de cristal de Murano soplados a boca y acabados a mano, con aplicaciones en caliente de diversos elementos decorativos. Los jarrones Singleflower\",\"breadcrumb\":{\"@id\":\"https:\/\/dev6.erresse-shop.it\/es\/shop\/mobiliario\/jarrones\/carlo-moretti-jarron-singleflower-cristal-de-murano-5\/#breadcrumb\"},\"inLanguage\":\"es\",\"potentialAction\":[{\"@type\":\"ReadAction\",\"target\":[\"https:\/\/dev6.erresse-shop.it\/es\/shop\/mobiliario\/jarrones\/carlo-moretti-jarron-singleflower-cristal-de-murano-5\/\"]}]},{\"@type\":\"ImageObject\",\"inLanguage\":\"es\",\"@id\":\"https:\/\/dev6.erresse-shop.it\/es\/shop\/mobiliario\/jarrones\/carlo-moretti-jarron-singleflower-cristal-de-murano-5\/#primaryimage\",\"url\":\"https:\/\/i1.wp.com\/interpim.erresse-shop.it\/Import\/Prodotti\/14.0306.4-1.jpg?ssl=1\",\"contentUrl\":\"https:\/\/i1.wp.com\/interpim.erresse-shop.it\/Import\/Prodotti\/14.0306.4-1.jpg?ssl=1\"},{\"@type\":\"BreadcrumbList\",\"@id\":\"https:\/\/dev6.erresse-shop.it\/es\/shop\/mobiliario\/jarrones\/carlo-moretti-jarron-singleflower-cristal-de-murano-5\/#breadcrumb\",\"itemListElement\":[{\"@type\":\"ListItem\",\"position\":1,\"name\":\"Home\",\"item\":\"https:\/\/dev6.erresse-shop.it\/\"},{\"@type\":\"ListItem\",\"position\":2,\"name\":\"Tienda\",\"item\":\"https:\/\/dev6.erresse-shop.it\/shop\/\"},{\"@type\":\"ListItem\",\"position\":3,\"name\":\"CARLO MORETTI Jarr\u00f3n Singleflower Cristal de Murano\"}]},{\"@type\":\"WebSite\",\"@id\":\"https:\/\/dev6.erresse-shop.it\/#website\",\"url\":\"https:\/\/dev6.erresse-shop.it\/\",\"name\":\"Erresse Shop\",\"description\":\"\",\"publisher\":{\"@id\":\"https:\/\/dev6.erresse-shop.it\/#organization\"},\"potentialAction\":[{\"@type\":\"SearchAction\",\"target\":{\"@type\":\"EntryPoint\",\"urlTemplate\":\"https:\/\/dev6.erresse-shop.it\/?s={search_term_string}\"},\"query-input\":{\"@type\":\"PropertyValueSpecification\",\"valueRequired\":true,\"valueName\":\"search_term_string\"}}],\"inLanguage\":\"es\"},{\"@type\":\"Organization\",\"@id\":\"https:\/\/dev6.erresse-shop.it\/#organization\",\"name\":\"Erresse Shop\",\"url\":\"https:\/\/dev6.erresse-shop.it\/\",\"logo\":{\"@type\":\"ImageObject\",\"inLanguage\":\"es\",\"@id\":\"https:\/\/dev6.erresse-shop.it\/#\/schema\/logo\/image\/\",\"url\":\"https:\/\/dev6.erresse-shop.it\/wp-content\/uploads\/2025\/01\/LOGO-ERRESSE-CLASSICO.svg\",\"contentUrl\":\"https:\/\/dev6.erresse-shop.it\/wp-content\/uploads\/2025\/01\/LOGO-ERRESSE-CLASSICO.svg\",\"caption\":\"Erresse Shop\"},\"image\":{\"@id\":\"https:\/\/dev6.erresse-shop.it\/#\/schema\/logo\/image\/\"}}]}<\/script>\n<!-- \/ Yoast SEO plugin. -->","yoast_head_json":{"title":"CARLO MORETTI Jarr\u00f3n Singleflower Cristal de Murano - dev6 Erresse","description":"Jarrones de cristal de Murano soplados a boca y acabados a mano, con aplicaciones en caliente de diversos elementos decorativos. Los jarrones Singleflower","robots":{"index":"noindex","follow":"follow","max-snippet":"max-snippet:-1","max-image-preview":"max-image-preview:large","max-video-preview":"max-video-preview:-1"},"og_locale":"es_ES","og_type":"article","og_title":"CARLO MORETTI Jarr\u00f3n Singleflower Cristal de Murano - dev6 Erresse","og_description":"Jarrones de cristal de Murano soplados a boca y acabados a mano, con aplicaciones en caliente de diversos elementos decorativos. Los jarrones Singleflower","og_url":"https:\/\/dev6.erresse-shop.it\/es\/shop\/mobiliario\/jarrones\/carlo-moretti-jarron-singleflower-cristal-de-murano-5\/","og_site_name":"dev6 Erresse","og_image":[{"url":"https:\/\/interpim.erresse-shop.it\/Import\/Prodotti\/14.0306.4-1.jpg","type":"","width":"","height":""},{"url":"https:\/\/interpim.erresse-shop.it\/Import\/Prodotti\/14.0306.4-1.jpg","width":1024,"height":1024,"type":"image\/jpeg"}],"twitter_card":"summary_large_image","twitter_image":"https:\/\/interpim.erresse-shop.it\/Import\/Prodotti\/14.0306.4-1.jpg","schema":{"@context":"https:\/\/schema.org","@graph":[{"@type":"WebPage","@id":"https:\/\/dev6.erresse-shop.it\/es\/shop\/mobiliario\/jarrones\/carlo-moretti-jarron-singleflower-cristal-de-murano-5\/","url":"https:\/\/dev6.erresse-shop.it\/es\/shop\/mobiliario\/jarrones\/carlo-moretti-jarron-singleflower-cristal-de-murano-5\/","name":"CARLO MORETTI Jarr\u00f3n Singleflower Cristal de Murano - dev6 Erresse","isPartOf":{"@id":"https:\/\/dev6.erresse-shop.it\/#website"},"primaryImageOfPage":{"@id":"https:\/\/dev6.erresse-shop.it\/es\/shop\/mobiliario\/jarrones\/carlo-moretti-jarron-singleflower-cristal-de-murano-5\/#primaryimage"},"image":{"@id":"https:\/\/dev6.erresse-shop.it\/es\/shop\/mobiliario\/jarrones\/carlo-moretti-jarron-singleflower-cristal-de-murano-5\/#primaryimage"},"thumbnailUrl":"https:\/\/i1.wp.com\/interpim.erresse-shop.it\/Import\/Prodotti\/14.0306.4-1.jpg?ssl=1","datePublished":"2026-04-12T06:32:17+00:00","description":"Jarrones de cristal de Murano soplados a boca y acabados a mano, con aplicaciones en caliente de diversos elementos decorativos. Los jarrones Singleflower","breadcrumb":{"@id":"https:\/\/dev6.erresse-shop.it\/es\/shop\/mobiliario\/jarrones\/carlo-moretti-jarron-singleflower-cristal-de-murano-5\/#breadcrumb"},"inLanguage":"es","potentialAction":[{"@type":"ReadAction","target":["https:\/\/dev6.erresse-shop.it\/es\/shop\/mobiliario\/jarrones\/carlo-moretti-jarron-singleflower-cristal-de-murano-5\/"]}]},{"@type":"ImageObject","inLanguage":"es","@id":"https:\/\/dev6.erresse-shop.it\/es\/shop\/mobiliario\/jarrones\/carlo-moretti-jarron-singleflower-cristal-de-murano-5\/#primaryimage","url":"https:\/\/i1.wp.com\/interpim.erresse-shop.it\/Import\/Prodotti\/14.0306.4-1.jpg?ssl=1","contentUrl":"https:\/\/i1.wp.com\/interpim.erresse-shop.it\/Import\/Prodotti\/14.0306.4-1.jpg?ssl=1"},{"@type":"BreadcrumbList","@id":"https:\/\/dev6.erresse-shop.it\/es\/shop\/mobiliario\/jarrones\/carlo-moretti-jarron-singleflower-cristal-de-murano-5\/#breadcrumb","itemListElement":[{"@type":"ListItem","position":1,"name":"Home","item":"https:\/\/dev6.erresse-shop.it\/"},{"@type":"ListItem","position":2,"name":"Tienda","item":"https:\/\/dev6.erresse-shop.it\/shop\/"},{"@type":"ListItem","position":3,"name":"CARLO MORETTI Jarr\u00f3n Singleflower Cristal de Murano"}]},{"@type":"WebSite","@id":"https:\/\/dev6.erresse-shop.it\/#website","url":"https:\/\/dev6.erresse-shop.it\/","name":"Erresse Shop","description":"","publisher":{"@id":"https:\/\/dev6.erresse-shop.it\/#organization"},"potentialAction":[{"@type":"SearchAction","target":{"@type":"EntryPoint","urlTemplate":"https:\/\/dev6.erresse-shop.it\/?s={search_term_string}"},"query-input":{"@type":"PropertyValueSpecification","valueRequired":true,"valueName":"search_term_string"}}],"inLanguage":"es"},{"@type":"Organization","@id":"https:\/\/dev6.erresse-shop.it\/#organization","name":"Erresse Shop","url":"https:\/\/dev6.erresse-shop.it\/","logo":{"@type":"ImageObject","inLanguage":"es","@id":"https:\/\/dev6.erresse-shop.it\/#\/schema\/logo\/image\/","url":"https:\/\/dev6.erresse-shop.it\/wp-content\/uploads\/2025\/01\/LOGO-ERRESSE-CLASSICO.svg","contentUrl":"https:\/\/dev6.erresse-shop.it\/wp-content\/uploads\/2025\/01\/LOGO-ERRESSE-CLASSICO.svg","caption":"Erresse Shop"},"image":{"@id":"https:\/\/dev6.erresse-shop.it\/#\/schema\/logo\/image\/"}}]}},"df_price":202.5,"df_sale_price":202.5,"df_regular_price":225,"df_image_link":"https:\/\/i1.wp.com\/interpim.erresse-shop.it\/Import\/Prodotti\/14.0306.4-1.jpg?resize=300,300&ssl=1","fifu_image_url":"https:\/\/interpim.erresse-shop.it\/Import\/Prodotti\/14.0306.4-1.jpg","_links":{"self":[{"href":"https:\/\/dev6.erresse-shop.it\/es\/wp-json\/wp\/v2\/product\/1877186","targetHints":{"allow":["GET"]}}],"collection":[{"href":"https:\/\/dev6.erresse-shop.it\/es\/wp-json\/wp\/v2\/product"}],"about":[{"href":"https:\/\/dev6.erresse-shop.it\/es\/wp-json\/wp\/v2\/types\/product"}],"wp:featuredmedia":[{"embeddable":true,"href":"https:\/\/dev6.erresse-shop.it\/es\/wp-json\/wp\/v2\/media\/6350377"}],"wp:attachment":[{"href":"https:\/\/dev6.erresse-shop.it\/es\/wp-json\/wp\/v2\/media?parent=1877186"}],"wp:term":[{"taxonomy":"product_cat","embeddable":true,"href":"https:\/\/dev6.erresse-shop.it\/es\/wp-json\/wp\/v2\/product_cat?post=1877186"},{"taxonomy":"product_tag","embeddable":true,"href":"https:\/\/dev6.erresse-shop.it\/es\/wp-json\/wp\/v2\/product_tag?post=1877186"}],"curies":[{"name":"wp","href":"https:\/\/api.w.org\/{rel}","templated":true}]}}