{"id":1877134,"date":"2026-04-16T19:05:37","date_gmt":"2026-04-16T17:05:37","guid":{"rendered":"https:\/\/dev6.erresse-shop.it\/shop\/sin%20categor\u00eda\/carlo-moretti-vasos-bora-de-cristal-de-murano-6-piezas-crema\/"},"modified":"2025-09-14T07:47:19","modified_gmt":"2025-09-14T05:47:19","slug":"carlo-moretti-vasos-bora-de-cristal-de-murano-6-piezas-crema","status":"publish","type":"product","link":"https:\/\/dev6.erresse-shop.it\/es\/shop\/tabla\/vasos\/carlo-moretti-vasos-bora-de-cristal-de-murano-6-piezas-crema\/","title":{"rendered":"CARLO MORETTI Vasos Bora de Cristal de Murano 6 Piezas Crema"},"content":{"rendered":"<p>Vasos de secci\u00f3n ovalada irregular, inclinados, en cristal de Murano, soplados a boca y acabados a mano alzada en diversos motivos decorativos aplicados en caliente de: murrina, juncos, festones, manchas, bandas, anillos y espirales de colores, hojas de oro y plata, colores transparentes y en pasta. Firmado y fechado.<\/p>\n<p>Los vasos Bora se fabrican utilizando \u00fanicamente cristal de Murano transparente y se trabajan de forma irregular y de tal manera que crean un plano inclinado que reproduce el efecto de la bora, el viento t\u00edpico de las regiones del noreste de Italia. Todos los vasos est\u00e1n hechos a mano, soplados a boca y acabados con motivos decorativos aplicados en caliente de bandas, murralla, manchas y anillos.<\/p>\n<p>El vidrio y el cristal de Murano: elementos de valor totalmente italianos que encuentran su m\u00e1xima expresi\u00f3n en las preciosas colecciones dise\u00f1adas por Carlo Moretti, empresa con sede en las peque\u00f1as islas que conforman Murano. El prestigio de esta empresa de Murano se debe a la gran maestr\u00eda en el uso del vidrio y el cristal, este \u00faltimo de mayor resistencia debido a la adici\u00f3n de plomo en la mezcla.<\/p>\n<p>Vidrio de Murano trabajado y pintado totalmente a mano. Por ello, cada pieza es \u00fanica e inimitable.<br \/>\nCantidad: 6 vasos<\/p>\n<p>Contiene los vasos 15.997.1, 15.997.2, 15.997.3, 15.997.4, 15.997.5, 15.997.6<\/p>\n","protected":false},"excerpt":{"rendered":"<p>Vasos de secci\u00f3n ovalada irregular, inclinados, en cristal de Murano, soplados a boca y acabados a mano alzada en diversos motivos decorativos aplicados en caliente de: murrina, juncos, festones, manchas, bandas, anillos y espirales de colores, hojas de oro y plata, colores transparentes y en pasta. Firmado y fechado. Los vasos Bora se fabrican utilizando [&hellip;]<\/p>\n","protected":false},"featured_media":6489182,"template":"","meta":{"_acf_changed":false},"product_cat":[11887,11671,11901],"product_tag":[],"class_list":{"0":"post-1877134","1":"product","2":"type-product","3":"status-publish","4":"has-post-thumbnail","6":"product_cat-tabla","7":"product_cat-tavola","8":"product_cat-vasos","10":"first","11":"outofstock","12":"sale","13":"taxable","14":"shipping-taxable","15":"purchasable","16":"product-type-simple","swatches":"rey-swatches","show_selected":"","stretch_labels":"rey-swatches--stretch-labels"},"acf":[],"yoast_head":"<!-- This site is optimized with the Yoast SEO plugin v25.4 - https:\/\/yoast.com\/wordpress\/plugins\/seo\/ -->\n<title>CARLO MORETTI Vasos Bora de Cristal de Murano 6 Piezas Crema - dev6 Erresse<\/title>\n<meta name=\"description\" content=\"Vasos de secci\u00f3n ovalada irregular, inclinados, en cristal de Murano, soplados a boca y acabados a mano alzada en diversos motivos decorativos aplicados\" \/>\n<meta name=\"robots\" content=\"noindex, follow, max-snippet:-1, max-image-preview:large, max-video-preview:-1\" \/>\n<meta property=\"og:locale\" content=\"es_ES\" \/>\n<meta property=\"og:type\" content=\"article\" \/>\n<meta property=\"og:title\" content=\"CARLO MORETTI Vasos Bora de Cristal de Murano 6 Piezas Crema - dev6 Erresse\" \/>\n<meta property=\"og:description\" content=\"Vasos de secci\u00f3n ovalada irregular, inclinados, en cristal de Murano, soplados a boca y acabados a mano alzada en diversos motivos decorativos aplicados\" \/>\n<meta property=\"og:url\" content=\"https:\/\/dev6.erresse-shop.it\/es\/shop\/tabla\/vasos\/carlo-moretti-vasos-bora-de-cristal-de-murano-6-piezas-crema\/\" \/>\n<meta property=\"og:site_name\" content=\"dev6 Erresse\" \/>\n<meta property=\"og:image\" content=\"https:\/\/interpim.erresse-shop.it\/Import\/Prodotti\/mix-crema.jpg\" \/><meta property=\"og:image\" content=\"https:\/\/interpim.erresse-shop.it\/Import\/Prodotti\/mix-crema.jpg\" \/>\n\t<meta property=\"og:image:width\" content=\"1024\" \/>\n\t<meta property=\"og:image:height\" content=\"1024\" \/>\n\t<meta property=\"og:image:type\" content=\"image\/jpeg\" \/>\n<meta name=\"twitter:card\" content=\"summary_large_image\" \/>\n<meta name=\"twitter:image\" content=\"https:\/\/interpim.erresse-shop.it\/Import\/Prodotti\/mix-crema.jpg\" \/>\n<script type=\"application\/ld+json\" class=\"yoast-schema-graph\">{\"@context\":\"https:\/\/schema.org\",\"@graph\":[{\"@type\":\"WebPage\",\"@id\":\"https:\/\/dev6.erresse-shop.it\/es\/shop\/tabla\/vasos\/carlo-moretti-vasos-bora-de-cristal-de-murano-6-piezas-crema\/\",\"url\":\"https:\/\/dev6.erresse-shop.it\/es\/shop\/tabla\/vasos\/carlo-moretti-vasos-bora-de-cristal-de-murano-6-piezas-crema\/\",\"name\":\"CARLO MORETTI Vasos Bora de Cristal de Murano 6 Piezas Crema - dev6 Erresse\",\"isPartOf\":{\"@id\":\"https:\/\/dev6.erresse-shop.it\/#website\"},\"primaryImageOfPage\":{\"@id\":\"https:\/\/dev6.erresse-shop.it\/es\/shop\/tabla\/vasos\/carlo-moretti-vasos-bora-de-cristal-de-murano-6-piezas-crema\/#primaryimage\"},\"image\":{\"@id\":\"https:\/\/dev6.erresse-shop.it\/es\/shop\/tabla\/vasos\/carlo-moretti-vasos-bora-de-cristal-de-murano-6-piezas-crema\/#primaryimage\"},\"thumbnailUrl\":\"https:\/\/i1.wp.com\/interpim.erresse-shop.it\/Import\/Prodotti\/mix-crema.jpg?ssl=1\",\"datePublished\":\"2026-04-16T17:05:37+00:00\",\"description\":\"Vasos de secci\u00f3n ovalada irregular, inclinados, en cristal de Murano, soplados a boca y acabados a mano alzada en diversos motivos decorativos aplicados\",\"breadcrumb\":{\"@id\":\"https:\/\/dev6.erresse-shop.it\/es\/shop\/tabla\/vasos\/carlo-moretti-vasos-bora-de-cristal-de-murano-6-piezas-crema\/#breadcrumb\"},\"inLanguage\":\"es\",\"potentialAction\":[{\"@type\":\"ReadAction\",\"target\":[\"https:\/\/dev6.erresse-shop.it\/es\/shop\/tabla\/vasos\/carlo-moretti-vasos-bora-de-cristal-de-murano-6-piezas-crema\/\"]}]},{\"@type\":\"ImageObject\",\"inLanguage\":\"es\",\"@id\":\"https:\/\/dev6.erresse-shop.it\/es\/shop\/tabla\/vasos\/carlo-moretti-vasos-bora-de-cristal-de-murano-6-piezas-crema\/#primaryimage\",\"url\":\"https:\/\/i1.wp.com\/interpim.erresse-shop.it\/Import\/Prodotti\/mix-crema.jpg?ssl=1\",\"contentUrl\":\"https:\/\/i1.wp.com\/interpim.erresse-shop.it\/Import\/Prodotti\/mix-crema.jpg?ssl=1\"},{\"@type\":\"BreadcrumbList\",\"@id\":\"https:\/\/dev6.erresse-shop.it\/es\/shop\/tabla\/vasos\/carlo-moretti-vasos-bora-de-cristal-de-murano-6-piezas-crema\/#breadcrumb\",\"itemListElement\":[{\"@type\":\"ListItem\",\"position\":1,\"name\":\"Home\",\"item\":\"https:\/\/dev6.erresse-shop.it\/\"},{\"@type\":\"ListItem\",\"position\":2,\"name\":\"Tienda\",\"item\":\"https:\/\/dev6.erresse-shop.it\/shop\/\"},{\"@type\":\"ListItem\",\"position\":3,\"name\":\"CARLO MORETTI Vasos Bora de Cristal de Murano 6 Piezas Crema\"}]},{\"@type\":\"WebSite\",\"@id\":\"https:\/\/dev6.erresse-shop.it\/#website\",\"url\":\"https:\/\/dev6.erresse-shop.it\/\",\"name\":\"Erresse Shop\",\"description\":\"\",\"publisher\":{\"@id\":\"https:\/\/dev6.erresse-shop.it\/#organization\"},\"potentialAction\":[{\"@type\":\"SearchAction\",\"target\":{\"@type\":\"EntryPoint\",\"urlTemplate\":\"https:\/\/dev6.erresse-shop.it\/?s={search_term_string}\"},\"query-input\":{\"@type\":\"PropertyValueSpecification\",\"valueRequired\":true,\"valueName\":\"search_term_string\"}}],\"inLanguage\":\"es\"},{\"@type\":\"Organization\",\"@id\":\"https:\/\/dev6.erresse-shop.it\/#organization\",\"name\":\"Erresse Shop\",\"url\":\"https:\/\/dev6.erresse-shop.it\/\",\"logo\":{\"@type\":\"ImageObject\",\"inLanguage\":\"es\",\"@id\":\"https:\/\/dev6.erresse-shop.it\/#\/schema\/logo\/image\/\",\"url\":\"https:\/\/dev6.erresse-shop.it\/wp-content\/uploads\/2025\/01\/LOGO-ERRESSE-CLASSICO.svg\",\"contentUrl\":\"https:\/\/dev6.erresse-shop.it\/wp-content\/uploads\/2025\/01\/LOGO-ERRESSE-CLASSICO.svg\",\"caption\":\"Erresse Shop\"},\"image\":{\"@id\":\"https:\/\/dev6.erresse-shop.it\/#\/schema\/logo\/image\/\"}}]}<\/script>\n<!-- \/ Yoast SEO plugin. -->","yoast_head_json":{"title":"CARLO MORETTI Vasos Bora de Cristal de Murano 6 Piezas Crema - dev6 Erresse","description":"Vasos de secci\u00f3n ovalada irregular, inclinados, en cristal de Murano, soplados a boca y acabados a mano alzada en diversos motivos decorativos aplicados","robots":{"index":"noindex","follow":"follow","max-snippet":"max-snippet:-1","max-image-preview":"max-image-preview:large","max-video-preview":"max-video-preview:-1"},"og_locale":"es_ES","og_type":"article","og_title":"CARLO MORETTI Vasos Bora de Cristal de Murano 6 Piezas Crema - dev6 Erresse","og_description":"Vasos de secci\u00f3n ovalada irregular, inclinados, en cristal de Murano, soplados a boca y acabados a mano alzada en diversos motivos decorativos aplicados","og_url":"https:\/\/dev6.erresse-shop.it\/es\/shop\/tabla\/vasos\/carlo-moretti-vasos-bora-de-cristal-de-murano-6-piezas-crema\/","og_site_name":"dev6 Erresse","og_image":[{"url":"https:\/\/interpim.erresse-shop.it\/Import\/Prodotti\/mix-crema.jpg","type":"","width":"","height":""},{"url":"https:\/\/interpim.erresse-shop.it\/Import\/Prodotti\/mix-crema.jpg","width":1024,"height":1024,"type":"image\/jpeg"}],"twitter_card":"summary_large_image","twitter_image":"https:\/\/interpim.erresse-shop.it\/Import\/Prodotti\/mix-crema.jpg","schema":{"@context":"https:\/\/schema.org","@graph":[{"@type":"WebPage","@id":"https:\/\/dev6.erresse-shop.it\/es\/shop\/tabla\/vasos\/carlo-moretti-vasos-bora-de-cristal-de-murano-6-piezas-crema\/","url":"https:\/\/dev6.erresse-shop.it\/es\/shop\/tabla\/vasos\/carlo-moretti-vasos-bora-de-cristal-de-murano-6-piezas-crema\/","name":"CARLO MORETTI Vasos Bora de Cristal de Murano 6 Piezas Crema - dev6 Erresse","isPartOf":{"@id":"https:\/\/dev6.erresse-shop.it\/#website"},"primaryImageOfPage":{"@id":"https:\/\/dev6.erresse-shop.it\/es\/shop\/tabla\/vasos\/carlo-moretti-vasos-bora-de-cristal-de-murano-6-piezas-crema\/#primaryimage"},"image":{"@id":"https:\/\/dev6.erresse-shop.it\/es\/shop\/tabla\/vasos\/carlo-moretti-vasos-bora-de-cristal-de-murano-6-piezas-crema\/#primaryimage"},"thumbnailUrl":"https:\/\/i1.wp.com\/interpim.erresse-shop.it\/Import\/Prodotti\/mix-crema.jpg?ssl=1","datePublished":"2026-04-16T17:05:37+00:00","description":"Vasos de secci\u00f3n ovalada irregular, inclinados, en cristal de Murano, soplados a boca y acabados a mano alzada en diversos motivos decorativos aplicados","breadcrumb":{"@id":"https:\/\/dev6.erresse-shop.it\/es\/shop\/tabla\/vasos\/carlo-moretti-vasos-bora-de-cristal-de-murano-6-piezas-crema\/#breadcrumb"},"inLanguage":"es","potentialAction":[{"@type":"ReadAction","target":["https:\/\/dev6.erresse-shop.it\/es\/shop\/tabla\/vasos\/carlo-moretti-vasos-bora-de-cristal-de-murano-6-piezas-crema\/"]}]},{"@type":"ImageObject","inLanguage":"es","@id":"https:\/\/dev6.erresse-shop.it\/es\/shop\/tabla\/vasos\/carlo-moretti-vasos-bora-de-cristal-de-murano-6-piezas-crema\/#primaryimage","url":"https:\/\/i1.wp.com\/interpim.erresse-shop.it\/Import\/Prodotti\/mix-crema.jpg?ssl=1","contentUrl":"https:\/\/i1.wp.com\/interpim.erresse-shop.it\/Import\/Prodotti\/mix-crema.jpg?ssl=1"},{"@type":"BreadcrumbList","@id":"https:\/\/dev6.erresse-shop.it\/es\/shop\/tabla\/vasos\/carlo-moretti-vasos-bora-de-cristal-de-murano-6-piezas-crema\/#breadcrumb","itemListElement":[{"@type":"ListItem","position":1,"name":"Home","item":"https:\/\/dev6.erresse-shop.it\/"},{"@type":"ListItem","position":2,"name":"Tienda","item":"https:\/\/dev6.erresse-shop.it\/shop\/"},{"@type":"ListItem","position":3,"name":"CARLO MORETTI Vasos Bora de Cristal de Murano 6 Piezas Crema"}]},{"@type":"WebSite","@id":"https:\/\/dev6.erresse-shop.it\/#website","url":"https:\/\/dev6.erresse-shop.it\/","name":"Erresse Shop","description":"","publisher":{"@id":"https:\/\/dev6.erresse-shop.it\/#organization"},"potentialAction":[{"@type":"SearchAction","target":{"@type":"EntryPoint","urlTemplate":"https:\/\/dev6.erresse-shop.it\/?s={search_term_string}"},"query-input":{"@type":"PropertyValueSpecification","valueRequired":true,"valueName":"search_term_string"}}],"inLanguage":"es"},{"@type":"Organization","@id":"https:\/\/dev6.erresse-shop.it\/#organization","name":"Erresse Shop","url":"https:\/\/dev6.erresse-shop.it\/","logo":{"@type":"ImageObject","inLanguage":"es","@id":"https:\/\/dev6.erresse-shop.it\/#\/schema\/logo\/image\/","url":"https:\/\/dev6.erresse-shop.it\/wp-content\/uploads\/2025\/01\/LOGO-ERRESSE-CLASSICO.svg","contentUrl":"https:\/\/dev6.erresse-shop.it\/wp-content\/uploads\/2025\/01\/LOGO-ERRESSE-CLASSICO.svg","caption":"Erresse Shop"},"image":{"@id":"https:\/\/dev6.erresse-shop.it\/#\/schema\/logo\/image\/"}}]}},"df_price":696.6,"df_sale_price":696.6,"df_regular_price":774,"df_image_link":"https:\/\/i1.wp.com\/interpim.erresse-shop.it\/Import\/Prodotti\/mix-crema.jpg?resize=300,300&ssl=1","fifu_image_url":"https:\/\/interpim.erresse-shop.it\/Import\/Prodotti\/mix-crema.jpg","_links":{"self":[{"href":"https:\/\/dev6.erresse-shop.it\/es\/wp-json\/wp\/v2\/product\/1877134","targetHints":{"allow":["GET"]}}],"collection":[{"href":"https:\/\/dev6.erresse-shop.it\/es\/wp-json\/wp\/v2\/product"}],"about":[{"href":"https:\/\/dev6.erresse-shop.it\/es\/wp-json\/wp\/v2\/types\/product"}],"wp:featuredmedia":[{"embeddable":true,"href":"https:\/\/dev6.erresse-shop.it\/es\/wp-json\/wp\/v2\/media\/6489182"}],"wp:attachment":[{"href":"https:\/\/dev6.erresse-shop.it\/es\/wp-json\/wp\/v2\/media?parent=1877134"}],"wp:term":[{"taxonomy":"product_cat","embeddable":true,"href":"https:\/\/dev6.erresse-shop.it\/es\/wp-json\/wp\/v2\/product_cat?post=1877134"},{"taxonomy":"product_tag","embeddable":true,"href":"https:\/\/dev6.erresse-shop.it\/es\/wp-json\/wp\/v2\/product_tag?post=1877134"}],"curies":[{"name":"wp","href":"https:\/\/api.w.org\/{rel}","templated":true}]}}