{"id":1877064,"date":"2026-04-16T19:04:39","date_gmt":"2026-04-16T17:04:39","guid":{"rendered":"https:\/\/dev6.erresse-shop.it\/shop\/sin%20categor\u00eda\/sage-the-smart-kettle\/"},"modified":"2025-09-14T07:45:48","modified_gmt":"2025-09-14T05:45:48","slug":"sage-the-smart-kettle","status":"publish","type":"product","link":"https:\/\/dev6.erresse-shop.it\/es\/shop\/pequenos-electrodomesticos\/hervidores-electricos\/sage-the-smart-kettle\/","title":{"rendered":"SAGE The Smart Kettle"},"content":{"rendered":"<p>PREPARA EL T\u00c9 DE FORMA INTELIGENTE CON 5 AJUSTES<br \/>\nEste hervidor con una capacidad de 1,7 litros conoce la temperatura ideal para el t\u00e9 o el caf\u00e9. 5 ajustes para las diferentes variedades garantizan la preparaci\u00f3n a la temperatura adecuada para el caf\u00e9 negro, verde, blanco, oolong y estilo franc\u00e9s.<\/p>\n<p>SIEMPRE LA TEMPERATURA PERFECTA<br \/>\nEl hervidor inteligente se ajusta a temperaturas y tiempos precisos para liberar todo el sabor y la calidad de tu t\u00e9 o caf\u00e9 favorito.<\/p>\n<p>5 AJUSTES PARA DIFERENTES VARIEDADES<br \/>\nLas funciones preprogramadas y personalizables de un solo toque crean las condiciones ideales de preparaci\u00f3n para el caf\u00e9 negro, verde, blanco, Oolong y estilo franc\u00e9s.<\/p>\n<p>BOT\u00d3N DE MANTENER CALIENTE<br \/>\nFunci\u00f3n de un solo toque que mantiene su bebida en su estado ideal durante 20 minutos y que puede activarse antes, durante o al finalizar el ciclo de calentamiento del agua.<\/p>\n<p>TAPA SUPERIOR BLANDA<br \/>\nVerter una mezcla hirviendo de la tetera a la taza puede ser peligroso. Esta tapa especial libera lentamente el vapor y elimina el riesgo de salpicaduras.<\/p>\n<p>COMODIDAD SIN CABLES<br \/>\nJarra sin cable con base multidireccional de 360 grados y enrollador de cable.<\/p>\n<p>Garant\u00eda: 1 a\u00f1o de sustituci\u00f3n<br \/>\nMateriales de construcci\u00f3n: acero inoxidable cepillado<br \/>\nCapacidad: 1,7 l<br \/>\nLa tapa de apertura suave libera lentamente el vapor y las salpicaduras<br \/>\nFunci\u00f3n de mantenimiento del calor durante 20 minutos<br \/>\nDesconexi\u00f3n autom\u00e1tica y protecci\u00f3n contra el sobrecalentamiento<\/p>\n","protected":false},"excerpt":{"rendered":"<p>PREPARA EL T\u00c9 DE FORMA INTELIGENTE CON 5 AJUSTES Este hervidor con una capacidad de 1,7 litros conoce la temperatura ideal para el t\u00e9 o el caf\u00e9. 5 ajustes para las diferentes variedades garantizan la preparaci\u00f3n a la temperatura adecuada para el caf\u00e9 negro, verde, blanco, oolong y estilo franc\u00e9s. SIEMPRE LA TEMPERATURA PERFECTA El [&hellip;]<\/p>\n","protected":false},"featured_media":6489008,"template":"","meta":{"_acf_changed":false},"product_cat":[11734,11950,11947],"product_tag":[],"class_list":{"0":"post-1877064","1":"product","2":"type-product","3":"status-publish","4":"has-post-thumbnail","6":"product_cat-bollitori-elettrici","7":"product_cat-hervidores-electricos","8":"product_cat-pequenos-electrodomesticos","10":"first","11":"outofstock","12":"sale","13":"taxable","14":"shipping-taxable","15":"purchasable","16":"product-type-simple","swatches":"rey-swatches","show_selected":"","stretch_labels":"rey-swatches--stretch-labels"},"acf":[],"yoast_head":"<!-- This site is optimized with the Yoast SEO plugin v25.4 - https:\/\/yoast.com\/wordpress\/plugins\/seo\/ -->\n<title>SAGE The Smart Kettle - dev6 Erresse<\/title>\n<meta name=\"description\" content=\"PREPARA EL T\u00c9 DE FORMA INTELIGENTE CON 5 AJUSTES Este hervidor con una capacidad de 1,7 litros conoce la temperatura ideal para el t\u00e9 o el caf\u00e9. 5 ajustes\" \/>\n<meta name=\"robots\" content=\"noindex, follow, max-snippet:-1, max-image-preview:large, max-video-preview:-1\" \/>\n<meta property=\"og:locale\" content=\"es_ES\" \/>\n<meta property=\"og:type\" content=\"article\" \/>\n<meta property=\"og:title\" content=\"SAGE The Smart Kettle - dev6 Erresse\" \/>\n<meta property=\"og:description\" content=\"PREPARA EL T\u00c9 DE FORMA INTELIGENTE CON 5 AJUSTES Este hervidor con una capacidad de 1,7 litros conoce la temperatura ideal para el t\u00e9 o el caf\u00e9. 5 ajustes\" \/>\n<meta property=\"og:url\" content=\"https:\/\/dev6.erresse-shop.it\/es\/shop\/pequenos-electrodomesticos\/hervidores-electricos\/sage-the-smart-kettle\/\" \/>\n<meta property=\"og:site_name\" content=\"dev6 Erresse\" \/>\n<meta property=\"og:image\" content=\"https:\/\/interpim.erresse-shop.it\/img-catalogo\/sage\/sage-the-smart-kettle-bollitore-4.jpg\" \/><meta property=\"og:image\" content=\"https:\/\/interpim.erresse-shop.it\/img-catalogo\/sage\/sage-the-smart-kettle-bollitore-4.jpg\" \/>\n\t<meta property=\"og:image:width\" content=\"1024\" \/>\n\t<meta property=\"og:image:height\" content=\"1024\" \/>\n\t<meta property=\"og:image:type\" content=\"image\/jpeg\" \/>\n<meta name=\"twitter:card\" content=\"summary_large_image\" \/>\n<meta name=\"twitter:image\" content=\"https:\/\/interpim.erresse-shop.it\/img-catalogo\/sage\/sage-the-smart-kettle-bollitore-4.jpg\" \/>\n<script type=\"application\/ld+json\" class=\"yoast-schema-graph\">{\"@context\":\"https:\/\/schema.org\",\"@graph\":[{\"@type\":\"WebPage\",\"@id\":\"https:\/\/dev6.erresse-shop.it\/es\/shop\/pequenos-electrodomesticos\/hervidores-electricos\/sage-the-smart-kettle\/\",\"url\":\"https:\/\/dev6.erresse-shop.it\/es\/shop\/pequenos-electrodomesticos\/hervidores-electricos\/sage-the-smart-kettle\/\",\"name\":\"SAGE The Smart Kettle - dev6 Erresse\",\"isPartOf\":{\"@id\":\"https:\/\/dev6.erresse-shop.it\/#website\"},\"primaryImageOfPage\":{\"@id\":\"https:\/\/dev6.erresse-shop.it\/es\/shop\/pequenos-electrodomesticos\/hervidores-electricos\/sage-the-smart-kettle\/#primaryimage\"},\"image\":{\"@id\":\"https:\/\/dev6.erresse-shop.it\/es\/shop\/pequenos-electrodomesticos\/hervidores-electricos\/sage-the-smart-kettle\/#primaryimage\"},\"thumbnailUrl\":\"https:\/\/i2.wp.com\/interpim.erresse-shop.it\/img-catalogo\/sage\/sage-the-smart-kettle-bollitore-4.jpg?ssl=1\",\"datePublished\":\"2026-04-16T17:04:39+00:00\",\"description\":\"PREPARA EL T\u00c9 DE FORMA INTELIGENTE CON 5 AJUSTES Este hervidor con una capacidad de 1,7 litros conoce la temperatura ideal para el t\u00e9 o el caf\u00e9. 5 ajustes\",\"breadcrumb\":{\"@id\":\"https:\/\/dev6.erresse-shop.it\/es\/shop\/pequenos-electrodomesticos\/hervidores-electricos\/sage-the-smart-kettle\/#breadcrumb\"},\"inLanguage\":\"es\",\"potentialAction\":[{\"@type\":\"ReadAction\",\"target\":[\"https:\/\/dev6.erresse-shop.it\/es\/shop\/pequenos-electrodomesticos\/hervidores-electricos\/sage-the-smart-kettle\/\"]}]},{\"@type\":\"ImageObject\",\"inLanguage\":\"es\",\"@id\":\"https:\/\/dev6.erresse-shop.it\/es\/shop\/pequenos-electrodomesticos\/hervidores-electricos\/sage-the-smart-kettle\/#primaryimage\",\"url\":\"https:\/\/i2.wp.com\/interpim.erresse-shop.it\/img-catalogo\/sage\/sage-the-smart-kettle-bollitore-4.jpg?ssl=1\",\"contentUrl\":\"https:\/\/i2.wp.com\/interpim.erresse-shop.it\/img-catalogo\/sage\/sage-the-smart-kettle-bollitore-4.jpg?ssl=1\"},{\"@type\":\"BreadcrumbList\",\"@id\":\"https:\/\/dev6.erresse-shop.it\/es\/shop\/pequenos-electrodomesticos\/hervidores-electricos\/sage-the-smart-kettle\/#breadcrumb\",\"itemListElement\":[{\"@type\":\"ListItem\",\"position\":1,\"name\":\"Home\",\"item\":\"https:\/\/dev6.erresse-shop.it\/\"},{\"@type\":\"ListItem\",\"position\":2,\"name\":\"Tienda\",\"item\":\"https:\/\/dev6.erresse-shop.it\/shop\/\"},{\"@type\":\"ListItem\",\"position\":3,\"name\":\"SAGE The Smart Kettle\"}]},{\"@type\":\"WebSite\",\"@id\":\"https:\/\/dev6.erresse-shop.it\/#website\",\"url\":\"https:\/\/dev6.erresse-shop.it\/\",\"name\":\"Erresse Shop\",\"description\":\"\",\"publisher\":{\"@id\":\"https:\/\/dev6.erresse-shop.it\/#organization\"},\"potentialAction\":[{\"@type\":\"SearchAction\",\"target\":{\"@type\":\"EntryPoint\",\"urlTemplate\":\"https:\/\/dev6.erresse-shop.it\/?s={search_term_string}\"},\"query-input\":{\"@type\":\"PropertyValueSpecification\",\"valueRequired\":true,\"valueName\":\"search_term_string\"}}],\"inLanguage\":\"es\"},{\"@type\":\"Organization\",\"@id\":\"https:\/\/dev6.erresse-shop.it\/#organization\",\"name\":\"Erresse Shop\",\"url\":\"https:\/\/dev6.erresse-shop.it\/\",\"logo\":{\"@type\":\"ImageObject\",\"inLanguage\":\"es\",\"@id\":\"https:\/\/dev6.erresse-shop.it\/#\/schema\/logo\/image\/\",\"url\":\"https:\/\/dev6.erresse-shop.it\/wp-content\/uploads\/2025\/01\/LOGO-ERRESSE-CLASSICO.svg\",\"contentUrl\":\"https:\/\/dev6.erresse-shop.it\/wp-content\/uploads\/2025\/01\/LOGO-ERRESSE-CLASSICO.svg\",\"caption\":\"Erresse Shop\"},\"image\":{\"@id\":\"https:\/\/dev6.erresse-shop.it\/#\/schema\/logo\/image\/\"}}]}<\/script>\n<!-- \/ Yoast SEO plugin. -->","yoast_head_json":{"title":"SAGE The Smart Kettle - dev6 Erresse","description":"PREPARA EL T\u00c9 DE FORMA INTELIGENTE CON 5 AJUSTES Este hervidor con una capacidad de 1,7 litros conoce la temperatura ideal para el t\u00e9 o el caf\u00e9. 5 ajustes","robots":{"index":"noindex","follow":"follow","max-snippet":"max-snippet:-1","max-image-preview":"max-image-preview:large","max-video-preview":"max-video-preview:-1"},"og_locale":"es_ES","og_type":"article","og_title":"SAGE The Smart Kettle - dev6 Erresse","og_description":"PREPARA EL T\u00c9 DE FORMA INTELIGENTE CON 5 AJUSTES Este hervidor con una capacidad de 1,7 litros conoce la temperatura ideal para el t\u00e9 o el caf\u00e9. 5 ajustes","og_url":"https:\/\/dev6.erresse-shop.it\/es\/shop\/pequenos-electrodomesticos\/hervidores-electricos\/sage-the-smart-kettle\/","og_site_name":"dev6 Erresse","og_image":[{"url":"https:\/\/interpim.erresse-shop.it\/img-catalogo\/sage\/sage-the-smart-kettle-bollitore-4.jpg","type":"","width":"","height":""},{"url":"https:\/\/interpim.erresse-shop.it\/img-catalogo\/sage\/sage-the-smart-kettle-bollitore-4.jpg","width":1024,"height":1024,"type":"image\/jpeg"}],"twitter_card":"summary_large_image","twitter_image":"https:\/\/interpim.erresse-shop.it\/img-catalogo\/sage\/sage-the-smart-kettle-bollitore-4.jpg","schema":{"@context":"https:\/\/schema.org","@graph":[{"@type":"WebPage","@id":"https:\/\/dev6.erresse-shop.it\/es\/shop\/pequenos-electrodomesticos\/hervidores-electricos\/sage-the-smart-kettle\/","url":"https:\/\/dev6.erresse-shop.it\/es\/shop\/pequenos-electrodomesticos\/hervidores-electricos\/sage-the-smart-kettle\/","name":"SAGE The Smart Kettle - dev6 Erresse","isPartOf":{"@id":"https:\/\/dev6.erresse-shop.it\/#website"},"primaryImageOfPage":{"@id":"https:\/\/dev6.erresse-shop.it\/es\/shop\/pequenos-electrodomesticos\/hervidores-electricos\/sage-the-smart-kettle\/#primaryimage"},"image":{"@id":"https:\/\/dev6.erresse-shop.it\/es\/shop\/pequenos-electrodomesticos\/hervidores-electricos\/sage-the-smart-kettle\/#primaryimage"},"thumbnailUrl":"https:\/\/i2.wp.com\/interpim.erresse-shop.it\/img-catalogo\/sage\/sage-the-smart-kettle-bollitore-4.jpg?ssl=1","datePublished":"2026-04-16T17:04:39+00:00","description":"PREPARA EL T\u00c9 DE FORMA INTELIGENTE CON 5 AJUSTES Este hervidor con una capacidad de 1,7 litros conoce la temperatura ideal para el t\u00e9 o el caf\u00e9. 5 ajustes","breadcrumb":{"@id":"https:\/\/dev6.erresse-shop.it\/es\/shop\/pequenos-electrodomesticos\/hervidores-electricos\/sage-the-smart-kettle\/#breadcrumb"},"inLanguage":"es","potentialAction":[{"@type":"ReadAction","target":["https:\/\/dev6.erresse-shop.it\/es\/shop\/pequenos-electrodomesticos\/hervidores-electricos\/sage-the-smart-kettle\/"]}]},{"@type":"ImageObject","inLanguage":"es","@id":"https:\/\/dev6.erresse-shop.it\/es\/shop\/pequenos-electrodomesticos\/hervidores-electricos\/sage-the-smart-kettle\/#primaryimage","url":"https:\/\/i2.wp.com\/interpim.erresse-shop.it\/img-catalogo\/sage\/sage-the-smart-kettle-bollitore-4.jpg?ssl=1","contentUrl":"https:\/\/i2.wp.com\/interpim.erresse-shop.it\/img-catalogo\/sage\/sage-the-smart-kettle-bollitore-4.jpg?ssl=1"},{"@type":"BreadcrumbList","@id":"https:\/\/dev6.erresse-shop.it\/es\/shop\/pequenos-electrodomesticos\/hervidores-electricos\/sage-the-smart-kettle\/#breadcrumb","itemListElement":[{"@type":"ListItem","position":1,"name":"Home","item":"https:\/\/dev6.erresse-shop.it\/"},{"@type":"ListItem","position":2,"name":"Tienda","item":"https:\/\/dev6.erresse-shop.it\/shop\/"},{"@type":"ListItem","position":3,"name":"SAGE The Smart Kettle"}]},{"@type":"WebSite","@id":"https:\/\/dev6.erresse-shop.it\/#website","url":"https:\/\/dev6.erresse-shop.it\/","name":"Erresse Shop","description":"","publisher":{"@id":"https:\/\/dev6.erresse-shop.it\/#organization"},"potentialAction":[{"@type":"SearchAction","target":{"@type":"EntryPoint","urlTemplate":"https:\/\/dev6.erresse-shop.it\/?s={search_term_string}"},"query-input":{"@type":"PropertyValueSpecification","valueRequired":true,"valueName":"search_term_string"}}],"inLanguage":"es"},{"@type":"Organization","@id":"https:\/\/dev6.erresse-shop.it\/#organization","name":"Erresse Shop","url":"https:\/\/dev6.erresse-shop.it\/","logo":{"@type":"ImageObject","inLanguage":"es","@id":"https:\/\/dev6.erresse-shop.it\/#\/schema\/logo\/image\/","url":"https:\/\/dev6.erresse-shop.it\/wp-content\/uploads\/2025\/01\/LOGO-ERRESSE-CLASSICO.svg","contentUrl":"https:\/\/dev6.erresse-shop.it\/wp-content\/uploads\/2025\/01\/LOGO-ERRESSE-CLASSICO.svg","caption":"Erresse Shop"},"image":{"@id":"https:\/\/dev6.erresse-shop.it\/#\/schema\/logo\/image\/"}}]}},"df_price":139.95,"df_sale_price":139.95,"df_regular_price":159.9,"df_image_link":"https:\/\/i2.wp.com\/interpim.erresse-shop.it\/img-catalogo\/sage\/sage-the-smart-kettle-bollitore-4.jpg?resize=300,300&ssl=1","fifu_image_url":"https:\/\/interpim.erresse-shop.it\/img-catalogo\/sage\/sage-the-smart-kettle-bollitore-4.jpg","_links":{"self":[{"href":"https:\/\/dev6.erresse-shop.it\/es\/wp-json\/wp\/v2\/product\/1877064","targetHints":{"allow":["GET"]}}],"collection":[{"href":"https:\/\/dev6.erresse-shop.it\/es\/wp-json\/wp\/v2\/product"}],"about":[{"href":"https:\/\/dev6.erresse-shop.it\/es\/wp-json\/wp\/v2\/types\/product"}],"wp:featuredmedia":[{"embeddable":true,"href":"https:\/\/dev6.erresse-shop.it\/es\/wp-json\/wp\/v2\/media\/6489008"}],"wp:attachment":[{"href":"https:\/\/dev6.erresse-shop.it\/es\/wp-json\/wp\/v2\/media?parent=1877064"}],"wp:term":[{"taxonomy":"product_cat","embeddable":true,"href":"https:\/\/dev6.erresse-shop.it\/es\/wp-json\/wp\/v2\/product_cat?post=1877064"},{"taxonomy":"product_tag","embeddable":true,"href":"https:\/\/dev6.erresse-shop.it\/es\/wp-json\/wp\/v2\/product_tag?post=1877064"}],"curies":[{"name":"wp","href":"https:\/\/api.w.org\/{rel}","templated":true}]}}