{"id":1877054,"date":"2026-04-16T19:03:46","date_gmt":"2026-04-16T17:03:46","guid":{"rendered":"https:\/\/dev6.erresse-shop.it\/shop\/sin%20categor\u00eda\/portmeirion-botanic-garden-set-6-tazas-cafe\/"},"modified":"2026-01-09T02:17:42","modified_gmt":"2026-01-09T01:17:42","slug":"portmeirion-botanic-garden-set-6-tazas-cafe","status":"publish","type":"product","link":"https:\/\/dev6.erresse-shop.it\/es\/shop\/tabla\/tazas\/portmeirion-botanic-garden-set-6-tazas-cafe\/","title":{"rendered":"PORTMEIRION Botanic Garden Set 6 Tazas Caf\u00e9"},"content":{"rendered":"<p>Un cl\u00e1sico atemporal, Botanic Garden es la colecci\u00f3n m\u00e1s reconocible de la cer\u00e1mica brit\u00e1nica. Los bellos motivos florales y las llamativas mariposas hacen que las ocasiones cotidianas sean especiales, aportando placer a nuestro estilo de vida moderno. Botanic Garden contiene una amplia gama de piezas, para su uso dentro y fuera del hogar. Abraza la magia de la naturaleza y descubre tu propio jard\u00edn secreto.<\/p>\n<p>Portmeirion fue fundada en 1960 por la legendaria dise\u00f1adora de cer\u00e1mica Susan Williams-Ellis y su marido Euan Cooper-Willis.<br \/>\nCon casi cincuenta a\u00f1os de creatividad, la contribuci\u00f3n de Susan Williams Ellis al estilo de dise\u00f1o brit\u00e1nico, a Portmeirion Potteries y a la industria cer\u00e1mica brit\u00e1nica ha sido inconmensurable y la sit\u00faa firmemente en la compa\u00f1\u00eda de un peque\u00f1o grupo de grandes y c\u00e9lebres dise\u00f1adores de cer\u00e1mica del siglo XX. Su filosof\u00eda de que la vajilla debe ser bella y pr\u00e1ctica a la vez seguir\u00e1 impregnando los valores de dise\u00f1o de Portmeirion y determinar\u00e1 el \u00e9xito de la empresa que ella cre\u00f3.<\/p>\n<p>Apto para el lavavajillas, el congelador, el microondas y el horno hasta 170\u00b0C.<\/p>\n<p>Dimensiones (ancho x alto x fondo)&#61; 12,2 x 10,3 x 8,2 cm<\/p>\n","protected":false},"excerpt":{"rendered":"<p>Un cl\u00e1sico atemporal, Botanic Garden es la colecci\u00f3n m\u00e1s reconocible de la cer\u00e1mica brit\u00e1nica. Los bellos motivos florales y las llamativas mariposas hacen que las ocasiones cotidianas sean especiales, aportando placer a nuestro estilo de vida moderno. Botanic Garden contiene una amplia gama de piezas, para su uso dentro y fuera del hogar. Abraza la [&hellip;]<\/p>\n","protected":false},"featured_media":6488936,"template":"","meta":{"_acf_changed":false},"product_cat":[11887,11671,11905],"product_tag":[],"class_list":{"0":"post-1877054","1":"product","2":"type-product","3":"status-publish","4":"has-post-thumbnail","6":"product_cat-tabla","7":"product_cat-tavola","8":"product_cat-tazas","10":"first","11":"outofstock","12":"sale","13":"taxable","14":"shipping-taxable","15":"purchasable","16":"product-type-simple","swatches":"rey-swatches","show_selected":"","stretch_labels":"rey-swatches--stretch-labels"},"acf":[],"yoast_head":"<!-- This site is optimized with the Yoast SEO plugin v25.4 - https:\/\/yoast.com\/wordpress\/plugins\/seo\/ -->\n<title>PORTMEIRION Botanic Garden Set 6 Tazas Caf\u00e9 - dev6 Erresse<\/title>\n<meta name=\"description\" content=\"Un cl\u00e1sico atemporal, Botanic Garden es la colecci\u00f3n m\u00e1s reconocible de la cer\u00e1mica brit\u00e1nica. Los bellos motivos florales y las llamativas mariposas\" \/>\n<meta name=\"robots\" content=\"noindex, follow, max-snippet:-1, max-image-preview:large, max-video-preview:-1\" \/>\n<meta property=\"og:locale\" content=\"es_ES\" \/>\n<meta property=\"og:type\" content=\"article\" \/>\n<meta property=\"og:title\" content=\"PORTMEIRION Botanic Garden Set 6 Tazas Caf\u00e9 - dev6 Erresse\" \/>\n<meta property=\"og:description\" content=\"Un cl\u00e1sico atemporal, Botanic Garden es la colecci\u00f3n m\u00e1s reconocible de la cer\u00e1mica brit\u00e1nica. Los bellos motivos florales y las llamativas mariposas\" \/>\n<meta property=\"og:url\" content=\"https:\/\/dev6.erresse-shop.it\/es\/shop\/tabla\/tazas\/portmeirion-botanic-garden-set-6-tazas-cafe\/\" \/>\n<meta property=\"og:site_name\" content=\"dev6 Erresse\" \/>\n<meta property=\"og:image\" content=\"https:\/\/interpim.erresse-shop.it\/wp-content\/uploads\/2021\/06\/PORTMEIRION-Botanic-Garden-Tazze-Caff\u00e8-1.jpg\/portmeirion-botanic-garden-tazze-caff-c3-a8-1.jpg\" \/><meta property=\"og:image\" content=\"https:\/\/interpim.erresse-shop.it\/wp-content\/uploads\/2021\/06\/PORTMEIRION-Botanic-Garden-Tazze-Caff\u00e8-1.jpg\/portmeirion-botanic-garden-tazze-caff-c3-a8-1.jpg\" \/>\n\t<meta property=\"og:image:width\" content=\"1024\" \/>\n\t<meta property=\"og:image:height\" content=\"1024\" \/>\n\t<meta property=\"og:image:type\" content=\"image\/jpeg\" \/>\n<meta name=\"twitter:card\" content=\"summary_large_image\" \/>\n<meta name=\"twitter:image\" content=\"https:\/\/interpim.erresse-shop.it\/wp-content\/uploads\/2021\/06\/PORTMEIRION-Botanic-Garden-Tazze-Caff\u00e8-1.jpg\/portmeirion-botanic-garden-tazze-caff-c3-a8-1.jpg\" \/>\n<script type=\"application\/ld+json\" class=\"yoast-schema-graph\">{\"@context\":\"https:\/\/schema.org\",\"@graph\":[{\"@type\":\"WebPage\",\"@id\":\"https:\/\/dev6.erresse-shop.it\/es\/shop\/tabla\/tazas\/portmeirion-botanic-garden-set-6-tazas-cafe\/\",\"url\":\"https:\/\/dev6.erresse-shop.it\/es\/shop\/tabla\/tazas\/portmeirion-botanic-garden-set-6-tazas-cafe\/\",\"name\":\"PORTMEIRION Botanic Garden Set 6 Tazas Caf\u00e9 - dev6 Erresse\",\"isPartOf\":{\"@id\":\"https:\/\/dev6.erresse-shop.it\/#website\"},\"primaryImageOfPage\":{\"@id\":\"https:\/\/dev6.erresse-shop.it\/es\/shop\/tabla\/tazas\/portmeirion-botanic-garden-set-6-tazas-cafe\/#primaryimage\"},\"image\":{\"@id\":\"https:\/\/dev6.erresse-shop.it\/es\/shop\/tabla\/tazas\/portmeirion-botanic-garden-set-6-tazas-cafe\/#primaryimage\"},\"thumbnailUrl\":\"https:\/\/i2.wp.com\/interpim.erresse-shop.it\/wp-content\/uploads\/2021\/06\/PORTMEIRION-Botanic-Garden-Tazze-Caff\u00e8-1.jpg\/portmeirion-botanic-garden-tazze-caff-c3-a8-1.jpg?ssl=1\",\"datePublished\":\"2026-04-16T17:03:46+00:00\",\"description\":\"Un cl\u00e1sico atemporal, Botanic Garden es la colecci\u00f3n m\u00e1s reconocible de la cer\u00e1mica brit\u00e1nica. Los bellos motivos florales y las llamativas mariposas\",\"breadcrumb\":{\"@id\":\"https:\/\/dev6.erresse-shop.it\/es\/shop\/tabla\/tazas\/portmeirion-botanic-garden-set-6-tazas-cafe\/#breadcrumb\"},\"inLanguage\":\"es\",\"potentialAction\":[{\"@type\":\"ReadAction\",\"target\":[\"https:\/\/dev6.erresse-shop.it\/es\/shop\/tabla\/tazas\/portmeirion-botanic-garden-set-6-tazas-cafe\/\"]}]},{\"@type\":\"ImageObject\",\"inLanguage\":\"es\",\"@id\":\"https:\/\/dev6.erresse-shop.it\/es\/shop\/tabla\/tazas\/portmeirion-botanic-garden-set-6-tazas-cafe\/#primaryimage\",\"url\":\"https:\/\/i2.wp.com\/interpim.erresse-shop.it\/wp-content\/uploads\/2021\/06\/PORTMEIRION-Botanic-Garden-Tazze-Caff\u00e8-1.jpg\/portmeirion-botanic-garden-tazze-caff-c3-a8-1.jpg?ssl=1\",\"contentUrl\":\"https:\/\/i2.wp.com\/interpim.erresse-shop.it\/wp-content\/uploads\/2021\/06\/PORTMEIRION-Botanic-Garden-Tazze-Caff\u00e8-1.jpg\/portmeirion-botanic-garden-tazze-caff-c3-a8-1.jpg?ssl=1\"},{\"@type\":\"BreadcrumbList\",\"@id\":\"https:\/\/dev6.erresse-shop.it\/es\/shop\/tabla\/tazas\/portmeirion-botanic-garden-set-6-tazas-cafe\/#breadcrumb\",\"itemListElement\":[{\"@type\":\"ListItem\",\"position\":1,\"name\":\"Home\",\"item\":\"https:\/\/dev6.erresse-shop.it\/\"},{\"@type\":\"ListItem\",\"position\":2,\"name\":\"Tienda\",\"item\":\"https:\/\/dev6.erresse-shop.it\/shop\/\"},{\"@type\":\"ListItem\",\"position\":3,\"name\":\"PORTMEIRION Botanic Garden Set 6 Tazas Caf\u00e9\"}]},{\"@type\":\"WebSite\",\"@id\":\"https:\/\/dev6.erresse-shop.it\/#website\",\"url\":\"https:\/\/dev6.erresse-shop.it\/\",\"name\":\"Erresse Shop\",\"description\":\"\",\"publisher\":{\"@id\":\"https:\/\/dev6.erresse-shop.it\/#organization\"},\"potentialAction\":[{\"@type\":\"SearchAction\",\"target\":{\"@type\":\"EntryPoint\",\"urlTemplate\":\"https:\/\/dev6.erresse-shop.it\/?s={search_term_string}\"},\"query-input\":{\"@type\":\"PropertyValueSpecification\",\"valueRequired\":true,\"valueName\":\"search_term_string\"}}],\"inLanguage\":\"es\"},{\"@type\":\"Organization\",\"@id\":\"https:\/\/dev6.erresse-shop.it\/#organization\",\"name\":\"Erresse Shop\",\"url\":\"https:\/\/dev6.erresse-shop.it\/\",\"logo\":{\"@type\":\"ImageObject\",\"inLanguage\":\"es\",\"@id\":\"https:\/\/dev6.erresse-shop.it\/#\/schema\/logo\/image\/\",\"url\":\"https:\/\/dev6.erresse-shop.it\/wp-content\/uploads\/2025\/01\/LOGO-ERRESSE-CLASSICO.svg\",\"contentUrl\":\"https:\/\/dev6.erresse-shop.it\/wp-content\/uploads\/2025\/01\/LOGO-ERRESSE-CLASSICO.svg\",\"caption\":\"Erresse Shop\"},\"image\":{\"@id\":\"https:\/\/dev6.erresse-shop.it\/#\/schema\/logo\/image\/\"}}]}<\/script>\n<!-- \/ Yoast SEO plugin. -->","yoast_head_json":{"title":"PORTMEIRION Botanic Garden Set 6 Tazas Caf\u00e9 - dev6 Erresse","description":"Un cl\u00e1sico atemporal, Botanic Garden es la colecci\u00f3n m\u00e1s reconocible de la cer\u00e1mica brit\u00e1nica. Los bellos motivos florales y las llamativas mariposas","robots":{"index":"noindex","follow":"follow","max-snippet":"max-snippet:-1","max-image-preview":"max-image-preview:large","max-video-preview":"max-video-preview:-1"},"og_locale":"es_ES","og_type":"article","og_title":"PORTMEIRION Botanic Garden Set 6 Tazas Caf\u00e9 - dev6 Erresse","og_description":"Un cl\u00e1sico atemporal, Botanic Garden es la colecci\u00f3n m\u00e1s reconocible de la cer\u00e1mica brit\u00e1nica. Los bellos motivos florales y las llamativas mariposas","og_url":"https:\/\/dev6.erresse-shop.it\/es\/shop\/tabla\/tazas\/portmeirion-botanic-garden-set-6-tazas-cafe\/","og_site_name":"dev6 Erresse","og_image":[{"url":"https:\/\/interpim.erresse-shop.it\/wp-content\/uploads\/2021\/06\/PORTMEIRION-Botanic-Garden-Tazze-Caff\u00e8-1.jpg\/portmeirion-botanic-garden-tazze-caff-c3-a8-1.jpg","type":"","width":"","height":""},{"url":"https:\/\/interpim.erresse-shop.it\/wp-content\/uploads\/2021\/06\/PORTMEIRION-Botanic-Garden-Tazze-Caff\u00e8-1.jpg\/portmeirion-botanic-garden-tazze-caff-c3-a8-1.jpg","width":1024,"height":1024,"type":"image\/jpeg"}],"twitter_card":"summary_large_image","twitter_image":"https:\/\/interpim.erresse-shop.it\/wp-content\/uploads\/2021\/06\/PORTMEIRION-Botanic-Garden-Tazze-Caff\u00e8-1.jpg\/portmeirion-botanic-garden-tazze-caff-c3-a8-1.jpg","schema":{"@context":"https:\/\/schema.org","@graph":[{"@type":"WebPage","@id":"https:\/\/dev6.erresse-shop.it\/es\/shop\/tabla\/tazas\/portmeirion-botanic-garden-set-6-tazas-cafe\/","url":"https:\/\/dev6.erresse-shop.it\/es\/shop\/tabla\/tazas\/portmeirion-botanic-garden-set-6-tazas-cafe\/","name":"PORTMEIRION Botanic Garden Set 6 Tazas Caf\u00e9 - dev6 Erresse","isPartOf":{"@id":"https:\/\/dev6.erresse-shop.it\/#website"},"primaryImageOfPage":{"@id":"https:\/\/dev6.erresse-shop.it\/es\/shop\/tabla\/tazas\/portmeirion-botanic-garden-set-6-tazas-cafe\/#primaryimage"},"image":{"@id":"https:\/\/dev6.erresse-shop.it\/es\/shop\/tabla\/tazas\/portmeirion-botanic-garden-set-6-tazas-cafe\/#primaryimage"},"thumbnailUrl":"https:\/\/i2.wp.com\/interpim.erresse-shop.it\/wp-content\/uploads\/2021\/06\/PORTMEIRION-Botanic-Garden-Tazze-Caff\u00e8-1.jpg\/portmeirion-botanic-garden-tazze-caff-c3-a8-1.jpg?ssl=1","datePublished":"2026-04-16T17:03:46+00:00","description":"Un cl\u00e1sico atemporal, Botanic Garden es la colecci\u00f3n m\u00e1s reconocible de la cer\u00e1mica brit\u00e1nica. Los bellos motivos florales y las llamativas mariposas","breadcrumb":{"@id":"https:\/\/dev6.erresse-shop.it\/es\/shop\/tabla\/tazas\/portmeirion-botanic-garden-set-6-tazas-cafe\/#breadcrumb"},"inLanguage":"es","potentialAction":[{"@type":"ReadAction","target":["https:\/\/dev6.erresse-shop.it\/es\/shop\/tabla\/tazas\/portmeirion-botanic-garden-set-6-tazas-cafe\/"]}]},{"@type":"ImageObject","inLanguage":"es","@id":"https:\/\/dev6.erresse-shop.it\/es\/shop\/tabla\/tazas\/portmeirion-botanic-garden-set-6-tazas-cafe\/#primaryimage","url":"https:\/\/i2.wp.com\/interpim.erresse-shop.it\/wp-content\/uploads\/2021\/06\/PORTMEIRION-Botanic-Garden-Tazze-Caff\u00e8-1.jpg\/portmeirion-botanic-garden-tazze-caff-c3-a8-1.jpg?ssl=1","contentUrl":"https:\/\/i2.wp.com\/interpim.erresse-shop.it\/wp-content\/uploads\/2021\/06\/PORTMEIRION-Botanic-Garden-Tazze-Caff\u00e8-1.jpg\/portmeirion-botanic-garden-tazze-caff-c3-a8-1.jpg?ssl=1"},{"@type":"BreadcrumbList","@id":"https:\/\/dev6.erresse-shop.it\/es\/shop\/tabla\/tazas\/portmeirion-botanic-garden-set-6-tazas-cafe\/#breadcrumb","itemListElement":[{"@type":"ListItem","position":1,"name":"Home","item":"https:\/\/dev6.erresse-shop.it\/"},{"@type":"ListItem","position":2,"name":"Tienda","item":"https:\/\/dev6.erresse-shop.it\/shop\/"},{"@type":"ListItem","position":3,"name":"PORTMEIRION Botanic Garden Set 6 Tazas Caf\u00e9"}]},{"@type":"WebSite","@id":"https:\/\/dev6.erresse-shop.it\/#website","url":"https:\/\/dev6.erresse-shop.it\/","name":"Erresse Shop","description":"","publisher":{"@id":"https:\/\/dev6.erresse-shop.it\/#organization"},"potentialAction":[{"@type":"SearchAction","target":{"@type":"EntryPoint","urlTemplate":"https:\/\/dev6.erresse-shop.it\/?s={search_term_string}"},"query-input":{"@type":"PropertyValueSpecification","valueRequired":true,"valueName":"search_term_string"}}],"inLanguage":"es"},{"@type":"Organization","@id":"https:\/\/dev6.erresse-shop.it\/#organization","name":"Erresse Shop","url":"https:\/\/dev6.erresse-shop.it\/","logo":{"@type":"ImageObject","inLanguage":"es","@id":"https:\/\/dev6.erresse-shop.it\/#\/schema\/logo\/image\/","url":"https:\/\/dev6.erresse-shop.it\/wp-content\/uploads\/2025\/01\/LOGO-ERRESSE-CLASSICO.svg","contentUrl":"https:\/\/dev6.erresse-shop.it\/wp-content\/uploads\/2025\/01\/LOGO-ERRESSE-CLASSICO.svg","caption":"Erresse Shop"},"image":{"@id":"https:\/\/dev6.erresse-shop.it\/#\/schema\/logo\/image\/"}}]}},"df_price":109.95,"df_sale_price":109.95,"df_regular_price":169.74,"df_image_link":"https:\/\/i2.wp.com\/interpim.erresse-shop.it\/wp-content\/uploads\/2021\/06\/PORTMEIRION-Botanic-Garden-Tazze-Caff\u00e8-1.jpg\/portmeirion-botanic-garden-tazze-caff-c3-a8-1.jpg?resize=300,300&ssl=1","fifu_image_url":"https:\/\/interpim.erresse-shop.it\/wp-content\/uploads\/2021\/06\/PORTMEIRION-Botanic-Garden-Tazze-Caff\u00e8-1.jpg\/portmeirion-botanic-garden-tazze-caff-c3-a8-1.jpg","_links":{"self":[{"href":"https:\/\/dev6.erresse-shop.it\/es\/wp-json\/wp\/v2\/product\/1877054","targetHints":{"allow":["GET"]}}],"collection":[{"href":"https:\/\/dev6.erresse-shop.it\/es\/wp-json\/wp\/v2\/product"}],"about":[{"href":"https:\/\/dev6.erresse-shop.it\/es\/wp-json\/wp\/v2\/types\/product"}],"wp:featuredmedia":[{"embeddable":true,"href":"https:\/\/dev6.erresse-shop.it\/es\/wp-json\/wp\/v2\/media\/6488936"}],"wp:attachment":[{"href":"https:\/\/dev6.erresse-shop.it\/es\/wp-json\/wp\/v2\/media?parent=1877054"}],"wp:term":[{"taxonomy":"product_cat","embeddable":true,"href":"https:\/\/dev6.erresse-shop.it\/es\/wp-json\/wp\/v2\/product_cat?post=1877054"},{"taxonomy":"product_tag","embeddable":true,"href":"https:\/\/dev6.erresse-shop.it\/es\/wp-json\/wp\/v2\/product_tag?post=1877054"}],"curies":[{"name":"wp","href":"https:\/\/api.w.org\/{rel}","templated":true}]}}