{"id":1877014,"date":"2026-04-16T19:02:45","date_gmt":"2026-04-16T17:02:45","guid":{"rendered":"https:\/\/dev6.erresse-shop.it\/shop\/sin%20categor\u00eda\/staub-cocotte-ovale-29-cm-cannella\/"},"modified":"2025-09-14T07:45:05","modified_gmt":"2025-09-14T05:45:05","slug":"staub-cocotte-ovale-29-cm-cannella","status":"publish","type":"product","link":"https:\/\/dev6.erresse-shop.it\/es\/shop\/sartenes-y-ollas\/marmitas-y-cocottes\/staub-cocotte-ovale-29-cm-cannella\/","title":{"rendered":"STAUB Cocotte Ovale 29 cm Cannella"},"content":{"rendered":"<p>La cocotte Staub \u00e8 realizzata in ghisa smaltata, un materiale che conduce il calore e lo distribuisce all\u2019interno del piatto. La ghisa smaltata \u00e8 ottima per gli stufati e intensifica il sapore naturale del cibo. Ecco perch\u00e9 le cocotte sono il tegame ideale per preparare le tue ricette preferite. Possono essere utilizzate per preparare arrosti, deliziosi rag\u00f9, involtini o piatti vegetariani come la ratatouille. \u00c8 possibile utilizzare una cocotte su un piano cottura a gas, elettrico o induzione oppure in forno. I due pratici manici la rendono facile da maneggiare, mentre il modello di colore cannella conferisce anche un tocco estetico alla tavola una volta terminata la cottura. La cocotte mantiene i pasti pi\u00f9 caldi pi\u00f9 a lungo. Con un diametro di 29 cm e una capacit\u00e0 di 4,2 L, la cocotte Staub pu\u00f2 essere utilizzata anche per cucinare porzioni pi\u00f9 grandi, ad esempio per una grande festa con tanti ospiti. Le Cocotte sono perfette per tutti coloro che hanno appena iniziato le loro avventure in cucina e per i cuochi dilettanti. Anche chef di fama internazionale si divertono a utilizzare pentole in ghisa per creare nuovi e sofisticati piatti. La cocotte rappresenta dunque una caratteristica essenziale in ogni cucina. Utilizzate questa funzionale cocotte Staub per deliziare la vostra famiglia e i vostri amici con una serie infinita di nuovi deliziosi piatti.<\/p>\n<p>\u2013 Ideale per sigillare e per cuocere lentamente arrosti e polli interi<br \/>\n\u2013 Per un risultato di cottura succoso e tenero grazie al coperchio<br \/>\n\u2013 La smaltatura interna nera opaca \u00e8 ideale per una rosolatura particolarmente croccante ed \u00e8 molto resistente<br \/>\n\u2013 Adatta a tutti i tipi di piano cottura, inclusa l\u2019induzione, pu\u00f2 essere messa anche nel forno\/grill<\/p>\n<p>Caratteristiche<br \/>\n\u2013 Resistenza al calore (\u00b0C): 240,00 \u00baC<br \/>\n\u2013 Materiale: ghisa<br \/>\n\u2013 Coperchio esistente: s\u00ec<br \/>\n\u2013 Induzione: S\u00ec<br \/>\n\u2013 Adatto al forno: S\u00ec<br \/>\n\u2013 Adatto al freezer: S\u00ec<br \/>\n\u2013 Adatto al piano cottura: S\u00ec<br \/>\n\u2013 Lavabile in lavastoviglie: S\u00ec<\/p>\n<p>Dimensione<br \/>\n\u2013 Peso netto: 5,54 kg<br \/>\n\u2013 Capacit\u00e0: 4,20 l<br \/>\n\u2013 Lunghezza del prodotto: 35,30 cm<br \/>\n\u2013 Larghezza del prodotto: 29,00 cm<br \/>\n\u2013 Altezza del prodotto: 15,50 cm<br \/>\n\u2013 Altezza senza coperchio: 10,70 cm<br \/>\n\u2013 Diametro superiore: 29,00 cm<br \/>\n\u2013 Diametro del fondo: 24,40 cm<\/p>\n","protected":false},"excerpt":{"rendered":"<p>La cocotte Staub \u00e8 realizzata in ghisa smaltata, un materiale che conduce il calore e lo distribuisce all\u2019interno del piatto. La ghisa smaltata \u00e8 ottima per gli stufati e intensifica il sapore naturale del cibo. Ecco perch\u00e9 le cocotte sono il tegame ideale per preparare le tue ricette preferite. Possono essere utilizzate per preparare arrosti, [&hellip;]<\/p>\n","protected":false},"featured_media":6488733,"template":"","meta":{"_acf_changed":false},"product_cat":[11892,11667,11883],"product_tag":[],"class_list":{"0":"post-1877014","1":"product","2":"type-product","3":"status-publish","4":"has-post-thumbnail","6":"product_cat-marmitas-y-cocottes","7":"product_cat-padelle-pentole","8":"product_cat-sartenes-y-ollas","10":"first","11":"outofstock","12":"sale","13":"taxable","14":"shipping-taxable","15":"purchasable","16":"product-type-simple","swatches":"rey-swatches","show_selected":"","stretch_labels":"rey-swatches--stretch-labels"},"acf":[],"yoast_head":"<!-- This site is optimized with the Yoast SEO plugin v25.4 - https:\/\/yoast.com\/wordpress\/plugins\/seo\/ -->\n<title>STAUB Cocotte Ovale 29 cm Cannella - dev6 Erresse<\/title>\n<meta name=\"description\" content=\"La cocotte Staub \u00e8 realizzata in ghisa smaltata, un materiale che conduce il calore e lo distribuisce all\u2019interno del piatto. La ghisa smaltata \u00e8 ottima\" \/>\n<meta name=\"robots\" content=\"noindex, follow, max-snippet:-1, max-image-preview:large, max-video-preview:-1\" \/>\n<meta property=\"og:locale\" content=\"es_ES\" \/>\n<meta property=\"og:type\" content=\"article\" \/>\n<meta property=\"og:title\" content=\"STAUB Cocotte Ovale 29 cm Cannella - dev6 Erresse\" \/>\n<meta property=\"og:description\" content=\"La cocotte Staub \u00e8 realizzata in ghisa smaltata, un materiale che conduce il calore e lo distribuisce all\u2019interno del piatto. La ghisa smaltata \u00e8 ottima\" \/>\n<meta property=\"og:url\" content=\"https:\/\/dev6.erresse-shop.it\/es\/shop\/sartenes-y-ollas\/marmitas-y-cocottes\/staub-cocotte-ovale-29-cm-cannella\/\" \/>\n<meta property=\"og:site_name\" content=\"dev6 Erresse\" \/>\n<meta property=\"og:image\" content=\"https:\/\/interpim.erresse-shop.it\/Import\/Prodotti\/cocotte-31cm-cannella-40511-300_1.jpg\" \/><meta property=\"og:image\" content=\"https:\/\/interpim.erresse-shop.it\/Import\/Prodotti\/cocotte-31cm-cannella-40511-300_1.jpg\" \/>\n\t<meta property=\"og:image:width\" content=\"1024\" \/>\n\t<meta property=\"og:image:height\" content=\"1024\" \/>\n\t<meta property=\"og:image:type\" content=\"image\/jpeg\" \/>\n<meta name=\"twitter:card\" content=\"summary_large_image\" \/>\n<meta name=\"twitter:image\" content=\"https:\/\/interpim.erresse-shop.it\/Import\/Prodotti\/cocotte-31cm-cannella-40511-300_1.jpg\" \/>\n<script type=\"application\/ld+json\" class=\"yoast-schema-graph\">{\"@context\":\"https:\/\/schema.org\",\"@graph\":[{\"@type\":\"WebPage\",\"@id\":\"https:\/\/dev6.erresse-shop.it\/es\/shop\/sartenes-y-ollas\/marmitas-y-cocottes\/staub-cocotte-ovale-29-cm-cannella\/\",\"url\":\"https:\/\/dev6.erresse-shop.it\/es\/shop\/sartenes-y-ollas\/marmitas-y-cocottes\/staub-cocotte-ovale-29-cm-cannella\/\",\"name\":\"STAUB Cocotte Ovale 29 cm Cannella - dev6 Erresse\",\"isPartOf\":{\"@id\":\"https:\/\/dev6.erresse-shop.it\/#website\"},\"primaryImageOfPage\":{\"@id\":\"https:\/\/dev6.erresse-shop.it\/es\/shop\/sartenes-y-ollas\/marmitas-y-cocottes\/staub-cocotte-ovale-29-cm-cannella\/#primaryimage\"},\"image\":{\"@id\":\"https:\/\/dev6.erresse-shop.it\/es\/shop\/sartenes-y-ollas\/marmitas-y-cocottes\/staub-cocotte-ovale-29-cm-cannella\/#primaryimage\"},\"thumbnailUrl\":\"https:\/\/i2.wp.com\/interpim.erresse-shop.it\/Import\/Prodotti\/cocotte-31cm-cannella-40511-300_1.jpg?ssl=1\",\"datePublished\":\"2026-04-16T17:02:45+00:00\",\"description\":\"La cocotte Staub \u00e8 realizzata in ghisa smaltata, un materiale che conduce il calore e lo distribuisce all\u2019interno del piatto. La ghisa smaltata \u00e8 ottima\",\"breadcrumb\":{\"@id\":\"https:\/\/dev6.erresse-shop.it\/es\/shop\/sartenes-y-ollas\/marmitas-y-cocottes\/staub-cocotte-ovale-29-cm-cannella\/#breadcrumb\"},\"inLanguage\":\"es\",\"potentialAction\":[{\"@type\":\"ReadAction\",\"target\":[\"https:\/\/dev6.erresse-shop.it\/es\/shop\/sartenes-y-ollas\/marmitas-y-cocottes\/staub-cocotte-ovale-29-cm-cannella\/\"]}]},{\"@type\":\"ImageObject\",\"inLanguage\":\"es\",\"@id\":\"https:\/\/dev6.erresse-shop.it\/es\/shop\/sartenes-y-ollas\/marmitas-y-cocottes\/staub-cocotte-ovale-29-cm-cannella\/#primaryimage\",\"url\":\"https:\/\/i2.wp.com\/interpim.erresse-shop.it\/Import\/Prodotti\/cocotte-31cm-cannella-40511-300_1.jpg?ssl=1\",\"contentUrl\":\"https:\/\/i2.wp.com\/interpim.erresse-shop.it\/Import\/Prodotti\/cocotte-31cm-cannella-40511-300_1.jpg?ssl=1\"},{\"@type\":\"BreadcrumbList\",\"@id\":\"https:\/\/dev6.erresse-shop.it\/es\/shop\/sartenes-y-ollas\/marmitas-y-cocottes\/staub-cocotte-ovale-29-cm-cannella\/#breadcrumb\",\"itemListElement\":[{\"@type\":\"ListItem\",\"position\":1,\"name\":\"Home\",\"item\":\"https:\/\/dev6.erresse-shop.it\/\"},{\"@type\":\"ListItem\",\"position\":2,\"name\":\"Tienda\",\"item\":\"https:\/\/dev6.erresse-shop.it\/shop\/\"},{\"@type\":\"ListItem\",\"position\":3,\"name\":\"STAUB Cocotte Ovale 29 cm Cannella\"}]},{\"@type\":\"WebSite\",\"@id\":\"https:\/\/dev6.erresse-shop.it\/#website\",\"url\":\"https:\/\/dev6.erresse-shop.it\/\",\"name\":\"Erresse Shop\",\"description\":\"\",\"publisher\":{\"@id\":\"https:\/\/dev6.erresse-shop.it\/#organization\"},\"potentialAction\":[{\"@type\":\"SearchAction\",\"target\":{\"@type\":\"EntryPoint\",\"urlTemplate\":\"https:\/\/dev6.erresse-shop.it\/?s={search_term_string}\"},\"query-input\":{\"@type\":\"PropertyValueSpecification\",\"valueRequired\":true,\"valueName\":\"search_term_string\"}}],\"inLanguage\":\"es\"},{\"@type\":\"Organization\",\"@id\":\"https:\/\/dev6.erresse-shop.it\/#organization\",\"name\":\"Erresse Shop\",\"url\":\"https:\/\/dev6.erresse-shop.it\/\",\"logo\":{\"@type\":\"ImageObject\",\"inLanguage\":\"es\",\"@id\":\"https:\/\/dev6.erresse-shop.it\/#\/schema\/logo\/image\/\",\"url\":\"https:\/\/dev6.erresse-shop.it\/wp-content\/uploads\/2025\/01\/LOGO-ERRESSE-CLASSICO.svg\",\"contentUrl\":\"https:\/\/dev6.erresse-shop.it\/wp-content\/uploads\/2025\/01\/LOGO-ERRESSE-CLASSICO.svg\",\"caption\":\"Erresse Shop\"},\"image\":{\"@id\":\"https:\/\/dev6.erresse-shop.it\/#\/schema\/logo\/image\/\"}}]}<\/script>\n<!-- \/ Yoast SEO plugin. -->","yoast_head_json":{"title":"STAUB Cocotte Ovale 29 cm Cannella - dev6 Erresse","description":"La cocotte Staub \u00e8 realizzata in ghisa smaltata, un materiale che conduce il calore e lo distribuisce all\u2019interno del piatto. La ghisa smaltata \u00e8 ottima","robots":{"index":"noindex","follow":"follow","max-snippet":"max-snippet:-1","max-image-preview":"max-image-preview:large","max-video-preview":"max-video-preview:-1"},"og_locale":"es_ES","og_type":"article","og_title":"STAUB Cocotte Ovale 29 cm Cannella - dev6 Erresse","og_description":"La cocotte Staub \u00e8 realizzata in ghisa smaltata, un materiale che conduce il calore e lo distribuisce all\u2019interno del piatto. La ghisa smaltata \u00e8 ottima","og_url":"https:\/\/dev6.erresse-shop.it\/es\/shop\/sartenes-y-ollas\/marmitas-y-cocottes\/staub-cocotte-ovale-29-cm-cannella\/","og_site_name":"dev6 Erresse","og_image":[{"url":"https:\/\/interpim.erresse-shop.it\/Import\/Prodotti\/cocotte-31cm-cannella-40511-300_1.jpg","type":"","width":"","height":""},{"url":"https:\/\/interpim.erresse-shop.it\/Import\/Prodotti\/cocotte-31cm-cannella-40511-300_1.jpg","width":1024,"height":1024,"type":"image\/jpeg"}],"twitter_card":"summary_large_image","twitter_image":"https:\/\/interpim.erresse-shop.it\/Import\/Prodotti\/cocotte-31cm-cannella-40511-300_1.jpg","schema":{"@context":"https:\/\/schema.org","@graph":[{"@type":"WebPage","@id":"https:\/\/dev6.erresse-shop.it\/es\/shop\/sartenes-y-ollas\/marmitas-y-cocottes\/staub-cocotte-ovale-29-cm-cannella\/","url":"https:\/\/dev6.erresse-shop.it\/es\/shop\/sartenes-y-ollas\/marmitas-y-cocottes\/staub-cocotte-ovale-29-cm-cannella\/","name":"STAUB Cocotte Ovale 29 cm Cannella - dev6 Erresse","isPartOf":{"@id":"https:\/\/dev6.erresse-shop.it\/#website"},"primaryImageOfPage":{"@id":"https:\/\/dev6.erresse-shop.it\/es\/shop\/sartenes-y-ollas\/marmitas-y-cocottes\/staub-cocotte-ovale-29-cm-cannella\/#primaryimage"},"image":{"@id":"https:\/\/dev6.erresse-shop.it\/es\/shop\/sartenes-y-ollas\/marmitas-y-cocottes\/staub-cocotte-ovale-29-cm-cannella\/#primaryimage"},"thumbnailUrl":"https:\/\/i2.wp.com\/interpim.erresse-shop.it\/Import\/Prodotti\/cocotte-31cm-cannella-40511-300_1.jpg?ssl=1","datePublished":"2026-04-16T17:02:45+00:00","description":"La cocotte Staub \u00e8 realizzata in ghisa smaltata, un materiale che conduce il calore e lo distribuisce all\u2019interno del piatto. La ghisa smaltata \u00e8 ottima","breadcrumb":{"@id":"https:\/\/dev6.erresse-shop.it\/es\/shop\/sartenes-y-ollas\/marmitas-y-cocottes\/staub-cocotte-ovale-29-cm-cannella\/#breadcrumb"},"inLanguage":"es","potentialAction":[{"@type":"ReadAction","target":["https:\/\/dev6.erresse-shop.it\/es\/shop\/sartenes-y-ollas\/marmitas-y-cocottes\/staub-cocotte-ovale-29-cm-cannella\/"]}]},{"@type":"ImageObject","inLanguage":"es","@id":"https:\/\/dev6.erresse-shop.it\/es\/shop\/sartenes-y-ollas\/marmitas-y-cocottes\/staub-cocotte-ovale-29-cm-cannella\/#primaryimage","url":"https:\/\/i2.wp.com\/interpim.erresse-shop.it\/Import\/Prodotti\/cocotte-31cm-cannella-40511-300_1.jpg?ssl=1","contentUrl":"https:\/\/i2.wp.com\/interpim.erresse-shop.it\/Import\/Prodotti\/cocotte-31cm-cannella-40511-300_1.jpg?ssl=1"},{"@type":"BreadcrumbList","@id":"https:\/\/dev6.erresse-shop.it\/es\/shop\/sartenes-y-ollas\/marmitas-y-cocottes\/staub-cocotte-ovale-29-cm-cannella\/#breadcrumb","itemListElement":[{"@type":"ListItem","position":1,"name":"Home","item":"https:\/\/dev6.erresse-shop.it\/"},{"@type":"ListItem","position":2,"name":"Tienda","item":"https:\/\/dev6.erresse-shop.it\/shop\/"},{"@type":"ListItem","position":3,"name":"STAUB Cocotte Ovale 29 cm Cannella"}]},{"@type":"WebSite","@id":"https:\/\/dev6.erresse-shop.it\/#website","url":"https:\/\/dev6.erresse-shop.it\/","name":"Erresse Shop","description":"","publisher":{"@id":"https:\/\/dev6.erresse-shop.it\/#organization"},"potentialAction":[{"@type":"SearchAction","target":{"@type":"EntryPoint","urlTemplate":"https:\/\/dev6.erresse-shop.it\/?s={search_term_string}"},"query-input":{"@type":"PropertyValueSpecification","valueRequired":true,"valueName":"search_term_string"}}],"inLanguage":"es"},{"@type":"Organization","@id":"https:\/\/dev6.erresse-shop.it\/#organization","name":"Erresse Shop","url":"https:\/\/dev6.erresse-shop.it\/","logo":{"@type":"ImageObject","inLanguage":"es","@id":"https:\/\/dev6.erresse-shop.it\/#\/schema\/logo\/image\/","url":"https:\/\/dev6.erresse-shop.it\/wp-content\/uploads\/2025\/01\/LOGO-ERRESSE-CLASSICO.svg","contentUrl":"https:\/\/dev6.erresse-shop.it\/wp-content\/uploads\/2025\/01\/LOGO-ERRESSE-CLASSICO.svg","caption":"Erresse Shop"},"image":{"@id":"https:\/\/dev6.erresse-shop.it\/#\/schema\/logo\/image\/"}}]}},"df_price":209.95,"df_sale_price":209.95,"df_regular_price":339,"df_image_link":"https:\/\/i2.wp.com\/interpim.erresse-shop.it\/Import\/Prodotti\/cocotte-31cm-cannella-40511-300_1.jpg?resize=300,300&ssl=1","fifu_image_url":"https:\/\/interpim.erresse-shop.it\/Import\/Prodotti\/cocotte-31cm-cannella-40511-300_1.jpg","_links":{"self":[{"href":"https:\/\/dev6.erresse-shop.it\/es\/wp-json\/wp\/v2\/product\/1877014","targetHints":{"allow":["GET"]}}],"collection":[{"href":"https:\/\/dev6.erresse-shop.it\/es\/wp-json\/wp\/v2\/product"}],"about":[{"href":"https:\/\/dev6.erresse-shop.it\/es\/wp-json\/wp\/v2\/types\/product"}],"wp:featuredmedia":[{"embeddable":true,"href":"https:\/\/dev6.erresse-shop.it\/es\/wp-json\/wp\/v2\/media\/6488733"}],"wp:attachment":[{"href":"https:\/\/dev6.erresse-shop.it\/es\/wp-json\/wp\/v2\/media?parent=1877014"}],"wp:term":[{"taxonomy":"product_cat","embeddable":true,"href":"https:\/\/dev6.erresse-shop.it\/es\/wp-json\/wp\/v2\/product_cat?post=1877014"},{"taxonomy":"product_tag","embeddable":true,"href":"https:\/\/dev6.erresse-shop.it\/es\/wp-json\/wp\/v2\/product_tag?post=1877014"}],"curies":[{"name":"wp","href":"https:\/\/api.w.org\/{rel}","templated":true}]}}