{"id":1877006,"date":"2026-04-16T19:02:45","date_gmt":"2026-04-16T17:02:45","guid":{"rendered":"https:\/\/dev6.erresse-shop.it\/shop\/sin%20categor\u00eda\/portmeirion-pomona-ensaladera-25-cm\/"},"modified":"2026-01-09T02:17:40","modified_gmt":"2026-01-09T01:17:40","slug":"portmeirion-pomona-ensaladera-25-cm","status":"publish","type":"product","link":"https:\/\/dev6.erresse-shop.it\/es\/shop\/tabla\/ensaladeras-y-soperas\/portmeirion-pomona-ensaladera-25-cm\/","title":{"rendered":"PORTMEIRION Pomona Ensaladera 25 cm"},"content":{"rendered":"<p>Con sus representaciones de frutas, Pomona es una vajilla de estilo cl\u00e1sico que lleva la naturaleza al coraz\u00f3n del hogar. Con el nombre de la antigua diosa romana de la fruta, cada pieza de Pomona est\u00e1 decorada con una de las seis deliciosas frutas extra\u00eddas de libros coloreados a mano de la d\u00e9cada de 1830. Este producto se dise\u00f1\u00f3 en los estudios de Stoke on Trent, Inglaterra.<\/p>\n<p>Portmeirion fue fundada en 1960 por la legendaria dise\u00f1adora de cer\u00e1mica Susan Williams-Ellis y su marido Euan Cooper-Willis.<br \/>\nCon casi cincuenta a\u00f1os de creatividad, la contribuci\u00f3n de Susan Williams Ellis al estilo de dise\u00f1o brit\u00e1nico, a Portmeirion Potteries y a la industria cer\u00e1mica brit\u00e1nica ha sido inconmensurable y la sit\u00faa firmemente en la compa\u00f1\u00eda de un peque\u00f1o grupo de grandes y c\u00e9lebres dise\u00f1adores de cer\u00e1mica del siglo XX. Su filosof\u00eda de que las vajillas deben ser bellas y pr\u00e1cticas a la vez seguir\u00e1 impregnando los valores de dise\u00f1o de Portmeirion y determinar\u00e1 el \u00e9xito de la empresa que ella cre\u00f3.<\/p>\n<p>Apto para el lavavajillas, el congelador, el microondas y el horno hasta 170\u00b0C.<\/p>\n","protected":false},"excerpt":{"rendered":"<p>Con sus representaciones de frutas, Pomona es una vajilla de estilo cl\u00e1sico que lleva la naturaleza al coraz\u00f3n del hogar. Con el nombre de la antigua diosa romana de la fruta, cada pieza de Pomona est\u00e1 decorada con una de las seis deliciosas frutas extra\u00eddas de libros coloreados a mano de la d\u00e9cada de 1830. [&hellip;]<\/p>\n","protected":false},"featured_media":6488689,"template":"","meta":{"_acf_changed":false},"product_cat":[11908,11887,11671],"product_tag":[],"class_list":{"0":"post-1877006","1":"product","2":"type-product","3":"status-publish","4":"has-post-thumbnail","6":"product_cat-ensaladeras-y-soperas","7":"product_cat-tabla","8":"product_cat-tavola","10":"first","11":"outofstock","12":"sale","13":"taxable","14":"shipping-taxable","15":"purchasable","16":"product-type-simple","swatches":"rey-swatches","show_selected":"","stretch_labels":"rey-swatches--stretch-labels"},"acf":[],"yoast_head":"<!-- This site is optimized with the Yoast SEO plugin v25.4 - https:\/\/yoast.com\/wordpress\/plugins\/seo\/ -->\n<title>PORTMEIRION Pomona Ensaladera 25 cm - dev6 Erresse<\/title>\n<meta name=\"description\" content=\"Con sus representaciones de frutas, Pomona es una vajilla de estilo cl\u00e1sico que lleva la naturaleza al coraz\u00f3n del hogar. Con el nombre de la antigua\" \/>\n<meta name=\"robots\" content=\"noindex, follow, max-snippet:-1, max-image-preview:large, max-video-preview:-1\" \/>\n<meta property=\"og:locale\" content=\"es_ES\" \/>\n<meta property=\"og:type\" content=\"article\" \/>\n<meta property=\"og:title\" content=\"PORTMEIRION Pomona Ensaladera 25 cm - dev6 Erresse\" \/>\n<meta property=\"og:description\" content=\"Con sus representaciones de frutas, Pomona es una vajilla de estilo cl\u00e1sico que lleva la naturaleza al coraz\u00f3n del hogar. Con el nombre de la antigua\" \/>\n<meta property=\"og:url\" content=\"https:\/\/dev6.erresse-shop.it\/es\/shop\/tabla\/ensaladeras-y-soperas\/portmeirion-pomona-ensaladera-25-cm\/\" \/>\n<meta property=\"og:site_name\" content=\"dev6 Erresse\" \/>\n<meta property=\"og:image\" content=\"https:\/\/interpim.erresse-shop.it\/img-catalogo\/portmeirion\/portmeirion-pomona-insalatiera-25-cm.jpg\" \/><meta property=\"og:image\" content=\"https:\/\/interpim.erresse-shop.it\/img-catalogo\/portmeirion\/portmeirion-pomona-insalatiera-25-cm.jpg\" \/>\n\t<meta property=\"og:image:width\" content=\"1024\" \/>\n\t<meta property=\"og:image:height\" content=\"1024\" \/>\n\t<meta property=\"og:image:type\" content=\"image\/jpeg\" \/>\n<meta name=\"twitter:card\" content=\"summary_large_image\" \/>\n<meta name=\"twitter:image\" content=\"https:\/\/interpim.erresse-shop.it\/img-catalogo\/portmeirion\/portmeirion-pomona-insalatiera-25-cm.jpg\" \/>\n<script type=\"application\/ld+json\" class=\"yoast-schema-graph\">{\"@context\":\"https:\/\/schema.org\",\"@graph\":[{\"@type\":\"WebPage\",\"@id\":\"https:\/\/dev6.erresse-shop.it\/es\/shop\/tabla\/ensaladeras-y-soperas\/portmeirion-pomona-ensaladera-25-cm\/\",\"url\":\"https:\/\/dev6.erresse-shop.it\/es\/shop\/tabla\/ensaladeras-y-soperas\/portmeirion-pomona-ensaladera-25-cm\/\",\"name\":\"PORTMEIRION Pomona Ensaladera 25 cm - dev6 Erresse\",\"isPartOf\":{\"@id\":\"https:\/\/dev6.erresse-shop.it\/#website\"},\"primaryImageOfPage\":{\"@id\":\"https:\/\/dev6.erresse-shop.it\/es\/shop\/tabla\/ensaladeras-y-soperas\/portmeirion-pomona-ensaladera-25-cm\/#primaryimage\"},\"image\":{\"@id\":\"https:\/\/dev6.erresse-shop.it\/es\/shop\/tabla\/ensaladeras-y-soperas\/portmeirion-pomona-ensaladera-25-cm\/#primaryimage\"},\"thumbnailUrl\":\"https:\/\/i1.wp.com\/interpim.erresse-shop.it\/img-catalogo\/portmeirion\/portmeirion-pomona-insalatiera-25-cm.jpg?ssl=1\",\"datePublished\":\"2026-04-16T17:02:45+00:00\",\"description\":\"Con sus representaciones de frutas, Pomona es una vajilla de estilo cl\u00e1sico que lleva la naturaleza al coraz\u00f3n del hogar. Con el nombre de la antigua\",\"breadcrumb\":{\"@id\":\"https:\/\/dev6.erresse-shop.it\/es\/shop\/tabla\/ensaladeras-y-soperas\/portmeirion-pomona-ensaladera-25-cm\/#breadcrumb\"},\"inLanguage\":\"es\",\"potentialAction\":[{\"@type\":\"ReadAction\",\"target\":[\"https:\/\/dev6.erresse-shop.it\/es\/shop\/tabla\/ensaladeras-y-soperas\/portmeirion-pomona-ensaladera-25-cm\/\"]}]},{\"@type\":\"ImageObject\",\"inLanguage\":\"es\",\"@id\":\"https:\/\/dev6.erresse-shop.it\/es\/shop\/tabla\/ensaladeras-y-soperas\/portmeirion-pomona-ensaladera-25-cm\/#primaryimage\",\"url\":\"https:\/\/i1.wp.com\/interpim.erresse-shop.it\/img-catalogo\/portmeirion\/portmeirion-pomona-insalatiera-25-cm.jpg?ssl=1\",\"contentUrl\":\"https:\/\/i1.wp.com\/interpim.erresse-shop.it\/img-catalogo\/portmeirion\/portmeirion-pomona-insalatiera-25-cm.jpg?ssl=1\"},{\"@type\":\"BreadcrumbList\",\"@id\":\"https:\/\/dev6.erresse-shop.it\/es\/shop\/tabla\/ensaladeras-y-soperas\/portmeirion-pomona-ensaladera-25-cm\/#breadcrumb\",\"itemListElement\":[{\"@type\":\"ListItem\",\"position\":1,\"name\":\"Home\",\"item\":\"https:\/\/dev6.erresse-shop.it\/\"},{\"@type\":\"ListItem\",\"position\":2,\"name\":\"Tienda\",\"item\":\"https:\/\/dev6.erresse-shop.it\/shop\/\"},{\"@type\":\"ListItem\",\"position\":3,\"name\":\"PORTMEIRION Pomona Ensaladera 25 cm\"}]},{\"@type\":\"WebSite\",\"@id\":\"https:\/\/dev6.erresse-shop.it\/#website\",\"url\":\"https:\/\/dev6.erresse-shop.it\/\",\"name\":\"Erresse Shop\",\"description\":\"\",\"publisher\":{\"@id\":\"https:\/\/dev6.erresse-shop.it\/#organization\"},\"potentialAction\":[{\"@type\":\"SearchAction\",\"target\":{\"@type\":\"EntryPoint\",\"urlTemplate\":\"https:\/\/dev6.erresse-shop.it\/?s={search_term_string}\"},\"query-input\":{\"@type\":\"PropertyValueSpecification\",\"valueRequired\":true,\"valueName\":\"search_term_string\"}}],\"inLanguage\":\"es\"},{\"@type\":\"Organization\",\"@id\":\"https:\/\/dev6.erresse-shop.it\/#organization\",\"name\":\"Erresse Shop\",\"url\":\"https:\/\/dev6.erresse-shop.it\/\",\"logo\":{\"@type\":\"ImageObject\",\"inLanguage\":\"es\",\"@id\":\"https:\/\/dev6.erresse-shop.it\/#\/schema\/logo\/image\/\",\"url\":\"https:\/\/dev6.erresse-shop.it\/wp-content\/uploads\/2025\/01\/LOGO-ERRESSE-CLASSICO.svg\",\"contentUrl\":\"https:\/\/dev6.erresse-shop.it\/wp-content\/uploads\/2025\/01\/LOGO-ERRESSE-CLASSICO.svg\",\"caption\":\"Erresse Shop\"},\"image\":{\"@id\":\"https:\/\/dev6.erresse-shop.it\/#\/schema\/logo\/image\/\"}}]}<\/script>\n<!-- \/ Yoast SEO plugin. -->","yoast_head_json":{"title":"PORTMEIRION Pomona Ensaladera 25 cm - dev6 Erresse","description":"Con sus representaciones de frutas, Pomona es una vajilla de estilo cl\u00e1sico que lleva la naturaleza al coraz\u00f3n del hogar. Con el nombre de la antigua","robots":{"index":"noindex","follow":"follow","max-snippet":"max-snippet:-1","max-image-preview":"max-image-preview:large","max-video-preview":"max-video-preview:-1"},"og_locale":"es_ES","og_type":"article","og_title":"PORTMEIRION Pomona Ensaladera 25 cm - dev6 Erresse","og_description":"Con sus representaciones de frutas, Pomona es una vajilla de estilo cl\u00e1sico que lleva la naturaleza al coraz\u00f3n del hogar. Con el nombre de la antigua","og_url":"https:\/\/dev6.erresse-shop.it\/es\/shop\/tabla\/ensaladeras-y-soperas\/portmeirion-pomona-ensaladera-25-cm\/","og_site_name":"dev6 Erresse","og_image":[{"url":"https:\/\/interpim.erresse-shop.it\/img-catalogo\/portmeirion\/portmeirion-pomona-insalatiera-25-cm.jpg","type":"","width":"","height":""},{"url":"https:\/\/interpim.erresse-shop.it\/img-catalogo\/portmeirion\/portmeirion-pomona-insalatiera-25-cm.jpg","width":1024,"height":1024,"type":"image\/jpeg"}],"twitter_card":"summary_large_image","twitter_image":"https:\/\/interpim.erresse-shop.it\/img-catalogo\/portmeirion\/portmeirion-pomona-insalatiera-25-cm.jpg","schema":{"@context":"https:\/\/schema.org","@graph":[{"@type":"WebPage","@id":"https:\/\/dev6.erresse-shop.it\/es\/shop\/tabla\/ensaladeras-y-soperas\/portmeirion-pomona-ensaladera-25-cm\/","url":"https:\/\/dev6.erresse-shop.it\/es\/shop\/tabla\/ensaladeras-y-soperas\/portmeirion-pomona-ensaladera-25-cm\/","name":"PORTMEIRION Pomona Ensaladera 25 cm - dev6 Erresse","isPartOf":{"@id":"https:\/\/dev6.erresse-shop.it\/#website"},"primaryImageOfPage":{"@id":"https:\/\/dev6.erresse-shop.it\/es\/shop\/tabla\/ensaladeras-y-soperas\/portmeirion-pomona-ensaladera-25-cm\/#primaryimage"},"image":{"@id":"https:\/\/dev6.erresse-shop.it\/es\/shop\/tabla\/ensaladeras-y-soperas\/portmeirion-pomona-ensaladera-25-cm\/#primaryimage"},"thumbnailUrl":"https:\/\/i1.wp.com\/interpim.erresse-shop.it\/img-catalogo\/portmeirion\/portmeirion-pomona-insalatiera-25-cm.jpg?ssl=1","datePublished":"2026-04-16T17:02:45+00:00","description":"Con sus representaciones de frutas, Pomona es una vajilla de estilo cl\u00e1sico que lleva la naturaleza al coraz\u00f3n del hogar. Con el nombre de la antigua","breadcrumb":{"@id":"https:\/\/dev6.erresse-shop.it\/es\/shop\/tabla\/ensaladeras-y-soperas\/portmeirion-pomona-ensaladera-25-cm\/#breadcrumb"},"inLanguage":"es","potentialAction":[{"@type":"ReadAction","target":["https:\/\/dev6.erresse-shop.it\/es\/shop\/tabla\/ensaladeras-y-soperas\/portmeirion-pomona-ensaladera-25-cm\/"]}]},{"@type":"ImageObject","inLanguage":"es","@id":"https:\/\/dev6.erresse-shop.it\/es\/shop\/tabla\/ensaladeras-y-soperas\/portmeirion-pomona-ensaladera-25-cm\/#primaryimage","url":"https:\/\/i1.wp.com\/interpim.erresse-shop.it\/img-catalogo\/portmeirion\/portmeirion-pomona-insalatiera-25-cm.jpg?ssl=1","contentUrl":"https:\/\/i1.wp.com\/interpim.erresse-shop.it\/img-catalogo\/portmeirion\/portmeirion-pomona-insalatiera-25-cm.jpg?ssl=1"},{"@type":"BreadcrumbList","@id":"https:\/\/dev6.erresse-shop.it\/es\/shop\/tabla\/ensaladeras-y-soperas\/portmeirion-pomona-ensaladera-25-cm\/#breadcrumb","itemListElement":[{"@type":"ListItem","position":1,"name":"Home","item":"https:\/\/dev6.erresse-shop.it\/"},{"@type":"ListItem","position":2,"name":"Tienda","item":"https:\/\/dev6.erresse-shop.it\/shop\/"},{"@type":"ListItem","position":3,"name":"PORTMEIRION Pomona Ensaladera 25 cm"}]},{"@type":"WebSite","@id":"https:\/\/dev6.erresse-shop.it\/#website","url":"https:\/\/dev6.erresse-shop.it\/","name":"Erresse Shop","description":"","publisher":{"@id":"https:\/\/dev6.erresse-shop.it\/#organization"},"potentialAction":[{"@type":"SearchAction","target":{"@type":"EntryPoint","urlTemplate":"https:\/\/dev6.erresse-shop.it\/?s={search_term_string}"},"query-input":{"@type":"PropertyValueSpecification","valueRequired":true,"valueName":"search_term_string"}}],"inLanguage":"es"},{"@type":"Organization","@id":"https:\/\/dev6.erresse-shop.it\/#organization","name":"Erresse Shop","url":"https:\/\/dev6.erresse-shop.it\/","logo":{"@type":"ImageObject","inLanguage":"es","@id":"https:\/\/dev6.erresse-shop.it\/#\/schema\/logo\/image\/","url":"https:\/\/dev6.erresse-shop.it\/wp-content\/uploads\/2025\/01\/LOGO-ERRESSE-CLASSICO.svg","contentUrl":"https:\/\/dev6.erresse-shop.it\/wp-content\/uploads\/2025\/01\/LOGO-ERRESSE-CLASSICO.svg","caption":"Erresse Shop"},"image":{"@id":"https:\/\/dev6.erresse-shop.it\/#\/schema\/logo\/image\/"}}]}},"df_price":76.9,"df_sale_price":76.9,"df_regular_price":111.78,"df_image_link":"https:\/\/i1.wp.com\/interpim.erresse-shop.it\/img-catalogo\/portmeirion\/portmeirion-pomona-insalatiera-25-cm.jpg?resize=300,300&ssl=1","fifu_image_url":"https:\/\/interpim.erresse-shop.it\/img-catalogo\/portmeirion\/portmeirion-pomona-insalatiera-25-cm.jpg","_links":{"self":[{"href":"https:\/\/dev6.erresse-shop.it\/es\/wp-json\/wp\/v2\/product\/1877006","targetHints":{"allow":["GET"]}}],"collection":[{"href":"https:\/\/dev6.erresse-shop.it\/es\/wp-json\/wp\/v2\/product"}],"about":[{"href":"https:\/\/dev6.erresse-shop.it\/es\/wp-json\/wp\/v2\/types\/product"}],"wp:featuredmedia":[{"embeddable":true,"href":"https:\/\/dev6.erresse-shop.it\/es\/wp-json\/wp\/v2\/media\/6488689"}],"wp:attachment":[{"href":"https:\/\/dev6.erresse-shop.it\/es\/wp-json\/wp\/v2\/media?parent=1877006"}],"wp:term":[{"taxonomy":"product_cat","embeddable":true,"href":"https:\/\/dev6.erresse-shop.it\/es\/wp-json\/wp\/v2\/product_cat?post=1877006"},{"taxonomy":"product_tag","embeddable":true,"href":"https:\/\/dev6.erresse-shop.it\/es\/wp-json\/wp\/v2\/product_tag?post=1877006"}],"curies":[{"name":"wp","href":"https:\/\/api.w.org\/{rel}","templated":true}]}}