{"id":1876994,"date":"2026-04-04T08:27:06","date_gmt":"2026-04-04T06:27:06","guid":{"rendered":"https:\/\/dev6.erresse-shop.it\/shop\/sin%20categor\u00eda\/vulcanus-grill-pro910-camp\/"},"modified":"2025-07-04T21:24:05","modified_gmt":"2025-07-04T19:24:05","slug":"vulcanus-grill-pro910-camp","status":"publish","type":"product","link":"https:\/\/dev6.erresse-shop.it\/es\/shop\/pequenos-electrodomesticos\/parrillas-y-barbacoas\/vulcanus-grill-pro910-camp\/","title":{"rendered":"VULCANUS Grill Pro910 Camp"},"content":{"rendered":"<p>EL PRECIO INCLUYE EL ENV\u00cdO EN PALETAS.<br \/>\nEL PRODUCTO SE VENDE S\u00d3LO EN ITALIA (para el resto de pa\u00edses, contactar con info&#64;erresse-shop.it).<\/p>\n<p>Re\u00fane a la familia en torno a este fog\u00f3n, para sentarse y asar c\u00f3modamente. El modelo cl\u00e1sico VULCANUS Pro910 (superficie de cocci\u00f3n de 91 x 91 cm) tiene una base rebajada dise\u00f1ada para este fin, y tambi\u00e9n es adecuado para lugares p\u00fablicos y campings.<\/p>\n<p>La barbacoa Vulcanus Pro910 Camp tiene un dise\u00f1o patentado y est\u00e1 fabricada con una aleaci\u00f3n met\u00e1lica COR-TEN. Gracias a este material, es resistente a los agentes atmosf\u00e9ricos y, para un mayor confort, el brasero lleva integrada una placa de acumulaci\u00f3n de calor, gracias a la cual habr\u00e1 una mejor circulaci\u00f3n del aire caliente, un calor m\u00e1s homog\u00e9neo y un importante ahorro de le\u00f1a.<br \/>\nLa superficie de cocci\u00f3n cuadrada es hasta 1\/3 m\u00e1s grande que la redonda. La propia placa de cocci\u00f3n est\u00e1 dividida en dos zonas de cocci\u00f3n, lo que permite asar carne y preparar verduras al mismo tiempo.<\/p>\n<p>Placa de cocci\u00f3n de 12 mm de espesor con certificaci\u00f3n alimentaria de la UE.<br \/>\nSistema de goteo de grasa y escoria para una cocci\u00f3n sana y sin carcin\u00f3genos. Sistema sencillo de recogida de cenizas.<\/p>\n<p>\u00bfQu\u00e9 variedades de madera puedo utilizar en el Vulcanus?<br \/>\nTodos los tipos de madera dura son adecuados, siempre que tengan un contenido de humedad residual inferior al 20%. Por lo tanto, la madera debe estar bastante seca. La madera h\u00fameda libera humo y alquitr\u00e1n durante la combusti\u00f3n, lo que aumenta el consumo y disminuye el poder calor\u00edfico. Recomendamos madera seca con un corte de 33 cm, que puedes conseguir en cualquier tienda de bricolaje. Tambi\u00e9n puedes utilizar carb\u00f3n vegetal.<\/p>\n<p>Design, functionality and quality<br \/>\nBecome the grill king<br \/>\nVulcanus grill production<br \/>\nVulcanus grill technology<\/p>\n<p>Garant\u00eda: 5 a\u00f1os<br \/>\nMaterial: acero Cor-Ten italiano (cuerpo) y acero para calderas (placa)<br \/>\nAcabado: P\u00e1tina, aceite<\/p>\n","protected":false},"excerpt":{"rendered":"<p>EL PRECIO INCLUYE EL ENV\u00cdO EN PALETAS. EL PRODUCTO SE VENDE S\u00d3LO EN ITALIA (para el resto de pa\u00edses, contactar con info&#64;erresse-shop.it). Re\u00fane a la familia en torno a este fog\u00f3n, para sentarse y asar c\u00f3modamente. El modelo cl\u00e1sico VULCANUS Pro910 (superficie de cocci\u00f3n de 91 x 91 cm) tiene una base rebajada dise\u00f1ada para [&hellip;]<\/p>\n","protected":false},"featured_media":6266186,"template":"","meta":{"_acf_changed":false},"product_cat":[11763,11979,11947],"product_tag":[],"class_list":{"0":"post-1876994","1":"product","2":"type-product","3":"status-publish","4":"has-post-thumbnail","6":"product_cat-grill-barbecue","7":"product_cat-parrillas-y-barbacoas","8":"product_cat-pequenos-electrodomesticos","10":"first","11":"outofstock","12":"taxable","13":"shipping-taxable","14":"product-type-simple","swatches":"rey-swatches","show_selected":"","stretch_labels":"rey-swatches--stretch-labels"},"acf":[],"yoast_head":"<!-- This site is optimized with the Yoast SEO plugin v25.4 - https:\/\/yoast.com\/wordpress\/plugins\/seo\/ -->\n<title>VULCANUS Grill Pro910 Camp - dev6 Erresse<\/title>\n<meta name=\"description\" content=\"EL PRECIO INCLUYE EL ENV\u00cdO EN PALETAS. EL PRODUCTO SE VENDE S\u00d3LO EN ITALIA (para el resto de pa\u00edses, contactar con info&#064;erresse-shop.it). Re\u00fane a la\" \/>\n<meta name=\"robots\" content=\"noindex, follow, max-snippet:-1, max-image-preview:large, max-video-preview:-1\" \/>\n<meta property=\"og:locale\" content=\"es_ES\" \/>\n<meta property=\"og:type\" content=\"article\" \/>\n<meta property=\"og:title\" content=\"VULCANUS Grill Pro910 Camp - dev6 Erresse\" \/>\n<meta property=\"og:description\" content=\"EL PRECIO INCLUYE EL ENV\u00cdO EN PALETAS. EL PRODUCTO SE VENDE S\u00d3LO EN ITALIA (para el resto de pa\u00edses, contactar con info&#064;erresse-shop.it). Re\u00fane a la\" \/>\n<meta property=\"og:url\" content=\"https:\/\/dev6.erresse-shop.it\/es\/shop\/pequenos-electrodomesticos\/parrillas-y-barbacoas\/vulcanus-grill-pro910-camp\/\" \/>\n<meta property=\"og:site_name\" content=\"dev6 Erresse\" \/>\n<meta property=\"og:image\" content=\"https:\/\/interpim.erresse-shop.it\/img-catalogo\/vulcanus\/vulcanus-grill-pro-910-camp-1.jpg\" \/><meta property=\"og:image\" content=\"https:\/\/interpim.erresse-shop.it\/img-catalogo\/vulcanus\/vulcanus-grill-pro-910-camp-1.jpg\" \/>\n\t<meta property=\"og:image:width\" content=\"1024\" \/>\n\t<meta property=\"og:image:height\" content=\"1024\" \/>\n\t<meta property=\"og:image:type\" content=\"image\/jpeg\" \/>\n<meta name=\"twitter:card\" content=\"summary_large_image\" \/>\n<meta name=\"twitter:image\" content=\"https:\/\/interpim.erresse-shop.it\/img-catalogo\/vulcanus\/vulcanus-grill-pro-910-camp-1.jpg\" \/>\n<script type=\"application\/ld+json\" class=\"yoast-schema-graph\">{\"@context\":\"https:\/\/schema.org\",\"@graph\":[{\"@type\":\"WebPage\",\"@id\":\"https:\/\/dev6.erresse-shop.it\/es\/shop\/pequenos-electrodomesticos\/parrillas-y-barbacoas\/vulcanus-grill-pro910-camp\/\",\"url\":\"https:\/\/dev6.erresse-shop.it\/es\/shop\/pequenos-electrodomesticos\/parrillas-y-barbacoas\/vulcanus-grill-pro910-camp\/\",\"name\":\"VULCANUS Grill Pro910 Camp - dev6 Erresse\",\"isPartOf\":{\"@id\":\"https:\/\/dev6.erresse-shop.it\/#website\"},\"primaryImageOfPage\":{\"@id\":\"https:\/\/dev6.erresse-shop.it\/es\/shop\/pequenos-electrodomesticos\/parrillas-y-barbacoas\/vulcanus-grill-pro910-camp\/#primaryimage\"},\"image\":{\"@id\":\"https:\/\/dev6.erresse-shop.it\/es\/shop\/pequenos-electrodomesticos\/parrillas-y-barbacoas\/vulcanus-grill-pro910-camp\/#primaryimage\"},\"thumbnailUrl\":\"https:\/\/i0.wp.com\/interpim.erresse-shop.it\/img-catalogo\/vulcanus\/vulcanus-grill-pro-910-camp-1.jpg?ssl=1\",\"datePublished\":\"2026-04-04T06:27:06+00:00\",\"description\":\"EL PRECIO INCLUYE EL ENV\u00cdO EN PALETAS. EL PRODUCTO SE VENDE S\u00d3LO EN ITALIA (para el resto de pa\u00edses, contactar con info&#64;erresse-shop.it). Re\u00fane a la\",\"breadcrumb\":{\"@id\":\"https:\/\/dev6.erresse-shop.it\/es\/shop\/pequenos-electrodomesticos\/parrillas-y-barbacoas\/vulcanus-grill-pro910-camp\/#breadcrumb\"},\"inLanguage\":\"es\",\"potentialAction\":[{\"@type\":\"ReadAction\",\"target\":[\"https:\/\/dev6.erresse-shop.it\/es\/shop\/pequenos-electrodomesticos\/parrillas-y-barbacoas\/vulcanus-grill-pro910-camp\/\"]}]},{\"@type\":\"ImageObject\",\"inLanguage\":\"es\",\"@id\":\"https:\/\/dev6.erresse-shop.it\/es\/shop\/pequenos-electrodomesticos\/parrillas-y-barbacoas\/vulcanus-grill-pro910-camp\/#primaryimage\",\"url\":\"https:\/\/i0.wp.com\/interpim.erresse-shop.it\/img-catalogo\/vulcanus\/vulcanus-grill-pro-910-camp-1.jpg?ssl=1\",\"contentUrl\":\"https:\/\/i0.wp.com\/interpim.erresse-shop.it\/img-catalogo\/vulcanus\/vulcanus-grill-pro-910-camp-1.jpg?ssl=1\"},{\"@type\":\"BreadcrumbList\",\"@id\":\"https:\/\/dev6.erresse-shop.it\/es\/shop\/pequenos-electrodomesticos\/parrillas-y-barbacoas\/vulcanus-grill-pro910-camp\/#breadcrumb\",\"itemListElement\":[{\"@type\":\"ListItem\",\"position\":1,\"name\":\"Home\",\"item\":\"https:\/\/dev6.erresse-shop.it\/\"},{\"@type\":\"ListItem\",\"position\":2,\"name\":\"Tienda\",\"item\":\"https:\/\/dev6.erresse-shop.it\/shop\/\"},{\"@type\":\"ListItem\",\"position\":3,\"name\":\"VULCANUS Grill Pro910 Camp\"}]},{\"@type\":\"WebSite\",\"@id\":\"https:\/\/dev6.erresse-shop.it\/#website\",\"url\":\"https:\/\/dev6.erresse-shop.it\/\",\"name\":\"Erresse Shop\",\"description\":\"\",\"publisher\":{\"@id\":\"https:\/\/dev6.erresse-shop.it\/#organization\"},\"potentialAction\":[{\"@type\":\"SearchAction\",\"target\":{\"@type\":\"EntryPoint\",\"urlTemplate\":\"https:\/\/dev6.erresse-shop.it\/?s={search_term_string}\"},\"query-input\":{\"@type\":\"PropertyValueSpecification\",\"valueRequired\":true,\"valueName\":\"search_term_string\"}}],\"inLanguage\":\"es\"},{\"@type\":\"Organization\",\"@id\":\"https:\/\/dev6.erresse-shop.it\/#organization\",\"name\":\"Erresse Shop\",\"url\":\"https:\/\/dev6.erresse-shop.it\/\",\"logo\":{\"@type\":\"ImageObject\",\"inLanguage\":\"es\",\"@id\":\"https:\/\/dev6.erresse-shop.it\/#\/schema\/logo\/image\/\",\"url\":\"https:\/\/dev6.erresse-shop.it\/wp-content\/uploads\/2025\/01\/LOGO-ERRESSE-CLASSICO.svg\",\"contentUrl\":\"https:\/\/dev6.erresse-shop.it\/wp-content\/uploads\/2025\/01\/LOGO-ERRESSE-CLASSICO.svg\",\"caption\":\"Erresse Shop\"},\"image\":{\"@id\":\"https:\/\/dev6.erresse-shop.it\/#\/schema\/logo\/image\/\"}}]}<\/script>\n<!-- \/ Yoast SEO plugin. -->","yoast_head_json":{"title":"VULCANUS Grill Pro910 Camp - dev6 Erresse","description":"EL PRECIO INCLUYE EL ENV\u00cdO EN PALETAS. EL PRODUCTO SE VENDE S\u00d3LO EN ITALIA (para el resto de pa\u00edses, contactar con info&#64;erresse-shop.it). Re\u00fane a la","robots":{"index":"noindex","follow":"follow","max-snippet":"max-snippet:-1","max-image-preview":"max-image-preview:large","max-video-preview":"max-video-preview:-1"},"og_locale":"es_ES","og_type":"article","og_title":"VULCANUS Grill Pro910 Camp - dev6 Erresse","og_description":"EL PRECIO INCLUYE EL ENV\u00cdO EN PALETAS. EL PRODUCTO SE VENDE S\u00d3LO EN ITALIA (para el resto de pa\u00edses, contactar con info&#64;erresse-shop.it). Re\u00fane a la","og_url":"https:\/\/dev6.erresse-shop.it\/es\/shop\/pequenos-electrodomesticos\/parrillas-y-barbacoas\/vulcanus-grill-pro910-camp\/","og_site_name":"dev6 Erresse","og_image":[{"url":"https:\/\/interpim.erresse-shop.it\/img-catalogo\/vulcanus\/vulcanus-grill-pro-910-camp-1.jpg","type":"","width":"","height":""},{"url":"https:\/\/interpim.erresse-shop.it\/img-catalogo\/vulcanus\/vulcanus-grill-pro-910-camp-1.jpg","width":1024,"height":1024,"type":"image\/jpeg"}],"twitter_card":"summary_large_image","twitter_image":"https:\/\/interpim.erresse-shop.it\/img-catalogo\/vulcanus\/vulcanus-grill-pro-910-camp-1.jpg","schema":{"@context":"https:\/\/schema.org","@graph":[{"@type":"WebPage","@id":"https:\/\/dev6.erresse-shop.it\/es\/shop\/pequenos-electrodomesticos\/parrillas-y-barbacoas\/vulcanus-grill-pro910-camp\/","url":"https:\/\/dev6.erresse-shop.it\/es\/shop\/pequenos-electrodomesticos\/parrillas-y-barbacoas\/vulcanus-grill-pro910-camp\/","name":"VULCANUS Grill Pro910 Camp - dev6 Erresse","isPartOf":{"@id":"https:\/\/dev6.erresse-shop.it\/#website"},"primaryImageOfPage":{"@id":"https:\/\/dev6.erresse-shop.it\/es\/shop\/pequenos-electrodomesticos\/parrillas-y-barbacoas\/vulcanus-grill-pro910-camp\/#primaryimage"},"image":{"@id":"https:\/\/dev6.erresse-shop.it\/es\/shop\/pequenos-electrodomesticos\/parrillas-y-barbacoas\/vulcanus-grill-pro910-camp\/#primaryimage"},"thumbnailUrl":"https:\/\/i0.wp.com\/interpim.erresse-shop.it\/img-catalogo\/vulcanus\/vulcanus-grill-pro-910-camp-1.jpg?ssl=1","datePublished":"2026-04-04T06:27:06+00:00","description":"EL PRECIO INCLUYE EL ENV\u00cdO EN PALETAS. EL PRODUCTO SE VENDE S\u00d3LO EN ITALIA (para el resto de pa\u00edses, contactar con info&#64;erresse-shop.it). Re\u00fane a la","breadcrumb":{"@id":"https:\/\/dev6.erresse-shop.it\/es\/shop\/pequenos-electrodomesticos\/parrillas-y-barbacoas\/vulcanus-grill-pro910-camp\/#breadcrumb"},"inLanguage":"es","potentialAction":[{"@type":"ReadAction","target":["https:\/\/dev6.erresse-shop.it\/es\/shop\/pequenos-electrodomesticos\/parrillas-y-barbacoas\/vulcanus-grill-pro910-camp\/"]}]},{"@type":"ImageObject","inLanguage":"es","@id":"https:\/\/dev6.erresse-shop.it\/es\/shop\/pequenos-electrodomesticos\/parrillas-y-barbacoas\/vulcanus-grill-pro910-camp\/#primaryimage","url":"https:\/\/i0.wp.com\/interpim.erresse-shop.it\/img-catalogo\/vulcanus\/vulcanus-grill-pro-910-camp-1.jpg?ssl=1","contentUrl":"https:\/\/i0.wp.com\/interpim.erresse-shop.it\/img-catalogo\/vulcanus\/vulcanus-grill-pro-910-camp-1.jpg?ssl=1"},{"@type":"BreadcrumbList","@id":"https:\/\/dev6.erresse-shop.it\/es\/shop\/pequenos-electrodomesticos\/parrillas-y-barbacoas\/vulcanus-grill-pro910-camp\/#breadcrumb","itemListElement":[{"@type":"ListItem","position":1,"name":"Home","item":"https:\/\/dev6.erresse-shop.it\/"},{"@type":"ListItem","position":2,"name":"Tienda","item":"https:\/\/dev6.erresse-shop.it\/shop\/"},{"@type":"ListItem","position":3,"name":"VULCANUS Grill Pro910 Camp"}]},{"@type":"WebSite","@id":"https:\/\/dev6.erresse-shop.it\/#website","url":"https:\/\/dev6.erresse-shop.it\/","name":"Erresse Shop","description":"","publisher":{"@id":"https:\/\/dev6.erresse-shop.it\/#organization"},"potentialAction":[{"@type":"SearchAction","target":{"@type":"EntryPoint","urlTemplate":"https:\/\/dev6.erresse-shop.it\/?s={search_term_string}"},"query-input":{"@type":"PropertyValueSpecification","valueRequired":true,"valueName":"search_term_string"}}],"inLanguage":"es"},{"@type":"Organization","@id":"https:\/\/dev6.erresse-shop.it\/#organization","name":"Erresse Shop","url":"https:\/\/dev6.erresse-shop.it\/","logo":{"@type":"ImageObject","inLanguage":"es","@id":"https:\/\/dev6.erresse-shop.it\/#\/schema\/logo\/image\/","url":"https:\/\/dev6.erresse-shop.it\/wp-content\/uploads\/2025\/01\/LOGO-ERRESSE-CLASSICO.svg","contentUrl":"https:\/\/dev6.erresse-shop.it\/wp-content\/uploads\/2025\/01\/LOGO-ERRESSE-CLASSICO.svg","caption":"Erresse Shop"},"image":{"@id":"https:\/\/dev6.erresse-shop.it\/#\/schema\/logo\/image\/"}}]}},"df_price":"","df_sale_price":"","df_regular_price":"","df_image_link":"https:\/\/i0.wp.com\/interpim.erresse-shop.it\/img-catalogo\/vulcanus\/vulcanus-grill-pro-910-camp-1.jpg?resize=300,300&ssl=1","fifu_image_url":"https:\/\/interpim.erresse-shop.it\/img-catalogo\/vulcanus\/vulcanus-grill-pro-910-camp-1.jpg","_links":{"self":[{"href":"https:\/\/dev6.erresse-shop.it\/es\/wp-json\/wp\/v2\/product\/1876994","targetHints":{"allow":["GET"]}}],"collection":[{"href":"https:\/\/dev6.erresse-shop.it\/es\/wp-json\/wp\/v2\/product"}],"about":[{"href":"https:\/\/dev6.erresse-shop.it\/es\/wp-json\/wp\/v2\/types\/product"}],"wp:featuredmedia":[{"embeddable":true,"href":"https:\/\/dev6.erresse-shop.it\/es\/wp-json\/wp\/v2\/media\/6266186"}],"wp:attachment":[{"href":"https:\/\/dev6.erresse-shop.it\/es\/wp-json\/wp\/v2\/media?parent=1876994"}],"wp:term":[{"taxonomy":"product_cat","embeddable":true,"href":"https:\/\/dev6.erresse-shop.it\/es\/wp-json\/wp\/v2\/product_cat?post=1876994"},{"taxonomy":"product_tag","embeddable":true,"href":"https:\/\/dev6.erresse-shop.it\/es\/wp-json\/wp\/v2\/product_tag?post=1876994"}],"curies":[{"name":"wp","href":"https:\/\/api.w.org\/{rel}","templated":true}]}}