{"id":1876916,"date":"2026-04-10T09:04:52","date_gmt":"2026-04-10T07:04:52","guid":{"rendered":"https:\/\/dev6.erresse-shop.it\/shop\/sin%20categor\u00eda\/le-creuset-parrilla-rectangular-grill-32-x-22-cm-caribe\/"},"modified":"2025-07-04T21:22:36","modified_gmt":"2025-07-04T19:22:36","slug":"le-creuset-parrilla-rectangular-grill-32-x-22-cm-caribe","status":"publish","type":"product","link":"https:\/\/dev6.erresse-shop.it\/es\/shop\/sartenes-y-ollas\/parrillas\/le-creuset-parrilla-rectangular-grill-32-x-22-cm-caribe\/","title":{"rendered":"LE CREUSET Parrilla Rectangular Grill 32 x 22 cm Caribe"},"content":{"rendered":"<p>Disfruta de todo el sabor de una barbacoa sin salir de casa. Esta parrilla de hierro fundido te permite asar pollo, ternera, pescado y verdura muy tiernos, llenos de sabor y con esas imprescindibles marcas tostadas. Gracias a su escaso grosor, podr\u00e1s guardarla f\u00e1cilmente cuando no la necesites.<\/p>\n<p>Detalles del Producto<br \/>\nIncre\u00edblemente pr\u00e1ctico: apto para el horno, los fogones, las placas de inducci\u00f3n y el grill.<\/p>\n<p>Comida exquisita: la estructura de hierro fundido conserva el calor para cocinar y dorar de manera uniforme. Tus deliciosas elaboraciones permanecer\u00e1n calientes en la mesa durante m\u00e1s tiempo.<\/p>\n<p>Ranuras: obt\u00e9n comida de aspecto delicioso con unas aut\u00e9nticas rayas tostadas.<\/p>\n<p>No al sobrecalentamiento: cocina a fuego medio o bajo constante para cuidar el hierro fundido y disfrutar de unos resultados deliciosos.<\/p>\n<p>Resiste bien el paso del tiempo: el esmalte interior desarrolla una p\u00e1tina natural que se comporta como una superficie antiadherente. Adem\u00e1s, su acabado tambi\u00e9n ofrece unas incre\u00edbles propiedades antiadherentes que requieren menos ali\u00f1os. Limpia el producto \u00fanicamente con agua y jab\u00f3n para que la p\u00e1tina pueda desarrollarse.<\/p>\n<p>Material: Hierro Fundido Esmaltado<br \/>\nFabricado en: Francia<br \/>\nGarant\u00eda: Garant\u00eda de por Vida<\/p>\n<p>Fuente de Calor<br \/>\nParrilla<br \/>\nHorno<br \/>\nPlaca el\u00e9ctrica<br \/>\nVitrocer\u00e1mica<br \/>\nGas<br \/>\nPlaca de inducci\u00f3n<\/p>\n<p>Dimensiones<br \/>\nLongitud: 38.5 cm<br \/>\nAncho: 21.8 cm<br \/>\nAltura: 3.1 cm<br \/>\nProfundidad: 2 cm<\/p>\n<p>Usos y Cuidados<br \/>\nCompatible con el congelador<\/p>\n<p>Lavaplatos<\/p>\n<p>\u00a1Disfruta desempaquetando tu nueva adquisici\u00f3n! (Y aseg\u00farate de retirar todas las etiquetas y envoltorios).<\/p>\n<p>Lava tu producto Le Creuset con agua caliente y jab\u00f3n, acl\u00e1ralo y s\u00e9calo bien.<\/p>\n<p>Prot\u00e9gete: usa guantes de horno siempre que manipules recipientes calientes.<\/p>\n<p>Te recomendamos utilizar herramientas de silicona, madera o pl\u00e1stico resistentes al calor de Le Creuset. NO utilices cuchillos ni utensilios met\u00e1licos, ya que podr\u00edan rayar y dejar marcas en la superficie esmaltada del producto.<\/p>\n<p>Usa el producto en el fog\u00f3n del tama\u00f1o m\u00e1s adecuado: la comida se cocinar\u00e1 de manera m\u00e1s uniforme y reducir\u00e1s el riesgo de da\u00f1ar las asas y los laterales. Esto es especialmente importante en el caso de placas de inducci\u00f3n: si utilizas un fog\u00f3n de tama\u00f1o inadecuado, existe el riesgo de que no \u201creconozca\u201d el producto.<\/p>\n<p>Cocinar a fuego medio o bajo te permite lograr los mejores resultados, incluso para fre\u00edr y marcar. Si quieres cocinar platos deliciosos de manera uniforme, deja que el recipiente se caliente gradualmente. Si necesitas utilizar fuego fuerte, disminuye la intensidad cuando alcances el calor deseado.<\/p>\n<p>Nunca deslices el producto sobre unos fogones\/una placa con cubierta de cristal, ya que podr\u00edas da\u00f1ar tanto el producto como el cristal. En su lugar, levanta siempre el producto para ponerlo y quitarlo o cambiarlo de lugar.<\/p>\n<p>Espera a que el producto se enfr\u00ede antes de comenzar a limpiarlo.<\/p>\n<p>Retira los restos de la base y los laterales del producto con un pa\u00f1o o servilleta. Si hay comida pegada, llena el producto con agua caliente y jab\u00f3n, deja que se reblandezca durante 15 o 20 minutos y, a continuaci\u00f3n, l\u00e1valo como de costumbre.<\/p>\n<p>No utilices agentes de limpieza abrasivos ni estropajos o escobillas met\u00e1licos sobre ninguna de las superficies.<\/p>\n<p>S\u00e9calo bien tras el lavado y gu\u00e1rdalo en un lugar seco.<\/p>\n","protected":false},"excerpt":{"rendered":"<p>Disfruta de todo el sabor de una barbacoa sin salir de casa. Esta parrilla de hierro fundido te permite asar pollo, ternera, pescado y verdura muy tiernos, llenos de sabor y con esas imprescindibles marcas tostadas. Gracias a su escaso grosor, podr\u00e1s guardarla f\u00e1cilmente cuando no la necesites. Detalles del Producto Incre\u00edblemente pr\u00e1ctico: apto para [&hellip;]<\/p>\n","protected":false},"featured_media":6307090,"template":"","meta":{"_acf_changed":false},"product_cat":[11667,11912,11883],"product_tag":[],"class_list":{"0":"post-1876916","1":"product","2":"type-product","3":"status-publish","4":"has-post-thumbnail","6":"product_cat-padelle-pentole","7":"product_cat-parrillas","8":"product_cat-sartenes-y-ollas","10":"first","11":"instock","12":"sale","13":"taxable","14":"shipping-taxable","15":"purchasable","16":"product-type-simple","swatches":"rey-swatches","show_selected":"","stretch_labels":"rey-swatches--stretch-labels"},"acf":[],"yoast_head":"<!-- This site is optimized with the Yoast SEO plugin v25.4 - https:\/\/yoast.com\/wordpress\/plugins\/seo\/ -->\n<title>LE CREUSET Parrilla Rectangular Grill 32 x 22 cm Caribe - dev6 Erresse<\/title>\n<meta name=\"description\" content=\"Disfruta de todo el sabor de una barbacoa sin salir de casa. Esta parrilla de hierro fundido te permite asar pollo, ternera, pescado y verdura muy\" \/>\n<meta name=\"robots\" content=\"noindex, follow, max-snippet:-1, max-image-preview:large, max-video-preview:-1\" \/>\n<meta property=\"og:locale\" content=\"es_ES\" \/>\n<meta property=\"og:type\" content=\"article\" \/>\n<meta property=\"og:title\" content=\"LE CREUSET Parrilla Rectangular Grill 32 x 22 cm Caribe - dev6 Erresse\" \/>\n<meta property=\"og:description\" content=\"Disfruta de todo el sabor de una barbacoa sin salir de casa. Esta parrilla de hierro fundido te permite asar pollo, ternera, pescado y verdura muy\" \/>\n<meta property=\"og:url\" content=\"https:\/\/dev6.erresse-shop.it\/es\/shop\/sartenes-y-ollas\/parrillas\/le-creuset-parrilla-rectangular-grill-32-x-22-cm-caribe\/\" \/>\n<meta property=\"og:site_name\" content=\"dev6 Erresse\" \/>\n<meta property=\"og:image\" content=\"https:\/\/interpim.erresse-shop.it\/wp-content\/uploads\/2021\/03\/LE-CREUSET-Griglia-Rettangolare-in-Ghisa-32\u00d722-cm-Blu-Caribe.jpg\/le-creuset-griglia-rettangolare-in-ghisa-32-c3-9722-cm-blu-caribe.jpg\" \/><meta property=\"og:image\" content=\"https:\/\/interpim.erresse-shop.it\/wp-content\/uploads\/2021\/03\/LE-CREUSET-Griglia-Rettangolare-in-Ghisa-32\u00d722-cm-Blu-Caribe.jpg\/le-creuset-griglia-rettangolare-in-ghisa-32-c3-9722-cm-blu-caribe.jpg\" \/>\n\t<meta property=\"og:image:width\" content=\"1024\" \/>\n\t<meta property=\"og:image:height\" content=\"1024\" \/>\n\t<meta property=\"og:image:type\" content=\"image\/jpeg\" \/>\n<meta name=\"twitter:card\" content=\"summary_large_image\" \/>\n<meta name=\"twitter:image\" content=\"https:\/\/interpim.erresse-shop.it\/wp-content\/uploads\/2021\/03\/LE-CREUSET-Griglia-Rettangolare-in-Ghisa-32\u00d722-cm-Blu-Caribe.jpg\/le-creuset-griglia-rettangolare-in-ghisa-32-c3-9722-cm-blu-caribe.jpg\" \/>\n<script type=\"application\/ld+json\" class=\"yoast-schema-graph\">{\"@context\":\"https:\/\/schema.org\",\"@graph\":[{\"@type\":\"WebPage\",\"@id\":\"https:\/\/dev6.erresse-shop.it\/es\/shop\/sartenes-y-ollas\/parrillas\/le-creuset-parrilla-rectangular-grill-32-x-22-cm-caribe\/\",\"url\":\"https:\/\/dev6.erresse-shop.it\/es\/shop\/sartenes-y-ollas\/parrillas\/le-creuset-parrilla-rectangular-grill-32-x-22-cm-caribe\/\",\"name\":\"LE CREUSET Parrilla Rectangular Grill 32 x 22 cm Caribe - dev6 Erresse\",\"isPartOf\":{\"@id\":\"https:\/\/dev6.erresse-shop.it\/#website\"},\"primaryImageOfPage\":{\"@id\":\"https:\/\/dev6.erresse-shop.it\/es\/shop\/sartenes-y-ollas\/parrillas\/le-creuset-parrilla-rectangular-grill-32-x-22-cm-caribe\/#primaryimage\"},\"image\":{\"@id\":\"https:\/\/dev6.erresse-shop.it\/es\/shop\/sartenes-y-ollas\/parrillas\/le-creuset-parrilla-rectangular-grill-32-x-22-cm-caribe\/#primaryimage\"},\"thumbnailUrl\":\"https:\/\/i3.wp.com\/interpim.erresse-shop.it\/wp-content\/uploads\/2021\/03\/LE-CREUSET-Griglia-Rettangolare-in-Ghisa-32\u00d722-cm-Blu-Caribe.jpg\/le-creuset-griglia-rettangolare-in-ghisa-32-c3-9722-cm-blu-caribe.jpg?ssl=1\",\"datePublished\":\"2026-04-10T07:04:52+00:00\",\"description\":\"Disfruta de todo el sabor de una barbacoa sin salir de casa. Esta parrilla de hierro fundido te permite asar pollo, ternera, pescado y verdura muy\",\"breadcrumb\":{\"@id\":\"https:\/\/dev6.erresse-shop.it\/es\/shop\/sartenes-y-ollas\/parrillas\/le-creuset-parrilla-rectangular-grill-32-x-22-cm-caribe\/#breadcrumb\"},\"inLanguage\":\"es\",\"potentialAction\":[{\"@type\":\"ReadAction\",\"target\":[\"https:\/\/dev6.erresse-shop.it\/es\/shop\/sartenes-y-ollas\/parrillas\/le-creuset-parrilla-rectangular-grill-32-x-22-cm-caribe\/\"]}]},{\"@type\":\"ImageObject\",\"inLanguage\":\"es\",\"@id\":\"https:\/\/dev6.erresse-shop.it\/es\/shop\/sartenes-y-ollas\/parrillas\/le-creuset-parrilla-rectangular-grill-32-x-22-cm-caribe\/#primaryimage\",\"url\":\"https:\/\/i3.wp.com\/interpim.erresse-shop.it\/wp-content\/uploads\/2021\/03\/LE-CREUSET-Griglia-Rettangolare-in-Ghisa-32\u00d722-cm-Blu-Caribe.jpg\/le-creuset-griglia-rettangolare-in-ghisa-32-c3-9722-cm-blu-caribe.jpg?ssl=1\",\"contentUrl\":\"https:\/\/i3.wp.com\/interpim.erresse-shop.it\/wp-content\/uploads\/2021\/03\/LE-CREUSET-Griglia-Rettangolare-in-Ghisa-32\u00d722-cm-Blu-Caribe.jpg\/le-creuset-griglia-rettangolare-in-ghisa-32-c3-9722-cm-blu-caribe.jpg?ssl=1\"},{\"@type\":\"BreadcrumbList\",\"@id\":\"https:\/\/dev6.erresse-shop.it\/es\/shop\/sartenes-y-ollas\/parrillas\/le-creuset-parrilla-rectangular-grill-32-x-22-cm-caribe\/#breadcrumb\",\"itemListElement\":[{\"@type\":\"ListItem\",\"position\":1,\"name\":\"Home\",\"item\":\"https:\/\/dev6.erresse-shop.it\/\"},{\"@type\":\"ListItem\",\"position\":2,\"name\":\"Tienda\",\"item\":\"https:\/\/dev6.erresse-shop.it\/shop\/\"},{\"@type\":\"ListItem\",\"position\":3,\"name\":\"LE CREUSET Parrilla Rectangular Grill 32 x 22 cm Caribe\"}]},{\"@type\":\"WebSite\",\"@id\":\"https:\/\/dev6.erresse-shop.it\/#website\",\"url\":\"https:\/\/dev6.erresse-shop.it\/\",\"name\":\"Erresse Shop\",\"description\":\"\",\"publisher\":{\"@id\":\"https:\/\/dev6.erresse-shop.it\/#organization\"},\"potentialAction\":[{\"@type\":\"SearchAction\",\"target\":{\"@type\":\"EntryPoint\",\"urlTemplate\":\"https:\/\/dev6.erresse-shop.it\/?s={search_term_string}\"},\"query-input\":{\"@type\":\"PropertyValueSpecification\",\"valueRequired\":true,\"valueName\":\"search_term_string\"}}],\"inLanguage\":\"es\"},{\"@type\":\"Organization\",\"@id\":\"https:\/\/dev6.erresse-shop.it\/#organization\",\"name\":\"Erresse Shop\",\"url\":\"https:\/\/dev6.erresse-shop.it\/\",\"logo\":{\"@type\":\"ImageObject\",\"inLanguage\":\"es\",\"@id\":\"https:\/\/dev6.erresse-shop.it\/#\/schema\/logo\/image\/\",\"url\":\"https:\/\/dev6.erresse-shop.it\/wp-content\/uploads\/2025\/01\/LOGO-ERRESSE-CLASSICO.svg\",\"contentUrl\":\"https:\/\/dev6.erresse-shop.it\/wp-content\/uploads\/2025\/01\/LOGO-ERRESSE-CLASSICO.svg\",\"caption\":\"Erresse Shop\"},\"image\":{\"@id\":\"https:\/\/dev6.erresse-shop.it\/#\/schema\/logo\/image\/\"}}]}<\/script>\n<!-- \/ Yoast SEO plugin. -->","yoast_head_json":{"title":"LE CREUSET Parrilla Rectangular Grill 32 x 22 cm Caribe - dev6 Erresse","description":"Disfruta de todo el sabor de una barbacoa sin salir de casa. Esta parrilla de hierro fundido te permite asar pollo, ternera, pescado y verdura muy","robots":{"index":"noindex","follow":"follow","max-snippet":"max-snippet:-1","max-image-preview":"max-image-preview:large","max-video-preview":"max-video-preview:-1"},"og_locale":"es_ES","og_type":"article","og_title":"LE CREUSET Parrilla Rectangular Grill 32 x 22 cm Caribe - dev6 Erresse","og_description":"Disfruta de todo el sabor de una barbacoa sin salir de casa. Esta parrilla de hierro fundido te permite asar pollo, ternera, pescado y verdura muy","og_url":"https:\/\/dev6.erresse-shop.it\/es\/shop\/sartenes-y-ollas\/parrillas\/le-creuset-parrilla-rectangular-grill-32-x-22-cm-caribe\/","og_site_name":"dev6 Erresse","og_image":[{"url":"https:\/\/interpim.erresse-shop.it\/wp-content\/uploads\/2021\/03\/LE-CREUSET-Griglia-Rettangolare-in-Ghisa-32\u00d722-cm-Blu-Caribe.jpg\/le-creuset-griglia-rettangolare-in-ghisa-32-c3-9722-cm-blu-caribe.jpg","type":"","width":"","height":""},{"url":"https:\/\/interpim.erresse-shop.it\/wp-content\/uploads\/2021\/03\/LE-CREUSET-Griglia-Rettangolare-in-Ghisa-32\u00d722-cm-Blu-Caribe.jpg\/le-creuset-griglia-rettangolare-in-ghisa-32-c3-9722-cm-blu-caribe.jpg","width":1024,"height":1024,"type":"image\/jpeg"}],"twitter_card":"summary_large_image","twitter_image":"https:\/\/interpim.erresse-shop.it\/wp-content\/uploads\/2021\/03\/LE-CREUSET-Griglia-Rettangolare-in-Ghisa-32\u00d722-cm-Blu-Caribe.jpg\/le-creuset-griglia-rettangolare-in-ghisa-32-c3-9722-cm-blu-caribe.jpg","schema":{"@context":"https:\/\/schema.org","@graph":[{"@type":"WebPage","@id":"https:\/\/dev6.erresse-shop.it\/es\/shop\/sartenes-y-ollas\/parrillas\/le-creuset-parrilla-rectangular-grill-32-x-22-cm-caribe\/","url":"https:\/\/dev6.erresse-shop.it\/es\/shop\/sartenes-y-ollas\/parrillas\/le-creuset-parrilla-rectangular-grill-32-x-22-cm-caribe\/","name":"LE CREUSET Parrilla Rectangular Grill 32 x 22 cm Caribe - dev6 Erresse","isPartOf":{"@id":"https:\/\/dev6.erresse-shop.it\/#website"},"primaryImageOfPage":{"@id":"https:\/\/dev6.erresse-shop.it\/es\/shop\/sartenes-y-ollas\/parrillas\/le-creuset-parrilla-rectangular-grill-32-x-22-cm-caribe\/#primaryimage"},"image":{"@id":"https:\/\/dev6.erresse-shop.it\/es\/shop\/sartenes-y-ollas\/parrillas\/le-creuset-parrilla-rectangular-grill-32-x-22-cm-caribe\/#primaryimage"},"thumbnailUrl":"https:\/\/i3.wp.com\/interpim.erresse-shop.it\/wp-content\/uploads\/2021\/03\/LE-CREUSET-Griglia-Rettangolare-in-Ghisa-32\u00d722-cm-Blu-Caribe.jpg\/le-creuset-griglia-rettangolare-in-ghisa-32-c3-9722-cm-blu-caribe.jpg?ssl=1","datePublished":"2026-04-10T07:04:52+00:00","description":"Disfruta de todo el sabor de una barbacoa sin salir de casa. Esta parrilla de hierro fundido te permite asar pollo, ternera, pescado y verdura muy","breadcrumb":{"@id":"https:\/\/dev6.erresse-shop.it\/es\/shop\/sartenes-y-ollas\/parrillas\/le-creuset-parrilla-rectangular-grill-32-x-22-cm-caribe\/#breadcrumb"},"inLanguage":"es","potentialAction":[{"@type":"ReadAction","target":["https:\/\/dev6.erresse-shop.it\/es\/shop\/sartenes-y-ollas\/parrillas\/le-creuset-parrilla-rectangular-grill-32-x-22-cm-caribe\/"]}]},{"@type":"ImageObject","inLanguage":"es","@id":"https:\/\/dev6.erresse-shop.it\/es\/shop\/sartenes-y-ollas\/parrillas\/le-creuset-parrilla-rectangular-grill-32-x-22-cm-caribe\/#primaryimage","url":"https:\/\/i3.wp.com\/interpim.erresse-shop.it\/wp-content\/uploads\/2021\/03\/LE-CREUSET-Griglia-Rettangolare-in-Ghisa-32\u00d722-cm-Blu-Caribe.jpg\/le-creuset-griglia-rettangolare-in-ghisa-32-c3-9722-cm-blu-caribe.jpg?ssl=1","contentUrl":"https:\/\/i3.wp.com\/interpim.erresse-shop.it\/wp-content\/uploads\/2021\/03\/LE-CREUSET-Griglia-Rettangolare-in-Ghisa-32\u00d722-cm-Blu-Caribe.jpg\/le-creuset-griglia-rettangolare-in-ghisa-32-c3-9722-cm-blu-caribe.jpg?ssl=1"},{"@type":"BreadcrumbList","@id":"https:\/\/dev6.erresse-shop.it\/es\/shop\/sartenes-y-ollas\/parrillas\/le-creuset-parrilla-rectangular-grill-32-x-22-cm-caribe\/#breadcrumb","itemListElement":[{"@type":"ListItem","position":1,"name":"Home","item":"https:\/\/dev6.erresse-shop.it\/"},{"@type":"ListItem","position":2,"name":"Tienda","item":"https:\/\/dev6.erresse-shop.it\/shop\/"},{"@type":"ListItem","position":3,"name":"LE CREUSET Parrilla Rectangular Grill 32 x 22 cm Caribe"}]},{"@type":"WebSite","@id":"https:\/\/dev6.erresse-shop.it\/#website","url":"https:\/\/dev6.erresse-shop.it\/","name":"Erresse Shop","description":"","publisher":{"@id":"https:\/\/dev6.erresse-shop.it\/#organization"},"potentialAction":[{"@type":"SearchAction","target":{"@type":"EntryPoint","urlTemplate":"https:\/\/dev6.erresse-shop.it\/?s={search_term_string}"},"query-input":{"@type":"PropertyValueSpecification","valueRequired":true,"valueName":"search_term_string"}}],"inLanguage":"es"},{"@type":"Organization","@id":"https:\/\/dev6.erresse-shop.it\/#organization","name":"Erresse Shop","url":"https:\/\/dev6.erresse-shop.it\/","logo":{"@type":"ImageObject","inLanguage":"es","@id":"https:\/\/dev6.erresse-shop.it\/#\/schema\/logo\/image\/","url":"https:\/\/dev6.erresse-shop.it\/wp-content\/uploads\/2025\/01\/LOGO-ERRESSE-CLASSICO.svg","contentUrl":"https:\/\/dev6.erresse-shop.it\/wp-content\/uploads\/2025\/01\/LOGO-ERRESSE-CLASSICO.svg","caption":"Erresse Shop"},"image":{"@id":"https:\/\/dev6.erresse-shop.it\/#\/schema\/logo\/image\/"}}]}},"df_price":112.95,"df_sale_price":112.95,"df_regular_price":129,"df_image_link":"https:\/\/i3.wp.com\/interpim.erresse-shop.it\/wp-content\/uploads\/2021\/03\/LE-CREUSET-Griglia-Rettangolare-in-Ghisa-32\u00d722-cm-Blu-Caribe.jpg\/le-creuset-griglia-rettangolare-in-ghisa-32-c3-9722-cm-blu-caribe.jpg?resize=300,300&ssl=1","fifu_image_url":"https:\/\/interpim.erresse-shop.it\/wp-content\/uploads\/2021\/03\/LE-CREUSET-Griglia-Rettangolare-in-Ghisa-32\u00d722-cm-Blu-Caribe.jpg\/le-creuset-griglia-rettangolare-in-ghisa-32-c3-9722-cm-blu-caribe.jpg","_links":{"self":[{"href":"https:\/\/dev6.erresse-shop.it\/es\/wp-json\/wp\/v2\/product\/1876916","targetHints":{"allow":["GET"]}}],"collection":[{"href":"https:\/\/dev6.erresse-shop.it\/es\/wp-json\/wp\/v2\/product"}],"about":[{"href":"https:\/\/dev6.erresse-shop.it\/es\/wp-json\/wp\/v2\/types\/product"}],"wp:featuredmedia":[{"embeddable":true,"href":"https:\/\/dev6.erresse-shop.it\/es\/wp-json\/wp\/v2\/media\/6307090"}],"wp:attachment":[{"href":"https:\/\/dev6.erresse-shop.it\/es\/wp-json\/wp\/v2\/media?parent=1876916"}],"wp:term":[{"taxonomy":"product_cat","embeddable":true,"href":"https:\/\/dev6.erresse-shop.it\/es\/wp-json\/wp\/v2\/product_cat?post=1876916"},{"taxonomy":"product_tag","embeddable":true,"href":"https:\/\/dev6.erresse-shop.it\/es\/wp-json\/wp\/v2\/product_tag?post=1876916"}],"curies":[{"name":"wp","href":"https:\/\/api.w.org\/{rel}","templated":true}]}}