{"id":1876792,"date":"2026-04-16T18:58:17","date_gmt":"2026-04-16T16:58:17","guid":{"rendered":"https:\/\/dev6.erresse-shop.it\/shop\/sin%20categor\u00eda\/la-pavoni-molinillo-de-cafe-jolly-dosato-negro\/"},"modified":"2025-07-19T04:14:39","modified_gmt":"2025-07-19T02:14:39","slug":"la-pavoni-molinillo-de-cafe-jolly-dosato-negro","status":"publish","type":"product","link":"https:\/\/dev6.erresse-shop.it\/es\/shop\/pequenos-electrodomesticos\/molinillos-de-cafe\/la-pavoni-molinillo-de-cafe-jolly-dosato-negro\/","title":{"rendered":"LA PAVONI Molinillo de Caf\u00e9 Jolly Dosato Negro"},"content":{"rendered":"<p>El molinillo de caf\u00e9 dispone de un contenedor de granos con una capacidad de 250 g y permite un amplio ajuste de la molienda del caf\u00e9.<\/p>\n<p>Capacidad del envase 250 g<br \/>\nPotencia del motor 95 W<br \/>\nTensi\u00f3n: 230 V<br \/>\nRPM 1400<br \/>\nDi\u00e1metro de molienda 50 mm<\/p>\n","protected":false},"excerpt":{"rendered":"<p>El molinillo de caf\u00e9 dispone de un contenedor de granos con una capacidad de 250 g y permite un amplio ajuste de la molienda del caf\u00e9. Capacidad del envase 250 g Potencia del motor 95 W Tensi\u00f3n: 230 V RPM 1400 Di\u00e1metro de molienda 50 mm<\/p>\n","protected":false},"featured_media":6487201,"template":"","meta":{"_acf_changed":false},"product_cat":[11765,11981,11947],"product_tag":[],"class_list":{"0":"post-1876792","1":"product","2":"type-product","3":"status-publish","4":"has-post-thumbnail","6":"product_cat-macinacaffe","7":"product_cat-molinillos-de-cafe","8":"product_cat-pequenos-electrodomesticos","10":"first","11":"outofstock","12":"sale","13":"taxable","14":"shipping-taxable","15":"purchasable","16":"product-type-simple","swatches":"rey-swatches","show_selected":"","stretch_labels":"rey-swatches--stretch-labels"},"acf":[],"yoast_head":"<!-- This site is optimized with the Yoast SEO plugin v25.4 - https:\/\/yoast.com\/wordpress\/plugins\/seo\/ -->\n<title>LA PAVONI Molinillo de Caf\u00e9 Jolly Dosato Negro - dev6 Erresse<\/title>\n<meta name=\"description\" content=\"El molinillo de caf\u00e9 dispone de un contenedor de granos con una capacidad de 250 g y permite un amplio ajuste de la molienda del caf\u00e9. Capacidad del\" \/>\n<meta name=\"robots\" content=\"noindex, follow, max-snippet:-1, max-image-preview:large, max-video-preview:-1\" \/>\n<meta property=\"og:locale\" content=\"es_ES\" \/>\n<meta property=\"og:type\" content=\"article\" \/>\n<meta property=\"og:title\" content=\"LA PAVONI Molinillo de Caf\u00e9 Jolly Dosato Negro - dev6 Erresse\" \/>\n<meta property=\"og:description\" content=\"El molinillo de caf\u00e9 dispone de un contenedor de granos con una capacidad de 250 g y permite un amplio ajuste de la molienda del caf\u00e9. Capacidad del\" \/>\n<meta property=\"og:url\" content=\"https:\/\/dev6.erresse-shop.it\/es\/shop\/pequenos-electrodomesticos\/molinillos-de-cafe\/la-pavoni-molinillo-de-cafe-jolly-dosato-negro\/\" \/>\n<meta property=\"og:site_name\" content=\"dev6 Erresse\" \/>\n<meta property=\"og:image\" content=\"https:\/\/interpim.erresse-shop.it\/wp-content\/uploads\/2021\/03\/La-Pavoni-Macinacaff\u00e8-Jolly-Dosato-1.jpg\/la-pavoni-macinacaff-c3-a8-jolly-dosato-1.jpg\" \/><meta property=\"og:image\" content=\"https:\/\/interpim.erresse-shop.it\/wp-content\/uploads\/2021\/03\/La-Pavoni-Macinacaff\u00e8-Jolly-Dosato-1.jpg\/la-pavoni-macinacaff-c3-a8-jolly-dosato-1.jpg\" \/>\n\t<meta property=\"og:image:width\" content=\"1024\" \/>\n\t<meta property=\"og:image:height\" content=\"1024\" \/>\n\t<meta property=\"og:image:type\" content=\"image\/jpeg\" \/>\n<meta name=\"twitter:card\" content=\"summary_large_image\" \/>\n<meta name=\"twitter:image\" content=\"https:\/\/interpim.erresse-shop.it\/wp-content\/uploads\/2021\/03\/La-Pavoni-Macinacaff\u00e8-Jolly-Dosato-1.jpg\/la-pavoni-macinacaff-c3-a8-jolly-dosato-1.jpg\" \/>\n<script type=\"application\/ld+json\" class=\"yoast-schema-graph\">{\"@context\":\"https:\/\/schema.org\",\"@graph\":[{\"@type\":\"WebPage\",\"@id\":\"https:\/\/dev6.erresse-shop.it\/es\/shop\/pequenos-electrodomesticos\/molinillos-de-cafe\/la-pavoni-molinillo-de-cafe-jolly-dosato-negro\/\",\"url\":\"https:\/\/dev6.erresse-shop.it\/es\/shop\/pequenos-electrodomesticos\/molinillos-de-cafe\/la-pavoni-molinillo-de-cafe-jolly-dosato-negro\/\",\"name\":\"LA PAVONI Molinillo de Caf\u00e9 Jolly Dosato Negro - dev6 Erresse\",\"isPartOf\":{\"@id\":\"https:\/\/dev6.erresse-shop.it\/#website\"},\"primaryImageOfPage\":{\"@id\":\"https:\/\/dev6.erresse-shop.it\/es\/shop\/pequenos-electrodomesticos\/molinillos-de-cafe\/la-pavoni-molinillo-de-cafe-jolly-dosato-negro\/#primaryimage\"},\"image\":{\"@id\":\"https:\/\/dev6.erresse-shop.it\/es\/shop\/pequenos-electrodomesticos\/molinillos-de-cafe\/la-pavoni-molinillo-de-cafe-jolly-dosato-negro\/#primaryimage\"},\"thumbnailUrl\":\"https:\/\/i3.wp.com\/interpim.erresse-shop.it\/wp-content\/uploads\/2021\/03\/La-Pavoni-Macinacaff\u00e8-Jolly-Dosato-1.jpg\/la-pavoni-macinacaff-c3-a8-jolly-dosato-1.jpg?ssl=1\",\"datePublished\":\"2026-04-16T16:58:17+00:00\",\"description\":\"El molinillo de caf\u00e9 dispone de un contenedor de granos con una capacidad de 250 g y permite un amplio ajuste de la molienda del caf\u00e9. Capacidad del\",\"breadcrumb\":{\"@id\":\"https:\/\/dev6.erresse-shop.it\/es\/shop\/pequenos-electrodomesticos\/molinillos-de-cafe\/la-pavoni-molinillo-de-cafe-jolly-dosato-negro\/#breadcrumb\"},\"inLanguage\":\"es\",\"potentialAction\":[{\"@type\":\"ReadAction\",\"target\":[\"https:\/\/dev6.erresse-shop.it\/es\/shop\/pequenos-electrodomesticos\/molinillos-de-cafe\/la-pavoni-molinillo-de-cafe-jolly-dosato-negro\/\"]}]},{\"@type\":\"ImageObject\",\"inLanguage\":\"es\",\"@id\":\"https:\/\/dev6.erresse-shop.it\/es\/shop\/pequenos-electrodomesticos\/molinillos-de-cafe\/la-pavoni-molinillo-de-cafe-jolly-dosato-negro\/#primaryimage\",\"url\":\"https:\/\/i3.wp.com\/interpim.erresse-shop.it\/wp-content\/uploads\/2021\/03\/La-Pavoni-Macinacaff\u00e8-Jolly-Dosato-1.jpg\/la-pavoni-macinacaff-c3-a8-jolly-dosato-1.jpg?ssl=1\",\"contentUrl\":\"https:\/\/i3.wp.com\/interpim.erresse-shop.it\/wp-content\/uploads\/2021\/03\/La-Pavoni-Macinacaff\u00e8-Jolly-Dosato-1.jpg\/la-pavoni-macinacaff-c3-a8-jolly-dosato-1.jpg?ssl=1\"},{\"@type\":\"BreadcrumbList\",\"@id\":\"https:\/\/dev6.erresse-shop.it\/es\/shop\/pequenos-electrodomesticos\/molinillos-de-cafe\/la-pavoni-molinillo-de-cafe-jolly-dosato-negro\/#breadcrumb\",\"itemListElement\":[{\"@type\":\"ListItem\",\"position\":1,\"name\":\"Home\",\"item\":\"https:\/\/dev6.erresse-shop.it\/\"},{\"@type\":\"ListItem\",\"position\":2,\"name\":\"Tienda\",\"item\":\"https:\/\/dev6.erresse-shop.it\/shop\/\"},{\"@type\":\"ListItem\",\"position\":3,\"name\":\"LA PAVONI Molinillo de Caf\u00e9 Jolly Dosato Negro\"}]},{\"@type\":\"WebSite\",\"@id\":\"https:\/\/dev6.erresse-shop.it\/#website\",\"url\":\"https:\/\/dev6.erresse-shop.it\/\",\"name\":\"Erresse Shop\",\"description\":\"\",\"publisher\":{\"@id\":\"https:\/\/dev6.erresse-shop.it\/#organization\"},\"potentialAction\":[{\"@type\":\"SearchAction\",\"target\":{\"@type\":\"EntryPoint\",\"urlTemplate\":\"https:\/\/dev6.erresse-shop.it\/?s={search_term_string}\"},\"query-input\":{\"@type\":\"PropertyValueSpecification\",\"valueRequired\":true,\"valueName\":\"search_term_string\"}}],\"inLanguage\":\"es\"},{\"@type\":\"Organization\",\"@id\":\"https:\/\/dev6.erresse-shop.it\/#organization\",\"name\":\"Erresse Shop\",\"url\":\"https:\/\/dev6.erresse-shop.it\/\",\"logo\":{\"@type\":\"ImageObject\",\"inLanguage\":\"es\",\"@id\":\"https:\/\/dev6.erresse-shop.it\/#\/schema\/logo\/image\/\",\"url\":\"https:\/\/dev6.erresse-shop.it\/wp-content\/uploads\/2025\/01\/LOGO-ERRESSE-CLASSICO.svg\",\"contentUrl\":\"https:\/\/dev6.erresse-shop.it\/wp-content\/uploads\/2025\/01\/LOGO-ERRESSE-CLASSICO.svg\",\"caption\":\"Erresse Shop\"},\"image\":{\"@id\":\"https:\/\/dev6.erresse-shop.it\/#\/schema\/logo\/image\/\"}}]}<\/script>\n<!-- \/ Yoast SEO plugin. -->","yoast_head_json":{"title":"LA PAVONI Molinillo de Caf\u00e9 Jolly Dosato Negro - dev6 Erresse","description":"El molinillo de caf\u00e9 dispone de un contenedor de granos con una capacidad de 250 g y permite un amplio ajuste de la molienda del caf\u00e9. Capacidad del","robots":{"index":"noindex","follow":"follow","max-snippet":"max-snippet:-1","max-image-preview":"max-image-preview:large","max-video-preview":"max-video-preview:-1"},"og_locale":"es_ES","og_type":"article","og_title":"LA PAVONI Molinillo de Caf\u00e9 Jolly Dosato Negro - dev6 Erresse","og_description":"El molinillo de caf\u00e9 dispone de un contenedor de granos con una capacidad de 250 g y permite un amplio ajuste de la molienda del caf\u00e9. Capacidad del","og_url":"https:\/\/dev6.erresse-shop.it\/es\/shop\/pequenos-electrodomesticos\/molinillos-de-cafe\/la-pavoni-molinillo-de-cafe-jolly-dosato-negro\/","og_site_name":"dev6 Erresse","og_image":[{"url":"https:\/\/interpim.erresse-shop.it\/wp-content\/uploads\/2021\/03\/La-Pavoni-Macinacaff\u00e8-Jolly-Dosato-1.jpg\/la-pavoni-macinacaff-c3-a8-jolly-dosato-1.jpg","type":"","width":"","height":""},{"url":"https:\/\/interpim.erresse-shop.it\/wp-content\/uploads\/2021\/03\/La-Pavoni-Macinacaff\u00e8-Jolly-Dosato-1.jpg\/la-pavoni-macinacaff-c3-a8-jolly-dosato-1.jpg","width":1024,"height":1024,"type":"image\/jpeg"}],"twitter_card":"summary_large_image","twitter_image":"https:\/\/interpim.erresse-shop.it\/wp-content\/uploads\/2021\/03\/La-Pavoni-Macinacaff\u00e8-Jolly-Dosato-1.jpg\/la-pavoni-macinacaff-c3-a8-jolly-dosato-1.jpg","schema":{"@context":"https:\/\/schema.org","@graph":[{"@type":"WebPage","@id":"https:\/\/dev6.erresse-shop.it\/es\/shop\/pequenos-electrodomesticos\/molinillos-de-cafe\/la-pavoni-molinillo-de-cafe-jolly-dosato-negro\/","url":"https:\/\/dev6.erresse-shop.it\/es\/shop\/pequenos-electrodomesticos\/molinillos-de-cafe\/la-pavoni-molinillo-de-cafe-jolly-dosato-negro\/","name":"LA PAVONI Molinillo de Caf\u00e9 Jolly Dosato Negro - dev6 Erresse","isPartOf":{"@id":"https:\/\/dev6.erresse-shop.it\/#website"},"primaryImageOfPage":{"@id":"https:\/\/dev6.erresse-shop.it\/es\/shop\/pequenos-electrodomesticos\/molinillos-de-cafe\/la-pavoni-molinillo-de-cafe-jolly-dosato-negro\/#primaryimage"},"image":{"@id":"https:\/\/dev6.erresse-shop.it\/es\/shop\/pequenos-electrodomesticos\/molinillos-de-cafe\/la-pavoni-molinillo-de-cafe-jolly-dosato-negro\/#primaryimage"},"thumbnailUrl":"https:\/\/i3.wp.com\/interpim.erresse-shop.it\/wp-content\/uploads\/2021\/03\/La-Pavoni-Macinacaff\u00e8-Jolly-Dosato-1.jpg\/la-pavoni-macinacaff-c3-a8-jolly-dosato-1.jpg?ssl=1","datePublished":"2026-04-16T16:58:17+00:00","description":"El molinillo de caf\u00e9 dispone de un contenedor de granos con una capacidad de 250 g y permite un amplio ajuste de la molienda del caf\u00e9. Capacidad del","breadcrumb":{"@id":"https:\/\/dev6.erresse-shop.it\/es\/shop\/pequenos-electrodomesticos\/molinillos-de-cafe\/la-pavoni-molinillo-de-cafe-jolly-dosato-negro\/#breadcrumb"},"inLanguage":"es","potentialAction":[{"@type":"ReadAction","target":["https:\/\/dev6.erresse-shop.it\/es\/shop\/pequenos-electrodomesticos\/molinillos-de-cafe\/la-pavoni-molinillo-de-cafe-jolly-dosato-negro\/"]}]},{"@type":"ImageObject","inLanguage":"es","@id":"https:\/\/dev6.erresse-shop.it\/es\/shop\/pequenos-electrodomesticos\/molinillos-de-cafe\/la-pavoni-molinillo-de-cafe-jolly-dosato-negro\/#primaryimage","url":"https:\/\/i3.wp.com\/interpim.erresse-shop.it\/wp-content\/uploads\/2021\/03\/La-Pavoni-Macinacaff\u00e8-Jolly-Dosato-1.jpg\/la-pavoni-macinacaff-c3-a8-jolly-dosato-1.jpg?ssl=1","contentUrl":"https:\/\/i3.wp.com\/interpim.erresse-shop.it\/wp-content\/uploads\/2021\/03\/La-Pavoni-Macinacaff\u00e8-Jolly-Dosato-1.jpg\/la-pavoni-macinacaff-c3-a8-jolly-dosato-1.jpg?ssl=1"},{"@type":"BreadcrumbList","@id":"https:\/\/dev6.erresse-shop.it\/es\/shop\/pequenos-electrodomesticos\/molinillos-de-cafe\/la-pavoni-molinillo-de-cafe-jolly-dosato-negro\/#breadcrumb","itemListElement":[{"@type":"ListItem","position":1,"name":"Home","item":"https:\/\/dev6.erresse-shop.it\/"},{"@type":"ListItem","position":2,"name":"Tienda","item":"https:\/\/dev6.erresse-shop.it\/shop\/"},{"@type":"ListItem","position":3,"name":"LA PAVONI Molinillo de Caf\u00e9 Jolly Dosato Negro"}]},{"@type":"WebSite","@id":"https:\/\/dev6.erresse-shop.it\/#website","url":"https:\/\/dev6.erresse-shop.it\/","name":"Erresse Shop","description":"","publisher":{"@id":"https:\/\/dev6.erresse-shop.it\/#organization"},"potentialAction":[{"@type":"SearchAction","target":{"@type":"EntryPoint","urlTemplate":"https:\/\/dev6.erresse-shop.it\/?s={search_term_string}"},"query-input":{"@type":"PropertyValueSpecification","valueRequired":true,"valueName":"search_term_string"}}],"inLanguage":"es"},{"@type":"Organization","@id":"https:\/\/dev6.erresse-shop.it\/#organization","name":"Erresse Shop","url":"https:\/\/dev6.erresse-shop.it\/","logo":{"@type":"ImageObject","inLanguage":"es","@id":"https:\/\/dev6.erresse-shop.it\/#\/schema\/logo\/image\/","url":"https:\/\/dev6.erresse-shop.it\/wp-content\/uploads\/2025\/01\/LOGO-ERRESSE-CLASSICO.svg","contentUrl":"https:\/\/dev6.erresse-shop.it\/wp-content\/uploads\/2025\/01\/LOGO-ERRESSE-CLASSICO.svg","caption":"Erresse Shop"},"image":{"@id":"https:\/\/dev6.erresse-shop.it\/#\/schema\/logo\/image\/"}}]}},"df_price":379,"df_sale_price":379,"df_regular_price":419,"df_image_link":"https:\/\/i3.wp.com\/interpim.erresse-shop.it\/wp-content\/uploads\/2021\/03\/La-Pavoni-Macinacaff\u00e8-Jolly-Dosato-1.jpg\/la-pavoni-macinacaff-c3-a8-jolly-dosato-1.jpg?resize=300,300&ssl=1","fifu_image_url":"https:\/\/interpim.erresse-shop.it\/wp-content\/uploads\/2021\/03\/La-Pavoni-Macinacaff\u00e8-Jolly-Dosato-1.jpg\/la-pavoni-macinacaff-c3-a8-jolly-dosato-1.jpg","_links":{"self":[{"href":"https:\/\/dev6.erresse-shop.it\/es\/wp-json\/wp\/v2\/product\/1876792","targetHints":{"allow":["GET"]}}],"collection":[{"href":"https:\/\/dev6.erresse-shop.it\/es\/wp-json\/wp\/v2\/product"}],"about":[{"href":"https:\/\/dev6.erresse-shop.it\/es\/wp-json\/wp\/v2\/types\/product"}],"wp:featuredmedia":[{"embeddable":true,"href":"https:\/\/dev6.erresse-shop.it\/es\/wp-json\/wp\/v2\/media\/6487201"}],"wp:attachment":[{"href":"https:\/\/dev6.erresse-shop.it\/es\/wp-json\/wp\/v2\/media?parent=1876792"}],"wp:term":[{"taxonomy":"product_cat","embeddable":true,"href":"https:\/\/dev6.erresse-shop.it\/es\/wp-json\/wp\/v2\/product_cat?post=1876792"},{"taxonomy":"product_tag","embeddable":true,"href":"https:\/\/dev6.erresse-shop.it\/es\/wp-json\/wp\/v2\/product_tag?post=1876792"}],"curies":[{"name":"wp","href":"https:\/\/api.w.org\/{rel}","templated":true}]}}